{"id":57604,"date":"2026-03-05T16:36:08","date_gmt":"2026-03-05T16:36:08","guid":{"rendered":"https:\/\/www.parkinson.ca\/a-propos-de-nous\/evaluateurs-experts-ayant-une-experience-vecue\/"},"modified":"2026-03-05T16:52:02","modified_gmt":"2026-03-05T16:52:02","slug":"evaluateurs-experts-ayant-une-experience-vecue","status":"publish","type":"page","link":"https:\/\/www.parkinson.ca\/fr\/a-propos-de-nous\/evaluateurs-experts-ayant-une-experience-vecue\/","title":{"rendered":"\u00c9valuateurs experts ayant une exp\u00e9rience v\u00e9cue"},"content":{"rendered":"\n<p>Les \u00e9valuateurs experts ayant une exp\u00e9rience v\u00e9cue sont des b\u00e9n\u00e9voles qui ont une exp\u00e9rience v\u00e9cue de la maladie de Parkinson et qui apportent une perspective unique et pr\u00e9cieuse aux d\u00e9cisions de financement de Parkinson Canada. Ils examinent les \u00e9nonc\u00e9s d&rsquo;impact du projet et d&rsquo;engagement des patients et contribuent \u00e0 hauteur de 10 % de la note globale de la demande, ce qui permet de s&rsquo;assurer que la recherche financ\u00e9e refl\u00e8te les besoins, les priorit\u00e9s et les exp\u00e9riences r\u00e9els des Canadiens touch\u00e9s par la maladie de Parkinson. <\/p>\n\n<div style=\"height:30px\" aria-hidden=\"true\" class=\"wp-block-spacer is-style-responsive-xsmall\"><\/div>\n\n<ul class=\"wp-block-list\">\n<li>Bill Ashton : Winnipeg (Manitoba) <\/li>\n<\/ul>\n\n<ul class=\"wp-block-list\">\n<li>Mona Baumgarten : Montr\u00e9al (Qu\u00e9bec) <\/li>\n<\/ul>\n\n<ul class=\"wp-block-list\">\n<li>Howard Berger : Montr\u00e9al (Qu\u00e9bec) <\/li>\n<\/ul>\n\n<ul class=\"wp-block-list\">\n<li>Grant Burchnall : Red Deer (Alberta) <\/li>\n<\/ul>\n\n<ul class=\"wp-block-list\">\n<li>Andrew Davenport : Vancouver (Colombie-Britannique) <\/li>\n<\/ul>\n\n<ul class=\"wp-block-list\">\n<li>Marla Fine : Toronto (Ontario) <\/li>\n<\/ul>\n\n<ul class=\"wp-block-list\">\n<li>Valerie Fox : Mississauga (Ontario) <\/li>\n<\/ul>\n\n<ul class=\"wp-block-list\">\n<li>Caron Gan : Toronto (Ontario) <\/li>\n<\/ul>\n\n<ul class=\"wp-block-list\">\n<li>Joanne Hill : Golden Lake (Ontario) <\/li>\n<\/ul>\n\n<ul class=\"wp-block-list\">\n<li>Susan Jaglal : Toronto (Ontario) <\/li>\n<\/ul>\n\n<ul class=\"wp-block-list\">\n<li>Karen Marshall : Toronto (Ontario) <\/li>\n<\/ul>\n\n<ul class=\"wp-block-list\">\n<li>Rick Suvanto : Toronto (Ontario) <\/li>\n<\/ul>\n\n<ul class=\"wp-block-list\">\n<li>Mark Taylor : Fredericton (Nouveau-Brunswick) <\/li>\n<\/ul>\n\n<div style=\"height:100px\" aria-hidden=\"true\" class=\"wp-block-spacer\"><\/div>\n","protected":false},"excerpt":{"rendered":"<p>Les \u00e9valuateurs experts ayant une exp\u00e9rience v\u00e9cue sont des b\u00e9n\u00e9voles qui ont une exp\u00e9rience v\u00e9cue de la maladie de Parkinson et qui apportent une perspective unique et pr\u00e9cieuse aux d\u00e9cisions de financement de Parkinson Canada. Ils examinent les \u00e9nonc\u00e9s d&rsquo;impact du projet et d&rsquo;engagement des patients et contribuent \u00e0 hauteur de 10 % de la [&hellip;]<\/p>\n","protected":false},"author":90,"featured_media":49131,"parent":46709,"menu_order":0,"comment_status":"closed","ping_status":"closed","template":"","meta":{"_acf_changed":false,"footnotes":""},"class_list":["post-57604","page","type-page","status-publish","has-post-thumbnail","hentry"],"acf":[],"aioseo_notices":[],"_links":{"self":[{"href":"https:\/\/www.parkinson.ca\/fr\/wp-json\/wp\/v2\/pages\/57604","targetHints":{"allow":["GET"]}}],"collection":[{"href":"https:\/\/www.parkinson.ca\/fr\/wp-json\/wp\/v2\/pages"}],"about":[{"href":"https:\/\/www.parkinson.ca\/fr\/wp-json\/wp\/v2\/types\/page"}],"author":[{"embeddable":true,"href":"https:\/\/www.parkinson.ca\/fr\/wp-json\/wp\/v2\/users\/90"}],"replies":[{"embeddable":true,"href":"https:\/\/www.parkinson.ca\/fr\/wp-json\/wp\/v2\/comments?post=57604"}],"version-history":[{"count":1,"href":"https:\/\/www.parkinson.ca\/fr\/wp-json\/wp\/v2\/pages\/57604\/revisions"}],"predecessor-version":[{"id":57605,"href":"https:\/\/www.parkinson.ca\/fr\/wp-json\/wp\/v2\/pages\/57604\/revisions\/57605"}],"up":[{"embeddable":true,"href":"https:\/\/www.parkinson.ca\/fr\/wp-json\/wp\/v2\/pages\/46709"}],"wp:featuredmedia":[{"embeddable":true,"href":"https:\/\/www.parkinson.ca\/fr\/wp-json\/wp\/v2\/media\/49131"}],"wp:attachment":[{"href":"https:\/\/www.parkinson.ca\/fr\/wp-json\/wp\/v2\/media?parent=57604"}],"curies":[{"name":"wp","href":"https:\/\/api.w.org\/{rel}","templated":true}]}}