{"id":57593,"date":"2026-03-05T16:33:56","date_gmt":"2026-03-05T16:33:56","guid":{"rendered":"https:\/\/www.parkinson.ca\/a-propos-de-nous\/conseil-consultatif-des-stagiaires\/"},"modified":"2026-03-06T21:37:04","modified_gmt":"2026-03-06T21:37:04","slug":"conseil-consultatif-des-stagiaires","status":"publish","type":"page","link":"https:\/\/www.parkinson.ca\/fr\/a-propos-de-nous\/conseil-consultatif-des-stagiaires\/","title":{"rendered":"Conseil consultatif des stagiaires"},"content":{"rendered":"\n<p>Le Conseil consultatif des stagiaires (TAC) est un comit\u00e9 b\u00e9n\u00e9vole de chercheurs en d\u00e9but de carri\u00e8re qui examine les demandes pour le Prix des \u00e9tudiants dipl\u00f4m\u00e9s, la Bourse de recherche postdoctorale, la Bourse de recherche pour cliniciens-scientifiques et la Bourse clinique en troubles du mouvement. Les membres du TAC \u00e9valuent les candidatures selon l\u2019excellence scientifique, le potentiel du candidat et la pertinence pour la recherche sur la maladie de Parkinson, contribuant ainsi \u00e0 un processus d\u2019\u00e9valuation par les pairs rigoureux et objectif. <\/p>\n\n<div style=\"height:30px\" aria-hidden=\"true\" class=\"wp-block-spacer is-style-responsive-xsmall\"><\/div>\n\n<ul class=\"wp-block-list\">\n<li><strong>Dr Maxime Rousseaux<\/strong> (pr\u00e9sident du comit\u00e9) : professeur agr\u00e9g\u00e9, D\u00e9partement de m\u00e9decine cellulaire et mol\u00e9culaire, Facult\u00e9 de m\u00e9decine, Universit\u00e9 d\u2019Ottawa <\/li>\n<\/ul>\n\n<ul class=\"wp-block-list\">\n<li><strong>Dr Janelle Drouin-Ouellet<\/strong> : professeure adjointe, Facult\u00e9 de pharmacie, Universit\u00e9 de Montr\u00e9al <\/li>\n<\/ul>\n\n<ul class=\"wp-block-list\">\n<li><strong>Dr Kaylena Ehgoetz-Martens<\/strong> : professeure agr\u00e9g\u00e9e, kin\u00e9siologie et sciences de la sant\u00e9, Facult\u00e9 de la sant\u00e9, Universit\u00e9 de Waterloo <\/li>\n<\/ul>\n\n<ul class=\"wp-block-list\">\n<li><strong>Dr Sam Fereshtehnejad<\/strong> : professeur adjoint de neurologie, sp\u00e9cialiste des troubles du mouvement, Universit\u00e9 de la Colombie-Britannique <\/li>\n<\/ul>\n\n<ul class=\"wp-block-list\">\n<li><strong>Dr Steven Joza<\/strong> : professeur adjoint, Facult\u00e9 de m\u00e9decine et de dentisterie, D\u00e9partement de m\u00e9decine \u2013 neurologie, Universit\u00e9 de l\u2019Alberta <\/li>\n<\/ul>\n\n<ul class=\"wp-block-list\">\n<li><strong>Dr Alvin Joselin<\/strong> : professeur adjoint de recherche (affili\u00e9), Cumming School of Medicine, Department of Clinical Neurosciences, University of Calgary <\/li>\n<\/ul>\n\n<ul class=\"wp-block-list\">\n<li><strong>Dr Ji Hyun Ko<\/strong> : professeur agr\u00e9g\u00e9, anatomie humaine et biologie cellulaire, Max Rady College of Medicine, Faculty of Health Science, University of Manitoba <\/li>\n<\/ul>\n\n<ul class=\"wp-block-list\">\n<li><strong>Dr Stefan Lang<\/strong> : professeur adjoint clinique, Department of Neurosurgery, Djavad Mowafaghian Centre for Brain Health, University of British Columbia <\/li>\n<\/ul>\n\n<ul class=\"wp-block-list\">\n<li><strong>Dr Paul Marcogliese<\/strong> : professeur adjoint, biochimie et g\u00e9n\u00e9tique m\u00e9dicale, Max Rady College of Medicine, Faculty of Health Sciences, University of Manitoba <\/li>\n<\/ul>\n\n<ul class=\"wp-block-list\">\n<li><strong>Dr Michelle Maxson<\/strong> : professeure adjointe, immunologie, Facult\u00e9 de m\u00e9decine, Universit\u00e9 de Toronto <\/li>\n<\/ul>\n\n<ul class=\"wp-block-list\">\n<li><strong>Dr Jay Penney<\/strong> : professeur agr\u00e9g\u00e9, Department of Biomedical Sciences, Faculty of Veterinary Medicine, University of Prince Edward Island <\/li>\n<\/ul>\n\n<ul class=\"wp-block-list\">\n<li><strong>Dr Jean-Francois Poulin<\/strong> : professeur adjoint, neurosciences, Institut neurologique de Montr\u00e9al, Facult\u00e9 de m\u00e9decine et des sciences de la sant\u00e9, Universit\u00e9 McGill <\/li>\n<\/ul>\n\n<ul class=\"wp-block-list\">\n<li><strong>Dr Shady Rahayel<\/strong> : professeur adjoint de recherche, D\u00e9partement de m\u00e9decine, Universit\u00e9 de Montr\u00e9al <\/li>\n<\/ul>\n\n<ul class=\"wp-block-list\">\n<li><strong>Dr Aurelie de Rus Jacquet<\/strong> : professeure adjointe, D\u00e9partement de psychiatrie et de neurosciences, Facult\u00e9 de m\u00e9decine, Universit\u00e9 Laval <\/li>\n<\/ul>\n\n<ul class=\"wp-block-list\">\n<li><strong>Dr Jo Anne Stratton<\/strong> : professeure adjointe, neurosciences, Institut neurologique de Montr\u00e9al, Facult\u00e9 de m\u00e9decine et des sciences de la sant\u00e9, Universit\u00e9 McGill <\/li>\n<\/ul>\n\n<ul class=\"wp-block-list\">\n<li><strong>Dr Naomi Visanji<\/strong> : professeure adjointe, Department of Laboratory Medicine and Pathobiology, Faculty of Medicine, University of Toronto <\/li>\n<\/ul>\n\n<ul class=\"wp-block-list\">\n<li><strong>Dr Daryl Wile<\/strong> : professeur agr\u00e9g\u00e9 clinique, neurologue sp\u00e9cialis\u00e9 en troubles du mouvement, Universit\u00e9 de la Colombie-Britannique <\/li>\n<\/ul>\n\n<ul class=\"wp-block-list\">\n<li><strong>Dr Luka Milosevic<\/strong> : professeur adjoint, Institute of Medical Sciences, Universit\u00e9 de Toronto, chercheur affili\u00e9, Krembil Research Institute, UHN<\/li>\n<\/ul>\n\n<div style=\"height:100px\" aria-hidden=\"true\" class=\"wp-block-spacer\"><\/div>\n","protected":false},"excerpt":{"rendered":"<p>Le Conseil consultatif des stagiaires (TAC) est un comit\u00e9 b\u00e9n\u00e9vole de chercheurs en d\u00e9but de carri\u00e8re qui examine les demandes pour le Prix des \u00e9tudiants dipl\u00f4m\u00e9s, la Bourse de recherche postdoctorale, la Bourse de recherche pour cliniciens-scientifiques et la Bourse clinique en troubles du mouvement. Les membres du TAC \u00e9valuent les candidatures selon l\u2019excellence scientifique, [&hellip;]<\/p>\n","protected":false},"author":90,"featured_media":49131,"parent":46709,"menu_order":0,"comment_status":"closed","ping_status":"closed","template":"","meta":{"_acf_changed":false,"footnotes":""},"class_list":["post-57593","page","type-page","status-publish","has-post-thumbnail","hentry"],"acf":[],"aioseo_notices":[],"_links":{"self":[{"href":"https:\/\/www.parkinson.ca\/fr\/wp-json\/wp\/v2\/pages\/57593","targetHints":{"allow":["GET"]}}],"collection":[{"href":"https:\/\/www.parkinson.ca\/fr\/wp-json\/wp\/v2\/pages"}],"about":[{"href":"https:\/\/www.parkinson.ca\/fr\/wp-json\/wp\/v2\/types\/page"}],"author":[{"embeddable":true,"href":"https:\/\/www.parkinson.ca\/fr\/wp-json\/wp\/v2\/users\/90"}],"replies":[{"embeddable":true,"href":"https:\/\/www.parkinson.ca\/fr\/wp-json\/wp\/v2\/comments?post=57593"}],"version-history":[{"count":2,"href":"https:\/\/www.parkinson.ca\/fr\/wp-json\/wp\/v2\/pages\/57593\/revisions"}],"predecessor-version":[{"id":57726,"href":"https:\/\/www.parkinson.ca\/fr\/wp-json\/wp\/v2\/pages\/57593\/revisions\/57726"}],"up":[{"embeddable":true,"href":"https:\/\/www.parkinson.ca\/fr\/wp-json\/wp\/v2\/pages\/46709"}],"wp:featuredmedia":[{"embeddable":true,"href":"https:\/\/www.parkinson.ca\/fr\/wp-json\/wp\/v2\/media\/49131"}],"wp:attachment":[{"href":"https:\/\/www.parkinson.ca\/fr\/wp-json\/wp\/v2\/media?parent=57593"}],"curies":[{"name":"wp","href":"https:\/\/api.w.org\/{rel}","templated":true}]}}