{"id":57564,"date":"2026-03-05T18:50:39","date_gmt":"2026-03-05T18:50:39","guid":{"rendered":"https:\/\/www.parkinson.ca\/?page_id=57564"},"modified":"2026-03-05T21:16:48","modified_gmt":"2026-03-05T21:16:48","slug":"concours-de-recherche-2026","status":"publish","type":"page","link":"https:\/\/www.parkinson.ca\/fr\/recherche\/recherche-financee\/concours-de-recherche-2026\/","title":{"rendered":"Concours de recherche 2026"},"content":{"rendered":"\n<div class=\"wp-block-cover\"><img loading=\"lazy\" decoding=\"async\" width=\"1920\" height=\"1080\" class=\"wp-block-cover__image-background wp-image-50559\" alt=\"\" src=\"https:\/\/www.parkinson.ca\/wp-content\/uploads\/2025\/03\/Parkinson-Canada-announces-over-2-million-awarded-in-2025-research-competition-funding-.png\" data-object-fit=\"cover\" srcset=\"https:\/\/www.parkinson.ca\/wp-content\/uploads\/2025\/03\/Parkinson-Canada-announces-over-2-million-awarded-in-2025-research-competition-funding-.png 1920w, https:\/\/www.parkinson.ca\/wp-content\/uploads\/2025\/03\/Parkinson-Canada-announces-over-2-million-awarded-in-2025-research-competition-funding--300x169.png 300w, https:\/\/www.parkinson.ca\/wp-content\/uploads\/2025\/03\/Parkinson-Canada-announces-over-2-million-awarded-in-2025-research-competition-funding--1024x576.png 1024w, https:\/\/www.parkinson.ca\/wp-content\/uploads\/2025\/03\/Parkinson-Canada-announces-over-2-million-awarded-in-2025-research-competition-funding--768x432.png 768w, https:\/\/www.parkinson.ca\/wp-content\/uploads\/2025\/03\/Parkinson-Canada-announces-over-2-million-awarded-in-2025-research-competition-funding--426x240.png 426w\" sizes=\"auto, (max-width: 1920px) 100vw, 1920px\" \/><span aria-hidden=\"true\" class=\"wp-block-cover__background has-background-dim\" style=\"background-color:#263b7f\"><\/span><div class=\"wp-block-cover__inner-container is-layout-constrained wp-block-cover-is-layout-constrained\">\n<p class=\"has-text-align-center has-xxlarge-font-size\"><strong>Parkinson Canada annonce l&rsquo;octroi de plus de 2,6 millions de dollars dans le cadre du concours de financement de la recherche 2026<\/strong>.<\/p>\n<\/div><\/div>\n\n\n\n<div style=\"height:100px\" aria-hidden=\"true\" class=\"wp-block-spacer is-style-responsive-small\"><\/div>\n\n\n\n<div class=\"wp-block-group is-layout-constrained wp-container-core-group-is-layout-990f8f10 wp-block-group-is-layout-constrained\">\n<p class=\"has-medium-font-size\">Parkinson Canada tient \u00e0 f\u00e9liciter les candidats qui ont obtenu un financement dans le cadre de notre dernier concours de recherche et \u00e0 saluer le travail acharn\u00e9 et le d\u00e9vouement de tous nos candidats \u00e0 la recherche sur la maladie de Parkinson.<br><br>Cette ann\u00e9e, un montant record de plus de 2,6 millions de dollars a \u00e9t\u00e9 approuv\u00e9 pour 33 subventions de recherche et bourses de recherche. Ces projets financ\u00e9s contribueront au d\u00e9veloppement de nouvelles techniques et de nouveaux biomarqueurs pour d\u00e9tecter la maladie de Parkinson, \u00e0 l&rsquo;essai de nouveaux m\u00e9dicaments et de nouvelles th\u00e9rapies pour ralentir ou stopper la progression de la maladie, et fourniront un soutien crucial \u00e0 la formation afin d&rsquo;augmenter le nombre de chercheurs et de m\u00e9decins sp\u00e9cialis\u00e9s dans la maladie de Parkinson \u00e0 travers le pays.<\/p>\n\n\n\n<p class=\"has-medium-font-size\">Nous sommes impatients de poursuivre notre collaboration avec la communaut\u00e9 exceptionnelle des chercheurs sur la maladie de Parkinson \u00e0 travers le Canada et nous sommes ravis de d\u00e9couvrir les nouvelles candidatures lors du prochain concours de 2027.<\/p>\n<\/div>\n\n\n\n<div style=\"height:100px\" aria-hidden=\"true\" class=\"wp-block-spacer is-style-responsive-small\"><\/div>\n\n\n\n<p>Sur cette page :<\/p>\n\n\n\n<ul class=\"wp-block-list\">\n<li><a href=\"#Pilot-Project\" title=\"Subventions pour des projets pilotes&nbsp;\">Subventions pour projets pilotes<\/a><\/li>\n\n\n\n<li><a href=\"#Postdoctoral-Research\" title=\"Bourses de recherche postdoctorale&nbsp;\">Bourses pour nouveaux chercheurs<\/a><\/li>\n\n\n\n<li><a href=\"#Graduate-Student\" title=\"\">Bourses de recherche clinique sur les troubles du mouvement<\/a><\/li>\n\n\n\n<li><a href=\"#New-Investigator\" title=\"Bourses pour nouveaux chercheurs\">Bourses de recherche pour cliniciens-chercheurs<\/a><\/li>\n\n\n\n<li><a href=\"#Clinical-Movement\" title=\"Bourse de recherche sur les troubles du mouvement&nbsp;\">Bourses de recherche postdoctorale<\/a><\/li>\n\n\n\n<li><a href=\"#Graduate-awards\" title=\"\">Bourses pour&nbsp;\u00e9tudiants&nbsp;sup\u00e9rieures<\/a><\/li>\n<\/ul>\n\n\n\n<div style=\"height:100px\" aria-hidden=\"true\" class=\"wp-block-spacer\"><\/div>\n\n\n\n<div class=\"wp-block-group has-grey-background-color has-background is-layout-constrained wp-block-group-is-layout-constrained\">\n<h2 class=\"wp-block-heading\" id=\"Pilot-Project\"><strong>Subventions pour projets pilotes<\/strong><\/h2>\n\n\n\n<p><em><strong><em>599 500 $ en financement de recherche r\u00e9partis entre 8 projets<\/em><\/strong>&nbsp;<\/em><\/p>\n\n\n\n<div style=\"height:100px\" aria-hidden=\"true\" class=\"wp-block-spacer is-style-responsive-xsmall\"><\/div>\n\n\n\n<p><strong>Dr Christiane Auray-Blais<\/strong>&nbsp;(Universit\u00e9&nbsp;de Sherbrooke)&nbsp;<\/p>\n\n\n\n<p>D\u00e9couverte de biomarqueurs pour la maladie de Parkinson&nbsp;\u00e0&nbsp;l&rsquo;aide d&rsquo;approches&nbsp;lipidomiques&nbsp;et m\u00e9taboliques non cibl\u00e9es&nbsp;<\/p>\n\n\n\n<p>75 000 $&nbsp;<\/p>\n\n\n\n<div style=\"height:100px\" aria-hidden=\"true\" class=\"wp-block-spacer is-style-responsive-xsmall\"><\/div>\n\n\n\n<p><strong>Dr Mark Brandon et Dr&nbsp;Stephanie&nbsp;Tullo<\/strong>&nbsp;(Institut universitaire en sant\u00e9&nbsp;mentale Douglas)&nbsp;<\/p>\n\n\n\n<p>\u00c9valuation pr\u00e9clinique du modulateur du r\u00e9cepteur de la neurotrophine p75 LM11A-31 dans le traitement des&nbsp;synucl\u00e9inopathies&nbsp;&nbsp;<\/p>\n\n\n\n<p>75 000 $&nbsp;<\/p>\n\n\n\n<div style=\"height:100px\" aria-hidden=\"true\" class=\"wp-block-spacer is-style-responsive-xsmall\"><\/div>\n\n\n\n<p><strong>Dr&nbsp;Therese&nbsp;Di Paolo<\/strong>&nbsp;(Universit\u00e9&nbsp;Laval)&nbsp;<\/p>\n\n\n\n<p>M\u00e9dicaments&nbsp;\u0153strog\u00e9niques pour le traitement symptomatique dans un mod\u00e8le simien f\u00e9minin de la maladie de Parkinson&nbsp;<\/p>\n\n\n\n<p>74 500 $&nbsp;<\/p>\n\n\n\n<div style=\"height:100px\" aria-hidden=\"true\" class=\"wp-block-spacer is-style-responsive-xsmall\"><\/div>\n\n\n\n<p><strong>Dr Thomas&nbsp;Durcan<\/strong>&nbsp;(Universit\u00e9&nbsp;McGill)&nbsp;<\/p>\n\n\n\n<p>Exploration du r\u00f4le de l&rsquo;HEXA dans le d\u00e9veloppement et la fonction des oligodendrocytes dans l&rsquo;atrophie&nbsp;multisyst\u00e9matis\u00e9e&nbsp;<\/p>\n\n\n\n<p>75 000 $&nbsp;<\/p>\n\n\n\n<div style=\"height:100px\" aria-hidden=\"true\" class=\"wp-block-spacer is-style-responsive-xsmall\"><\/div>\n\n\n\n<p><strong>Dr Caroline Menard<\/strong>&nbsp;(Universit\u00e9&nbsp;Laval)&nbsp;<\/p>\n\n\n\n<p>Adaptations neurovasculaires induites par le stress dans la maladie de Parkinson : implications pour la sant\u00e9&nbsp;mentale&nbsp;<\/p>\n\n\n\n<p>75 000 $&nbsp;<\/p>\n\n\n\n<div style=\"height:100px\" aria-hidden=\"true\" class=\"wp-block-spacer is-style-responsive-xsmall\"><\/div>\n\n\n\n<p><strong>Dr Jason Neva<\/strong>&nbsp;(Universit\u00e9&nbsp;de Montr\u00e9al)&nbsp;<\/p>\n\n\n\n<p>La neuroplasticit\u00e9&nbsp;induite par l&rsquo;exercice comme moyen d&rsquo;am\u00e9liorer l&rsquo;apprentissage moteur dans la maladie de Parkinson&nbsp;<\/p>\n\n\n\n<p>75 000 $&nbsp;<\/p>\n\n\n\n<div style=\"height:100px\" aria-hidden=\"true\" class=\"wp-block-spacer is-style-responsive-xsmall\"><\/div>\n\n\n\n<p><strong>Dr Stephen Pasternak<\/strong>&nbsp;(Universit\u00e9&nbsp;Western)&nbsp;<\/p>\n\n\n\n<p>\u00c9tude du trafic lysosomal pour expliquer la pathologie de l&rsquo;alpha-synucl\u00e9ine induite par la b\u00eata-amylo\u00efde&nbsp;<\/p>\n\n\n\n<p>75 000 $&nbsp;<\/p>\n\n\n\n<div style=\"height:100px\" aria-hidden=\"true\" class=\"wp-block-spacer is-style-responsive-xsmall\"><\/div>\n\n\n\n<p><strong>Dr Jean-Fran\u00e7ois Poulin<\/strong>&nbsp;(Universit\u00e9&nbsp;McGill)&nbsp;<\/p>\n\n\n\n<p>D\u00e9couverte d&rsquo;activateurs sp\u00e9cifiques des sous-types dopaminergiques pour une th\u00e9rapie g\u00e9nique de pr\u00e9cision dans la maladie de Parkinson&nbsp;<\/p>\n\n\n\n<p>75 000 $&nbsp;<\/p>\n<\/div>\n\n\n\n<div style=\"height:100px\" aria-hidden=\"true\" class=\"wp-block-spacer\"><\/div>\n\n\n\n<div id=\"Postdoctoral-Research\" class=\"wp-block-group has-grey-background-color has-background is-layout-constrained wp-block-group-is-layout-constrained\">\n<h2 class=\"wp-block-heading\"><strong>Bourses pour nouveaux chercheurs<\/strong><\/h2>\n\n\n\n<p><strong><em>270 000 $ en financement de recherche r\u00e9partis entre deux projets<\/em><\/strong>&nbsp;<\/p>\n\n\n\n<div style=\"height:100px\" aria-hidden=\"true\" class=\"wp-block-spacer is-style-responsive-xsmall\"><\/div>\n\n\n\n<p><strong>Dr Stephen&nbsp;Joza<\/strong>&nbsp;(Universit\u00e9&nbsp;de l&rsquo;Alberta)&nbsp;&nbsp;<\/p>\n\n\n\n<p>\u00c9lucider les r\u00f4les de la dysautonomie nocturne, des troubles du sommeil et de l&rsquo;alt\u00e9ration du syst\u00e8me glymphatique dans la maladie de Parkinson.&nbsp;<\/p>\n\n\n\n<p>135 000 $&nbsp;<\/p>\n\n\n\n<div style=\"height:100px\" aria-hidden=\"true\" class=\"wp-block-spacer is-style-responsive-xsmall\"><\/div>\n\n\n\n<p><strong>Dr&nbsp;Eric&nbsp;Noyes<\/strong>&nbsp;(Universit\u00e9&nbsp;de la Saskatchewan)&nbsp;<\/p>\n\n\n\n<p>Surveillance pr\u00e9coce des changements de connectivit\u00e9&nbsp;c\u00e9r\u00e9brale dans la maladie de Parkinson lors de la conversion d&rsquo;hallucinations mineures en psychose et d\u00e9mence.&nbsp;<\/p>\n\n\n\n<p>135 000 $&nbsp;<\/p>\n<\/div>\n\n\n\n<div style=\"height:100px\" aria-hidden=\"true\" class=\"wp-block-spacer is-style-responsive-small\"><\/div>\n\n\n\n<div id=\"Graduate-Student\" class=\"wp-block-group has-grey-background-color has-background is-layout-constrained wp-block-group-is-layout-constrained\">\n<h2 class=\"wp-block-heading\"><strong>Bourses de recherche clinique sur les troubles du mouvement&nbsp;<\/strong><\/h2>\n\n\n\n<p><strong><em><strong><em>385 000 $ r\u00e9partis entre 5 bourses<\/em><\/strong>\u00a0<\/em><\/strong><\/p>\n\n\n\n<div style=\"height:30px\" aria-hidden=\"true\" class=\"wp-block-spacer is-style-responsive-xsmall\"><\/div>\n\n\n\n<p><strong>Dr Sarah&nbsp;Bouhadoun<\/strong>&nbsp;(Universit\u00e9&nbsp;de Toronto)&nbsp;<\/p>\n\n\n\n<p>Formation clinique&nbsp;\u00e0&nbsp;la clinique des troubles du mouvement de l&rsquo;h\u00f4pital Toronto Western&nbsp;<\/p>\n\n\n\n<p>75 000 $&nbsp;<\/p>\n\n\n\n<div style=\"height:100px\" aria-hidden=\"true\" class=\"wp-block-spacer is-style-responsive-xsmall\"><\/div>\n\n\n\n<p><strong>Dr Bashir Daud Shah&nbsp;<\/strong>(Universit\u00e9&nbsp;de Saskatchewan)&nbsp;<\/p>\n\n\n\n<p>Formation clinique au programme des troubles du mouvement de la Saskatchewan&nbsp;<\/p>\n\n\n\n<p>75 000 $&nbsp;<\/p>\n\n\n\n<div style=\"height:100px\" aria-hidden=\"true\" class=\"wp-block-spacer is-style-responsive-xsmall\"><\/div>\n\n\n\n<p><strong>Dr&nbsp;Blanche&nbsp;Perraud<\/strong>&nbsp;(University College London)&nbsp;<\/p>\n\n\n\n<p><em><em>Financ\u00e9 en partenariat avec la <a href=\"https:\/\/www.huntingtonsociety.ca\/language\/fr\/\" target=\"_blank\" rel=\"noopener\" title=\"Soci\u00e9t\u00e9 Huntington du Canada\">Soci\u00e9t\u00e9 Huntington du Canada<\/a> et la <a href=\"https:\/\/dystoniacanada.org\/fr\/node\/1750\" target=\"_blank\" rel=\"noopener\" title=\"Fondation de Recherche M\u00e9dicale sur la Dystonie Canada\">Fondation de Recherche M\u00e9dicale sur la Dystonie Canada<\/a><\/em><\/em><\/p>\n\n\n\n<p>Formation clinique&nbsp;\u00e0&nbsp;l&rsquo;H\u00f4pital national de neurologie et de neurochirurgie&nbsp;<\/p>\n\n\n\n<p>75 000 $&nbsp;<\/p>\n\n\n\n<div style=\"height:100px\" aria-hidden=\"true\" class=\"wp-block-spacer is-style-responsive-xsmall\"><\/div>\n\n\n\n<p><strong>Dr Lina Paolo&nbsp;Quintera&nbsp;Giraldo<\/strong>&nbsp;(Universit\u00e9&nbsp;de la Colombie-Britannique)&nbsp;<\/p>\n\n\n\n<p>Formation clinique&nbsp;\u00e0&nbsp;la clinique des troubles du mouvement de l&rsquo;Universit\u00e9&nbsp;de la Colombie-Britannique&nbsp;<\/p>\n\n\n\n<p>75 000 $&nbsp;<\/p>\n\n\n\n<div style=\"height:100px\" aria-hidden=\"true\" class=\"wp-block-spacer is-style-responsive-xsmall\"><\/div>\n\n\n\n<p><strong>Dr&nbsp;Emma Woo<\/strong>&nbsp;(Universit\u00e9&nbsp;de Calgary)&nbsp;<\/p>\n\n\n\n<p><em>Financ\u00e9 en partenariat avec la <a href=\"https:\/\/www.huntingtonsociety.ca\/language\/fr\/\" target=\"_blank\" rel=\"noopener\" title=\"Soci\u00e9t\u00e9 Huntington du Canada\">Soci\u00e9t\u00e9 Huntington du Canada<\/a> et la <a href=\"https:\/\/dystoniacanada.org\/fr\/node\/1750\" target=\"_blank\" rel=\"noopener\" title=\"Fondation de Recherche M\u00e9dicale sur la Dystonie Canada\">Fondation de Recherche M\u00e9dicale sur la Dystonie Canada<\/a><\/em><\/p>\n\n\n\n<p>Formation clinique au programme sur les troubles du mouvement de l&rsquo;Universit\u00e9&nbsp;de Calgary&nbsp;<\/p>\n\n\n\n<p>75 000 $&nbsp;<\/p>\n<\/div>\n\n\n\n<div style=\"height:100px\" aria-hidden=\"true\" class=\"wp-block-spacer is-style-responsive-small\"><\/div>\n\n\n\n<div id=\"New-Investigator\" class=\"wp-block-group has-grey-background-color has-background is-layout-constrained wp-block-group-is-layout-constrained\">\n<h2 class=\"wp-block-heading\"><strong>Bourses de recherche pour cliniciens-chercheurs <\/strong><\/h2>\n\n\n\n<p><strong><em><strong><em>550 000 $ en financement r\u00e9partis entre 4 bourses<\/em><\/strong>&nbsp;<\/em><\/strong><\/p>\n\n\n\n<div style=\"height:100px\" aria-hidden=\"true\" class=\"wp-block-spacer is-style-responsive-xsmall\"><\/div>\n\n\n\n<p><strong>Dr David Bergeron<\/strong>&nbsp;(Centre hospitalier universitaire vaudois&nbsp;\u2013&nbsp;Suisse)&nbsp;<\/p>\n\n\n\n<p>M\u00e9canismes des troubles de la marche et de l&rsquo;\u00e9quilibre dans la maladie de Parkinson&nbsp;<\/p>\n\n\n\n<p>150 000 $&nbsp;<\/p>\n\n\n\n<div style=\"height:100px\" aria-hidden=\"true\" class=\"wp-block-spacer is-style-responsive-xsmall\"><\/div>\n\n\n\n<p><strong>Dr Irene&nbsp;Harmsen<\/strong>&nbsp;(Universit\u00e9&nbsp;de l&rsquo;Alberta)&nbsp;<\/p>\n\n\n\n<p>Cartographie quantitative de la susceptibilit\u00e9&nbsp;des d\u00e9p\u00f4ts de fer dans les noyaux des ganglions de la base comme pr\u00e9dicteurs des r\u00e9sultats de la stimulation c\u00e9r\u00e9brale profonde dans la maladie de Parkinson&nbsp;<\/p>\n\n\n\n<p>150 000 $&nbsp;<\/p>\n\n\n\n<div style=\"height:100px\" aria-hidden=\"true\" class=\"wp-block-spacer is-style-responsive-xsmall\"><\/div>\n\n\n\n<p><strong>Dr Gabriel&nbsp;Monsalve<\/strong>&nbsp;(R\u00e9seau universitaire de sant\u00e9)&nbsp;<\/p>\n\n\n\n<p>Variations r\u00e9gionales de la pr\u00e9valence de la maladie de Parkinson chez les femmes en Ontario : analyse comparative de l&rsquo;acc\u00e8s aux soins de sant\u00e9&nbsp;et des facteurs environnementaux&nbsp;<\/p>\n\n\n\n<p>150 000 $&nbsp;<\/p>\n\n\n\n<div style=\"height:100px\" aria-hidden=\"true\" class=\"wp-block-spacer is-style-responsive-xsmall\"><\/div>\n\n\n\n<p><strong>Dr Konstantin&nbsp;Senkevich<\/strong>&nbsp;(Universit\u00e9&nbsp;McGill)&nbsp;<\/p>\n\n\n\n<p>Cartographie de l&rsquo;association g\u00e9n\u00e9tique entre la r\u00e9gion de d\u00e9l\u00e9tion 22q11.2 et la maladie de Parkinson.&nbsp;<\/p>\n\n\n\n<p>100 000 $&nbsp;<\/p>\n<\/div>\n\n\n\n<div style=\"height:100px\" aria-hidden=\"true\" class=\"wp-block-spacer is-style-responsive-small\"><\/div>\n\n\n\n<div class=\"wp-block-group has-grey-background-color has-background is-layout-constrained wp-block-group-is-layout-constrained\">\n<h2 class=\"wp-block-heading\" id=\"Clinical-Movement\"><strong>Bourses de recherche postdoctorale <\/strong><\/h2>\n\n\n\n<p><strong><em><strong><em>540 000 $ en financement r\u00e9partis entre 6 bourses<\/em><\/strong><\/em><\/strong><\/p>\n\n\n\n<div style=\"height:100px\" aria-hidden=\"true\" class=\"wp-block-spacer is-style-responsive-xsmall\"><\/div>\n\n\n\n<p><strong>Dr Floriane&nbsp;Bretheau<\/strong>&nbsp;(Universit\u00e9&nbsp;Laval)&nbsp;<\/p>\n\n\n\n<p>Cibler l&rsquo;axe immunitaire h\u00e9mato-enc\u00e9phalique pour pr\u00e9venir la diss\u00e9mination et la progression de la maladie de Parkinson&nbsp;<\/p>\n\n\n\n<p>90 000 $&nbsp;<\/p>\n\n\n\n<div style=\"height:100px\" aria-hidden=\"true\" class=\"wp-block-spacer is-style-responsive-xsmall\"><\/div>\n\n\n\n<p><strong>Dr Matthew&nbsp;Demmings<\/strong>&nbsp;(Universit\u00e9&nbsp;Duke)&nbsp;<\/p>\n\n\n\n<p>D\u00e9tection astrocytaire de la dopamine : nouveaux m\u00e9canismes pour prot\u00e9ger les synapses nigrostriatales vuln\u00e9rables dans la maladie de Parkinson&nbsp;<\/p>\n\n\n\n<p>90 000 $&nbsp;<\/p>\n\n\n\n<div style=\"height:100px\" aria-hidden=\"true\" class=\"wp-block-spacer is-style-responsive-xsmall\"><\/div>\n\n\n\n<p><strong>Dr Erika Howe<\/strong>&nbsp;(Universit\u00e9&nbsp;de Waterloo)&nbsp;<\/p>\n\n\n\n<p>\u00c0&nbsp;partir de z\u00e9ro : am\u00e9liorer la sensation au niveau des pieds pour am\u00e9liorer la mobilit\u00e9&nbsp;et r\u00e9duire le gel de la marche dans la maladie de Parkinson.&nbsp;<\/p>\n\n\n\n<p>90 000 $&nbsp;<\/p>\n\n\n\n<div style=\"height:100px\" aria-hidden=\"true\" class=\"wp-block-spacer is-style-responsive-xsmall\"><\/div>\n\n\n\n<p><strong>Dr&nbsp;Soraya Lahlou<\/strong>&nbsp;(Universit\u00e9&nbsp;de Montr\u00e9al)&nbsp;<\/p>\n\n\n\n<p>Le dysfonctionnement glymphatique dans l&rsquo;iRBD&nbsp;comme biomarqueur pr\u00e9coce de la maladie de Parkinson et des d\u00e9mences apparent\u00e9es.&nbsp;<\/p>\n\n\n\n<p>90 000 $ &nbsp;<\/p>\n\n\n\n<div style=\"height:100px\" aria-hidden=\"true\" class=\"wp-block-spacer is-style-responsive-xsmall\"><\/div>\n\n\n\n<p><strong>Dr Anna&nbsp;Matsulevits<\/strong>&nbsp;(Institut universitaire en sant\u00e9&nbsp;mentale Douglas)&nbsp;<\/p>\n\n\n\n<p>La neurod\u00e9g\u00e9n\u00e9rescence en mouvement : gradients&nbsp;microstructurels&nbsp;pour le diagnostic pr\u00e9coce de la maladie de Parkinson.&nbsp;<\/p>\n\n\n\n<p>90 000 $&nbsp;<\/p>\n\n\n\n<div style=\"height:100px\" aria-hidden=\"true\" class=\"wp-block-spacer is-style-responsive-xsmall\"><\/div>\n\n\n\n<p><strong>Dr Donovan McDonald<\/strong>&nbsp;(Universit\u00e9&nbsp;d&rsquo;Ottawa)&nbsp;&nbsp;<\/p>\n\n\n\n<p>L&rsquo;inhibition pharmacologique de la CDK14 r\u00e9duit la propagation de l&rsquo;alpha-synucl\u00e9ine.&nbsp;<\/p>\n\n\n\n<p>90 000 $&nbsp;<\/p>\n<\/div>\n\n\n\n<div style=\"height:100px\" aria-hidden=\"true\" class=\"wp-block-spacer is-style-responsive-small\"><\/div>\n\n\n\n<div class=\"wp-block-group has-grey-background-color has-background is-layout-constrained wp-block-group-is-layout-constrained\">\n<h2 class=\"wp-block-heading\" id=\"Graduate-awards\"><strong>Bourses pour&nbsp;\u00e9tudiants&nbsp;sup\u00e9rieures  <\/strong><\/h2>\n\n\n\n<p><strong><em><strong><em>320 000 $ en financement r\u00e9partis entre 8 bourses<\/em><\/strong>&nbsp;<\/em><\/strong><\/p>\n\n\n\n<div style=\"height:100px\" aria-hidden=\"true\" class=\"wp-block-spacer is-style-responsive-xsmall\"><\/div>\n\n\n\n<p><strong>Oceane&nbsp;Arevalo<\/strong>&nbsp;(Universit\u00e9&nbsp;Laval)&nbsp;<\/p>\n\n\n\n<p>\u00c9tude de l&rsquo;influence des v\u00e9sicules extracellulaires d\u00e9riv\u00e9es d&rsquo;astrocytes r\u00e9actifs sur la fonction de la barri\u00e8re h\u00e9mato-enc\u00e9phalique dans la maladie de Parkinson.&nbsp;<\/p>\n\n\n\n<p>40 000 $&nbsp;<\/p>\n\n\n\n<div style=\"height:100px\" aria-hidden=\"true\" class=\"wp-block-spacer is-style-responsive-xsmall\"><\/div>\n\n\n\n<p><strong>Marie Filiatrault<\/strong>&nbsp;(Universit\u00e9&nbsp;de Montr\u00e9al)&nbsp;<\/p>\n\n\n\n<p>\u00c9tude d&rsquo;imagerie transcriptomique de l&rsquo;effet du sexe sur la neurod\u00e9g\u00e9n\u00e9rescence associ\u00e9e au trouble isol\u00e9&nbsp;du comportement en sommeil paradoxal.&nbsp;<\/p>\n\n\n\n<p>40 000 $&nbsp;<\/p>\n\n\n\n<div style=\"height:100px\" aria-hidden=\"true\" class=\"wp-block-spacer is-style-responsive-xsmall\"><\/div>\n\n\n\n<p><strong>Solene&nbsp;Guenot<\/strong>&nbsp;(Universit\u00e9&nbsp;Laval)&nbsp;<\/p>\n\n\n\n<p>Cibler la prot\u00e9ine Tau par th\u00e9rapie g\u00e9nique pour le traitement de la maladie de Parkinson.&nbsp;<\/p>\n\n\n\n<p>40 000 $&nbsp;<\/p>\n\n\n\n<div style=\"height:100px\" aria-hidden=\"true\" class=\"wp-block-spacer is-style-responsive-xsmall\"><\/div>\n\n\n\n<p><strong>Luca Lazzari<\/strong>&nbsp;(Universit\u00e9&nbsp;McGill)&nbsp;<\/p>\n\n\n\n<p>Comprendre le r\u00f4le de l&rsquo;ARNm PINK1 dans le contr\u00f4le de la qualit\u00e9&nbsp;mitochondriale et la maladie de Parkinson.&nbsp;<\/p>\n\n\n\n<p>40 000 $&nbsp;<\/p>\n\n\n\n<div style=\"height:100px\" aria-hidden=\"true\" class=\"wp-block-spacer is-style-responsive-xsmall\"><\/div>\n\n\n\n<p><strong>Laura&nbsp;Menegatti&nbsp;Bevilacqua<\/strong>&nbsp;(Universit\u00e9&nbsp;Laval)&nbsp;<\/p>\n\n\n\n<p>Adaptations neurovasculaires induites par le stress dans la maladie de Parkinson : implications pour la sant\u00e9&nbsp;mentale.&nbsp;<\/p>\n\n\n\n<p>40 000 $&nbsp;<\/p>\n\n\n\n<div style=\"height:100px\" aria-hidden=\"true\" class=\"wp-block-spacer is-style-responsive-xsmall\"><\/div>\n\n\n\n<p><strong>Cyrille&nbsp;Mvomo<\/strong>&nbsp;(Universit\u00e9&nbsp;McGill)&nbsp;<\/p>\n\n\n\n<p>Exploration des circuits moteurs du cerveau pour l&rsquo;identification de biomarqueurs num\u00e9riques du d\u00e9clin de la mobilit\u00e9&nbsp;dans la maladie de Parkinson.&nbsp;<\/p>\n\n\n\n<p>40 000 $&nbsp;<\/p>\n\n\n\n<div style=\"height:100px\" aria-hidden=\"true\" class=\"wp-block-spacer is-style-responsive-xsmall\"><\/div>\n\n\n\n<p><strong>Ben Nguyen<\/strong>&nbsp;(Universit\u00e9&nbsp;d&rsquo;Ottawa)&nbsp;&nbsp;<\/p>\n\n\n\n<p>40 000 $&nbsp;<\/p>\n\n\n\n<div style=\"height:100px\" aria-hidden=\"true\" class=\"wp-block-spacer is-style-responsive-xsmall\"><\/div>\n\n\n\n<p><strong>Donovan&nbsp;Worrall<\/strong>&nbsp;(Universit\u00e9&nbsp;McGill)&nbsp;&nbsp;<\/p>\n\n\n\n<p>La perte de CIC-3 perturbe la fonction lysosomale et favorise la pathologie de l&rsquo;alpha-synucl\u00e9ine dans la maladie de Parkinson.&nbsp;<\/p>\n\n\n\n<p>40 000 $&nbsp;<\/p>\n<\/div>\n\n\n\n<div style=\"height:100px\" aria-hidden=\"true\" class=\"wp-block-spacer\"><\/div>\n","protected":false},"excerpt":{"rendered":"<p>Parkinson Canada tient \u00e0 f\u00e9liciter les candidats qui ont obtenu un financement dans le cadre de notre dernier concours de recherche et \u00e0 saluer le travail acharn\u00e9 et le d\u00e9vouement de tous nos candidats \u00e0 la recherche sur la maladie de Parkinson. Cette ann\u00e9e, un montant record de plus de 2,6 millions de dollars a [&hellip;]<\/p>\n","protected":false},"author":180,"featured_media":49131,"parent":50582,"menu_order":0,"comment_status":"closed","ping_status":"closed","template":"","meta":{"_acf_changed":false,"footnotes":""},"class_list":["post-57564","page","type-page","status-publish","has-post-thumbnail","hentry"],"acf":[],"aioseo_notices":[],"_links":{"self":[{"href":"https:\/\/www.parkinson.ca\/fr\/wp-json\/wp\/v2\/pages\/57564","targetHints":{"allow":["GET"]}}],"collection":[{"href":"https:\/\/www.parkinson.ca\/fr\/wp-json\/wp\/v2\/pages"}],"about":[{"href":"https:\/\/www.parkinson.ca\/fr\/wp-json\/wp\/v2\/types\/page"}],"author":[{"embeddable":true,"href":"https:\/\/www.parkinson.ca\/fr\/wp-json\/wp\/v2\/users\/180"}],"replies":[{"embeddable":true,"href":"https:\/\/www.parkinson.ca\/fr\/wp-json\/wp\/v2\/comments?post=57564"}],"version-history":[{"count":5,"href":"https:\/\/www.parkinson.ca\/fr\/wp-json\/wp\/v2\/pages\/57564\/revisions"}],"predecessor-version":[{"id":57684,"href":"https:\/\/www.parkinson.ca\/fr\/wp-json\/wp\/v2\/pages\/57564\/revisions\/57684"}],"up":[{"embeddable":true,"href":"https:\/\/www.parkinson.ca\/fr\/wp-json\/wp\/v2\/pages\/50582"}],"wp:featuredmedia":[{"embeddable":true,"href":"https:\/\/www.parkinson.ca\/fr\/wp-json\/wp\/v2\/media\/49131"}],"wp:attachment":[{"href":"https:\/\/www.parkinson.ca\/fr\/wp-json\/wp\/v2\/media?parent=57564"}],"curies":[{"name":"wp","href":"https:\/\/api.w.org\/{rel}","templated":true}]}}