{"id":57387,"date":"2026-02-26T16:00:00","date_gmt":"2026-02-26T16:00:00","guid":{"rendered":"https:\/\/www.parkinson.ca\/?page_id=57387"},"modified":"2026-02-25T19:10:23","modified_gmt":"2026-02-25T19:10:23","slug":"laureats-du-defi-de-donnees-du-c-opn","status":"publish","type":"page","link":"https:\/\/www.parkinson.ca\/fr\/laureats-du-defi-de-donnees-du-c-opn\/","title":{"rendered":"Laur\u00e9ats du D\u00e9fi de donn\u00e9es du C-OPN"},"content":{"rendered":"\n<figure class=\"wp-block-image alignwide size-large\"><img loading=\"lazy\" decoding=\"async\" width=\"1024\" height=\"373\" src=\"https:\/\/www.parkinson.ca\/wp-content\/uploads\/2026\/02\/Parkinson-Canada-and-Brain-Canada-announce-the-winners-of-the-Canadian-Open-Parkinson-Network-C-OPN-Data-Challenge-1920-x-700-px-1-1024x373.png\" alt=\"\" class=\"wp-image-57389\" srcset=\"https:\/\/www.parkinson.ca\/wp-content\/uploads\/2026\/02\/Parkinson-Canada-and-Brain-Canada-announce-the-winners-of-the-Canadian-Open-Parkinson-Network-C-OPN-Data-Challenge-1920-x-700-px-1-1024x373.png 1024w, https:\/\/www.parkinson.ca\/wp-content\/uploads\/2026\/02\/Parkinson-Canada-and-Brain-Canada-announce-the-winners-of-the-Canadian-Open-Parkinson-Network-C-OPN-Data-Challenge-1920-x-700-px-1-300x109.png 300w, https:\/\/www.parkinson.ca\/wp-content\/uploads\/2026\/02\/Parkinson-Canada-and-Brain-Canada-announce-the-winners-of-the-Canadian-Open-Parkinson-Network-C-OPN-Data-Challenge-1920-x-700-px-1-768x280.png 768w, https:\/\/www.parkinson.ca\/wp-content\/uploads\/2026\/02\/Parkinson-Canada-and-Brain-Canada-announce-the-winners-of-the-Canadian-Open-Parkinson-Network-C-OPN-Data-Challenge-1920-x-700-px-1-426x155.png 426w, https:\/\/www.parkinson.ca\/wp-content\/uploads\/2026\/02\/Parkinson-Canada-and-Brain-Canada-announce-the-winners-of-the-Canadian-Open-Parkinson-Network-C-OPN-Data-Challenge-1920-x-700-px-1-50x18.png 50w, https:\/\/www.parkinson.ca\/wp-content\/uploads\/2026\/02\/Parkinson-Canada-and-Brain-Canada-announce-the-winners-of-the-Canadian-Open-Parkinson-Network-C-OPN-Data-Challenge-1920-x-700-px-1-100x36.png 100w, https:\/\/www.parkinson.ca\/wp-content\/uploads\/2026\/02\/Parkinson-Canada-and-Brain-Canada-announce-the-winners-of-the-Canadian-Open-Parkinson-Network-C-OPN-Data-Challenge-1920-x-700-px-1.png 1920w\" sizes=\"auto, (max-width: 1024px) 100vw, 1024px\" \/><\/figure>\n\n\n\n<div style=\"height:100px\" aria-hidden=\"true\" class=\"wp-block-spacer is-style-responsive-medium\"><\/div>\n\n\n\n<p>Parkinson Canada et Brain Canada sont heureux d\u2019annoncer les laur\u00e9ats du <strong>D\u00e9fi de donn\u00e9es du R\u00e9seau canadien ouvert sur la maladie de Parkinson (C-OPN).<\/strong> Cette occasion de subvention de recherche, lanc\u00e9e et financ\u00e9e en partenariat entre Parkinson Canada et Brain Canada, a \u00e9t\u00e9 con\u00e7ue pour acc\u00e9l\u00e9rer la recherche sur le Parkinson gr\u00e2ce \u00e0 l\u2019utilisation innovante de la base de donn\u00e9es du C-OPN. <\/p>\n\n\n\n<p>Les chercheurs et cliniciens de tout le Canada ont \u00e9t\u00e9 invit\u00e9s \u00e0 soumettre des propositions analysant les donn\u00e9es d\u00e9personnalis\u00e9es des participants du C-OPN (comprenant des informations d\u00e9mographiques, \u00e9pid\u00e9miologiques et cliniques, ainsi que des donn\u00e9es de neuro-imagerie et de g\u00e9notypage) afin de g\u00e9n\u00e9rer de nouvelles perspectives sur le diagnostic, la progression et la prise en charge du Parkinson. Nous tenons \u00e0 f\u00e9liciter les six candidats retenus et \u00e0 saluer le travail acharn\u00e9 et le d\u00e9vouement de tous les candidats envers la recherche sur la maladie de Parkinson.  <\/p>\n\n\n\n<div style=\"height:100px\" aria-hidden=\"true\" class=\"wp-block-spacer is-style-responsive-small\"><\/div>\n\n\n\n<p><strong>Dr Venkat Bhat,<\/strong> Universit\u00e9 de Toronto <\/p>\n\n\n\n<p>Profils de sympt\u00f4mes de sant\u00e9 mentale et h\u00e9t\u00e9rog\u00e9n\u00e9it\u00e9 clinique dans la maladie de Parkinson : corr\u00e9lats cognitifs, de neuro-imagerie et d\u00e9mographiques <\/p>\n\n\n\n<div style=\"height:100px\" aria-hidden=\"true\" class=\"wp-block-spacer is-style-responsive-xsmall\"><\/div>\n\n\n\n<p><strong>Pr Setor Kunutsor,<\/strong> Universit\u00e9 du Manitoba <\/p>\n\n\n\n<p>Fardeau et trajectoires des sympt\u00f4mes dans la maladie de Parkinson : l\u2019influence du sexe, de l\u2019\u00e2ge et de la comorbidit\u00e9 \u00e0 travers les stades de Hoehn et Yahr <\/p>\n\n\n\n<div style=\"height:100px\" aria-hidden=\"true\" class=\"wp-block-spacer is-style-responsive-xsmall\"><\/div>\n\n\n\n<p><strong>Dr Myles O&rsquo;Brien,<\/strong> Universit\u00e9 de Sherbrooke <\/p>\n\n\n\n<p>D\u00e9veloppement d\u2019un indice de fragilit\u00e9 pour le C-OPN et son association avec la gravit\u00e9 de la maladie chez les personnes atteintes de la maladie de Parkinson <\/p>\n\n\n\n<div style=\"height:100px\" aria-hidden=\"true\" class=\"wp-block-spacer is-style-responsive-xsmall\"><\/div>\n\n\n\n<p><strong>Dr Michael Schlossmacher,<\/strong> Institut de recherche de l\u2019H\u00f4pital d\u2019Ottawa <\/p>\n\n\n\n<p>Am\u00e9lioration de la pr\u00e9cision du score PREDIGT dans la classification du Parkinson typique par rapport aux t\u00e9moins cliniquement pertinents <\/p>\n\n\n\n<div style=\"height:100px\" aria-hidden=\"true\" class=\"wp-block-spacer is-style-responsive-xsmall\"><\/div>\n\n\n\n<p><strong>Dr Madelaine Sharp,<\/strong> Universit\u00e9 McGill <\/p>\n\n\n\n<p>Harmonisation r\u00e9trospective des donn\u00e9es des ensembles de donn\u00e9es canadiens ouverts sur la maladie de Parkinson <\/p>\n\n\n\n<div style=\"height:100px\" aria-hidden=\"true\" class=\"wp-block-spacer is-style-responsive-xsmall\"><\/div>\n\n\n\n<p><strong>Pr Pascal Tyrell,<\/strong> Universit\u00e9 de Toronto <\/p>\n\n\n\n<p>Int\u00e9gration de donn\u00e9es g\u00e9n\u00e9tiques et de neuro-imagerie pour une stratification personnalis\u00e9e de la maladie de Parkinson <\/p>\n\n\n\n<div style=\"height:100px\" aria-hidden=\"true\" class=\"wp-block-spacer\"><\/div>\n","protected":false},"excerpt":{"rendered":"<p>Parkinson Canada et Brain Canada sont heureux d\u2019annoncer les laur\u00e9ats du D\u00e9fi de donn\u00e9es du R\u00e9seau canadien ouvert sur la maladie de Parkinson (C-OPN). Cette occasion de subvention de recherche, lanc\u00e9e et financ\u00e9e en partenariat entre Parkinson Canada et Brain Canada, a \u00e9t\u00e9 con\u00e7ue pour acc\u00e9l\u00e9rer la recherche sur le Parkinson gr\u00e2ce \u00e0 l\u2019utilisation innovante [&hellip;]<\/p>\n","protected":false},"author":180,"featured_media":0,"parent":0,"menu_order":0,"comment_status":"closed","ping_status":"closed","template":"","meta":{"_acf_changed":false,"footnotes":""},"class_list":["post-57387","page","type-page","status-publish","hentry"],"acf":[],"aioseo_notices":[],"_links":{"self":[{"href":"https:\/\/www.parkinson.ca\/fr\/wp-json\/wp\/v2\/pages\/57387","targetHints":{"allow":["GET"]}}],"collection":[{"href":"https:\/\/www.parkinson.ca\/fr\/wp-json\/wp\/v2\/pages"}],"about":[{"href":"https:\/\/www.parkinson.ca\/fr\/wp-json\/wp\/v2\/types\/page"}],"author":[{"embeddable":true,"href":"https:\/\/www.parkinson.ca\/fr\/wp-json\/wp\/v2\/users\/180"}],"replies":[{"embeddable":true,"href":"https:\/\/www.parkinson.ca\/fr\/wp-json\/wp\/v2\/comments?post=57387"}],"version-history":[{"count":3,"href":"https:\/\/www.parkinson.ca\/fr\/wp-json\/wp\/v2\/pages\/57387\/revisions"}],"predecessor-version":[{"id":57397,"href":"https:\/\/www.parkinson.ca\/fr\/wp-json\/wp\/v2\/pages\/57387\/revisions\/57397"}],"wp:attachment":[{"href":"https:\/\/www.parkinson.ca\/fr\/wp-json\/wp\/v2\/media?parent=57387"}],"curies":[{"name":"wp","href":"https:\/\/api.w.org\/{rel}","templated":true}]}}