{"id":54793,"date":"2025-04-01T17:58:10","date_gmt":"2025-04-01T17:58:10","guid":{"rendered":"https:\/\/www.parkinson.ca\/facons-de-donner\/don-personnel\/donation-dheritage\/"},"modified":"2025-10-16T17:28:20","modified_gmt":"2025-10-16T17:28:20","slug":"don-heritage","status":"publish","type":"page","link":"https:\/\/www.parkinson.ca\/fr\/facons-de-donner\/don-personnel\/don-heritage\/","title":{"rendered":"Don d&rsquo;h\u00e9ritage"},"content":{"rendered":"\n<div class=\"wp-block-cover\"><img loading=\"lazy\" decoding=\"async\" width=\"1024\" height=\"541\" class=\"wp-block-cover__image-background wp-image-51401 size-large\" alt=\"\" src=\"https:\/\/www.parkinson.ca\/wp-content\/uploads\/2025\/03\/APRHeroThin-1024x541.jpg\" data-object-fit=\"cover\" srcset=\"https:\/\/www.parkinson.ca\/wp-content\/uploads\/2025\/03\/APRHeroThin-1024x541.jpg 1024w, https:\/\/www.parkinson.ca\/wp-content\/uploads\/2025\/03\/APRHeroThin-300x158.jpg 300w, https:\/\/www.parkinson.ca\/wp-content\/uploads\/2025\/03\/APRHeroThin-768x405.jpg 768w, https:\/\/www.parkinson.ca\/wp-content\/uploads\/2025\/03\/APRHeroThin-426x225.jpg 426w, https:\/\/www.parkinson.ca\/wp-content\/uploads\/2025\/03\/APRHeroThin-1920x1014.jpg 1920w\" sizes=\"auto, (max-width: 1024px) 100vw, 1024px\" \/><span aria-hidden=\"true\" class=\"wp-block-cover__background has-background-dim\" style=\"background-color:#79736e\"><\/span><div class=\"wp-block-cover__inner-container is-layout-constrained wp-block-cover-is-layout-constrained\">\n<p class=\"has-text-align-center has-xlarge-font-size\">Soutenez Parkinson Canada par un don dans votre testament. <\/p>\n<\/div><\/div>\n\n\n\n<div style=\"height:100px\" aria-hidden=\"true\" class=\"wp-block-spacer is-style-responsive-small\"><\/div>\n\n\n\n<p>Un don dans votre testament est un moyen simple mais puissant de donner. Il garantit que votre h\u00e9ritage refl\u00e8te vos valeurs et aide \u00e0 perp\u00e9tuer la vision d&rsquo;un monde o\u00f9 personne n&rsquo;est limit\u00e9 par la maladie de Parkinson pour les g\u00e9n\u00e9rations futures. En vous souvenant de Parkinson Canada dans votre testament, vous offrez un soutien durable afin que les personnes touch\u00e9es par la maladie de Parkinson aient toujours un endroit o\u00f9 se tourner pour obtenir la compr\u00e9hension, les soins et le soutien qu&rsquo;elles m\u00e9ritent.   <\/p>\n\n\n\n<div style=\"height:100px\" aria-hidden=\"true\" class=\"wp-block-spacer is-style-responsive-small\"><\/div>\n\n\n\n<h2 class=\"wp-block-heading\">Avantages de laisser un don dans votre testament <\/h2>\n\n\n\n<ul class=\"wp-block-list\">\n<li>Fournir un engagement futur tout en conservant le contr\u00f4le de vos actifs de votre vivant. <\/li>\n<\/ul>\n\n\n\n<ul class=\"wp-block-list\">\n<li>Un re\u00e7u fiscal de bienfaisance pour votre succession. <\/li>\n<\/ul>\n\n\n\n<ul class=\"wp-block-list\">\n<li>R\u00e9duction ou \u00e9limination des taxes successorales gr\u00e2ce \u00e0 une planification soigneuse. <\/li>\n<\/ul>\n\n\n\n<ul class=\"wp-block-list\">\n<li>Un don testamentaire \u00e0 Parkinson Canada fera progresser la recherche innovante, nous rapprochant tous des perc\u00e9es qui permettront \u00e0 notre communaut\u00e9 de prosp\u00e9rer pour les g\u00e9n\u00e9rations \u00e0 venir. <\/li>\n<\/ul>\n\n\n\n<div style=\"height:100px\" aria-hidden=\"true\" class=\"wp-block-spacer is-style-responsive-small\"><\/div>\n\n\n\n<div class=\"wp-block-group has-blue-background-color has-background is-layout-constrained wp-block-group-is-layout-constrained\">\n<h2 class=\"wp-block-heading\">Soutien en 3 \u00e9tapes simples :<\/h2>\n\n\n\n<div class=\"wp-block-columns is-layout-flex wp-container-core-columns-is-layout-9d6595d7 wp-block-columns-is-layout-flex\">\n<div class=\"wp-block-column is-layout-flow wp-block-column-is-layout-flow\" style=\"flex-basis:10%\">\n<h2 class=\"wp-block-heading has-ice-blue-color has-text-color has-link-color wp-elements-42931d89d53f6369fe7939340633f2bd\">1<\/h2>\n<\/div>\n\n\n\n<div class=\"wp-block-column is-layout-flow wp-block-column-is-layout-flow\" style=\"flex-basis:90%\">\n<p>Parlez \u00e0 votre avocat de la r\u00e9daction ou de la r\u00e9vision de votre testament ou utilisez l&rsquo;offre de 20 % de r\u00e9duction pour r\u00e9diger votre testament avec <a href=\"https:\/\/epiloguewills.com\/fr-CA\/charity\/parkinson-canada-inc-108091786rr0001?ref=charity&amp;reftag=parkinson-canada-inc-108091786rr0001\" target=\"_blank\" rel=\"noopener\" title=\"Epilogue.\">Epilogue.<\/a><\/p>\n\n\n\n<div class=\"wp-block-buttons is-layout-flex wp-block-buttons-is-layout-flex\">\n<div class=\"wp-block-button\"><a class=\"wp-block-button__link wp-element-button\" href=\"https:\/\/epiloguewills.com\/fr-CA\/charity\/parkinson-canada-inc-108091786rr0001?ref=charity&amp;reftag=parkinson-canada-inc-108091786rr0001\" target=\"_blank\" rel=\"noreferrer noopener\">R\u00e9digez votre testament<\/a><\/div>\n<\/div>\n<\/div>\n<\/div>\n\n\n\n<div class=\"wp-block-columns is-layout-flex wp-container-core-columns-is-layout-9d6595d7 wp-block-columns-is-layout-flex\">\n<div class=\"wp-block-column is-layout-flow wp-block-column-is-layout-flow\" style=\"flex-basis:10%\">\n<h2 class=\"wp-block-heading has-ice-blue-color has-text-color has-link-color wp-elements-f37021a189ace56e847e88026831098f\">2<\/h2>\n<\/div>\n\n\n\n<div class=\"wp-block-column is-layout-flow wp-block-column-is-layout-flow\" style=\"flex-basis:90%\">\n<p>Incluez le libell\u00e9 de legs appropri\u00e9 dans votre testament. Un exemple de libell\u00e9 pourrait \u00eatre : \u00ab Mes fiduciaires successoraux verseront la somme de __________ $ ou ________ % du r\u00e9sidu de ma succession (ou transf\u00e9reront des actifs d&rsquo;une valeur \u00e9gale) \u00e0 \u00bb :  <\/p>\n\n\n\n<div class=\"wp-block-columns is-layout-flex wp-container-core-columns-is-layout-9d6595d7 wp-block-columns-is-layout-flex\">\n<div class=\"wp-block-column is-layout-flow wp-block-column-is-layout-flow\" style=\"flex-basis:75%\">\n<p>Parkinson Canada Inc. <br>316-4211 Yonge Street, <br>Toronto, ON M2P 2A9 <\/p>\n\n\n\n<p>Num\u00e9ro d&rsquo;enregistrement de bienfaisance : 10809 1786 RR0001 <\/p>\n<\/div>\n<\/div>\n\n\n\n<div class=\"wp-block-buttons is-layout-flex wp-block-buttons-is-layout-flex\">\n<div class=\"wp-block-button\"><a class=\"wp-block-button__link wp-element-button\" href=\"https:\/\/www.parkinson.ca\/wp-content\/uploads\/2025\/10\/Exemple-de-libelle-de-legs.pdf\">Trouvez un example de libell\u00e9 d&rsquo;un legs<\/a><\/div>\n<\/div>\n<\/div>\n<\/div>\n\n\n\n<div class=\"wp-block-columns is-layout-flex wp-container-core-columns-is-layout-9d6595d7 wp-block-columns-is-layout-flex\">\n<div class=\"wp-block-column is-layout-flow wp-block-column-is-layout-flow\" style=\"flex-basis:10%\">\n<h2 class=\"wp-block-heading has-ice-blue-color has-text-color has-link-color wp-elements-70537ea5f3af7d41e159eacdd29bf4a4\">3<\/h2>\n<\/div>\n\n\n\n<div class=\"wp-block-column is-layout-flow wp-block-column-is-layout-flow\" style=\"flex-basis:90%\">\n<p>Veuillez nous envoyer un courriel \u00e0 <a href=\"mailto:planning.giving@Parkinson.ca\">planning.giving@Parkinson.ca<\/a> ou appelez au <a href=\"tel:416-227-3377\" title=\"416-227-3377\">416-227-3377<\/a> pour nous informer de votre don dans votre testament. Cela nous aidera \u00e0 nous assurer que vos souhaits sont pleinement compris et respect\u00e9s et nous donnera l&rsquo;occasion d&rsquo;exprimer notre gratitude. <\/p>\n<\/div>\n<\/div>\n<\/div>\n\n\n\n<div style=\"height:100px\" aria-hidden=\"true\" class=\"wp-block-spacer\"><\/div>\n\n\n\n<div class=\"wp-block-group is-layout-constrained wp-block-group-is-layout-constrained\">\n<div class=\"wp-block-columns is-layout-flex wp-container-core-columns-is-layout-9d6595d7 wp-block-columns-is-layout-flex\">\n<div class=\"wp-block-column is-layout-flow wp-block-column-is-layout-flow\" style=\"flex-basis:35%\">\n<h2 class=\"wp-block-heading has-contrast-color has-text-color has-link-color wp-elements-124189b052d75463ad8204ea6bfdd2d2\"><strong>Ressource gratuite : <\/strong><br><strong>Guide de planification testamentaire<\/strong><\/h2>\n\n\n\n<p>Notre Guide de planification testamentaire est con\u00e7u pour vous aider \u00e0 r\u00e9fl\u00e9chir \u00e0 votre succession et \u00e0 rassembler les informations n\u00e9cessaires pour compl\u00e9ter ou mettre \u00e0 jour votre testament. Avoir un plan successoral clair apporte la tranquillit\u00e9 d&rsquo;esprit et garantit que votre impact se poursuivra pendant des ann\u00e9es.  <\/p>\n\n\n\n<div class=\"wp-block-buttons is-layout-flex wp-block-buttons-is-layout-flex\">\n<div class=\"wp-block-button\"><a class=\"wp-block-button__link wp-element-button\" href=\"https:\/\/www.parkinson.ca\/wp-content\/uploads\/2025\/02\/Fillable-Will-Planning-Guide-May-2024.pdf\">T\u00e9l\u00e9chargez le guide<\/a><\/div>\n<\/div>\n\n\n\n<p><em>Ce guide n&rsquo;est disponible qu&rsquo;en anglais.<\/em><\/p>\n<\/div>\n\n\n\n<div class=\"wp-block-column is-layout-flow wp-block-column-is-layout-flow\">\n<div data-wp-interactive=\"core\/file\" class=\"wp-block-file\"><object data-wp-bind--hidden=\"!state.hasPdfPreview\" hidden class=\"wp-block-file__embed\" data=\"https:\/\/www.parkinson.ca\/wp-content\/uploads\/2025\/02\/Fillable-Will-Planning-Guide-May-2024.pdf\" type=\"application\/pdf\" style=\"width:100%;height:600px\" aria-label=\"Contenu embarqu\u00e9 Guide de planification testamentaire \u00e0 remplir - Mai 2024.\"><\/object><a id=\"wp-block-file--media-9b4c401d-fc3e-4b4a-b076-b41bcd3296ff\" href=\"https:\/\/www.parkinson.ca\/wp-content\/uploads\/2025\/02\/Fillable-Will-Planning-Guide-May-2024.pdf\">Guide de planification testamentaire \u00e0 remplir &#8211; Mai 2024<\/a><\/div>\n<\/div>\n<\/div>\n<\/div>\n\n\n\n<div style=\"height:100px\" aria-hidden=\"true\" class=\"wp-block-spacer\"><\/div>\n\n\n\n<div class=\"wp-block-cover\"><img loading=\"lazy\" decoding=\"async\" width=\"1024\" height=\"683\" class=\"wp-block-cover__image-background wp-image-54666 size-large\" alt=\"\" src=\"https:\/\/www.parkinson.ca\/wp-content\/uploads\/2025\/10\/pexels-rdne-8139118-1024x683.jpg\" style=\"object-position:46% 23%\" data-object-fit=\"cover\" data-object-position=\"46% 23%\" srcset=\"https:\/\/www.parkinson.ca\/wp-content\/uploads\/2025\/10\/pexels-rdne-8139118-1024x683.jpg 1024w, https:\/\/www.parkinson.ca\/wp-content\/uploads\/2025\/10\/pexels-rdne-8139118-300x200.jpg 300w, https:\/\/www.parkinson.ca\/wp-content\/uploads\/2025\/10\/pexels-rdne-8139118-768x512.jpg 768w, https:\/\/www.parkinson.ca\/wp-content\/uploads\/2025\/10\/pexels-rdne-8139118-426x284.jpg 426w, https:\/\/www.parkinson.ca\/wp-content\/uploads\/2025\/10\/pexels-rdne-8139118-1620x1080.jpg 1620w\" sizes=\"auto, (max-width: 1024px) 100vw, 1024px\" \/><span aria-hidden=\"true\" class=\"wp-block-cover__background has-contrast-background-color has-background-dim-40 has-background-dim\"><\/span><div class=\"wp-block-cover__inner-container is-layout-constrained wp-block-cover-is-layout-constrained\">\n<h2 class=\"wp-block-heading has-text-align-center has-base-color has-text-color has-link-color has-xlarge-font-size wp-elements-6682420d62177a9feb8a7a61388678b0\"><strong><strong>Cr\u00e9ez votre testament. Cr\u00e9ez votre h\u00e9ritage <\/strong><\/strong>.<\/h2>\n\n\n\n<p class=\"has-text-align-center has-base-color has-text-color has-link-color has-medium-font-size wp-elements-532da53e2d235c092acaac636e0209fb\">En seulement 20 minutes, cr\u00e9ez votre testament avec Epilogue Wills \u2014 la seule plateforme de testament en ligne du Canada fond\u00e9e par des avocats en planification successorale \u2014 et en tant que partisan estim\u00e9 de Parkinson Canada, vous recevrez 20 % de r\u00e9duction.<\/p>\n\n\n\n<div class=\"wp-block-buttons is-content-justification-center is-layout-flex wp-container-core-buttons-is-layout-16018d1d wp-block-buttons-is-layout-flex\">\n<div class=\"wp-block-button\"><a class=\"wp-block-button__link has-white-background-color has-background wp-element-button\" href=\"https:\/\/epiloguewills.com\/fr-CA\/charity\/parkinson-canada-inc-108091786rr0001?ref=charity&amp;reftag=parkinson-canada-inc-108091786rr0001\" target=\"_blank\" rel=\"noreferrer noopener\">Commencez<\/a><\/div>\n<\/div>\n<\/div><\/div>\n\n\n\n<div style=\"height:100px\" aria-hidden=\"true\" class=\"wp-block-spacer\"><\/div>\n\n\n\n<blockquote class=\"wp-block-quote is-layout-flow wp-block-quote-is-layout-flow\">\n<p class=\"has-medium-font-size\"><em>\u00ab Alors que vous r\u00e9fl\u00e9chissez \u00e0 vos espoirs pour l&rsquo;avenir, j&rsquo;esp\u00e8re que vous envisagerez d&rsquo;inclure Parkinson Canada dans votre testament \u2014 merci. La maladie de Parkinson est plus qu&rsquo;un diagnostic \u2014 c&rsquo;est une r\u00e9alit\u00e9 qui change la vie de plus de 110 000 personnes vivant au Canada, ce nombre devant atteindre 150 000 d&rsquo;ici 2034. Derri\u00e8re les chiffres se trouvent des familles aux prises avec la peur, l&rsquo;incr\u00e9dulit\u00e9 et l&rsquo;incertitude \u00bb.<\/em> <br><br>&#8211; Karen Lee, Pr\u00e9sidente et chef de la direction, Parkinson Canada<\/p>\n<\/blockquote>\n\n\n\n<div style=\"height:100px\" aria-hidden=\"true\" class=\"wp-block-spacer\"><\/div>\n\n\n\n<div class=\"wp-block-group has-grey-background-color has-background is-layout-constrained wp-block-group-is-layout-constrained\">\n<div class=\"wp-block-columns is-layout-flex wp-container-core-columns-is-layout-9d6595d7 wp-block-columns-is-layout-flex\">\n<div class=\"wp-block-column is-layout-flow wp-block-column-is-layout-flow\" style=\"flex-basis:33.33%\">\n<h2 class=\"wp-block-heading\"><strong>Prenez contact avec nous<\/strong><\/h2>\n<\/div>\n\n\n\n<div class=\"wp-block-column is-layout-flow wp-block-column-is-layout-flow\" style=\"flex-basis:66.66%\">\n<p>Notre \u00e9quipe de planification successorale est disponible pour r\u00e9pondre \u00e0 toutes les questions que vous ou vos conseillers pourriez avoir.<\/p>\n\n\n\n<p>Veuillez nous contacter : <\/p>\n\n\n\n<div class=\"wp-block-buttons is-content-justification-left is-layout-flex wp-container-core-buttons-is-layout-fdcfc74e wp-block-buttons-is-layout-flex\">\n<div class=\"wp-block-button\"><a class=\"wp-block-button__link wp-element-button\" href=\"tel:1-888-664-1974\">Appelez sans frais : 1-888-664-1973 <\/a><\/div>\n\n\n\n<div class=\"wp-block-button\"><a class=\"wp-block-button__link wp-element-button\" href=\"mailto:planned.giving@parkinson.ca\">Courriel : planned.giving@parkinson.ca<\/a><\/div>\n<\/div>\n<\/div>\n<\/div>\n<\/div>\n\n\n\n<div style=\"height:100px\" aria-hidden=\"true\" class=\"wp-block-spacer\"><\/div>\n","protected":false},"excerpt":{"rendered":"<p>Un don dans votre testament est un moyen simple mais puissant de donner. Il garantit que votre h\u00e9ritage refl\u00e8te vos valeurs et aide \u00e0 perp\u00e9tuer la vision d&rsquo;un monde o\u00f9 personne n&rsquo;est limit\u00e9 par la maladie de Parkinson pour les g\u00e9n\u00e9rations futures. En vous souvenant de Parkinson Canada dans votre testament, vous offrez un soutien [&hellip;]<\/p>\n","protected":false},"author":90,"featured_media":51397,"parent":46083,"menu_order":0,"comment_status":"closed","ping_status":"closed","template":"","meta":{"_acf_changed":false,"footnotes":""},"class_list":["post-54793","page","type-page","status-publish","has-post-thumbnail","hentry"],"acf":[],"aioseo_notices":[],"_links":{"self":[{"href":"https:\/\/www.parkinson.ca\/fr\/wp-json\/wp\/v2\/pages\/54793","targetHints":{"allow":["GET"]}}],"collection":[{"href":"https:\/\/www.parkinson.ca\/fr\/wp-json\/wp\/v2\/pages"}],"about":[{"href":"https:\/\/www.parkinson.ca\/fr\/wp-json\/wp\/v2\/types\/page"}],"author":[{"embeddable":true,"href":"https:\/\/www.parkinson.ca\/fr\/wp-json\/wp\/v2\/users\/90"}],"replies":[{"embeddable":true,"href":"https:\/\/www.parkinson.ca\/fr\/wp-json\/wp\/v2\/comments?post=54793"}],"version-history":[{"count":8,"href":"https:\/\/www.parkinson.ca\/fr\/wp-json\/wp\/v2\/pages\/54793\/revisions"}],"predecessor-version":[{"id":55085,"href":"https:\/\/www.parkinson.ca\/fr\/wp-json\/wp\/v2\/pages\/54793\/revisions\/55085"}],"up":[{"embeddable":true,"href":"https:\/\/www.parkinson.ca\/fr\/wp-json\/wp\/v2\/pages\/46083"}],"wp:featuredmedia":[{"embeddable":true,"href":"https:\/\/www.parkinson.ca\/fr\/wp-json\/wp\/v2\/media\/51397"}],"wp:attachment":[{"href":"https:\/\/www.parkinson.ca\/fr\/wp-json\/wp\/v2\/media?parent=54793"}],"curies":[{"name":"wp","href":"https:\/\/api.w.org\/{rel}","templated":true}]}}