{"id":54791,"date":"2025-04-01T18:01:55","date_gmt":"2025-04-01T18:01:55","guid":{"rendered":"https:\/\/www.parkinson.ca\/facons-de-donner\/dons-dactions-et-de-titres\/"},"modified":"2025-10-16T17:37:52","modified_gmt":"2025-10-16T17:37:52","slug":"dons-dactions-et-de-titres","status":"publish","type":"page","link":"https:\/\/www.parkinson.ca\/fr\/facons-de-donner\/don-personnel\/dons-dactions-et-de-titres\/","title":{"rendered":"Dons d\u2019actions et de titres"},"content":{"rendered":"\n<div class=\"wp-block-cover\"><img loading=\"lazy\" decoding=\"async\" width=\"1500\" height=\"450\" class=\"wp-block-cover__image-background wp-image-54458 size-full\" alt=\"\" src=\"https:\/\/www.parkinson.ca\/wp-content\/uploads\/2025\/09\/Background.jpg\" data-object-fit=\"cover\" srcset=\"https:\/\/www.parkinson.ca\/wp-content\/uploads\/2025\/09\/Background.jpg 1500w, https:\/\/www.parkinson.ca\/wp-content\/uploads\/2025\/09\/Background-300x90.jpg 300w, https:\/\/www.parkinson.ca\/wp-content\/uploads\/2025\/09\/Background-1024x307.jpg 1024w, https:\/\/www.parkinson.ca\/wp-content\/uploads\/2025\/09\/Background-768x230.jpg 768w, https:\/\/www.parkinson.ca\/wp-content\/uploads\/2025\/09\/Background-426x128.jpg 426w\" sizes=\"auto, (max-width: 1500px) 100vw, 1500px\" \/><span aria-hidden=\"true\" class=\"wp-block-cover__background has-background-dim-0 has-background-dim\" style=\"background-color:#333b7e\"><\/span><div class=\"wp-block-cover__inner-container is-layout-constrained wp-block-cover-is-layout-constrained\">\n<p class=\"has-text-align-center has-xlarge-font-size\"><em>La fa\u00e7on fiscalement avantageuse de faire un don qui profite \u00e0 la fois \u00e0 vous et aux personnes atteintes de la maladie de Parkinson.<\/em> <\/p>\n<\/div><\/div>\n\n\n\n<div style=\"height:100px\" aria-hidden=\"true\" class=\"wp-block-spacer\"><\/div>\n\n\n\n<h2 class=\"wp-block-heading\">Avantages de faire un don d\u2019actions <\/h2>\n\n\n\n<p>Un don de titres cot\u00e9s en bourse est une occasion rentable de transformer vos actifs en un soutien imm\u00e9diat et important \u00e0 Parkinson Canada. <\/p>\n\n\n\n<ul class=\"wp-block-list\">\n<li><strong>Efficacit\u00e9 fiscale&nbsp;:<\/strong> Le don d\u2019actions est tr\u00e8s avantageux sur le plan fiscal. Vous \u00e9vitez de payer l\u2019imp\u00f4t sur les gains en capital sur l\u2019appr\u00e9ciation et recevez une d\u00e9duction de bienfaisance pour la pleine valeur marchande de l\u2019action.  <\/li>\n<\/ul>\n\n\n\n<ul class=\"wp-block-list\">\n<li><strong>Maximiser votre impact&nbsp;:<\/strong> En faisant don d\u2019actions, Parkinson Canada re\u00e7oit la pleine valeur marchande, ce qui rend votre contribution plus significative que si vous vendiez les actions et donniez le produit en esp\u00e8ces. <\/li>\n<\/ul>\n\n\n\n<div style=\"height:100px\" aria-hidden=\"true\" class=\"wp-block-spacer is-style-responsive-medium\"><\/div>\n\n\n\n<figure class=\"wp-block-table\"><table class=\"has-fixed-layout\"><tbody><tr><td>&nbsp;<\/td><td class=\"has-text-align-center\" data-align=\"center\"><strong>Vendez vos titres, puis donnez le produit apr\u00e8s imp\u00f4t <\/strong><\/td><td class=\"has-text-align-center\" data-align=\"center\"><strong>Donnez vos titres directement \u00e0 Parkinson Canada <\/strong><\/td><\/tr><tr><td>Valeur marchande actuelle <\/td><td class=\"has-text-align-center\" data-align=\"center\">10\u202f000 $ <\/td><td class=\"has-text-align-center\" data-align=\"center\">10\u202f000 $ <\/td><\/tr><tr><td>Co\u00fbt initial des titres <\/td><td class=\"has-text-align-center\" data-align=\"center\">4\u202f000 $ <\/td><td class=\"has-text-align-center\" data-align=\"center\">4\u202f000 $ <\/td><\/tr><tr><td>Gain en capital <\/td><td class=\"has-text-align-center\" data-align=\"center\">6\u202f000 $ <\/td><td class=\"has-text-align-center\" data-align=\"center\">6\u202f000 $ <\/td><\/tr><tr><td>Imp\u00f4t sur les gains en capital pay\u00e9 <\/td><td class=\"has-text-align-center\" data-align=\"center\">1\u202f380 $ <\/td><td class=\"has-text-align-center\" data-align=\"center\">0 $ <\/td><\/tr><tr><td><strong><mark style=\"background-color:rgba(0, 0, 0, 0)\" class=\"has-inline-color has-sky-blue-color\">Don \u00e0 Parkinson Canada apr\u00e8s imp\u00f4t sur les gains en capital pay\u00e9 <\/mark><\/strong><\/td><td class=\"has-text-align-center\" data-align=\"center\"><strong><mark style=\"background-color:rgba(0, 0, 0, 0)\" class=\"has-inline-color has-sky-blue-color\">8\u202f620 $ <\/mark><\/strong><\/td><td class=\"has-text-align-center\" data-align=\"center\"><strong><mark style=\"background-color:rgba(0, 0, 0, 0)\" class=\"has-inline-color has-sky-blue-color\">10\u202f000 $ <\/mark><\/strong><\/td><\/tr><tr><td>Votre cr\u00e9dit d\u2019imp\u00f4t pour don de bienfaisance <\/td><td class=\"has-text-align-center\" data-align=\"center\">3\u202f965 $ <\/td><td class=\"has-text-align-center\" data-align=\"center\">4\u202f600 $ <\/td><\/tr><tr><td><strong><mark style=\"background-color:rgba(0, 0, 0, 0)\" class=\"has-inline-color has-sky-blue-color\">Votre co\u00fbt du don <\/mark><\/strong><\/td><td class=\"has-text-align-center\" data-align=\"center\"><strong><mark style=\"background-color:rgba(0, 0, 0, 0)\" class=\"has-inline-color has-sky-blue-color\">6\u202f035 $ <\/mark><\/strong><\/td><td class=\"has-text-align-center\" data-align=\"center\"><strong><mark style=\"background-color:rgba(0, 0, 0, 0)\" class=\"has-inline-color has-sky-blue-color\">5\u202f400 $ <\/mark><\/strong><\/td><\/tr><\/tbody><\/table><figcaption class=\"wp-element-caption\">Remarque<em>: En supposant un taux d\u2019imposition marginal de 46&nbsp;% et un taux d\u2019inclusion des gains en capital de 50&nbsp;%. Cet exemple est fourni \u00e0 titre indicatif seulement. Veuillez consulter votre conseiller fiscal ou financier. <\/em><\/figcaption><\/figure>\n\n\n\n<div style=\"height:100px\" aria-hidden=\"true\" class=\"wp-block-spacer is-style-default\"><\/div>\n\n\n\n<div class=\"wp-block-group is-layout-constrained wp-block-group-is-layout-constrained\">\n<h2 class=\"wp-block-heading\">Comment cela fonctionne-t-il ?<\/h2>\n\n\n\n<div class=\"wp-block-columns are-vertically-aligned-center is-layout-flex wp-container-core-columns-is-layout-9d6595d7 wp-block-columns-is-layout-flex\">\n<div class=\"wp-block-column is-vertically-aligned-center is-layout-flow wp-block-column-is-layout-flow\" style=\"flex-basis:10%\">\n<h2 class=\"wp-block-heading has-blue-color has-text-color has-link-color wp-elements-5016740edc4a89065946dbf139b6764b\">1<\/h2>\n<\/div>\n\n\n\n<div class=\"wp-block-column is-vertically-aligned-center is-layout-flow wp-block-column-is-layout-flow\" style=\"flex-basis:90%\">\n<p>Communiquez avec votre conseiller financier ou votre courtier pour d\u00e9terminer lesquels de vos placements auraient le plus grand impact financier et philanthropique. <\/p>\n<\/div>\n<\/div>\n\n\n\n<div class=\"wp-block-columns are-vertically-aligned-top is-layout-flex wp-container-core-columns-is-layout-9d6595d7 wp-block-columns-is-layout-flex\">\n<div class=\"wp-block-column is-vertically-aligned-top is-layout-flow wp-block-column-is-layout-flow\" style=\"flex-basis:10%\">\n<h2 class=\"wp-block-heading has-blue-color has-text-color has-link-color wp-elements-7aa134fa19ec054f896fd4251ef38c2f\">2<\/h2>\n<\/div>\n\n\n\n<div class=\"wp-block-column is-vertically-aligned-top is-layout-flow wp-block-column-is-layout-flow\" style=\"flex-basis:90%\">\n<div style=\"height:10px\" aria-hidden=\"true\" class=\"wp-block-spacer is-style-responsive-xsmall\"><\/div>\n\n\n\n<p>Demandez \u00e0 votre conseiller financier de transf\u00e9rer vos titres appr\u00e9ci\u00e9s au compte de courtage de Parkinson Canada en remplissant la lettre d\u2019autorisation des titres (formulaire de transfert)&nbsp;: <\/p>\n\n\n\n<div style=\"height:100px\" aria-hidden=\"true\" class=\"wp-block-spacer is-style-responsive-xsmall\"><\/div>\n\n\n\n<div class=\"wp-block-columns is-layout-flex wp-container-core-columns-is-layout-9d6595d7 wp-block-columns-is-layout-flex\">\n<div class=\"wp-block-column has-ice-blue-background-color has-background is-layout-flow wp-block-column-is-layout-flow\" style=\"flex-basis:75%\">\n<p class=\"has-contrast-color has-text-color has-link-color wp-elements-568d657660fff5658b0c66e78ec2196d\"><strong>Coordonn\u00e9es du courtier <\/strong><\/p>\n\n\n\n<p class=\"has-contrast-color has-text-color has-link-color wp-elements-1ff8f713a5bb039a63e57a777b2d30be\">R\u00e9seau Ind\u00e9pendant Banque Nationale I Admin Doherty \u00e0 <a href=\"mailto:admin@doherty.ca\" target=\"_blank\" rel=\"noreferrer noopener\">admin@doherty.ca<\/a>\u202f <\/p>\n\n\n\n<p class=\"has-contrast-color has-text-color has-link-color wp-elements-06a2f24d8f5a201b8be119d8cb515ed9\">Compte canadien&nbsp;: 6C7AZMA I Code du courtier&nbsp;: (FINS&nbsp;: T080) (CUID&nbsp;: NBCS)\u202f <\/p>\n\n\n\n<p class=\"has-contrast-color has-text-color has-link-color wp-elements-3506c36d9ce3234213c79b92d2da4e19\">Compte am\u00e9ricain&nbsp;: 6C7AZMB I Code du courtier&nbsp;: (DTC&nbsp;: 5008)\u202f <\/p>\n\n\n\n<p class=\"has-contrast-color has-text-color has-link-color wp-elements-8765f8f7701311dafeae467ba460a338\">Code du courtier en fonds communs de placement&nbsp;: 9822 (CUID&nbsp;: NBCS) (Code du repr\u00e9sentant&nbsp;: A6WE)\u202f <\/p>\n<\/div>\n<\/div>\n\n\n\n<div class=\"wp-block-buttons is-layout-flex wp-block-buttons-is-layout-flex\">\n<div class=\"wp-block-button\"><a class=\"wp-block-button__link wp-element-button\" href=\"https:\/\/www.parkinson.ca\/wp-content\/uploads\/2025\/04\/2024-Guidelines-for-Transferring-Assets-to-Parkinson-Canada.pdf\">T\u00e9l\u00e9charger la lettre d\u2019autorisation (formulaire de transfert) <\/a><\/div>\n<\/div>\n\n\n\n<p><em>Ce formulaire n&rsquo;est disponible qu&rsquo;en anglais.<\/em><\/p>\n<\/div>\n<\/div>\n\n\n\n<div class=\"wp-block-columns are-vertically-aligned-center is-layout-flex wp-container-core-columns-is-layout-9d6595d7 wp-block-columns-is-layout-flex\">\n<div class=\"wp-block-column is-vertically-aligned-center is-layout-flow wp-block-column-is-layout-flow\" style=\"flex-basis:10%\">\n<h2 class=\"wp-block-heading has-blue-color has-text-color has-link-color wp-elements-e46a3b42cb84bd4138fa04c04bcf5d4b\">3<\/h2>\n<\/div>\n\n\n\n<div class=\"wp-block-column is-vertically-aligned-center is-layout-flow wp-block-column-is-layout-flow\" style=\"flex-basis:90%\">\n<p>Vous recevez un re\u00e7u fiscal pour don de bienfaisance pour la juste valeur marchande, \u00e9vitez les gains en capital, et votre don soutient les personnes atteintes de la maladie de Parkinson<\/p>\n<\/div>\n<\/div>\n\n\n\n<p><strong>Une fois le formulaire rempli, veuillez nous l\u2019envoyer par courriel afin que nous sachions \u00e0 quoi nous attendre. Si vous avez des questions, veuillez communiquer avec nous pour obtenir de plus amples renseignements. <\/strong> <\/p>\n\n\n\n<div class=\"wp-block-buttons is-content-justification-left is-layout-flex wp-container-core-buttons-is-layout-fdcfc74e wp-block-buttons-is-layout-flex\">\n<div class=\"wp-block-button\"><a class=\"wp-block-button__link wp-element-button\" href=\"tel:1-888-664-1973\">Appelez sans frais au&nbsp;: 1-888-664-1973<\/a><\/div>\n\n\n\n<div class=\"wp-block-button\"><a class=\"wp-block-button__link wp-element-button\" href=\"mailto:planned.giving@parkinson.ca\">Courriel&nbsp;: planned.giving@parkinson.ca<\/a><\/div>\n<\/div>\n<\/div>\n\n\n\n<div style=\"height:100px\" aria-hidden=\"true\" class=\"wp-block-spacer is-style-default\"><\/div>\n\n\n\n<p><strong>Avis de non-responsabilit\u00e9<\/strong>&nbsp;: les<em>  renseignements fournis sur ces pages sont de nature g\u00e9n\u00e9rale et ne doivent pas remplacer les conseils professionnels. Parkinson Canada vous recommande fortement de demander conseil \u00e0 votre conseiller financier pour d\u00e9terminer si le don d\u2019actions vous convient.  <\/em><\/p>\n\n\n\n<div style=\"height:100px\" aria-hidden=\"true\" class=\"wp-block-spacer\"><\/div>\n","protected":false},"excerpt":{"rendered":"<p>Avantages de faire un don d\u2019actions Un don de titres cot\u00e9s en bourse est une occasion rentable de transformer vos actifs en un soutien imm\u00e9diat et important \u00e0 Parkinson Canada. &nbsp; Vendez vos titres, puis donnez le produit apr\u00e8s imp\u00f4t Donnez vos titres directement \u00e0 Parkinson Canada Valeur marchande actuelle 10\u202f000 $ 10\u202f000 $ Co\u00fbt [&hellip;]<\/p>\n","protected":false},"author":90,"featured_media":49131,"parent":46083,"menu_order":0,"comment_status":"closed","ping_status":"closed","template":"","meta":{"_acf_changed":false,"footnotes":""},"class_list":["post-54791","page","type-page","status-publish","has-post-thumbnail","hentry"],"acf":[],"aioseo_notices":[],"_links":{"self":[{"href":"https:\/\/www.parkinson.ca\/fr\/wp-json\/wp\/v2\/pages\/54791","targetHints":{"allow":["GET"]}}],"collection":[{"href":"https:\/\/www.parkinson.ca\/fr\/wp-json\/wp\/v2\/pages"}],"about":[{"href":"https:\/\/www.parkinson.ca\/fr\/wp-json\/wp\/v2\/types\/page"}],"author":[{"embeddable":true,"href":"https:\/\/www.parkinson.ca\/fr\/wp-json\/wp\/v2\/users\/90"}],"replies":[{"embeddable":true,"href":"https:\/\/www.parkinson.ca\/fr\/wp-json\/wp\/v2\/comments?post=54791"}],"version-history":[{"count":3,"href":"https:\/\/www.parkinson.ca\/fr\/wp-json\/wp\/v2\/pages\/54791\/revisions"}],"predecessor-version":[{"id":55087,"href":"https:\/\/www.parkinson.ca\/fr\/wp-json\/wp\/v2\/pages\/54791\/revisions\/55087"}],"up":[{"embeddable":true,"href":"https:\/\/www.parkinson.ca\/fr\/wp-json\/wp\/v2\/pages\/46083"}],"wp:featuredmedia":[{"embeddable":true,"href":"https:\/\/www.parkinson.ca\/fr\/wp-json\/wp\/v2\/media\/49131"}],"wp:attachment":[{"href":"https:\/\/www.parkinson.ca\/fr\/wp-json\/wp\/v2\/media?parent=54791"}],"curies":[{"name":"wp","href":"https:\/\/api.w.org\/{rel}","templated":true}]}}