{"id":54782,"date":"2025-10-07T23:05:13","date_gmt":"2025-10-07T23:05:13","guid":{"rendered":"https:\/\/www.parkinson.ca\/recherche\/recherche-financee\/subvention-2025-pour-lengagement-des-patients-dans-la-recherche\/"},"modified":"2025-10-08T23:01:23","modified_gmt":"2025-10-08T23:01:23","slug":"subvention-2025-pour-lengagement-des-patients-dans-la-recherche","status":"publish","type":"page","link":"https:\/\/www.parkinson.ca\/fr\/recherche\/recherche-financee\/subvention-2025-pour-lengagement-des-patients-dans-la-recherche\/","title":{"rendered":"Subvention 2025 pour l&rsquo;engagement des patients dans la recherche"},"content":{"rendered":"\n<div class=\"wp-block-cover\"><img loading=\"lazy\" decoding=\"async\" width=\"1024\" height=\"307\" class=\"wp-block-cover__image-background wp-image-50853 size-large\" alt=\"\" src=\"https:\/\/www.parkinson.ca\/wp-content\/uploads\/2025\/03\/Background-1024x307.png\" data-object-fit=\"cover\" srcset=\"https:\/\/www.parkinson.ca\/wp-content\/uploads\/2025\/03\/Background-1024x307.png 1024w, https:\/\/www.parkinson.ca\/wp-content\/uploads\/2025\/03\/Background-300x90.png 300w, https:\/\/www.parkinson.ca\/wp-content\/uploads\/2025\/03\/Background-768x230.png 768w, https:\/\/www.parkinson.ca\/wp-content\/uploads\/2025\/03\/Background-426x128.png 426w, https:\/\/www.parkinson.ca\/wp-content\/uploads\/2025\/03\/Background.png 1500w\" sizes=\"auto, (max-width: 1024px) 100vw, 1024px\" \/><span aria-hidden=\"true\" class=\"wp-block-cover__background has-background-dim-0 has-background-dim\" style=\"background-color:#333c7e\"><\/span><div class=\"wp-block-cover__inner-container is-layout-constrained wp-block-cover-is-layout-constrained\">\n<p class=\"has-text-align-center has-xlarge-font-size\"><strong>Parkinson Canada annonce les r\u00e9sultats de financement de cette premi\u00e8re it\u00e9ration de la subvention 2025 pour l&rsquo;engagement des patients dans la recherche<\/strong>.<\/p>\n<\/div><\/div>\n\n\n\n<div style=\"height:100px\" aria-hidden=\"true\" class=\"wp-block-spacer is-style-responsive-small\"><\/div>\n\n\n\n<div class=\"wp-block-group is-layout-constrained wp-container-core-group-is-layout-990f8f10 wp-block-group-is-layout-constrained\">\n<p class=\"has-medium-font-size\">Parkinson Canada s&rsquo;engage \u00e0 renforcer le lien entre les chercheurs et la communaut\u00e9 Parkinson en cr\u00e9ant de nouvelles voies pour impliquer les personnes affect\u00e9es par la maladie de Parkinson (PaP) tout au long du processus de recherche. Pour aider \u00e0 catalyser l&rsquo;implication des PaP dans la recherche, nous avons lanc\u00e9 un nouveau programme de subventions pour soutenir les activit\u00e9s et initiatives qui engagent de mani\u00e8re significative la communaut\u00e9 et \u0153uvrent \u00e0 int\u00e9grer les voix et exp\u00e9riences des PaP dans la recherche sur la maladie de Parkinson. <\/p>\n\n\n\n<p class=\"has-medium-font-size\">Nous sommes heureux d&rsquo;annoncer les r\u00e9sultats de financement de cette premi\u00e8re it\u00e9ration de ce programme et de pr\u00e9senter les projets qui ont \u00e9t\u00e9 retenus ! Nous tenons \u00e9galement \u00e0 remercier tous nos candidats pour leur d\u00e9vouement et leur concentration sur l&rsquo;am\u00e9lioration de la vie de ceux qui vivent avec la maladie de Parkinson. <\/p>\n<\/div>\n\n\n\n<div style=\"height:100px\" aria-hidden=\"true\" class=\"wp-block-spacer is-style-responsive-medium\"><\/div>\n\n\n\n<p><strong>Floriane Bretheau, <\/strong>Universit\u00e9 Laval <\/p>\n\n\n\n<p>Initiative d&rsquo;\u00e9ducation sur la maladie de Parkinson : traduire la sensibilisation et les connaissances sur la maladie de Parkinson aux communaut\u00e9s autochtones <\/p>\n\n\n\n<div style=\"height:100px\" aria-hidden=\"true\" class=\"wp-block-spacer is-style-responsive-xsmall\"><\/div>\n\n\n\n<p><strong>Jon Doan, <\/strong>Universit\u00e9 de Lethbridge <\/p>\n\n\n\n<p>Combler l&rsquo;\u00e9cart &#8211; Les besoins, int\u00e9r\u00eats et r\u00e9sultats de la recherche bas\u00e9e sur l&rsquo;exercice parmi les personnes vivant avec la maladie de Parkinson dans les centres r\u00e9gionaux-ruraux<\/p>\n\n\n\n<div style=\"height:100px\" aria-hidden=\"true\" class=\"wp-block-spacer is-style-responsive-xsmall\"><\/div>\n\n\n\n<p><strong>Hugh Johnston, <\/strong>H\u00f4pital Toronto Western (TWH) <\/p>\n\n\n\n<p>Conseil consultatif des patients de la clinique des troubles du mouvement TWH \u2013 s\u00e9rie vid\u00e9o sur les services de travail social dans la maladie de Parkinson <\/p>\n\n\n\n<div style=\"height:100px\" aria-hidden=\"true\" class=\"wp-block-spacer is-style-responsive-xsmall\"><\/div>\n\n\n\n<p><strong>Allyson Page, <\/strong>Universit\u00e9 Western <\/p>\n\n\n\n<p>Participation communicative dans la maladie de Parkinson : amplifier les exp\u00e9riences v\u00e9cues \u00e0 travers des r\u00e9cits vid\u00e9o <\/p>\n\n\n\n<div style=\"height:100px\" aria-hidden=\"true\" class=\"wp-block-spacer is-style-responsive-xsmall\"><\/div>\n\n\n\n<p><strong>Nadia Scantlebury, <\/strong>Universit\u00e9 de Toronto <\/p>\n\n\n\n<p>Une discussion dirig\u00e9e par les patients pour informer la diversit\u00e9 de genre et culturelle parmi les cohortes de Parkinson subissant des ultrasons focalis\u00e9s pour le tremblement pr\u00e9dominant <\/p>\n\n\n\n<div style=\"height:100px\" aria-hidden=\"true\" class=\"wp-block-spacer\"><\/div>\n","protected":false},"excerpt":{"rendered":"<p>Parkinson Canada s&rsquo;engage \u00e0 renforcer le lien entre les chercheurs et la communaut\u00e9 Parkinson en cr\u00e9ant de nouvelles voies pour impliquer les personnes affect\u00e9es par la maladie de Parkinson (PaP) tout au long du processus de recherche. Pour aider \u00e0 catalyser l&rsquo;implication des PaP dans la recherche, nous avons lanc\u00e9 un nouveau programme de subventions [&hellip;]<\/p>\n","protected":false},"author":90,"featured_media":49131,"parent":50582,"menu_order":0,"comment_status":"closed","ping_status":"closed","template":"","meta":{"_acf_changed":false,"footnotes":""},"class_list":["post-54782","page","type-page","status-publish","has-post-thumbnail","hentry"],"acf":[],"aioseo_notices":[],"_links":{"self":[{"href":"https:\/\/www.parkinson.ca\/fr\/wp-json\/wp\/v2\/pages\/54782","targetHints":{"allow":["GET"]}}],"collection":[{"href":"https:\/\/www.parkinson.ca\/fr\/wp-json\/wp\/v2\/pages"}],"about":[{"href":"https:\/\/www.parkinson.ca\/fr\/wp-json\/wp\/v2\/types\/page"}],"author":[{"embeddable":true,"href":"https:\/\/www.parkinson.ca\/fr\/wp-json\/wp\/v2\/users\/90"}],"replies":[{"embeddable":true,"href":"https:\/\/www.parkinson.ca\/fr\/wp-json\/wp\/v2\/comments?post=54782"}],"version-history":[{"count":2,"href":"https:\/\/www.parkinson.ca\/fr\/wp-json\/wp\/v2\/pages\/54782\/revisions"}],"predecessor-version":[{"id":54936,"href":"https:\/\/www.parkinson.ca\/fr\/wp-json\/wp\/v2\/pages\/54782\/revisions\/54936"}],"up":[{"embeddable":true,"href":"https:\/\/www.parkinson.ca\/fr\/wp-json\/wp\/v2\/pages\/50582"}],"wp:featuredmedia":[{"embeddable":true,"href":"https:\/\/www.parkinson.ca\/fr\/wp-json\/wp\/v2\/media\/49131"}],"wp:attachment":[{"href":"https:\/\/www.parkinson.ca\/fr\/wp-json\/wp\/v2\/media?parent=54782"}],"curies":[{"name":"wp","href":"https:\/\/api.w.org\/{rel}","templated":true}]}}