{"id":54188,"date":"2025-08-19T17:59:57","date_gmt":"2025-08-19T17:59:57","guid":{"rendered":"https:\/\/www.parkinson.ca\/defense-des-interests\/soumissions-au-gouvernement\/"},"modified":"2025-09-11T01:59:11","modified_gmt":"2025-09-11T01:59:11","slug":"soumissions-au-gouvernement","status":"publish","type":"page","link":"https:\/\/www.parkinson.ca\/fr\/defense-des-interests\/soumissions-au-gouvernement\/","title":{"rendered":"Soumissions au gouvernement"},"content":{"rendered":"\n<div class='overflow-image-text'>\n    <div class='editor-content'>\n        <div>\n            <div class='overflow-image-text-content has-background has-blue-background-color'>\n                <div class='inner-blocks'>\n                    <div class=\"acf-innerblocks-container\">\n\n<p><\/p>\n\n\n\n<p class=\"has-medium-font-size\">Parkinson Canada soumet des recommandations de financement et des id\u00e9es de politiques que nous voulons voir incluses dans les budgets f\u00e9d\u00e9raux et provinciaux annuels et dans tout r\u00e8glement de politique que les gouvernements cr\u00e9ent. Ces soumissions sont un outil de plaidoyer cl\u00e9 et soulignent nos principales priorit\u00e9s pour am\u00e9liorer les soins, la recherche et les soutiens li\u00e9s \u00e0 la maladie de Parkinson.   <\/p>\n\n\n\n<p><\/p>\n\n<\/div>\n                    <img loading=\"lazy\" decoding=\"async\" width=\"2560\" height=\"1920\" src=\"https:\/\/www.parkinson.ca\/wp-content\/uploads\/2025\/09\/Deputy-Speaker-DEntremont-Glenda-scaled.jpeg\" class=\"overflow-image\" alt=\"\" sizes=\"auto, (min-width: 768px) 50vw, 100vw\" srcset=\"https:\/\/www.parkinson.ca\/wp-content\/uploads\/2025\/09\/Deputy-Speaker-DEntremont-Glenda-scaled.jpeg 2560w, https:\/\/www.parkinson.ca\/wp-content\/uploads\/2025\/09\/Deputy-Speaker-DEntremont-Glenda-300x225.jpeg 300w, https:\/\/www.parkinson.ca\/wp-content\/uploads\/2025\/09\/Deputy-Speaker-DEntremont-Glenda-1024x768.jpeg 1024w, https:\/\/www.parkinson.ca\/wp-content\/uploads\/2025\/09\/Deputy-Speaker-DEntremont-Glenda-768x576.jpeg 768w, https:\/\/www.parkinson.ca\/wp-content\/uploads\/2025\/09\/Deputy-Speaker-DEntremont-Glenda-426x320.jpeg 426w, https:\/\/www.parkinson.ca\/wp-content\/uploads\/2025\/09\/Deputy-Speaker-DEntremont-Glenda-1440x1080.jpeg 1440w\" \/>                <\/div>\n            <\/div>\n        <\/div>    \n    <\/div>\n<\/div>\n\n\n<div style=\"height:100px\" aria-hidden=\"true\" class=\"wp-block-spacer\"><\/div>\n\n\n\n<div class=\"wp-block-group has-medium-font-size is-layout-flow wp-block-group-is-layout-flow\">\n<div class=\"wp-block-columns has-regular-font-size is-layout-flex wp-container-core-columns-is-layout-9d6595d7 wp-block-columns-is-layout-flex\">\n<div class=\"wp-block-column is-vertically-aligned-top is-layout-flow wp-block-column-is-layout-flow\" style=\"flex-basis:35%\">\n<h2 class=\"wp-block-heading has-blue-color has-text-color has-link-color has-xlarge-font-size wp-elements-2538bbe3cb74e724f32486d71651beff\">Soumissions f\u00e9d\u00e9rales<\/h2>\n<\/div>\n\n\n\n<div class=\"wp-block-column is-layout-flow wp-block-column-is-layout-flow\" style=\"padding-top:0;padding-bottom:0\">\n<div class=\"wp-block-columns is-style-default home-row no-gap-mobile is-layout-flex wp-container-core-columns-is-layout-9d6595d7 wp-block-columns-is-layout-flex\">\n<div class=\"wp-block-column is-vertically-aligned-center number-copy is-layout-flow wp-block-column-is-layout-flow\">\n<h5 class=\"wp-block-heading has-text-align-left\">Soumissions pr\u00e9-budg\u00e9taires<\/h5>\n\n\n\n<p class=\"has-text-align-left has-regular-font-size\">Chaque ann\u00e9e, Parkinson Canada partage ses recommandations pr\u00e9-budg\u00e9taires avec le gouvernement f\u00e9d\u00e9ral par le biais du Comit\u00e9 permanent des finances (FINA) et des consultations du minist\u00e8re des Finances. Cela permet de s&rsquo;assurer que la voix de la communaut\u00e9 de Parkinson est entendue par les d\u00e9cideurs. <\/p>\n<\/div>\n\n\n\n<div class=\"wp-block-column is-vertically-aligned-top is-layout-flow wp-block-column-is-layout-flow\">\n<div style=\"height:35px\" aria-hidden=\"true\" class=\"wp-block-spacer\"><\/div>\n\n\n\n    <div class='icon-link'>\n        <a  href='https:\/\/www.parkinson.ca\/wp-content\/uploads\/2025\/09\/F_Pre-Budget-Fall-2025.docx'\n                    >\n            Lisez notre derni\u00e8re soumission        <\/a>\n    <\/div>\n<\/div>\n<\/div>\n\n\n\n<div class='custom-link '>\n            <div style='width: 100%; height: 3px; background-color: var(--color--accent);'><\/div>\n    <\/div>\n\n\n<div class=\"wp-block-columns is-layout-flex wp-container-core-columns-is-layout-9d6595d7 wp-block-columns-is-layout-flex\">\n<div class=\"wp-block-column is-layout-flow wp-block-column-is-layout-flow\">\n<h5 class=\"wp-block-heading has-text-align-left\">Consultation sur les m\u00e9dicaments essentiels<\/h5>\n\n\n\n<p class=\"has-text-align-left has-regular-font-size\">L&rsquo;Agence canadienne des m\u00e9dicaments a sollicit\u00e9 des commentaires sur la cr\u00e9ation d&rsquo;une liste de m\u00e9dicaments essentiels sur ordonnance et de produits connexes dans le cadre d&rsquo;une \u00e9ventuelle expansion de l&rsquo;assurance-m\u00e9dicaments. La soumission de Parkinson Canada refl\u00e8te les commentaires des experts et les exp\u00e9riences de la communaut\u00e9. <\/p>\n<\/div>\n\n\n\n<div class=\"wp-block-column is-layout-flow wp-block-column-is-layout-flow\">\n<div style=\"height:35px\" aria-hidden=\"true\" class=\"wp-block-spacer\"><\/div>\n\n\n\n    <div class='icon-link'>\n        <a  href='https:\/\/www.parkinson.ca\/wp-content\/uploads\/2025\/09\/F_CDA-Consultation-2025-Essential-Drugs-Final.docx'\n                    >\n            Lisez notre soumission        <\/a>\n    <\/div>\n<\/div>\n<\/div>\n<\/div>\n<\/div>\n<\/div>\n\n\n\n<div style=\"height:100px\" aria-hidden=\"true\" class=\"wp-block-spacer\"><\/div>\n\n\n\n<div class='alignfull image-text-wrapper has-background has-blue-background-color'>\n    <div class='image-text-section'>\n        <div class='editor-content'>\n           <div class=\"adjust-left\">\n                                    <div class='empty-left-div'><\/div>\n                \n                <div class='image-text-section-content'>\n                    <div class=\"acf-innerblocks-container\">\n\n<h2 class=\"wp-block-heading\">Ontario  <\/h2>\n\n\n\n<p>Parkinson Canada soumet des recommandations pr\u00e9budg\u00e9taires au gouvernement de l&rsquo;Ontario lors de ses consultations pr\u00e9budg\u00e9taires. Nos recommandations sont fond\u00e9es sur ce que nous entendons de notre communaut\u00e9 et refl\u00e8tent ce qui aidera les Ontariens vivant avec la maladie de Parkinson.   <\/p>\n\n\n\n<div class=\"wp-block-buttons is-layout-flex wp-block-buttons-is-layout-flex\">\n<div class=\"wp-block-button\"><a class=\"wp-block-button__link wp-element-button\" href=\"https:\/\/www.parkinson.ca\/wp-content\/uploads\/2025\/08\/Parkinson-Canada-Ontario-2025-Pre-Budget-Submission.pdf\">Lisez notre m\u00e9moire pr\u00e9-budg\u00e9taire<\/a><\/div>\n<\/div>\n\n\n\n<p>Ce document n&rsquo;est disponible qu&rsquo;en anglais.<\/p>\n\n<\/div>\n                <\/div>\n           <\/div>\n        <\/div>\n    <\/div>\n    <img loading=\"lazy\" decoding=\"async\" width=\"600\" height=\"800\" src=\"https:\/\/www.parkinson.ca\/wp-content\/uploads\/2025\/09\/ZEE-Hamid-Photo-l_IMG_4142.jpg\" class=\"image-section left\" alt=\"\" sizes=\"auto, (min-width: 768px) 50vw, 100vw\" srcset=\"https:\/\/www.parkinson.ca\/wp-content\/uploads\/2025\/09\/ZEE-Hamid-Photo-l_IMG_4142.jpg 600w, https:\/\/www.parkinson.ca\/wp-content\/uploads\/2025\/09\/ZEE-Hamid-Photo-l_IMG_4142-225x300.jpg 225w, https:\/\/www.parkinson.ca\/wp-content\/uploads\/2025\/09\/ZEE-Hamid-Photo-l_IMG_4142-426x568.jpg 426w\" \/><\/div>\n\n\n<div style=\"height:100px\" aria-hidden=\"true\" class=\"wp-block-spacer\"><\/div>\n\n\n\n<div class=\"wp-block-columns are-vertically-aligned-center is-layout-flex wp-container-core-columns-is-layout-9d6595d7 wp-block-columns-is-layout-flex\">\n<div class=\"wp-block-column is-vertically-aligned-center is-layout-flow wp-block-column-is-layout-flow\">\n<h2 class=\"wp-block-heading\">Nouvelle-\u00c9cosse<\/h2>\n\n\n\n<p>Parkinson Canada soumet des recommandations pr\u00e9budg\u00e9taires au gouvernement de la Nouvelle-\u00c9cosse lors de ses consultations pr\u00e9budg\u00e9taires. Nos recommandations proviennent de ce que nous entendons de notre communaut\u00e9 et refl\u00e8tent ce qui aidera les N\u00e9o-\u00c9cossais vivant avec la maladie de Parkinson. <\/p>\n\n\n\n<div class=\"wp-block-buttons is-layout-flex wp-block-buttons-is-layout-flex\">\n<div class=\"wp-block-button\"><a class=\"wp-block-button__link wp-element-button\" href=\"https:\/\/www.parkinson.ca\/wp-content\/uploads\/2025\/08\/Parkinson-Canada-Pre-Budget-Submission-Nova-Scotia-2025-26.pdf\">Lisez notre m\u00e9moire pr\u00e9-budg\u00e9taire<\/a><\/div>\n<\/div>\n\n\n\n<p>Ce document n&rsquo;est disponible qu&rsquo;en anglais.<\/p>\n<\/div>\n\n\n\n<div class=\"wp-block-column is-vertically-aligned-center is-layout-flow wp-block-column-is-layout-flow\">\n<figure class=\"wp-block-image aligncenter size-large is-resized\"><img loading=\"lazy\" decoding=\"async\" width=\"1024\" height=\"1024\" src=\"https:\/\/www.parkinson.ca\/wp-content\/uploads\/2025\/09\/NSNEW-1024x1024.png\" alt=\"\" class=\"wp-image-54179\" style=\"width:418px;height:auto\" srcset=\"https:\/\/www.parkinson.ca\/wp-content\/uploads\/2025\/09\/NSNEW-1024x1024.png 1024w, https:\/\/www.parkinson.ca\/wp-content\/uploads\/2025\/09\/NSNEW-300x300.png 300w, https:\/\/www.parkinson.ca\/wp-content\/uploads\/2025\/09\/NSNEW-150x150.png 150w, https:\/\/www.parkinson.ca\/wp-content\/uploads\/2025\/09\/NSNEW-768x768.png 768w, https:\/\/www.parkinson.ca\/wp-content\/uploads\/2025\/09\/NSNEW-426x426.png 426w, https:\/\/www.parkinson.ca\/wp-content\/uploads\/2025\/09\/NSNEW.png 1080w\" sizes=\"auto, (max-width: 1024px) 100vw, 1024px\" \/><\/figure>\n<\/div>\n<\/div>\n\n\n\n<div style=\"height:100px\" aria-hidden=\"true\" class=\"wp-block-spacer\"><\/div>\n\n\n\n<div class=\"wp-block-group alignfull has-grey-background-color has-background is-layout-constrained wp-block-group-is-layout-constrained\">\n<div class=\"wp-block-media-text is-stacked-on-mobile has-grey-background-color has-background\" style=\"grid-template-columns:52% auto\"><figure class=\"wp-block-media-text__media\"><img loading=\"lazy\" decoding=\"async\" width=\"1024\" height=\"768\" src=\"https:\/\/parkinson.ca\/wp-content\/uploads\/2025\/01\/nick-morrison-FHnnjk1Yj7Y-unsplash-1024x768.jpg\" alt=\"\" class=\"wp-image-45840 size-full\" srcset=\"https:\/\/www.parkinson.ca\/wp-content\/uploads\/2025\/01\/nick-morrison-FHnnjk1Yj7Y-unsplash-1024x768.jpg 1024w, https:\/\/www.parkinson.ca\/wp-content\/uploads\/2025\/01\/nick-morrison-FHnnjk1Yj7Y-unsplash-300x225.jpg 300w, https:\/\/www.parkinson.ca\/wp-content\/uploads\/2025\/01\/nick-morrison-FHnnjk1Yj7Y-unsplash-768x576.jpg 768w, https:\/\/www.parkinson.ca\/wp-content\/uploads\/2025\/01\/nick-morrison-FHnnjk1Yj7Y-unsplash-426x320.jpg 426w, https:\/\/www.parkinson.ca\/wp-content\/uploads\/2025\/01\/nick-morrison-FHnnjk1Yj7Y-unsplash-1440x1080.jpg 1440w\" sizes=\"auto, (max-width: 1024px) 100vw, 1024px\" \/><\/figure><div class=\"wp-block-media-text__content\">\n<h2 class=\"wp-block-heading\">Restez inform\u00e9<\/h2>\n\n\n\n<p>Pour bien vivre, il est important de rester inform\u00e9. Inscrivez-vous ici pour recevoir des informations sur les nouvelles ressources et les possibilit\u00e9s d&rsquo;implication au niveau local et national.<\/p>\n\n\n\n<div class=\"wp-block-buttons is-layout-flex wp-block-buttons-is-layout-flex\">\n<div class=\"wp-block-button\"><a class=\"wp-block-button__link wp-element-button\" href=\"https:\/\/donate.parkinson.ca\/site\/SSurvey?ACTION_REQUIRED=URI_ACTION_USER_REQUESTS&amp;SURVEY_ID=7044&amp;NONCE_TOKEN=A625B187508604138B182B38AD43FB3E\/&amp;s_locale=fr_CA\">Inscrivez-vous pour recevoir les mises \u00e0 jour<\/a><\/div>\n<\/div>\n<\/div><\/div>\n<\/div>\n","protected":false},"excerpt":{"rendered":"<p>Soumissions f\u00e9d\u00e9rales Soumissions pr\u00e9-budg\u00e9taires Chaque ann\u00e9e, Parkinson Canada partage ses recommandations pr\u00e9-budg\u00e9taires avec le gouvernement f\u00e9d\u00e9ral par le biais du Comit\u00e9 permanent des finances (FINA) et des consultations du minist\u00e8re des Finances. Cela permet de s&rsquo;assurer que la voix de la communaut\u00e9 de Parkinson est entendue par les d\u00e9cideurs. Consultation sur les m\u00e9dicaments essentiels L&rsquo;Agence [&hellip;]<\/p>\n","protected":false},"author":90,"featured_media":53805,"parent":44754,"menu_order":0,"comment_status":"closed","ping_status":"closed","template":"","meta":{"_acf_changed":false,"footnotes":""},"class_list":["post-54188","page","type-page","status-publish","has-post-thumbnail","hentry"],"acf":[],"aioseo_notices":[],"_links":{"self":[{"href":"https:\/\/www.parkinson.ca\/fr\/wp-json\/wp\/v2\/pages\/54188","targetHints":{"allow":["GET"]}}],"collection":[{"href":"https:\/\/www.parkinson.ca\/fr\/wp-json\/wp\/v2\/pages"}],"about":[{"href":"https:\/\/www.parkinson.ca\/fr\/wp-json\/wp\/v2\/types\/page"}],"author":[{"embeddable":true,"href":"https:\/\/www.parkinson.ca\/fr\/wp-json\/wp\/v2\/users\/90"}],"replies":[{"embeddable":true,"href":"https:\/\/www.parkinson.ca\/fr\/wp-json\/wp\/v2\/comments?post=54188"}],"version-history":[{"count":3,"href":"https:\/\/www.parkinson.ca\/fr\/wp-json\/wp\/v2\/pages\/54188\/revisions"}],"predecessor-version":[{"id":54214,"href":"https:\/\/www.parkinson.ca\/fr\/wp-json\/wp\/v2\/pages\/54188\/revisions\/54214"}],"up":[{"embeddable":true,"href":"https:\/\/www.parkinson.ca\/fr\/wp-json\/wp\/v2\/pages\/44754"}],"wp:featuredmedia":[{"embeddable":true,"href":"https:\/\/www.parkinson.ca\/fr\/wp-json\/wp\/v2\/media\/53805"}],"wp:attachment":[{"href":"https:\/\/www.parkinson.ca\/fr\/wp-json\/wp\/v2\/media?parent=54188"}],"curies":[{"name":"wp","href":"https:\/\/api.w.org\/{rel}","templated":true}]}}