{"id":54175,"date":"2025-08-19T21:12:14","date_gmt":"2025-08-19T21:12:14","guid":{"rendered":"https:\/\/www.parkinson.ca\/defense-des-interests\/rapports-de-plaidoyer\/"},"modified":"2025-09-11T01:56:52","modified_gmt":"2025-09-11T01:56:52","slug":"rapports-de-plaidoyer","status":"publish","type":"page","link":"https:\/\/www.parkinson.ca\/fr\/defense-des-interests\/rapports-de-plaidoyer\/","title":{"rendered":"Rapports de plaidoyer"},"content":{"rendered":"\n<p class=\"has-medium-font-size\">Les rapports d&rsquo;action sociale de Parkinson Canada fournissent des preuves et un contexte pour les probl\u00e8mes auxquels la communaut\u00e9 de Parkinson est confront\u00e9e. Qu&rsquo;il s&rsquo;agisse de leur capacit\u00e9 \u00e0 acc\u00e9der aux soins, des exp\u00e9riences personnelles des personnes atteintes de Parkinson ou de l&rsquo;impact de la maladie sur l&rsquo;\u00e9conomie canadienne, ces informations sont toutes partag\u00e9es ici. Ces rapports sont essentiels non seulement pour sensibiliser le public, mais aussi pour aider \u00e0 d\u00e9finir nos priorit\u00e9s en mati\u00e8re de d\u00e9fense des int\u00e9r\u00eats.    <\/p>\n\n\n\n<div style=\"height:100px\" aria-hidden=\"true\" class=\"wp-block-spacer is-style-responsive-small\"><\/div>\n\n\n\n<figure class=\"wp-block-gallery has-nested-images columns-3 is-cropped wp-block-gallery-1 is-layout-flex wp-block-gallery-is-layout-flex\">\n<figure class=\"wp-block-image size-medium_large\"><img loading=\"lazy\" decoding=\"async\" width=\"768\" height=\"638\" data-id=\"53869\" src=\"https:\/\/www.parkinson.ca\/wp-content\/uploads\/2025\/08\/pgjb6dxphumikzh5647gjamedia-5-768x638.jpg\" alt=\"\" class=\"wp-image-53869\" srcset=\"https:\/\/www.parkinson.ca\/wp-content\/uploads\/2025\/08\/pgjb6dxphumikzh5647gjamedia-5-768x638.jpg 768w, https:\/\/www.parkinson.ca\/wp-content\/uploads\/2025\/08\/pgjb6dxphumikzh5647gjamedia-5-300x249.jpg 300w, https:\/\/www.parkinson.ca\/wp-content\/uploads\/2025\/08\/pgjb6dxphumikzh5647gjamedia-5-426x354.jpg 426w, https:\/\/www.parkinson.ca\/wp-content\/uploads\/2025\/08\/pgjb6dxphumikzh5647gjamedia-5.jpg 960w\" sizes=\"auto, (max-width: 768px) 100vw, 768px\" \/><figcaption class=\"wp-element-caption\">Le d\u00e9put\u00e9 Gord Johns, porte-parole du NPD en mati\u00e8re de sant\u00e9, en compagnie d&rsquo;un repr\u00e9sentant de Parkinson Canada.<\/figcaption><\/figure>\n\n\n\n<figure class=\"wp-block-image size-medium_large\"><img loading=\"lazy\" decoding=\"async\" width=\"768\" height=\"837\" data-id=\"53867\" src=\"https:\/\/www.parkinson.ca\/wp-content\/uploads\/2025\/08\/Advocacy-team-on-the-hill-768x837.avif\" alt=\"\" class=\"wp-image-53867\" srcset=\"https:\/\/www.parkinson.ca\/wp-content\/uploads\/2025\/08\/Advocacy-team-on-the-hill-768x837.avif 768w, https:\/\/www.parkinson.ca\/wp-content\/uploads\/2025\/08\/Advocacy-team-on-the-hill-275x300.avif 275w, https:\/\/www.parkinson.ca\/wp-content\/uploads\/2025\/08\/Advocacy-team-on-the-hill-426x464.avif 426w, https:\/\/www.parkinson.ca\/wp-content\/uploads\/2025\/08\/Advocacy-team-on-the-hill.avif 876w\" sizes=\"auto, (max-width: 768px) 100vw, 768px\" \/><figcaption class=\"wp-element-caption\">L&rsquo;\u00e9quipe de plaidoyer sur la colline d&rsquo;Ottawa<\/figcaption><\/figure>\n\n\n\n<figure class=\"wp-block-image size-medium_large\"><img loading=\"lazy\" decoding=\"async\" width=\"768\" height=\"578\" data-id=\"53828\" src=\"https:\/\/www.parkinson.ca\/wp-content\/uploads\/2025\/08\/li-jiang-speaking-at-roundtable-2-1-768x578.jpg\" alt=\"\" class=\"wp-image-53828\" srcset=\"https:\/\/www.parkinson.ca\/wp-content\/uploads\/2025\/08\/li-jiang-speaking-at-roundtable-2-1-768x578.jpg 768w, https:\/\/www.parkinson.ca\/wp-content\/uploads\/2025\/08\/li-jiang-speaking-at-roundtable-2-1-300x226.jpg 300w, https:\/\/www.parkinson.ca\/wp-content\/uploads\/2025\/08\/li-jiang-speaking-at-roundtable-2-1-1024x771.jpg 1024w, https:\/\/www.parkinson.ca\/wp-content\/uploads\/2025\/08\/li-jiang-speaking-at-roundtable-2-1-426x321.jpg 426w, https:\/\/www.parkinson.ca\/wp-content\/uploads\/2025\/08\/li-jiang-speaking-at-roundtable-2-1-1434x1080.jpg 1434w\" sizes=\"auto, (max-width: 768px) 100vw, 768px\" \/><figcaption class=\"wp-element-caption\">Li s&rsquo;exprime lors de notre table ronde organis\u00e9e sur la Colline du Parlement en octobre 2024<\/figcaption><\/figure>\n<\/figure>\n\n\n\n<div style=\"height:100px\" aria-hidden=\"true\" class=\"wp-block-spacer is-style-responsive-small\"><\/div>\n\n\n\n<div class='custom-link '>\n            <div style='width: 100%; height: 3px; background-color: var(--color--accent);'><\/div>\n    <\/div>\n\n\n<div class=\"wp-block-columns is-layout-flex wp-container-core-columns-is-layout-9d6595d7 wp-block-columns-is-layout-flex\">\n<div class=\"wp-block-column is-layout-flow wp-block-column-is-layout-flow\" style=\"flex-basis:5%\">\n<h2 class=\"wp-block-heading has-blue-color has-text-color has-link-color has-xxlarge-font-size wp-elements-9d9542d94eebdd70a2dde444a87ef81c\">1<\/h2>\n<\/div>\n\n\n\n<div class=\"wp-block-column is-layout-flow wp-block-column-is-layout-flow\">\n<h3 class=\"wp-block-heading has-blue-color has-text-color has-link-color wp-elements-9449fcb48ebdfeea12473e5a0c995816\">Rapports de tables rondes<\/h3>\n\n\n\n<p>Nos rapports de tables rondes pr\u00e9sentent les r\u00e9sultats de 8 tables rondes r\u00e9gionales et d&rsquo;une table ronde nationale qui ont rassembl\u00e9 plus de 150 personnes de tout le Canada. Parmi les participants figuraient des personnes atteintes de la maladie de Parkinson, des partenaires de soins, des professionnels de la sant\u00e9 et des organisations r\u00e9gionales. <\/p>\n\n\n\n<p>L&rsquo;objectif \u00e9tait d&rsquo;\u00e9couter les exp\u00e9riences r\u00e9elles, d&rsquo;identifier les besoins non satisfaits et de mettre en \u00e9vidence les questions cl\u00e9s qui fa\u00e7onnent les soins aux personnes atteintes de la maladie de Parkinson dans les perspectives provinciales, territoriales et nationales. Ces informations guident d\u00e9sormais le travail de d\u00e9fense des int\u00e9r\u00eats de Parkinson Canada. <\/p>\n\n\n\n<div class=\"wp-block-buttons is-layout-flex wp-block-buttons-is-layout-flex\">\n<div class=\"wp-block-button\"><a class=\"wp-block-button__link wp-element-button\" href=\"https:\/\/www.parkinson.ca\/wp-content\/uploads\/2025\/08\/Parkinson-Canada-National-Roundtable-Report-1.pdf\">Lire le rapport de la table ronde nationale  <\/a><\/div>\n<\/div>\n\n\n\n<p>Ce rapport n&rsquo;est disponible qu&rsquo;en anglais.<\/p>\n<\/div>\n<\/div>\n\n\n\n<div class='custom-link '>\n            <div style='width: 100%; height: 3px; background-color: var(--color--accent);'><\/div>\n    <\/div>\n\n\n<div class=\"wp-block-columns is-layout-flex wp-container-core-columns-is-layout-9d6595d7 wp-block-columns-is-layout-flex\" id=\"KMRIF\">\n<div class=\"wp-block-column is-layout-flow wp-block-column-is-layout-flow\" style=\"flex-basis:5%\">\n<h2 class=\"wp-block-heading has-blue-color has-text-color has-link-color has-xxlarge-font-size wp-elements-43638921ddeec2c2e9c18eb01be22a9a\">2<\/h2>\n<\/div>\n\n\n\n<div class=\"wp-block-column is-layout-flow wp-block-column-is-layout-flow\">\n<h3 class=\"wp-block-heading has-blue-color has-text-color has-link-color wp-elements-dd218470a4e2b151f7abb5b1a8f8135c\">Rapport sur la charge \u00e9conomique  <\/h3>\n\n\n\n<p>Le rapport Le fardeau \u00e9conomique de la maladie de Parkinson au Canada r\u00e9v\u00e8le les co\u00fbts financiers stup\u00e9fiants de la vie avec la maladie de Parkinson pour les individus, les familles et le syst\u00e8me de sant\u00e9. La maladie de Parkinson n&rsquo;est pas seulement une affection m\u00e9dicale, c&rsquo;est aussi une crise financi\u00e8re pour des milliers de Canadiens. <\/p>\n\n\n\n<p>Gr\u00e2ce \u00e0 cette recherche, nous amplifions les r\u00e9cits que nous entendons chaque jour de notre communaut\u00e9 sur les d\u00e9fis financiers insurmontables auxquels elle est confront\u00e9e. Ces r\u00e9sultats alimentent notre lutte pour un meilleur soutien et un changement de politique. <\/p>\n\n\n\n<div class=\"wp-block-buttons is-layout-flex wp-block-buttons-is-layout-flex\">\n<div class=\"wp-block-button\"><a class=\"wp-block-button__link wp-element-button\" href=\"https:\/\/www.parkinsonspricetag.ca\/home-fr\" target=\"_blank\" rel=\"noreferrer noopener\">D\u00e9couvrez comment vous pouvez agir<\/a><\/div>\n\n\n\n<div class=\"wp-block-button\"><a class=\"wp-block-button__link wp-element-button\" href=\"https:\/\/www.parkinson.ca\/wp-content\/uploads\/Final-FR-Economic-burden-of-living-with-PD.pdf\">Lisez le rapport complet<\/a><\/div>\n<\/div>\n\n\n\n<p><\/p>\n<\/div>\n<\/div>\n\n\n\n<div class='custom-link '>\n            <div style='width: 100%; height: 3px; background-color: var(--color--accent);'><\/div>\n    <\/div>\n\n\n<div class=\"wp-block-columns is-layout-flex wp-container-core-columns-is-layout-9d6595d7 wp-block-columns-is-layout-flex\">\n<div class=\"wp-block-column is-layout-flow wp-block-column-is-layout-flow\" style=\"flex-basis:5%\">\n<h2 class=\"wp-block-heading has-blue-color has-text-color has-link-color has-xxlarge-font-size wp-elements-3c2babda50be70032d08d781d418fd6b\">3<\/h2>\n<\/div>\n\n\n\n<div class=\"wp-block-column is-layout-flow wp-block-column-is-layout-flow\">\n<h3 class=\"wp-block-heading has-blue-color has-text-color has-link-color wp-elements-f3d7e949f59dc8770ef8f480a3bd81f4\">Rapport sur les parcours de soins<\/h3>\n\n\n\n<p>Le rapport sur les parcours de soins d\u00e9crit le parcours de soins id\u00e9al d&rsquo;une personne atteinte de la maladie de Parkinson et l&rsquo;\u00e9tat d&rsquo;avancement de notre syst\u00e8me actuel. Il identifie les marqueurs essentiels de la qualit\u00e9 des soins qui aident les personnes \u00e0 bien vivre avec la maladie de Parkinson et met en \u00e9vidence les domaines o\u00f9 des am\u00e9liorations sont n\u00e9cessaires de toute urgence. <\/p>\n\n\n\n<p class=\"has-sky-blue-color has-text-color has-link-color wp-elements-c214321e6815cc067fadbde82ab94c54\"><em>\u00c0 venir prochainement.<\/em><\/p>\n<\/div>\n<\/div>\n\n\n\n<div style=\"height:100px\" aria-hidden=\"true\" class=\"wp-block-spacer\"><\/div>\n\n\n\n<div class=\"wp-block-group alignfull has-grey-background-color has-background is-layout-constrained wp-block-group-is-layout-constrained\">\n<div class=\"wp-block-media-text is-stacked-on-mobile has-grey-background-color has-background\" style=\"grid-template-columns:29% auto\"><figure class=\"wp-block-media-text__media\"><img loading=\"lazy\" decoding=\"async\" width=\"1024\" height=\"1024\" src=\"https:\/\/www.parkinson.ca\/wp-content\/uploads\/2025\/03\/Web-square-elements-1024x1024.png\" alt=\"\" class=\"wp-image-50884 size-full\" srcset=\"https:\/\/www.parkinson.ca\/wp-content\/uploads\/2025\/03\/Web-square-elements-1024x1024.png 1024w, https:\/\/www.parkinson.ca\/wp-content\/uploads\/2025\/03\/Web-square-elements-300x300.png 300w, https:\/\/www.parkinson.ca\/wp-content\/uploads\/2025\/03\/Web-square-elements-150x150.png 150w, https:\/\/www.parkinson.ca\/wp-content\/uploads\/2025\/03\/Web-square-elements-768x768.png 768w, https:\/\/www.parkinson.ca\/wp-content\/uploads\/2025\/03\/Web-square-elements-426x426.png 426w, https:\/\/www.parkinson.ca\/wp-content\/uploads\/2025\/03\/Web-square-elements.png 1080w\" sizes=\"auto, (max-width: 1024px) 100vw, 1024px\" \/><\/figure><div class=\"wp-block-media-text__content\">\n<h2 class=\"wp-block-heading has-large-font-size\">Restez inform\u00e9.  <strong>Restez autonome.<\/strong><\/h2>\n\n\n\n<p class=\"has-regular-font-size\">Rejoignez notre communaut\u00e9 et recevez les derni\u00e8res mises \u00e0 jour sur la recherche, la d\u00e9fense, les \u00e9v\u00e9nements et les ressources li\u00e9s \u00e0 la maladie de Parkinson, directement dans votre bo\u00eete aux lettres \u00e9lectronique.<\/p>\n\n\n\n<p class=\"has-regular-font-size\"><strong>Inscrivez-vous d\u00e8s aujourd&rsquo;hui et participez au mouvement !<\/strong><\/p>\n\n\n\n<div class=\"wp-block-buttons is-layout-flex wp-block-buttons-is-layout-flex\">\n<div class=\"wp-block-button\"><a class=\"wp-block-button__link wp-element-button\" href=\"https:\/\/donate.parkinson.ca\/site\/SSurvey?ACTION_REQUIRED=URI_ACTION_USER_REQUESTS&amp;SURVEY_ID=7044&amp;NONCE_TOKEN=A625B187508604138B182B38AD43FB3E\/&amp;s_locale=fr_CA\">S&rsquo;abonner<\/a><\/div>\n<\/div>\n<\/div><\/div>\n<\/div>\n\n\n\n<p><\/p>\n","protected":false},"excerpt":{"rendered":"<p>Les rapports d&rsquo;action sociale de Parkinson Canada fournissent des preuves et un contexte pour les probl\u00e8mes auxquels la communaut\u00e9 de Parkinson est confront\u00e9e. Qu&rsquo;il s&rsquo;agisse de leur capacit\u00e9 \u00e0 acc\u00e9der aux soins, des exp\u00e9riences personnelles des personnes atteintes de Parkinson ou de l&rsquo;impact de la maladie sur l&rsquo;\u00e9conomie canadienne, ces informations sont toutes partag\u00e9es ici. [&hellip;]<\/p>\n","protected":false},"author":90,"featured_media":53868,"parent":44754,"menu_order":0,"comment_status":"closed","ping_status":"closed","template":"","meta":{"_acf_changed":false,"footnotes":""},"class_list":["post-54175","page","type-page","status-publish","has-post-thumbnail","hentry"],"acf":[],"aioseo_notices":[],"_links":{"self":[{"href":"https:\/\/www.parkinson.ca\/fr\/wp-json\/wp\/v2\/pages\/54175","targetHints":{"allow":["GET"]}}],"collection":[{"href":"https:\/\/www.parkinson.ca\/fr\/wp-json\/wp\/v2\/pages"}],"about":[{"href":"https:\/\/www.parkinson.ca\/fr\/wp-json\/wp\/v2\/types\/page"}],"author":[{"embeddable":true,"href":"https:\/\/www.parkinson.ca\/fr\/wp-json\/wp\/v2\/users\/90"}],"replies":[{"embeddable":true,"href":"https:\/\/www.parkinson.ca\/fr\/wp-json\/wp\/v2\/comments?post=54175"}],"version-history":[{"count":5,"href":"https:\/\/www.parkinson.ca\/fr\/wp-json\/wp\/v2\/pages\/54175\/revisions"}],"predecessor-version":[{"id":54206,"href":"https:\/\/www.parkinson.ca\/fr\/wp-json\/wp\/v2\/pages\/54175\/revisions\/54206"}],"up":[{"embeddable":true,"href":"https:\/\/www.parkinson.ca\/fr\/wp-json\/wp\/v2\/pages\/44754"}],"wp:featuredmedia":[{"embeddable":true,"href":"https:\/\/www.parkinson.ca\/fr\/wp-json\/wp\/v2\/media\/53868"}],"wp:attachment":[{"href":"https:\/\/www.parkinson.ca\/fr\/wp-json\/wp\/v2\/media?parent=54175"}],"curies":[{"name":"wp","href":"https:\/\/api.w.org\/{rel}","templated":true}]}}