{"id":53516,"date":"2025-07-24T21:26:48","date_gmt":"2025-07-24T21:26:48","guid":{"rendered":"https:\/\/www.parkinson.ca\/recherche\/participez-a-la-recherche\/"},"modified":"2025-09-17T15:20:26","modified_gmt":"2025-09-17T15:20:26","slug":"participez-a-la-recherche","status":"publish","type":"page","link":"https:\/\/www.parkinson.ca\/fr\/recherche\/participez-a-la-recherche\/","title":{"rendered":"Participez \u00e0 la recherche"},"content":{"rendered":"\n<div class=\"wp-block-cover has-blue-color has-text-color has-link-color wp-elements-549845a12cff320dbe19efea218cbf3a\"><img loading=\"lazy\" decoding=\"async\" width=\"2560\" height=\"1707\" class=\"wp-block-cover__image-background wp-image-53499\" alt=\"\" src=\"https:\/\/www.parkinson.ca\/wp-content\/uploads\/2025\/07\/age-cymru-2AcmCqyp5VQ-unsplash-scaled.jpg\" data-object-fit=\"cover\" srcset=\"https:\/\/www.parkinson.ca\/wp-content\/uploads\/2025\/07\/age-cymru-2AcmCqyp5VQ-unsplash-scaled.jpg 2560w, https:\/\/www.parkinson.ca\/wp-content\/uploads\/2025\/07\/age-cymru-2AcmCqyp5VQ-unsplash-300x200.jpg 300w, https:\/\/www.parkinson.ca\/wp-content\/uploads\/2025\/07\/age-cymru-2AcmCqyp5VQ-unsplash-1024x683.jpg 1024w, https:\/\/www.parkinson.ca\/wp-content\/uploads\/2025\/07\/age-cymru-2AcmCqyp5VQ-unsplash-768x512.jpg 768w, https:\/\/www.parkinson.ca\/wp-content\/uploads\/2025\/07\/age-cymru-2AcmCqyp5VQ-unsplash-426x284.jpg 426w\" sizes=\"auto, (max-width: 2560px) 100vw, 2560px\" \/><span aria-hidden=\"true\" class=\"wp-block-cover__background has-blue-background-color has-background-dim-30 has-background-dim\"><\/span><div class=\"wp-block-cover__inner-container is-layout-constrained wp-block-cover-is-layout-constrained\">\n<p class=\"has-text-align-center has-base-color has-text-color has-link-color has-xlarge-font-size wp-elements-ec1684fb8b582a12303342d48d995ad9\"><strong>Votre voix peut fa\u00e7onner l&rsquo;avenir de la recherche sur la maladie de Parkinson.<\/strong><\/p>\n<\/div><\/div>\n\n\n\n<div style=\"height:100px\" aria-hidden=\"true\" class=\"wp-block-spacer\"><\/div>\n\n\n\n<hr class=\"wp-block-separator has-alpha-channel-opacity\"\/>\n\n\n\n<div style=\"height:100px\" aria-hidden=\"true\" class=\"wp-block-spacer is-style-responsive-xsmall\"><\/div>\n\n\n\n<div class=\"wp-block-group is-layout-constrained wp-block-group-is-layout-constrained\">\n<h2 class=\"wp-block-heading has-text-align-center\">Possibilit\u00e9s actuelles de participer \u00e0 la recherche<\/h2>\n\n\n\n<p class=\"has-text-align-center\">Explorez les \u00e9tudes qui recrutent activement des participants. De nouvelles opportunit\u00e9s sont ajout\u00e9es r\u00e9guli\u00e8rement et peuvent varier en fonction du lieu, de la r\u00e9mun\u00e9ration ou du domaine. <\/p>\n\n\n\n<div class=\"wp-block-buttons is-content-justification-center is-layout-flex wp-container-core-buttons-is-layout-16018d1d wp-block-buttons-is-layout-flex\">\n<div class=\"wp-block-button\"><a class=\"wp-block-button__link wp-element-button\" href=\"https:\/\/www.parkinson.ca\/clinical-trial\/\">Consultez les \u00e9tudes en cours<\/a><\/div>\n\n\n\n<div class=\"wp-block-button\"><a class=\"wp-block-button__link wp-element-button\" href=\"https:\/\/www.parkinson.ca\/fr\/recherche\/foire-aux-questions-sur-les-essais-cliniques\/\">FAQ sur les essais cliniques<\/a><\/div>\n<\/div>\n\n\n\n<figure class=\"wp-block-gallery has-nested-images columns-3 is-cropped wp-block-gallery-1 is-layout-flex wp-block-gallery-is-layout-flex\">\n<figure class=\"wp-block-image size-medium\"><img loading=\"lazy\" decoding=\"async\" width=\"300\" height=\"200\" data-id=\"53497\" src=\"https:\/\/www.parkinson.ca\/wp-content\/uploads\/2025\/07\/brooke-cagle-uHVRvDr7pg-unsplash-300x200.jpg\" alt=\"\" class=\"wp-image-53497\" srcset=\"https:\/\/www.parkinson.ca\/wp-content\/uploads\/2025\/07\/brooke-cagle-uHVRvDr7pg-unsplash-300x200.jpg 300w, https:\/\/www.parkinson.ca\/wp-content\/uploads\/2025\/07\/brooke-cagle-uHVRvDr7pg-unsplash-1024x683.jpg 1024w, https:\/\/www.parkinson.ca\/wp-content\/uploads\/2025\/07\/brooke-cagle-uHVRvDr7pg-unsplash-768x512.jpg 768w, https:\/\/www.parkinson.ca\/wp-content\/uploads\/2025\/07\/brooke-cagle-uHVRvDr7pg-unsplash-426x284.jpg 426w, https:\/\/www.parkinson.ca\/wp-content\/uploads\/2025\/07\/brooke-cagle-uHVRvDr7pg-unsplash-1620x1080.jpg 1620w\" sizes=\"auto, (max-width: 300px) 100vw, 300px\" \/><\/figure>\n\n\n\n<figure class=\"wp-block-image size-medium\"><img loading=\"lazy\" decoding=\"async\" width=\"300\" height=\"200\" data-id=\"53504\" src=\"https:\/\/www.parkinson.ca\/wp-content\/uploads\/2025\/07\/trnava-university-Ge5pxsrGNGU-unsplash-300x200.jpg\" alt=\"\" class=\"wp-image-53504\" srcset=\"https:\/\/www.parkinson.ca\/wp-content\/uploads\/2025\/07\/trnava-university-Ge5pxsrGNGU-unsplash-300x200.jpg 300w, https:\/\/www.parkinson.ca\/wp-content\/uploads\/2025\/07\/trnava-university-Ge5pxsrGNGU-unsplash-1024x683.jpg 1024w, https:\/\/www.parkinson.ca\/wp-content\/uploads\/2025\/07\/trnava-university-Ge5pxsrGNGU-unsplash-768x512.jpg 768w, https:\/\/www.parkinson.ca\/wp-content\/uploads\/2025\/07\/trnava-university-Ge5pxsrGNGU-unsplash-426x284.jpg 426w, https:\/\/www.parkinson.ca\/wp-content\/uploads\/2025\/07\/trnava-university-Ge5pxsrGNGU-unsplash-1620x1080.jpg 1620w\" sizes=\"auto, (max-width: 300px) 100vw, 300px\" \/><\/figure>\n\n\n\n<figure class=\"wp-block-image size-medium\"><img loading=\"lazy\" decoding=\"async\" width=\"300\" height=\"200\" data-id=\"53507\" src=\"https:\/\/www.parkinson.ca\/wp-content\/uploads\/2025\/07\/dylan-gillis-KdeqA3aTnBY-unsplash-300x200.jpg\" alt=\"\" class=\"wp-image-53507\" srcset=\"https:\/\/www.parkinson.ca\/wp-content\/uploads\/2025\/07\/dylan-gillis-KdeqA3aTnBY-unsplash-300x200.jpg 300w, https:\/\/www.parkinson.ca\/wp-content\/uploads\/2025\/07\/dylan-gillis-KdeqA3aTnBY-unsplash-1024x683.jpg 1024w, https:\/\/www.parkinson.ca\/wp-content\/uploads\/2025\/07\/dylan-gillis-KdeqA3aTnBY-unsplash-768x512.jpg 768w, https:\/\/www.parkinson.ca\/wp-content\/uploads\/2025\/07\/dylan-gillis-KdeqA3aTnBY-unsplash-426x284.jpg 426w, https:\/\/www.parkinson.ca\/wp-content\/uploads\/2025\/07\/dylan-gillis-KdeqA3aTnBY-unsplash-1620x1080.jpg 1620w\" sizes=\"auto, (max-width: 300px) 100vw, 300px\" \/><\/figure>\n<\/figure>\n\n\n\n<div style=\"height:100px\" aria-hidden=\"true\" class=\"wp-block-spacer is-style-default\"><\/div>\n<\/div>\n\n\n\n<hr class=\"wp-block-separator has-alpha-channel-opacity\"\/>\n\n\n\n<div style=\"height:100px\" aria-hidden=\"true\" class=\"wp-block-spacer is-style-responsive-xsmall\"><\/div>\n\n\n\n<h2 class=\"wp-block-heading has-text-align-left\">Participation des patients \u00e0 la recherche<\/h2>\n\n\n\n<p class=\"has-text-align-left\">Participer \u00e0 une \u00e9tude n&rsquo;est pas la seule fa\u00e7on de faire une diff\u00e9rence. \u00c0 Parkinson Canada, nous croyons au pouvoir du partenariat &#8211; o\u00f9 les personnes atteintes de la maladie de Parkinson, les partenaires de soins et les chercheurs travaillent <em>ensemble<\/em> pour fa\u00e7onner l&rsquo;avenir de la recherche sur la maladie de Parkinson. <\/p>\n\n\n\n<p>Cette approche est utile :<\/p>\n\n\n\n<ul class=\"wp-block-list\">\n<li>Veiller \u00e0 ce que la recherche refl\u00e8te les besoins et les priorit\u00e9s du monde r\u00e9el<\/li>\n\n\n\n<li>Cr\u00e9er une compr\u00e9hension mutuelle entre la communaut\u00e9 et les chercheurs<\/li>\n\n\n\n<li>Soutenir des r\u00e9sultats plus pertinents, plus inclusifs et plus efficaces<\/li>\n<\/ul>\n\n\n\n<p>Pour ce faire, nous soutenons la formation, les ressources et les possibilit\u00e9s de collaboration.<\/p>\n\n\n\n<div style=\"height:100px\" aria-hidden=\"true\" class=\"wp-block-spacer is-style-responsive-small\"><\/div>\n\n\n\n<div class=\"wp-block-group has-grey-background-color has-background is-layout-constrained wp-block-group-is-layout-constrained\">\n<h3 class=\"wp-block-heading\">A quoi cela ressemble-t-il dans la vie r\u00e9elle ?<\/h3>\n\n\n\n<div class=\"wp-block-columns are-vertically-aligned-top is-layout-flex wp-container-core-columns-is-layout-9d6595d7 wp-block-columns-is-layout-flex\">\n<div class=\"wp-block-column is-vertically-aligned-top is-layout-flow wp-block-column-is-layout-flow\" style=\"flex-basis:10%\">\n<h2 class=\"wp-block-heading has-blue-color has-text-color has-link-color wp-elements-5016740edc4a89065946dbf139b6764b\">1<\/h2>\n<\/div>\n\n\n\n<div class=\"wp-block-column is-vertically-aligned-top is-layout-flow wp-block-column-is-layout-flow\" style=\"flex-basis:90%\">\n<h4 class=\"wp-block-heading has-blue-color has-text-color has-link-color wp-elements-d7a0be7af378c1214f704ea0e6c08b43\"><strong><strong><strong><strong>Subventions pour l&rsquo;application des connaissances<\/strong><\/strong><\/strong><\/strong><\/h4>\n\n\n\n<p>Nous finan\u00e7ons des chercheurs pour les aider \u00e0 int\u00e9grer l&rsquo;exp\u00e9rience v\u00e9cue de la maladie de Parkinson dans leur travail, que ce soit par le biais de r\u00f4les consultatifs, de la cocr\u00e9ation de ressources ou de la planification partag\u00e9e d&rsquo;\u00e9tudes.<\/p>\n\n\n\n<div class=\"wp-block-buttons is-layout-flex wp-block-buttons-is-layout-flex\">\n<div class=\"wp-block-button\"><a class=\"wp-block-button__link wp-element-button\" href=\"https:\/\/www.parkinson.ca\/fr\/recherche\/demande-de-financement\/\">D\u00e9couvrez les possibilit\u00e9s de financement<\/a><\/div>\n<\/div>\n<\/div>\n<\/div>\n\n\n\n<div class=\"wp-block-columns are-vertically-aligned-top is-layout-flex wp-container-core-columns-is-layout-9d6595d7 wp-block-columns-is-layout-flex\">\n<div class=\"wp-block-column is-vertically-aligned-top is-layout-flow wp-block-column-is-layout-flow\" style=\"flex-basis:10%\">\n<h2 class=\"wp-block-heading has-blue-color has-text-color has-link-color wp-elements-7aa134fa19ec054f896fd4251ef38c2f\">2<\/h2>\n<\/div>\n\n\n\n<div class=\"wp-block-column is-vertically-aligned-top is-layout-flow wp-block-column-is-layout-flow\" style=\"flex-basis:90%\">\n<h4 class=\"wp-block-heading has-blue-color has-text-color has-link-color wp-elements-acfc0e92a1782c559edffb3a34301bc9\"><strong><strong><strong><strong>Participation des patients aux ateliers de recherche<\/strong><\/strong><\/strong><\/strong><\/h4>\n\n\n\n<p>Depuis 2024, nous avons organis\u00e9 des ateliers en personne et virtuels r\u00e9unissant les chercheurs et la communaut\u00e9 de la maladie de Parkinson.<br>Ces \u00e9v\u00e9nements sont con\u00e7us pour :<\/p>\n\n\n\n<ul class=\"wp-block-list\">\n<li>Partagez les points de vue des deux parties sur la vie r\u00e9elle<\/li>\n\n\n\n<li>Identifier les obstacles \u00e0 la participation<\/li>\n\n\n\n<li>Fournir des formations et des outils aux chercheurs<\/li>\n\n\n\n<li>Susciter de nouvelles collaborations<\/li>\n<\/ul>\n\n\n\n<div class=\"wp-block-buttons is-layout-flex wp-block-buttons-is-layout-flex\">\n<div class=\"wp-block-button\"><a class=\"wp-block-button__link wp-element-button\" href=\"https:\/\/www.parkinson.ca\/event\/\">Ateliers \u00e0 venir<\/a><\/div>\n\n\n\n<div class=\"wp-block-button\"><a class=\"wp-block-button__link wp-element-button\" href=\"https:\/\/www.parkinson.ca\/fr\/?s=atelier+sur+l%27engagement+\">D\u00e9couvrez nos ateliers pass\u00e9s<\/a><\/div>\n<\/div>\n<\/div>\n<\/div>\n\n\n\n<div class=\"wp-block-columns are-vertically-aligned-top is-layout-flex wp-container-core-columns-is-layout-9d6595d7 wp-block-columns-is-layout-flex\">\n<div class=\"wp-block-column is-vertically-aligned-top is-layout-flow wp-block-column-is-layout-flow\" style=\"flex-basis:10%\">\n<h2 class=\"wp-block-heading has-blue-color has-text-color has-link-color wp-elements-e46a3b42cb84bd4138fa04c04bcf5d4b\">3<\/h2>\n<\/div>\n\n\n\n<div class=\"wp-block-column is-vertically-aligned-top is-layout-flow wp-block-column-is-layout-flow\" style=\"flex-basis:90%\">\n<h4 class=\"wp-block-heading has-blue-color has-text-color has-link-color wp-elements-7c3810d8000db83abec9bd2f2a5badc1\"><strong><strong><strong><strong>Journ\u00e9es de recherche<\/strong><\/strong><\/strong><\/strong><\/h4>\n\n\n\n<p>Nous collaborons avec des institutions pour mettre la recherche sur la maladie de Parkinson directement \u00e0 la port\u00e9e de la communaut\u00e9. Ces \u00e9v\u00e9nements pr\u00e9sentent les recherches \u00e9mergentes et encouragent un dialogue ouvert. <\/p>\n\n\n\n<p><strong>Vous souhaitez organiser une journ\u00e9e de la recherche ?<\/strong><br>Nous recherchons des partenaires pour co-cr\u00e9er ces \u00e9v\u00e9nements \u00e0 travers le Canada.<\/p>\n\n\n\n<div class=\"wp-block-buttons is-layout-flex wp-block-buttons-is-layout-flex\">\n<div class=\"wp-block-button\"><a class=\"wp-block-button__link wp-element-button\" href=\"mailto:research@parkinson.ca\">Prenez contact avec nous !<\/a><\/div>\n<\/div>\n<\/div>\n<\/div>\n<\/div>\n\n\n\n<div style=\"height:100px\" aria-hidden=\"true\" class=\"wp-block-spacer is-style-default\"><\/div>\n","protected":false},"excerpt":{"rendered":"<p>Possibilit\u00e9s actuelles de participer \u00e0 la recherche Explorez les \u00e9tudes qui recrutent activement des participants. De nouvelles opportunit\u00e9s sont ajout\u00e9es r\u00e9guli\u00e8rement et peuvent varier en fonction du lieu, de la r\u00e9mun\u00e9ration ou du domaine. Participation des patients \u00e0 la recherche Participer \u00e0 une \u00e9tude n&rsquo;est pas la seule fa\u00e7on de faire une diff\u00e9rence. \u00c0 Parkinson [&hellip;]<\/p>\n","protected":false},"author":90,"featured_media":53500,"parent":46120,"menu_order":8,"comment_status":"closed","ping_status":"closed","template":"","meta":{"_acf_changed":false,"footnotes":""},"class_list":["post-53516","page","type-page","status-publish","has-post-thumbnail","hentry"],"acf":[],"aioseo_notices":[],"_links":{"self":[{"href":"https:\/\/www.parkinson.ca\/fr\/wp-json\/wp\/v2\/pages\/53516","targetHints":{"allow":["GET"]}}],"collection":[{"href":"https:\/\/www.parkinson.ca\/fr\/wp-json\/wp\/v2\/pages"}],"about":[{"href":"https:\/\/www.parkinson.ca\/fr\/wp-json\/wp\/v2\/types\/page"}],"author":[{"embeddable":true,"href":"https:\/\/www.parkinson.ca\/fr\/wp-json\/wp\/v2\/users\/90"}],"replies":[{"embeddable":true,"href":"https:\/\/www.parkinson.ca\/fr\/wp-json\/wp\/v2\/comments?post=53516"}],"version-history":[{"count":5,"href":"https:\/\/www.parkinson.ca\/fr\/wp-json\/wp\/v2\/pages\/53516\/revisions"}],"predecessor-version":[{"id":54292,"href":"https:\/\/www.parkinson.ca\/fr\/wp-json\/wp\/v2\/pages\/53516\/revisions\/54292"}],"up":[{"embeddable":true,"href":"https:\/\/www.parkinson.ca\/fr\/wp-json\/wp\/v2\/pages\/46120"}],"wp:featuredmedia":[{"embeddable":true,"href":"https:\/\/www.parkinson.ca\/fr\/wp-json\/wp\/v2\/media\/53500"}],"wp:attachment":[{"href":"https:\/\/www.parkinson.ca\/fr\/wp-json\/wp\/v2\/media?parent=53516"}],"curies":[{"name":"wp","href":"https:\/\/api.w.org\/{rel}","templated":true}]}}