{"id":53034,"date":"2025-06-25T21:43:47","date_gmt":"2025-06-25T21:43:47","guid":{"rendered":"https:\/\/www.parkinson.ca\/facons-de-donner\/createur-de-moments\/"},"modified":"2026-03-06T17:12:45","modified_gmt":"2026-03-06T17:12:45","slug":"createur-de-moments","status":"publish","type":"page","link":"https:\/\/www.parkinson.ca\/fr\/createur-de-moments\/","title":{"rendered":"Cr\u00e9ateur de moments"},"content":{"rendered":"\n<div class=\"wp-block-cover has-blue-color has-text-color has-link-color wp-elements-9f17d183a816225d4e9dd105863ecfa3\"><img loading=\"lazy\" decoding=\"async\" width=\"1120\" height=\"630\" class=\"wp-block-cover__image-background wp-image-53024\" alt=\"\" src=\"https:\/\/www.parkinson.ca\/wp-content\/uploads\/2025\/06\/PC-MonthlyProgram-LP.jpg\" data-object-fit=\"cover\" srcset=\"https:\/\/www.parkinson.ca\/wp-content\/uploads\/2025\/06\/PC-MonthlyProgram-LP.jpg 1120w, https:\/\/www.parkinson.ca\/wp-content\/uploads\/2025\/06\/PC-MonthlyProgram-LP-300x169.jpg 300w, https:\/\/www.parkinson.ca\/wp-content\/uploads\/2025\/06\/PC-MonthlyProgram-LP-1024x576.jpg 1024w, https:\/\/www.parkinson.ca\/wp-content\/uploads\/2025\/06\/PC-MonthlyProgram-LP-768x432.jpg 768w, https:\/\/www.parkinson.ca\/wp-content\/uploads\/2025\/06\/PC-MonthlyProgram-LP-426x240.jpg 426w\" sizes=\"auto, (max-width: 1120px) 100vw, 1120px\" \/><span aria-hidden=\"true\" class=\"wp-block-cover__background has-contrast-background-color has-background-dim-30 has-background-dim\"><\/span><div class=\"wp-block-cover__inner-container is-layout-constrained wp-block-cover-is-layout-constrained\">\n<p class=\"has-text-align-center has-base-color has-text-color has-link-color has-xlarge-font-size wp-elements-71e8313012dbce5cc27929f52a3b6629\"><strong>Faites un don mensuel aujourd&rsquo;hui et devenez un cr\u00e9ateur de moments !<\/strong><\/p>\n<\/div><\/div>\n\n\n\n<div style=\"height:100px\" aria-hidden=\"true\" class=\"wp-block-spacer is-style-responsive-small\"><\/div>\n\n\n\n<div class=\"wp-block-columns are-vertically-aligned-center is-layout-flex wp-container-core-columns-is-layout-9d6595d7 wp-block-columns-is-layout-flex\">\n<div class=\"wp-block-column is-vertically-aligned-center is-layout-flow wp-block-column-is-layout-flow\" style=\"flex-basis:66.66%\">\n<p>Pour les personnes atteintes de la maladie de Parkinson, la vie ne se mesure pas seulement en ann\u00e9es, mais aussi en moments. Des moments de connexion, de dignit\u00e9, d&rsquo;ind\u00e9pendance, de rire et de force. En faisant un don mensuel, vous devenez un cr\u00e9ateur\/trice de moments, ce qui garantit que les fonds seront toujours disponibles en fonction de l&rsquo;\u00e9volution des besoins et que davantage de ces moments pourront \u00eatre v\u00e9cus.<\/p>\n\n\n\n<div class=\"wp-block-buttons is-layout-flex wp-block-buttons-is-layout-flex\">\n<div class=\"wp-block-button\"><a class=\"wp-block-button__link wp-element-button\" href=\"https:\/\/donate.parkinson.ca\/site\/Donation2?df_id=6562&amp;mfc_pref=T&amp;6562.donation=form1&amp;s_locale=fr_CA\">Rejoignez les cr\u00e9ateurs de moments<\/a><\/div>\n<\/div>\n<\/div>\n\n\n\n<div class=\"wp-block-column is-vertically-aligned-center is-layout-flow wp-block-column-is-layout-flow\" style=\"flex-basis:33.33%\">\n<figure class=\"wp-block-image size-full is-resized\"><img loading=\"lazy\" decoding=\"async\" width=\"894\" height=\"784\" src=\"https:\/\/www.parkinson.ca\/wp-content\/uploads\/2025\/06\/PC-MomentMaker-Badge-FR-RGB.png\" alt=\"\" class=\"wp-image-53036\" style=\"width:282px;height:auto\" srcset=\"https:\/\/www.parkinson.ca\/wp-content\/uploads\/2025\/06\/PC-MomentMaker-Badge-FR-RGB.png 894w, https:\/\/www.parkinson.ca\/wp-content\/uploads\/2025\/06\/PC-MomentMaker-Badge-FR-RGB-300x263.png 300w, https:\/\/www.parkinson.ca\/wp-content\/uploads\/2025\/06\/PC-MomentMaker-Badge-FR-RGB-768x674.png 768w, https:\/\/www.parkinson.ca\/wp-content\/uploads\/2025\/06\/PC-MomentMaker-Badge-FR-RGB-426x374.png 426w\" sizes=\"auto, (max-width: 894px) 100vw, 894px\" \/><\/figure>\n<\/div>\n<\/div>\n\n\n\n<div style=\"height:100px\" aria-hidden=\"true\" class=\"wp-block-spacer is-style-responsive-small\"><\/div>\n\n\n\n<h2 class=\"wp-block-heading\">Pourquoi devenir un cr\u00e9ateur de moments  <\/h2>\n\n\n\n<div class=\"wp-block-columns is-layout-flex wp-container-core-columns-is-layout-9d6595d7 wp-block-columns-is-layout-flex\">\n<div class=\"wp-block-column is-vertically-aligned-stretch has-ice-blue-background-color has-background is-layout-flow wp-block-column-is-layout-flow\">\n<p class=\"has-text-align-center has-medium-font-size\"><strong>Acc\u00e8s :<\/strong><br>Recevez des invitations exclusives \u00e0 des webinaires trimestriels qui vous rapprochent des avanc\u00e9es, des histoires et des progr\u00e8s que votre soutien rend possibles.<\/p>\n<\/div>\n\n\n\n<div class=\"wp-block-column is-vertically-aligned-stretch has-ice-blue-background-color has-background is-layout-flow wp-block-column-is-layout-flow\">\n<p class=\"has-text-align-center has-medium-font-size\"><strong>Fiabilit\u00e9 :<br><\/strong>Votre soutien continu permet de financer des programmes vitaux, la d\u00e9fense des droits et la recherche chaque mois, ce qui fait de vous un \u00e9l\u00e9ment fiable du progr\u00e8s continu pour les personnes vivant avec la maladie de Parkinson et leurs familles.  <\/p>\n<\/div>\n\n\n\n<div class=\"wp-block-column is-vertically-aligned-stretch has-ice-blue-background-color has-background is-layout-flow wp-block-column-is-layout-flow\">\n<p class=\"has-text-align-center has-medium-font-size\"><strong>Communaut\u00e9 :<\/strong><br>Rejoignez un groupe de donateurs mensuels d\u00e9vou\u00e9s qui partagent votre engagement \u00e0 am\u00e9liorer la vie des personnes touch\u00e9es par la maladie de Parkinson et \u00e0 rendre possibles de nouveaux moments.<\/p>\n<\/div>\n<\/div>\n\n\n\n<div style=\"height:100px\" aria-hidden=\"true\" class=\"wp-block-spacer is-style-responsive-xsmall\"><\/div>\n\n\n\n<div class=\"wp-block-group alignwide has-white-background-color has-background has-medium-font-size is-layout-flow wp-block-group-is-layout-flow\">\n<div class=\"wp-block-columns are-vertically-aligned-top has-base-background-color has-background has-regular-font-size is-layout-flex wp-container-core-columns-is-layout-9d6595d7 wp-block-columns-is-layout-flex\">\n<div class=\"wp-block-column is-vertically-aligned-top is-layout-flow wp-block-column-is-layout-flow\">\n<h2 class=\"wp-block-heading has-large-font-size\">En devenant un <strong>donateur mensuel<\/strong>, vous faites plus que donner : vous <strong>cr\u00e9ez des possibilit\u00e9s<\/strong>.<\/h2>\n\n\n\n<p>  Vous rencontrez les gens l\u00e0 o\u00f9 ils en sont dans leur parcours unique, avec un financement qui va l\u00e0 o\u00f9 il est le plus n\u00e9cessaire. Pour que les personnes atteintes de la maladie de Parkinson ne soient pas d\u00e9finies par leur diagnostic, mais par les moments qu&rsquo;elles continuent \u00e0 vivre pleinement et selon leurs propres conditions. <\/p>\n\n\n\n<div class=\"wp-block-buttons is-layout-flex wp-block-buttons-is-layout-flex\">\n<div class=\"wp-block-button\"><a class=\"wp-block-button__link wp-element-button\" href=\"https:\/\/donate.parkinson.ca\/site\/Donation2?df_id=6562&amp;mfc_pref=T&amp;6562.donation=form1&amp;s_locale=fr_CA\"><strong>Commencez votre impact mensuel<\/strong><\/a><\/div>\n<\/div>\n<\/div>\n\n\n\n<div class=\"wp-block-column is-vertically-aligned-top is-layout-flow wp-block-column-is-layout-flow\" style=\"padding-top:0;padding-bottom:0\">\n<div class=\"wp-block-columns are-vertically-aligned-center is-style-default home-row no-gap-mobile is-layout-flex wp-container-core-columns-is-layout-9d6595d7 wp-block-columns-is-layout-flex\">\n<div class=\"wp-block-column is-vertically-aligned-center number-copy is-layout-flow wp-block-column-is-layout-flow\">\n<h4 class=\"wp-block-heading has-text-align-left\">Alimenter les programmes et services vitaux<\/h4>\n\n\n\n<p class=\"has-text-align-left has-regular-font-size\">pour que personne n&rsquo;ait \u00e0 affronter seul la maladie de Parkinson<\/p>\n<\/div>\n<\/div>\n\n\n\n<div class='custom-link '>\n            <div style='width: 100%; height: 3px; background-color: var(--color--accent);'><\/div>\n    <\/div>\n\n\n<div class=\"wp-block-columns is-layout-flex wp-container-core-columns-is-layout-9d6595d7 wp-block-columns-is-layout-flex\">\n<div class=\"wp-block-column is-vertically-aligned-center is-layout-flow wp-block-column-is-layout-flow\">\n<h4 class=\"wp-block-heading has-text-align-left\">Mener des actions de plaidoyer<\/h4>\n\n\n\n<p class=\"has-text-align-left has-regular-font-size\">pour prot\u00e9ger les droits et \u00e9largir l&rsquo;acc\u00e8s aux soins.<\/p>\n<\/div>\n<\/div>\n\n\n\n<div class='custom-link '>\n            <div style='width: 100%; height: 3px; background-color: var(--color--accent);'><\/div>\n    <\/div>\n\n\n<div class=\"wp-block-columns are-vertically-aligned-center is-layout-flex wp-container-core-columns-is-layout-9d6595d7 wp-block-columns-is-layout-flex\">\n<div class=\"wp-block-column is-vertically-aligned-center is-layout-flow wp-block-column-is-layout-flow\">\n<h4 class=\"wp-block-heading has-text-align-left\">Alimenter la recherche de pointe<\/h4>\n\n\n\n<p class=\"has-text-align-left has-regular-font-size\">en apportant l&rsquo;espoir de meilleurs traitements et d&rsquo;une meilleure qualit\u00e9 de vie.<\/p>\n<\/div>\n<\/div>\n<\/div>\n<\/div>\n<\/div>\n\n\n\n<div style=\"height:100px\" aria-hidden=\"true\" class=\"wp-block-spacer is-style-responsive-xsmall\"><\/div>\n\n\n\n<div class=\"wp-block-group alignfull has-ice-blue-background-color has-background is-layout-constrained wp-block-group-is-layout-constrained\">\n<div class=\"wp-block-group has-ice-blue-background-color has-background is-layout-constrained wp-block-group-is-layout-constrained\">\n<h3 class=\"wp-block-heading has-text-align-center\"><strong>Vous avez des questions sur les dons ?<\/strong><\/h3>\n\n\n\n<p class=\"has-text-align-center\">Notre FAQ pour les donateurs r\u00e9pond aux questions les plus courantes concernant les dons, les re\u00e7us fiscaux, les contributions des entreprises, et bien d&rsquo;autres choses encore.<br><\/p>\n\n\n\n<div class=\"wp-block-buttons is-content-justification-center is-layout-flex wp-container-core-buttons-is-layout-16018d1d wp-block-buttons-is-layout-flex\">\n<div class=\"wp-block-button\"><a class=\"wp-block-button__link has-text-align-center wp-element-button\" href=\"https:\/\/www.parkinson.ca\/fr\/facons-de-donner\/don-personnel\/faq-des-donateurs\/\">Trouvez des r\u00e9ponses \u00e0 vos questions<\/a><\/div>\n<\/div>\n<\/div>\n<\/div>\n\n\n\n<div style=\"height:100px\" aria-hidden=\"true\" class=\"wp-block-spacer is-style-responsive-xsmall\"><\/div>\n\n\n\n<div class=\"wp-block-group has-white-background-color has-background is-layout-constrained wp-block-group-is-layout-constrained\">\n<div class=\"wp-block-columns are-vertically-aligned-center is-layout-flex wp-container-core-columns-is-layout-9d6595d7 wp-block-columns-is-layout-flex\">\n<div class=\"wp-block-column is-vertically-aligned-center is-layout-flow wp-block-column-is-layout-flow\">\n<figure class=\"wp-block-image size-full is-resized\"><img loading=\"lazy\" decoding=\"async\" width=\"750\" height=\"750\" src=\"https:\/\/www.parkinson.ca\/wp-content\/uploads\/2025\/07\/IHP-no-bg.png\" alt=\"\" class=\"wp-image-53596\" style=\"width:537px;height:auto\" srcset=\"https:\/\/www.parkinson.ca\/wp-content\/uploads\/2025\/07\/IHP-no-bg.png 750w, https:\/\/www.parkinson.ca\/wp-content\/uploads\/2025\/07\/IHP-no-bg-300x300.png 300w, https:\/\/www.parkinson.ca\/wp-content\/uploads\/2025\/07\/IHP-no-bg-150x150.png 150w, https:\/\/www.parkinson.ca\/wp-content\/uploads\/2025\/07\/IHP-no-bg-426x426.png 426w\" sizes=\"auto, (max-width: 750px) 100vw, 750px\" \/><\/figure>\n<\/div>\n\n\n\n<div class=\"wp-block-column is-vertically-aligned-center has-base-background-color has-background is-layout-flow wp-block-column-is-layout-flow\">\n<div class=\"wp-block-group is-content-justification-left is-layout-constrained wp-container-core-group-is-layout-063b2483 wp-block-group-is-layout-constrained\">\n<h2 class=\"wp-block-heading\"><strong><strong>Un besoin croissant de Cr\u00e9ateurs\/trices de moments<\/strong><\/strong><\/h2>\n\n\n\n<p><br>La maladie de Parkinson est en augmentation et nous avons besoin que notre communaut\u00e9 de Moment Makers augmente elle aussi. \u00c0 mesure que le nombre de personnes diagnostiqu\u00e9es augmente, le besoin d&rsquo;un soutien r\u00e9gulier et r\u00e9actif se fait sentir. Pas seulement un jour, mais tous les jours. Lorsque vous faites un don mensuel, vous contribuez \u00e0 faire en sorte que Parkinson Canada soit pr\u00e9sent en temps r\u00e9el, pr\u00eat \u00e0 offrir du soutien, de la d\u00e9fense des droits et de la recherche pour r\u00e9pondre aux besoins des gens l\u00e0 o\u00f9 ils se trouvent. Dans un monde qui ne cesse de changer, vous devenez une source de force. Fiable. Pr\u00e9sent. Vous faites partie de quelque chose de plus grand que n&rsquo;importe quel moment       <\/p>\n\n\n\n<div class=\"wp-block-buttons is-layout-flex wp-block-buttons-is-layout-flex\">\n<div class=\"wp-block-button\"><a class=\"wp-block-button__link wp-element-button\" href=\"https:\/\/donate.parkinson.ca\/site\/Donation2?df_id=6562&amp;mfc_pref=T&amp;6562.donation=form1&amp;s_locale=fr_CA\">Devenez un cr\u00e9ateur\/trice de moments d\u00e8s aujourd&rsquo;hui<\/a><\/div>\n<\/div>\n\n\n\n<div style=\"height:100px\" aria-hidden=\"true\" class=\"wp-block-spacer is-style-responsive-medium\"><\/div>\n<\/div>\n<\/div>\n<\/div>\n<\/div>\n\n\n\n<div style=\"height:100px\" aria-hidden=\"true\" class=\"wp-block-spacer is-style-responsive-xsmall\"><\/div>\n\n\n\n<div class=\"wp-block-columns is-layout-flex wp-container-core-columns-is-layout-a1383269 wp-block-columns-is-layout-flex\" style=\"padding-top:var(--wp--preset--spacing--50);padding-bottom:var(--wp--preset--spacing--50)\">\n<div class=\"wp-block-column is-layout-flow wp-block-column-is-layout-flow\" style=\"padding-top:var(--wp--preset--spacing--40);padding-right:0;padding-bottom:var(--wp--preset--spacing--40);padding-left:0\"><div class='donation-wrapper has-background has-blue-background-color'>\n    <div class='donation-content'>\n        <h2>Il n&rsquo;y a pas de progr\u00e8s sans vous.<\/h2>\n        <p>Pour faire un don, veuillez s\u00e9lectionner le type de don que vous souhaitez faire :<\/p>\n    <\/div>\n    <form action=\"https:\/\/donate.parkinson.ca\/site\/Donation2\" method=\"get\" id=\"donation-form\">\n        <div class='donation-input'>\n                            <div class='donate-type'>\n                    <input name='type' type='radio' value='5682' id='Chaquemois' onchange=\"updateLink('5682')\"\/>\n                    <label for='Chaquemois'>Chaque mois<\/label>\n                <\/div>\n                            <div class='donate-type'>\n                    <input name='type' type='radio' value='5800' id='Uneseulefois' onchange=\"updateLink('5800')\"\/>\n                    <label for='Uneseulefois'>Une seule fois<\/label>\n                <\/div>\n                            <div class='donate-type'>\n                    <input name='type' type='radio' value='5680' id='Enhonneur' onchange=\"updateLink('5680')\"\/>\n                    <label for='Enhonneur'>En honneur<\/label>\n                <\/div>\n                            <div class='donate-type'>\n                    <input name='type' type='radio' value='5681' id='Enm\u00e9moire' onchange=\"updateLink('5681')\"\/>\n                    <label for='Enm\u00e9moire'>En m\u00e9moire<\/label>\n                <\/div>\n            \n            <div class='donation-cta'>\n            <!-- TODO: New Button Code -->\n                <div class=\"wp-block-button\">\n                <a class=\"wp-block-button__link wp-element-button\" id=\"donate-button\" href='https:\/\/donate.parkinson.ca\/site\/Donation2?df_id=6562&#038;mfc_pref=T&#038;6562.donation=form1&#038;s_locale=fr_CA' target='_blank'>\n                    Faire un don                <\/a>\n                <\/div>\n            <\/div>\n        <\/div>\n    <\/form>\n\n    <script>\n        function updateLink(df_id) {\n            var donateButton = document.getElementById('donate-button');\n            var formAction = \"https:\/\/donate.parkinson.ca\/site\/Donation2?df_id=\" + df_id;\n            donateButton.href = formAction;\n        }\n    <\/script>\n    <img src='https:\/\/www.parkinson.ca\/wp-content\/themes\/parkinson-canada\/assets\/svg\/home-hero-left-graphic.svg' alt='' class='donation-left-graphic' \/>\n    <img src='https:\/\/www.parkinson.ca\/wp-content\/themes\/parkinson-canada\/assets\/svg\/Footer-Right-Graphic.svg' alt='' class='donation-right-graphic' \/>\n<\/div><\/div>\n<\/div>\n\n\n\n<div style=\"height:100px\" aria-hidden=\"true\" class=\"wp-block-spacer is-style-responsive-xsmall\"><\/div>\n\n\n\n<div class=\"wp-block-group alignfull has-grey-background-color has-background is-layout-constrained wp-block-group-is-layout-constrained\">\n<div class=\"wp-block-media-text is-stacked-on-mobile has-grey-background-color has-background\" style=\"grid-template-columns:29% auto\"><figure class=\"wp-block-media-text__media\"><img loading=\"lazy\" decoding=\"async\" width=\"1024\" height=\"1024\" src=\"https:\/\/www.parkinson.ca\/wp-content\/uploads\/2025\/03\/Web-square-elements-1024x1024.png\" alt=\"\" class=\"wp-image-50884 size-full\" srcset=\"https:\/\/www.parkinson.ca\/wp-content\/uploads\/2025\/03\/Web-square-elements-1024x1024.png 1024w, https:\/\/www.parkinson.ca\/wp-content\/uploads\/2025\/03\/Web-square-elements-300x300.png 300w, https:\/\/www.parkinson.ca\/wp-content\/uploads\/2025\/03\/Web-square-elements-150x150.png 150w, https:\/\/www.parkinson.ca\/wp-content\/uploads\/2025\/03\/Web-square-elements-768x768.png 768w, https:\/\/www.parkinson.ca\/wp-content\/uploads\/2025\/03\/Web-square-elements-426x426.png 426w, https:\/\/www.parkinson.ca\/wp-content\/uploads\/2025\/03\/Web-square-elements.png 1080w\" sizes=\"auto, (max-width: 1024px) 100vw, 1024px\" \/><\/figure><div class=\"wp-block-media-text__content\">\n<h2 class=\"wp-block-heading has-large-font-size\">Restez inform\u00e9.  <strong>Restez autonome.<\/strong><\/h2>\n\n\n\n<p class=\"has-large-font-size\">Rejoignez notre communaut\u00e9 et recevez les derni\u00e8res mises \u00e0 jour sur la recherche, la d\u00e9fense, les \u00e9v\u00e9nements et les ressources li\u00e9s \u00e0 la maladie de Parkinson, directement dans votre bo\u00eete aux lettres \u00e9lectronique.<\/p>\n\n\n\n<p class=\"has-medium-font-size\"><strong>Inscrivez-vous d\u00e8s aujourd&rsquo;hui et participez au mouvement !<\/strong><\/p>\n\n\n\n<div class=\"wp-block-buttons is-layout-flex wp-block-buttons-is-layout-flex\">\n<div class=\"wp-block-button\"><a class=\"wp-block-button__link wp-element-button\" href=\"https:\/\/donate.parkinson.ca\/site\/SSurvey?ACTION_REQUIRED=URI_ACTION_USER_REQUESTS&amp;SURVEY_ID=7044&amp;NONCE_TOKEN=A625B187508604138B182B38AD43FB3E\/&amp;s_locale=fr_CA\">S&rsquo;abonner<\/a><\/div>\n<\/div>\n<\/div><\/div>\n<\/div>\n","protected":false},"excerpt":{"rendered":"<p>Pour les personnes atteintes de la maladie de Parkinson, la vie ne se mesure pas seulement en ann\u00e9es, mais aussi en moments. Des moments de connexion, de dignit\u00e9, d&rsquo;ind\u00e9pendance, de rire et de force. En faisant un don mensuel, vous devenez un cr\u00e9ateur\/trice de moments, ce qui garantit que les fonds seront toujours disponibles en [&hellip;]<\/p>\n","protected":false},"author":90,"featured_media":53027,"parent":0,"menu_order":0,"comment_status":"closed","ping_status":"closed","template":"","meta":{"_acf_changed":false,"footnotes":""},"class_list":["post-53034","page","type-page","status-publish","has-post-thumbnail","hentry"],"acf":[],"aioseo_notices":[],"_links":{"self":[{"href":"https:\/\/www.parkinson.ca\/fr\/wp-json\/wp\/v2\/pages\/53034","targetHints":{"allow":["GET"]}}],"collection":[{"href":"https:\/\/www.parkinson.ca\/fr\/wp-json\/wp\/v2\/pages"}],"about":[{"href":"https:\/\/www.parkinson.ca\/fr\/wp-json\/wp\/v2\/types\/page"}],"author":[{"embeddable":true,"href":"https:\/\/www.parkinson.ca\/fr\/wp-json\/wp\/v2\/users\/90"}],"replies":[{"embeddable":true,"href":"https:\/\/www.parkinson.ca\/fr\/wp-json\/wp\/v2\/comments?post=53034"}],"version-history":[{"count":14,"href":"https:\/\/www.parkinson.ca\/fr\/wp-json\/wp\/v2\/pages\/53034\/revisions"}],"predecessor-version":[{"id":57713,"href":"https:\/\/www.parkinson.ca\/fr\/wp-json\/wp\/v2\/pages\/53034\/revisions\/57713"}],"wp:featuredmedia":[{"embeddable":true,"href":"https:\/\/www.parkinson.ca\/fr\/wp-json\/wp\/v2\/media\/53027"}],"wp:attachment":[{"href":"https:\/\/www.parkinson.ca\/fr\/wp-json\/wp\/v2\/media?parent=53034"}],"curies":[{"name":"wp","href":"https:\/\/api.w.org\/{rel}","templated":true}]}}