{"id":52938,"date":"2025-06-24T21:04:03","date_gmt":"2025-06-24T21:04:03","guid":{"rendered":"https:\/\/www.parkinson.ca\/quest-ce-que-la-maladie-de-parkinson\/symptomes-non-moteurs\/"},"modified":"2025-07-03T17:30:40","modified_gmt":"2025-07-03T17:30:40","slug":"symptomes-non-moteurs","status":"publish","type":"page","link":"https:\/\/www.parkinson.ca\/fr\/quest-ce-que-la-maladie-de-parkinson\/symptomes-non-moteurs\/","title":{"rendered":"Sympt\u00f4mes non moteurs"},"content":{"rendered":"\r\n<div \r\n\tclass=\"noPrint align wp-block-ppb-print-page\"\tid='ppbPrintPage-1' \r\n\tdata-attributes='{&quot;cId&quot;:&quot;a3b0a602-d&quot;,&quot;isPrintSection&quot;:true,&quot;sectionSelector&quot;:&quot;#content&quot;,&quot;isText&quot;:false,&quot;btnColors&quot;:{&quot;color&quot;:&quot;hsl(0, 0%, 100%)&quot;,&quot;bg&quot;:&quot;hsl(0, 0%, 92%)&quot;},&quot;align&quot;:&quot;&quot;,&quot;alignment&quot;:&quot;center&quot;,&quot;buttonVariant&quot;:&quot;default&quot;,&quot;isModal&quot;:false,&quot;isHeaderFooter&quot;:true,&quot;isBackground&quot;:false,&quot;isLayout&quot;:false,&quot;removeSelectors&quot;:&quot;&quot;,&quot;isIcon&quot;:true,&quot;icon&quot;:{&quot;type&quot;:&quot;default&quot;,&quot;default&quot;:&quot;fcPrinter&quot;,&quot;url&quot;:&quot;&quot;},&quot;btnText&quot;:&quot;Print&quot;,&quot;btnTypo&quot;:{&quot;fontSize&quot;:{&quot;desktop&quot;:22,&quot;tablet&quot;:20,&quot;mobile&quot;:18}},&quot;btnHoverColors&quot;:{&quot;color&quot;:&quot;#4527a4&quot;,&quot;bg&quot;:&quot;#4527a433&quot;},&quot;btnPadding&quot;:{&quot;vertical&quot;:&quot;5px&quot;,&quot;horizontal&quot;:&quot;15px&quot;},&quot;btnBorder&quot;:{&quot;radius&quot;:&quot;5px&quot;},&quot;btnShadow&quot;:[],&quot;hoverBtnShadow&quot;:[]}'\r\n>\r\n<\/div>\r\n\n\n\n<p>Lorsque de nombreuses personnes pensent \u00e0 la maladie de Parkinson, des sympt\u00f4mes tels que les tremblements et la lenteur des mouvements leur viennent souvent \u00e0 l&rsquo;esprit. Mais la maladie de Parkinson est plus qu&rsquo;un trouble du mouvement.   <\/p>\n\n\n\n<p>Les sympt\u00f4mes non moteurs affectent une personne d&rsquo;une mani\u00e8re qui n&rsquo;est pas facilement perceptible par les autres. Ces sympt\u00f4mes peuvent avoir un impact sur la qualit\u00e9 de vie d&rsquo;une personne et peuvent \u00eatre ressentis avant les sympt\u00f4mes moteurs. <\/p>\n\n\n\n<p>Les sympt\u00f4mes non moteurs peuvent varier consid\u00e9rablement d&rsquo;une personne \u00e0 l&rsquo;autre et peuvent \u00eatre regroup\u00e9s en trois cat\u00e9gories :  <\/p>\n\n\n\n<ul class=\"wp-block-list\">\n<li>\u00c9motionnel (par exemple, d\u00e9pression, anxi\u00e9t\u00e9, apathie)  <\/li>\n\n\n\n<li>Cognitif (par exemple, r\u00e9solution de probl\u00e8mes, parole, m\u00e9moire)  <\/li>\n\n\n\n<li>Autonome (par exemple, constipation, troubles du sommeil, douleur)  <\/li>\n<\/ul>\n\n\n\n<div style=\"height:100px\" aria-hidden=\"true\" class=\"wp-block-spacer is-style-responsive-small\"><\/div>\n\n\n\n<div class=\"wp-block-group has-blue-background-color has-background is-layout-constrained wp-block-group-is-layout-constrained\">\n<p class=\"has-text-align-center has-large-font-size\">Consultez la page Sympt\u00f4mes moteurs pour obtenir des informations sur les sympt\u00f4mes affectant les mouvements, tels que les tremblements, la rigidit\u00e9, la lenteur des mouvements et les troubles de l&rsquo;\u00e9quilibre.  <\/p>\n\n\n\n<div class=\"wp-block-buttons is-content-justification-center is-layout-flex wp-container-core-buttons-is-layout-16018d1d wp-block-buttons-is-layout-flex\">\n<div class=\"wp-block-button\"><a class=\"wp-block-button__link wp-element-button\" href=\"https:\/\/www.parkinson.ca\/fr\/quest-ce-que-la-maladie-de-parkinson\/symptomes-moteurs\/\">En savoir plus sur les sympt\u00f4mes moteurs<\/a><\/div>\n<\/div>\n<\/div>\n\n\n\n<div style=\"height:100px\" aria-hidden=\"true\" class=\"wp-block-spacer is-style-responsive-small\"><\/div>\n\n\n\n<h2 class=\"wp-block-heading\">\u00c9motionnel  <\/h2>\n\n\n\n<p>La maladie de Parkinson peut affecter la sant\u00e9 \u00e9motionnelle de plusieurs fa\u00e7ons. Les sympt\u00f4mes \u00e9motionnels peuvent inclure   <\/p>\n\n\n\n<ul class=\"wp-block-list\">\n<li><strong>D\u00e9pression<\/strong> &#8211; sentiments persistants de tristesse, de d\u00e9sespoir et perte d&rsquo;int\u00e9r\u00eat ou de plaisir pour des activit\u00e9s autrefois appr\u00e9ci\u00e9es.  <\/li>\n\n\n\n<li><strong>Anxi\u00e9t\u00e9<\/strong> &#8211; sentiments persistants d&rsquo;inqui\u00e9tude, de peur, de nervosit\u00e9 ou d&rsquo;agitation  <\/li>\n\n\n\n<li><strong>Apathie<\/strong> &#8211; manque de motivation, de d\u00e9sir ou d&rsquo;int\u00e9r\u00eat pour les activit\u00e9s quotidiennes.  <\/li>\n<\/ul>\n\n\n\n<p><\/p>\n\n\n\n<p>Ces sympt\u00f4mes peuvent r\u00e9sulter de modifications de la chimie du cerveau caus\u00e9es par la maladie de Parkinson. S&rsquo;ils ne sont pas trait\u00e9s, ils peuvent avoir un impact sur votre qualit\u00e9 de vie et rendre plus difficile la prise en charge de votre maladie ou la r\u00e9ponse au traitement.   <\/p>\n\n\n\n<div style=\"height:100px\" aria-hidden=\"true\" class=\"wp-block-spacer is-style-responsive-small\"><\/div>\n\n\n\n<hr class=\"wp-block-separator has-alpha-channel-opacity\"\/>\n\n\n\n<div style=\"height:100px\" aria-hidden=\"true\" class=\"wp-block-spacer is-style-responsive-small\"><\/div>\n\n\n\n<h2 class=\"wp-block-heading\">Cognitif  <\/h2>\n\n\n\n<p>Les changements cognitifs sont fr\u00e9quents dans la maladie de Parkinson et peuvent varier en type et en gravit\u00e9. Ils peuvent appara\u00eetre t\u00f4t dans la progression de la maladie ou se d\u00e9velopper au fil du temps. Les domaines les plus touch\u00e9s sont les suivants    <\/p>\n\n\n\n<ul class=\"wp-block-list\">\n<li><strong>Fonction ex\u00e9cutive<\/strong> &#8211; Il s&rsquo;agit de la planification, de la concentration, de la m\u00e9morisation et de l&rsquo;ex\u00e9cution de t\u00e2ches multiples. De nombreuses personnes atteintes de la maladie de Parkinson \u00e9prouvent des difficult\u00e9s \u00e0 commencer, organiser ou terminer des t\u00e2ches, en particulier celles qui comportent de nombreuses \u00e9tapes. Bien que cela puisse prendre plus de temps, les t\u00e2ches peuvent souvent \u00eatre accomplies avec de la patience et du soutien.    <\/li>\n<\/ul>\n\n\n\n<ul class=\"wp-block-list\">\n<li><strong>Langage et parole<\/strong> &#8211; Certaines personnes savent ce qu&rsquo;elles veulent dire mais peinent \u00e0 trouver les mots ou \u00e0 s&rsquo;exprimer clairement. Cela peut \u00eatre frustrant et conduire \u00e0 un retrait social ou \u00e0 des malentendus avec la famille et le personnel soignant. Tout comme la maladie de Parkinson peut ralentir les mouvements, elle peut \u00e9galement affecter la respiration, la force de la voix et les sch\u00e9mas d&rsquo;\u00e9locution.    <\/li>\n<\/ul>\n\n\n\n<ul class=\"wp-block-list\">\n<li><strong>Compr\u00e9hension et m\u00e9moire<\/strong> &#8211; Certaines personnes \u00e9prouvent des difficult\u00e9s \u00e0 absorber ou \u00e0 traiter les informations, ce qui peut rendre plus difficile le suivi des conversations, la compr\u00e9hension d&rsquo;instructions complexes ou l&rsquo;accomplissement des t\u00e2ches quotidiennes. Des probl\u00e8mes de m\u00e9moire peuvent \u00e9galement survenir, ajoutant aux difficult\u00e9s de la vie quotidienne.   <\/li>\n<\/ul>\n\n\n\n<p><\/p>\n\n\n\n<p>Certaines personnes peuvent souffrir d&rsquo;hallucinations ou de d\u00e9lires au cours de leur parcours avec la maladie de Parkinson. Les hallucinations et les d\u00e9lires peuvent survenir \u00e0 n&rsquo;importe quel stade de la maladie de Parkinson en raison de changements dans le cerveau, mais ils surviennent g\u00e9n\u00e9ralement \u00e0 des stades plus avanc\u00e9s de la maladie. Parfois, elles sont caus\u00e9es par des probl\u00e8mes distincts de la maladie de Parkinson, tels que la d\u00e9shydratation ou une infection de la vessie, ou par des effets secondaires de m\u00e9dicaments.    <\/p>\n\n\n\n<div style=\"height:100px\" aria-hidden=\"true\" class=\"wp-block-spacer is-style-responsive-small\"><\/div>\n\n\n\n<div class=\"wp-block-group has-ice-blue-background-color has-background is-layout-constrained wp-block-group-is-layout-constrained\">\n<h2 class=\"wp-block-heading\"><strong>L&rsquo;humeur compte<\/strong> <\/h2>\n\n\n\n<p>La d\u00e9pression est l&rsquo;un des sympt\u00f4mes non moteurs les plus courants de la maladie de Parkinson. Pour certains, elle peut \u00eatre pr\u00e9sente tout au long de leur vie, pour d&rsquo;autres, elle peut survenir lorsque les niveaux de dopamine diminuent \u00e0 cause de la maladie de Parkinson. La d\u00e9pression, l&rsquo;anxi\u00e9t\u00e9 et l&rsquo;apathie peuvent affecter consid\u00e9rablement votre qualit\u00e9 de vie et votre capacit\u00e9 \u00e0 g\u00e9rer la maladie de Parkinson. N&rsquo;oubliez pas d&rsquo;\u00e9voquer tout changement d&rsquo;humeur avec votre prestataire de soins de sant\u00e9 &#8211; ces sympt\u00f4mes sont tout aussi importants \u00e0 traiter que les sympt\u00f4mes physiques.     <\/p>\n<\/div>\n\n\n\n<div style=\"height:100px\" aria-hidden=\"true\" class=\"wp-block-spacer is-style-responsive-small\"><\/div>\n\n\n\n<hr class=\"wp-block-separator has-alpha-channel-opacity\"\/>\n\n\n\n<div style=\"height:100px\" aria-hidden=\"true\" class=\"wp-block-spacer is-style-responsive-small\"><\/div>\n\n\n\n<h2 class=\"wp-block-heading\">Autonome  <\/h2>\n\n\n\n<p>Le <strong>syst\u00e8me nerveux autonome<\/strong> contr\u00f4le les fonctions automatiques de l&rsquo;organisme, telles que la digestion, la pression art\u00e9rielle, le fonctionnement de la vessie et la r\u00e9gulation de la temp\u00e9rature. La maladie de Parkinson peut perturber ces syst\u00e8mes, entra\u00eenant.. :   <\/p>\n\n\n\n<ul class=\"wp-block-list\">\n<li><strong>Constipation<\/strong> &#8211; Un probl\u00e8me tr\u00e8s courant dans la maladie de Parkinson, souvent d\u00fb \u00e0 la r\u00e9duction des niveaux de dopamine qui ralentit le mouvement des intestins. Elle peut \u00e9galement \u00eatre aggrav\u00e9e par les m\u00e9dicaments, l&rsquo;incapacit\u00e9 \u00e0 faire de l&rsquo;exercice r\u00e9guli\u00e8rement ou un apport insuffisant en liquides et en fibres.   <\/li>\n<\/ul>\n\n\n\n<ul class=\"wp-block-list\">\n<li><strong>Probl\u00e8mes de vessie<\/strong> &#8211; De nombreuses personnes souffrent d&rsquo;hyperactivit\u00e9 v\u00e9sicale, d&rsquo;urgence urinaire, d&rsquo;incontinence ou de mictions nocturnes fr\u00e9quentes. Ces probl\u00e8mes peuvent r\u00e9sulter d&rsquo;une alt\u00e9ration de la capacit\u00e9 du cerveau \u00e0 contr\u00f4ler la vessie.   <\/li>\n<\/ul>\n\n\n\n<ul class=\"wp-block-list\">\n<li><strong>Troubles du sommeil<\/strong> &#8211; Il peut s&rsquo;agir d&rsquo;un trouble du comportement en sommeil paradoxal, d&rsquo;une difficult\u00e9 \u00e0 s&rsquo;endormir ou \u00e0 rester endormi, de sueurs nocturnes ou d&rsquo;un sommeil fragment\u00e9. Un mauvais sommeil peut entra\u00eener une fatigue diurne excessive et une diminution de la qualit\u00e9 de vie.   <\/li>\n<\/ul>\n\n\n\n<ul class=\"wp-block-list\">\n<li><strong>R\u00e9gulation de la tension art\u00e9rielle<\/strong> &#8211; La maladie de Parkinson peut alt\u00e9rer la capacit\u00e9 de l&rsquo;organisme \u00e0 r\u00e9guler la tension art\u00e9rielle, entra\u00eenant une hypotension orthostatique, c&rsquo;est-\u00e0-dire une chute de la tension art\u00e9rielle en position debout. Cette hypotension peut provoquer des vertiges, des \u00e9vanouissements, des naus\u00e9es, un \u00ab brouillard c\u00e9r\u00e9bral \u00bb ou une faiblesse.   <\/li>\n<\/ul>\n\n\n\n<ul class=\"wp-block-list\">\n<li><strong>Dysfonctionnement sexuel<\/strong> &#8211; Une diminution de l&rsquo;int\u00e9r\u00eat pour les relations intimes ou un manque d&rsquo;excitation peuvent parfois survenir en raison de sympt\u00f4mes physiologiques (par exemple, sympt\u00f4mes moteurs g\u00eanants, fatigue) et de sympt\u00f4mes \u00e9motionnels (par exemple, d\u00e9pression, apathie). Des probl\u00e8mes physiques tels que la dysfonction \u00e9rectile ou la s\u00e9cheresse vaginale peuvent \u00e9galement survenir.   <\/li>\n<\/ul>\n\n\n\n<ul class=\"wp-block-list\">\n<li><strong>Bave et s\u00e9cheresse de la bouche<\/strong> &#8211; La diminution de la d\u00e9glutition automatique peut provoquer une accumulation de salive et entra\u00eener la formation de bave. D&rsquo;autre part, certaines personnes ont la bouche s\u00e8che, souvent en raison de la maladie de Parkinson elle-m\u00eame, de certains m\u00e9dicaments ou du processus de vieillissement.   <\/li>\n<\/ul>\n\n\n\n<ul class=\"wp-block-list\">\n<li><strong>Sensibilit\u00e9 \u00e0 la temp\u00e9rature et transpiration<\/strong> &#8211; La maladie de Parkinson peut interf\u00e9rer avec la capacit\u00e9 du corps \u00e0 r\u00e9guler la temp\u00e9rature, provoquant une transpiration excessive ou une sensibilit\u00e9 \u00e0 la chaleur et au froid.  <\/li>\n<\/ul>\n\n\n\n<ul class=\"wp-block-list\">\n<li><strong>Douleur<\/strong> &#8211; Bien qu&rsquo;elle ne soit pas toujours pr\u00e9sente, certaines personnes atteintes de la maladie de Parkinson ressentent de la douleur, g\u00e9n\u00e9ralement li\u00e9e \u00e0 la raideur des articulations ou \u00e0 la rigidit\u00e9 musculaire, mais elle peut aussi \u00eatre plus g\u00e9n\u00e9ralis\u00e9e.  <\/li>\n<\/ul>\n\n\n\n<ul class=\"wp-block-list\">\n<li><strong>Perte d&rsquo;odorat<\/strong> &#8211; Sympt\u00f4me pr\u00e9coce courant, la perte d&rsquo;odorat peut avoir un impact sur l&rsquo;app\u00e9tit et le plaisir de manger, ce qui peut entra\u00eener une perte de poids.  <\/li>\n<\/ul>\n\n\n\n<p><\/p>\n\n\n\n<p>Ces sympt\u00f4mes peuvent appara\u00eetre \u00e0 n&rsquo;importe quel stade de la maladie de Parkinson, m\u00eame des ann\u00e9es avant le diagnostic.  <\/p>\n\n\n\n<div style=\"height:100px\" aria-hidden=\"true\" class=\"wp-block-spacer is-style-responsive-small\"><\/div>\n\n\n\n<div class=\"wp-block-group has-blue-background-color has-background is-layout-constrained wp-block-group-is-layout-constrained\">\n<p class=\"has-text-align-center has-large-font-size\">D\u00e9couvrez nos fiches d&rsquo;information et apprenez-en plus sur une vari\u00e9t\u00e9 de sympt\u00f4mes non moteurs, tels que l&rsquo;apathie, les hallucinations, la constipation, l&rsquo;hypotension, les troubles du sommeil et bien d&rsquo;autres encore !  <\/p>\n\n\n\n<div class=\"wp-block-buttons is-content-justification-center is-layout-flex wp-container-core-buttons-is-layout-16018d1d wp-block-buttons-is-layout-flex\">\n<div class=\"wp-block-button\"><a class=\"wp-block-button__link wp-element-button\" href=\"https:\/\/www.parkinson.ca\/fr\/ressources\/publications-educatives\/\">Acc\u00e9der aux publications \u00e9ducatives<\/a><\/div>\n<\/div>\n<\/div>\n\n\n\n<div style=\"height:100px\" aria-hidden=\"true\" class=\"wp-block-spacer is-style-responsive-small\"><\/div>\n\n\n\n<h2 class=\"wp-block-heading\">Prise en charge des sympt\u00f4mes non moteurs  <\/h2>\n\n\n\n<p>Tout comme la maladie de Parkinson affecte chaque personne diff\u00e9remment, le type, la fr\u00e9quence et la gravit\u00e9 des sympt\u00f4mes non moteurs peuvent varier consid\u00e9rablement. Gardez \u00e0 l&rsquo;esprit que tous les sympt\u00f4mes \u00e9num\u00e9r\u00e9s ne sont pas n\u00e9cessairement pr\u00e9sents chez tout le monde. Il est important d&rsquo;informer votre m\u00e9decin et votre partenaire de soins de ce que vous ressentez.    <\/p>\n\n\n\n<p>Il existe de nombreuses fa\u00e7ons de g\u00e9rer les sympt\u00f4mes non moteurs, ce qui peut grandement am\u00e9liorer la qualit\u00e9 de vie. Bien que les causes profondes de bon nombre de ces probl\u00e8mes puissent \u00eatre complexes, il existe une vari\u00e9t\u00e9 d&rsquo;options de traitement pour la gestion des sympt\u00f4mes.   <\/p>\n\n\n\n<p>Les approches peuvent inclure  <\/p>\n\n\n\n<ul class=\"wp-block-list\">\n<li><strong>M\u00e9dicaments<\/strong> &#8211; Certains sympt\u00f4mes r\u00e9pondent bien aux m\u00e9dicaments, tels que les antid\u00e9presseurs, les stimulants cognitifs ou les traitements pour la constipation ou le sommeil.  <\/li>\n\n\n\n<li><strong>Conseils et soutien<\/strong> &#8211; La th\u00e9rapie peut aider \u00e0 am\u00e9liorer l&rsquo;humeur et les strat\u00e9gies d&rsquo;adaptation.  <\/li>\n\n\n\n<li><strong>Exercice et activit\u00e9<\/strong> &#8211; Une activit\u00e9 physique r\u00e9guli\u00e8re peut \u00eatre b\u00e9n\u00e9fique pour l&rsquo;humeur et la cognition.  <\/li>\n\n\n\n<li>Une alimentation <strong>saine<\/strong> &#8211; Une alimentation \u00e9quilibr\u00e9e peut favoriser la sant\u00e9 digestive et les niveaux d&rsquo;\u00e9nergie.  <\/li>\n\n\n\n<li><strong>Routine et hygi\u00e8ne du sommeil<\/strong> &#8211; L&rsquo;\u00e9tablissement de routines quotidiennes coh\u00e9rentes peut aider \u00e0 r\u00e9guler le sommeil et l&rsquo;humeur.  <\/li>\n\n\n\n<li><strong>Travailler avec votre \u00e9quipe de soins<\/strong> &#8211; Les sympt\u00f4mes non moteurs sont mieux pris en charge par une approche d&rsquo;\u00e9quipe. Parlez-en \u00e0 votre neurologue, \u00e0 votre prestataire de soins primaires et \u00e0 des sp\u00e9cialistes tels que des professionnels de la sant\u00e9 mentale, des physioth\u00e9rapeutes et des di\u00e9t\u00e9ticiens.   <\/li>\n<\/ul>\n\n\n\n<div style=\"height:100px\" aria-hidden=\"true\" class=\"wp-block-spacer is-style-responsive-xsmall\"><\/div>\n\n\n\n<div class=\"wp-block-columns is-layout-flex wp-container-core-columns-is-layout-9d6595d7 wp-block-columns-is-layout-flex\">\n<div class=\"wp-block-column is-layout-flow wp-block-column-is-layout-flow\" style=\"flex-basis:2%\"><\/div>\n\n\n\n<div class=\"wp-block-column has-ice-blue-background-color has-background is-layout-flow wp-block-column-is-layout-flow\" style=\"flex-basis:90%\">\n<p><strong>Conseil :<\/strong> il peut \u00eatre utile de noter les sympt\u00f4mes non moteurs et d&rsquo;apporter vos notes lors des rendez-vous. Parfois, des sympt\u00f4mes qui ne semblent pas li\u00e9s \u00e0 la maladie de Parkinson peuvent en fait faire partie de la maladie. T\u00e9l\u00e9chargez nos <a href=\"https:\/\/www.parkinson.ca\/fr\/ressources\/publications-educatives\/chaque-victoire-compte-edition-canadienne\/\" title=\"feuilles de travail \u00c0 Chaque Victoire \u00ae \u00c9dition Canadienne&nbsp; \">feuilles de travail \u00c0 Chaque Victoire \u00ae \u00c9dition Canadienne&nbsp; <\/a>pour vous aider \u00e0 g\u00e9rer votre maladie de Parkinson.<\/p>\n<\/div>\n<\/div>\n\n\n\n<div style=\"height:100px\" aria-hidden=\"true\" class=\"wp-block-spacer is-style-responsive-small\"><\/div>\n\n\n\n<div class=\"wp-block-group alignfull has-blue-background-color has-background is-layout-constrained wp-block-group-is-layout-constrained\">\n<div class=\"wp-block-group has-blue-background-color has-background is-layout-constrained wp-block-group-is-layout-constrained\">\n<h2 class=\"wp-block-heading\"><strong>En savoir plus sur les sympt\u00f4mes de la maladie de Parkinson et sur la fa\u00e7on de les g\u00e9rer<\/strong> <\/h2>\n\n\n\n<p>Les sympt\u00f4mes de la maladie de Parkinson ne sont pas tous pr\u00e9sents chez tout le monde et les exp\u00e9riences varient au fur et \u00e0 mesure de l&rsquo;\u00e9volution de la maladie.  <\/p>\n\n\n\n<p>Bien que chaque personne vive la maladie de Parkinson diff\u00e9remment, la compr\u00e9hension des sympt\u00f4mes de la maladie de Parkinson est une \u00e9tape importante dans la gestion de la maladie et le maintien de la qualit\u00e9 de vie.  <\/p>\n\n\n\n<div style=\"height:100px\" aria-hidden=\"true\" class=\"wp-block-spacer is-style-responsive-xsmall\"><\/div>\n\n\n\n<div class=\"wp-block-columns is-layout-flex wp-container-core-columns-is-layout-9d6595d7 wp-block-columns-is-layout-flex\">\n<div class=\"wp-block-column is-layout-flow wp-block-column-is-layout-flow\" style=\"flex-basis:33.34%\">\n<figure class=\"wp-block-image aligncenter size-small is-resized\"><a href=\"https:\/\/www.parkinson.ca\/fr\/ressources\/publications-educatives\/chaque-victoire-compte-edition-canadienne\/\"><img loading=\"lazy\" decoding=\"async\" width=\"426\" height=\"554\" src=\"https:\/\/www.parkinson.ca\/wp-content\/uploads\/2025\/02\/A-chaque-victoire-Edition-Canadienne-426x554.png\" alt=\"\" class=\"wp-image-48528\" style=\"width:215px;height:auto\" srcset=\"https:\/\/www.parkinson.ca\/wp-content\/uploads\/2025\/02\/A-chaque-victoire-Edition-Canadienne-426x554.png 426w, https:\/\/www.parkinson.ca\/wp-content\/uploads\/2025\/02\/A-chaque-victoire-Edition-Canadienne-231x300.png 231w, https:\/\/www.parkinson.ca\/wp-content\/uploads\/2025\/02\/A-chaque-victoire-Edition-Canadienne.png 663w\" sizes=\"auto, (max-width: 426px) 100vw, 426px\" \/><\/a><\/figure>\n\n\n\n<div class='custom-link '>\n            <div style='width: 100%; height: 3px; background-color: var(--color--accent);'><\/div>\n    <\/div>\n\n\n<div style=\"height:100px\" aria-hidden=\"true\" class=\"wp-block-spacer is-style-responsive-xsmall\"><\/div>\n\n\n\n\n<div class=\"link-group-block horizontal\">\n    <div class=\"acf-innerblocks-container\">\n\n    <div class='icon-link is-style-external'>\n        <a  href='https:\/\/www.parkinson.ca\/fr\/ressources\/publications-educatives\/chaque-victoire-compte-edition-canadienne\/'\n                    >\n            \u00c0 Chaque Victoire \u00ae \u00c9dition Canadienne        <\/a>\n    <\/div>\n\n<\/div>\n<\/div><\/div>\n\n\n\n<div class=\"wp-block-column is-layout-flow wp-block-column-is-layout-flow\" style=\"flex-basis:33.34%\">\n<figure class=\"wp-block-image aligncenter size-small is-resized\"><a href=\"https:\/\/www.parkinson.ca\/fr\/ressources\/publications-educatives\/la-maladie-de-parkinson-un-guide-dintroduction\/\"><img loading=\"lazy\" decoding=\"async\" width=\"426\" height=\"524\" src=\"https:\/\/www.parkinson.ca\/wp-content\/uploads\/2025\/05\/Intro-Guide-image-preview-_FR-1-426x524.png\" alt=\"\" class=\"wp-image-52341\" style=\"width:231px;height:auto\" srcset=\"https:\/\/www.parkinson.ca\/wp-content\/uploads\/2025\/05\/Intro-Guide-image-preview-_FR-1-426x524.png 426w, https:\/\/www.parkinson.ca\/wp-content\/uploads\/2025\/05\/Intro-Guide-image-preview-_FR-1-244x300.png 244w, https:\/\/www.parkinson.ca\/wp-content\/uploads\/2025\/05\/Intro-Guide-image-preview-_FR-1.png 751w\" sizes=\"auto, (max-width: 426px) 100vw, 426px\" \/><\/a><\/figure>\n\n\n\n<div class='custom-link '>\n            <div style='width: 100%; height: 3px; background-color: var(--color--accent);'><\/div>\n    <\/div>\n\n\n<div style=\"height:100px\" aria-hidden=\"true\" class=\"wp-block-spacer is-style-responsive-xsmall\"><\/div>\n\n\n\n\n<div class=\"link-group-block horizontal\">\n    <div class=\"acf-innerblocks-container\">\n\n    <div class='icon-link is-style-external'>\n        <a  href='https:\/\/www.parkinson.ca\/fr\/ressources\/publications-educatives\/la-maladie-de-parkinson-un-guide-dintroduction\/'\n                    >\n            La maladie de Parkinson : Un guide d&rsquo;introduction        <\/a>\n    <\/div>\n\n<\/div>\n<\/div><\/div>\n\n\n\n<div class=\"wp-block-column is-layout-flow wp-block-column-is-layout-flow\" style=\"flex-basis:20%\"><\/div>\n<\/div>\n<\/div>\n<\/div>\n\n\n\n<div style=\"height:100px\" aria-hidden=\"true\" class=\"wp-block-spacer is-style-responsive-small\"><\/div>\n\n\n\r\n<div \r\n\tclass=\"noPrint align wp-block-ppb-print-page\"\tid='ppbPrintPage-2' \r\n\tdata-attributes='{&quot;cId&quot;:&quot;a3b0a602-d&quot;,&quot;isPrintSection&quot;:true,&quot;sectionSelector&quot;:&quot;#content&quot;,&quot;isText&quot;:false,&quot;btnColors&quot;:{&quot;color&quot;:&quot;hsl(0, 0%, 100%)&quot;,&quot;bg&quot;:&quot;hsl(0, 0%, 92%)&quot;},&quot;align&quot;:&quot;&quot;,&quot;alignment&quot;:&quot;center&quot;,&quot;buttonVariant&quot;:&quot;default&quot;,&quot;isModal&quot;:false,&quot;isHeaderFooter&quot;:true,&quot;isBackground&quot;:false,&quot;isLayout&quot;:false,&quot;removeSelectors&quot;:&quot;&quot;,&quot;isIcon&quot;:true,&quot;icon&quot;:{&quot;type&quot;:&quot;default&quot;,&quot;default&quot;:&quot;fcPrinter&quot;,&quot;url&quot;:&quot;&quot;},&quot;btnText&quot;:&quot;Print&quot;,&quot;btnTypo&quot;:{&quot;fontSize&quot;:{&quot;desktop&quot;:22,&quot;tablet&quot;:20,&quot;mobile&quot;:18}},&quot;btnHoverColors&quot;:{&quot;color&quot;:&quot;#4527a4&quot;,&quot;bg&quot;:&quot;#4527a433&quot;},&quot;btnPadding&quot;:{&quot;vertical&quot;:&quot;5px&quot;,&quot;horizontal&quot;:&quot;15px&quot;},&quot;btnBorder&quot;:{&quot;radius&quot;:&quot;5px&quot;},&quot;btnShadow&quot;:[],&quot;hoverBtnShadow&quot;:[]}'\r\n>\r\n<\/div>\r\n\n\n\n<div style=\"height:100px\" aria-hidden=\"true\" class=\"wp-block-spacer\"><\/div>\n","protected":false},"excerpt":{"rendered":"<p>Lorsque de nombreuses personnes pensent \u00e0 la maladie de Parkinson, des sympt\u00f4mes tels que les tremblements et la lenteur des mouvements leur viennent souvent \u00e0 l&rsquo;esprit. Mais la maladie de Parkinson est plus qu&rsquo;un trouble du mouvement. Les sympt\u00f4mes non moteurs affectent une personne d&rsquo;une mani\u00e8re qui n&rsquo;est pas facilement perceptible par les autres. Ces [&hellip;]<\/p>\n","protected":false},"author":90,"featured_media":49131,"parent":46111,"menu_order":0,"comment_status":"closed","ping_status":"closed","template":"","meta":{"_acf_changed":false,"footnotes":""},"class_list":["post-52938","page","type-page","status-publish","has-post-thumbnail","hentry"],"acf":[],"aioseo_notices":[],"_links":{"self":[{"href":"https:\/\/www.parkinson.ca\/fr\/wp-json\/wp\/v2\/pages\/52938","targetHints":{"allow":["GET"]}}],"collection":[{"href":"https:\/\/www.parkinson.ca\/fr\/wp-json\/wp\/v2\/pages"}],"about":[{"href":"https:\/\/www.parkinson.ca\/fr\/wp-json\/wp\/v2\/types\/page"}],"author":[{"embeddable":true,"href":"https:\/\/www.parkinson.ca\/fr\/wp-json\/wp\/v2\/users\/90"}],"replies":[{"embeddable":true,"href":"https:\/\/www.parkinson.ca\/fr\/wp-json\/wp\/v2\/comments?post=52938"}],"version-history":[{"count":9,"href":"https:\/\/www.parkinson.ca\/fr\/wp-json\/wp\/v2\/pages\/52938\/revisions"}],"predecessor-version":[{"id":53132,"href":"https:\/\/www.parkinson.ca\/fr\/wp-json\/wp\/v2\/pages\/52938\/revisions\/53132"}],"up":[{"embeddable":true,"href":"https:\/\/www.parkinson.ca\/fr\/wp-json\/wp\/v2\/pages\/46111"}],"wp:featuredmedia":[{"embeddable":true,"href":"https:\/\/www.parkinson.ca\/fr\/wp-json\/wp\/v2\/media\/49131"}],"wp:attachment":[{"href":"https:\/\/www.parkinson.ca\/fr\/wp-json\/wp\/v2\/media?parent=52938"}],"curies":[{"name":"wp","href":"https:\/\/api.w.org\/{rel}","templated":true}]}}