{"id":52931,"date":"2025-06-24T21:22:25","date_gmt":"2025-06-24T21:22:25","guid":{"rendered":"https:\/\/www.parkinson.ca\/?page_id=52931"},"modified":"2025-07-03T17:38:02","modified_gmt":"2025-07-03T17:38:02","slug":"symptomes-moteurs","status":"publish","type":"page","link":"https:\/\/www.parkinson.ca\/fr\/quest-ce-que-la-maladie-de-parkinson\/symptomes-moteurs\/","title":{"rendered":"Sympt\u00f4mes moteurs"},"content":{"rendered":"\r\n<div \r\n\tclass=\"noPrint align wp-block-ppb-print-page\"\tid='ppbPrintPage-1' \r\n\tdata-attributes='{&quot;cId&quot;:&quot;a3b0a602-d&quot;,&quot;isPrintSection&quot;:true,&quot;sectionSelector&quot;:&quot;#content&quot;,&quot;isText&quot;:false,&quot;btnColors&quot;:{&quot;color&quot;:&quot;hsl(0, 0%, 100%)&quot;,&quot;bg&quot;:&quot;hsl(0, 0%, 92%)&quot;},&quot;align&quot;:&quot;&quot;,&quot;alignment&quot;:&quot;center&quot;,&quot;buttonVariant&quot;:&quot;default&quot;,&quot;isModal&quot;:false,&quot;isHeaderFooter&quot;:true,&quot;isBackground&quot;:false,&quot;isLayout&quot;:false,&quot;removeSelectors&quot;:&quot;&quot;,&quot;isIcon&quot;:true,&quot;icon&quot;:{&quot;type&quot;:&quot;default&quot;,&quot;default&quot;:&quot;fcPrinter&quot;,&quot;url&quot;:&quot;&quot;},&quot;btnText&quot;:&quot;Print&quot;,&quot;btnTypo&quot;:{&quot;fontSize&quot;:{&quot;desktop&quot;:22,&quot;tablet&quot;:20,&quot;mobile&quot;:18}},&quot;btnHoverColors&quot;:{&quot;color&quot;:&quot;#4527a4&quot;,&quot;bg&quot;:&quot;#4527a433&quot;},&quot;btnPadding&quot;:{&quot;vertical&quot;:&quot;5px&quot;,&quot;horizontal&quot;:&quot;15px&quot;},&quot;btnBorder&quot;:{&quot;radius&quot;:&quot;5px&quot;},&quot;btnShadow&quot;:[],&quot;hoverBtnShadow&quot;:[]}'\r\n>\r\n<\/div>\r\n\n\n\n<p>Les sympt\u00f4mes moteurs affectent les mouvements et l&rsquo;\u00e9quilibre d&rsquo;une personne. Ce sont souvent les sympt\u00f4mes que les autres peuvent voir.   <\/p>\n\n\n\n<p>La maladie de Parkinson se caract\u00e9rise g\u00e9n\u00e9ralement par quatre sympt\u00f4mes moteurs primaires :  <\/p>\n\n\n\n<ul class=\"wp-block-list\">\n<li>Tremblements  <\/li>\n<\/ul>\n\n\n\n<ul class=\"wp-block-list\">\n<li>Rigidit\u00e9 (stiffness)  <\/li>\n<\/ul>\n\n\n\n<ul class=\"wp-block-list\">\n<li>Lenteur des mouvements (bradykin\u00e9sie)  <\/li>\n<\/ul>\n\n\n\n<ul class=\"wp-block-list\">\n<li>Mauvais \u00e9quilibre et mauvaise coordination (instabilit\u00e9 posturale)  <\/li>\n<\/ul>\n\n\n\n<p><\/p>\n\n\n\n<p>Les autres sympt\u00f4mes moteurs de la maladie de Parkinson peuvent inclure des crampes musculaires s\u00e9v\u00e8res (dystonie), un visage masqu\u00e9 ou une perte d&rsquo;expression faciale (hypomimie), une \u00e9criture petite et encombr\u00e9e (micrographie) et une diminution du balancement naturel des bras lors de la marche.  <\/p>\n\n\n\n<p>Plusieurs sympt\u00f4mes sont associ\u00e9s \u00e0 la maladie de Parkinson. Tout le monde ne ressent pas tous ces sympt\u00f4mes et les exp\u00e9riences varient au fur et \u00e0 mesure de l&rsquo;\u00e9volution de la maladie de Parkinson.   <\/p>\n\n\n\n<div style=\"height:100px\" aria-hidden=\"true\" class=\"wp-block-spacer is-style-responsive-small\"><\/div>\n\n\n\n<div class=\"wp-block-group has-blue-background-color has-background is-layout-constrained wp-block-group-is-layout-constrained\">\n<p class=\"has-text-align-center has-large-font-size\">Consultez notre page sur les sympt\u00f4mes non moteurs pour obtenir des informations sur d&rsquo;autres sympt\u00f4mes, tels que l&rsquo;anxi\u00e9t\u00e9 et la d\u00e9pression, la fatigue, la douleur et bien d&rsquo;autres encore.  <\/p>\n\n\n\n<div class=\"wp-block-buttons is-content-justification-center is-layout-flex wp-container-core-buttons-is-layout-16018d1d wp-block-buttons-is-layout-flex\">\n<div class=\"wp-block-button\"><a class=\"wp-block-button__link wp-element-button\" href=\"https:\/\/www.parkinson.ca\/fr\/quest-ce-que-la-maladie-de-parkinson\/symptomes-non-moteurs\/\">En savoir plus sur les sympt\u00f4mes non moteurs<\/a><\/div>\n<\/div>\n<\/div>\n\n\n\n<div style=\"height:100px\" aria-hidden=\"true\" class=\"wp-block-spacer is-style-responsive-small\"><\/div>\n\n\n\n<h2 class=\"wp-block-heading\">Sympt\u00f4mes moteurs primaires  <\/h2>\n\n\n\n<h3 class=\"wp-block-heading\"><strong>Tremblements<\/strong> <\/h3>\n\n\n\n<p>Un tremblement est un mouvement involontaire de secousse ou de tremblement qui affecte une partie du corps, comme la main, le bras, le pied, la jambe ou le menton. Les tremblements commencent g\u00e9n\u00e9ralement d&rsquo;un c\u00f4t\u00e9 du corps, souvent dans une main. Au fur et \u00e0 mesure que la maladie de Parkinson progresse, les tremblements peuvent s \u00ab \u00e9tendre aux deux c\u00f4t\u00e9s et toucher d&rsquo;autres parties du corps. La fa\u00e7on dont les tremblements apparaissent, se d\u00e9veloppent et progressent varie d&rsquo;une personne \u00e0 l&rsquo;autre. \u00c0 tous les stades de la maladie de Parkinson, les tremblements peuvent \u00eatre un sympt\u00f4me difficile \u00e0 contr\u00f4ler, interf\u00e9rant avec les activit\u00e9s quotidiennes n\u00e9cessitant une motricit\u00e9 fine, telles que l&rsquo;hygi\u00e8ne personnelle, l&rsquo;habillement, l \u00bb \u00e9criture ou la dactylographie, et d&rsquo;autres activit\u00e9s.      <\/p>\n\n\n\n<h3 class=\"wp-block-heading\"><strong>Rigidit\u00e9 (stiffness)<\/strong> <\/h3>\n\n\n\n<p>On parle de rigidit\u00e9 lorsque les muscles deviennent raides ou inflexibles. Les personnes atteintes de la maladie de Parkinson souffrent de rigidit\u00e9 parce que leurs muscles perdent la capacit\u00e9 de s&rsquo;\u00e9tirer et de se d\u00e9tendre, ce qui entra\u00eene une g\u00eane, des douleurs, des crampes musculaires, une diminution de l&rsquo;amplitude des mouvements et des probl\u00e8mes d&rsquo;\u00e9quilibre. La rigidit\u00e9 peut contribuer \u00e0 une diminution du balancement des bras lors de la marche, \u00e0 une r\u00e9duction de l&rsquo;expression faciale et \u00e0 une diminution de la qualit\u00e9 du sommeil. Comme les tremblements, la rigidit\u00e9 appara\u00eet g\u00e9n\u00e9ralement d&rsquo;un c\u00f4t\u00e9 du corps et s&rsquo;\u00e9tend aux deux c\u00f4t\u00e9s avec le temps.     <\/p>\n\n\n\n<h3 class=\"wp-block-heading\"><strong>Lenteur des mouvements (bradykin\u00e9sie)<\/strong> <\/h3>\n\n\n\n<p>La bradykin\u00e9sie signifie la lenteur des mouvements. Les personnes atteintes de la maladie de Parkinson peuvent encore bouger, mais au fur et \u00e0 mesure que la maladie \u00e9volue, les mouvements deviennent plus lents et il leur faut plus de temps pour accomplir les t\u00e2ches et les activit\u00e9s quotidiennes. Dans le cas de la maladie de Parkinson, cette lenteur peut se manifester de diff\u00e9rentes mani\u00e8res, par exemple    <\/p>\n\n\n\n<ul class=\"wp-block-list\">\n<li>R\u00e9duction des mouvements automatiques, tels que le clignement des yeux ou le balancement des bras pendant la marche.  <\/li>\n\n\n\n<li>Difficult\u00e9 \u00e0 initier un mouvement, comme se lever d&rsquo;une chaise ou commencer \u00e0 marcher  <\/li>\n\n\n\n<li>Le passage d&rsquo;un rythme de marche normal \u00e0 des pas plus courts et tra\u00eenants.  <\/li>\n\n\n\n<li>Difficult\u00e9 \u00e0 se mettre au lit ou \u00e0 sortir du lit  <\/li>\n\n\n\n<li>Fatigue, car les t\u00e2ches quotidiennes demandent plus d&rsquo;efforts et de temps  <\/li>\n\n\n\n<li>Parole plus molle ou changements dans la force et la clart\u00e9 vocales  <\/li>\n<\/ul>\n\n\n\n<h3 class=\"wp-block-heading\"><strong>Mauvais \u00e9quilibre et mauvaise coordination (instabilit\u00e9 posturale)<\/strong> <\/h3>\n\n\n\n<p>L&rsquo;instabilit\u00e9 posturale, ou difficult\u00e9 d \u00ab \u00e9quilibre, associ\u00e9e aux tremblements, \u00e0 la rigidit\u00e9 et \u00e0 la lenteur des mouvements, peut modifier la fa\u00e7on de marcher d&rsquo;une personne et augmenter le risque de chute. La maladie de Parkinson peut affecter les r\u00e9flexes qui aident \u00e0 maintenir l \u00bb \u00e9quilibre, ce qui fait que certaines personnes se sentent instables lorsqu&rsquo;elles se tiennent debout. Elle peut \u00e9galement ralentir les temps de r\u00e9action, la vitesse des mouvements et la capacit\u00e9 du corps \u00e0 ajuster automatiquement la posture pour rester debout.    <\/p>\n\n\n\n<div style=\"height:100px\" aria-hidden=\"true\" class=\"wp-block-spacer is-style-responsive-xsmall\"><\/div>\n\n\n\n<hr class=\"wp-block-separator has-alpha-channel-opacity is-style-default\"\/>\n\n\n\n<div style=\"height:100px\" aria-hidden=\"true\" class=\"wp-block-spacer is-style-responsive-xsmall\"><\/div>\n\n\n\n<h2 class=\"wp-block-heading\">Quelles sont les causes des sympt\u00f4mes moteurs ?  <\/h2>\n\n\n\n<p>La dopamine est un neurotransmetteur (substance chimique) du cerveau qui transmet les signaux entre les nerfs qui contr\u00f4lent les mouvements, l&rsquo;\u00e9quilibre et la coordination. Chez les personnes atteintes de la maladie de Parkinson, les cellules c\u00e9r\u00e9brales qui produisent la dopamine ne fonctionnent pas aussi bien qu&rsquo;elles le devraient. Au fur et \u00e0 mesure que la maladie de Parkinson progresse, ces cellules productrices de dopamine disparaissent en plus grand nombre, ce qui rend plus difficile l&rsquo;envoi par le cerveau des signaux qui contr\u00f4lent les mouvements.    <\/p>\n\n\n\n<div style=\"height:100px\" aria-hidden=\"true\" class=\"wp-block-spacer is-style-responsive-xsmall\"><\/div>\n\n\n\n<hr class=\"wp-block-separator has-alpha-channel-opacity\"\/>\n\n\n\n<div style=\"height:100px\" aria-hidden=\"true\" class=\"wp-block-spacer is-style-responsive-xsmall\"><\/div>\n\n\n\n<h2 class=\"wp-block-heading\">Prise en charge des sympt\u00f4mes moteurs  <\/h2>\n\n\n\n<p>Les sympt\u00f4mes moteurs sont souvent les signes les plus \u00e9vidents de la maladie de Parkinson, mais la bonne nouvelle, c&rsquo;est qu&rsquo;ils peuvent g\u00e9n\u00e9ralement \u00eatre g\u00e9r\u00e9s gr\u00e2ce \u00e0 une bonne combinaison de strat\u00e9gies. Celles-ci peuvent inclure   <\/p>\n\n\n\n<ul class=\"wp-block-list\">\n<li><strong>Daily lifestyle and habit changes <\/strong>that help keep the body strong, flexible, and mobile&nbsp;\n<ul class=\"wp-block-list\">\n<li>Pour en savoir plus, consultez le site <a href=\"https:\/\/www.parkinson.ca\/fr\/home\/mieux-vivre-avec-la-maladie-de-parkinson\/\" title=\"\">Mieux vivre avec la maladie de Parkinson.<\/a><strong> <\/strong> <\/li>\n<\/ul>\n<\/li>\n<\/ul>\n\n\n\n<div style=\"height:100px\" aria-hidden=\"true\" class=\"wp-block-spacer is-style-responsive-xsmall\"><\/div>\n\n\n\n<ul class=\"wp-block-list\">\n<li><strong>Adjustments to medications<\/strong> or exploring new treatment and therapy options&nbsp;\n<ul class=\"wp-block-list\">\n<li>Pour en savoir plus, consultez la page <a href=\"https:\/\/www.parkinson.ca\/fr\/quest-ce-que-la-maladie-de-parkinson\/traitements-de-la-maladie-de-parkinson\/\" title=\"\">Traitements et th\u00e9rapies<\/a> <\/li>\n<\/ul>\n<\/li>\n<\/ul>\n\n\n\n<div style=\"height:100px\" aria-hidden=\"true\" class=\"wp-block-spacer is-style-responsive-xsmall\"><\/div>\n\n\n\n<ul class=\"wp-block-list\">\n<li><strong>Des technologies d&rsquo;assistance <\/strong>pour vous aider \u00e0 accomplir vos t\u00e2ches quotidiennes, \u00e0 gagner en ind\u00e9pendance et \u00e0 accro\u00eetre votre efficacit\u00e9 personnelle.  <\/li>\n<\/ul>\n\n\n\n<div style=\"height:100px\" aria-hidden=\"true\" class=\"wp-block-spacer is-style-responsive-xsmall\"><\/div>\n\n\n\n<ul class=\"wp-block-list\">\n<li><strong>Support from allied health professionals<\/strong>\u2014like physiotherapists, occupational therapists, and others who understand Parkinson\u2019s and can tailor care to the individual&nbsp;\n<ul class=\"wp-block-list\">\n<li>Pour en savoir plus, consultez la page <a href=\"https:\/\/www.parkinson.ca\/fr\/home\/mieux-vivre-avec-la-maladie-de-parkinson\/constituez-votre-equipe\/\" title=\"Constituez votre \u00e9quipe\">Constituez votre \u00e9quipe <strong> <\/strong><\/a><\/li>\n<\/ul>\n<\/li>\n<\/ul>\n\n\n\n<div style=\"height:100px\" aria-hidden=\"true\" class=\"wp-block-spacer is-style-responsive-xsmall\"><\/div>\n\n\n\n<ul class=\"wp-block-list\">\n<li><strong>Interventions chirurgicales<\/strong> telles que la stimulation c\u00e9r\u00e9brale profonde (SCP), le cas \u00e9ch\u00e9ant.  <\/li>\n<\/ul>\n\n\n\n<div style=\"height:100px\" aria-hidden=\"true\" class=\"wp-block-spacer is-style-responsive-xsmall\"><\/div>\n\n\n\n<p>Pour bien vivre avec la maladie de Parkinson, il faut adopter une approche globale. Il ne s&rsquo;agit pas seulement de g\u00e9rer les sympt\u00f4mes, mais aussi de participer activement \u00e0 vos propres soins. Les personnes qui jouent un r\u00f4le actif dans les d\u00e9cisions relatives \u00e0 leur sant\u00e9 et dans leurs activit\u00e9s quotidiennes obtiennent souvent de meilleurs r\u00e9sultats, une meilleure qualit\u00e9 de vie et un plus grand sentiment de contr\u00f4le. Vous \u00eates un membre essentiel de votre \u00e9quipe de soins.     <\/p>\n\n\n\n<div style=\"height:100px\" aria-hidden=\"true\" class=\"wp-block-spacer\"><\/div>\n\n\n\n<div class=\"wp-block-group alignfull has-blue-background-color has-background is-layout-constrained wp-block-group-is-layout-constrained\">\n<div class=\"wp-block-group has-blue-background-color has-background is-layout-constrained wp-block-group-is-layout-constrained\">\n<h2 class=\"wp-block-heading\"><strong>En savoir plus sur les sympt\u00f4mes de la maladie de Parkinson et sur la fa\u00e7on de les g\u00e9rer<\/strong> <\/h2>\n\n\n\n<p>Les sympt\u00f4mes de la maladie de Parkinson ne sont pas tous pr\u00e9sents chez tout le monde et les exp\u00e9riences varient au fur et \u00e0 mesure de l&rsquo;\u00e9volution de la maladie.  <\/p>\n\n\n\n<p>Bien que chaque personne vive la maladie de Parkinson diff\u00e9remment, la compr\u00e9hension des sympt\u00f4mes de la maladie de Parkinson est une \u00e9tape importante dans la gestion de la maladie et le maintien de la qualit\u00e9 de vie.  <\/p>\n\n\n\n<div style=\"height:100px\" aria-hidden=\"true\" class=\"wp-block-spacer is-style-responsive-xsmall\"><\/div>\n\n\n\n<div class=\"wp-block-columns is-layout-flex wp-container-core-columns-is-layout-9d6595d7 wp-block-columns-is-layout-flex\">\n<div class=\"wp-block-column is-layout-flow wp-block-column-is-layout-flow\" style=\"flex-basis:33.34%\">\n<figure class=\"wp-block-image aligncenter size-small is-resized\"><a href=\"https:\/\/www.parkinson.ca\/fr\/ressources\/publications-educatives\/chaque-victoire-compte-edition-canadienne\/\"><img loading=\"lazy\" decoding=\"async\" width=\"426\" height=\"554\" src=\"https:\/\/www.parkinson.ca\/wp-content\/uploads\/2025\/02\/A-chaque-victoire-Edition-Canadienne-426x554.png\" alt=\"\" class=\"wp-image-48528\" style=\"width:215px;height:auto\" srcset=\"https:\/\/www.parkinson.ca\/wp-content\/uploads\/2025\/02\/A-chaque-victoire-Edition-Canadienne-426x554.png 426w, https:\/\/www.parkinson.ca\/wp-content\/uploads\/2025\/02\/A-chaque-victoire-Edition-Canadienne-231x300.png 231w, https:\/\/www.parkinson.ca\/wp-content\/uploads\/2025\/02\/A-chaque-victoire-Edition-Canadienne.png 663w\" sizes=\"auto, (max-width: 426px) 100vw, 426px\" \/><\/a><\/figure>\n\n\n\n<div class='custom-link '>\n            <div style='width: 100%; height: 3px; background-color: var(--color--accent);'><\/div>\n    <\/div>\n\n\n<div style=\"height:100px\" aria-hidden=\"true\" class=\"wp-block-spacer is-style-responsive-xsmall\"><\/div>\n\n\n\n\n<div class=\"link-group-block horizontal\">\n    <div class=\"acf-innerblocks-container\">\n\n    <div class='icon-link is-style-external'>\n        <a  href='https:\/\/www.parkinson.ca\/fr\/ressources\/publications-educatives\/chaque-victoire-compte-edition-canadienne\/'\n                    >\n            \u00c0 Chaque Victoire \u00ae \u00c9dition Canadienne        <\/a>\n    <\/div>\n\n<\/div>\n<\/div><\/div>\n\n\n\n<div class=\"wp-block-column is-layout-flow wp-block-column-is-layout-flow\" style=\"flex-basis:33.34%\">\n<figure class=\"wp-block-image aligncenter size-small is-resized\"><a href=\"https:\/\/www.parkinson.ca\/fr\/ressources\/publications-educatives\/la-maladie-de-parkinson-un-guide-dintroduction\/\"><img loading=\"lazy\" decoding=\"async\" width=\"426\" height=\"524\" src=\"https:\/\/www.parkinson.ca\/wp-content\/uploads\/2025\/05\/Intro-Guide-image-preview-_FR-1-426x524.png\" alt=\"\" class=\"wp-image-52341\" style=\"width:231px;height:auto\" srcset=\"https:\/\/www.parkinson.ca\/wp-content\/uploads\/2025\/05\/Intro-Guide-image-preview-_FR-1-426x524.png 426w, https:\/\/www.parkinson.ca\/wp-content\/uploads\/2025\/05\/Intro-Guide-image-preview-_FR-1-244x300.png 244w, https:\/\/www.parkinson.ca\/wp-content\/uploads\/2025\/05\/Intro-Guide-image-preview-_FR-1.png 751w\" sizes=\"auto, (max-width: 426px) 100vw, 426px\" \/><\/a><\/figure>\n\n\n\n<div class='custom-link '>\n            <div style='width: 100%; height: 3px; background-color: var(--color--accent);'><\/div>\n    <\/div>\n\n\n<div style=\"height:100px\" aria-hidden=\"true\" class=\"wp-block-spacer is-style-responsive-xsmall\"><\/div>\n\n\n\n\n<div class=\"link-group-block horizontal\">\n    <div class=\"acf-innerblocks-container\">\n\n    <div class='icon-link is-style-external'>\n        <a  href='https:\/\/www.parkinson.ca\/fr\/ressources\/publications-educatives\/la-maladie-de-parkinson-un-guide-dintroduction\/'\n                    >\n            La maladie de Parkinson : Un guide d&rsquo;introduction        <\/a>\n    <\/div>\n\n<\/div>\n<\/div><\/div>\n\n\n\n<div class=\"wp-block-column is-layout-flow wp-block-column-is-layout-flow\" style=\"flex-basis:20%\"><\/div>\n<\/div>\n<\/div>\n<\/div>\n\n\n\n<div style=\"height:100px\" aria-hidden=\"true\" class=\"wp-block-spacer\"><\/div>\n\n\n\r\n<div \r\n\tclass=\"noPrint align wp-block-ppb-print-page\"\tid='ppbPrintPage-2' \r\n\tdata-attributes='{&quot;cId&quot;:&quot;a3b0a602-d&quot;,&quot;isPrintSection&quot;:true,&quot;sectionSelector&quot;:&quot;#content&quot;,&quot;isText&quot;:false,&quot;btnColors&quot;:{&quot;color&quot;:&quot;hsl(0, 0%, 100%)&quot;,&quot;bg&quot;:&quot;hsl(0, 0%, 92%)&quot;},&quot;align&quot;:&quot;&quot;,&quot;alignment&quot;:&quot;center&quot;,&quot;buttonVariant&quot;:&quot;default&quot;,&quot;isModal&quot;:false,&quot;isHeaderFooter&quot;:true,&quot;isBackground&quot;:false,&quot;isLayout&quot;:false,&quot;removeSelectors&quot;:&quot;&quot;,&quot;isIcon&quot;:true,&quot;icon&quot;:{&quot;type&quot;:&quot;default&quot;,&quot;default&quot;:&quot;fcPrinter&quot;,&quot;url&quot;:&quot;&quot;},&quot;btnText&quot;:&quot;Print&quot;,&quot;btnTypo&quot;:{&quot;fontSize&quot;:{&quot;desktop&quot;:22,&quot;tablet&quot;:20,&quot;mobile&quot;:18}},&quot;btnHoverColors&quot;:{&quot;color&quot;:&quot;#4527a4&quot;,&quot;bg&quot;:&quot;#4527a433&quot;},&quot;btnPadding&quot;:{&quot;vertical&quot;:&quot;5px&quot;,&quot;horizontal&quot;:&quot;15px&quot;},&quot;btnBorder&quot;:{&quot;radius&quot;:&quot;5px&quot;},&quot;btnShadow&quot;:[],&quot;hoverBtnShadow&quot;:[]}'\r\n>\r\n<\/div>\r\n\n\n\n<div style=\"height:100px\" aria-hidden=\"true\" class=\"wp-block-spacer\"><\/div>\n\n\n\n<p><\/p>\n","protected":false},"excerpt":{"rendered":"<p>Les sympt\u00f4mes moteurs affectent les mouvements et l&rsquo;\u00e9quilibre d&rsquo;une personne. Ce sont souvent les sympt\u00f4mes que les autres peuvent voir. La maladie de Parkinson se caract\u00e9rise g\u00e9n\u00e9ralement par quatre sympt\u00f4mes moteurs primaires : Les autres sympt\u00f4mes moteurs de la maladie de Parkinson peuvent inclure des crampes musculaires s\u00e9v\u00e8res (dystonie), un visage masqu\u00e9 ou une perte [&hellip;]<\/p>\n","protected":false},"author":90,"featured_media":49131,"parent":46111,"menu_order":0,"comment_status":"closed","ping_status":"closed","template":"","meta":{"_acf_changed":false,"footnotes":""},"class_list":["post-52931","page","type-page","status-publish","has-post-thumbnail","hentry"],"acf":[],"aioseo_notices":[],"_links":{"self":[{"href":"https:\/\/www.parkinson.ca\/fr\/wp-json\/wp\/v2\/pages\/52931","targetHints":{"allow":["GET"]}}],"collection":[{"href":"https:\/\/www.parkinson.ca\/fr\/wp-json\/wp\/v2\/pages"}],"about":[{"href":"https:\/\/www.parkinson.ca\/fr\/wp-json\/wp\/v2\/types\/page"}],"author":[{"embeddable":true,"href":"https:\/\/www.parkinson.ca\/fr\/wp-json\/wp\/v2\/users\/90"}],"replies":[{"embeddable":true,"href":"https:\/\/www.parkinson.ca\/fr\/wp-json\/wp\/v2\/comments?post=52931"}],"version-history":[{"count":6,"href":"https:\/\/www.parkinson.ca\/fr\/wp-json\/wp\/v2\/pages\/52931\/revisions"}],"predecessor-version":[{"id":53135,"href":"https:\/\/www.parkinson.ca\/fr\/wp-json\/wp\/v2\/pages\/52931\/revisions\/53135"}],"up":[{"embeddable":true,"href":"https:\/\/www.parkinson.ca\/fr\/wp-json\/wp\/v2\/pages\/46111"}],"wp:featuredmedia":[{"embeddable":true,"href":"https:\/\/www.parkinson.ca\/fr\/wp-json\/wp\/v2\/media\/49131"}],"wp:attachment":[{"href":"https:\/\/www.parkinson.ca\/fr\/wp-json\/wp\/v2\/media?parent=52931"}],"curies":[{"name":"wp","href":"https:\/\/api.w.org\/{rel}","templated":true}]}}