{"id":52595,"date":"2025-05-28T20:23:05","date_gmt":"2025-05-28T20:23:05","guid":{"rendered":"https:\/\/www.parkinson.ca\/?page_id=52595"},"modified":"2025-10-08T16:08:10","modified_gmt":"2025-10-08T16:08:10","slug":"faq-des-donateurs","status":"publish","type":"page","link":"https:\/\/www.parkinson.ca\/fr\/facons-de-donner\/don-personnel\/faq-des-donateurs\/","title":{"rendered":"FAQ sur les donateurs"},"content":{"rendered":"\n<p class=\"has-medium-font-size\">Parkinson Canada est un organisme de bienfaisance canadien enregistr\u00e9, financ\u00e9 par des contributions de particuliers, de fondations et d&rsquo;entreprises. Votre soutien nous permet de remplir notre mission &#8211; en fournissant des services d&rsquo;\u00e9ducation, de soutien, de d\u00e9fense des droits et de recherche au profit des personnes touch\u00e9es par la maladie de Parkinson au Canada. <\/p>\n\n\n\n<p class=\"has-medium-font-size\">Nous vous remercions de l&rsquo;int\u00e9r\u00eat que vous portez \u00e0 notre travail et aux services que nous proposons.<\/p>\n\n\n\n<p class=\"has-medium-font-size\">Nous serions ravis d&rsquo;avoir de vos nouvelles et de r\u00e9pondre \u00e0 vos questions. Veuillez contacter notre \u00e9quipe d&rsquo;assistance aux donateurs : <\/p>\n\n\n\n<div class=\"wp-block-buttons is-layout-flex wp-block-buttons-is-layout-flex\">\n<div class=\"wp-block-button\"><a class=\"wp-block-button__link wp-element-button\" href=\"tel:1-888-664-1973\">Appelez-nous au 1-888-664-1973<\/a><\/div>\n\n\n\n<div class=\"wp-block-button\"><a class=\"wp-block-button__link wp-element-button\" href=\"mailto:donate@parkinson.ca.\">Envoyez-nous un courriel \u00e0 donate@parkinson.ca<\/a><\/div>\n<\/div>\n\n\n\n<div style=\"height:100px\" aria-hidden=\"true\" class=\"wp-block-spacer is-style-responsive-small\"><\/div>\n\n\n\n<div class=\"accordion-group-block autoclose-accordions\">\n    <div class=\"acf-innerblocks-container\">\n\n<details class=\"accordion-block\">\n    <summary>Comment mon don peut-il faire la diff\u00e9rence ?<\/summary>\n    <div class=\"accordion-block__inner\">\n    <div class=\"acf-innerblocks-container\">\n\n<p>Gr\u00e2ce \u00e0 votre soutien, Parkinson Canada apporte de l&rsquo;aide et de l&rsquo;espoir \u00e0 des milliers de personnes touch\u00e9es par la maladie de Parkinson au Canada. Nous offrons de l&rsquo;\u00e9ducation, des \u00e9v\u00e9nements, des ressources et des conseils aux personnes vivant avec la maladie de Parkinson par t\u00e9l\u00e9phone et par courriel. <\/p>\n\n\n\n<p>Nos initiatives de plaidoyer contribuent \u00e0 modifier les politiques \u00e0 tous les niveaux de gouvernement. Nous sommes fiers de notre tradition de financement de la recherche, qui engage des scientifiques de haut niveau dans l&rsquo;\u00e9tude de la maladie de Parkinson. <\/p>\n\n\n\n<div class=\"wp-block-buttons is-layout-flex wp-block-buttons-is-layout-flex\">\n<div class=\"wp-block-button\"><a class=\"wp-block-button__link wp-element-button\" href=\"http:\/\/impact.parkinson.ca\/fr\">D\u00e9couvrez l&rsquo;impact de votre don<\/a><\/div>\n<\/div>\n\n<\/div>\n    <\/div>\n<\/details>\n\n\n<details class=\"accordion-block\">\n    <summary>Pourquoi devrais-je choisir Parkinson Canada comme organisme de bienfaisance pour la maladie de Parkinson ?<\/summary>\n    <div class=\"accordion-block__inner\">\n    <div class=\"acf-innerblocks-container\">\n\n<p>Parkinson Canada est le seul organisme de bienfaisance national canadien qui se consacre au soutien des personnes atteintes de la maladie de Parkinson, chaque jour de leur parcours. Nous fournissons des services d&rsquo;\u00e9ducation et de soutien et d\u00e9fendons les int\u00e9r\u00eats des personnes vivant avec la maladie de Parkinson. Notre programme de recherche finance la recherche sur la cause, la pr\u00e9vention, l&rsquo;am\u00e9lioration du traitement et la compr\u00e9hension de la maladie de Parkinson. Nous travaillons sans rel\u00e2che pour lutter contre la stigmatisation \u00e0 laquelle sont confront\u00e9es tant de personnes atteintes de la maladie de Parkinson, en sensibilisant \u00e0 la fois \u00e0 la maladie et \u00e0 l&rsquo;aide disponible pour bien vivre.<\/p>\n\n<\/div>\n    <\/div>\n<\/details>\n\n\n<details class=\"accordion-block\">\n    <summary>Comment puis-je faire un don \u00e0 Parkinson Canada ?  <\/summary>\n    <div class=\"accordion-block__inner\">\n    <div class=\"acf-innerblocks-container\">\n\n<p>Vous pouvez faire un don <a href=\"https:\/\/donate.parkinson.ca\/site\/Donation2?idb=1194780973&amp;5800.donation=form1&amp;DONATION_LEVEL_ID_SELECTED=1541&amp;df_id=5800&amp;mfc_pref=T&amp;idb=0\" title=\"en ligne\">en ligne<\/a> ou en nous contactant au <a href=\"tel:18886641973\" target=\"_blank\" rel=\"noreferrer noopener\">1-888-664-1973<\/a>. Vous pouvez faire un don en esp\u00e8ces, par ch\u00e8que, par mandat ou par carte de cr\u00e9dit. N&rsquo;envoyez pas d&rsquo;argent liquide par la poste.    <\/p>\n\n\n\n<p>Si vous souhaitez faire un don par virement \u00e9lectronique ou par d\u00e9p\u00f4t direct, veuillez nous contacter au <a href=\"tel:1-888-664-1973\" title=\"1-888-664-1973\">1-888-664-1973<\/a> ou nous envoyer un courriel \u00e0 <a href=\"mailto:donate@parkinson.ca\">donate@parkinson.ca<\/a>.  <\/p>\n\n\n\n<p>Vous pouvez \u00e9galement faire des dons mensuels, des dons de titres ou inscrire le nom de Parkinson Canada dans votre testament. Pour plus d&rsquo;informations, consultez <em><a href=\"https:\/\/www.parkinson.ca\/fr\/facons-de-donner\/don-personnel\/\" title=\"Donnez votre avis\">Donnez \u00e0 votre fa\u00e7on<\/a><\/em>.   <\/p>\n\n<\/div>\n    <\/div>\n<\/details>\n\n\n<details class=\"accordion-block\">\n    <summary>Quelle est la fa\u00e7on la plus efficace de faire un don \u00e0 Parkinson Canada ?  <\/summary>\n    <div class=\"accordion-block__inner\">\n    <div class=\"acf-innerblocks-container\">\n\n<p>Un <a href=\"https:\/\/donate.parkinson.ca\/site\/Donation2?df_id=5682&amp;mfc_pref=T&amp;5682.donation=form1\" title=\"\">don mensuel par<\/a> d\u00e9bit automatique ou par carte de cr\u00e9dit est le moyen le plus efficace de faire un don \u00e0 Parkinson Canada. Cette m\u00e9thode de don permet de r\u00e9duire les co\u00fbts de nos collectes de fonds tout en nous assurant une source r\u00e9guli\u00e8re de revenus pour financer les projets et les recherches en cours. Il est facile \u00e0 mettre en place et vous pouvez modifier ou interrompre votre don \u00e0 tout moment en <a href=\"https:\/\/www.parkinson.ca\/fr\/a-propos-de-nous\/nous-rejoindre\/\" target=\"_blank\" rel=\"noreferrer noopener\">nous contactant<\/a>.    <\/p>\n\n\n\n<p>Vous pouvez \u00e9galement envisager de faire <a href=\"https:\/\/www.parkinson.ca\/get-involved\/personal-giving\/legacy-giving\/\" title=\"\">un don \u00e0 Parkinson Canada dans votre testament<\/a>. Une part consid\u00e9rable de notre financement provient de personnes qui laissent un h\u00e9ritage durable de cette fa\u00e7on. Ces dons jouent un r\u00f4le important dans la fa\u00e7on dont Parkinson Canada fa\u00e7onne ses programmes et ses services.    <\/p>\n\n<\/div>\n    <\/div>\n<\/details>\n\n\n<details class=\"accordion-block\">\n    <summary>Qu&rsquo;est-ce qu&rsquo;un don de contrepartie ?  <\/summary>\n    <div class=\"accordion-block__inner\">\n    <div class=\"acf-innerblocks-container\">\n\n<p>De nombreuses entreprises ont des programmes de dons jumel\u00e9s. Lorsque vous faites un don \u00e0 Parkinson Canada, votre entreprise verse un montant \u00e9quivalent, doublant ainsi votre don. C&rsquo;est une fa\u00e7on simple de multiplier l&rsquo;impact de votre contribution au soutien des personnes atteintes de la maladie de Parkinson. Parlez \u00e0 votre employeur pour savoir si votre entreprise offre un tel programme et comment vous pouvez y participer.     <\/p>\n\n<\/div>\n    <\/div>\n<\/details>\n\n\n<details class=\"accordion-block\">\n    <summary>Recevrai-je un re\u00e7u fiscal pour mon don ?  <\/summary>\n    <div class=\"accordion-block__inner\">\n    <div class=\"acf-innerblocks-container\">\n\n<p>Oui. Tous les dons effectu\u00e9s par courrier ou par t\u00e9l\u00e9phone recevront un re\u00e7u fiscal officiel pour les montants de 20 $ ou plus. Tous les dons effectu\u00e9s en ligne recevront automatiquement un re\u00e7u par courriel.<\/p>\n\n\n\n<p>Si votre don est inf\u00e9rieur \u00e0 20 $ et que vous souhaitez obtenir un re\u00e7u fiscal officiel, veuillez nous en informer en nous contactant au <a href=\"tel:1-%20888-664-1973\" title=\"\">1-888-664-1973 <\/a>ou \u00e0 l&rsquo;<a href=\"mailto:donate@parkinson.ca\" target=\"_blank\" rel=\"noreferrer noopener\">adresse donate@parkinson.ca<\/a> et nous nous ferons un plaisir de vous en envoyer un.  <\/p>\n\n<\/div>\n    <\/div>\n<\/details>\n\n\n<details class=\"accordion-block\">\n    <summary>Quand recevrai-je mon re\u00e7u fiscal ?  <\/summary>\n    <div class=\"accordion-block__inner\">\n    <div class=\"acf-innerblocks-container\">\n\n<ul class=\"wp-block-list\">\n<li>Une fois la transaction termin\u00e9e, les re\u00e7us pour les dons en ligne sont automatiquement envoy\u00e9s \u00e0 l&rsquo;adresse \u00e9lectronique fournie.  <\/li>\n\n\n\n<li>Pour les donateurs mensuels et\/ou les dons \u00e0 Parkinson Canada La Grande Randonn\u00e9e, vous recevrez votre re\u00e7u \u00e0 la fin du mois de janvier.  <\/li>\n\n\n\n<li>Nous nous effor\u00e7ons de fournir tous les autres types de re\u00e7us \u00e0 nos donateurs dans les deux semaines suivant la r\u00e9ception du don.<\/li>\n<\/ul>\n\n<\/div>\n    <\/div>\n<\/details>\n\n\n<details class=\"accordion-block\">\n    <summary>Parkinson Canada vendra-t-il ou \u00e9changera-t-il mon nom et mon adresse ?  <\/summary>\n    <div class=\"accordion-block__inner\">\n    <div class=\"acf-innerblocks-container\">\n\n<p>Parkinson Canada ne vendra pas votre nom et votre adresse. Nous respectons votre vie priv\u00e9e et ne vendons pas de renseignements personnels. Si vous ne souhaitez pas que nos organismes de bienfaisance partenaires communiquent avec vous, veuillez nous le faire savoir en composant le <a href=\"tel:1-888-664-1973\" title=\"1-888-664-1973\">1-888-664-1973<\/a> ou en envoyant un courriel \u00e0 <a href=\"mailto:donate@parkinson.ca\" target=\"_blank\" rel=\"noreferrer noopener\">donate@parkinson.ca<\/a>.  <\/p>\n\n<\/div>\n    <\/div>\n<\/details>\n\n\n<details class=\"accordion-block\">\n    <summary>Que faire si je ne veux pas recevoir de correspondance de Parkinson Canada ?  <\/summary>\n    <div class=\"accordion-block__inner\">\n    <div class=\"acf-innerblocks-container\">\n\n<p>Nous aimons vous tenir au courant de la fa\u00e7on dont votre don est utilis\u00e9 pour apporter soutien et espoir aux personnes atteintes de la maladie de Parkinson. Toutefois, si vous pr\u00e9f\u00e9rez ne pas recevoir de correspondance de notre part, veuillez nous le faire savoir en nous contactant au <a href=\"tel:1-888-664-1973\" title=\"1-888-664-1973\">1-888-664-1973<\/a> ou \u00e0 l&rsquo;<a href=\"mailto:donate@parkinson.ca\" target=\"_blank\" rel=\"noreferrer noopener\">adresse donate@parkinson.ca<\/a>.   <\/p>\n\n\n\n<p>Si vous pr\u00e9f\u00e9rez recevoir des communications par courrier \u00e9lectronique uniquement (et non par courrier ou par t\u00e9l\u00e9phone), veuillez nous en informer et nous r\u00e9pondrons \u00e0 votre demande.  <\/p>\n\n<\/div>\n    <\/div>\n<\/details>\n\n\n<details class=\"accordion-block\">\n    <summary>Ai-je des droits en tant que donneur ?  <\/summary>\n    <div class=\"accordion-block__inner\">\n    <div class=\"acf-innerblocks-container\">\n\n<p>Oui, les donateurs ont de nombreux droits. Parkinson Canada a adopt\u00e9 <a href=\"https:\/\/afpglobal.org\/donor-bill-rights\" target=\"_blank\" rel=\"noreferrer noopener\">la Charte des droits du donateur (PDF)<\/a> \u00e9labor\u00e9e par l&rsquo;Association of Fundraising Professionals. \u00c0 Parkinson Canada, nous croyons que les donateurs actuels et potentiels devraient avoir pleinement confiance dans les causes qu&rsquo;on leur demande de soutenir.    <\/p>\n\n<\/div>\n    <\/div>\n<\/details>\n\n\n<details class=\"accordion-block\">\n    <summary>Puis-je demander le remboursement d&rsquo;un don que j&rsquo;ai effectu\u00e9 ?  <\/summary>\n    <div class=\"accordion-block__inner\">\n    <div class=\"acf-innerblocks-container\">\n\n<p>En tant qu&rsquo;organisme de bienfaisance enregistr\u00e9, Parkinson Canada est tenu de respecter les lignes directrices \u00e9tablies par l&rsquo;Agence du revenu du Canada (ARC), qui stipulent que les dons ne peuvent \u00eatre retourn\u00e9s. Par cons\u00e9quent, les remboursements ne sont effectu\u00e9s que dans des circonstances att\u00e9nuantes.   <\/p>\n\n\n\n<p>Pour demander qu&rsquo;un remboursement soit pris en compte, veuillez nous contacter au <a href=\"tel:1-888-664-1973\" title=\"1-888-664-1973\">1-888-664-1973<\/a> ou \u00e0 l&rsquo;adresse <a href=\"mailto:donate@parkinson.ca\">donate@parkinson.ca<\/a>.<\/p>\n\n\n\n<p>Si un remboursement est accord\u00e9, nous annulerons le re\u00e7u de don original qui vous a \u00e9t\u00e9 d\u00e9livr\u00e9 et nous produirons une d\u00e9claration de renseignements aupr\u00e8s de l&rsquo;ARC, si la juste valeur marchande du don retourn\u00e9 est sup\u00e9rieure \u00e0 50 $. Veuillez consulter le <a href=\"https:\/\/www.canada.ca\/en\/revenue-agency\/services\/charities-giving\/charities\/operating-a-registered-charity\/receiving-gifts\/returning-a-gift-a-donor.html\" target=\"_blank\" rel=\"noreferrer noopener\">site Web de l&rsquo;ARC<\/a> pour obtenir de plus amples renseignements \u00e0 ce sujet. <\/p>\n\n<\/div>\n    <\/div>\n<\/details>\n\n\n<details class=\"accordion-block\">\n    <summary>Parkinson Canada a re\u00e7u l&rsquo;accr\u00e9ditation dans le cadre du Programme de normes nationales d&rsquo;Imagine Canada. Pourquoi est-ce important et qu&rsquo;est-ce que cela signifie pour moi ?   <\/summary>\n    <div class=\"accordion-block__inner\">\n    <div class=\"acf-innerblocks-container\">\n\n<p>Le Programme des normes nationales est un ensemble pancanadien de normes communes permettant aux organismes de bienfaisance et sans but lucratif de d\u00e9montrer leur conformit\u00e9 dans cinq domaines fondamentaux : la gouvernance du conseil d&rsquo;administration, la responsabilit\u00e9 et la transparence financi\u00e8res, la collecte de fonds, la gestion du personnel et la participation des b\u00e9n\u00e9voles. L&rsquo;accr\u00e9ditation signale aux donateurs que l&rsquo;organisme a fait l&rsquo;objet d&rsquo;un examen rigoureux de ses pratiques par des pairs. Parkinson Canada est l&rsquo;un des plus de 40 organismes au Canada \u00e0 avoir obtenu <a href=\"https:\/\/imaginecanada.ca\/en\/standards\" target=\"_blank\" rel=\"noreferrer noopener\">cette norme d&rsquo;accr\u00e9ditation la plus \u00e9lev\u00e9e<\/a>.  <\/p>\n\n<\/div>\n    <\/div>\n<\/details>\n\n\n<details class=\"accordion-block\">\n    <summary>Parkinson Canada est-il financ\u00e9 par le gouvernement ?  <\/summary>\n    <div class=\"accordion-block__inner\">\n    <div class=\"acf-innerblocks-container\">\n\n<p>Parkinson Canada ne re\u00e7oit pas de financement gouvernemental r\u00e9gulier. Nous comptons sur la g\u00e9n\u00e9rosit\u00e9 de fondations, d&rsquo;entreprises et, surtout, de personnes comme vous pour assurer notre soutien continu.   <\/p>\n\n<\/div>\n    <\/div>\n<\/details>\n\n\n<details class=\"accordion-block\">\n    <summary>Comment puis-je contacter Parkinson Canada ?  <\/summary>\n    <div class=\"accordion-block__inner\">\n    <div class=\"acf-innerblocks-container\">\n\n<p>Renseignements g\u00e9n\u00e9raux : <a href=\"tel:18005653000\" target=\"_blank\" rel=\"noreferrer noopener\">1-800-565-3000<\/a> <\/p>\n\n\n\n<p>Demandes de renseignements sur les dons : <a href=\"tel:1-888-664-1973\" title=\"1-888-664-1973\">1-888-664-1973<\/a> <\/p>\n\n\n\n<p>Courriel : <a href=\"mailto:donate@parkinson.ca\" target=\"_blank\" rel=\"noreferrer noopener\">donate@parkinson.ca<\/a> <\/p>\n\n\n\n<p>Site web <a href=\"http:\/\/www.parkinson.ca\/\" target=\"_blank\" rel=\"noreferrer noopener\">: http:\/\/www.parkinson.ca<\/a> <\/p>\n\n\n\n<p>Mail : Parkinson Canada <br>4211 Yonge Street, Suite 316 <br>Toronto, ON M2P 2A9 <br>Canada  <\/p>\n\n\n\n<p>Vous pouvez \u00e9galement nous suivre sur <a href=\"https:\/\/twitter.com\/ParkinsonCanada\" target=\"_blank\" rel=\"noreferrer noopener\">Twitter<\/a>, <a href=\"http:\/\/instagram.com\/parkinsoncanada\" target=\"_blank\" rel=\"noreferrer noopener\">Instagram<\/a>, <a href=\"https:\/\/facebook.com\/parkinsoncanada\" target=\"_blank\" rel=\"noreferrer noopener\">Facebook<\/a> et <a href=\"https:\/\/www.linkedin.com\/company\/parkinson-canada\" target=\"_blank\" rel=\"noreferrer noopener\">LinkedIn<\/a>.<\/p>\n\n<\/div>\n    <\/div>\n<\/details>\n\n\n<details class=\"accordion-block\">\n    <summary>Quel est le num\u00e9ro d&rsquo;enregistrement de Parkinson Canada en tant qu&rsquo;organisme de bienfaisance ?  <\/summary>\n    <div class=\"accordion-block__inner\">\n    <div class=\"acf-innerblocks-container\">\n\n<p>Le num\u00e9ro d&rsquo;enregistrement d&rsquo;organisme de bienfaisance de Parkinson Canada est le 10809 1786 RR0001.  <\/p>\n\n<\/div>\n    <\/div>\n<\/details>\n<\/div>\n<\/div>\n\n\n<div style=\"height:100px\" aria-hidden=\"true\" class=\"wp-block-spacer\"><\/div>\n","protected":false},"excerpt":{"rendered":"<p>Parkinson Canada est un organisme de bienfaisance canadien enregistr\u00e9, financ\u00e9 par des contributions de particuliers, de fondations et d&rsquo;entreprises. Votre soutien nous permet de remplir notre mission &#8211; en fournissant des services d&rsquo;\u00e9ducation, de soutien, de d\u00e9fense des droits et de recherche au profit des personnes touch\u00e9es par la maladie de Parkinson au Canada. Nous [&hellip;]<\/p>\n","protected":false},"author":90,"featured_media":49131,"parent":46083,"menu_order":0,"comment_status":"closed","ping_status":"closed","template":"","meta":{"_acf_changed":false,"footnotes":""},"class_list":["post-52595","page","type-page","status-publish","has-post-thumbnail","hentry"],"acf":[],"aioseo_notices":[],"_links":{"self":[{"href":"https:\/\/www.parkinson.ca\/fr\/wp-json\/wp\/v2\/pages\/52595","targetHints":{"allow":["GET"]}}],"collection":[{"href":"https:\/\/www.parkinson.ca\/fr\/wp-json\/wp\/v2\/pages"}],"about":[{"href":"https:\/\/www.parkinson.ca\/fr\/wp-json\/wp\/v2\/types\/page"}],"author":[{"embeddable":true,"href":"https:\/\/www.parkinson.ca\/fr\/wp-json\/wp\/v2\/users\/90"}],"replies":[{"embeddable":true,"href":"https:\/\/www.parkinson.ca\/fr\/wp-json\/wp\/v2\/comments?post=52595"}],"version-history":[{"count":8,"href":"https:\/\/www.parkinson.ca\/fr\/wp-json\/wp\/v2\/pages\/52595\/revisions"}],"predecessor-version":[{"id":54798,"href":"https:\/\/www.parkinson.ca\/fr\/wp-json\/wp\/v2\/pages\/52595\/revisions\/54798"}],"up":[{"embeddable":true,"href":"https:\/\/www.parkinson.ca\/fr\/wp-json\/wp\/v2\/pages\/46083"}],"wp:featuredmedia":[{"embeddable":true,"href":"https:\/\/www.parkinson.ca\/fr\/wp-json\/wp\/v2\/media\/49131"}],"wp:attachment":[{"href":"https:\/\/www.parkinson.ca\/fr\/wp-json\/wp\/v2\/media?parent=52595"}],"curies":[{"name":"wp","href":"https:\/\/api.w.org\/{rel}","templated":true}]}}