{"id":52289,"date":"2025-05-21T19:17:56","date_gmt":"2025-05-21T19:17:56","guid":{"rendered":"https:\/\/www.parkinson.ca\/ressources\/publications-educatives\/votre-guide-des-10-semaines-prendre-un-nouveau-medicament-contre-la-maladie-de-parkinson\/"},"modified":"2025-09-10T23:36:46","modified_gmt":"2025-09-10T23:36:46","slug":"votre-guide-des-10-semaines-prendre-un-nouveau-medicament-contre-la-maladie-de-parkinson","status":"publish","type":"page","link":"https:\/\/www.parkinson.ca\/fr\/ressources\/publications-educatives\/votre-guide-des-10-semaines-prendre-un-nouveau-medicament-contre-la-maladie-de-parkinson\/","title":{"rendered":"Votre guide de 10 semaines: Naviguer un nouveau m\u00e9dicament pour la maladie de Parkinson"},"content":{"rendered":"\n<div class=\"wp-block-columns has-blue-background-color has-background is-layout-flex wp-container-core-columns-is-layout-9d6595d7 wp-block-columns-is-layout-flex\">\n<div class=\"wp-block-column is-vertically-aligned-center is-layout-flow wp-block-column-is-layout-flow\" style=\"flex-basis:66.66%\">\n<div style=\"height:100px\" aria-hidden=\"true\" class=\"wp-block-spacer is-style-responsive-xsmall\"><\/div>\n\n\n\n<p>Ce guide s&rsquo;adresse aux personnes atteintes de la maladie de Parkinson qui commencent \u00e0 prendre un nouveau m\u00e9dicament, ainsi qu&rsquo;aux partenaires de soins et aux professionnels de la sant\u00e9 qui les soutiennent.  <\/p>\n\n\n\n<p>Commencer \u00e0 prendre un nouveau m\u00e9dicament pour la maladie de Parkinson peut \u00eatre un ajustement important &#8211; physiquement, \u00e9motionnellement et mentalement. Ce guide est con\u00e7u pour vous aider, vous, votre partenaire de soins et votre \u00e9quipe soignante, \u00e0 traverser les dix premi\u00e8res semaines avec votre nouveau m\u00e9dicament. En proposant des outils d&rsquo;auto-\u00e9valuation, de fixation d&rsquo;objectifs et de communication efficace, ce guide vous aidera \u00e0 prendre de nouvelles habitudes, \u00e0 g\u00e9rer les effets secondaires et \u00e0 tirer le meilleur parti de vos rendez-vous m\u00e9dicaux.    <\/p>\n\n\n\n<div class=\"wp-block-buttons is-layout-flex wp-block-buttons-is-layout-flex\">\n<div class=\"wp-block-button\"><a class=\"wp-block-button__link wp-element-button\" href=\"https:\/\/www.parkinson.ca\/download\/52489\/?tmstv=1748370682\">Acc\u00e9dez au guide complet<\/a><\/div>\n<\/div>\n<\/div>\n\n\n\n<div class=\"wp-block-column is-layout-flow wp-block-column-is-layout-flow\" style=\"flex-basis:33.33%\">\n<figure class=\"wp-block-image size-full is-resized\"><img loading=\"lazy\" decoding=\"async\" width=\"1066\" height=\"1456\" src=\"https:\/\/www.parkinson.ca\/wp-content\/uploads\/2025\/05\/Your-10-week-guide-preview-image_FR.png\" alt=\"\" class=\"wp-image-52483\" style=\"width:277px;height:auto\" srcset=\"https:\/\/www.parkinson.ca\/wp-content\/uploads\/2025\/05\/Your-10-week-guide-preview-image_FR.png 1066w, https:\/\/www.parkinson.ca\/wp-content\/uploads\/2025\/05\/Your-10-week-guide-preview-image_FR-220x300.png 220w, https:\/\/www.parkinson.ca\/wp-content\/uploads\/2025\/05\/Your-10-week-guide-preview-image_FR-750x1024.png 750w, https:\/\/www.parkinson.ca\/wp-content\/uploads\/2025\/05\/Your-10-week-guide-preview-image_FR-768x1049.png 768w, https:\/\/www.parkinson.ca\/wp-content\/uploads\/2025\/05\/Your-10-week-guide-preview-image_FR-426x582.png 426w, https:\/\/www.parkinson.ca\/wp-content\/uploads\/2025\/05\/Your-10-week-guide-preview-image_FR-791x1080.png 791w\" sizes=\"auto, (max-width: 1066px) 100vw, 1066px\" \/><\/figure>\n<\/div>\n<\/div>\n\n\n\n<div style=\"height:100px\" aria-hidden=\"true\" class=\"wp-block-spacer is-style-responsive-small\"><\/div>\n\n\n\n<div class=\"wp-block-group is-layout-constrained wp-block-group-is-layout-constrained\">\n<h2 class=\"wp-block-heading\">Ce que vous pouvez attendre de cette ressource<\/h2>\n\n\n\n<div class=\"wp-block-columns are-vertically-aligned-center is-layout-flex wp-container-core-columns-is-layout-9d6595d7 wp-block-columns-is-layout-flex\">\n<div class=\"wp-block-column is-vertically-aligned-center is-layout-flow wp-block-column-is-layout-flow\">\n<figure class=\"wp-block-image aligncenter size-large is-resized\"><img loading=\"lazy\" decoding=\"async\" width=\"1024\" height=\"1024\" src=\"https:\/\/www.parkinson.ca\/wp-content\/uploads\/2025\/05\/Your-10-week-guide-Navigating-a-new-Parkinsons-medication--1024x1024.png\" alt=\"\" class=\"wp-image-52259\" style=\"width:533px;height:auto\" srcset=\"https:\/\/www.parkinson.ca\/wp-content\/uploads\/2025\/05\/Your-10-week-guide-Navigating-a-new-Parkinsons-medication--1024x1024.png 1024w, https:\/\/www.parkinson.ca\/wp-content\/uploads\/2025\/05\/Your-10-week-guide-Navigating-a-new-Parkinsons-medication--300x300.png 300w, https:\/\/www.parkinson.ca\/wp-content\/uploads\/2025\/05\/Your-10-week-guide-Navigating-a-new-Parkinsons-medication--150x150.png 150w, https:\/\/www.parkinson.ca\/wp-content\/uploads\/2025\/05\/Your-10-week-guide-Navigating-a-new-Parkinsons-medication--768x768.png 768w, https:\/\/www.parkinson.ca\/wp-content\/uploads\/2025\/05\/Your-10-week-guide-Navigating-a-new-Parkinsons-medication--426x426.png 426w, https:\/\/www.parkinson.ca\/wp-content\/uploads\/2025\/05\/Your-10-week-guide-Navigating-a-new-Parkinsons-medication-.png 1080w\" sizes=\"auto, (max-width: 1024px) 100vw, 1024px\" \/><\/figure>\n<\/div>\n\n\n\n<div class=\"wp-block-column is-vertically-aligned-center is-layout-flow wp-block-column-is-layout-flow\">\n<div class=\"wp-block-columns is-layout-flex wp-container-core-columns-is-layout-9d6595d7 wp-block-columns-is-layout-flex\">\n<div class=\"wp-block-column is-vertically-aligned-center is-layout-flow wp-block-column-is-layout-flow\" style=\"flex-basis:5%\">\n<p class=\"has-blue-color has-text-color has-link-color has-xxlarge-font-size wp-elements-343f25304110b854cf9ace2c250d063a\"><strong>1<\/strong><\/p>\n<\/div>\n\n\n\n<div class=\"wp-block-column is-vertically-aligned-center is-layout-flow wp-block-column-is-layout-flow\">\n<p class=\"has-contrast-color has-text-color has-link-color has-medium-font-size wp-elements-4fc2902fec8f3d9721908d7e341b2518\">Fixer des objectifs personnels et suivre les progr\u00e8s r\u00e9alis\u00e9s<\/p>\n<\/div>\n<\/div>\n\n\n\n<div class='custom-link '>\n            <div style='width: 90%; height: 3px; background-color: var(--color--accent);'><\/div>\n    <\/div>\n\n\n<div class=\"wp-block-columns is-layout-flex wp-container-core-columns-is-layout-9d6595d7 wp-block-columns-is-layout-flex\">\n<div class=\"wp-block-column is-vertically-aligned-center is-layout-flow wp-block-column-is-layout-flow\" style=\"flex-basis:5%\">\n<p class=\"has-blue-color has-text-color has-link-color has-xxlarge-font-size wp-elements-821ff3ca11bfaca5273fcd0124b05454\"><strong>2<\/strong><\/p>\n<\/div>\n\n\n\n<div class=\"wp-block-column is-vertically-aligned-center is-layout-flow wp-block-column-is-layout-flow\">\n<p class=\"has-contrast-color has-text-color has-link-color has-medium-font-size wp-elements-74fae80f64c9f4c3cf99ccaebb2d2621\">Renforcer la communication avec votre \u00e9quipe soignante<\/p>\n<\/div>\n<\/div>\n\n\n\n<div class='custom-link '>\n            <div style='width: 90%; height: 3px; background-color: var(--color--accent);'><\/div>\n    <\/div>\n\n\n<div class=\"wp-block-columns is-layout-flex wp-container-core-columns-is-layout-9d6595d7 wp-block-columns-is-layout-flex\">\n<div class=\"wp-block-column is-vertically-aligned-center is-layout-flow wp-block-column-is-layout-flow\" style=\"flex-basis:5%\">\n<p class=\"has-blue-color has-text-color has-link-color has-xxlarge-font-size wp-elements-c02f8eb067cca0d61a1bb6b01f54f7d7\"><strong>3<\/strong><\/p>\n<\/div>\n\n\n\n<div class=\"wp-block-column is-vertically-aligned-center is-layout-flow wp-block-column-is-layout-flow\">\n<p class=\"has-contrast-color has-text-color has-link-color has-medium-font-size wp-elements-2cea91ef6ed7271995c0d3ed52bcce4b\">Reconna\u00eetre et g\u00e9rer les effets secondaires potentiels<\/p>\n<\/div>\n<\/div>\n<\/div>\n<\/div>\n<\/div>\n\n\n\n<div style=\"height:100px\" aria-hidden=\"true\" class=\"wp-block-spacer is-style-responsive-small\"><\/div>\n\n\n\n<h2 class=\"wp-block-heading\">Qui peut en b\u00e9n\u00e9ficier ?<\/h2>\n\n\n\n<div class=\"wp-block-columns are-vertically-aligned-center is-style-default is-layout-flex wp-container-core-columns-is-layout-9d6595d7 wp-block-columns-is-layout-flex\">\n<div class=\"wp-block-column is-vertically-aligned-center has-grey-background-color has-background is-layout-flow wp-block-column-is-layout-flow\" style=\"box-shadow:var(--wp--preset--shadow--natural)\">\n<div class=\"wp-block-cover is-light\" style=\"min-height:200px;aspect-ratio:unset;\"><span aria-hidden=\"true\" class=\"wp-block-cover__background has-grey-background-color has-background-dim-100 has-background-dim\"><\/span><div class=\"wp-block-cover__inner-container is-layout-constrained wp-block-cover-is-layout-constrained\">\n<p class=\"has-text-align-center has-medium-font-size\">Personnes atteintes de la maladie de Parkinson qui commencent \u00e0 prendre un nouveau m\u00e9dicament<\/p>\n<\/div><\/div>\n<\/div>\n\n\n\n<div class=\"wp-block-column is-vertically-aligned-center is-layout-flow wp-block-column-is-layout-flow\">\n<div class=\"wp-block-cover is-light\" style=\"box-shadow:var(--wp--preset--shadow--natural);min-height:270px;aspect-ratio:unset;\"><span aria-hidden=\"true\" class=\"wp-block-cover__background has-grey-background-color has-background-dim-100 has-background-dim\"><\/span><div class=\"wp-block-cover__inner-container is-layout-constrained wp-block-cover-is-layout-constrained\">\n<p class=\"has-text-align-center has-medium-font-size\">Partenaires de soins soutenant la transition<\/p>\n<\/div><\/div>\n<\/div>\n\n\n\n<div class=\"wp-block-column is-vertically-aligned-center has-grey-background-color has-background is-layout-flow wp-block-column-is-layout-flow\" style=\"box-shadow:var(--wp--preset--shadow--natural)\">\n<div class=\"wp-block-cover is-light is-style-default\" style=\"min-height:200px;aspect-ratio:unset;\"><span aria-hidden=\"true\" class=\"wp-block-cover__background has-grey-background-color has-background-dim-100 has-background-dim\"><\/span><div class=\"wp-block-cover__inner-container is-layout-constrained wp-block-cover-is-layout-constrained\">\n<p class=\"has-text-align-center has-medium-font-size\">Les professionnels de la sant\u00e9 qui souhaitent guider leurs patients dans le processus d&rsquo;adaptation.<\/p>\n<\/div><\/div>\n<\/div>\n<\/div>\n\n\n\n<div style=\"height:100px\" aria-hidden=\"true\" class=\"wp-block-spacer is-style-responsive-small\"><\/div>\n\n\n\n<div class=\"wp-block-group has-ice-blue-background-color has-background is-layout-constrained wp-block-group-is-layout-constrained\">\n<h3 class=\"wp-block-heading\"><strong><strong>Vous souhaitez obtenir des exemplaires suppl\u00e9mentaires du mod\u00e8le de suivi hebdomadaire ?<\/strong><\/strong><\/h3>\n\n\n\n<p><strong>Vous pouvez les trouver ici :<\/strong><\/p>\n\n\n\n\n<div class=\"link-group-block horizontal\">\n    <div class=\"acf-innerblocks-container\">\n\n    <div class='icon-link is-style-arrow'>\n        <a  href='https:\/\/www.parkinson.ca\/wp-content\/uploads\/2025\/05\/Guide-de-10-semaines-8.5-x-11-tracker-only.pdf'\n                    >\n            Outil de suivi hebdomadaire du bien-\u00eatre        <\/a>\n    <\/div>\n\n<\/div>\n<\/div><\/div>\n\n\n\n<div style=\"height:100px\" aria-hidden=\"true\" class=\"wp-block-spacer is-style-responsive-small\"><\/div>\n\n\n\n<div class=\"wp-block-columns alignfull has-blue-background-color has-background is-layout-flex wp-container-core-columns-is-layout-9d6595d7 wp-block-columns-is-layout-flex\">\n<div class=\"wp-block-column is-layout-flow wp-block-column-is-layout-flow\" style=\"flex-basis:25%\"><\/div>\n\n\n\n<div class=\"wp-block-column is-layout-flow wp-block-column-is-layout-flow\" style=\"flex-basis:50%\">\n<div style=\"height:100px\" aria-hidden=\"true\" class=\"wp-block-spacer is-style-responsive-medium\"><\/div>\n\n\n\n<h2 class=\"wp-block-heading has-text-align-center has-ice-blue-color has-text-color\"><strong>T\u00e9l\u00e9chargez le guide des 10 semaines<\/strong><\/h2>\n\n\n\n<p class=\"has-text-align-center\">Obtenez les outils dont vous avez besoin pour une transition r\u00e9ussie.<\/p>\n\n\n\n<div class=\"wp-block-buttons is-content-justification-center is-layout-flex wp-container-core-buttons-is-layout-16018d1d wp-block-buttons-is-layout-flex\">\n<div class=\"wp-block-button\"><a class=\"wp-block-button__link wp-element-button\" href=\"https:\/\/www.parkinson.ca\/download\/52489\/?tmstv=1748370682\">Acc\u00e9dez \u00e0 la ressource<\/a><\/div>\n<\/div>\n\n\n\n<div style=\"height:100px\" aria-hidden=\"true\" class=\"wp-block-spacer is-style-responsive-medium\"><\/div>\n<\/div>\n\n\n\n<div class=\"wp-block-column is-layout-flow wp-block-column-is-layout-flow\" style=\"flex-basis:25%\"><\/div>\n<\/div>\n\n\n\n<div style=\"height:100px\" aria-hidden=\"true\" class=\"wp-block-spacer is-style-default\"><\/div>\n\n\n\n<div class=\"wp-block-group is-nowrap is-layout-flex wp-container-core-group-is-layout-ad2f72ca wp-block-group-is-layout-flex\">\n<h3 class=\"wp-block-heading\">Cette ressource b\u00e9n\u00e9ficie d&rsquo;une subvention \u00e9ducative d&rsquo;AbbVie.  <\/h3>\n\n\n\n<figure class=\"wp-block-image size-full\"><img loading=\"lazy\" decoding=\"async\" width=\"300\" height=\"52\" src=\"https:\/\/www.parkinson.ca\/wp-content\/uploads\/2025\/05\/AbbVieLogo_Preferred_CoatedPMS-300x52-1.jpg\" alt=\"\" class=\"wp-image-52261\"\/><\/figure>\n<\/div>\n\n\n\n<div style=\"height:100px\" aria-hidden=\"true\" class=\"wp-block-spacer is-style-default\"><\/div>\n\n\n\n<div class=\"wp-block-group alignfull has-ice-blue-background-color has-background is-layout-constrained wp-block-group-is-layout-constrained\">\n<h2 class=\"wp-block-heading\"><strong>Vous cherchez des copies imprim\u00e9es ?<\/strong><\/h2>\n\n\n\n<p><br>Si vous pr\u00e9f\u00e9rez des copies imprim\u00e9es ou si vous avez des questions sp\u00e9cifiques, n&rsquo;h\u00e9sitez pas \u00e0 envoyer un courriel \u00e0 notre \u00e9quipe d&rsquo;assistance et d&rsquo;information \u00e0 l&rsquo;adresse <a href=\"mailto:support@Parkinson.ca\" target=\"_blank\" rel=\"noreferrer noopener\">support@parkinson.ca<\/a> ou \u00e0 appeler le <a href=\"tel:1-888-664-1974\">1-888-664-1974<\/a> pour obtenir de l&rsquo;aide.<\/p>\n<\/div>\n\n\n\n<div style=\"height:100px\" aria-hidden=\"true\" class=\"wp-block-spacer\"><\/div>\n","protected":false},"excerpt":{"rendered":"<p>Ce guide s&rsquo;adresse aux personnes atteintes de la maladie de Parkinson qui commencent \u00e0 prendre un nouveau m\u00e9dicament, ainsi qu&rsquo;aux partenaires de soins et aux professionnels de la sant\u00e9 qui les soutiennent. Commencer \u00e0 prendre un nouveau m\u00e9dicament pour la maladie de Parkinson peut \u00eatre un ajustement important &#8211; physiquement, \u00e9motionnellement et mentalement. Ce guide [&hellip;]<\/p>\n","protected":false},"author":90,"featured_media":52483,"parent":47857,"menu_order":0,"comment_status":"closed","ping_status":"closed","template":"","meta":{"_acf_changed":false,"footnotes":""},"class_list":["post-52289","page","type-page","status-publish","has-post-thumbnail","hentry"],"acf":[],"aioseo_notices":[],"_links":{"self":[{"href":"https:\/\/www.parkinson.ca\/fr\/wp-json\/wp\/v2\/pages\/52289","targetHints":{"allow":["GET"]}}],"collection":[{"href":"https:\/\/www.parkinson.ca\/fr\/wp-json\/wp\/v2\/pages"}],"about":[{"href":"https:\/\/www.parkinson.ca\/fr\/wp-json\/wp\/v2\/types\/page"}],"author":[{"embeddable":true,"href":"https:\/\/www.parkinson.ca\/fr\/wp-json\/wp\/v2\/users\/90"}],"replies":[{"embeddable":true,"href":"https:\/\/www.parkinson.ca\/fr\/wp-json\/wp\/v2\/comments?post=52289"}],"version-history":[{"count":7,"href":"https:\/\/www.parkinson.ca\/fr\/wp-json\/wp\/v2\/pages\/52289\/revisions"}],"predecessor-version":[{"id":54146,"href":"https:\/\/www.parkinson.ca\/fr\/wp-json\/wp\/v2\/pages\/52289\/revisions\/54146"}],"up":[{"embeddable":true,"href":"https:\/\/www.parkinson.ca\/fr\/wp-json\/wp\/v2\/pages\/47857"}],"wp:featuredmedia":[{"embeddable":true,"href":"https:\/\/www.parkinson.ca\/fr\/wp-json\/wp\/v2\/media\/52483"}],"wp:attachment":[{"href":"https:\/\/www.parkinson.ca\/fr\/wp-json\/wp\/v2\/media?parent=52289"}],"curies":[{"name":"wp","href":"https:\/\/api.w.org\/{rel}","templated":true}]}}