{"id":52257,"date":"2025-05-21T19:37:07","date_gmt":"2025-05-21T19:37:07","guid":{"rendered":"https:\/\/www.parkinson.ca\/?page_id=52257"},"modified":"2025-05-27T18:50:36","modified_gmt":"2025-05-27T18:50:36","slug":"medicaments-pour-traiter-la-maladie-de-parkinson","status":"publish","type":"page","link":"https:\/\/www.parkinson.ca\/fr\/ressources\/publications-educatives\/medicaments-pour-traiter-la-maladie-de-parkinson\/","title":{"rendered":"M\u00e9dicaments pour traiter la maladie de Parkinson"},"content":{"rendered":"\n<div class=\"wp-block-columns are-vertically-aligned-center has-ice-blue-background-color has-background is-layout-flex wp-container-core-columns-is-layout-9d6595d7 wp-block-columns-is-layout-flex\">\n<div class=\"wp-block-column is-vertically-aligned-center is-layout-flow wp-block-column-is-layout-flow\" style=\"flex-basis:66.66%\">\n<p>Cette brochure est destin\u00e9e aux professionnels de la sant\u00e9 qui traitent les personnes atteintes de la maladie de Parkinson.  <\/p>\n\n\n\n<p>Il offre une vue d&rsquo;ensemble concise et compl\u00e8te des m\u00e9dicaments utilis\u00e9s pour g\u00e9rer les sympt\u00f4mes moteurs et non moteurs de la maladie de Parkinson. Vous y trouverez des r\u00e9sum\u00e9s des actions pharmacologiques, des recommandations de dosage, des effets secondaires courants et des interactions m\u00e9dicamenteuses ou alimentaires potentielles, ainsi que d&rsquo;autres d\u00e9tails essentiels et pratiques pour l&rsquo;utilisation clinique.   <\/p>\n\n\n\n<p>Vous y trouverez \u00e9galement des outils utiles que vous pouvez partager avec les patients, tels que des fiches de suivi des m\u00e9dicaments et des aides \u00e0 la surveillance des sympt\u00f4mes. Que vous soyez novice dans la prise en charge de la maladie de Parkinson ou \u00e0 la recherche d&rsquo;une r\u00e9f\u00e9rence simplifi\u00e9e, ce livret est un guide pratique pour soutenir un traitement inform\u00e9 et efficace. <\/p>\n\n\n\n<div class=\"wp-block-buttons is-layout-flex wp-block-buttons-is-layout-flex\">\n<div class=\"wp-block-button\"><a class=\"wp-block-button__link wp-element-button\" href=\"https:\/\/www.parkinson.ca\/wp-content\/uploads\/2025\/05\/Medicaments-pour-traiter-la-maladie-de-Parkinson-1.pdf\">Acc\u00e9dez au livret num\u00e9rique<\/a><\/div>\n<\/div>\n<\/div>\n\n\n\n<div class=\"wp-block-column is-vertically-aligned-center is-layout-flow wp-block-column-is-layout-flow\" style=\"flex-basis:33.33%\">\n<figure class=\"wp-block-image size-full is-resized\"><img loading=\"lazy\" decoding=\"async\" width=\"651\" height=\"972\" src=\"https:\/\/www.parkinson.ca\/wp-content\/uploads\/2025\/05\/Medications-booklet-image-preview_FR.png\" alt=\"\" class=\"wp-image-52299\" style=\"width:269px;height:auto\" srcset=\"https:\/\/www.parkinson.ca\/wp-content\/uploads\/2025\/05\/Medications-booklet-image-preview_FR.png 651w, https:\/\/www.parkinson.ca\/wp-content\/uploads\/2025\/05\/Medications-booklet-image-preview_FR-201x300.png 201w, https:\/\/www.parkinson.ca\/wp-content\/uploads\/2025\/05\/Medications-booklet-image-preview_FR-426x636.png 426w\" sizes=\"auto, (max-width: 651px) 100vw, 651px\" \/><\/figure>\n<\/div>\n<\/div>\n\n\n\n<div style=\"height:100px\" aria-hidden=\"true\" class=\"wp-block-spacer is-style-responsive-small\"><\/div>\n\n\n\n<div class=\"wp-block-group is-layout-constrained wp-block-group-is-layout-constrained\">\n<h2 class=\"wp-block-heading\">Ce que vous pouvez attendre de cette ressource<\/h2>\n\n\n\n<div class=\"wp-block-columns are-vertically-aligned-center is-layout-flex wp-container-core-columns-is-layout-9d6595d7 wp-block-columns-is-layout-flex\">\n<div class=\"wp-block-column is-vertically-aligned-center is-layout-flow wp-block-column-is-layout-flow\">\n<figure class=\"wp-block-image aligncenter size-large is-resized\"><img loading=\"lazy\" decoding=\"async\" width=\"1024\" height=\"1024\" src=\"https:\/\/www.parkinson.ca\/wp-content\/uploads\/2025\/05\/Medications-to-treat-Parkinsons-disease-1024x1024.png\" alt=\"\" class=\"wp-image-52265\" style=\"width:533px;height:auto\" srcset=\"https:\/\/www.parkinson.ca\/wp-content\/uploads\/2025\/05\/Medications-to-treat-Parkinsons-disease-1024x1024.png 1024w, https:\/\/www.parkinson.ca\/wp-content\/uploads\/2025\/05\/Medications-to-treat-Parkinsons-disease-300x300.png 300w, https:\/\/www.parkinson.ca\/wp-content\/uploads\/2025\/05\/Medications-to-treat-Parkinsons-disease-150x150.png 150w, https:\/\/www.parkinson.ca\/wp-content\/uploads\/2025\/05\/Medications-to-treat-Parkinsons-disease-768x768.png 768w, https:\/\/www.parkinson.ca\/wp-content\/uploads\/2025\/05\/Medications-to-treat-Parkinsons-disease-426x426.png 426w, https:\/\/www.parkinson.ca\/wp-content\/uploads\/2025\/05\/Medications-to-treat-Parkinsons-disease.png 1080w\" sizes=\"auto, (max-width: 1024px) 100vw, 1024px\" \/><\/figure>\n<\/div>\n\n\n\n<div class=\"wp-block-column is-vertically-aligned-center is-layout-flow wp-block-column-is-layout-flow\">\n<div class=\"wp-block-columns is-layout-flex wp-container-core-columns-is-layout-9d6595d7 wp-block-columns-is-layout-flex\">\n<div class=\"wp-block-column is-vertically-aligned-center is-layout-flow wp-block-column-is-layout-flow\" style=\"flex-basis:5%\">\n<p class=\"has-blue-color has-text-color has-link-color has-xxlarge-font-size wp-elements-343f25304110b854cf9ace2c250d063a\"><strong>1<\/strong><\/p>\n<\/div>\n\n\n\n<div class=\"wp-block-column is-vertically-aligned-center is-layout-flow wp-block-column-is-layout-flow\">\n<p class=\"has-contrast-color has-text-color has-link-color has-medium-font-size wp-elements-ad758082ca4bfe93a1078acc3f8ea05b\">R\u00e9sum\u00e9s des principales classes de m\u00e9dicaments et de leurs actions pharmacologiques<\/p>\n<\/div>\n<\/div>\n\n\n\n<div class='custom-link '>\n            <div style='width: 90%; height: 3px; background-color: var(--color--accent);'><\/div>\n    <\/div>\n\n\n<div class=\"wp-block-columns is-layout-flex wp-container-core-columns-is-layout-9d6595d7 wp-block-columns-is-layout-flex\">\n<div class=\"wp-block-column is-vertically-aligned-center is-layout-flow wp-block-column-is-layout-flow\" style=\"flex-basis:5%\">\n<p class=\"has-blue-color has-text-color has-link-color has-xxlarge-font-size wp-elements-821ff3ca11bfaca5273fcd0124b05454\"><strong>2<\/strong><\/p>\n<\/div>\n\n\n\n<div class=\"wp-block-column is-vertically-aligned-center is-layout-flow wp-block-column-is-layout-flow\">\n<p class=\"has-contrast-color has-text-color has-link-color has-medium-font-size wp-elements-764c74e19d59a35cff8d299eb6f1c585\">Conseils de dosage pour les m\u00e9dicaments courants<\/p>\n<\/div>\n<\/div>\n\n\n\n<div class='custom-link '>\n            <div style='width: 90%; height: 3px; background-color: var(--color--accent);'><\/div>\n    <\/div>\n\n\n<div class=\"wp-block-columns is-layout-flex wp-container-core-columns-is-layout-9d6595d7 wp-block-columns-is-layout-flex\">\n<div class=\"wp-block-column is-vertically-aligned-center is-layout-flow wp-block-column-is-layout-flow\" style=\"flex-basis:5%\">\n<p class=\"has-blue-color has-text-color has-link-color has-xxlarge-font-size wp-elements-c02f8eb067cca0d61a1bb6b01f54f7d7\"><strong>3<\/strong><\/p>\n<\/div>\n\n\n\n<div class=\"wp-block-column is-vertically-aligned-center is-layout-flow wp-block-column-is-layout-flow\">\n<p class=\"has-contrast-color has-text-color has-link-color has-medium-font-size wp-elements-02084720e3727020bd86c5dd03807485\">Interactions m\u00e9dicamenteuses et alimentaires \u00e0 prendre en compte<\/p>\n<\/div>\n<\/div>\n<\/div>\n<\/div>\n<\/div>\n\n\n\n<div style=\"height:100px\" aria-hidden=\"true\" class=\"wp-block-spacer is-style-responsive-small\"><\/div>\n\n\n\n<h2 class=\"wp-block-heading\">Qui peut en b\u00e9n\u00e9ficier ?<\/h2>\n\n\n\n<div class=\"wp-block-columns are-vertically-aligned-center is-style-default is-layout-flex wp-container-core-columns-is-layout-9d6595d7 wp-block-columns-is-layout-flex\">\n<div class=\"wp-block-column is-vertically-aligned-center has-grey-background-color has-background is-layout-flow wp-block-column-is-layout-flow\" style=\"box-shadow:var(--wp--preset--shadow--natural)\">\n<div class=\"wp-block-cover is-light\" style=\"min-height:200px;aspect-ratio:unset;\"><span aria-hidden=\"true\" class=\"wp-block-cover__background has-grey-background-color has-background-dim-100 has-background-dim\"><\/span><div class=\"wp-block-cover__inner-container is-layout-constrained wp-block-cover-is-layout-constrained\">\n<p class=\"has-text-align-center has-medium-font-size\">M\u00e9decins de famille et neurologues<\/p>\n<\/div><\/div>\n<\/div>\n\n\n\n<div class=\"wp-block-column is-vertically-aligned-center is-layout-flow wp-block-column-is-layout-flow\">\n<div class=\"wp-block-cover is-light\" style=\"box-shadow:var(--wp--preset--shadow--natural);min-height:270px;aspect-ratio:unset;\"><span aria-hidden=\"true\" class=\"wp-block-cover__background has-grey-background-color has-background-dim-100 has-background-dim\"><\/span><div class=\"wp-block-cover__inner-container is-layout-constrained wp-block-cover-is-layout-constrained\">\n<p class=\"has-text-align-center has-medium-font-size\">Infirmi\u00e8res, infirmi\u00e8res praticiennes et professionnels param\u00e9dicaux<\/p>\n<\/div><\/div>\n<\/div>\n\n\n\n<div class=\"wp-block-column is-vertically-aligned-center has-grey-background-color has-background is-layout-flow wp-block-column-is-layout-flow\" style=\"box-shadow:var(--wp--preset--shadow--natural)\">\n<div class=\"wp-block-cover is-light is-style-default\" style=\"min-height:200px;aspect-ratio:unset;\"><span aria-hidden=\"true\" class=\"wp-block-cover__background has-grey-background-color has-background-dim-100 has-background-dim\"><\/span><div class=\"wp-block-cover__inner-container is-layout-constrained wp-block-cover-is-layout-constrained\">\n<p class=\"has-text-align-center has-medium-font-size\">Tout prestataire de soins de sant\u00e9 traitant des personnes atteintes de la maladie de Parkinson<\/p>\n<\/div><\/div>\n<\/div>\n<\/div>\n\n\n\n<div style=\"height:100px\" aria-hidden=\"true\" class=\"wp-block-spacer is-style-responsive-small\"><\/div>\n\n\n\n<div class=\"wp-block-columns alignfull has-blue-background-color has-background is-layout-flex wp-container-core-columns-is-layout-9d6595d7 wp-block-columns-is-layout-flex\">\n<div class=\"wp-block-column is-layout-flow wp-block-column-is-layout-flow\" style=\"flex-basis:25%\"><\/div>\n\n\n\n<div class=\"wp-block-column is-layout-flow wp-block-column-is-layout-flow\" style=\"flex-basis:50%\">\n<div style=\"height:100px\" aria-hidden=\"true\" class=\"wp-block-spacer is-style-responsive-medium\"><\/div>\n\n\n\n<h2 class=\"wp-block-heading has-text-align-center has-ice-blue-color has-text-color\"><strong>Soutenir les soins cliniques en toute confiance<\/strong><\/h2>\n\n\n\n<p class=\"has-text-align-center\">Acc\u00e9dez d\u00e8s aujourd&rsquo;hui au guide des m\u00e9dicaments pour la maladie de Parkinson.<\/p>\n\n\n\n<div class=\"wp-block-buttons is-content-justification-center is-layout-flex wp-container-core-buttons-is-layout-16018d1d wp-block-buttons-is-layout-flex\">\n<div class=\"wp-block-button\"><a class=\"wp-block-button__link wp-element-button\" href=\"https:\/\/www.parkinson.ca\/wp-content\/uploads\/2025\/05\/Medicaments-pour-traiter-la-maladie-de-Parkinson-1.pdf\">Acc\u00e9dez la ressource<\/a><\/div>\n<\/div>\n\n\n\n<div style=\"height:100px\" aria-hidden=\"true\" class=\"wp-block-spacer is-style-responsive-medium\"><\/div>\n<\/div>\n\n\n\n<div class=\"wp-block-column is-layout-flow wp-block-column-is-layout-flow\" style=\"flex-basis:25%\"><\/div>\n<\/div>\n\n\n\n<div style=\"height:100px\" aria-hidden=\"true\" class=\"wp-block-spacer is-style-responsive-small\"><\/div>\n\n\n\n<div class=\"wp-block-group has-white-background-color has-background is-layout-constrained wp-block-group-is-layout-constrained\">\n<h2 class=\"wp-block-heading has-contrast-color has-text-color has-link-color wp-elements-5606f8ab2a62b5495cc1bf214d1d1fea\"><strong>Ressources connexes qui pourraient vous \u00eatre utiles<\/strong><\/h2>\n\n\n\n<p>Ces ressources ne sont disponibles qu&rsquo;en anglais.<\/p>\n\n\n\n<div class=\"wp-block-columns alignwide is-layout-flex wp-container-core-columns-is-layout-9d6595d7 wp-block-columns-is-layout-flex\">\n<div class=\"wp-block-column is-layout-flow wp-block-column-is-layout-flow\" style=\"flex-basis:33.33%\">\n<figure class=\"wp-block-image aligncenter size-small is-resized\"><img loading=\"lazy\" decoding=\"async\" width=\"426\" height=\"549\" src=\"https:\/\/www.parkinson.ca\/wp-content\/uploads\/2025\/05\/Screenshot-2025-05-20-113048-426x549.png\" alt=\"\" class=\"wp-image-52248\" style=\"width:auto;height:250px\" srcset=\"https:\/\/www.parkinson.ca\/wp-content\/uploads\/2025\/05\/Screenshot-2025-05-20-113048-426x549.png 426w, https:\/\/www.parkinson.ca\/wp-content\/uploads\/2025\/05\/Screenshot-2025-05-20-113048-233x300.png 233w, https:\/\/www.parkinson.ca\/wp-content\/uploads\/2025\/05\/Screenshot-2025-05-20-113048.png 619w\" sizes=\"auto, (max-width: 426px) 100vw, 426px\" \/><\/figure>\n\n\n\n<div class='custom-link '>\n            <div style='width: 100%; height: 3px; background-color: var(--color--accent);'><\/div>\n    <\/div>\n\n\n<div style=\"height:100px\" aria-hidden=\"true\" class=\"wp-block-spacer is-style-responsive-xsmall\"><\/div>\n\n\n\n\n<div class=\"link-group-block horizontal\">\n    <div class=\"acf-innerblocks-container\">\n\n    <div class='icon-link is-style-download'>\n        <a  href='https:\/\/parkinson.ca\/wp-content\/uploads\/2025\/01\/Parkinsons-Medications-what-you-need-to-know-1.pdf'\n                    >\n            Fiche d&rsquo;information : M\u00e9dicaments contre la maladie de Parkinson &#8211; ce que vous devez savoir        <\/a>\n    <\/div>\n\n<\/div>\n<\/div><\/div>\n\n\n\n<div class=\"wp-block-column is-layout-flow wp-block-column-is-layout-flow\" style=\"flex-basis:33.33%\">\n<figure class=\"wp-block-image aligncenter size-small is-resized\"><img loading=\"lazy\" decoding=\"async\" width=\"426\" height=\"242\" src=\"https:\/\/www.parkinson.ca\/wp-content\/uploads\/2025\/05\/Screenshot-2025-05-20-113252-426x242.png\" alt=\"\" class=\"wp-image-52250\" style=\"width:auto;height:250px\" srcset=\"https:\/\/www.parkinson.ca\/wp-content\/uploads\/2025\/05\/Screenshot-2025-05-20-113252-426x242.png 426w, https:\/\/www.parkinson.ca\/wp-content\/uploads\/2025\/05\/Screenshot-2025-05-20-113252-300x170.png 300w, https:\/\/www.parkinson.ca\/wp-content\/uploads\/2025\/05\/Screenshot-2025-05-20-113252-1024x581.png 1024w, https:\/\/www.parkinson.ca\/wp-content\/uploads\/2025\/05\/Screenshot-2025-05-20-113252-768x436.png 768w, https:\/\/www.parkinson.ca\/wp-content\/uploads\/2025\/05\/Screenshot-2025-05-20-113252.png 1774w\" sizes=\"auto, (max-width: 426px) 100vw, 426px\" \/><\/figure>\n\n\n\n<div class='custom-link '>\n            <div style='width: 100%; height: 3px; background-color: var(--color--accent);'><\/div>\n    <\/div>\n\n\n<div style=\"height:100px\" aria-hidden=\"true\" class=\"wp-block-spacer is-style-responsive-xsmall\"><\/div>\n\n\n\n\n<div class=\"link-group-block horizontal\">\n    <div class=\"acf-innerblocks-container\">\n\n    <div class='icon-link is-style-external'>\n        <a  href='https:\/\/youtu.be\/V2HApqJM8Sw?si=G4bU_s4MP97TNYv5'\n            target='_blank' rel='noopener noreferrer'        >\n            Webinaire : Les hauts et les bas de la dopamine : G\u00e9rer les p\u00e9riodes OFF et la dyskin\u00e9sie        <\/a>\n    <\/div>\n\n<\/div>\n<\/div><\/div>\n<\/div>\n<\/div>\n\n\n\n<div style=\"height:100px\" aria-hidden=\"true\" class=\"wp-block-spacer is-style-responsive-small\"><\/div>\n\n\n\n<div class=\"wp-block-group alignfull has-ice-blue-background-color has-background is-layout-constrained wp-block-group-is-layout-constrained\">\n<h2 class=\"wp-block-heading\"><strong>Vous cherchez des copies imprim\u00e9es ?<\/strong><\/h2>\n\n\n\n<p><br>Si vous pr\u00e9f\u00e9rez des copies imprim\u00e9es ou si vous avez des questions sp\u00e9cifiques, n&rsquo;h\u00e9sitez pas \u00e0 envoyer un courriel \u00e0 notre \u00e9quipe d&rsquo;assistance et d&rsquo;information \u00e0 l&rsquo;adresse <a href=\"mailto:support@Parkinson.ca\" target=\"_blank\" rel=\"noreferrer noopener\">support@parkinson.ca<\/a> ou \u00e0 appeler le <a href=\"tel:1-888-664-1974\">1-888-664-1974<\/a> pour obtenir de l&rsquo;aide.<\/p>\n<\/div>\n","protected":false},"excerpt":{"rendered":"<p>Cette brochure est destin\u00e9e aux professionnels de la sant\u00e9 qui traitent les personnes atteintes de la maladie de Parkinson. Il offre une vue d&rsquo;ensemble concise et compl\u00e8te des m\u00e9dicaments utilis\u00e9s pour g\u00e9rer les sympt\u00f4mes moteurs et non moteurs de la maladie de Parkinson. Vous y trouverez des r\u00e9sum\u00e9s des actions pharmacologiques, des recommandations de dosage, [&hellip;]<\/p>\n","protected":false},"author":90,"featured_media":52299,"parent":47857,"menu_order":0,"comment_status":"closed","ping_status":"closed","template":"","meta":{"_acf_changed":false,"footnotes":""},"class_list":["post-52257","page","type-page","status-publish","has-post-thumbnail","hentry"],"acf":[],"aioseo_notices":[],"_links":{"self":[{"href":"https:\/\/www.parkinson.ca\/fr\/wp-json\/wp\/v2\/pages\/52257","targetHints":{"allow":["GET"]}}],"collection":[{"href":"https:\/\/www.parkinson.ca\/fr\/wp-json\/wp\/v2\/pages"}],"about":[{"href":"https:\/\/www.parkinson.ca\/fr\/wp-json\/wp\/v2\/types\/page"}],"author":[{"embeddable":true,"href":"https:\/\/www.parkinson.ca\/fr\/wp-json\/wp\/v2\/users\/90"}],"replies":[{"embeddable":true,"href":"https:\/\/www.parkinson.ca\/fr\/wp-json\/wp\/v2\/comments?post=52257"}],"version-history":[{"count":8,"href":"https:\/\/www.parkinson.ca\/fr\/wp-json\/wp\/v2\/pages\/52257\/revisions"}],"predecessor-version":[{"id":52518,"href":"https:\/\/www.parkinson.ca\/fr\/wp-json\/wp\/v2\/pages\/52257\/revisions\/52518"}],"up":[{"embeddable":true,"href":"https:\/\/www.parkinson.ca\/fr\/wp-json\/wp\/v2\/pages\/47857"}],"wp:featuredmedia":[{"embeddable":true,"href":"https:\/\/www.parkinson.ca\/fr\/wp-json\/wp\/v2\/media\/52299"}],"wp:attachment":[{"href":"https:\/\/www.parkinson.ca\/fr\/wp-json\/wp\/v2\/media?parent=52257"}],"curies":[{"name":"wp","href":"https:\/\/api.w.org\/{rel}","templated":true}]}}