{"id":52229,"date":"2025-05-21T20:22:23","date_gmt":"2025-05-21T20:22:23","guid":{"rendered":"https:\/\/www.parkinson.ca\/?page_id=52229"},"modified":"2025-11-14T01:01:42","modified_gmt":"2025-11-14T01:01:42","slug":"prevention-des-chutes-chez-les-personnes-atteintes-de-la-maladie-de-parkinson","status":"publish","type":"page","link":"https:\/\/www.parkinson.ca\/fr\/ressources\/publications-educatives\/prevention-des-chutes-chez-les-personnes-atteintes-de-la-maladie-de-parkinson\/","title":{"rendered":"Pr\u00e9vention des chutes chez les personnes atteintes de la maladie de Parkinson"},"content":{"rendered":"\n<div class=\"wp-block-columns are-vertically-aligned-center has-ice-blue-background-color has-background is-layout-flex wp-container-core-columns-is-layout-9d6595d7 wp-block-columns-is-layout-flex\">\n<div class=\"wp-block-column is-vertically-aligned-center is-layout-flow wp-block-column-is-layout-flow\" style=\"flex-basis:66.66%\">\n<p>Cette brochure s&rsquo;adresse aux personnes atteintes de la maladie de Parkinson, ainsi qu&rsquo;aux membres de leur famille, \u00e0 leurs amis et \u00e0 leurs partenaires de soins.  <\/p>\n\n\n\n<p>Les chutes peuvent arriver \u00e0 n&rsquo;importe qui, n&rsquo;importe o\u00f9, n&rsquo;importe quand. Le fait d&rsquo;\u00eatre atteint de la maladie de Parkinson augmente le risque de chute. La pr\u00e9vention et la planification peuvent r\u00e9duire ce risque. Toutes les chutes ne peuvent pas \u00eatre \u00e9vit\u00e9es, mais il y a des choses que vous pouvez faire pour vous prot\u00e9ger et r\u00e9duire le nombre de chutes et de blessures.     <\/p>\n\n\n\n<p>Cette brochure vous aidera \u00e0 identifier certaines des causes des chutes et vous proposera des suggestions simples et pratiques pour vous permettre de rester actif, ind\u00e9pendant et debout.  <\/p>\n\n\n\n<div class=\"wp-block-buttons is-layout-flex wp-block-buttons-is-layout-flex\">\n<div class=\"wp-block-button\"><a class=\"wp-block-button__link wp-element-button\" href=\"https:\/\/www.parkinson.ca\/download\/52317\/?tmstv=1747858879\">Acc\u00e9dez au livret num\u00e9rique<\/a><\/div>\n<\/div>\n<\/div>\n\n\n\n<div class=\"wp-block-column is-vertically-aligned-center is-layout-flow wp-block-column-is-layout-flow\" style=\"flex-basis:33.33%\">\n<figure class=\"wp-block-image size-full is-resized\"><img loading=\"lazy\" decoding=\"async\" width=\"816\" height=\"1035\" src=\"https:\/\/www.parkinson.ca\/wp-content\/uploads\/2025\/11\/Falls-booklet-image-preview_FR-1.png\" alt=\"\" class=\"wp-image-55627\" style=\"width:317px;height:auto\" srcset=\"https:\/\/www.parkinson.ca\/wp-content\/uploads\/2025\/11\/Falls-booklet-image-preview_FR-1.png 816w, https:\/\/www.parkinson.ca\/wp-content\/uploads\/2025\/11\/Falls-booklet-image-preview_FR-1-237x300.png 237w, https:\/\/www.parkinson.ca\/wp-content\/uploads\/2025\/11\/Falls-booklet-image-preview_FR-1-807x1024.png 807w, https:\/\/www.parkinson.ca\/wp-content\/uploads\/2025\/11\/Falls-booklet-image-preview_FR-1-768x974.png 768w, https:\/\/www.parkinson.ca\/wp-content\/uploads\/2025\/11\/Falls-booklet-image-preview_FR-1-426x540.png 426w, https:\/\/www.parkinson.ca\/wp-content\/uploads\/2025\/11\/Falls-booklet-image-preview_FR-1-39x50.png 39w, https:\/\/www.parkinson.ca\/wp-content\/uploads\/2025\/11\/Falls-booklet-image-preview_FR-1-79x100.png 79w\" sizes=\"auto, (max-width: 816px) 100vw, 816px\" \/><\/figure>\n<\/div>\n<\/div>\n\n\n\n<div style=\"height:100px\" aria-hidden=\"true\" class=\"wp-block-spacer is-style-responsive-small\"><\/div>\n\n\n\n<div class=\"wp-block-group is-layout-constrained wp-block-group-is-layout-constrained\">\n<h2 class=\"wp-block-heading\">Ce que vous pouvez attendre de cette ressource<\/h2>\n\n\n\n<div class=\"wp-block-columns are-vertically-aligned-center is-layout-flex wp-container-core-columns-is-layout-9d6595d7 wp-block-columns-is-layout-flex\">\n<div class=\"wp-block-column is-vertically-aligned-center is-layout-flow wp-block-column-is-layout-flow\">\n<figure class=\"wp-block-image aligncenter size-large is-resized\"><img loading=\"lazy\" decoding=\"async\" width=\"1024\" height=\"1024\" src=\"https:\/\/www.parkinson.ca\/wp-content\/uploads\/2025\/05\/Preventing-falls-for-people-living-with-Parkinsons-1024x1024.png\" alt=\"\" class=\"wp-image-52208\" style=\"width:533px;height:auto\" srcset=\"https:\/\/www.parkinson.ca\/wp-content\/uploads\/2025\/05\/Preventing-falls-for-people-living-with-Parkinsons-1024x1024.png 1024w, https:\/\/www.parkinson.ca\/wp-content\/uploads\/2025\/05\/Preventing-falls-for-people-living-with-Parkinsons-300x300.png 300w, https:\/\/www.parkinson.ca\/wp-content\/uploads\/2025\/05\/Preventing-falls-for-people-living-with-Parkinsons-150x150.png 150w, https:\/\/www.parkinson.ca\/wp-content\/uploads\/2025\/05\/Preventing-falls-for-people-living-with-Parkinsons-768x768.png 768w, https:\/\/www.parkinson.ca\/wp-content\/uploads\/2025\/05\/Preventing-falls-for-people-living-with-Parkinsons-426x426.png 426w, https:\/\/www.parkinson.ca\/wp-content\/uploads\/2025\/05\/Preventing-falls-for-people-living-with-Parkinsons.png 1080w\" sizes=\"auto, (max-width: 1024px) 100vw, 1024px\" \/><\/figure>\n<\/div>\n\n\n\n<div class=\"wp-block-column is-vertically-aligned-center is-layout-flow wp-block-column-is-layout-flow\">\n<div class=\"wp-block-columns is-layout-flex wp-container-core-columns-is-layout-9d6595d7 wp-block-columns-is-layout-flex\">\n<div class=\"wp-block-column is-vertically-aligned-center is-layout-flow wp-block-column-is-layout-flow\" style=\"flex-basis:5%\">\n<p class=\"has-blue-color has-text-color has-link-color has-xxlarge-font-size wp-elements-343f25304110b854cf9ace2c250d063a\"><strong>1<\/strong><\/p>\n<\/div>\n\n\n\n<div class=\"wp-block-column is-vertically-aligned-center is-layout-flow wp-block-column-is-layout-flow\">\n<p class=\"has-contrast-color has-text-color has-link-color has-medium-font-size wp-elements-3363ebe8dffe0177b4cfe679d9e20b3b\">Causes courantes de chutes chez les personnes atteintes de la maladie de Parkinson<\/p>\n<\/div>\n<\/div>\n\n\n\n<div class='custom-link '>\n            <div style='width: 90%; height: 3px; background-color: var(--color--accent);'><\/div>\n    <\/div>\n\n\n<div class=\"wp-block-columns is-layout-flex wp-container-core-columns-is-layout-9d6595d7 wp-block-columns-is-layout-flex\">\n<div class=\"wp-block-column is-vertically-aligned-center is-layout-flow wp-block-column-is-layout-flow\" style=\"flex-basis:5%\">\n<p class=\"has-blue-color has-text-color has-link-color has-xxlarge-font-size wp-elements-821ff3ca11bfaca5273fcd0124b05454\"><strong>2<\/strong><\/p>\n<\/div>\n\n\n\n<div class=\"wp-block-column is-vertically-aligned-center is-layout-flow wp-block-column-is-layout-flow\">\n<p class=\"has-contrast-color has-text-color has-link-color has-medium-font-size wp-elements-eb1d5d75040152acd05351d3a436a8fb\">Listes de contr\u00f4le et suggestions pour r\u00e9duire votre risque de blessure<\/p>\n<\/div>\n<\/div>\n\n\n\n<div class='custom-link '>\n            <div style='width: 90%; height: 3px; background-color: var(--color--accent);'><\/div>\n    <\/div>\n\n\n<div class=\"wp-block-columns is-layout-flex wp-container-core-columns-is-layout-9d6595d7 wp-block-columns-is-layout-flex\">\n<div class=\"wp-block-column is-vertically-aligned-center is-layout-flow wp-block-column-is-layout-flow\" style=\"flex-basis:5%\">\n<p class=\"has-blue-color has-text-color has-link-color has-xxlarge-font-size wp-elements-c02f8eb067cca0d61a1bb6b01f54f7d7\"><strong>3<\/strong><\/p>\n<\/div>\n\n\n\n<div class=\"wp-block-column is-vertically-aligned-center is-layout-flow wp-block-column-is-layout-flow\">\n<p class=\"has-contrast-color has-text-color has-link-color has-medium-font-size wp-elements-44ce88a9e6e8c2eed330baaacb6475f8\">Conseils pour rendre votre maison plus s\u00fbre<\/p>\n<\/div>\n<\/div>\n<\/div>\n<\/div>\n\n\n\n<div style=\"height:100px\" aria-hidden=\"true\" class=\"wp-block-spacer is-style-responsive-small\"><\/div>\n<\/div>\n\n\n\n<h2 class=\"wp-block-heading\">Qui peut en b\u00e9n\u00e9ficier ?<\/h2>\n\n\n\n<div class=\"wp-block-columns are-vertically-aligned-center is-style-default is-layout-flex wp-container-core-columns-is-layout-9d6595d7 wp-block-columns-is-layout-flex\">\n<div class=\"wp-block-column is-vertically-aligned-center has-grey-background-color has-background is-layout-flow wp-block-column-is-layout-flow\" style=\"box-shadow:var(--wp--preset--shadow--natural)\">\n<div class=\"wp-block-cover is-light\" style=\"min-height:200px;aspect-ratio:unset;\"><span aria-hidden=\"true\" class=\"wp-block-cover__background has-grey-background-color has-background-dim-100 has-background-dim\"><\/span><div class=\"wp-block-cover__inner-container is-layout-constrained wp-block-cover-is-layout-constrained\">\n<p class=\"has-text-align-center has-medium-font-size\">Les personnes atteintes de la maladie de Parkinson qui souhaitent rester en s\u00e9curit\u00e9 et mobiles<\/p>\n<\/div><\/div>\n<\/div>\n\n\n\n<div class=\"wp-block-column is-vertically-aligned-center is-layout-flow wp-block-column-is-layout-flow\">\n<div class=\"wp-block-cover is-light\" style=\"box-shadow:var(--wp--preset--shadow--natural);min-height:270px;aspect-ratio:unset;\"><span aria-hidden=\"true\" class=\"wp-block-cover__background has-grey-background-color has-background-dim-100 has-background-dim\"><\/span><div class=\"wp-block-cover__inner-container is-layout-constrained wp-block-cover-is-layout-constrained\">\n<p class=\"has-text-align-center has-medium-font-size\">Partenaires de soins, membres de la famille et amis<\/p>\n<\/div><\/div>\n<\/div>\n\n\n\n<div class=\"wp-block-column is-vertically-aligned-center has-grey-background-color has-background is-layout-flow wp-block-column-is-layout-flow\" style=\"box-shadow:var(--wp--preset--shadow--natural)\">\n<div class=\"wp-block-cover is-light is-style-default\" style=\"min-height:200px;aspect-ratio:unset;\"><span aria-hidden=\"true\" class=\"wp-block-cover__background has-grey-background-color has-background-dim-100 has-background-dim\"><\/span><div class=\"wp-block-cover__inner-container is-layout-constrained wp-block-cover-is-layout-constrained\">\n<p class=\"has-text-align-center has-medium-font-size\">Les professionnels de la sant\u00e9 \u00e0 la recherche d&rsquo;outils d&rsquo;\u00e9ducation des patients<\/p>\n<\/div><\/div>\n<\/div>\n<\/div>\n\n\n\n<div style=\"height:100px\" aria-hidden=\"true\" class=\"wp-block-spacer is-style-responsive-small\"><\/div>\n\n\n\n<div class=\"wp-block-group has-ice-blue-background-color has-background is-layout-constrained wp-block-group-is-layout-constrained\">\n<h3 class=\"wp-block-heading\"><strong>Vous souhaitez obtenir des exemplaires suppl\u00e9mentaires des diagrammes de s\u00e9curit\u00e9 domestique et communautaire ?  <\/strong><\/h3>\n\n\n\n<p><strong>Cliquez sur les images ci-dessous pour les visualiser, les t\u00e9l\u00e9charger et les imprimer chez vous.  <\/strong> <\/p>\n\n\n\n<figure class=\"wp-block-gallery has-nested-images columns-default is-cropped wp-block-gallery-1 is-layout-flex wp-block-gallery-is-layout-flex\">\n<figure class=\"wp-block-image size-large\"><a href=\"https:\/\/www.parkinson.ca\/wp-content\/uploads\/2025\/05\/chutes-risques-a-domicile-et-dans-lenvironment_2020.pdf\"><img loading=\"lazy\" decoding=\"async\" width=\"1024\" height=\"663\" data-id=\"52323\" src=\"https:\/\/www.parkinson.ca\/wp-content\/uploads\/2025\/05\/Falls-community-safety-image_FR-1024x663.png\" alt=\"\" class=\"wp-image-52323\" srcset=\"https:\/\/www.parkinson.ca\/wp-content\/uploads\/2025\/05\/Falls-community-safety-image_FR-1024x663.png 1024w, https:\/\/www.parkinson.ca\/wp-content\/uploads\/2025\/05\/Falls-community-safety-image_FR-300x194.png 300w, https:\/\/www.parkinson.ca\/wp-content\/uploads\/2025\/05\/Falls-community-safety-image_FR-768x497.png 768w, https:\/\/www.parkinson.ca\/wp-content\/uploads\/2025\/05\/Falls-community-safety-image_FR-426x276.png 426w, https:\/\/www.parkinson.ca\/wp-content\/uploads\/2025\/05\/Falls-community-safety-image_FR.png 1236w\" sizes=\"auto, (max-width: 1024px) 100vw, 1024px\" \/><\/a><\/figure>\n\n\n\n<figure class=\"wp-block-image size-large\"><a href=\"https:\/\/www.parkinson.ca\/wp-content\/uploads\/2025\/05\/chutes-risques-a-domicile-et-dans-lenvironment_2020.pdf\"><img loading=\"lazy\" decoding=\"async\" width=\"1024\" height=\"660\" data-id=\"52325\" src=\"https:\/\/www.parkinson.ca\/wp-content\/uploads\/2025\/05\/Falls-home-safety-preview-image_FR-1024x660.png\" alt=\"\" class=\"wp-image-52325\" srcset=\"https:\/\/www.parkinson.ca\/wp-content\/uploads\/2025\/05\/Falls-home-safety-preview-image_FR-1024x660.png 1024w, https:\/\/www.parkinson.ca\/wp-content\/uploads\/2025\/05\/Falls-home-safety-preview-image_FR-300x193.png 300w, https:\/\/www.parkinson.ca\/wp-content\/uploads\/2025\/05\/Falls-home-safety-preview-image_FR-768x495.png 768w, https:\/\/www.parkinson.ca\/wp-content\/uploads\/2025\/05\/Falls-home-safety-preview-image_FR-426x275.png 426w, https:\/\/www.parkinson.ca\/wp-content\/uploads\/2025\/05\/Falls-home-safety-preview-image_FR.png 1241w\" sizes=\"auto, (max-width: 1024px) 100vw, 1024px\" \/><\/a><\/figure>\n<\/figure>\n<\/div>\n\n\n\n<div style=\"height:100px\" aria-hidden=\"true\" class=\"wp-block-spacer is-style-responsive-small\"><\/div>\n\n\n\n<div class=\"wp-block-columns alignfull has-blue-background-color has-background is-layout-flex wp-container-core-columns-is-layout-9d6595d7 wp-block-columns-is-layout-flex\">\n<div class=\"wp-block-column is-layout-flow wp-block-column-is-layout-flow\" style=\"flex-basis:25%\"><\/div>\n\n\n\n<div class=\"wp-block-column is-layout-flow wp-block-column-is-layout-flow\" style=\"flex-basis:50%\">\n<div style=\"height:100px\" aria-hidden=\"true\" class=\"wp-block-spacer is-style-responsive-medium\"><\/div>\n\n\n\n<h2 class=\"wp-block-heading has-text-align-center has-ice-blue-color has-text-color\">Prenez des mesures pour pr\u00e9venir les chutes avant qu&rsquo;elles ne se produisent<\/h2>\n\n\n\n<p class=\"has-text-align-center\">T\u00e9l\u00e9chargez<em> Pr\u00e9vention des chutes chez les personnes atteintes de la maladie de Parkinson<\/em> et commencez d\u00e8s aujourd&rsquo;hui \u00e0 rendre votre environnement plus s\u00fbr.<\/p>\n\n\n\n<div class=\"wp-block-buttons is-content-justification-center is-layout-flex wp-container-core-buttons-is-layout-16018d1d wp-block-buttons-is-layout-flex\">\n<div class=\"wp-block-button\"><a class=\"wp-block-button__link wp-element-button\" href=\"https:\/\/www.parkinson.ca\/download\/52317\/?tmstv=1747858879\">Acc\u00e9dez \u00e0 la ressource<\/a><\/div>\n<\/div>\n\n\n\n<div style=\"height:100px\" aria-hidden=\"true\" class=\"wp-block-spacer is-style-responsive-medium\"><\/div>\n<\/div>\n\n\n\n<div class=\"wp-block-column is-layout-flow wp-block-column-is-layout-flow\" style=\"flex-basis:25%\"><\/div>\n<\/div>\n\n\n\n<div style=\"height:100px\" aria-hidden=\"true\" class=\"wp-block-spacer is-style-responsive-small\"><\/div>\n\n\n\n<div class=\"wp-block-group has-white-background-color has-background is-layout-constrained wp-block-group-is-layout-constrained\">\n<h2 class=\"wp-block-heading has-contrast-color has-text-color has-link-color wp-elements-f30f0ea72dbba1d4054ae9e8d4736bdb\"><strong>Ressources connexes<\/strong> <strong>qui pourraient vous \u00eatre utiles<\/strong><\/h2>\n\n\n\n<p>Ces ressources ne sont disponbile qu&rsquo;en anglais.<\/p>\n\n\n\n<div class=\"wp-block-columns alignwide is-layout-flex wp-container-core-columns-is-layout-9d6595d7 wp-block-columns-is-layout-flex\">\n<div class=\"wp-block-column is-layout-flow wp-block-column-is-layout-flow\" style=\"flex-basis:33.33%\">\n<figure class=\"wp-block-image size-small is-resized\"><img loading=\"lazy\" decoding=\"async\" width=\"426\" height=\"239\" src=\"https:\/\/www.parkinson.ca\/wp-content\/uploads\/2025\/05\/Screenshot-2025-05-20-105230-426x239.png\" alt=\"\" class=\"wp-image-52219\" style=\"width:auto;height:250px\" srcset=\"https:\/\/www.parkinson.ca\/wp-content\/uploads\/2025\/05\/Screenshot-2025-05-20-105230-426x239.png 426w, https:\/\/www.parkinson.ca\/wp-content\/uploads\/2025\/05\/Screenshot-2025-05-20-105230-300x168.png 300w, https:\/\/www.parkinson.ca\/wp-content\/uploads\/2025\/05\/Screenshot-2025-05-20-105230-1024x575.png 1024w, https:\/\/www.parkinson.ca\/wp-content\/uploads\/2025\/05\/Screenshot-2025-05-20-105230-768x431.png 768w, https:\/\/www.parkinson.ca\/wp-content\/uploads\/2025\/05\/Screenshot-2025-05-20-105230.png 1765w\" sizes=\"auto, (max-width: 426px) 100vw, 426px\" \/><\/figure>\n\n\n\n<div class='custom-link '>\n            <div style='width: 100%; height: 3px; background-color: var(--color--accent);'><\/div>\n    <\/div>\n\n\n<div style=\"height:100px\" aria-hidden=\"true\" class=\"wp-block-spacer is-style-responsive-xsmall\"><\/div>\n\n\n\n\n<div class=\"link-group-block horizontal\">\n    <div class=\"acf-innerblocks-container\">\n\n    <div class='icon-link is-style-external'>\n        <a  href='https:\/\/www.youtube.com\/watch?v=NPlpiUVuPuM\n '\n            target='_blank' rel='noopener noreferrer'        >\n            Webinaire : Pr\u00e9venir les chutes chez les personnes atteintes de la maladie de Parkinson        <\/a>\n    <\/div>\n\n<\/div>\n<\/div><\/div>\n\n\n\n<div class=\"wp-block-column is-layout-flow wp-block-column-is-layout-flow\" style=\"flex-basis:33.33%\">\n<figure class=\"wp-block-image aligncenter size-small is-resized\"><img loading=\"lazy\" decoding=\"async\" width=\"426\" height=\"283\" src=\"https:\/\/www.parkinson.ca\/wp-content\/uploads\/2025\/05\/Screenshot-2025-05-20-105336-426x283.png\" alt=\"\" class=\"wp-image-52221\" style=\"width:auto;height:250px\" srcset=\"https:\/\/www.parkinson.ca\/wp-content\/uploads\/2025\/05\/Screenshot-2025-05-20-105336-426x283.png 426w, https:\/\/www.parkinson.ca\/wp-content\/uploads\/2025\/05\/Screenshot-2025-05-20-105336-300x199.png 300w, https:\/\/www.parkinson.ca\/wp-content\/uploads\/2025\/05\/Screenshot-2025-05-20-105336-1024x680.png 1024w, https:\/\/www.parkinson.ca\/wp-content\/uploads\/2025\/05\/Screenshot-2025-05-20-105336-768x510.png 768w, https:\/\/www.parkinson.ca\/wp-content\/uploads\/2025\/05\/Screenshot-2025-05-20-105336-1627x1080.png 1627w, https:\/\/www.parkinson.ca\/wp-content\/uploads\/2025\/05\/Screenshot-2025-05-20-105336.png 1636w\" sizes=\"auto, (max-width: 426px) 100vw, 426px\" \/><\/figure>\n\n\n\n<div class='custom-link '>\n            <div style='width: 100%; height: 3px; background-color: var(--color--accent);'><\/div>\n    <\/div>\n\n\n<div style=\"height:100px\" aria-hidden=\"true\" class=\"wp-block-spacer is-style-responsive-xsmall\"><\/div>\n\n\n\n\n<div class=\"link-group-block horizontal\">\n    <div class=\"acf-innerblocks-container\">\n\n    <div class='icon-link is-style-external'>\n        <a  href='https:\/\/www.youtube.com\/watch?v=mjkeSawGKZA&#038;list=PLpuIiDffpLNMp99Fq4EgNQmE3F6Ky4q6T&#038;index=9'\n            target='_blank' rel='noopener noreferrer'        >\n            Webinaire : Vieillir sur place avec la maladie de Parkinson        <\/a>\n    <\/div>\n\n<\/div>\n<\/div><\/div>\n<\/div>\n<\/div>\n\n\n\n<div style=\"height:100px\" aria-hidden=\"true\" class=\"wp-block-spacer is-style-responsive-small\"><\/div>\n\n\n\n<div class=\"wp-block-group alignfull has-ice-blue-background-color has-background is-layout-constrained wp-block-group-is-layout-constrained\">\n<h2 class=\"wp-block-heading\"><strong>Vous cherchez des copies imprim\u00e9es ?<\/strong><\/h2>\n\n\n\n<p><br>Si vous pr\u00e9f\u00e9rez des copies imprim\u00e9es ou si vous avez des questions sp\u00e9cifiques, n&rsquo;h\u00e9sitez pas \u00e0 envoyer un courriel \u00e0 notre \u00e9quipe d&rsquo;assistance et d&rsquo;information \u00e0 l&rsquo;adresse <a href=\"mailto:support@Parkinson.ca\" target=\"_blank\" rel=\"noreferrer noopener\">support@parkinson.ca<\/a> ou \u00e0 appeler le <a href=\"tel:1-888-664-1974\">1-888-664-1974<\/a> pour obtenir de l&rsquo;aide.<\/p>\n<\/div>\n\n\n\n<p><\/p>\n","protected":false},"excerpt":{"rendered":"<p>Cette brochure s&rsquo;adresse aux personnes atteintes de la maladie de Parkinson, ainsi qu&rsquo;aux membres de leur famille, \u00e0 leurs amis et \u00e0 leurs partenaires de soins. Les chutes peuvent arriver \u00e0 n&rsquo;importe qui, n&rsquo;importe o\u00f9, n&rsquo;importe quand. Le fait d&rsquo;\u00eatre atteint de la maladie de Parkinson augmente le risque de chute. La pr\u00e9vention et la [&hellip;]<\/p>\n","protected":false},"author":90,"featured_media":52314,"parent":47857,"menu_order":0,"comment_status":"closed","ping_status":"closed","template":"","meta":{"_acf_changed":false,"footnotes":""},"class_list":["post-52229","page","type-page","status-publish","has-post-thumbnail","hentry"],"acf":[],"aioseo_notices":[],"_links":{"self":[{"href":"https:\/\/www.parkinson.ca\/fr\/wp-json\/wp\/v2\/pages\/52229","targetHints":{"allow":["GET"]}}],"collection":[{"href":"https:\/\/www.parkinson.ca\/fr\/wp-json\/wp\/v2\/pages"}],"about":[{"href":"https:\/\/www.parkinson.ca\/fr\/wp-json\/wp\/v2\/types\/page"}],"author":[{"embeddable":true,"href":"https:\/\/www.parkinson.ca\/fr\/wp-json\/wp\/v2\/users\/90"}],"replies":[{"embeddable":true,"href":"https:\/\/www.parkinson.ca\/fr\/wp-json\/wp\/v2\/comments?post=52229"}],"version-history":[{"count":10,"href":"https:\/\/www.parkinson.ca\/fr\/wp-json\/wp\/v2\/pages\/52229\/revisions"}],"predecessor-version":[{"id":55633,"href":"https:\/\/www.parkinson.ca\/fr\/wp-json\/wp\/v2\/pages\/52229\/revisions\/55633"}],"up":[{"embeddable":true,"href":"https:\/\/www.parkinson.ca\/fr\/wp-json\/wp\/v2\/pages\/47857"}],"wp:featuredmedia":[{"embeddable":true,"href":"https:\/\/www.parkinson.ca\/fr\/wp-json\/wp\/v2\/media\/52314"}],"wp:attachment":[{"href":"https:\/\/www.parkinson.ca\/fr\/wp-json\/wp\/v2\/media?parent=52229"}],"curies":[{"name":"wp","href":"https:\/\/api.w.org\/{rel}","templated":true}]}}