{"id":52204,"date":"2025-05-21T20:39:40","date_gmt":"2025-05-21T20:39:40","guid":{"rendered":"https:\/\/www.parkinson.ca\/?page_id=52204"},"modified":"2025-07-23T17:37:06","modified_gmt":"2025-07-23T17:37:06","slug":"la-maladie-de-parkinson-un-guide-dintroduction","status":"publish","type":"page","link":"https:\/\/www.parkinson.ca\/fr\/ressources\/publications-educatives\/la-maladie-de-parkinson-un-guide-dintroduction\/","title":{"rendered":"La maladie de Parkinson: Un guide d&rsquo;introduction"},"content":{"rendered":"\n<div class=\"wp-block-columns are-vertically-aligned-center has-ice-blue-background-color has-background is-layout-flex wp-container-core-columns-is-layout-9d6595d7 wp-block-columns-is-layout-flex\">\n<div class=\"wp-block-column is-vertically-aligned-center is-layout-flow wp-block-column-is-layout-flow\" style=\"flex-basis:66.66%\">\n<p>Ce guide s&rsquo;adresse aux personnes qui viennent de recevoir un diagnostic de maladie de Parkinson, ainsi qu&rsquo;aux membres de leur famille, \u00e0 leurs amis et \u00e0 leurs partenaires de soins. <\/p>\n\n\n\n<p>Ce guide vous aidera \u00e0 mieux comprendre la maladie de Parkinson. \u00c9labor\u00e9 et r\u00e9dig\u00e9 par le Bureau d&rsquo;\u00e9ducation des patients du Centre universitaire de sant\u00e9 McGill, avec le soutien de Parkinson Canada, il d\u00e9crit la maladie, les changements dans votre corps au fil du temps, les options de traitement et de soins, les probl\u00e8mes de sant\u00e9 possibles, ainsi que le moment et l&rsquo;endroit o\u00f9 vous pouvez obtenir de l&rsquo;aide suppl\u00e9mentaire.<\/p>\n\n\n\n<p>L&rsquo;objectif de cette ressource est de vous fournir les outils n\u00e9cessaires pour comprendre la maladie de Parkinson et pour bien vivre. Nous vous encourageons \u00e0 lire ce guide avec votre famille. Apportez-le lors de vos rendez-vous avec votre \u00e9quipe soignante.<\/p>\n\n\n\n<div class=\"wp-block-buttons is-layout-flex wp-block-buttons-is-layout-flex\">\n<div class=\"wp-block-button\"><a class=\"wp-block-button__link wp-element-button\" href=\"https:\/\/www.parkinson.ca\/download\/52343\/?tmstv=1753292126\">Acc\u00e9dez au guide num\u00e9rique  <\/a><\/div>\n<\/div>\n<\/div>\n\n\n\n<div class=\"wp-block-column is-vertically-aligned-center is-layout-flow wp-block-column-is-layout-flow\" style=\"flex-basis:33.33%\">\n<figure class=\"wp-block-image size-full is-resized\"><img loading=\"lazy\" decoding=\"async\" width=\"751\" height=\"923\" src=\"https:\/\/www.parkinson.ca\/wp-content\/uploads\/2025\/05\/Intro-Guide-image-preview-_FR-1.png\" alt=\"\" class=\"wp-image-52341\" style=\"width:350px\" srcset=\"https:\/\/www.parkinson.ca\/wp-content\/uploads\/2025\/05\/Intro-Guide-image-preview-_FR-1.png 751w, https:\/\/www.parkinson.ca\/wp-content\/uploads\/2025\/05\/Intro-Guide-image-preview-_FR-1-244x300.png 244w, https:\/\/www.parkinson.ca\/wp-content\/uploads\/2025\/05\/Intro-Guide-image-preview-_FR-1-426x524.png 426w\" sizes=\"auto, (max-width: 751px) 100vw, 751px\" \/><\/figure>\n<\/div>\n<\/div>\n\n\n\n<div style=\"height:100px\" aria-hidden=\"true\" class=\"wp-block-spacer is-style-responsive-small\"><\/div>\n\n\n\n<div class=\"wp-block-group is-layout-constrained wp-block-group-is-layout-constrained\">\n<h2 class=\"wp-block-heading\">Ce que vous pouvez attendre de cette ressource<\/h2>\n\n\n\n<div class=\"wp-block-columns are-vertically-aligned-center is-layout-flex wp-container-core-columns-is-layout-9d6595d7 wp-block-columns-is-layout-flex\">\n<div class=\"wp-block-column is-vertically-aligned-center is-layout-flow wp-block-column-is-layout-flow\">\n<figure class=\"wp-block-image aligncenter size-large is-resized\"><img loading=\"lazy\" decoding=\"async\" width=\"1024\" height=\"1024\" src=\"https:\/\/www.parkinson.ca\/wp-content\/uploads\/2025\/05\/Parkinsons-An-introductory-guide-1024x1024.png\" alt=\"\" class=\"wp-image-52188\" style=\"width:533px;height:auto\" srcset=\"https:\/\/www.parkinson.ca\/wp-content\/uploads\/2025\/05\/Parkinsons-An-introductory-guide-1024x1024.png 1024w, https:\/\/www.parkinson.ca\/wp-content\/uploads\/2025\/05\/Parkinsons-An-introductory-guide-300x300.png 300w, https:\/\/www.parkinson.ca\/wp-content\/uploads\/2025\/05\/Parkinsons-An-introductory-guide-150x150.png 150w, https:\/\/www.parkinson.ca\/wp-content\/uploads\/2025\/05\/Parkinsons-An-introductory-guide-768x768.png 768w, https:\/\/www.parkinson.ca\/wp-content\/uploads\/2025\/05\/Parkinsons-An-introductory-guide-426x426.png 426w, https:\/\/www.parkinson.ca\/wp-content\/uploads\/2025\/05\/Parkinsons-An-introductory-guide.png 1080w\" sizes=\"auto, (max-width: 1024px) 100vw, 1024px\" \/><\/figure>\n<\/div>\n\n\n\n<div class=\"wp-block-column is-vertically-aligned-center is-layout-flow wp-block-column-is-layout-flow\">\n<div class=\"wp-block-columns is-layout-flex wp-container-core-columns-is-layout-9d6595d7 wp-block-columns-is-layout-flex\">\n<div class=\"wp-block-column is-vertically-aligned-center is-layout-flow wp-block-column-is-layout-flow\" style=\"flex-basis:5%\">\n<p class=\"has-blue-color has-text-color has-link-color has-xxlarge-font-size wp-elements-343f25304110b854cf9ace2c250d063a\"><strong>1<\/strong><\/p>\n<\/div>\n\n\n\n<div class=\"wp-block-column is-vertically-aligned-center is-layout-flow wp-block-column-is-layout-flow\">\n<p class=\"has-contrast-color has-text-color has-link-color has-medium-font-size wp-elements-3decd0a0878db6d5c520c189f66cd5fa\">Des explications claires sur les sympt\u00f4mes et l&rsquo;\u00e9volution de la maladie de Parkinson<\/p>\n<\/div>\n<\/div>\n\n\n\n<div class='custom-link '>\n            <div style='width: 90%; height: 3px; background-color: var(--color--accent);'><\/div>\n    <\/div>\n\n\n<div class=\"wp-block-columns is-layout-flex wp-container-core-columns-is-layout-9d6595d7 wp-block-columns-is-layout-flex\">\n<div class=\"wp-block-column is-vertically-aligned-center is-layout-flow wp-block-column-is-layout-flow\" style=\"flex-basis:5%\">\n<p class=\"has-blue-color has-text-color has-link-color has-xxlarge-font-size wp-elements-821ff3ca11bfaca5273fcd0124b05454\"><strong>2<\/strong><\/p>\n<\/div>\n\n\n\n<div class=\"wp-block-column is-vertically-aligned-center is-layout-flow wp-block-column-is-layout-flow\">\n<p class=\"has-contrast-color has-text-color has-link-color has-medium-font-size wp-elements-66a90a3bc0f50f4871bd1b7982a10cba\">Informations sur les traitements et les options de soins<\/p>\n<\/div>\n<\/div>\n\n\n\n<div class='custom-link '>\n            <div style='width: 90%; height: 3px; background-color: var(--color--accent);'><\/div>\n    <\/div>\n\n\n<div class=\"wp-block-columns is-layout-flex wp-container-core-columns-is-layout-9d6595d7 wp-block-columns-is-layout-flex\">\n<div class=\"wp-block-column is-vertically-aligned-center is-layout-flow wp-block-column-is-layout-flow\" style=\"flex-basis:5%\">\n<p class=\"has-blue-color has-text-color has-link-color has-xxlarge-font-size wp-elements-c02f8eb067cca0d61a1bb6b01f54f7d7\"><strong>3<\/strong><\/p>\n<\/div>\n\n\n\n<div class=\"wp-block-column is-vertically-aligned-center is-layout-flow wp-block-column-is-layout-flow\">\n<p class=\"has-contrast-color has-text-color has-link-color has-medium-font-size wp-elements-753c3f83ee677b5517bc01c1e6f07c17\">des conseils sur la cr\u00e9ation d&rsquo;un r\u00e9seau de soutien et la communication avec l&rsquo;\u00e9quipe soignante<\/p>\n<\/div>\n<\/div>\n<\/div>\n<\/div>\n<\/div>\n\n\n\n<div style=\"height:100px\" aria-hidden=\"true\" class=\"wp-block-spacer is-style-responsive-small\"><\/div>\n\n\n\n<h2 class=\"wp-block-heading\">Qui peut en b\u00e9n\u00e9ficier ?<\/h2>\n\n\n\n<div class=\"wp-block-columns are-vertically-aligned-center is-style-default is-layout-flex wp-container-core-columns-is-layout-9d6595d7 wp-block-columns-is-layout-flex\">\n<div class=\"wp-block-column is-vertically-aligned-center has-grey-background-color has-background is-layout-flow wp-block-column-is-layout-flow\" style=\"box-shadow:var(--wp--preset--shadow--natural)\">\n<div class=\"wp-block-cover is-light\" style=\"min-height:200px;aspect-ratio:unset;\"><span aria-hidden=\"true\" class=\"wp-block-cover__background has-grey-background-color has-background-dim-100 has-background-dim\"><\/span><div class=\"wp-block-cover__inner-container is-layout-constrained wp-block-cover-is-layout-constrained\">\n<p class=\"has-text-align-center has-medium-font-size\">Personnes nouvellement diagnostiqu\u00e9es avec la maladie de Parkinson<\/p>\n<\/div><\/div>\n<\/div>\n\n\n\n<div class=\"wp-block-column is-vertically-aligned-center is-layout-flow wp-block-column-is-layout-flow\">\n<div class=\"wp-block-cover is-light\" style=\"box-shadow:var(--wp--preset--shadow--natural);min-height:270px;aspect-ratio:unset;\"><span aria-hidden=\"true\" class=\"wp-block-cover__background has-grey-background-color has-background-dim-100 has-background-dim\"><\/span><div class=\"wp-block-cover__inner-container is-layout-constrained wp-block-cover-is-layout-constrained\">\n<p class=\"has-text-align-center has-medium-font-size\">Les membres de la famille et les partenaires de soins qui cherchent \u00e0 comprendre le chemin \u00e0 parcourir<\/p>\n<\/div><\/div>\n<\/div>\n\n\n\n<div class=\"wp-block-column is-vertically-aligned-center has-grey-background-color has-background is-layout-flow wp-block-column-is-layout-flow\" style=\"box-shadow:var(--wp--preset--shadow--natural)\">\n<div class=\"wp-block-cover is-light is-style-default\" style=\"min-height:200px;aspect-ratio:unset;\"><span aria-hidden=\"true\" class=\"wp-block-cover__background has-grey-background-color has-background-dim-100 has-background-dim\"><\/span><div class=\"wp-block-cover__inner-container is-layout-constrained wp-block-cover-is-layout-constrained\">\n<p class=\"has-text-align-center has-medium-font-size\">Toute personne recherchant une vue d&rsquo;ensemble fiable et facile \u00e0 comprendre de la maladie de Parkinson.<\/p>\n<\/div><\/div>\n<\/div>\n<\/div>\n\n\n\n<div style=\"height:100px\" aria-hidden=\"true\" class=\"wp-block-spacer is-style-responsive-small\"><\/div>\n\n\n\n<div class=\"wp-block-columns alignfull has-blue-background-color has-background is-layout-flex wp-container-core-columns-is-layout-9d6595d7 wp-block-columns-is-layout-flex\">\n<div class=\"wp-block-column is-layout-flow wp-block-column-is-layout-flow\" style=\"flex-basis:25%\"><\/div>\n\n\n\n<div class=\"wp-block-column is-layout-flow wp-block-column-is-layout-flow\" style=\"flex-basis:50%\">\n<div style=\"height:100px\" aria-hidden=\"true\" class=\"wp-block-spacer is-style-responsive-medium\"><\/div>\n\n\n\n<h2 class=\"wp-block-heading has-text-align-center has-ice-blue-color has-text-color\">Faites votre premier pas en toute confiance<\/h2>\n\n\n\n<p class=\"has-text-align-center\">T\u00e9l\u00e9chargez <em>Parkinson : Un guide d&rsquo;introduction<\/em> aujourd&rsquo;hui et commencez \u00e0 construire votre chemin vers l&rsquo;avenir.<\/p>\n\n\n\n<div class=\"wp-block-buttons is-content-justification-center is-layout-flex wp-container-core-buttons-is-layout-16018d1d wp-block-buttons-is-layout-flex\">\n<div class=\"wp-block-button\"><a class=\"wp-block-button__link wp-element-button\" href=\"https:\/\/www.parkinson.ca\/download\/52343\/?tmstv=1753292126\">Acc\u00e9dez \u00e0 la ressource<\/a><\/div>\n<\/div>\n\n\n\n<div style=\"height:100px\" aria-hidden=\"true\" class=\"wp-block-spacer is-style-responsive-medium\"><\/div>\n<\/div>\n\n\n\n<div class=\"wp-block-column is-layout-flow wp-block-column-is-layout-flow\" style=\"flex-basis:25%\"><\/div>\n<\/div>\n\n\n\n<div style=\"height:100px\" aria-hidden=\"true\" class=\"wp-block-spacer is-style-responsive-small\"><\/div>\n\n\n\n<div class=\"wp-block-group has-white-background-color has-background is-layout-constrained wp-block-group-is-layout-constrained\">\n<h2 class=\"wp-block-heading has-contrast-color has-text-color has-link-color wp-elements-5606f8ab2a62b5495cc1bf214d1d1fea\"><strong>Ressources connexes qui pourraient vous \u00eatre utiles<\/strong><\/h2>\n\n\n\n<div class=\"wp-block-columns alignwide is-layout-flex wp-container-core-columns-is-layout-9d6595d7 wp-block-columns-is-layout-flex\">\n<div class=\"wp-block-column is-layout-flow wp-block-column-is-layout-flow\" style=\"flex-basis:33.34%\">\n<figure class=\"wp-block-image aligncenter size-small is-resized\"><img loading=\"lazy\" decoding=\"async\" width=\"426\" height=\"554\" src=\"https:\/\/www.parkinson.ca\/wp-content\/uploads\/2025\/02\/A-chaque-victoire-Edition-Canadienne-1-426x554.png\" alt=\"\" class=\"wp-image-48619\" style=\"width:150px\" srcset=\"https:\/\/www.parkinson.ca\/wp-content\/uploads\/2025\/02\/A-chaque-victoire-Edition-Canadienne-1-426x554.png 426w, https:\/\/www.parkinson.ca\/wp-content\/uploads\/2025\/02\/A-chaque-victoire-Edition-Canadienne-1-231x300.png 231w, https:\/\/www.parkinson.ca\/wp-content\/uploads\/2025\/02\/A-chaque-victoire-Edition-Canadienne-1.png 663w\" sizes=\"auto, (max-width: 426px) 100vw, 426px\" \/><\/figure>\n\n\n\n<div class='custom-link '>\n            <div style='width: 100%; height: 3px; background-color: var(--color--accent);'><\/div>\n    <\/div>\n\n\n<div style=\"height:100px\" aria-hidden=\"true\" class=\"wp-block-spacer is-style-responsive-xsmall\"><\/div>\n\n\n\n\n<div class=\"link-group-block horizontal\">\n    <div class=\"acf-innerblocks-container\">\n\n    <div class='icon-link is-style-external'>\n        <a  href='https:\/\/www.parkinson.ca\/fr\/ressources\/publications-educatives\/chaque-victoire-compte-edition-canadienne\/'\n            target='_blank' rel='noopener noreferrer'        >\n            \u00c0 Chaque Victoire \u00ae \u00c9dition Canadienne        <\/a>\n    <\/div>\n\n<\/div>\n<\/div><\/div>\n\n\n\n<div class=\"wp-block-column is-layout-flow wp-block-column-is-layout-flow\" style=\"flex-basis:33.34%\"><\/div>\n\n\n\n<div class=\"wp-block-column is-layout-flow wp-block-column-is-layout-flow\" style=\"flex-basis:33.33%\"><\/div>\n<\/div>\n<\/div>\n\n\n\n<div style=\"height:100px\" aria-hidden=\"true\" class=\"wp-block-spacer is-style-responsive-small\"><\/div>\n\n\n\n<div class=\"wp-block-group alignfull has-ice-blue-background-color has-background is-layout-constrained wp-block-group-is-layout-constrained\">\n<h2 class=\"wp-block-heading\"><strong>Vous cherchez des copies imprim\u00e9es ?<\/strong><\/h2>\n\n\n\n<p><br>Si vous pr\u00e9f\u00e9rez des copies imprim\u00e9es ou si vous avez des questions sp\u00e9cifiques, n&rsquo;h\u00e9sitez pas \u00e0 envoyer un courriel \u00e0 notre \u00e9quipe d&rsquo;assistance et d&rsquo;information \u00e0 l&rsquo;adresse <a href=\"mailto:support@Parkinson.ca\" target=\"_blank\" rel=\"noreferrer noopener\">support@parkinson.ca<\/a> ou \u00e0 appeler le <a href=\"tel:1-888-664-1974\">1-888-664-1974<\/a> pour obtenir de l&rsquo;aide.<\/p>\n<\/div>\n","protected":false},"excerpt":{"rendered":"<p>Ce guide s&rsquo;adresse aux personnes qui viennent de recevoir un diagnostic de maladie de Parkinson, ainsi qu&rsquo;aux membres de leur famille, \u00e0 leurs amis et \u00e0 leurs partenaires de soins. Ce guide vous aidera \u00e0 mieux comprendre la maladie de Parkinson. \u00c9labor\u00e9 et r\u00e9dig\u00e9 par le Bureau d&rsquo;\u00e9ducation des patients du Centre universitaire de sant\u00e9 [&hellip;]<\/p>\n","protected":false},"author":90,"featured_media":52341,"parent":47857,"menu_order":0,"comment_status":"closed","ping_status":"closed","template":"","meta":{"_acf_changed":false,"footnotes":""},"class_list":["post-52204","page","type-page","status-publish","has-post-thumbnail","hentry"],"acf":[],"aioseo_notices":[],"_links":{"self":[{"href":"https:\/\/www.parkinson.ca\/fr\/wp-json\/wp\/v2\/pages\/52204","targetHints":{"allow":["GET"]}}],"collection":[{"href":"https:\/\/www.parkinson.ca\/fr\/wp-json\/wp\/v2\/pages"}],"about":[{"href":"https:\/\/www.parkinson.ca\/fr\/wp-json\/wp\/v2\/types\/page"}],"author":[{"embeddable":true,"href":"https:\/\/www.parkinson.ca\/fr\/wp-json\/wp\/v2\/users\/90"}],"replies":[{"embeddable":true,"href":"https:\/\/www.parkinson.ca\/fr\/wp-json\/wp\/v2\/comments?post=52204"}],"version-history":[{"count":10,"href":"https:\/\/www.parkinson.ca\/fr\/wp-json\/wp\/v2\/pages\/52204\/revisions"}],"predecessor-version":[{"id":53461,"href":"https:\/\/www.parkinson.ca\/fr\/wp-json\/wp\/v2\/pages\/52204\/revisions\/53461"}],"up":[{"embeddable":true,"href":"https:\/\/www.parkinson.ca\/fr\/wp-json\/wp\/v2\/pages\/47857"}],"wp:featuredmedia":[{"embeddable":true,"href":"https:\/\/www.parkinson.ca\/fr\/wp-json\/wp\/v2\/media\/52341"}],"wp:attachment":[{"href":"https:\/\/www.parkinson.ca\/fr\/wp-json\/wp\/v2\/media?parent=52204"}],"curies":[{"name":"wp","href":"https:\/\/api.w.org\/{rel}","templated":true}]}}