{"id":52136,"date":"2025-05-15T21:19:27","date_gmt":"2025-05-15T21:19:27","guid":{"rendered":"https:\/\/www.parkinson.ca\/programme-de-soutien-par-les-pairs-11\/"},"modified":"2025-05-29T17:41:34","modified_gmt":"2025-05-29T17:41:34","slug":"programme-de-soutien-par-les-pairs","status":"publish","type":"page","link":"https:\/\/www.parkinson.ca\/fr\/ressources\/programme-de-soutien-par-les-pairs\/","title":{"rendered":"Programme de soutien par les pairs"},"content":{"rendered":"\n<p class=\"has-medium-font-size\">\u00c0 Parkinson Canada, nous offrons un programme national de mentorat par les pairs  qui met les personnes atteintes de la maladie de Parkinson &#8211; ou celles qui s&rsquo;occupent d&rsquo;une personne atteinte de la maladie &#8211; en contact avec des mentors b\u00e9n\u00e9voles form\u00e9s qui ont suivi un cheminement similaire.<\/p>\n\n\n\n<p class=\"has-medium-font-size\">Ce programme offre un soutien individuel bas\u00e9 sur l&rsquo;exp\u00e9rience v\u00e9cue par le mentor afin de r\u00e9duire l&rsquo;isolement social, de renforcer la r\u00e9silience et de fournir des conseils. Il s&rsquo;agit d&rsquo;un programme qui rassemble les individus pour partager leurs exp\u00e9riences, cr\u00e9ant ainsi une communaut\u00e9 de soutien qui comprend les d\u00e9fis de la vie avec la maladie de Parkinson.Le programme offre la possibilit\u00e9 de se rencontrer virtuellement, en personne ou dans des formats hybrides.  <\/p>\n\n\n\n<div style=\"height:100px\" aria-hidden=\"true\" class=\"wp-block-spacer is-style-responsive-medium\"><\/div>\n\n\n\n<div class='overflow-image-text'>\n    <div class='editor-content'>\n        <div>\n            <div class='overflow-image-text-content has-background has-blue-background-color'>\n                <div class='inner-blocks'>\n                    <div class=\"acf-innerblocks-container\">\n\n<h2 class=\"wp-block-heading\"><strong>Pourquoi prendre contact avec un mentor ?<\/strong><\/h2>\n\n\n\n<p>Un mentor peut faire toute la diff\u00e9rence. Que vous viviez avec la maladie de Parkinson ou que vous vous occupiez d&rsquo;une personne qui en est atteinte, ce programme vous offre :<\/p>\n\n\n\n<ul class=\"wp-block-list\">\n<li>Connexion avec quelqu&rsquo;un qui comprend vraiment.  <\/li>\n\n\n\n<li>Un espace s\u00fbr pour partager vos pens\u00e9es, vos pr\u00e9occupations et vos questions.  <\/li>\n\n\n\n<li>Des id\u00e9es et des conseils pratiques tir\u00e9s d&rsquo;une exp\u00e9rience r\u00e9elle.  <\/li>\n\n\n\n<li>Un sentiment d&rsquo;appartenance et d&rsquo;espoir dans une p\u00e9riode difficile.<\/li>\n<\/ul>\n\n\n\n<div class='custom-link '>\n            <div style='width: 30%; height: 3px; background-color: var(--color--accent);'><\/div>\n    <\/div>\n\n\n<div style=\"height:100px\" aria-hidden=\"true\" class=\"wp-block-spacer is-style-responsive-xsmall\"><\/div>\n\n\n\n<p>Vous n&rsquo;avez pas \u00e0 affronter la maladie de Parkinson tout seul &#8211; il existe une communaut\u00e9 pr\u00eate \u00e0 vous accompagner.  <\/p>\n\n<\/div>\n                    <img loading=\"lazy\" decoding=\"async\" width=\"2560\" height=\"1707\" src=\"https:\/\/www.parkinson.ca\/wp-content\/uploads\/2025\/05\/sweet-life-N5GljcLSmK4-unsplash-scaled.jpg\" class=\"overflow-image\" alt=\"\" sizes=\"auto, (min-width: 768px) 50vw, 100vw\" srcset=\"https:\/\/www.parkinson.ca\/wp-content\/uploads\/2025\/05\/sweet-life-N5GljcLSmK4-unsplash-scaled.jpg 2560w, https:\/\/www.parkinson.ca\/wp-content\/uploads\/2025\/05\/sweet-life-N5GljcLSmK4-unsplash-300x200.jpg 300w, https:\/\/www.parkinson.ca\/wp-content\/uploads\/2025\/05\/sweet-life-N5GljcLSmK4-unsplash-1024x683.jpg 1024w, https:\/\/www.parkinson.ca\/wp-content\/uploads\/2025\/05\/sweet-life-N5GljcLSmK4-unsplash-768x512.jpg 768w, https:\/\/www.parkinson.ca\/wp-content\/uploads\/2025\/05\/sweet-life-N5GljcLSmK4-unsplash-426x284.jpg 426w, https:\/\/www.parkinson.ca\/wp-content\/uploads\/2025\/05\/sweet-life-N5GljcLSmK4-unsplash-1620x1080.jpg 1620w\" \/>                <\/div>\n            <\/div>\n        <\/div>    \n    <\/div>\n<\/div>\n\n\n<div style=\"height:100px\" aria-hidden=\"true\" class=\"wp-block-spacer\"><\/div>\n\n\n\n<div class=\"wp-block-group is-layout-constrained wp-block-group-is-layout-constrained\">\n<div class=\"wp-block-columns are-vertically-aligned-center is-layout-flex wp-container-core-columns-is-layout-9d6595d7 wp-block-columns-is-layout-flex\">\n<div class=\"wp-block-column is-vertically-aligned-center is-layout-flow wp-block-column-is-layout-flow\">\n<div class='block-link'>\n\n            <a href='https:\/\/www.parkinson.ca\/fr\/le-programme-de-soutien-entre-pairs-de-parkinson-canada-permet-de-creer-des-liens-et-dobtenir-du-soutien\/' target=''>    \n            <span class='block-link-content'>Lisez le blog en vedette<\/span>\n        <\/a>\n    \n    <img loading=\"lazy\" decoding=\"async\" width=\"2048\" height=\"1365\" src=\"https:\/\/www.parkinson.ca\/wp-content\/uploads\/2025\/05\/pexels-marcus-aurelius-6787787-2048x1365-1.jpg\" class=\"block-link-bg-image\" alt=\"\" srcset=\"https:\/\/www.parkinson.ca\/wp-content\/uploads\/2025\/05\/pexels-marcus-aurelius-6787787-2048x1365-1.jpg 2048w, https:\/\/www.parkinson.ca\/wp-content\/uploads\/2025\/05\/pexels-marcus-aurelius-6787787-2048x1365-1-300x200.jpg 300w, https:\/\/www.parkinson.ca\/wp-content\/uploads\/2025\/05\/pexels-marcus-aurelius-6787787-2048x1365-1-1024x683.jpg 1024w, https:\/\/www.parkinson.ca\/wp-content\/uploads\/2025\/05\/pexels-marcus-aurelius-6787787-2048x1365-1-768x512.jpg 768w, https:\/\/www.parkinson.ca\/wp-content\/uploads\/2025\/05\/pexels-marcus-aurelius-6787787-2048x1365-1-426x284.jpg 426w, https:\/\/www.parkinson.ca\/wp-content\/uploads\/2025\/05\/pexels-marcus-aurelius-6787787-2048x1365-1-1620x1080.jpg 1620w\" sizes=\"auto, (max-width: 2048px) 100vw, 2048px\" \/><\/div><\/div>\n\n\n\n<div class=\"wp-block-column is-vertically-aligned-center is-layout-flow wp-block-column-is-layout-flow\">\n<h2 class=\"wp-block-heading\">Nous n&rsquo;avons pas besoin de vous le dire<\/h2>\n\n\n\n<p>Consultez notre <a href=\"https:\/\/www.parkinson.ca\/fr\/le-programme-de-soutien-entre-pairs-de-parkinson-canada-permet-de-creer-des-liens-et-dobtenir-du-soutien\/\" title=\"\">article de blog<\/a> pour rencontrer deux de nos incroyables pairs mentors et d\u00e9couvrir leurs exp\u00e9riences.<\/p>\n<\/div>\n<\/div>\n<\/div>\n\n\n\n<div style=\"height:100px\" aria-hidden=\"true\" class=\"wp-block-spacer\"><\/div>\n\n\n\n<div class=\"wp-block-columns has-blue-background-color has-background is-layout-flex wp-container-core-columns-is-layout-9d6595d7 wp-block-columns-is-layout-flex\">\n<div class=\"wp-block-column is-layout-flow wp-block-column-is-layout-flow\" style=\"flex-basis:25%\"><\/div>\n\n\n\n<div class=\"wp-block-column is-layout-flow wp-block-column-is-layout-flow\" style=\"flex-basis:50%\">\n<div style=\"height:100px\" aria-hidden=\"true\" class=\"wp-block-spacer is-style-responsive-medium\"><\/div>\n\n\n\n<h2 class=\"wp-block-heading has-text-align-center has-ice-blue-color has-text-color\"><strong>Vous \u00eates pr\u00eat \u00e0 commencer ?<\/strong> <\/h2>\n\n\n\n<p class=\"has-text-align-center\">Si vous souhaitez entrer en contact avec un pair mentor ou vous porter volontaire en tant que mentor, nous serions ravis d&rsquo;avoir de vos nouvelles! Envoyez-nous un courriel pour en savoir plus et vous impliquer.<\/p>\n\n\n\n<div class=\"wp-block-buttons is-content-justification-center is-layout-flex wp-container-core-buttons-is-layout-16018d1d wp-block-buttons-is-layout-flex\">\n<div class=\"wp-block-button\"><a class=\"wp-block-button__link wp-element-button\" href=\"mailto:support@parkinson.ca\">Envoyez-nous un courriel<\/a><\/div>\n<\/div>\n\n\n\n<div style=\"height:100px\" aria-hidden=\"true\" class=\"wp-block-spacer is-style-responsive-medium\"><\/div>\n<\/div>\n\n\n\n<div class=\"wp-block-column is-layout-flow wp-block-column-is-layout-flow\" style=\"flex-basis:25%\"><\/div>\n<\/div>\n\n\n\n<div style=\"height:100px\" aria-hidden=\"true\" class=\"wp-block-spacer\"><\/div>\n\n\n\n<div class=\"wp-block-group alignfull has-ice-blue-background-color has-background is-layout-constrained wp-block-group-is-layout-constrained\">\n<div class=\"wp-block-columns has-ice-blue-background-color has-background is-layout-flex wp-container-core-columns-is-layout-9d6595d7 wp-block-columns-is-layout-flex\">\n<div class=\"wp-block-column is-vertically-aligned-center is-layout-flow wp-block-column-is-layout-flow\">\n<h3 class=\"wp-block-heading\">Avez-vous besoin d&rsquo;aide ?<\/h3>\n\n\n\n<p>Nous sommes l\u00e0 pour vous aider.<\/p>\n\n\n\n<p>Peu importe o\u00f9 vous en \u00eates dans votre cheminement avec la maladie de Parkinson, vous n&rsquo;\u00eates pas seul. Notre \u00e9quipe est pr\u00eate \u00e0 vous fournir des conseils, des ressources et une oreille attentive. Que vous ayez des questions, que vous ayez besoin d&rsquo;aide ou que vous souhaitiez simplement entrer en contact, nous sommes l\u00e0 pour vous aider.<\/p>\n\n\n\n<p>Vous n&rsquo;avez pas \u00e0 faire face seul \u00e0 cette situation &#8211; tendez la main d\u00e8s aujourd&rsquo;hui.<\/p>\n\n\n\n<div class=\"wp-block-buttons is-horizontal is-layout-flex wp-block-buttons-is-layout-flex\">\n<div class=\"wp-block-button\"><a class=\"wp-block-button__link has-ice-blue-background-color has-background wp-element-button\" href=\"tel:1 (888) 664-1974\">Appelez-nous : 1 (888) 664-1974<\/a><\/div>\n\n\n\n<div class=\"wp-block-button\"><a class=\"wp-block-button__link has-ice-blue-background-color has-background wp-element-button\" href=\"mailto:support@parkinson.ca\">Envoyez-nous un courriel<\/a><\/div>\n<\/div>\n<\/div>\n<\/div>\n<\/div>\n","protected":false},"excerpt":{"rendered":"<p>\u00c0 Parkinson Canada, nous offrons un programme national de mentorat par les pairs qui met les personnes atteintes de la maladie de Parkinson &#8211; ou celles qui s&rsquo;occupent d&rsquo;une personne atteinte de la maladie &#8211; en contact avec des mentors b\u00e9n\u00e9voles form\u00e9s qui ont suivi un cheminement similaire. Ce programme offre un soutien individuel bas\u00e9 [&hellip;]<\/p>\n","protected":false},"author":90,"featured_media":52129,"parent":44265,"menu_order":0,"comment_status":"closed","ping_status":"closed","template":"","meta":{"_acf_changed":false,"footnotes":""},"class_list":["post-52136","page","type-page","status-publish","has-post-thumbnail","hentry"],"acf":[],"aioseo_notices":[],"_links":{"self":[{"href":"https:\/\/www.parkinson.ca\/fr\/wp-json\/wp\/v2\/pages\/52136","targetHints":{"allow":["GET"]}}],"collection":[{"href":"https:\/\/www.parkinson.ca\/fr\/wp-json\/wp\/v2\/pages"}],"about":[{"href":"https:\/\/www.parkinson.ca\/fr\/wp-json\/wp\/v2\/types\/page"}],"author":[{"embeddable":true,"href":"https:\/\/www.parkinson.ca\/fr\/wp-json\/wp\/v2\/users\/90"}],"replies":[{"embeddable":true,"href":"https:\/\/www.parkinson.ca\/fr\/wp-json\/wp\/v2\/comments?post=52136"}],"version-history":[{"count":6,"href":"https:\/\/www.parkinson.ca\/fr\/wp-json\/wp\/v2\/pages\/52136\/revisions"}],"predecessor-version":[{"id":52620,"href":"https:\/\/www.parkinson.ca\/fr\/wp-json\/wp\/v2\/pages\/52136\/revisions\/52620"}],"up":[{"embeddable":true,"href":"https:\/\/www.parkinson.ca\/fr\/wp-json\/wp\/v2\/pages\/44265"}],"wp:featuredmedia":[{"embeddable":true,"href":"https:\/\/www.parkinson.ca\/fr\/wp-json\/wp\/v2\/media\/52129"}],"wp:attachment":[{"href":"https:\/\/www.parkinson.ca\/fr\/wp-json\/wp\/v2\/media?parent=52136"}],"curies":[{"name":"wp","href":"https:\/\/api.w.org\/{rel}","templated":true}]}}