{"id":51059,"date":"2024-07-05T15:42:00","date_gmt":"2024-07-05T15:42:00","guid":{"rendered":"https:\/\/www.parkinson.ca\/signalez-les-informations-erronees\/"},"modified":"2025-10-03T13:50:10","modified_gmt":"2025-10-03T13:50:10","slug":"denoncer-les-fausses-informations","status":"publish","type":"page","link":"https:\/\/www.parkinson.ca\/fr\/denoncer-les-fausses-informations\/","title":{"rendered":"D\u00e9noncer les fausses informations"},"content":{"rendered":"\n<div class=\"wp-block-group is-layout-constrained wp-container-core-group-is-layout-a209ae40 wp-block-group-is-layout-constrained\">\n<p class=\"has-medium-font-size\">\u00c0 Parkinson Canada, nous nous engageons \u00e0 fournir des informations pr\u00e9cises et fond\u00e9es sur des preuves sur la maladie de Parkinson. Si vous rep\u00e9rez de la d\u00e9sinformation, en ligne, dans un document imprim\u00e9 ou ailleurs, nous vous encourageons \u00e0 la signaler afin que nous puissions veiller \u00e0 ce que des renseignements exacts soient diffus\u00e9s.<\/p>\n\n\n\n<div style=\"height:100px\" aria-hidden=\"true\" class=\"wp-block-spacer is-style-responsive-small\"><\/div>\n\n\n\n<h2 class=\"wp-block-heading\"><strong>Que rapporter:<\/strong><\/h2>\n\n\n\n<ul class=\"wp-block-list\">\n<li>Affirmations fausses ou trompeuses sur la maladie de Parkinson, les traitements ou la recherche<\/li>\n\n\n\n<li>Conseils incorrects li\u00e9s \u00e0 la maladie de Parkinson<\/li>\n\n\n\n<li>Fausse repr\u00e9sentation du travail ou des ressources de Parkinson Canada<\/li>\n<\/ul>\n\n\n\n<div style=\"height:100px\" aria-hidden=\"true\" class=\"wp-block-spacer is-style-responsive-xsmall\"><\/div>\n\n\n\n<h2 class=\"wp-block-heading\"><strong>Comment rapporter:<\/strong><\/h2>\n\n\n\n<p>Si vous trouvez des informations trompeuses, veuillez envoyer un courriel \u00e0 <strong><a href=\"mailto:info@parkinson.ca\" title=\"info@parkinson.ca\">info@parkinson.ca<\/a><\/strong> avec :<\/p>\n\n\n\n<ul class=\"wp-block-list\">\n<li>Un lien ou une capture d\u2019\u00e9cran de la fausse information<\/li>\n\n\n\n<li>L\u2019endroit o\u00f9 vous l\u2019avez trouv\u00e9e (site web, m\u00e9dias sociaux, mat\u00e9riel imprim\u00e9, etc.)<\/li>\n\n\n\n<li>Tout d\u00e9tail suppl\u00e9mentaire qui pourrait nous aider \u00e0 r\u00e9soudre le probl\u00e8me<\/li>\n<\/ul>\n\n\n\n<p>Ensemble, nous pouvons faire en sorte que les personnes touch\u00e9es par la maladie de Parkinson re\u00e7oivent les bonnes informations et le bon soutien. Merci de nous aider \u00e0 pr\u00e9server l\u2019exactitude et la confiance.<\/p>\n\n\n\n<div style=\"height:100px\" aria-hidden=\"true\" class=\"wp-block-spacer\"><\/div>\n<\/div>\n","protected":false},"excerpt":{"rendered":"<p>\u00c0 Parkinson Canada, nous nous engageons \u00e0 fournir des informations pr\u00e9cises et fond\u00e9es sur des preuves sur la maladie de Parkinson. Si vous rep\u00e9rez de la d\u00e9sinformation, en ligne, dans un document imprim\u00e9 ou ailleurs, nous vous encourageons \u00e0 la signaler afin que nous puissions veiller \u00e0 ce que des renseignements exacts soient diffus\u00e9s. Que [&hellip;]<\/p>\n","protected":false},"author":96,"featured_media":49131,"parent":0,"menu_order":0,"comment_status":"closed","ping_status":"closed","template":"","meta":{"_acf_changed":false,"footnotes":""},"class_list":["post-51059","page","type-page","status-publish","has-post-thumbnail","hentry"],"acf":[],"aioseo_notices":[],"_links":{"self":[{"href":"https:\/\/www.parkinson.ca\/fr\/wp-json\/wp\/v2\/pages\/51059","targetHints":{"allow":["GET"]}}],"collection":[{"href":"https:\/\/www.parkinson.ca\/fr\/wp-json\/wp\/v2\/pages"}],"about":[{"href":"https:\/\/www.parkinson.ca\/fr\/wp-json\/wp\/v2\/types\/page"}],"author":[{"embeddable":true,"href":"https:\/\/www.parkinson.ca\/fr\/wp-json\/wp\/v2\/users\/96"}],"replies":[{"embeddable":true,"href":"https:\/\/www.parkinson.ca\/fr\/wp-json\/wp\/v2\/comments?post=51059"}],"version-history":[{"count":5,"href":"https:\/\/www.parkinson.ca\/fr\/wp-json\/wp\/v2\/pages\/51059\/revisions"}],"predecessor-version":[{"id":54629,"href":"https:\/\/www.parkinson.ca\/fr\/wp-json\/wp\/v2\/pages\/51059\/revisions\/54629"}],"wp:featuredmedia":[{"embeddable":true,"href":"https:\/\/www.parkinson.ca\/fr\/wp-json\/wp\/v2\/media\/49131"}],"wp:attachment":[{"href":"https:\/\/www.parkinson.ca\/fr\/wp-json\/wp\/v2\/media?parent=51059"}],"curies":[{"name":"wp","href":"https:\/\/api.w.org\/{rel}","templated":true}]}}