{"id":51017,"date":"2024-07-05T15:41:34","date_gmt":"2024-07-05T15:41:34","guid":{"rendered":"https:\/\/www.parkinson.ca\/reconnaissance-des-terres\/"},"modified":"2025-03-19T18:23:12","modified_gmt":"2025-03-19T18:23:12","slug":"reconnaissance-des-terres","status":"publish","type":"page","link":"https:\/\/www.parkinson.ca\/fr\/reconnaissance-des-terres\/","title":{"rendered":"Reconnaissance des terres"},"content":{"rendered":"\n<div class=\"wp-block-group has-grey-background-color has-background is-layout-constrained wp-block-group-is-layout-constrained\">\n<p>Nous travaillons activement \u00e0 la mise \u00e0 jour de nos pages sur la Reconnaissance des terres afin de mieux refl\u00e9ter notre engagement continu envers  la r\u00e9conciliation. Merci de votre patience pendant ces mises \u00e0 jour importantes.<\/p>\n<\/div>\n\n\n\n<div style=\"height:100px\" aria-hidden=\"true\" class=\"wp-block-spacer\"><\/div>\n","protected":false},"excerpt":{"rendered":"<p>Nous travaillons activement \u00e0 la mise \u00e0 jour de nos pages sur la Reconnaissance des terres afin de mieux refl\u00e9ter notre engagement continu envers la r\u00e9conciliation. Merci de votre patience pendant ces mises \u00e0 jour importantes.<\/p>\n","protected":false},"author":96,"featured_media":49131,"parent":0,"menu_order":0,"comment_status":"closed","ping_status":"closed","template":"","meta":{"_acf_changed":false,"footnotes":""},"class_list":["post-51017","page","type-page","status-publish","has-post-thumbnail","hentry"],"acf":[],"aioseo_notices":[],"_links":{"self":[{"href":"https:\/\/www.parkinson.ca\/fr\/wp-json\/wp\/v2\/pages\/51017","targetHints":{"allow":["GET"]}}],"collection":[{"href":"https:\/\/www.parkinson.ca\/fr\/wp-json\/wp\/v2\/pages"}],"about":[{"href":"https:\/\/www.parkinson.ca\/fr\/wp-json\/wp\/v2\/types\/page"}],"author":[{"embeddable":true,"href":"https:\/\/www.parkinson.ca\/fr\/wp-json\/wp\/v2\/users\/96"}],"replies":[{"embeddable":true,"href":"https:\/\/www.parkinson.ca\/fr\/wp-json\/wp\/v2\/comments?post=51017"}],"version-history":[{"count":2,"href":"https:\/\/www.parkinson.ca\/fr\/wp-json\/wp\/v2\/pages\/51017\/revisions"}],"predecessor-version":[{"id":51019,"href":"https:\/\/www.parkinson.ca\/fr\/wp-json\/wp\/v2\/pages\/51017\/revisions\/51019"}],"wp:featuredmedia":[{"embeddable":true,"href":"https:\/\/www.parkinson.ca\/fr\/wp-json\/wp\/v2\/media\/49131"}],"wp:attachment":[{"href":"https:\/\/www.parkinson.ca\/fr\/wp-json\/wp\/v2\/media?parent=51017"}],"curies":[{"name":"wp","href":"https:\/\/api.w.org\/{rel}","templated":true}]}}