{"id":50595,"date":"2025-03-18T16:39:41","date_gmt":"2025-03-18T16:39:41","guid":{"rendered":"https:\/\/www.parkinson.ca\/?page_id=50595"},"modified":"2026-04-01T17:04:54","modified_gmt":"2026-04-01T17:04:54","slug":"parkinsons-iq-you","status":"publish","type":"page","link":"https:\/\/www.parkinson.ca\/fr\/parkinsons-iq-you\/","title":{"rendered":"Parkinson\u2019s IQ + You"},"content":{"rendered":"\n<div class=\"wp-block-cover alignfull\"><img loading=\"lazy\" decoding=\"async\" width=\"2560\" height=\"1600\" class=\"wp-block-cover__image-background wp-image-50523\" alt=\"\" src=\"https:\/\/www.parkinson.ca\/wp-content\/uploads\/2025\/03\/2024ParkinsonsYVR-101-scaled.jpg\" style=\"object-position:51% 100%\" data-object-fit=\"cover\" data-object-position=\"51% 100%\" srcset=\"https:\/\/www.parkinson.ca\/wp-content\/uploads\/2025\/03\/2024ParkinsonsYVR-101-scaled.jpg 2560w, https:\/\/www.parkinson.ca\/wp-content\/uploads\/2025\/03\/2024ParkinsonsYVR-101-300x188.jpg 300w, https:\/\/www.parkinson.ca\/wp-content\/uploads\/2025\/03\/2024ParkinsonsYVR-101-1024x640.jpg 1024w, https:\/\/www.parkinson.ca\/wp-content\/uploads\/2025\/03\/2024ParkinsonsYVR-101-768x480.jpg 768w, https:\/\/www.parkinson.ca\/wp-content\/uploads\/2025\/03\/2024ParkinsonsYVR-101-426x266.jpg 426w\" sizes=\"auto, (max-width: 2560px) 100vw, 2560px\" \/><span aria-hidden=\"true\" class=\"wp-block-cover__background has-background-dim-60 has-background-dim\" style=\"background-color:#7f7a9a\"><\/span><div class=\"wp-block-cover__inner-container is-layout-constrained wp-block-cover-is-layout-constrained\">\n<p class=\"has-text-align-center has-base-color has-text-color has-link-color wp-elements-71b3cb4e986f0cd7cabe6e9dd676a427\" style=\"font-size:60px\"><strong>L&rsquo;\u00e9ducation pour l&rsquo;autonomisation<\/strong><\/p>\n<\/div><\/div>\n\n\n\n<div class=\"wp-block-group is-layout-constrained wp-container-core-group-is-layout-c0cf8e29 wp-block-group-is-layout-constrained\">\n<div style=\"height:100px\" aria-hidden=\"true\" class=\"wp-block-spacer is-style-responsive-small\"><\/div>\n\n\n\n<p class=\"has-medium-font-size\">Parkinson&rsquo;s IQ + You est une s\u00e9rie d&rsquo;\u00e9v\u00e9nements gratuits en personne con\u00e7us pour permettre aux personnes vivant avec la maladie de Parkinson et \u00e0 leurs partenaires de soins de g\u00e9rer la maladie, de s&rsquo;informer sur les derni\u00e8res recherches et de se mettre en contact avec les ressources locales. L&rsquo;\u00e9v\u00e9nement est con\u00e7u pour les personnes \u00e0 chaque \u00e9tape de leur parcours avec la maladie de Parkinson. Lanc\u00e9e pour la premi\u00e8re fois en 2019, Parkinson&rsquo;s IQ + You est une s\u00e9rie d&rsquo;\u00e9v\u00e9nements mis en place par la Fondation Michael J. Fox pour la recherche sur la maladie de Parkinson dans le but d&rsquo;apporter \u00e9ducation et autonomisation \u00e0 la communaut\u00e9 de la maladie de Parkinson. Ces \u00e9v\u00e9nements sont enti\u00e8rement accessibles et con\u00e7us pour les personnes \u00e0 tous les stades de leur parcours avec la maladie de Parkinson. Pour vous assurer une place, nous vous encourageons \u00e0 vous inscrire rapidement. Parkinson Canada est le premier partenaire h\u00f4te \u00e0 parrainer son propre \u00e9v\u00e9nement Parkinson&rsquo;s IQ + You en dehors des \u00c9tats-Unis.     <\/p>\n<\/div>\n\n\n\n<div style=\"height:100px\" aria-hidden=\"true\" class=\"wp-block-spacer is-style-responsive-small\"><\/div>\n\n\n\n<div class='custom-link '>\n            <div style='width: 100%; height: 3px; background-color: var(--color--accent);'><\/div>\n    <\/div>\n\n\n<div style=\"height:100px\" aria-hidden=\"true\" class=\"wp-block-spacer is-style-responsive-xsmall\"><\/div>\n\n\n\n<div class=\"wp-block-group is-layout-constrained wp-block-group-is-layout-constrained\">\n<div class=\"wp-block-columns is-layout-flex wp-container-core-columns-is-layout-9d6595d7 wp-block-columns-is-layout-flex\">\n<div class=\"wp-block-column is-layout-flow wp-block-column-is-layout-flow\" style=\"flex-basis:50%\">\n<h2 class=\"wp-block-heading\"><strong>Dans une ville pr\u00e8s de chez vous<\/strong><\/h2>\n\n\n\n<p>Parkinson Canada organise un \u00e9v\u00e9nement Parkinson&rsquo;s IQ + You en 2026. Les inscriptions sont d\u00e9sormais ouvertes pour l&rsquo;\u00e9v\u00e9nement \u00ab Parkinson&rsquo;s IQ + You \u00bb \u00e0 Calgary.<\/p>\n\n\n\n<div style=\"height:100px\" aria-hidden=\"true\" class=\"wp-block-spacer is-style-responsive-xsmall\"><\/div>\n<\/div>\n\n\n\n<div class=\"wp-block-column is-layout-flow wp-block-column-is-layout-flow\" style=\"flex-basis:50%\">\n<h3 class=\"wp-block-heading\">2026<\/h3>\n\n\n\n\n<div class=\"icon-block text-left\" >\n  <div class=\"icon icon-position-before\">\n  \n      <a href=\"https:\/\/web.cvent.com\/event\/c75083b5-8fb5-4c29-82fe-406915175004\/websitePage:4634a81a-6c92-4727-8ba1-4437fb00d11f\" \n       target=\"\" \n       class=\"icon-link\">\n  \n    <!-- ICON AFTER \/ BOTTOM -->\n    \n    <!-- SYMBOL -->\n    <div class=\"icon-symbol\" \n      style=\"font-size: 25px\">\n              <i class=\"fa-classic fa-solid fa-location-dot\" \n             \n              aria-hidden='true' \n             >\n        <\/i>\n          <\/div>\n\n    <!-- ICON BEFORE \/ TOP -->\n            <div class=\"icon-label\">Calgary AB &#8211; 6 juin<\/div>\n    \n            <\/a>\n      <\/div>\n<\/div>\n\n\n<p>Cet \u00e9v\u00e9nement se d\u00e9roule uniquement en anglais.<\/p>\n\n\n\n<div class=\"wp-block-buttons is-layout-flex wp-block-buttons-is-layout-flex\">\n<div class=\"wp-block-button\"><a class=\"wp-block-button__link wp-element-button\" href=\"https:\/\/web.cvent.com\/event\/c75083b5-8fb5-4c29-82fe-406915175004\/websitePage:4634a81a-6c92-4727-8ba1-4437fb00d11f\" target=\"_blank\" rel=\"noreferrer noopener\">Inscrivez-vous d\u00e8s maintenant<\/a><\/div>\n<\/div>\n\n\n\n<div style=\"height:100px\" aria-hidden=\"true\" class=\"wp-block-spacer is-style-responsive-xsmall\"><\/div>\n<\/div>\n<\/div>\n<\/div>\n\n\n\n<div style=\"height:100px\" aria-hidden=\"true\" class=\"wp-block-spacer is-style-responsive-small\"><\/div>\n\n\n\n<div class='alignfull image-text-wrapper has-background has-blue-background-color'>\n    <div class='image-text-section'>\n        <div class='editor-content'>\n           <div class=\"\">\n                \n                <div class='image-text-section-content'>\n                    <div class=\"acf-innerblocks-container\">\n\n<div style=\"height:100px\" aria-hidden=\"true\" class=\"wp-block-spacer is-style-responsive-xsmall\"><\/div>\n\n\n\n<div class=\"wp-block-group is-content-justification-left is-layout-constrained wp-container-core-group-is-layout-063b2483 wp-block-group-is-layout-constrained\">\n<h2 class=\"wp-block-heading\"><strong>Programme de l&rsquo;\u00e9v\u00e9nement<\/strong><\/h2>\n\n\n\n<p>Le programme Parkinson&rsquo;s IQ + You propose des sessions interactives sur la vie avec la maladie de Parkinson, l&rsquo;optimisation des visites chez le m\u00e9decin, la mise en place d&rsquo;une \u00e9quipe de soins compl\u00e8te et la d\u00e9couverte des derni\u00e8res recherches et de l&rsquo;int\u00e9r\u00eat de la participation \u00e0 la recherche. Les sessions sont anim\u00e9es par des sp\u00e9cialistes des troubles du mouvement, des chercheurs biom\u00e9dicaux, des personnes vivant avec la maladie de Parkinson et leurs partenaires de soins, ainsi que des professionnels de la sant\u00e9. L&rsquo;enregistrement commence \u00e0 9 heures le jour de l&rsquo;\u00e9v\u00e9nement. Le programme se d\u00e9roule de 10 h \u00e0 14 h 30 et comprend un petit-d\u00e9jeuner, une bo\u00eete \u00e0 lunch et des rafra\u00eechissements tout au long de la journ\u00e9e.   <\/p>\n\n\n\n<div style=\"height:100px\" aria-hidden=\"true\" class=\"wp-block-spacer is-style-responsive-xsmall\"><\/div>\n\n\n\n<h2 class=\"wp-block-heading\"><strong><strong>Expo des partenaires<\/strong><\/strong><\/h2>\n\n\n\n<p>Lors de l&rsquo;exposition des partenaires, les gens peuvent entrer en contact avec des organisations locales offrant des programmes et des services \u00e0 la communaut\u00e9 de la maladie de Parkinson. L&rsquo;exposition comprend des informations sur les ressources, telles que les programmes d&rsquo;exercices, les groupes de soutien, les options de soins, les possibilit\u00e9s de recherche et bien plus encore. <\/p>\n<\/div>\n\n\n\n<div style=\"height:100px\" aria-hidden=\"true\" class=\"wp-block-spacer is-style-responsive-xsmall\"><\/div>\n\n\n\n<div style=\"height:100px\" aria-hidden=\"true\" class=\"wp-block-spacer is-style-responsive-xsmall\"><\/div>\n\n<\/div>\n                <\/div>\n           <\/div>\n        <\/div>\n    <\/div>\n    <img decoding=\"async\" src=\"https:\/\/www.parkinson.ca\/wp-content\/uploads\/2025\/03\/2024ParkinsonsYVR-187-scaled.jpg\" class=\"image-section right\" alt=\"\" sizes=\"(min-width: 768px) 50vw, 100vw\" \/><\/div>\n\n\n<div style=\"height:60px\" aria-hidden=\"true\" class=\"wp-block-spacer is-style-responsive-small\"><\/div>\n\n\n\n<div class=\"wp-block-cover alignfull is-style-full-size-cover\"><img loading=\"lazy\" decoding=\"async\" width=\"2600\" height=\"500\" class=\"wp-block-cover__image-background wp-image-50587\" alt=\"\" src=\"https:\/\/www.parkinson.ca\/wp-content\/uploads\/2025\/03\/PIQ-Banner-photo-1.png\" style=\"object-position:24% 41%\" data-object-fit=\"cover\" data-object-position=\"24% 41%\" srcset=\"https:\/\/www.parkinson.ca\/wp-content\/uploads\/2025\/03\/PIQ-Banner-photo-1.png 2600w, https:\/\/www.parkinson.ca\/wp-content\/uploads\/2025\/03\/PIQ-Banner-photo-1-300x58.png 300w, https:\/\/www.parkinson.ca\/wp-content\/uploads\/2025\/03\/PIQ-Banner-photo-1-1024x197.png 1024w, https:\/\/www.parkinson.ca\/wp-content\/uploads\/2025\/03\/PIQ-Banner-photo-1-768x148.png 768w, https:\/\/www.parkinson.ca\/wp-content\/uploads\/2025\/03\/PIQ-Banner-photo-1-426x82.png 426w, https:\/\/www.parkinson.ca\/wp-content\/uploads\/2025\/03\/PIQ-Banner-photo-1-1920x369.png 1920w\" sizes=\"auto, (max-width: 2600px) 100vw, 2600px\" \/><span aria-hidden=\"true\" class=\"wp-block-cover__background has-background-dim-0 has-background-dim\" style=\"background-color:#827a7a\"><\/span><div class=\"wp-block-cover__inner-container is-layout-constrained wp-block-cover-is-layout-constrained\">\n<p class=\"has-text-align-center has-large-font-size\"><\/p>\n<\/div><\/div>\n\n\n\n<div style=\"height:60px\" aria-hidden=\"true\" class=\"wp-block-spacer is-style-responsive-small\"><\/div>\n\n\n\n<div class=\"wp-block-columns is-layout-flex wp-container-core-columns-is-layout-9d6595d7 wp-block-columns-is-layout-flex\">\n<div class=\"wp-block-column is-layout-flow wp-block-column-is-layout-flow\" style=\"flex-basis:50%\">\n<h2 class=\"wp-block-heading\"><strong>\u00c9v\u00e9nements pass\u00e9s<\/strong><\/h2>\n\n\n\n<p><\/p>\n<\/div>\n\n\n\n<div class=\"wp-block-column is-layout-flow wp-block-column-is-layout-flow\" style=\"flex-basis:50%\">\n<div class=\"wp-block-group is-layout-constrained wp-block-group-is-layout-constrained\">\n<h3 class=\"wp-block-heading\">2025<\/h3>\n\n\n\n\n<div class=\"icon-block text-left\" >\n  <div class=\"icon icon-position-before\">\n  \n  \n    <!-- ICON AFTER \/ BOTTOM -->\n    \n    <!-- SYMBOL -->\n    <div class=\"icon-symbol\" \n      style=\"font-size: 25px\">\n              <i class=\"fa-classic fa-solid fa-location-dot\" \n             \n              aria-hidden='true' \n             >\n        <\/i>\n          <\/div>\n\n    <!-- ICON BEFORE \/ TOP -->\n            <div class=\"icon-label\">R\u00e9gion du Grand Toronto &#8211; 18 octobre 2025<\/div>\n    \n      <\/div>\n<\/div>\n\n\n\n<div class=\"icon-block text-left\" >\n  <div class=\"icon icon-position-avant\">\n  \n  \n    <!-- ICON AFTER \/ BOTTOM -->\n    \n    <!-- SYMBOL -->\n    <div class=\"icon-symbol\" \n      style=\"font-size: 25px\">\n              <i class=\"fa-classic fa-solid fa-location-dot\" \n             \n              aria-hidden='true' \n             >\n        <\/i>\n          <\/div>\n\n    <!-- ICON BEFORE \/ TOP -->\n    \n      <\/div>\n<\/div>\n\n\n<div style=\"height:100px\" aria-hidden=\"true\" class=\"wp-block-spacer is-style-responsive-xsmall\"><\/div>\n\n\n\n<div class='custom-link '>\n            <div style='width: 100%; height: 3px; background-color: var(--color--accent);'><\/div>\n    <\/div>\n\n\n<h3 class=\"wp-block-heading\">2024<\/h3>\n\n\n\n\n<div class=\"icon-block text-left\" >\n  <div class=\"icon icon-position-avant\">\n  \n  \n    <!-- ICON AFTER \/ BOTTOM -->\n    \n    <!-- SYMBOL -->\n    <div class=\"icon-symbol\" \n      style=\"font-size: 25px\">\n              <i class=\"fa-classic fa-solid fa-location-dot\" \n             \n              aria-hidden='true' \n             >\n        <\/i>\n          <\/div>\n\n    <!-- ICON BEFORE \/ TOP -->\n    \n      <\/div>\n<\/div>\n\n\n\n<div class=\"icon-block text-left\" >\n  <div class=\"icon icon-position-avant\">\n  \n  \n    <!-- ICON AFTER \/ BOTTOM -->\n    \n    <!-- SYMBOL -->\n    <div class=\"icon-symbol\" \n      style=\"font-size: 25px\">\n              <i class=\"fa-classic fa-solid fa-location-dot\" \n             \n              aria-hidden='true' \n             >\n        <\/i>\n          <\/div>\n\n    <!-- ICON BEFORE \/ TOP -->\n    \n      <\/div>\n<\/div>\n\n\n<div style=\"height:100px\" aria-hidden=\"true\" class=\"wp-block-spacer is-style-responsive-xsmall\"><\/div>\n\n\n\n<div class='custom-link '>\n            <div style='width: 100%; height: 3px; background-color: var(--color--accent);'><\/div>\n    <\/div>\n\n\n<h3 class=\"wp-block-heading\">2023<\/h3>\n\n\n\n\n<div class=\"icon-block text-left\" >\n  <div class=\"icon icon-position-avant\">\n  \n  \n    <!-- ICON AFTER \/ BOTTOM -->\n    \n    <!-- SYMBOL -->\n    <div class=\"icon-symbol\" \n      style=\"font-size: 25px\">\n              <i class=\"fa-classic fa-solid fa-location-dot\" \n             \n              aria-hidden='true' \n             >\n        <\/i>\n          <\/div>\n\n    <!-- ICON BEFORE \/ TOP -->\n    \n      <\/div>\n<\/div><\/div>\n<\/div>\n<\/div>\n\n\n\n<div style=\"height:100px\" aria-hidden=\"true\" class=\"wp-block-spacer\"><\/div>\n\n\n\n<div class=\"wp-block-group alignfull has-ice-blue-background-color has-background is-layout-constrained wp-block-group-is-layout-constrained\">\n<div class=\"wp-block-media-text is-stacked-on-mobile has-ice-blue-background-color has-background\" style=\"grid-template-columns:29% auto\"><figure class=\"wp-block-media-text__media\"><img loading=\"lazy\" decoding=\"async\" width=\"1024\" height=\"1024\" src=\"https:\/\/www.parkinson.ca\/wp-content\/uploads\/2025\/03\/Web-square-elements-1024x1024.png\" alt=\"\" class=\"wp-image-50884 size-full\" srcset=\"https:\/\/www.parkinson.ca\/wp-content\/uploads\/2025\/03\/Web-square-elements-1024x1024.png 1024w, https:\/\/www.parkinson.ca\/wp-content\/uploads\/2025\/03\/Web-square-elements-300x300.png 300w, https:\/\/www.parkinson.ca\/wp-content\/uploads\/2025\/03\/Web-square-elements-150x150.png 150w, https:\/\/www.parkinson.ca\/wp-content\/uploads\/2025\/03\/Web-square-elements-768x768.png 768w, https:\/\/www.parkinson.ca\/wp-content\/uploads\/2025\/03\/Web-square-elements-426x426.png 426w, https:\/\/www.parkinson.ca\/wp-content\/uploads\/2025\/03\/Web-square-elements.png 1080w\" sizes=\"auto, (max-width: 1024px) 100vw, 1024px\" \/><\/figure><div class=\"wp-block-media-text__content\">\n<h2 class=\"wp-block-heading has-large-font-size\">Ne manquez pas le prochain \u00e9v\u00e9nement Parkinson&rsquo;s IQ + You qui aura lieu pr\u00e8s de chez vous !<\/h2>\n\n\n\n<p class=\"has-large-font-size\">Rejoignez notre communaut\u00e9 et recevez les derni\u00e8res mises \u00e0 jour sur la recherche, la d\u00e9fense, les \u00e9v\u00e9nements et les ressources li\u00e9s \u00e0 la maladie de Parkinson, directement dans votre bo\u00eete aux lettres \u00e9lectronique.<\/p>\n\n\n\n<p class=\"has-medium-font-size\"><strong>Inscrivez-vous d\u00e8s aujourd&rsquo;hui et participez au mouvement !<\/strong><\/p>\n\n\n\n<div class=\"wp-block-buttons is-layout-flex wp-block-buttons-is-layout-flex\">\n<div class=\"wp-block-button\"><a class=\"wp-block-button__link wp-element-button\" href=\"https:\/\/donate.parkinson.ca\/site\/SSurvey?ACTION_REQUIRED=URI_ACTION_USER_REQUESTS&amp;SURVEY_ID=2361\" target=\"_blank\" rel=\"noreferrer noopener\">S&rsquo;abonner<\/a><\/div>\n<\/div>\n<\/div><\/div>\n<\/div>\n\n\n\n<div style=\"height:100px\" aria-hidden=\"true\" class=\"wp-block-spacer is-style-responsive-small\"><\/div>\n\n\n\n<figure class=\"wp-block-image aligncenter size-large is-resized\"><img loading=\"lazy\" decoding=\"async\" width=\"1024\" height=\"1024\" src=\"https:\/\/www.parkinson.ca\/wp-content\/uploads\/2025\/03\/PIQ-Blue-1024x1024.png\" alt=\"\" class=\"wp-image-50954\" style=\"width:420px;height:auto\" srcset=\"https:\/\/www.parkinson.ca\/wp-content\/uploads\/2025\/03\/PIQ-Blue-1024x1024.png 1024w, https:\/\/www.parkinson.ca\/wp-content\/uploads\/2025\/03\/PIQ-Blue-300x300.png 300w, https:\/\/www.parkinson.ca\/wp-content\/uploads\/2025\/03\/PIQ-Blue-150x150.png 150w, https:\/\/www.parkinson.ca\/wp-content\/uploads\/2025\/03\/PIQ-Blue-768x768.png 768w, https:\/\/www.parkinson.ca\/wp-content\/uploads\/2025\/03\/PIQ-Blue-426x426.png 426w, https:\/\/www.parkinson.ca\/wp-content\/uploads\/2025\/03\/PIQ-Blue.png 1080w\" sizes=\"auto, (max-width: 1024px) 100vw, 1024px\" \/><\/figure>\n\n\n\n<div style=\"height:100px\" aria-hidden=\"true\" class=\"wp-block-spacer\"><\/div>\n","protected":false},"excerpt":{"rendered":"<p>Parkinson&rsquo;s IQ + You est une s\u00e9rie d&rsquo;\u00e9v\u00e9nements gratuits en personne con\u00e7us pour permettre aux personnes vivant avec la maladie de Parkinson et \u00e0 leurs partenaires de soins de g\u00e9rer la maladie, de s&rsquo;informer sur les derni\u00e8res recherches et de se mettre en contact avec les ressources locales. L&rsquo;\u00e9v\u00e9nement est con\u00e7u pour les personnes \u00e0 [&hellip;]<\/p>\n","protected":false},"author":90,"featured_media":51107,"parent":0,"menu_order":0,"comment_status":"closed","ping_status":"closed","template":"","meta":{"_acf_changed":false,"footnotes":""},"class_list":["post-50595","page","type-page","status-publish","has-post-thumbnail","hentry"],"acf":[],"aioseo_notices":[],"_links":{"self":[{"href":"https:\/\/www.parkinson.ca\/fr\/wp-json\/wp\/v2\/pages\/50595","targetHints":{"allow":["GET"]}}],"collection":[{"href":"https:\/\/www.parkinson.ca\/fr\/wp-json\/wp\/v2\/pages"}],"about":[{"href":"https:\/\/www.parkinson.ca\/fr\/wp-json\/wp\/v2\/types\/page"}],"author":[{"embeddable":true,"href":"https:\/\/www.parkinson.ca\/fr\/wp-json\/wp\/v2\/users\/90"}],"replies":[{"embeddable":true,"href":"https:\/\/www.parkinson.ca\/fr\/wp-json\/wp\/v2\/comments?post=50595"}],"version-history":[{"count":16,"href":"https:\/\/www.parkinson.ca\/fr\/wp-json\/wp\/v2\/pages\/50595\/revisions"}],"predecessor-version":[{"id":58579,"href":"https:\/\/www.parkinson.ca\/fr\/wp-json\/wp\/v2\/pages\/50595\/revisions\/58579"}],"wp:featuredmedia":[{"embeddable":true,"href":"https:\/\/www.parkinson.ca\/fr\/wp-json\/wp\/v2\/media\/51107"}],"wp:attachment":[{"href":"https:\/\/www.parkinson.ca\/fr\/wp-json\/wp\/v2\/media?parent=50595"}],"curies":[{"name":"wp","href":"https:\/\/api.w.org\/{rel}","templated":true}]}}