{"id":50582,"date":"2025-02-21T21:08:33","date_gmt":"2025-02-21T21:08:33","guid":{"rendered":"https:\/\/www.parkinson.ca\/recherche\/recherche-financee\/"},"modified":"2026-04-09T15:43:27","modified_gmt":"2026-04-09T15:43:27","slug":"recherche-financee","status":"publish","type":"page","link":"https:\/\/www.parkinson.ca\/fr\/recherche\/recherche-financee\/","title":{"rendered":"Recherche financ\u00e9e"},"content":{"rendered":"\n<p><\/p>\n\n\n\n<div class='overflow-image-text'>\n    <div class='editor-content'>\n        <div>\n            <div class='overflow-image-text-content has-background has-blue-background-color'>\n                <div class='inner-blocks'>\n                    <div class=\"acf-innerblocks-container\">\n\n<div style=\"height:30px\" aria-hidden=\"true\" class=\"wp-block-spacer is-style-responsive-xsmall\"><\/div>\n\n\n\n<p class=\"has-medium-font-size\">Parkinson Canada s&rsquo;efforce d&rsquo;avoir un impact sur la communaut\u00e9 des chercheurs dans le domaine de la maladie de Parkinson. En finan\u00e7ant des projets pertinents et novateurs men\u00e9s par de jeunes chercheurs prometteurs dans le cadre de leur d\u00e9veloppement professionnel, Parkinson Canada vise \u00e0 encourager la croissance continue et la revitalisation de la recherche sur la maladie de Parkinson au Canada.<\/p>\n\n\n\n<div style=\"height:100px\" aria-hidden=\"true\" class=\"wp-block-spacer is-style-responsive-xsmall\"><\/div>\n\n\n\n<div style=\"height:30px\" aria-hidden=\"true\" class=\"wp-block-spacer is-style-responsive-xsmall\"><\/div>\n\n<\/div>\n                    <img loading=\"lazy\" decoding=\"async\" width=\"2560\" height=\"1696\" src=\"https:\/\/www.parkinson.ca\/wp-content\/uploads\/2026\/04\/ux-indonesia-TfCDxgBW-IA-unsplash-scaled.jpg\" class=\"overflow-image\" alt=\"\" sizes=\"auto, (min-width: 768px) 50vw, 100vw\" srcset=\"https:\/\/www.parkinson.ca\/wp-content\/uploads\/2026\/04\/ux-indonesia-TfCDxgBW-IA-unsplash-scaled.jpg 2560w, https:\/\/www.parkinson.ca\/wp-content\/uploads\/2026\/04\/ux-indonesia-TfCDxgBW-IA-unsplash-300x199.jpg 300w, https:\/\/www.parkinson.ca\/wp-content\/uploads\/2026\/04\/ux-indonesia-TfCDxgBW-IA-unsplash-1024x678.jpg 1024w, https:\/\/www.parkinson.ca\/wp-content\/uploads\/2026\/04\/ux-indonesia-TfCDxgBW-IA-unsplash-768x509.jpg 768w, https:\/\/www.parkinson.ca\/wp-content\/uploads\/2026\/04\/ux-indonesia-TfCDxgBW-IA-unsplash-426x282.jpg 426w, https:\/\/www.parkinson.ca\/wp-content\/uploads\/2026\/04\/ux-indonesia-TfCDxgBW-IA-unsplash-1631x1080.jpg 1631w, https:\/\/www.parkinson.ca\/wp-content\/uploads\/2026\/04\/ux-indonesia-TfCDxgBW-IA-unsplash-50x33.jpg 50w, https:\/\/www.parkinson.ca\/wp-content\/uploads\/2026\/04\/ux-indonesia-TfCDxgBW-IA-unsplash-100x66.jpg 100w\" \/>                <\/div>\n            <\/div>\n        <\/div>    \n    <\/div>\n<\/div>\n\n\n<div style=\"height:100px\" aria-hidden=\"true\" class=\"wp-block-spacer is-style-responsive-medium\"><\/div>\n\n\n\n<h2 class=\"wp-block-heading\">Financ\u00e9 en 2025-2026<\/h2>\n\n\n\n<div class=\"wp-block-columns are-vertically-aligned-top is-layout-flex wp-container-core-columns-is-layout-9d6595d7 wp-block-columns-is-layout-flex\">\n<div class=\"wp-block-column is-vertically-aligned-top is-layout-flow wp-block-column-is-layout-flow\" style=\"flex-basis:33.33%\">\n<div style=\"height:5px\" aria-hidden=\"true\" class=\"wp-block-spacer is-style-responsive-xsmall\"><\/div>\n\n\n\n<p class=\"has-regular-font-size\">Parkinson Canada finance la recherche dans tous les domaines li\u00e9s \u00e0 la maladie de Parkinson, qu&rsquo;il s&rsquo;agisse de comprendre les causes de la maladie ou d&rsquo;am\u00e9liorer le diagnostic, le traitement et la qualit\u00e9 de vie.<\/p>\n\n\n\n<p class=\"has-regular-font-size\">Les th\u00e8mes de recherche montrent comment les subventions accord\u00e9es cette ann\u00e9e se r\u00e9partissent entre ces domaines prioritaires.<\/p>\n<\/div>\n\n\n\n<div class=\"wp-block-column is-vertically-aligned-top is-layout-flow wp-block-column-is-layout-flow\" style=\"flex-basis:66.66%\">\n<figure class=\"wp-block-image aligncenter size-full is-resized\"><img loading=\"lazy\" decoding=\"async\" width=\"1366\" height=\"768\" src=\"https:\/\/www.parkinson.ca\/wp-content\/uploads\/2026\/04\/This-years-funded-research-across-Primary-Research-Themes.png\" alt=\"\" class=\"wp-image-58731\" style=\"width:750px\" srcset=\"https:\/\/www.parkinson.ca\/wp-content\/uploads\/2026\/04\/This-years-funded-research-across-Primary-Research-Themes.png 1366w, https:\/\/www.parkinson.ca\/wp-content\/uploads\/2026\/04\/This-years-funded-research-across-Primary-Research-Themes-300x169.png 300w, https:\/\/www.parkinson.ca\/wp-content\/uploads\/2026\/04\/This-years-funded-research-across-Primary-Research-Themes-1024x576.png 1024w, https:\/\/www.parkinson.ca\/wp-content\/uploads\/2026\/04\/This-years-funded-research-across-Primary-Research-Themes-768x432.png 768w, https:\/\/www.parkinson.ca\/wp-content\/uploads\/2026\/04\/This-years-funded-research-across-Primary-Research-Themes-426x240.png 426w, https:\/\/www.parkinson.ca\/wp-content\/uploads\/2026\/04\/This-years-funded-research-across-Primary-Research-Themes-50x28.png 50w, https:\/\/www.parkinson.ca\/wp-content\/uploads\/2026\/04\/This-years-funded-research-across-Primary-Research-Themes-100x56.png 100w\" sizes=\"auto, (max-width: 1366px) 100vw, 1366px\" \/><\/figure>\n<\/div>\n<\/div>\n\n\n\n<div style=\"height:100px\" aria-hidden=\"true\" class=\"wp-block-spacer is-style-responsive-small\"><\/div>\n\n\n\n<h3 class=\"wp-block-heading has-sky-blue-color has-text-color has-link-color has-large-font-size wp-elements-6b13c835357eda1b45428f5c9ae77c85\"><strong>Concours annuel de recherche 2026<\/strong><\/h3>\n\n\n\n<h4 class=\"wp-block-heading has-medium-font-size\">Plus de 2,6 millions de dollars ont \u00e9t\u00e9 attribu\u00e9s dans le cadre du concours de recherche de 2026.<\/h4>\n\n\n\n<p>Parkinson Canada tient \u00e0 f\u00e9liciter les candidats qui ont obtenu un financement dans le cadre de notre dernier concours de recherche et \u00e0 saluer le travail acharn\u00e9 et le d\u00e9vouement de tous nos candidats envers la recherche sur la maladie de Parkinson.<\/p>\n\n\n\n<p>Cette ann\u00e9e, un montant record de plus de 2,6 millions de dollars a \u00e9t\u00e9 approuv\u00e9 pour le financement de 33 subventions de recherche et bourses de recherche. Cette ann\u00e9e, Parkinson Canada a donn\u00e9 la priorit\u00e9 \u00e0 la recherche ax\u00e9e sur la sant\u00e9 et le bien-\u00eatre des femmes atteintes de la maladie de Parkinson, reconnaissant les facteurs biologiques, sociaux et li\u00e9s aux soins de sant\u00e9 qui leur sont propres et qui restent sous-explor\u00e9s. Dans le cadre de ce domaine prioritaire, trois projets ont \u00e9t\u00e9 financ\u00e9s au titre des programmes de bourses de recherche sur les troubles du mouvement cliniques, de bourses de recherche pour cliniciens-chercheurs et de subventions pour projets pilotes, ce qui repr\u00e9sente un investissement cibl\u00e9 de 299 500 dollars.<\/p>\n\n\n\n<p>Nous sommes impatients de poursuivre notre collaboration avec l\u2019exceptionnelle communaut\u00e9 de chercheurs sur la maladie de Parkinson \u00e0 travers le Canada et nous nous r\u00e9jouissons de d\u00e9couvrir les nouvelles candidatures lors du prochain concours de 2027.<\/p>\n\n\n\n<div class=\"wp-block-buttons is-layout-flex wp-block-buttons-is-layout-flex\">\n<div class=\"wp-block-button\"><a class=\"wp-block-button__link wp-element-button\" href=\"https:\/\/www.parkinson.ca\/fr\/recherche\/recherche-financee\/concours-de-recherche-2026\/\">Voir les laur\u00e9ats<\/a><\/div>\n<\/div>\n\n\n\n<div style=\"height:100px\" aria-hidden=\"true\" class=\"wp-block-spacer is-style-responsive-small\"><\/div>\n\n\n\n<h3 class=\"wp-block-heading has-sky-blue-color has-text-color has-link-color has-large-font-size wp-elements-70e8f77238c253e6c9f315c699456f87\"><strong>Fonds d&rsquo;innovation pour la recherche Kanta Marwah<\/strong><\/h3>\n\n\n\n<p>Le Fonds Kanta Marwah pour la recherche et l&rsquo;innovation (FIRKM) soutient des projets de recherche cibl\u00e9s dans des domaines o\u00f9 les besoins ne sont pas satisfaits, contribuant ainsi \u00e0 acc\u00e9l\u00e9rer les progr\u00e8s vers de meilleurs traitements et diagnostics pour la maladie de Parkinson. Con\u00e7u pour compl\u00e9ter les programmes de financement de base de Parkinson Canada, le FIRKM renforce le leadership canadien en mati\u00e8re de recherche translationnelle.\u00a0<\/p>\n\n\n\n<div class=\"wp-block-buttons is-content-justification-left is-layout-flex wp-container-core-buttons-is-layout-fdcfc74e wp-block-buttons-is-layout-flex\">\n<div class=\"wp-block-button\"><a class=\"wp-block-button__link wp-element-button\" href=\"https:\/\/www.parkinson.ca\/fr\/recherche\/recherche-financee\/fonds-dinnovation-pour-la-recherche-kanta-marwah\/\">En savoir plus<\/a><\/div>\n<\/div>\n\n\n\n<div style=\"height:100px\" aria-hidden=\"true\" class=\"wp-block-spacer is-style-responsive-small\"><\/div>\n\n\n\n<div class='custom-link '>\n            <div style='width: 100%; height: 3px; background-color: var(--color--accent);'><\/div>\n    <\/div>\n\n\n<div style=\"height:100px\" aria-hidden=\"true\" class=\"wp-block-spacer is-style-responsive-small\"><\/div>\n\n\n\n<h2 class=\"wp-block-heading\">Cycles de recherche ant\u00e9rieurs<\/h2>\n\n\n\n<p>Explore previously funded research from Parkinson Canada\u2019s annual competitions and targeted funding initiatives.\u00a0<\/p>\n\n\n\n<div style=\"height:100px\" aria-hidden=\"true\" class=\"wp-block-spacer is-style-responsive-xsmall\"><\/div>\n\n\n\n<h3 class=\"wp-block-heading has-sky-blue-color has-text-color has-link-color wp-elements-cbae67cda1a3af8f11ef77c6b13945a3\">Concours annuel de recherche<\/h3>\n\n\n\n<div class=\"wp-block-columns is-layout-flex wp-container-core-columns-is-layout-9d6595d7 wp-block-columns-is-layout-flex\">\n<div class=\"wp-block-column has-grey-background-color has-background is-layout-flow wp-block-column-is-layout-flow\">\n<p class=\"has-text-align-center wp-container-content-69bc4bdf\"><a href=\"https:\/\/www.parkinson.ca\/fr\/recherche\/recherche-financee\/2025-concours-de-recherche\/\" target=\"_blank\" rel=\"noopener\" title=\"\">2025<\/a><\/p>\n<\/div>\n\n\n\n<div class=\"wp-block-column has-grey-background-color has-background is-layout-flow wp-block-column-is-layout-flow\">\n<p class=\"has-text-align-center wp-container-content-69bc4bdf\"><a href=\"https:\/\/parkinson.ca\/wp-content\/uploads\/2025\/02\/2024-Parkinson-Canada-Researcher-Profiles-v3.pdf\" target=\"_blank\" rel=\"noopener\" title=\"2024\">2024<\/a><\/p>\n<\/div>\n\n\n\n<div class=\"wp-block-column has-grey-background-color has-background is-layout-flow wp-block-column-is-layout-flow\">\n<p class=\"has-text-align-center wp-container-content-69bc4bdf\"><a href=\"https:\/\/parkinson.ca\/wp-content\/uploads\/2025\/02\/Awardee-Profiles-2023-2025-1.pdf\" target=\"_blank\" rel=\"noopener\" title=\"2023\">2023<\/a><\/p>\n<\/div>\n\n\n\n<div class=\"wp-block-column has-grey-background-color has-background is-layout-flow wp-block-column-is-layout-flow\">\n<p class=\"has-text-align-center\"><a href=\"https:\/\/parkinson.ca\/wp-content\/uploads\/2025\/02\/Awardee-Profiles-2022-2024.pdf\" target=\"_blank\" rel=\"noopener\" title=\"\">2022<\/a><\/p>\n<\/div>\n<\/div>\n\n\n\n<div style=\"height:100px\" aria-hidden=\"true\" class=\"wp-block-spacer is-style-responsive-xsmall\"><\/div>\n\n\n\n<div class=\"wp-block-group is-layout-constrained wp-block-group-is-layout-constrained\">\n<h3 class=\"wp-block-heading has-sky-blue-color has-text-color has-link-color wp-elements-7798fd3ce6dd5c39dfb46c374348ba41\">Initiatives de financement cibl\u00e9es et sp\u00e9cifiques\u00a0<\/h3>\n\n\n\n<div class=\"wp-block-columns is-layout-flex wp-container-core-columns-is-layout-9d6595d7 wp-block-columns-is-layout-flex\">\n<div class=\"wp-block-column is-layout-flow wp-block-column-is-layout-flow\">\n<h4 class=\"wp-block-heading has-text-align-center has-regular-font-size\">D\u00e9fi de donn\u00e9es C-OPN :\u00a0<\/h4>\n\n\n\n<p class=\"has-text-align-center\">En partenariat avec Brain Canada, ce d\u00e9fi a encourag\u00e9 des utilisations innovantes de la base de donn\u00e9es C-OPN afin de faire progresser la recherche sur la maladie de Parkinson.\u00a0\u00a0<\/p>\n\n\n\n<div class=\"wp-block-buttons is-content-justification-center is-layout-flex wp-container-core-buttons-is-layout-16018d1d wp-block-buttons-is-layout-flex\">\n<div class=\"wp-block-button has-custom-width wp-block-button__width-50\"><a class=\"wp-block-button__link wp-element-button\" href=\"https:\/\/www.parkinson.ca\/c-opn-data-challenge-awardees\/\">Voir les r\u00e9sultats<\/a><\/div>\n<\/div>\n<\/div>\n\n\n\n<div class=\"wp-block-column is-layout-flow wp-block-column-is-layout-flow\" style=\"flex-basis:10%\"><\/div>\n\n\n\n<div class=\"wp-block-column is-layout-flow wp-block-column-is-layout-flow\">\n<h4 class=\"wp-block-heading has-text-align-center has-regular-font-size\">Subvention pour la participation des patients<\/h4>\n\n\n\n<p class=\"has-text-align-center\">Cette subvention soutient des projets qui associent de mani\u00e8re significative les personnes touch\u00e9es par la maladie de Parkinson tout au long du processus de recherche.\u00a0<\/p>\n\n\n\n<div class=\"wp-block-buttons is-content-justification-center is-nowrap is-layout-flex wp-container-core-buttons-is-layout-1fb9aab6 wp-block-buttons-is-layout-flex\">\n<div class=\"wp-block-button has-custom-width wp-block-button__width-50\"><a class=\"wp-block-button__link wp-element-button\" href=\"https:\/\/www.parkinson.ca\/fr\/recherche\/recherche-financee\/subvention-2025-pour-lengagement-des-patients-dans-la-recherche\/\">Voir les r\u00e9sultats<\/a><\/div>\n<\/div>\n<\/div>\n<\/div>\n\n\n\n<div style=\"height:100px\" aria-hidden=\"true\" class=\"wp-block-spacer is-style-responsive-xsmall\"><\/div>\n<\/div>\n\n\n\n<div style=\"height:100px\" aria-hidden=\"true\" class=\"wp-block-spacer\"><\/div>\n","protected":false},"excerpt":{"rendered":"<p>Financ\u00e9 en 2025-2026 Parkinson Canada finance la recherche dans tous les domaines li\u00e9s \u00e0 la maladie de Parkinson, qu&rsquo;il s&rsquo;agisse de comprendre les causes de la maladie ou d&rsquo;am\u00e9liorer le diagnostic, le traitement et la qualit\u00e9 de vie. Les th\u00e8mes de recherche montrent comment les subventions accord\u00e9es cette ann\u00e9e se r\u00e9partissent entre ces domaines prioritaires. [&hellip;]<\/p>\n","protected":false},"author":90,"featured_media":58685,"parent":46120,"menu_order":0,"comment_status":"closed","ping_status":"closed","template":"","meta":{"_acf_changed":false,"footnotes":""},"class_list":["post-50582","page","type-page","status-publish","has-post-thumbnail","hentry"],"acf":[],"aioseo_notices":[],"_links":{"self":[{"href":"https:\/\/www.parkinson.ca\/fr\/wp-json\/wp\/v2\/pages\/50582","targetHints":{"allow":["GET"]}}],"collection":[{"href":"https:\/\/www.parkinson.ca\/fr\/wp-json\/wp\/v2\/pages"}],"about":[{"href":"https:\/\/www.parkinson.ca\/fr\/wp-json\/wp\/v2\/types\/page"}],"author":[{"embeddable":true,"href":"https:\/\/www.parkinson.ca\/fr\/wp-json\/wp\/v2\/users\/90"}],"replies":[{"embeddable":true,"href":"https:\/\/www.parkinson.ca\/fr\/wp-json\/wp\/v2\/comments?post=50582"}],"version-history":[{"count":35,"href":"https:\/\/www.parkinson.ca\/fr\/wp-json\/wp\/v2\/pages\/50582\/revisions"}],"predecessor-version":[{"id":58738,"href":"https:\/\/www.parkinson.ca\/fr\/wp-json\/wp\/v2\/pages\/50582\/revisions\/58738"}],"up":[{"embeddable":true,"href":"https:\/\/www.parkinson.ca\/fr\/wp-json\/wp\/v2\/pages\/46120"}],"wp:featuredmedia":[{"embeddable":true,"href":"https:\/\/www.parkinson.ca\/fr\/wp-json\/wp\/v2\/media\/58685"}],"wp:attachment":[{"href":"https:\/\/www.parkinson.ca\/fr\/wp-json\/wp\/v2\/media?parent=50582"}],"curies":[{"name":"wp","href":"https:\/\/api.w.org\/{rel}","templated":true}]}}