{"id":50579,"date":"2025-03-12T16:04:47","date_gmt":"2025-03-12T16:04:47","guid":{"rendered":"https:\/\/www.parkinson.ca\/2025-concours-de-recherche\/"},"modified":"2026-04-02T16:53:11","modified_gmt":"2026-04-02T16:53:11","slug":"2025-concours-de-recherche","status":"publish","type":"page","link":"https:\/\/www.parkinson.ca\/fr\/recherche\/recherche-financee\/2025-concours-de-recherche\/","title":{"rendered":"2025 Concours de recherche"},"content":{"rendered":"\n<div class=\"wp-block-cover\"><img loading=\"lazy\" decoding=\"async\" width=\"1920\" height=\"1080\" class=\"wp-block-cover__image-background wp-image-50559\" alt=\"\" src=\"https:\/\/www.parkinson.ca\/wp-content\/uploads\/2025\/03\/Parkinson-Canada-announces-over-2-million-awarded-in-2025-research-competition-funding-.png\" data-object-fit=\"cover\" srcset=\"https:\/\/www.parkinson.ca\/wp-content\/uploads\/2025\/03\/Parkinson-Canada-announces-over-2-million-awarded-in-2025-research-competition-funding-.png 1920w, https:\/\/www.parkinson.ca\/wp-content\/uploads\/2025\/03\/Parkinson-Canada-announces-over-2-million-awarded-in-2025-research-competition-funding--300x169.png 300w, https:\/\/www.parkinson.ca\/wp-content\/uploads\/2025\/03\/Parkinson-Canada-announces-over-2-million-awarded-in-2025-research-competition-funding--1024x576.png 1024w, https:\/\/www.parkinson.ca\/wp-content\/uploads\/2025\/03\/Parkinson-Canada-announces-over-2-million-awarded-in-2025-research-competition-funding--768x432.png 768w, https:\/\/www.parkinson.ca\/wp-content\/uploads\/2025\/03\/Parkinson-Canada-announces-over-2-million-awarded-in-2025-research-competition-funding--426x240.png 426w\" sizes=\"auto, (max-width: 1920px) 100vw, 1920px\" \/><span aria-hidden=\"true\" class=\"wp-block-cover__background has-background-dim\" style=\"background-color:#263b7f\"><\/span><div class=\"wp-block-cover__inner-container is-layout-constrained wp-block-cover-is-layout-constrained\">\n<p class=\"has-text-align-center has-xxlarge-font-size\"><strong>Parkinson Canada annonce l&rsquo;attribution de plus de 2 millions de dollars dans le cadre du concours de recherche 2025<\/strong>.<\/p>\n<\/div><\/div>\n\n\n\n<div style=\"height:100px\" aria-hidden=\"true\" class=\"wp-block-spacer is-style-responsive-small\"><\/div>\n\n\n\n<div class=\"wp-block-group is-layout-constrained wp-container-core-group-is-layout-990f8f10 wp-block-group-is-layout-constrained\">\n<p class=\"has-medium-font-size\">Parkinson Canada tient \u00e0 f\u00e9liciter les candidats qui ont obtenu un financement dans le cadre de notre dernier concours de recherche et \u00e0 souligner le travail acharn\u00e9 et le d\u00e9vouement \u00e0 la recherche sur la maladie de Parkinson de tous nos candidats. Nous nous r\u00e9jouissons de continuer \u00e0 collaborer avec l&rsquo;exceptionnelle communaut\u00e9 de recherche canadienne et nous sommes impatients de voir les nouvelles demandes dans le cadre du prochain concours 2026.   <\/p>\n<\/div>\n\n\n\n<div style=\"height:100px\" aria-hidden=\"true\" class=\"wp-block-spacer is-style-responsive-small\"><\/div>\n\n\n\n<p>Sur cette page :<\/p>\n\n\n\n<ul class=\"wp-block-list\">\n<li><a href=\"#Pilot-Project\" title=\"Subventions pour des projets pilotes&nbsp;\">Subventions pour des projets pilotes  <\/a><\/li>\n\n\n\n<li><a href=\"#Postdoctoral-Research\" title=\"Bourses de recherche postdoctorale&nbsp;\">Bourses de recherche postdoctorale  <\/a><\/li>\n\n\n\n<li><a href=\"#Graduate-Student\" title=\"\">Bourses pour les \u00e9tudiants dipl\u00f4m\u00e9s  <\/a><\/li>\n\n\n\n<li><a href=\"#New-Investigator\" title=\"Bourses pour nouveaux chercheurs\">Bourses pour nouveaux chercheurs<\/a><\/li>\n\n\n\n<li><a href=\"#Clinical-Movement\" title=\"Bourse de recherche sur les troubles du mouvement&nbsp;\">Bourse de recherche sur les troubles du mouvement  <\/a><\/li>\n<\/ul>\n\n\n\n<div style=\"height:100px\" aria-hidden=\"true\" class=\"wp-block-spacer\"><\/div>\n\n\n\n<div class=\"wp-block-group has-grey-background-color has-background is-layout-constrained wp-block-group-is-layout-constrained\">\n<h2 class=\"wp-block-heading\" id=\"Pilot-Project\"><strong>Subventions pour des projets pilotes<\/strong> <\/h2>\n\n\n\n<div style=\"height:100px\" aria-hidden=\"true\" class=\"wp-block-spacer is-style-responsive-xsmall\"><\/div>\n\n\n\n<p><strong>Dr. Janelle Drouin-Ouellet<\/strong> <\/p>\n\n\n\n<p><strong>Universit\u00e9 de Montr\u00e9al<\/strong> <\/p>\n\n\n\n<p><strong>Titre du projet :<\/strong> \u00c9tude du vieillissement microglial dans le contexte de la maladie de Parkinson  <\/p>\n\n\n\n<p>$75,000  <\/p>\n\n\n\n<div style=\"height:100px\" aria-hidden=\"true\" class=\"wp-block-spacer is-style-responsive-xsmall\"><\/div>\n\n\n\n<p><strong>Dr. Anthony Incognito<\/strong> <\/p>\n\n\n\n<p><strong>Universit\u00e9 Memorial<\/strong> <\/p>\n\n\n\n<p><strong>Titre du projet :<\/strong> Stimulation transcutan\u00e9e de la moelle \u00e9pini\u00e8re pour g\u00e9rer l&rsquo;hypotension orthostatique chez les personnes atteintes de la maladie de Parkinson  <\/p>\n\n\n\n<p>$75,000  <\/p>\n\n\n\n<div style=\"height:100px\" aria-hidden=\"true\" class=\"wp-block-spacer is-style-responsive-xsmall\"><\/div>\n\n\n\n<p><strong>Dr. Sathya Karunananthan<\/strong> <\/p>\n\n\n\n<p><strong>Universit\u00e9 d&rsquo;Ottawa<\/strong> <\/p>\n\n\n\n<p><strong>Titre du projet :<\/strong> Am\u00e9liorer les soins centr\u00e9s sur la communaut\u00e9 et l&rsquo;\u00e9quit\u00e9 pour les personnes vivant avec la maladie de Parkinson gr\u00e2ce \u00e0 eConsult  <\/p>\n\n\n\n<p>$74,000  <\/p>\n\n\n\n<div style=\"height:100px\" aria-hidden=\"true\" class=\"wp-block-spacer is-style-responsive-xsmall\"><\/div>\n\n\n\n<p><strong>Dr. Philip Millar<\/strong> <\/p>\n\n\n\n<p><strong>Universit\u00e9 de Guelph<\/strong> <\/p>\n\n\n\n<p><strong>Titre du projet :<\/strong> Comprendre la diff\u00e9rence entre la fatigue li\u00e9e \u00e0 la maladie de Parkinson et la fatigue de performance  <\/p>\n\n\n\n<p>$74,549  <\/p>\n\n\n\n<div style=\"height:100px\" aria-hidden=\"true\" class=\"wp-block-spacer is-style-responsive-xsmall\"><\/div>\n\n\n\n<p><strong>Dr. Austen Milnerwood<\/strong> <\/p>\n\n\n\n<p><strong>Universit\u00e9 McGill<\/strong> <\/p>\n\n\n\n<p><strong>Titre du projet :<\/strong> Cons\u00e9quences fonctionnelles de la signalisation immunitaire sur les neurones et les variantes de risque de la maladie de Parkinson  <\/p>\n\n\n\n<p>$75,000  <\/p>\n<\/div>\n\n\n\n<div style=\"height:100px\" aria-hidden=\"true\" class=\"wp-block-spacer\"><\/div>\n\n\n\n<div id=\"Postdoctoral-Research\" class=\"wp-block-group has-grey-background-color has-background is-layout-constrained wp-block-group-is-layout-constrained\">\n<h2 class=\"wp-block-heading\"><strong>Bourses de recherche postdoctorale<\/strong><\/h2>\n\n\n\n<div style=\"height:100px\" aria-hidden=\"true\" class=\"wp-block-spacer is-style-responsive-xsmall\"><\/div>\n\n\n\n<p><strong>Dr. Amandine Even<\/strong> <\/p>\n\n\n\n<p><strong>Universit\u00e9 de Montr\u00e9al<\/strong> <\/p>\n\n\n\n<p><strong>Titre du projet :<\/strong> Implication du syst\u00e8me immunitaire dans la vuln\u00e9rabilit\u00e9 des neurones dans la maladie de Parkinson  <\/p>\n\n\n\n<p>$90,000  <\/p>\n\n\n\n<div style=\"height:100px\" aria-hidden=\"true\" class=\"wp-block-spacer is-style-responsive-xsmall\"><\/div>\n\n\n\n<p><strong>Dr. Ryan Langridge<\/strong> <\/p>\n\n\n\n<p><strong>Universit\u00e9 du Manitoba<\/strong> <\/p>\n\n\n\n<p><strong>Titre du projet : <\/strong>Atrophie des syst\u00e8mes multiples : Tester l&rsquo;association entre le m\u00e9tabolisme du glucose dans le cerveau, la disponibilit\u00e9 des transporteurs de dopamine et les r\u00e9sultats pour les patients  <\/p>\n\n\n\n<p>$90,000  <\/p>\n\n\n\n<p><em>Financ\u00e9 en partenariat avec Research Manitoba<\/em>\u00a0<\/p>\n\n\n\n<div style=\"height:100px\" aria-hidden=\"true\" class=\"wp-block-spacer is-style-responsive-xsmall\"><\/div>\n\n\n\n<p><strong>Dr. Miguel Angel Perez Castro<\/strong> <\/p>\n\n\n\n<p><strong>Universit\u00e9 de Toronto<\/strong> <\/p>\n\n\n\n<p><strong>Titre du projet :<\/strong> Cr\u00e9ation d&rsquo;un mod\u00e8le avec manipulation g\u00e9n\u00e9tique cibl\u00e9e des neurones dopaminergiques pour d\u00e9couvrir des cibles th\u00e9rapeutiques potentielles gr\u00e2ce \u00e0 des criblages CRISPR in vivo  <\/p>\n\n\n\n<p>$90,000  <\/p>\n\n\n\n<p><em>Financ\u00e9 en partenariat avec la Soci\u00e9t\u00e9 Parkinson de Colombie-Britannique<\/em>\u00a0<\/p>\n\n\n\n<div style=\"height:100px\" aria-hidden=\"true\" class=\"wp-block-spacer is-style-responsive-xsmall\"><\/div>\n\n\n\n<p><strong>Dr. Sarra Touj<\/strong> <\/p>\n\n\n\n<p><strong>Universit\u00e9 McGill<\/strong> <\/p>\n\n\n\n<p><strong>Titre du projet :<\/strong> Essai du LM11A-31, modulateur du r\u00e9cepteur de la neurotrophine p75, dans le traitement des synucl\u00e9inopathies  <\/p>\n\n\n\n<p>$90,000  <\/p>\n\n\n\n<div style=\"height:100px\" aria-hidden=\"true\" class=\"wp-block-spacer is-style-responsive-xsmall\"><\/div>\n\n\n\n<p><strong>Dr. Anke Van Roy<\/strong> <\/p>\n\n\n\n<p><strong>Universit\u00e9 McGill<\/strong> <\/p>\n\n\n\n<p><strong>Titre du projet :<\/strong> L&rsquo;effet de diff\u00e9rents types d&rsquo;exercices sur la qualit\u00e9 et l&rsquo;architecture du sommeil dans la maladie de Parkinson : Un essai clinique randomis\u00e9 en simple aveugle  <\/p>\n\n\n\n<p>$90,000  <\/p>\n<\/div>\n\n\n\n<div style=\"height:100px\" aria-hidden=\"true\" class=\"wp-block-spacer is-style-responsive-small\"><\/div>\n\n\n\n<div id=\"Graduate-Student\" class=\"wp-block-group has-grey-background-color has-background is-layout-constrained wp-block-group-is-layout-constrained\">\n<h2 class=\"wp-block-heading\"><strong>Bourses pour les \u00e9tudiants dipl\u00f4m\u00e9s<\/strong> <\/h2>\n\n\n\n<div style=\"height:30px\" aria-hidden=\"true\" class=\"wp-block-spacer is-style-responsive-xsmall\"><\/div>\n\n\n\n<p><strong>Regina Annirood<\/strong> <\/p>\n\n\n\n<p><strong>Universit\u00e9 de Toronto<\/strong> <\/p>\n\n\n\n<p><strong>Titre du projet : <\/strong>Stimulation transcr\u00e2nienne par ultrasons (TUS) : Exploration des effets de la TUS 5Hz vs 10Hz sur diff\u00e9rentes r\u00e9gions du cerveau chez les patients parkinsoniens  <\/p>\n\n\n\n<p>$40,000  <\/p>\n\n\n\n<p><em>Financement g\u00e9n\u00e9reusement offert par la Fondation\u00a0Leacross<\/em>\u00a0<\/p>\n\n\n\n<div style=\"height:30px\" aria-hidden=\"true\" class=\"wp-block-spacer is-style-responsive-xsmall\"><\/div>\n\n\n\n<p><strong>Houman Azizi<\/strong> <\/p>\n\n\n\n<p><strong>Universit\u00e9 McGill<\/strong> <\/p>\n\n\n\n<p><strong>Titre du projet :<\/strong> Associations entre la g\u00e9n\u00e9tique de la maladie de Parkinson, la structure du cerveau et les ph\u00e9notypes comportementaux et cellulaires  <\/p>\n\n\n\n<p>$40,000  <\/p>\n\n\n\n<p><em>Financ\u00e9 en partenariat avec le\u00a0Fonds de recherche du Qu\u00e9bec &#8211; Sant\u00e9<\/em>\u00a0<\/p>\n\n\n\n<div style=\"height:30px\" aria-hidden=\"true\" class=\"wp-block-spacer is-style-responsive-xsmall\"><\/div>\n\n\n\n<p><strong>Olivia Crozier<\/strong> <\/p>\n\n\n\n<p><strong>Universit\u00e9 de l&rsquo;Ouest<\/strong> <\/p>\n\n\n\n<p><strong>Titre du projet :<\/strong> Am\u00e9liorer l&rsquo;autogestion et la prestation de services de sant\u00e9 pour les personnes atteintes de la maladie de Parkinson et les partenaires de soins  <\/p>\n\n\n\n<p>$40,000  <\/p>\n\n\n\n<p><em>Financement g\u00e9n\u00e9reusement offert par la Fondation\u00a0Leacross, en partenariat avec la Soci\u00e9t\u00e9 Parkinson du Sud-Ouest de l&rsquo;Ontario et\u00a0Mitacs<\/em>\u00a0<\/p>\n\n\n\n<div style=\"height:30px\" aria-hidden=\"true\" class=\"wp-block-spacer is-style-responsive-xsmall\"><\/div>\n\n\n\n<p><strong>Rapha\u00eblle Denis<\/strong> <\/p>\n\n\n\n<p><strong>Universit\u00e9 de Montr\u00e9al<\/strong> <\/p>\n\n\n\n<p><strong>Titre du projet :<\/strong> D\u00e9veloppement de l&rsquo;arborisation axonale et de la connectivit\u00e9 des neurones dopaminergiques  <\/p>\n\n\n\n<p>$40,000  <\/p>\n\n\n\n<div style=\"height:30px\" aria-hidden=\"true\" class=\"wp-block-spacer is-style-responsive-xsmall\"><\/div>\n\n\n\n<p><strong>Ghislaine Deyab<\/strong> <\/p>\n\n\n\n<p><strong>Universit\u00e9 McGill<\/strong> <\/p>\n\n\n\n<p><strong>Titre du projet :<\/strong> La pathogen\u00e8se de la maladie de Parkinson influence l&rsquo;identit\u00e9 transcriptionnelle de la microglie humaine et contribue aux r\u00e9ponses inflammatoires dans les organo\u00efdes du m\u00e9senc\u00e9phale contenant de la microglie.  <\/p>\n\n\n\n<p>$40,000  <\/p>\n\n\n\n<div style=\"height:30px\" aria-hidden=\"true\" class=\"wp-block-spacer is-style-responsive-xsmall\"><\/div>\n\n\n\n<p><strong>Soraya Paquereau-Gaboreau<\/strong> <\/p>\n\n\n\n<p><strong>Universit\u00e9 de Montr\u00e9al<\/strong> <\/p>\n\n\n\n<p><strong>Titre du projet :<\/strong> D\u00e9veloppement de l&rsquo;utilisation de l&rsquo;optophysiologie Raman pour l&rsquo;\u00e9tude de la neurotransmission dans la maladie de Parkinson  <\/p>\n\n\n\n<p>$40,000  <\/p>\n\n\n\n<div style=\"height:30px\" aria-hidden=\"true\" class=\"wp-block-spacer is-style-responsive-xsmall\"><\/div>\n\n\n\n<p><strong>Angie Milena Bustos Rangel<\/strong> <\/p>\n\n\n\n<p><strong>Universit\u00e9 Laval<\/strong> <\/p>\n\n\n\n<p><strong>Titre du projet :<\/strong> Strat\u00e9gie th\u00e9rapeutique pour la maladie de Parkinson : Th\u00e9rapie g\u00e9nique par vecteurs AAV intraveineux codant pour des anticorps FAB ciblant l&rsquo;alpha-synucl\u00e9ine  <\/p>\n\n\n\n<p>$40,000  <\/p>\n\n\n\n<p><em>Financement g\u00e9n\u00e9reusement offert par la Fondation\u00a0Leacross<\/em>\u00a0<\/p>\n\n\n\n<div style=\"height:30px\" aria-hidden=\"true\" class=\"wp-block-spacer is-style-responsive-xsmall\"><\/div>\n\n\n\n<p><strong>Shan Sohail<\/strong> <\/p>\n\n\n\n<p><strong>Universit\u00e9 de Toronto<\/strong> <\/p>\n\n\n\n<p><strong>Titre du projet :<\/strong> R\u00e9troing\u00e9nierie des m\u00e9canismes de stimulation c\u00e9r\u00e9brale profonde dans la maladie de Parkinson  <\/p>\n\n\n\n<p>$40,000  <\/p>\n\n\n\n<div style=\"height:30px\" aria-hidden=\"true\" class=\"wp-block-spacer is-style-responsive-xsmall\"><\/div>\n\n\n\n<p><strong>Alex Tchung<\/strong> <\/p>\n\n\n\n<p><strong>Universit\u00e9 de Montr\u00e9al<\/strong> <\/p>\n\n\n\n<p><strong>Titre du projet :<\/strong> Optimisation de l&rsquo;efficacit\u00e9 mitochondriale pour sauver les neurones dopaminergiques dans la maladie de Parkinson  <\/p>\n\n\n\n<p>$40,000  <\/p>\n\n\n\n<p><em>Financ\u00e9 en partenariat avec le\u00a0Fonds de recherche du Qu\u00e9bec &#8211; Sant\u00e9<\/em>\u00a0<\/p>\n<\/div>\n\n\n\n<div style=\"height:100px\" aria-hidden=\"true\" class=\"wp-block-spacer is-style-responsive-small\"><\/div>\n\n\n\n<div id=\"New-Investigator\" class=\"wp-block-group has-grey-background-color has-background is-layout-constrained wp-block-group-is-layout-constrained\">\n<h2 class=\"wp-block-heading\"><strong>Bourses pour nouveaux chercheurs<\/strong> <\/h2>\n\n\n\n<div style=\"height:100px\" aria-hidden=\"true\" class=\"wp-block-spacer is-style-responsive-xsmall\"><\/div>\n\n\n\n<p><strong>Dr. Camila Aquino<\/strong> <\/p>\n\n\n\n<p><strong>Universit\u00e9 de Calgary<\/strong> <\/p>\n\n\n\n<p><strong>Titre du projet :<\/strong> Comprendre les pr\u00e9f\u00e9rences des patients et personnaliser les th\u00e9rapies assist\u00e9es par dispositif pour la maladie de Parkinson  <\/p>\n\n\n\n<p>$123,650  <\/p>\n\n\n\n<div style=\"height:100px\" aria-hidden=\"true\" class=\"wp-block-spacer is-style-responsive-xsmall\"><\/div>\n\n\n\n<p><strong>Dr. Pooja Gandhi<\/strong> <\/p>\n\n\n\n<p><strong>Universit\u00e9 de l&rsquo;Alberta<\/strong> <\/p>\n\n\n\n<p><strong>Titre du projet :<\/strong> EFFORT-PD : Exploration de l&rsquo;efficacit\u00e9 de la man\u0153uvre de d\u00e9glutition en effort pour am\u00e9liorer la d\u00e9glutition chez les personnes atteintes de la maladie de Parkinson  <\/p>\n\n\n\n<p>$134,110.39  <\/p>\n\n\n\n<p><em>Financ\u00e9 en partenariat avec la Soci\u00e9t\u00e9 Parkinson de Colombie-Britannique<\/em>\u00a0<\/p>\n\n\n\n<div style=\"height:100px\" aria-hidden=\"true\" class=\"wp-block-spacer is-style-responsive-xsmall\"><\/div>\n\n\n\n<p><strong>Dr. Jay Penney<\/strong> <\/p>\n\n\n\n<p><strong>Universit\u00e9 de l&rsquo;\u00cele-du-Prince-\u00c9douard<\/strong> <\/p>\n\n\n\n<p><strong>Titre du projet :<\/strong> Mod\u00e8les de neurones et de microglies humains pour comprendre les mutations de RAB32 dans la maladie de Parkinson  <\/p>\n\n\n\n<p>$135,000  <\/p>\n\n\n\n<div style=\"height:100px\" aria-hidden=\"true\" class=\"wp-block-spacer is-style-responsive-xsmall\"><\/div>\n\n\n\n<p><strong>Prof. Shady Rahayel<\/strong> <\/p>\n\n\n\n<p><strong>Universit\u00e9 de Montr\u00e9al<\/strong> <\/p>\n\n\n\n<p><strong>Titre du projet :<\/strong> Le dysfonctionnement glymphatique comme biomarqueur pr\u00e9coce de la maladie de Parkinson et des d\u00e9mences apparent\u00e9es  <\/p>\n\n\n\n<p>$135,000  <\/p>\n<\/div>\n\n\n\n<div style=\"height:100px\" aria-hidden=\"true\" class=\"wp-block-spacer is-style-responsive-small\"><\/div>\n\n\n\n<div class=\"wp-block-group has-grey-background-color has-background is-layout-constrained wp-block-group-is-layout-constrained\">\n<h2 class=\"wp-block-heading\" id=\"Clinical-Movement\"><strong>Bourse de recherche sur les troubles du mouvement<\/strong> <\/h2>\n\n\n\n<div style=\"height:100px\" aria-hidden=\"true\" class=\"wp-block-spacer is-style-responsive-xsmall\"><\/div>\n\n\n\n<p><strong>Dr. Stanley Li<\/strong> <\/p>\n\n\n\n<p><strong>Universit\u00e9 de Toronto<\/strong> <\/p>\n\n\n\n<p>$75,000  <\/p>\n\n\n\n<div style=\"height:100px\" aria-hidden=\"true\" class=\"wp-block-spacer is-style-responsive-xsmall\"><\/div>\n\n\n\n<p><strong>Dr. Parichehr Moghaddam<\/strong> <\/p>\n\n\n\n<p><strong>Universit\u00e9 de la Colombie-Britannique<\/strong> <\/p>\n\n\n\n<p>$75,000  <\/p>\n\n\n\n<p><em>Financ\u00e9 en partenariat avec la Soci\u00e9t\u00e9 Parkinson de Colombie-Britannique<\/em>\u00a0<\/p>\n\n\n\n<div style=\"height:100px\" aria-hidden=\"true\" class=\"wp-block-spacer is-style-responsive-xsmall\"><\/div>\n\n\n\n<p><strong>Dr. Matthieu Robitaille<\/strong> <\/p>\n\n\n\n<p><strong>H\u00f4pital universitaire de Lausanne<\/strong> <\/p>\n\n\n\n<p>$75,000  <\/p>\n<\/div>\n\n\n\n<div style=\"height:100px\" aria-hidden=\"true\" class=\"wp-block-spacer\"><\/div>\n\n\n\n<p><\/p>\n","protected":false},"excerpt":{"rendered":"<p>Parkinson Canada tient \u00e0 f\u00e9liciter les candidats qui ont obtenu un financement dans le cadre de notre dernier concours de recherche et \u00e0 souligner le travail acharn\u00e9 et le d\u00e9vouement \u00e0 la recherche sur la maladie de Parkinson de tous nos candidats. Nous nous r\u00e9jouissons de continuer \u00e0 collaborer avec l&rsquo;exceptionnelle communaut\u00e9 de recherche canadienne [&hellip;]<\/p>\n","protected":false},"author":90,"featured_media":49131,"parent":50582,"menu_order":0,"comment_status":"closed","ping_status":"closed","template":"","meta":{"_acf_changed":false,"footnotes":""},"class_list":["post-50579","page","type-page","status-publish","has-post-thumbnail","hentry"],"acf":[],"aioseo_notices":[],"_links":{"self":[{"href":"https:\/\/www.parkinson.ca\/fr\/wp-json\/wp\/v2\/pages\/50579","targetHints":{"allow":["GET"]}}],"collection":[{"href":"https:\/\/www.parkinson.ca\/fr\/wp-json\/wp\/v2\/pages"}],"about":[{"href":"https:\/\/www.parkinson.ca\/fr\/wp-json\/wp\/v2\/types\/page"}],"author":[{"embeddable":true,"href":"https:\/\/www.parkinson.ca\/fr\/wp-json\/wp\/v2\/users\/90"}],"replies":[{"embeddable":true,"href":"https:\/\/www.parkinson.ca\/fr\/wp-json\/wp\/v2\/comments?post=50579"}],"version-history":[{"count":9,"href":"https:\/\/www.parkinson.ca\/fr\/wp-json\/wp\/v2\/pages\/50579\/revisions"}],"predecessor-version":[{"id":58619,"href":"https:\/\/www.parkinson.ca\/fr\/wp-json\/wp\/v2\/pages\/50579\/revisions\/58619"}],"up":[{"embeddable":true,"href":"https:\/\/www.parkinson.ca\/fr\/wp-json\/wp\/v2\/pages\/50582"}],"wp:featuredmedia":[{"embeddable":true,"href":"https:\/\/www.parkinson.ca\/fr\/wp-json\/wp\/v2\/media\/49131"}],"wp:attachment":[{"href":"https:\/\/www.parkinson.ca\/fr\/wp-json\/wp\/v2\/media?parent=50579"}],"curies":[{"name":"wp","href":"https:\/\/api.w.org\/{rel}","templated":true}]}}