{"id":50120,"date":"2025-02-28T21:03:54","date_gmt":"2025-02-28T21:03:54","guid":{"rendered":"https:\/\/www.parkinson.ca\/a-propos-de-nous\/comite-consultatif-de-la-recherche-et-de-la-clinique\/"},"modified":"2025-10-24T18:45:23","modified_gmt":"2025-10-24T18:45:23","slug":"comite-consultatif-sur-la-recherche-et-la-pratique-clinique","status":"publish","type":"page","link":"https:\/\/www.parkinson.ca\/fr\/a-propos-de-nous\/comite-consultatif-sur-la-recherche-et-la-pratique-clinique\/","title":{"rendered":"Comit\u00e9 consultatif sur la recherche et la pratique clinique"},"content":{"rendered":"\n<p>La recherche constitue un pilier central du mandat de Parkinson Canada. Votre soutien stimule l\u2019innovation \u00e0 travers le <a href=\"https:\/\/www.parkinson.ca\/fr\/recherche\/pour-les-chercheurs\/\" title=\"\">programme de recherche de Parkinson Canada,<\/a> incluant<a href=\"https:\/\/www.parkinson.ca\/fr\/recherche\/demande-de-financement\/\" title=\" Concours annuel de subventions\"> Concours annuel de subventions<\/a>, <a href=\"https:\/\/www.parkinson.ca\/fr\/un-heritage-dinnovation-lancement-du-fonds-kanta-marwah-pour-la-recherche-et-linnovation\/\" title=\"Fonds d'innovation pour la recherche Kanta Marwah\">Fonds d&rsquo;innovation pour la recherche Kanta Marwah<\/a>,  <a href=\"https:\/\/www.parkinson.ca\/fr\/recherche\/reseau-canadien-ouvert-de-la-maladie-de-parkinson\/\" title=\"\">R\u00e9seau ouvert canadien de la maladie de Parkinson (ROPC)<\/a>,dirig\u00e9e par un solide leadership scientifique solide.  Le <strong>Comit\u00e9 consultatif sur la recherche et la pratique clinique (CCRPC)<\/strong> conseille le conseil d\u2019administration sur l\u2019\u00e9tat de la recherche sur le Parkinson, les soins cliniques et les tendances \u00e9mergentes qui touchent la communaut\u00e9 Parkinson. Il supervise le programme de recherche de Parkinson Canada et formule des recommandations de financement pour le conseil.<\/p>\n\n\n\n<p>Le RCAC est compos\u00e9 de 15 \u00e0 18 membres, issus des milieux scientifique et clinique, de professionnels de la sant\u00e9 engag\u00e9s dans les soins, de d\u00e9fenseurs des personnes touch\u00e9es, ainsi que d\u2019un membre du conseil d\u2019administration de Parkinson Canada.<\/p>\n\n\n\n<div style=\"height:100px\" aria-hidden=\"true\" class=\"wp-block-spacer is-style-responsive-small\"><\/div>\n\n\n\n<h2 class=\"wp-block-heading\">Membres actuels<\/h2>\n\n\n\n<div class=\"wp-block-columns alignwide are-vertically-aligned-center is-layout-flex wp-container-core-columns-is-layout-9d6595d7 wp-block-columns-is-layout-flex\">\n<div class=\"wp-block-column is-vertically-aligned-center is-layout-flow wp-block-column-is-layout-flow\" style=\"flex-basis:20%\">\n<figure class=\"wp-block-image size-thumbnail is-style-rounded\"><img loading=\"lazy\" decoding=\"async\" width=\"150\" height=\"150\" src=\"https:\/\/www.parkinson.ca\/wp-content\/uploads\/2025\/02\/Dr.-Richard-Camicioli-150x150.png\" alt=\"Dr. Richard Camicioli\" class=\"wp-image-49158\" style=\"object-fit:cover\" srcset=\"https:\/\/www.parkinson.ca\/wp-content\/uploads\/2025\/02\/Dr.-Richard-Camicioli-150x150.png 150w, https:\/\/www.parkinson.ca\/wp-content\/uploads\/2025\/02\/Dr.-Richard-Camicioli.png 250w\" sizes=\"auto, (max-width: 150px) 100vw, 150px\" \/><\/figure>\n\n\n\n<h4 class=\"wp-block-heading has-text-align-center\"><a href=\"https:\/\/www.parkinson.ca\/fr\/profile\/dr-richard-camicioli\/\" title=\"Dr. Richard Camicioli\">Dr. Richard Camicioli<\/a><\/h4>\n<\/div>\n\n\n\n<div class=\"wp-block-column is-vertically-aligned-center is-layout-flow wp-block-column-is-layout-flow\" style=\"flex-basis:20%\">\n<figure class=\"wp-block-image aligncenter size-thumbnail is-style-rounded\"><img loading=\"lazy\" decoding=\"async\" width=\"150\" height=\"150\" src=\"https:\/\/www.parkinson.ca\/wp-content\/uploads\/2025\/02\/Francesca-Cicchetti-Headshot-150x150.png\" alt=\"Dr. Francesca Cicchetti\" class=\"wp-image-49775\" style=\"object-fit:cover\"\/><\/figure>\n\n\n\n<h4 class=\"wp-block-heading has-text-align-center\"><a href=\"https:\/\/www.parkinson.ca\/fr\/profile\/dr-francesca-cicchetti\/\" title=\"Dr. Francesca Cicchetti\">Dre. Francesca Cicchetti<\/a><\/h4>\n<\/div>\n\n\n\n<div class=\"wp-block-column is-vertically-aligned-center is-layout-flow wp-block-column-is-layout-flow\" style=\"flex-basis:25%\">\n<figure class=\"wp-block-image aligncenter size-thumbnail is-style-rounded\"><img loading=\"lazy\" decoding=\"async\" width=\"150\" height=\"150\" src=\"https:\/\/www.parkinson.ca\/wp-content\/uploads\/2025\/01\/Doug-Edmond-Peter-Istvan-Photography-Parry-Sound3-150x150.jpg\" alt=\"\" class=\"wp-image-47669\" style=\"object-fit:cover\" srcset=\"https:\/\/www.parkinson.ca\/wp-content\/uploads\/2025\/01\/Doug-Edmond-Peter-Istvan-Photography-Parry-Sound3-150x150.jpg 150w, https:\/\/www.parkinson.ca\/wp-content\/uploads\/2025\/01\/Doug-Edmond-Peter-Istvan-Photography-Parry-Sound3-300x300.jpg 300w, https:\/\/www.parkinson.ca\/wp-content\/uploads\/2025\/01\/Doug-Edmond-Peter-Istvan-Photography-Parry-Sound3-1024x1024.jpg 1024w, https:\/\/www.parkinson.ca\/wp-content\/uploads\/2025\/01\/Doug-Edmond-Peter-Istvan-Photography-Parry-Sound3-768x768.jpg 768w, https:\/\/www.parkinson.ca\/wp-content\/uploads\/2025\/01\/Doug-Edmond-Peter-Istvan-Photography-Parry-Sound3-426x426.jpg 426w, https:\/\/www.parkinson.ca\/wp-content\/uploads\/2025\/01\/Doug-Edmond-Peter-Istvan-Photography-Parry-Sound3-1080x1080.jpg 1080w\" sizes=\"auto, (max-width: 150px) 100vw, 150px\" \/><\/figure>\n\n\n\n<h4 class=\"wp-block-heading has-text-align-center\"><a href=\"https:\/\/www.parkinson.ca\/profile\/doug-edmond\/\" title=\"Mr. Doug Edmond\">Mr. Doug Edmond<\/a><\/h4>\n<\/div>\n\n\n\n<div class=\"wp-block-column is-vertically-aligned-center is-layout-flow wp-block-column-is-layout-flow\" style=\"flex-basis:20%\">\n<figure class=\"wp-block-image aligncenter size-thumbnail is-style-rounded\"><img loading=\"lazy\" decoding=\"async\" width=\"150\" height=\"150\" src=\"https:\/\/www.parkinson.ca\/wp-content\/uploads\/2025\/02\/Dr.-Susan-Fox-Chair-150x150.png\" alt=\"Dr. Susan Fox, Pr\u00e9sidente\" class=\"wp-image-49169\" style=\"object-fit:cover\" srcset=\"https:\/\/www.parkinson.ca\/wp-content\/uploads\/2025\/02\/Dr.-Susan-Fox-Chair-150x150.png 150w, https:\/\/www.parkinson.ca\/wp-content\/uploads\/2025\/02\/Dr.-Susan-Fox-Chair-300x300.png 300w, https:\/\/www.parkinson.ca\/wp-content\/uploads\/2025\/02\/Dr.-Susan-Fox-Chair-1024x1024.png 1024w, https:\/\/www.parkinson.ca\/wp-content\/uploads\/2025\/02\/Dr.-Susan-Fox-Chair-768x768.png 768w, https:\/\/www.parkinson.ca\/wp-content\/uploads\/2025\/02\/Dr.-Susan-Fox-Chair-426x426.png 426w, https:\/\/www.parkinson.ca\/wp-content\/uploads\/2025\/02\/Dr.-Susan-Fox-Chair.png 1080w\" sizes=\"auto, (max-width: 150px) 100vw, 150px\" \/><\/figure>\n\n\n\n<h4 class=\"wp-block-heading has-text-align-center\"><a href=\"https:\/\/www.parkinson.ca\/profile\/dr-susan-fox\/\" title=\"Dre. Susan Fox, Pr\u00e9sidente\">Dre. Susan Fox, Pr\u00e9sidente<\/a><\/h4>\n<\/div>\n<\/div>\n\n\n\n<div class=\"wp-block-columns alignwide are-vertically-aligned-center is-layout-flex wp-container-core-columns-is-layout-9d6595d7 wp-block-columns-is-layout-flex\">\n<div class=\"wp-block-column is-vertically-aligned-center is-layout-flow wp-block-column-is-layout-flow\" style=\"flex-basis:21.05%\">\n<figure class=\"wp-block-image size-thumbnail is-style-rounded\"><img loading=\"lazy\" decoding=\"async\" width=\"150\" height=\"150\" src=\"https:\/\/www.parkinson.ca\/wp-content\/uploads\/2025\/10\/Dorothy-Kessler-150x150.png\" alt=\"\" class=\"wp-image-55353\" style=\"object-fit:cover\" srcset=\"https:\/\/www.parkinson.ca\/wp-content\/uploads\/2025\/10\/Dorothy-Kessler-150x150.png 150w, https:\/\/www.parkinson.ca\/wp-content\/uploads\/2025\/10\/Dorothy-Kessler-300x300.png 300w, https:\/\/www.parkinson.ca\/wp-content\/uploads\/2025\/10\/Dorothy-Kessler-1024x1024.png 1024w, https:\/\/www.parkinson.ca\/wp-content\/uploads\/2025\/10\/Dorothy-Kessler-768x768.png 768w, https:\/\/www.parkinson.ca\/wp-content\/uploads\/2025\/10\/Dorothy-Kessler-426x426.png 426w, https:\/\/www.parkinson.ca\/wp-content\/uploads\/2025\/10\/Dorothy-Kessler-1080x1080.png 1080w, https:\/\/www.parkinson.ca\/wp-content\/uploads\/2025\/10\/Dorothy-Kessler.png 1920w\" sizes=\"auto, (max-width: 150px) 100vw, 150px\" \/><\/figure>\n\n\n\n<h4 class=\"wp-block-heading has-text-align-center\"><a href=\"https:\/\/www.parkinson.ca\/profile\/dr-dorothy-kessler\/\" title=\"Dr. Dorothy Kessler\">Dre. Dorothy Kessler<\/a><\/h4>\n<\/div>\n\n\n\n<div class=\"wp-block-column is-vertically-aligned-center is-layout-flow wp-block-column-is-layout-flow\" style=\"flex-basis:16.84%\">\n<figure class=\"wp-block-image size-thumbnail is-style-rounded\"><img loading=\"lazy\" decoding=\"async\" width=\"150\" height=\"150\" src=\"https:\/\/www.parkinson.ca\/wp-content\/uploads\/2024\/11\/dr-galit-150x150.png\" alt=\"Dr. Galit Kleiner\" class=\"wp-image-45243\" style=\"object-fit:cover\" srcset=\"https:\/\/www.parkinson.ca\/wp-content\/uploads\/2024\/11\/dr-galit-150x150.png 150w, https:\/\/www.parkinson.ca\/wp-content\/uploads\/2024\/11\/dr-galit.png 250w\" sizes=\"auto, (max-width: 150px) 100vw, 150px\" \/><\/figure>\n\n\n\n<h4 class=\"wp-block-heading has-text-align-center\"><a href=\"https:\/\/www.parkinson.ca\/fr\/profile\/dr-galit-kleiner\/\" title=\"Dr. Galit Kleiner\">Dre. Galit Kleiner<\/a><\/h4>\n<\/div>\n\n\n\n<div class=\"wp-block-column is-vertically-aligned-center is-layout-flow wp-block-column-is-layout-flow\" style=\"flex-basis:21.05%\">\n<figure class=\"wp-block-image aligncenter size-thumbnail is-style-rounded\"><img loading=\"lazy\" decoding=\"async\" width=\"150\" height=\"150\" src=\"https:\/\/www.parkinson.ca\/wp-content\/uploads\/\/tiago-mestre-1-150x150.jpg\" alt=\"Dr. Tiago Mestre\" class=\"wp-image-35479\" style=\"object-fit:cover\" srcset=\"https:\/\/www.parkinson.ca\/wp-content\/uploads\/tiago-mestre-1-150x150.jpg 150w, https:\/\/www.parkinson.ca\/wp-content\/uploads\/tiago-mestre-1-100x100.jpg 100w, https:\/\/www.parkinson.ca\/wp-content\/uploads\/tiago-mestre-1.jpg 200w\" sizes=\"auto, (max-width: 150px) 100vw, 150px\" \/><\/figure>\n\n\n\n<h4 class=\"wp-block-heading has-text-align-center\"><a href=\"https:\/\/www.parkinson.ca\/fr\/profile\/dr-tiago-a-mestre\/\" title=\"Dr. Tiago A. Mestre\">Dr. Tiago A. Mestre<\/a><\/h4>\n<\/div>\n\n\n\n<div class=\"wp-block-column is-vertically-aligned-center is-layout-flow wp-block-column-is-layout-flow\" style=\"flex-basis:21.05%\">\n<figure class=\"wp-block-image aligncenter size-thumbnail is-style-rounded\"><img loading=\"lazy\" decoding=\"async\" width=\"150\" height=\"150\" src=\"https:\/\/www.parkinson.ca\/wp-content\/uploads\/2025\/02\/Yu-Yan-150x150.jpg\" alt=\"Yu Yan Poon\" class=\"wp-image-49772\" style=\"object-fit:cover\" srcset=\"https:\/\/www.parkinson.ca\/wp-content\/uploads\/2025\/02\/Yu-Yan-150x150.jpg 150w, https:\/\/www.parkinson.ca\/wp-content\/uploads\/2025\/02\/Yu-Yan.jpg 200w\" sizes=\"auto, (max-width: 150px) 100vw, 150px\" \/><\/figure>\n\n\n\n<h4 class=\"wp-block-heading has-text-align-center\"><a href=\"https:\/\/www.parkinson.ca\/profile\/yu-yan-poon\/\" title=\"Angela Roberts\"><\/a><a href=\"https:\/\/www.parkinson.ca\/fr\/profile\/yu-yan-poon\/\" title=\"\">Mme<\/a> <a href=\"https:\/\/www.parkinson.ca\/fr\/profile\/yu-yan-poon\/\" title=\"\">Yu Yan Poon<\/a><\/h4>\n<\/div>\n<\/div>\n\n\n\n<div class=\"wp-block-columns alignwide are-vertically-aligned-center is-layout-flex wp-container-core-columns-is-layout-9d6595d7 wp-block-columns-is-layout-flex\">\n<div class=\"wp-block-column is-vertically-aligned-center is-layout-flow wp-block-column-is-layout-flow\" style=\"flex-basis:26.32%\">\n<figure class=\"wp-block-image aligncenter size-thumbnail is-style-rounded\"><img loading=\"lazy\" decoding=\"async\" width=\"150\" height=\"150\" src=\"https:\/\/www.parkinson.ca\/wp-content\/uploads\/2025\/10\/a-rajput-dmed-150x150.jpg\" alt=\"\" class=\"wp-image-55357\" style=\"object-fit:cover\"\/><\/figure>\n\n\n\n<h4 class=\"wp-block-heading has-text-align-center\"><a href=\"https:\/\/www.parkinson.ca\/profile\/dr-alex-rajput\/\" title=\"Dr. Alex Rajput\">Dr. Alex Rajput<\/a><\/h4>\n<\/div>\n\n\n\n<div class=\"wp-block-column is-vertically-aligned-center is-layout-flow wp-block-column-is-layout-flow\" style=\"flex-basis:21.05%\">\n<figure class=\"wp-block-image aligncenter size-thumbnail is-style-rounded\"><img loading=\"lazy\" decoding=\"async\" width=\"150\" height=\"150\" src=\"https:\/\/www.parkinson.ca\/wp-content\/uploads\/\/Angela-Roberts-150x150.jpg\" alt=\"Angela Roberts\" class=\"wp-image-35454\" style=\"object-fit:cover\" srcset=\"https:\/\/www.parkinson.ca\/wp-content\/uploads\/Angela-Roberts-150x150.jpg 150w, https:\/\/www.parkinson.ca\/wp-content\/uploads\/Angela-Roberts-100x100.jpg 100w, https:\/\/www.parkinson.ca\/wp-content\/uploads\/Angela-Roberts.jpg 200w\" sizes=\"auto, (max-width: 150px) 100vw, 150px\" \/><\/figure>\n\n\n\n<h4 class=\"wp-block-heading has-text-align-center\"><a href=\"https:\/\/www.parkinson.ca\/fr\/profile\/angela-roberts\/\" title=\"Angela Roberts\">Dre. Angela Roberts<\/a><\/h4>\n<\/div>\n\n\n\n<div class=\"wp-block-column is-vertically-aligned-center is-layout-flow wp-block-column-is-layout-flow\" style=\"flex-basis:25%\">\n<figure class=\"wp-block-image aligncenter size-thumbnail is-style-rounded\"><img loading=\"lazy\" decoding=\"async\" width=\"150\" height=\"150\" src=\"https:\/\/www.parkinson.ca\/wp-content\/uploads\/2025\/02\/Justyna-Sarna-Headshot-150x150.jpg\" alt=\"Dr. Justyna Sarna\" class=\"wp-image-49786\" style=\"object-fit:cover\"\/><\/figure>\n\n\n\n<h4 class=\"wp-block-heading has-text-align-center\"><a href=\"https:\/\/www.parkinson.ca\/profile\/yu-yan-poon\/\" title=\"Angela Roberts\"><\/a><a href=\"https:\/\/archiveparkinson.thedev.ca\/profile\/yu-yan-poon\/\"><\/a><a href=\"https:\/\/www.parkinson.ca\/fr\/profile\/dr-justyna-sarna\/\" title=\"Dr. Justyna Sarna\">Dre. Justyna Sarna<\/a><\/h4>\n<\/div>\n\n\n\n<div class=\"wp-block-column is-vertically-aligned-center is-layout-flow wp-block-column-is-layout-flow\" style=\"flex-basis:25%\">\n<figure class=\"wp-block-image aligncenter size-thumbnail is-style-rounded\"><img loading=\"lazy\" decoding=\"async\" width=\"150\" height=\"150\" src=\"https:\/\/www.parkinson.ca\/wp-content\/uploads\/2022\/02\/Vesna-Sossi-150x150.png\" alt=\"Vesna Sossi\" class=\"wp-image-49761\" style=\"object-fit:cover\" srcset=\"https:\/\/www.parkinson.ca\/wp-content\/uploads\/2022\/02\/Vesna-Sossi-150x150.png 150w, https:\/\/www.parkinson.ca\/wp-content\/uploads\/2022\/02\/Vesna-Sossi.png 250w\" sizes=\"auto, (max-width: 150px) 100vw, 150px\" \/><\/figure>\n\n\n\n<h4 class=\"wp-block-heading has-text-align-center\"><a href=\"https:\/\/www.parkinson.ca\/fr\/profile\/vesna-sossi\/\" title=\"Vesna Sossi\">Dre. Vesna Sossi<\/a><\/h4>\n<\/div>\n<\/div>\n\n\n\n<div class=\"wp-block-columns alignwide are-vertically-aligned-center is-layout-flex wp-container-core-columns-is-layout-9d6595d7 wp-block-columns-is-layout-flex\">\n<div class=\"wp-block-column is-vertically-aligned-center is-layout-flow wp-block-column-is-layout-flow\" style=\"flex-basis:25%\">\n<figure class=\"wp-block-image aligncenter size-thumbnail is-style-rounded\"><img loading=\"lazy\" decoding=\"async\" width=\"150\" height=\"150\" src=\"https:\/\/www.parkinson.ca\/wp-content\/uploads\/\/antonio-strafella-150x150.jpg\" alt=\"Dr. Antonio P Strafella\" class=\"wp-image-5835\" style=\"object-fit:cover\" srcset=\"https:\/\/www.parkinson.ca\/wp-content\/uploads\/antonio-strafella-150x150.jpg 150w, https:\/\/www.parkinson.ca\/wp-content\/uploads\/antonio-strafella-100x100.jpg 100w, https:\/\/www.parkinson.ca\/wp-content\/uploads\/antonio-strafella.jpg 300w\" sizes=\"auto, (max-width: 150px) 100vw, 150px\" \/><\/figure>\n\n\n\n<h4 class=\"wp-block-heading has-text-align-center\"><a href=\"https:\/\/www.parkinson.ca\/fr\/profile\/dr-antonio-p-strafella\/\" title=\"\">Dr. Antonio P. Strafella, Vice-pr\u00e9sident<\/a><\/h4>\n<\/div>\n\n\n\n<div class=\"wp-block-column is-vertically-aligned-center is-layout-flow wp-block-column-is-layout-flow\" style=\"flex-basis:25%\">\n<figure class=\"wp-block-image aligncenter size-thumbnail is-style-rounded\"><img loading=\"lazy\" decoding=\"async\" width=\"150\" height=\"150\" src=\"https:\/\/www.parkinson.ca\/wp-content\/uploads\/2025\/02\/Dr.-Indira-Subramanian-150x150.png\" alt=\"Dr. Indira Subramanian\" class=\"wp-image-49791\" style=\"object-fit:cover\" srcset=\"https:\/\/www.parkinson.ca\/wp-content\/uploads\/2025\/02\/Dr.-Indira-Subramanian-150x150.png 150w, https:\/\/www.parkinson.ca\/wp-content\/uploads\/2025\/02\/Dr.-Indira-Subramanian.png 250w\" sizes=\"auto, (max-width: 150px) 100vw, 150px\" \/><\/figure>\n\n\n\n<h4 class=\"wp-block-heading has-text-align-center\"><a href=\"https:\/\/www.parkinson.ca\/fr\/profile\/dr-indira-subramanian\/\" title=\"Dr. Francesca Cicchetti\">Dre. Indira Subramanian<\/a><\/h4>\n<\/div>\n\n\n\n<div class=\"wp-block-column is-vertically-aligned-center is-layout-flow wp-block-column-is-layout-flow\" style=\"flex-basis:25%\">\n<figure class=\"wp-block-image aligncenter size-thumbnail is-style-rounded\"><img loading=\"lazy\" decoding=\"async\" width=\"150\" height=\"150\" src=\"https:\/\/www.parkinson.ca\/wp-content\/uploads\/George-Tolomiczenko-Peter-Istvan-Photography-Parry-Sound3-150x150.jpg\" alt=\"Dr. George Tolomiczenko\" class=\"wp-image-41022\" style=\"object-fit:cover\" srcset=\"https:\/\/www.parkinson.ca\/wp-content\/uploads\/George-Tolomiczenko-Peter-Istvan-Photography-Parry-Sound3-150x150.jpg 150w, https:\/\/www.parkinson.ca\/wp-content\/uploads\/George-Tolomiczenko-Peter-Istvan-Photography-Parry-Sound3-300x300.jpg 300w, https:\/\/www.parkinson.ca\/wp-content\/uploads\/George-Tolomiczenko-Peter-Istvan-Photography-Parry-Sound3-700x700.jpg 700w, https:\/\/www.parkinson.ca\/wp-content\/uploads\/George-Tolomiczenko-Peter-Istvan-Photography-Parry-Sound3-768x768.jpg 768w, https:\/\/www.parkinson.ca\/wp-content\/uploads\/George-Tolomiczenko-Peter-Istvan-Photography-Parry-Sound3-1536x1536.jpg 1536w, https:\/\/www.parkinson.ca\/wp-content\/uploads\/George-Tolomiczenko-Peter-Istvan-Photography-Parry-Sound3-2048x2048.jpg 2048w, https:\/\/www.parkinson.ca\/wp-content\/uploads\/George-Tolomiczenko-Peter-Istvan-Photography-Parry-Sound3-100x100.jpg 100w, https:\/\/www.parkinson.ca\/wp-content\/uploads\/George-Tolomiczenko-Peter-Istvan-Photography-Parry-Sound3-890x890.jpg 890w, https:\/\/www.parkinson.ca\/wp-content\/uploads\/George-Tolomiczenko-Peter-Istvan-Photography-Parry-Sound3-1264x1264.jpg 1264w\" sizes=\"auto, (max-width: 150px) 100vw, 150px\" \/><\/figure>\n\n\n\n<h4 class=\"wp-block-heading has-text-align-center\"><a href=\"https:\/\/www.parkinson.ca\/fr\/profile\/dr-george-tolomiczenko\/\" title=\"Dr. George Tolomiczenko\">Dr. George Tolomiczenko<\/a><\/h4>\n<\/div>\n\n\n\n<div class=\"wp-block-column is-vertically-aligned-center is-layout-flow wp-block-column-is-layout-flow\" style=\"flex-basis:25%\">\n<figure class=\"wp-block-image size-thumbnail is-style-rounded\"><img loading=\"lazy\" decoding=\"async\" width=\"150\" height=\"150\" src=\"https:\/\/www.parkinson.ca\/wp-content\/uploads\/2025\/02\/Dr.-Louis-Eric-Trudeau-150x150.png\" alt=\"Dr. Louis-Eric Trudeau\" class=\"wp-image-49801\" style=\"object-fit:cover\" srcset=\"https:\/\/www.parkinson.ca\/wp-content\/uploads\/2025\/02\/Dr.-Louis-Eric-Trudeau-150x150.png 150w, https:\/\/www.parkinson.ca\/wp-content\/uploads\/2025\/02\/Dr.-Louis-Eric-Trudeau.png 250w\" sizes=\"auto, (max-width: 150px) 100vw, 150px\" \/><\/figure>\n\n\n\n<h4 class=\"wp-block-heading has-text-align-center\"><a href=\"https:\/\/www.parkinson.ca\/fr\/profile\/dr-louis-eric-trudeau\/\" title=\"Dr. Louis-Eric Trudeau\">Dr. Louis-Eric Trudeau<\/a><\/h4>\n<\/div>\n<\/div>\n\n\n\n<div class=\"wp-block-columns alignwide are-vertically-aligned-center is-layout-flex wp-container-core-columns-is-layout-9d6595d7 wp-block-columns-is-layout-flex\">\n<div class=\"wp-block-column is-vertically-aligned-center is-layout-flow wp-block-column-is-layout-flow\" style=\"flex-basis:25%\">\n<figure class=\"wp-block-image aligncenter size-thumbnail is-style-rounded\"><img loading=\"lazy\" decoding=\"async\" width=\"132\" height=\"150\" src=\"https:\/\/www.parkinson.ca\/wp-content\/uploads\/\/Dr.-Sean-Udow-132x150.jpg\" alt=\"Dr. Sean Udow\" class=\"wp-image-40713\" style=\"object-fit:cover\" srcset=\"https:\/\/www.parkinson.ca\/wp-content\/uploads\/Dr.-Sean-Udow-132x150.jpg 132w, https:\/\/www.parkinson.ca\/wp-content\/uploads\/Dr.-Sean-Udow-264x300.jpg 264w, https:\/\/www.parkinson.ca\/wp-content\/uploads\/Dr.-Sean-Udow-100x114.jpg 100w, https:\/\/www.parkinson.ca\/wp-content\/uploads\/Dr.-Sean-Udow.jpg 534w\" sizes=\"auto, (max-width: 132px) 100vw, 132px\" \/><\/figure>\n\n\n\n<h4 class=\"wp-block-heading has-text-align-center\"><a href=\"https:\/\/www.parkinson.ca\/profile\/yu-yan-poon\/\" title=\"Angela Roberts\"><\/a><a href=\"https:\/\/archiveparkinson.thedev.ca\/profile\/yu-yan-poon\/\"><\/a><a href=\"https:\/\/www.parkinson.ca\/fr\/profile\/dr-sean-udow\/\" title=\"Dr. Sean Udow\">Dr. Sean Udow<\/a><\/h4>\n<\/div>\n\n\n\n<div class=\"wp-block-column is-vertically-aligned-center is-layout-flow wp-block-column-is-layout-flow\" style=\"flex-basis:25%\">\n<figure class=\"wp-block-image size-thumbnail is-style-rounded\"><img loading=\"lazy\" decoding=\"async\" width=\"150\" height=\"150\" src=\"https:\/\/www.parkinson.ca\/wp-content\/uploads\/2022\/02\/Dr.-Stephen-Workman-150x150.png\" alt=\"Dr. Stephen Workman\" class=\"wp-image-49768\" style=\"object-fit:cover\" srcset=\"https:\/\/www.parkinson.ca\/wp-content\/uploads\/2022\/02\/Dr.-Stephen-Workman-150x150.png 150w, https:\/\/www.parkinson.ca\/wp-content\/uploads\/2022\/02\/Dr.-Stephen-Workman.png 250w\" sizes=\"auto, (max-width: 150px) 100vw, 150px\" \/><\/figure>\n\n\n\n<h4 class=\"wp-block-heading has-text-align-center\"><a href=\"https:\/\/www.parkinson.ca\/fr\/profile\/dr-stephen-workman\/\" title=\"Dr. Stephen Workman\">Dr. Stephen Workman<\/a><\/h4>\n<\/div>\n\n\n\n<div class=\"wp-block-column is-vertically-aligned-center is-layout-flow wp-block-column-is-layout-flow\" style=\"flex-basis:25%\">\n<figure class=\"wp-block-image aligncenter size-thumbnail is-style-rounded\"><img loading=\"lazy\" decoding=\"async\" width=\"150\" height=\"150\" src=\"https:\/\/www.parkinson.ca\/wp-content\/uploads\/2024\/11\/Bob-de-Wit-Head-Shot-cropped-150x150.jpg\" alt=\"Bob de Wit\" class=\"wp-image-45231\" style=\"object-fit:cover\"\/><\/figure>\n\n\n\n<h4 class=\"wp-block-heading has-text-align-center\"><a href=\"https:\/\/www.parkinson.ca\/fr\/profile\/bob-de-wit\/\" title=\"\">Bob de Wit<\/a><\/h4>\n<\/div>\n\n\n\n<div class=\"wp-block-column is-layout-flow wp-block-column-is-layout-flow\" style=\"flex-basis:25%\"><\/div>\n<\/div>\n\n\n\n<div style=\"height:100px\" aria-hidden=\"true\" class=\"wp-block-spacer\"><\/div>\n\n\n\n<div class=\"wp-block-group is-layout-constrained wp-block-group-is-layout-constrained\">\n<p>Membres 2024-2025 du CCRPC:<\/p>\n\n\n\n<ul class=\"wp-block-list\">\n<li>Dr. Susan Fox, Chair&nbsp;<\/li>\n<\/ul>\n\n\n\n<ul class=\"wp-block-list\">\n<li>Dr. Antonio P.&nbsp;Strafella, Deputy Chair&nbsp;<\/li>\n<\/ul>\n\n\n\n<ul class=\"wp-block-list\">\n<li>Dr. Richard&nbsp;Camicioli&nbsp;<\/li>\n<\/ul>\n\n\n\n<ul class=\"wp-block-list\">\n<li>Dr. Francesca Cicchetti&nbsp;<\/li>\n<\/ul>\n\n\n\n<ul class=\"wp-block-list\">\n<li>Dr. Galit Kleiner&nbsp;<\/li>\n<\/ul>\n\n\n\n<ul class=\"wp-block-list\">\n<li>Dr. Martin McKeown&nbsp;&nbsp;<\/li>\n<\/ul>\n\n\n\n<ul class=\"wp-block-list\">\n<li>Dr. Tiago A. Mestre&nbsp;<\/li>\n<\/ul>\n\n\n\n<ul class=\"wp-block-list\">\n<li>Ms. Yu Yan Poon&nbsp;<\/li>\n<\/ul>\n\n\n\n<ul class=\"wp-block-list\">\n<li>Dr. Angela Roberts&nbsp;<\/li>\n<\/ul>\n\n\n\n<ul class=\"wp-block-list\">\n<li>Dr. Justyna Sarna&nbsp;<\/li>\n<\/ul>\n\n\n\n<ul class=\"wp-block-list\">\n<li>Dr. Vesna Sossi&nbsp;<\/li>\n<\/ul>\n\n\n\n<ul class=\"wp-block-list\">\n<li>Dr. Indira Subramanian&nbsp;<\/li>\n<\/ul>\n\n\n\n<ul class=\"wp-block-list\">\n<li>Dr. George&nbsp;Tolomiczenko&nbsp;<\/li>\n<\/ul>\n\n\n\n<ul class=\"wp-block-list\">\n<li>Dr. Louis-\u00c9ric Trudeau&nbsp;<\/li>\n<\/ul>\n\n\n\n<ul class=\"wp-block-list\">\n<li>Dr. Sean&nbsp;Udow&nbsp;<\/li>\n<\/ul>\n\n\n\n<ul class=\"wp-block-list\">\n<li>Dr. Stephen Workman&nbsp;<\/li>\n<\/ul>\n\n\n\n<ul class=\"wp-block-list\">\n<li>Mr. Bob de Wit&nbsp;<\/li>\n<\/ul>\n<\/div>\n\n\n\n<div style=\"height:100px\" aria-hidden=\"true\" class=\"wp-block-spacer\"><\/div>\n\n\n\n<p><\/p>\n","protected":false},"excerpt":{"rendered":"<p>La recherche constitue un pilier central du mandat de Parkinson Canada. Votre soutien stimule l\u2019innovation \u00e0 travers le programme de recherche de Parkinson Canada, incluant Concours annuel de subventions, Fonds d&rsquo;innovation pour la recherche Kanta Marwah, R\u00e9seau ouvert canadien de la maladie de Parkinson (ROPC),dirig\u00e9e par un solide leadership scientifique solide. Le Comit\u00e9 consultatif sur [&hellip;]<\/p>\n","protected":false},"author":90,"featured_media":49131,"parent":46709,"menu_order":0,"comment_status":"closed","ping_status":"closed","template":"","meta":{"_acf_changed":false,"footnotes":""},"class_list":["post-50120","page","type-page","status-publish","has-post-thumbnail","hentry"],"acf":[],"aioseo_notices":[],"_links":{"self":[{"href":"https:\/\/www.parkinson.ca\/fr\/wp-json\/wp\/v2\/pages\/50120","targetHints":{"allow":["GET"]}}],"collection":[{"href":"https:\/\/www.parkinson.ca\/fr\/wp-json\/wp\/v2\/pages"}],"about":[{"href":"https:\/\/www.parkinson.ca\/fr\/wp-json\/wp\/v2\/types\/page"}],"author":[{"embeddable":true,"href":"https:\/\/www.parkinson.ca\/fr\/wp-json\/wp\/v2\/users\/90"}],"replies":[{"embeddable":true,"href":"https:\/\/www.parkinson.ca\/fr\/wp-json\/wp\/v2\/comments?post=50120"}],"version-history":[{"count":14,"href":"https:\/\/www.parkinson.ca\/fr\/wp-json\/wp\/v2\/pages\/50120\/revisions"}],"predecessor-version":[{"id":55372,"href":"https:\/\/www.parkinson.ca\/fr\/wp-json\/wp\/v2\/pages\/50120\/revisions\/55372"}],"up":[{"embeddable":true,"href":"https:\/\/www.parkinson.ca\/fr\/wp-json\/wp\/v2\/pages\/46709"}],"wp:featuredmedia":[{"embeddable":true,"href":"https:\/\/www.parkinson.ca\/fr\/wp-json\/wp\/v2\/media\/49131"}],"wp:attachment":[{"href":"https:\/\/www.parkinson.ca\/fr\/wp-json\/wp\/v2\/media?parent=50120"}],"curies":[{"name":"wp","href":"https:\/\/api.w.org\/{rel}","templated":true}]}}