{"id":49139,"date":"2025-02-28T19:51:04","date_gmt":"2025-02-28T19:51:04","guid":{"rendered":"https:\/\/www.parkinson.ca\/a-propos-de-nous\/conseil-consultatif-scientifique\/"},"modified":"2026-03-06T21:41:45","modified_gmt":"2026-03-06T21:41:45","slug":"conseil-consultatif-scientifique","status":"publish","type":"page","link":"https:\/\/www.parkinson.ca\/fr\/a-propos-de-nous\/conseil-consultatif-scientifique\/","title":{"rendered":"Conseil consultatif scientifique"},"content":{"rendered":"\n<p>Le Conseil consultatif scientifique (CCS) est un groupe d&rsquo;experts b\u00e9n\u00e9voles qui examine les demandes de financement pour les subventions de projets pilotes et les prix destin\u00e9s aux nouveaux chercheurs afin de d\u00e9terminer l&rsquo;excellence scientifique et la pertinence par rapport \u00e0 la maladie de Parkinson, en assurant la plus haute qualit\u00e9 d&rsquo;\u00e9valuation objective.<\/p>\n\n<div style=\"height:30px\" aria-hidden=\"true\" class=\"wp-block-spacer is-style-responsive-xsmall\"><\/div>\n\n<ul class=\"wp-block-list\">\n<li><strong>Dr Louis-\u00c9ric Trudeau<\/strong>, (pr\u00e9sident du comit\u00e9) : professeur de pharmacologie, de physiologie et de neurosciences, Universit\u00e9 de Montr\u00e9al <\/li>\n<\/ul>\n\n<ul class=\"wp-block-list\">\n<li><strong>Dre Silke Appel-Cresswell<\/strong> : professeure agr\u00e9g\u00e9e de m\u00e9decine\/neurologie, Universit\u00e9 de la Colombie-Britannique ; chercheuse clinicienne, Pacific Parkinson&rsquo;s Research Centre et Djavad Mowafghian Centre for Brain Health <\/li>\n<\/ul>\n\n<ul class=\"wp-block-list\">\n<li><strong>Dr Fang Ba<\/strong> : professeur agr\u00e9g\u00e9 de neurologie et directeur du programme sur la maladie de Parkinson et les troubles du mouvement, Universit\u00e9 de l&rsquo;Alberta <\/li>\n<\/ul>\n\n<ul class=\"wp-block-list\">\n<li><strong>Dr Robert Chen<\/strong> : professeur de m\u00e9decine (neurologie), Universit\u00e9 de Toronto ; chercheur principal, Krembil Research Institute <\/li>\n<\/ul>\n\n<ul class=\"wp-block-list\">\n<li><strong>Dr Kalle Gehring<\/strong> : professeur de biochimie, Universit\u00e9 McGill <\/li>\n<\/ul>\n\n<ul class=\"wp-block-list\">\n<li><strong>Dre Connie Marras<\/strong> : professeure de neurologie, Universit\u00e9 de Toronto ; chercheuse clinicienne, Krembil Research Institute <\/li>\n<\/ul>\n\n<ul class=\"wp-block-list\">\n<li><strong>Dr Mario Masellis<\/strong> : professeur de m\u00e9decine (neurologie), Universit\u00e9 de Toronto ; chercheur clinicien, Sunnybrook Research Institute <\/li>\n<\/ul>\n\n<ul class=\"wp-block-list\">\n<li><strong>Dre Heidi McBride<\/strong> : professeure, neurologie et neurochirurgie, Universit\u00e9 McGill, chef de groupe, Groupe de recherche sur les maladies neurologiques rares, The Neuro <\/li>\n<\/ul>\n\n<ul class=\"wp-block-list\">\n<li><strong>Dre Joanne Nash<\/strong> : professeure agr\u00e9g\u00e9e, Centre for Microscopy and Bioanalysis, Universit\u00e9 de Toronto Scarborough <\/li>\n<\/ul>\n\n<ul class=\"wp-block-list\">\n<li><strong>Dre Caroline Paquette<\/strong> : professeure agr\u00e9g\u00e9e de kin\u00e9siologie et d&rsquo;\u00e9ducation physique et directrice du Laboratoire de contr\u00f4le c\u00e9r\u00e9bral humain de la locomotion (HBCL), Universit\u00e9 McGill <\/li>\n<\/ul>\n\n<ul class=\"wp-block-list\">\n<li><strong>Dr Scott Ryan<\/strong> : professeur agr\u00e9g\u00e9, Universit\u00e9 de Calgary, Hotchkiss Brain Institute <\/li>\n<\/ul>\n\n<ul class=\"wp-block-list\">\n<li><strong>Dr Joel Watts<\/strong> : professeur agr\u00e9g\u00e9 de biochimie et chercheur principal au Tanz Centre for Research in Neurodegenerative Diseases, Universit\u00e9 de Toronto <\/li>\n<\/ul>\n\n<ul class=\"wp-block-list\">\n<li><strong>Dr Ziv Gan-Or<\/strong> : professeur agr\u00e9g\u00e9, D\u00e9partement de neurologie et neurochirurgie, The Neuro, Universit\u00e9 McGill<\/li>\n<\/ul>\n\n<ul class=\"wp-block-list\">\n<li><strong>Dr Etienne Hebert Chatelain<\/strong> : professeur agr\u00e9g\u00e9, D\u00e9partement de biologie, Universit\u00e9 de Moncton<\/li>\n<\/ul>\n\n<div style=\"height:100px\" aria-hidden=\"true\" class=\"wp-block-spacer\"><\/div>\n","protected":false},"excerpt":{"rendered":"<p>Le Conseil consultatif scientifique (CCS) est un groupe d&rsquo;experts b\u00e9n\u00e9voles qui examine les demandes de financement pour les subventions de projets pilotes et les prix destin\u00e9s aux nouveaux chercheurs afin de d\u00e9terminer l&rsquo;excellence scientifique et la pertinence par rapport \u00e0 la maladie de Parkinson, en assurant la plus haute qualit\u00e9 d&rsquo;\u00e9valuation objective.<\/p>\n","protected":false},"author":90,"featured_media":49131,"parent":46709,"menu_order":0,"comment_status":"closed","ping_status":"closed","template":"","meta":{"_acf_changed":false,"footnotes":""},"class_list":["post-49139","page","type-page","status-publish","has-post-thumbnail","hentry"],"acf":[],"aioseo_notices":[],"_links":{"self":[{"href":"https:\/\/www.parkinson.ca\/fr\/wp-json\/wp\/v2\/pages\/49139","targetHints":{"allow":["GET"]}}],"collection":[{"href":"https:\/\/www.parkinson.ca\/fr\/wp-json\/wp\/v2\/pages"}],"about":[{"href":"https:\/\/www.parkinson.ca\/fr\/wp-json\/wp\/v2\/types\/page"}],"author":[{"embeddable":true,"href":"https:\/\/www.parkinson.ca\/fr\/wp-json\/wp\/v2\/users\/90"}],"replies":[{"embeddable":true,"href":"https:\/\/www.parkinson.ca\/fr\/wp-json\/wp\/v2\/comments?post=49139"}],"version-history":[{"count":7,"href":"https:\/\/www.parkinson.ca\/fr\/wp-json\/wp\/v2\/pages\/49139\/revisions"}],"predecessor-version":[{"id":57727,"href":"https:\/\/www.parkinson.ca\/fr\/wp-json\/wp\/v2\/pages\/49139\/revisions\/57727"}],"up":[{"embeddable":true,"href":"https:\/\/www.parkinson.ca\/fr\/wp-json\/wp\/v2\/pages\/46709"}],"wp:featuredmedia":[{"embeddable":true,"href":"https:\/\/www.parkinson.ca\/fr\/wp-json\/wp\/v2\/media\/49131"}],"wp:attachment":[{"href":"https:\/\/www.parkinson.ca\/fr\/wp-json\/wp\/v2\/media?parent=49139"}],"curies":[{"name":"wp","href":"https:\/\/api.w.org\/{rel}","templated":true}]}}