{"id":48786,"date":"2024-07-05T16:00:27","date_gmt":"2024-07-05T16:00:27","guid":{"rendered":"https:\/\/www.parkinson.ca\/ressources\/evenements-communautaires-et-webinaires\/"},"modified":"2026-04-01T16:29:33","modified_gmt":"2026-04-01T16:29:33","slug":"evenements-communautaires-et-webinaires","status":"publish","type":"page","link":"https:\/\/www.parkinson.ca\/fr\/ressources\/evenements-communautaires-et-webinaires\/","title":{"rendered":"\u00c9v\u00e9nements communautaires et webinaires"},"content":{"rendered":"\n<div class=\"wp-block-cover has-blue-color has-text-color has-link-color wp-elements-78277d1906fe787b4efe58db671613fc\"><img loading=\"lazy\" decoding=\"async\" width=\"2560\" height=\"1707\" class=\"wp-block-cover__image-background wp-image-48481\" alt=\"\" src=\"https:\/\/parkinson.ca\/wp-content\/uploads\/2025\/02\/linkedin-sales-solutions-Be5aVKFv9ho-unsplash-scaled.jpg\" style=\"object-position:48% 24%\" data-object-fit=\"cover\" data-object-position=\"48% 24%\" srcset=\"https:\/\/www.parkinson.ca\/wp-content\/uploads\/2025\/02\/linkedin-sales-solutions-Be5aVKFv9ho-unsplash-scaled.jpg 2560w, https:\/\/www.parkinson.ca\/wp-content\/uploads\/2025\/02\/linkedin-sales-solutions-Be5aVKFv9ho-unsplash-300x200.jpg 300w, https:\/\/www.parkinson.ca\/wp-content\/uploads\/2025\/02\/linkedin-sales-solutions-Be5aVKFv9ho-unsplash-1024x683.jpg 1024w, https:\/\/www.parkinson.ca\/wp-content\/uploads\/2025\/02\/linkedin-sales-solutions-Be5aVKFv9ho-unsplash-768x512.jpg 768w, https:\/\/www.parkinson.ca\/wp-content\/uploads\/2025\/02\/linkedin-sales-solutions-Be5aVKFv9ho-unsplash-426x284.jpg 426w\" sizes=\"auto, (max-width: 2560px) 100vw, 2560px\" \/><span aria-hidden=\"true\" class=\"wp-block-cover__background has-blue-background-color has-background-dim-30 has-background-dim\"><\/span><div class=\"wp-block-cover__inner-container is-layout-constrained wp-block-cover-is-layout-constrained\">\n<p class=\"has-text-align-center has-base-color has-text-color has-link-color has-xlarge-font-size wp-elements-1875cedc2961b563eee17c21d8c0f794\"><strong><strong>Rejoignez-nous pour des \u00e9v\u00e9nements et des webinaires attrayants con\u00e7us pour informer, soutenir et connecter la communaut\u00e9 de la maladie de Parkinson.  <\/strong><\/strong><\/p>\n<\/div><\/div>\n\n\n\n<div style=\"height:100px\" aria-hidden=\"true\" class=\"wp-block-spacer\"><\/div>\n\n\n\n<hr class=\"wp-block-separator has-alpha-channel-opacity\"\/>\n\n\n\n<div class=\"wp-block-group is-layout-constrained wp-block-group-is-layout-constrained\">\n<div style=\"height:100px\" aria-hidden=\"true\" class=\"wp-block-spacer is-style-responsive-xsmall\"><\/div>\n\n\n\n<h2 class=\"wp-block-heading has-text-align-center\">\u00c9v\u00e9nements communautaires<\/h2>\n\n\n\n<p class=\"has-text-align-center\">Les \u00e9v\u00e9nements communautaires offrent un espace accueillant pour rencontrer d&rsquo;autres personnes qui comprennent la vie avec la maladie de Parkinson, partager des exp\u00e9riences et \u00e9tablir des liens significatifs.<\/p>\n\n\n\n<div class=\"wp-block-buttons is-content-justification-center is-layout-flex wp-container-core-buttons-is-layout-16018d1d wp-block-buttons-is-layout-flex\">\n<div class=\"wp-block-button\"><a class=\"wp-block-button__link wp-element-button\" href=\"https:\/\/www.parkinson.ca\/fr\/event\/\">D\u00e9couvrez les \u00e9v\u00e9nements \u00e0 venir<\/a><\/div>\n<\/div>\n\n\n\n<figure class=\"wp-block-gallery has-nested-images columns-3 is-cropped wp-block-gallery-1 is-layout-flex wp-block-gallery-is-layout-flex\">\n<figure class=\"wp-block-image size-medium\"><img loading=\"lazy\" decoding=\"async\" width=\"300\" height=\"200\" data-id=\"51954\" src=\"https:\/\/www.parkinson.ca\/wp-content\/uploads\/2025\/05\/Parkinson-Canada-13-300x200.jpg\" alt=\"\" class=\"wp-image-51954\"\/><\/figure>\n\n\n\n<figure class=\"wp-block-image size-medium\"><img loading=\"lazy\" decoding=\"async\" width=\"300\" height=\"169\" data-id=\"51962\" src=\"https:\/\/parkinson.ca\/wp-content\/uploads\/2025\/05\/2024ParkinsonsYVR-092-1-300x169.jpg\" alt=\"A crowd at the Parkinson's IQ + You Vancouver\" class=\"wp-image-51962\" srcset=\"https:\/\/www.parkinson.ca\/wp-content\/uploads\/2025\/05\/2024ParkinsonsYVR-092-1-300x169.jpg 300w, https:\/\/www.parkinson.ca\/wp-content\/uploads\/2025\/05\/2024ParkinsonsYVR-092-1-1024x576.jpg 1024w, https:\/\/www.parkinson.ca\/wp-content\/uploads\/2025\/05\/2024ParkinsonsYVR-092-1-768x432.jpg 768w, https:\/\/www.parkinson.ca\/wp-content\/uploads\/2025\/05\/2024ParkinsonsYVR-092-1-426x240.jpg 426w, https:\/\/www.parkinson.ca\/wp-content\/uploads\/2025\/05\/2024ParkinsonsYVR-092-1-1920x1080.jpg 1920w\" sizes=\"auto, (max-width: 300px) 100vw, 300px\" \/><\/figure>\n\n\n\n<figure class=\"wp-block-image size-medium\"><img loading=\"lazy\" decoding=\"async\" width=\"300\" height=\"200\" data-id=\"51956\" src=\"https:\/\/parkinson.ca\/wp-content\/uploads\/2025\/05\/IMGC2157-CR3-300x200.jpg\" alt=\"\" class=\"wp-image-51956\" srcset=\"https:\/\/www.parkinson.ca\/wp-content\/uploads\/2025\/05\/IMGC2157-CR3-300x200.jpg 300w, https:\/\/www.parkinson.ca\/wp-content\/uploads\/2025\/05\/IMGC2157-CR3-1024x683.jpg 1024w, https:\/\/www.parkinson.ca\/wp-content\/uploads\/2025\/05\/IMGC2157-CR3-768x512.jpg 768w, https:\/\/www.parkinson.ca\/wp-content\/uploads\/2025\/05\/IMGC2157-CR3-426x284.jpg 426w, https:\/\/www.parkinson.ca\/wp-content\/uploads\/2025\/05\/IMGC2157-CR3-1620x1080.jpg 1620w\" sizes=\"auto, (max-width: 300px) 100vw, 300px\" \/><\/figure>\n<\/figure>\n\n\n\n<div style=\"height:100px\" aria-hidden=\"true\" class=\"wp-block-spacer is-style-responsive-xsmall\"><\/div>\n\n\n\n<hr class=\"wp-block-separator has-alpha-channel-opacity\"\/>\n<\/div>\n\n\n\n<div style=\"height:100px\" aria-hidden=\"true\" class=\"wp-block-spacer is-style-responsive-xsmall\"><\/div>\n\n\n\n<h2 class=\"wp-block-heading has-text-align-center\">Webinaires<\/h2>\n\n\n\n<p class=\"has-text-align-center\">Les webinaires \u00e9ducatifs vous permettent de b\u00e9n\u00e9ficier directement des conseils d&rsquo;experts sur des sujets tels que les options de traitement, les mises \u00e0 jour de la recherche, les conseils pour la vie quotidienne et bien plus encore. Jetez un coup d&rsquo;\u0153il \u00e0 tous les webinaires, podcasts et vid\u00e9os pass\u00e9es de Parkinson Canada sur YouTube, Spotify et Apple Podcasts. Disponible en anglais seulement.<br><\/p>\n\n\n\n<p class=\"has-text-align-center\">Acc\u00e9der aux enregistrements des webinaires pr\u00e9c\u00e9dents<\/p>\n\n\n\n<div class=\"wp-block-columns is-layout-flex wp-container-core-columns-is-layout-9d6595d7 wp-block-columns-is-layout-flex\">\n<div class=\"wp-block-column is-vertically-aligned-center is-layout-flow wp-block-column-is-layout-flow\" style=\"flex-basis:30%\"><\/div>\n\n\n\n<div class=\"wp-block-column is-layout-flow wp-block-column-is-layout-flow\">\n\n<div class=\"icon-block text-center\" >\n  <div class=\"icon icon-position-top\">\n  \n      <a href=\"https:\/\/www.youtube.com\/@ParkinsonCanada\/featured\" \n       target=\"\" \n       class=\"icon-link\">\n  \n    <!-- ICON AFTER \/ BOTTOM -->\n    \n    <!-- SYMBOL -->\n    <div class=\"icon-symbol\" \n      style=\"font-size: 50px\">\n              <i class=\"fa-classic fa-brands fa-youtube\" \n             \n              aria-hidden='true' \n             >\n        <\/i>\n          <\/div>\n\n    <!-- ICON BEFORE \/ TOP -->\n            <div class=\"icon-label\">YouTube<\/div>\n    \n            <\/a>\n      <\/div>\n<\/div><\/div>\n\n\n\n<div class=\"wp-block-column is-layout-flow wp-block-column-is-layout-flow\">\n\n<div class=\"icon-block text-center\" >\n  <div class=\"icon icon-position-top\">\n  \n      <a href=\"https:\/\/open.spotify.com\/show\/3a61fUw1w3y2fj8E5VdD6z?si=c0449ad481cb489a\" \n       target=\"\" \n       class=\"icon-link\">\n  \n    <!-- ICON AFTER \/ BOTTOM -->\n    \n    <!-- SYMBOL -->\n    <div class=\"icon-symbol\" \n      style=\"font-size: 50px\">\n              <i class=\"fa-classic fa-brands fa-spotify\" \n             \n              aria-hidden='true' \n             >\n        <\/i>\n          <\/div>\n\n    <!-- ICON BEFORE \/ TOP -->\n            <div class=\"icon-label\">Spotify<\/div>\n    \n            <\/a>\n      <\/div>\n<\/div><\/div>\n\n\n\n<div class=\"wp-block-column is-layout-flow wp-block-column-is-layout-flow\">\n\n<div class=\"icon-block text-center\" >\n  <div class=\"icon icon-position-top\">\n  \n      <a href=\"https:\/\/podcasts.apple.com\/us\/podcast\/tulip-talk-parkinson-canada-webinars\/id1859723530\" \n       target=\"\" \n       class=\"icon-link\">\n  \n    <!-- ICON AFTER \/ BOTTOM -->\n    \n    <!-- SYMBOL -->\n    <div class=\"icon-symbol\" \n      style=\"font-size: 50px\">\n              <i class=\"fa-classic fa-brands fa-apple\" \n             \n              aria-hidden='true' \n             >\n        <\/i>\n          <\/div>\n\n    <!-- ICON BEFORE \/ TOP -->\n            <div class=\"icon-label\">Apple<\/div>\n    \n            <\/a>\n      <\/div>\n<\/div><\/div>\n\n\n\n<div class=\"wp-block-column is-layout-flow wp-block-column-is-layout-flow\" style=\"flex-basis:30%\"><\/div>\n<\/div>\n\n\n\n<div style=\"height:100px\" aria-hidden=\"true\" class=\"wp-block-spacer is-style-responsive-small\"><\/div>\n\n\n\n<div class=\"wp-block-group has-grey-background-color has-background is-layout-constrained wp-block-group-is-layout-constrained\">\n<h3 class=\"wp-block-heading\">Webinaire \u00e0 l&rsquo;affiche (\u00e9v\u00e9nement pass\u00e9) :<\/h3>\n\n\n\n<p>Cette session n&rsquo;est disponible qu&rsquo;en anglais.Featured webinar:<\/p>\n\n\n\n<div style=\"height:15px\" aria-hidden=\"true\" class=\"wp-block-spacer is-style-responsive-xsmall\"><\/div>\n\n\n\n<div class=\"wp-block-columns are-vertically-aligned-top is-layout-flex wp-container-core-columns-is-layout-9d6595d7 wp-block-columns-is-layout-flex\">\n<div class=\"wp-block-column is-vertically-aligned-top is-layout-flow wp-block-column-is-layout-flow\" style=\"flex-basis:30%\">\n<figure class=\"wp-block-image size-full\"><img loading=\"lazy\" decoding=\"async\" width=\"1280\" height=\"720\" src=\"https:\/\/www.parkinson.ca\/wp-content\/uploads\/2026\/01\/March-2026-webinar-Social.png\" alt=\"\" class=\"wp-image-56446\" srcset=\"https:\/\/www.parkinson.ca\/wp-content\/uploads\/2026\/01\/March-2026-webinar-Social.png 1280w, https:\/\/www.parkinson.ca\/wp-content\/uploads\/2026\/01\/March-2026-webinar-Social-300x169.png 300w, https:\/\/www.parkinson.ca\/wp-content\/uploads\/2026\/01\/March-2026-webinar-Social-1024x576.png 1024w, https:\/\/www.parkinson.ca\/wp-content\/uploads\/2026\/01\/March-2026-webinar-Social-768x432.png 768w, https:\/\/www.parkinson.ca\/wp-content\/uploads\/2026\/01\/March-2026-webinar-Social-426x240.png 426w, https:\/\/www.parkinson.ca\/wp-content\/uploads\/2026\/01\/March-2026-webinar-Social-50x28.png 50w, https:\/\/www.parkinson.ca\/wp-content\/uploads\/2026\/01\/March-2026-webinar-Social-100x56.png 100w\" sizes=\"auto, (max-width: 1280px) 100vw, 1280px\" \/><\/figure>\n\n\n\n<div style=\"height:100px\" aria-hidden=\"true\" class=\"wp-block-spacer is-style-responsive-xsmall\"><\/div>\n\n\n\n<div class='custom-link '>\n            <div style='width: 30%; height: 3px; background-color: var(--color--accent);'><\/div>\n    <\/div>\n\n\n<div style=\"height:17px\" aria-hidden=\"true\" class=\"wp-block-spacer is-style-responsive-xsmall\"><\/div>\n\n\n\n<p><strong><strong>Mercredi 18 mars 2026&nbsp;<\/strong><\/strong><\/p>\n\n\n\n<p><strong>2 to 3 p.m. ET<\/strong><\/p>\n\n\n\n<div class=\"wp-block-buttons is-layout-flex wp-block-buttons-is-layout-flex\">\n<div class=\"wp-block-button\"><a class=\"wp-block-button__link wp-element-button\" href=\"https:\/\/www.youtube.com\/watch?v=tZf9MrjIqjw\" target=\"_blank\" rel=\"noreferrer noopener\">Regardez l&rsquo;enregistrement<\/a><\/div>\n<\/div>\n<\/div>\n\n\n\n<div class=\"wp-block-column is-layout-flow wp-block-column-is-layout-flow\" style=\"flex-basis:60%\">\n<h4 class=\"wp-block-heading\"><strong><strong><strong><strong><strong><strong>Les femmes et la maladie de Parkinson : faire entendre notre voix pour le changement<\/strong><\/strong><\/strong><\/strong><\/strong><\/strong><\/h4>\n\n\n\n<p>Inscrivez-vous \u00e0 notre webinaire \u00ab Les femmes et la maladie de Parkinson : faire entendre notre voix pour le changement \u00bb, qui aura lieu le mercredi 18 mars de 14 h \u00e0 15 h (heure de l&rsquo;Est). La Dre Veronica Bruno y abordera la mani\u00e8re dont les femmes atteintes de la maladie de Parkinson vivent les sympt\u00f4mes diff\u00e9remment des hommes, les obstacles aux soins et aux options de traitement, les ressources et les outils \u00e0 la disposition des femmes, ainsi que la mani\u00e8re de militer pour de meilleurs soins et une meilleure recherche sur les femmes atteintes de la maladie de Parkinson. L&rsquo;auteure canadienne de renom Kathy Page se joindra \u00e9galement \u00e0 nous pour partager son parcours personnel avec la maladie de Parkinson, si \u00e9loquemment d\u00e9crit dans son livre, In This Faulty Machine: A Memoir of Loss and Transformation, <a href=\"https:\/\/www.penguinrandomhouse.ca\/books\/788772\/in-this-faulty-machine-by-kathy-page\/9781037800887\" target=\"_blank\" rel=\"noopener\" title=\"\">disponible ici<\/a>.<\/p>\n<\/div>\n<\/div>\n<\/div>\n\n\n\n<div style=\"height:100px\" aria-hidden=\"true\" class=\"wp-block-spacer is-style-responsive-small\"><\/div>\n\n\n\n<div class=\"wp-block-group is-layout-constrained wp-block-group-is-layout-constrained\">\n<div class=\"wp-block-columns is-layout-flex wp-container-core-columns-is-layout-9d6595d7 wp-block-columns-is-layout-flex\">\n<div class=\"wp-block-column is-layout-flow wp-block-column-is-layout-flow\">\n<h2 class=\"wp-block-heading has-large-font-size\"><strong>Derniers t\u00e9l\u00e9chargements<\/strong> <\/h2>\n\n\n\n<p>Disponible en Anglais seulement<\/p>\n<\/div>\n\n\n\n<div class=\"wp-block-column is-layout-flow wp-block-column-is-layout-flow\"><\/div>\n\n\n\n<div class=\"wp-block-column is-layout-flow wp-block-column-is-layout-flow\">\n\n<div class=\"link-group-block horizontal\">\n    <div class=\"acf-innerblocks-container\">\n\n    <div class='icon-link is-style-arrow'>\n        <a  href='https:\/\/www.youtube.com\/@ParkinsonCanada'\n                    >\n            Voir les t\u00e9l\u00e9chargements        <\/a>\n    <\/div>\n\n<\/div>\n<\/div><\/div>\n<\/div>\n\n\n\n<div class=\"wp-block-columns is-layout-flex wp-container-core-columns-is-layout-9d6595d7 wp-block-columns-is-layout-flex\">\n<div class=\"wp-block-column is-vertically-aligned-center is-layout-flow wp-block-column-is-layout-flow\" style=\"flex-basis:33.33%\">\n<figure class=\"wp-block-image size-large\"><img loading=\"lazy\" decoding=\"async\" width=\"1024\" height=\"576\" src=\"https:\/\/www.parkinson.ca\/wp-content\/uploads\/2025\/12\/1-speaker-2-1024x576.png\" alt=\"January webinar with Greta Mah\" class=\"wp-image-55938\" style=\"object-fit:cover\" srcset=\"https:\/\/www.parkinson.ca\/wp-content\/uploads\/2025\/12\/1-speaker-2-1024x576.png 1024w, https:\/\/www.parkinson.ca\/wp-content\/uploads\/2025\/12\/1-speaker-2-300x169.png 300w, https:\/\/www.parkinson.ca\/wp-content\/uploads\/2025\/12\/1-speaker-2-768x432.png 768w, https:\/\/www.parkinson.ca\/wp-content\/uploads\/2025\/12\/1-speaker-2-426x240.png 426w, https:\/\/www.parkinson.ca\/wp-content\/uploads\/2025\/12\/1-speaker-2-50x28.png 50w, https:\/\/www.parkinson.ca\/wp-content\/uploads\/2025\/12\/1-speaker-2-100x56.png 100w, https:\/\/www.parkinson.ca\/wp-content\/uploads\/2025\/12\/1-speaker-2.png 1280w\" sizes=\"auto, (max-width: 1024px) 100vw, 1024px\" \/><\/figure>\n\n\n\n<div class=\"wp-block-buttons is-content-justification-center is-layout-flex wp-container-core-buttons-is-layout-16018d1d wp-block-buttons-is-layout-flex\">\n<div class=\"wp-block-button\"><a class=\"wp-block-button__link wp-element-button\" href=\"https:\/\/www.youtube.com\/watch?v=pl4M2qiSRHQ&amp;feature=youtu.be\" target=\"_blank\" rel=\"noreferrer noopener\">Regardez l&rsquo;enregistrement<\/a><\/div>\n<\/div>\n\n\n\n<div class=\"wp-block-buttons is-content-justification-center is-layout-flex wp-container-core-buttons-is-layout-16018d1d wp-block-buttons-is-layout-flex\"><\/div>\n<\/div>\n\n\n\n<div class=\"wp-block-column is-vertically-aligned-top is-layout-flow wp-block-column-is-layout-flow\" style=\"flex-basis:33.33%\">\n<figure class=\"wp-block-image size-full\"><img loading=\"lazy\" decoding=\"async\" width=\"1280\" height=\"720\" src=\"https:\/\/parkinson.ca\/wp-content\/uploads\/2025\/11\/Dec-Webinar-WebSocial.png\" alt=\"\" class=\"wp-image-55746\" srcset=\"https:\/\/www.parkinson.ca\/wp-content\/uploads\/2025\/11\/Dec-Webinar-WebSocial.png 1280w, https:\/\/www.parkinson.ca\/wp-content\/uploads\/2025\/11\/Dec-Webinar-WebSocial-300x169.png 300w, https:\/\/www.parkinson.ca\/wp-content\/uploads\/2025\/11\/Dec-Webinar-WebSocial-1024x576.png 1024w, https:\/\/www.parkinson.ca\/wp-content\/uploads\/2025\/11\/Dec-Webinar-WebSocial-768x432.png 768w, https:\/\/www.parkinson.ca\/wp-content\/uploads\/2025\/11\/Dec-Webinar-WebSocial-426x240.png 426w, https:\/\/www.parkinson.ca\/wp-content\/uploads\/2025\/11\/Dec-Webinar-WebSocial-50x28.png 50w, https:\/\/www.parkinson.ca\/wp-content\/uploads\/2025\/11\/Dec-Webinar-WebSocial-100x56.png 100w\" sizes=\"auto, (max-width: 1280px) 100vw, 1280px\" \/><\/figure>\n\n\n\n<div class=\"wp-block-buttons is-content-justification-center is-layout-flex wp-container-core-buttons-is-layout-16018d1d wp-block-buttons-is-layout-flex\">\n<div class=\"wp-block-button\"><a class=\"wp-block-button__link wp-element-button\" href=\"https:\/\/www.youtube.com\/watch?v=Q1KOALO4aDo\" target=\"_blank\" rel=\"noreferrer noopener\">Regardez l&rsquo;enregistrement<\/a><\/div>\n<\/div>\n<\/div>\n\n\n\n<div class=\"wp-block-column is-vertically-aligned-top is-layout-flow wp-block-column-is-layout-flow\" style=\"flex-basis:33.33%\">\n<figure class=\"wp-block-image size-full\"><img loading=\"lazy\" decoding=\"async\" width=\"1280\" height=\"720\" src=\"https:\/\/parkinson.ca\/wp-content\/uploads\/2025\/11\/November-Webinar-WebSocial-1.png\" alt=\"\" class=\"wp-image-55574\" srcset=\"https:\/\/www.parkinson.ca\/wp-content\/uploads\/2025\/11\/November-Webinar-WebSocial-1.png 1280w, https:\/\/www.parkinson.ca\/wp-content\/uploads\/2025\/11\/November-Webinar-WebSocial-1-300x169.png 300w, https:\/\/www.parkinson.ca\/wp-content\/uploads\/2025\/11\/November-Webinar-WebSocial-1-1024x576.png 1024w, https:\/\/www.parkinson.ca\/wp-content\/uploads\/2025\/11\/November-Webinar-WebSocial-1-768x432.png 768w, https:\/\/www.parkinson.ca\/wp-content\/uploads\/2025\/11\/November-Webinar-WebSocial-1-426x240.png 426w, https:\/\/www.parkinson.ca\/wp-content\/uploads\/2025\/11\/November-Webinar-WebSocial-1-50x28.png 50w, https:\/\/www.parkinson.ca\/wp-content\/uploads\/2025\/11\/November-Webinar-WebSocial-1-100x56.png 100w\" sizes=\"auto, (max-width: 1280px) 100vw, 1280px\" \/><\/figure>\n\n\n\n<div class=\"wp-block-buttons is-content-justification-center is-layout-flex wp-container-core-buttons-is-layout-16018d1d wp-block-buttons-is-layout-flex\">\n<div class=\"wp-block-button\"><a class=\"wp-block-button__link wp-element-button\" href=\"https:\/\/youtu.be\/7X3GyjaKw-E\" target=\"_blank\" rel=\"noreferrer noopener\">Regardez l&rsquo;enregistrement<\/a><\/div>\n<\/div>\n<\/div>\n<\/div>\n<\/div>\n\n\n\n<div style=\"height:100px\" aria-hidden=\"true\" class=\"wp-block-spacer is-style-responsive-small\"><\/div>\n","protected":false},"excerpt":{"rendered":"<p>\u00c9v\u00e9nements communautaires Les \u00e9v\u00e9nements communautaires offrent un espace accueillant pour rencontrer d&rsquo;autres personnes qui comprennent la vie avec la maladie de Parkinson, partager des exp\u00e9riences et \u00e9tablir des liens significatifs. Webinaires Les webinaires \u00e9ducatifs vous permettent de b\u00e9n\u00e9ficier directement des conseils d&rsquo;experts sur des sujets tels que les options de traitement, les mises \u00e0 jour [&hellip;]<\/p>\n","protected":false},"author":107,"featured_media":48482,"parent":44265,"menu_order":8,"comment_status":"closed","ping_status":"closed","template":"","meta":{"_acf_changed":false,"footnotes":""},"class_list":["post-48786","page","type-page","status-publish","has-post-thumbnail","hentry"],"acf":[],"aioseo_notices":[],"_links":{"self":[{"href":"https:\/\/www.parkinson.ca\/fr\/wp-json\/wp\/v2\/pages\/48786","targetHints":{"allow":["GET"]}}],"collection":[{"href":"https:\/\/www.parkinson.ca\/fr\/wp-json\/wp\/v2\/pages"}],"about":[{"href":"https:\/\/www.parkinson.ca\/fr\/wp-json\/wp\/v2\/types\/page"}],"author":[{"embeddable":true,"href":"https:\/\/www.parkinson.ca\/fr\/wp-json\/wp\/v2\/users\/107"}],"replies":[{"embeddable":true,"href":"https:\/\/www.parkinson.ca\/fr\/wp-json\/wp\/v2\/comments?post=48786"}],"version-history":[{"count":37,"href":"https:\/\/www.parkinson.ca\/fr\/wp-json\/wp\/v2\/pages\/48786\/revisions"}],"predecessor-version":[{"id":58575,"href":"https:\/\/www.parkinson.ca\/fr\/wp-json\/wp\/v2\/pages\/48786\/revisions\/58575"}],"up":[{"embeddable":true,"href":"https:\/\/www.parkinson.ca\/fr\/wp-json\/wp\/v2\/pages\/44265"}],"wp:featuredmedia":[{"embeddable":true,"href":"https:\/\/www.parkinson.ca\/fr\/wp-json\/wp\/v2\/media\/48482"}],"wp:attachment":[{"href":"https:\/\/www.parkinson.ca\/fr\/wp-json\/wp\/v2\/media?parent=48786"}],"curies":[{"name":"wp","href":"https:\/\/api.w.org\/{rel}","templated":true}]}}