{"id":48447,"date":"2025-02-10T18:59:58","date_gmt":"2025-02-10T18:59:58","guid":{"rendered":"https:\/\/www.parkinson.ca\/lontario-se-rendra-aux-urnes-le-27-fevrier-2025\/"},"modified":"2025-02-14T17:48:40","modified_gmt":"2025-02-14T17:48:40","slug":"elections-ontratio-2025","status":"publish","type":"page","link":"https:\/\/www.parkinson.ca\/fr\/defense-des-interests\/elections-ontratio-2025\/","title":{"rendered":"L&rsquo;Ontario vote le 27 f\u00e9vrier 2025 !"},"content":{"rendered":"\n<figure class=\"wp-block-image size-full is-style-default\"><img loading=\"lazy\" decoding=\"async\" width=\"890\" height=\"501\" src=\"https:\/\/www.parkinson.ca\/wp-content\/uploads\/2025\/02\/Nova-Scotia-is-heading-to-the-polls-890x501-1.png\" alt=\"\" class=\"wp-image-48440\" srcset=\"https:\/\/www.parkinson.ca\/wp-content\/uploads\/2025\/02\/Nova-Scotia-is-heading-to-the-polls-890x501-1.png 890w, https:\/\/www.parkinson.ca\/wp-content\/uploads\/2025\/02\/Nova-Scotia-is-heading-to-the-polls-890x501-1-300x169.png 300w, https:\/\/www.parkinson.ca\/wp-content\/uploads\/2025\/02\/Nova-Scotia-is-heading-to-the-polls-890x501-1-768x432.png 768w, https:\/\/www.parkinson.ca\/wp-content\/uploads\/2025\/02\/Nova-Scotia-is-heading-to-the-polls-890x501-1-426x240.png 426w\" sizes=\"auto, (max-width: 890px) 100vw, 890px\" \/><\/figure>\n\n\n\n<div style=\"height:100px\" aria-hidden=\"true\" class=\"wp-block-spacer\"><\/div>\n\n\n\n<div class=\"wp-block-group is-layout-constrained wp-block-group-is-layout-constrained\">\n<p>Si vous vivez avec la maladie de Parkinson en Ontario, cette \u00e9lection est une occasion de faire entendre vos besoins. Interpellez vos candidats et demandez-leur de faire de la maladie de Parkinson une priorit\u00e9.&nbsp;<\/p>\n\n\n\n<p><strong>Les faits en bref\u00a0<\/strong><\/p>\n\n\n\n<ul class=\"wp-block-list\">\n<li>Plus de 48 000 Ontariens vivent avec la maladie de Parkinson.&nbsp;<\/li>\n<\/ul>\n\n\n\n<ul class=\"wp-block-list\">\n<li>Les cliniques de troubles du mouvement atteignent leur capacit\u00e9 maximale et n&rsquo;acceptent plus de nouveaux patients.&nbsp;<\/li>\n<\/ul>\n\n\n\n<ul class=\"wp-block-list\">\n<li>Les partenaires de soins des personnes atteintes de la maladie de Parkinson en Ontario font face aux co\u00fbts les plus \u00e9lev\u00e9s avec le moins de soutien financier.&nbsp;<\/li>\n<\/ul>\n\n\n\n<p>Notre communaut\u00e9 m\u00e9rite un meilleur acc\u00e8s aux soins et un soutien financier \u00e9quitable. Il est temps que les dirigeants de Queen\u2019s Park prennent des mesures.&nbsp;<\/p>\n\n\n\n<p><strong>Pourquoi votre vote est important<\/strong>&nbsp;<\/p>\n\n\n\n<p>Votre voix peut influencer des d\u00e9cisions essentielles, notamment :\u00a0<\/p>\n\n\n\n<ul class=\"wp-block-list\">\n<li>L&rsquo;am\u00e9lioration de l&rsquo;acc\u00e8s aux soins sp\u00e9cialis\u00e9s et aux diagnostics pr\u00e9coces.\u00a0<\/li>\n\n\n\n<li>L\u2019introduction d\u2019une allocation mensuelle et d\u2019un meilleur soutien pour les partenaires de soins.\u00a0<\/li>\n\n\n\n<li>Le renforcement des services de r\u00e9pit pour les aidants.\u00a0<\/li>\n<\/ul>\n\n\n\n<p>Ensemble, nous pouvons nous assurer que le prochain gouvernement \u00e9coute et agit.&nbsp;<\/p>\n<\/div>\n\n\n\n<div style=\"height:100px\" aria-hidden=\"true\" class=\"wp-block-spacer is-style-default\"><\/div>\n\n\n\n<div class=\"wp-block-group has-ice-blue-background-color has-background is-layout-constrained wp-block-group-is-layout-constrained\">\n<div class=\"wp-block-columns is-layout-flex wp-container-core-columns-is-layout-9d6595d7 wp-block-columns-is-layout-flex\">\n<div class=\"wp-block-column is-layout-flow wp-block-column-is-layout-flow\" style=\"flex-basis:20%\">\n<h2 class=\"wp-block-heading has-sky-blue-color has-text-color has-link-color wp-elements-fdb32da28a374436adbfaf7b593774ce\">Passez \u00e0 l&rsquo;action<\/h2>\n<\/div>\n\n\n\n<div class=\"wp-block-column is-layout-flow wp-block-column-is-layout-flow\" style=\"flex-basis:80%\">\n<p>T\u00e9l\u00e9chargez notre <strong>trousse d&rsquo;outils pour l&rsquo;\u00e9lection de 2025<\/strong>. Ce guide vous aidera \u00e0 :&nbsp;<\/p>\n\n\n\n<ul class=\"wp-block-list\">\n<li>Dialoguer efficacement avec vos candidats.&nbsp;<\/li>\n<\/ul>\n\n\n\n<ul class=\"wp-block-list\">\n<li>Comprendre les enjeux cl\u00e9s li\u00e9s \u00e0 la maladie de Parkinson en Ontario.&nbsp;<\/li>\n\n\n\n<li>Poser les bonnes questions aux candidats.&nbsp;<\/li>\n<\/ul>\n\n\n\n<div style=\"height:30px\" aria-hidden=\"true\" class=\"wp-block-spacer is-style-responsive-xsmall\"><\/div>\n\n\n\n<div class=\"wp-block-buttons is-layout-flex wp-block-buttons-is-layout-flex\">\n<div class=\"wp-block-button\"><a class=\"wp-block-button__link wp-element-button\" href=\"https:\/\/www.parkinson.ca\/wp-content\/uploads\/2025\/02\/FR-Toolkit-2025-Ontario-Election-1.pdf\"><strong>T\u00e9l\u00e9chargez la trousse maintenant<\/strong>&nbsp;<\/a><\/div>\n<\/div>\n<\/div>\n\n\n\n<div class=\"wp-block-column is-layout-flow wp-block-column-is-layout-flow\"><\/div>\n<\/div>\n<\/div>\n\n\n\n<div style=\"height:100px\" aria-hidden=\"true\" class=\"wp-block-spacer is-style-responsive-xsmall\"><\/div>\n\n\n\n<p>Merci de votre engagement. <strong>Faites entendre votre voix le 27 f\u00e9vrier !<\/strong>&nbsp;<\/p>\n\n\n\n<div style=\"height:100px\" aria-hidden=\"true\" class=\"wp-block-spacer is-style-responsive-small\"><\/div>\n\n\n\n<p><\/p>\n\n\n\n<p><\/p>\n","protected":false},"excerpt":{"rendered":"<p>Si vous vivez avec la maladie de Parkinson en Ontario, cette \u00e9lection est une occasion de faire entendre vos besoins. Interpellez vos candidats et demandez-leur de faire de la maladie de Parkinson une priorit\u00e9.&nbsp; Les faits en bref\u00a0 Notre communaut\u00e9 m\u00e9rite un meilleur acc\u00e8s aux soins et un soutien financier \u00e9quitable. Il est temps que [&hellip;]<\/p>\n","protected":false},"author":90,"featured_media":48441,"parent":44754,"menu_order":0,"comment_status":"closed","ping_status":"closed","template":"","meta":{"_acf_changed":false,"footnotes":""},"class_list":["post-48447","page","type-page","status-publish","has-post-thumbnail","hentry"],"acf":[],"aioseo_notices":[],"_links":{"self":[{"href":"https:\/\/www.parkinson.ca\/fr\/wp-json\/wp\/v2\/pages\/48447","targetHints":{"allow":["GET"]}}],"collection":[{"href":"https:\/\/www.parkinson.ca\/fr\/wp-json\/wp\/v2\/pages"}],"about":[{"href":"https:\/\/www.parkinson.ca\/fr\/wp-json\/wp\/v2\/types\/page"}],"author":[{"embeddable":true,"href":"https:\/\/www.parkinson.ca\/fr\/wp-json\/wp\/v2\/users\/90"}],"replies":[{"embeddable":true,"href":"https:\/\/www.parkinson.ca\/fr\/wp-json\/wp\/v2\/comments?post=48447"}],"version-history":[{"count":12,"href":"https:\/\/www.parkinson.ca\/fr\/wp-json\/wp\/v2\/pages\/48447\/revisions"}],"predecessor-version":[{"id":48978,"href":"https:\/\/www.parkinson.ca\/fr\/wp-json\/wp\/v2\/pages\/48447\/revisions\/48978"}],"up":[{"embeddable":true,"href":"https:\/\/www.parkinson.ca\/fr\/wp-json\/wp\/v2\/pages\/44754"}],"wp:featuredmedia":[{"embeddable":true,"href":"https:\/\/www.parkinson.ca\/fr\/wp-json\/wp\/v2\/media\/48441"}],"wp:attachment":[{"href":"https:\/\/www.parkinson.ca\/fr\/wp-json\/wp\/v2\/media?parent=48447"}],"curies":[{"name":"wp","href":"https:\/\/api.w.org\/{rel}","templated":true}]}}