{"id":47844,"date":"2025-01-21T20:44:31","date_gmt":"2025-01-21T20:44:31","guid":{"rendered":"https:\/\/parkinson.ca\/chaque-victoire-compte-edition-canadienne-telechargement-numerique\/"},"modified":"2026-03-16T17:07:22","modified_gmt":"2026-03-16T17:07:22","slug":"chaque-victoire-compte-edition-canadienne-telechargement-numerique","status":"publish","type":"page","link":"https:\/\/www.parkinson.ca\/fr\/chaque-victoire-compte-edition-canadienne-telechargement-numerique\/","title":{"rendered":"\u00c0 Chaque Victoire\u00ae \u00e9dition canadienne t\u00e9l\u00e9chargement num\u00e9rique"},"content":{"rendered":"\n<div class=\"wp-block-media-text is-stacked-on-mobile has-blue-background-color has-background\" style=\"grid-template-columns:34% auto\"><figure class=\"wp-block-media-text__media\"><img loading=\"lazy\" decoding=\"async\" width=\"785\" height=\"1024\" src=\"https:\/\/www.parkinson.ca\/wp-content\/uploads\/2026\/03\/EVC-preview-image_FR-785x1024.png\" alt=\"\" class=\"wp-image-57965 size-full\" srcset=\"https:\/\/www.parkinson.ca\/wp-content\/uploads\/2026\/03\/EVC-preview-image_FR-785x1024.png 785w, https:\/\/www.parkinson.ca\/wp-content\/uploads\/2026\/03\/EVC-preview-image_FR-230x300.png 230w, https:\/\/www.parkinson.ca\/wp-content\/uploads\/2026\/03\/EVC-preview-image_FR-768x1002.png 768w, https:\/\/www.parkinson.ca\/wp-content\/uploads\/2026\/03\/EVC-preview-image_FR-426x556.png 426w, https:\/\/www.parkinson.ca\/wp-content\/uploads\/2026\/03\/EVC-preview-image_FR-828x1080.png 828w, https:\/\/www.parkinson.ca\/wp-content\/uploads\/2026\/03\/EVC-preview-image_FR-38x50.png 38w, https:\/\/www.parkinson.ca\/wp-content\/uploads\/2026\/03\/EVC-preview-image_FR-77x100.png 77w, https:\/\/www.parkinson.ca\/wp-content\/uploads\/2026\/03\/EVC-preview-image_FR.png 1116w\" sizes=\"auto, (max-width: 785px) 100vw, 785px\" \/><\/figure><div class=\"wp-block-media-text__content\">\n<h2 class=\"wp-block-heading\">Acc\u00e9der \u00e0 la ressource<\/h2>\n\n\n\n<p>D\u00e9couvrez l&rsquo;\u00e9dition canadienne de Chaque victoire compte\u00ae, un guide de confiance con\u00e7u pour vous aider, vous et vos proches, \u00e0 traverser la maladie de Parkinson en toute confiance.<\/p>\n\n\n\n<div class=\"wp-block-buttons is-layout-flex wp-block-buttons-is-layout-flex\">\n<div class=\"wp-block-button\"><a class=\"wp-block-button__link wp-element-button\" href=\"https:\/\/www.parkinson.ca\/wp-content\/uploads\/2025\/07\/EVC-Canada-FR-livre-digital-2025-07-09.pdf\">T\u00e9l\u00e9chargez le PDF (10 MB)<\/a><\/div>\n<\/div>\n<\/div><\/div>\n","protected":false},"excerpt":{"rendered":"","protected":false},"author":90,"featured_media":0,"parent":0,"menu_order":0,"comment_status":"closed","ping_status":"closed","template":"","meta":{"_acf_changed":false,"footnotes":""},"class_list":["post-47844","page","type-page","status-publish","hentry"],"acf":[],"aioseo_notices":[],"_links":{"self":[{"href":"https:\/\/www.parkinson.ca\/fr\/wp-json\/wp\/v2\/pages\/47844","targetHints":{"allow":["GET"]}}],"collection":[{"href":"https:\/\/www.parkinson.ca\/fr\/wp-json\/wp\/v2\/pages"}],"about":[{"href":"https:\/\/www.parkinson.ca\/fr\/wp-json\/wp\/v2\/types\/page"}],"author":[{"embeddable":true,"href":"https:\/\/www.parkinson.ca\/fr\/wp-json\/wp\/v2\/users\/90"}],"replies":[{"embeddable":true,"href":"https:\/\/www.parkinson.ca\/fr\/wp-json\/wp\/v2\/comments?post=47844"}],"version-history":[{"count":5,"href":"https:\/\/www.parkinson.ca\/fr\/wp-json\/wp\/v2\/pages\/47844\/revisions"}],"predecessor-version":[{"id":57969,"href":"https:\/\/www.parkinson.ca\/fr\/wp-json\/wp\/v2\/pages\/47844\/revisions\/57969"}],"wp:attachment":[{"href":"https:\/\/www.parkinson.ca\/fr\/wp-json\/wp\/v2\/media?parent=47844"}],"curies":[{"name":"wp","href":"https:\/\/api.w.org\/{rel}","templated":true}]}}