{"id":47790,"date":"2024-07-05T16:32:36","date_gmt":"2024-07-05T16:32:36","guid":{"rendered":"https:\/\/parkinson.ca\/a-propos-de-nous\/responsabilite\/accessibilite\/"},"modified":"2025-03-06T19:29:47","modified_gmt":"2025-03-06T19:29:47","slug":"accessibilite","status":"publish","type":"page","link":"https:\/\/www.parkinson.ca\/fr\/a-propos-de-nous\/responsabilite\/accessibilite\/","title":{"rendered":"Accessibilit\u00e9"},"content":{"rendered":"\n<div class=\"wp-block-group has-grey-background-color has-background is-layout-constrained wp-block-group-is-layout-constrained\">\n<p>Parkinson Canada soutient la diversit\u00e9, et nous servons des clients ayant des besoins tr\u00e8s vari\u00e9s et des identit\u00e9s diverses. Nous encourageons nos clients \u00e0 nous faire part de leurs besoins particuliers ou de leurs pr\u00e9occupations lors de leur premi\u00e8re rencontre. Les plans sont \u00e9labor\u00e9s en partenariat avec nos clients, ce qui nous permet de nous assurer que nous nous appuyons sur les forces et les besoins de chaque personne. Les besoins linguistiques et de communication de nos clients et de leur famille sont \u00e9galement pris en compte. Si notre personnel n&rsquo;est pas en mesure de r\u00e9pondre aux besoins linguistiques ou culturels, nous faisons appel \u00e0 des ressources ext\u00e9rieures.      <\/p>\n\n\n\n<p>Nous sommes situ\u00e9s au 4211, rue Yonge, bureau 316, Toronto (Ontario) M2P 2A9.<\/p>\n\n\n\n<p>Il est id\u00e9alement situ\u00e9 \u00e0 Toronto, facilement accessible par les transports en commun et accessible aux fauteuils roulants avec de l&rsquo;aide.  <\/p>\n\n\n\n<p>Ces documents ne sont disponibles qu&rsquo;en anglais:<\/p>\n\n\n\n    <div class='icon-link is-style-download'>\n        <a  href='https:\/\/parkinson.ca\/wp-content\/uploads\/2024\/12\/AODA-Accommodations-Accessible-Customer-Service-Policy-and-Procedure-2020.pdf'\n                    >\n            T\u00e9l\u00e9chargez notre proc\u00e9dure et notre politique de service \u00e0 la client\u00e8le accessible en vertu de la loi AODA.        <\/a>\n    <\/div>\n\n\n\n    <div class='icon-link is-style-download'>\n        <a  href='https:\/\/parkinson.ca\/wp-content\/uploads\/Parkinson-Canada-Multi-Year-Accessibility-Plan_2018-2022.pdf'\n                    >\n            T\u00e9l\u00e9chargez notre plan d&rsquo;accessibilit\u00e9 pluriannuel        <\/a>\n    <\/div>\n\n\n\n    <div class='icon-link is-style-download'>\n        <a  href='https:\/\/parkinson.ca\/wp-content\/uploads\/Policy-5.09-AODA-Accessible-Customer-Service-Sept-22-2017.pdf'\n                    >\n            T\u00e9l\u00e9chargez notre politique 5.09-AODA &#8211; Service client\u00e8le accessible&nbsp;        <\/a>\n    <\/div>\n<\/div>\n\n\n\n<div style=\"height:100px\" aria-hidden=\"true\" class=\"wp-block-spacer\"><\/div>\n","protected":false},"excerpt":{"rendered":"<p>Parkinson Canada soutient la diversit\u00e9, et nous servons des clients ayant des besoins tr\u00e8s vari\u00e9s et des identit\u00e9s diverses. Nous encourageons nos clients \u00e0 nous faire part de leurs besoins particuliers ou de leurs pr\u00e9occupations lors de leur premi\u00e8re rencontre. Les plans sont \u00e9labor\u00e9s en partenariat avec nos clients, ce qui nous permet de nous [&hellip;]<\/p>\n","protected":false},"author":107,"featured_media":0,"parent":46179,"menu_order":1,"comment_status":"closed","ping_status":"closed","template":"","meta":{"_acf_changed":false,"footnotes":""},"class_list":["post-47790","page","type-page","status-publish","hentry"],"acf":[],"aioseo_notices":[],"_links":{"self":[{"href":"https:\/\/www.parkinson.ca\/fr\/wp-json\/wp\/v2\/pages\/47790","targetHints":{"allow":["GET"]}}],"collection":[{"href":"https:\/\/www.parkinson.ca\/fr\/wp-json\/wp\/v2\/pages"}],"about":[{"href":"https:\/\/www.parkinson.ca\/fr\/wp-json\/wp\/v2\/types\/page"}],"author":[{"embeddable":true,"href":"https:\/\/www.parkinson.ca\/fr\/wp-json\/wp\/v2\/users\/107"}],"replies":[{"embeddable":true,"href":"https:\/\/www.parkinson.ca\/fr\/wp-json\/wp\/v2\/comments?post=47790"}],"version-history":[{"count":3,"href":"https:\/\/www.parkinson.ca\/fr\/wp-json\/wp\/v2\/pages\/47790\/revisions"}],"predecessor-version":[{"id":50323,"href":"https:\/\/www.parkinson.ca\/fr\/wp-json\/wp\/v2\/pages\/47790\/revisions\/50323"}],"up":[{"embeddable":true,"href":"https:\/\/www.parkinson.ca\/fr\/wp-json\/wp\/v2\/pages\/46179"}],"wp:attachment":[{"href":"https:\/\/www.parkinson.ca\/fr\/wp-json\/wp\/v2\/media?parent=47790"}],"curies":[{"name":"wp","href":"https:\/\/api.w.org\/{rel}","templated":true}]}}