{"id":46709,"date":"2024-07-05T17:13:00","date_gmt":"2024-07-05T17:13:00","guid":{"rendered":"https:\/\/parkinson.ca\/a-propos-de-nous\/"},"modified":"2025-09-23T16:01:14","modified_gmt":"2025-09-23T16:01:14","slug":"a-propos-de-nous","status":"publish","type":"page","link":"https:\/\/www.parkinson.ca\/fr\/a-propos-de-nous\/","title":{"rendered":"\u00c0 propos de nous"},"content":{"rendered":"\n<div class='overflow-image-text'>\n    <div class='editor-content'>\n        <div>\n            <div class='overflow-image-text-content has-background has-blue-background-color'>\n                <div class='inner-blocks'>\n                    <div class=\"acf-innerblocks-container\">\n\n<p class=\"has-medium-font-size\"><strong>Notre mission est claire et ambitieuse :<\/strong><\/p>\n\n\n\n<h2 class=\"wp-block-heading\">Donner aux personnes vivant avec le Parkinson et \u00e0 leurs proches aidants les moyens de s\u2019\u00e9panouir, de faire face avec courage et de trouver l&rsquo;inspiration.<\/h2>\n\n<\/div>\n                    <img loading=\"lazy\" decoding=\"async\" width=\"600\" height=\"500\" src=\"https:\/\/www.parkinson.ca\/wp-content\/uploads\/2024\/10\/About-Us-Header.png\" class=\"overflow-image\" alt=\"\" sizes=\"auto, (min-width: 768px) 50vw, 100vw\" srcset=\"https:\/\/www.parkinson.ca\/wp-content\/uploads\/2024\/10\/About-Us-Header.png 600w, https:\/\/www.parkinson.ca\/wp-content\/uploads\/2024\/10\/About-Us-Header-300x250.png 300w, https:\/\/www.parkinson.ca\/wp-content\/uploads\/2024\/10\/About-Us-Header-426x355.png 426w\" \/>                <\/div>\n            <\/div>\n        <\/div>    \n    <\/div>\n<\/div>\n\n\n<div style=\"height:100px\" aria-hidden=\"true\" class=\"wp-block-spacer is-style-responsive-small\"><\/div>\n\n\n\n<blockquote class=\"wp-block-quote is-layout-flow wp-block-quote-is-layout-flow\">\n<p>Gr\u00e2ce au soutien de la communaut\u00e9, \u00e0 la d\u00e9fense des int\u00e9r\u00eats et \u00e0 la recherche, nous invitons chacun \u00e0 voir le diagnostic non comme une fin, mais comme l\u2019\u00e9tincelle d\u2019un nouveau d\u00e9part.<\/p>\n\n\n\n<div style=\"height:51px\" aria-hidden=\"true\" class=\"wp-block-spacer is-style-responsive-xsmall\"><\/div>\n<\/blockquote>\n\n\n\n<p class=\"has-text-align-center\">Le Parkinson est plus qu\u2019un diagnostic : c\u2019est une r\u00e9alit\u00e9 qui bouleverse la vie de plus de 110 000 personnes au Canada, un chiffre qui pourrait atteindre 150 000 d\u2019ici 2034. Derri\u00e8re ces statistiques, il y a des familles confront\u00e9es \u00e0 un syst\u00e8me de soins fragment\u00e9, \u00e0 des d\u00e9lais d\u2019attente et \u00e0 un acc\u00e8s limit\u00e9 aux services sp\u00e9cialis\u00e9s. Trop souvent, les gens perdent leurs rep\u00e8res, se sentent isol\u00e9s et d\u00e9connect\u00e9s. Ce parcours exige courage, r\u00e9silience et un profond besoin de changement.<\/p>\n\n\n\n<p class=\"has-text-align-center\">Les sympt\u00f4mes du Parkinson peuvent parfois pousser les gens dans l\u2019ombre. Mais \u00e0 Parkinson Canada, nous croyons qu\u2019il est possible de rester dans la lumi\u00e8re, en \u00e9tant soutenus, connect\u00e9s et inspir\u00e9s. Nous aidons les personnes vivant avec le Parkinson \u00e0 retrouver espoir, confiance et qualit\u00e9 de vie. Chaque moment de d\u00e9fi devient une occasion de solidarit\u00e9. Chaque pas en avant devient une preuve de force collective.<\/p>\n\n\n\n<div style=\"height:100px\" aria-hidden=\"true\" class=\"wp-block-spacer is-style-responsive-small\"><\/div>\n\n\n\n<div class='custom-link center'>\n            <div style='width: 50%; height: 3px; background-color: var(--color--accent);'><\/div>\n    <\/div>\n\n\n<div style=\"height:100px\" aria-hidden=\"true\" class=\"wp-block-spacer is-style-responsive-small\"><\/div>\n\n\n\n<div class=\"wp-block-group is-layout-constrained wp-block-group-is-layout-constrained\">\n<div class=\"wp-block-columns is-layout-flex wp-container-core-columns-is-layout-9d6595d7 wp-block-columns-is-layout-flex\">\n<div class=\"wp-block-column is-vertically-aligned-top is-layout-flow wp-block-column-is-layout-flow\">\n<h2 class=\"wp-block-heading has-text-align-center\">Qui nous servons<\/h2>\n\n\n\n<figure class=\"wp-block-image alignleft size-large is-resized\"><img loading=\"lazy\" decoding=\"async\" width=\"1024\" height=\"1024\" src=\"https:\/\/www.parkinson.ca\/wp-content\/uploads\/2025\/03\/About-us-who-we-serve-1-1024x1024.png\" alt=\"\" class=\"wp-image-50387\" style=\"width:344px;height:auto\" srcset=\"https:\/\/www.parkinson.ca\/wp-content\/uploads\/2025\/03\/About-us-who-we-serve-1-1024x1024.png 1024w, https:\/\/www.parkinson.ca\/wp-content\/uploads\/2025\/03\/About-us-who-we-serve-1-300x300.png 300w, https:\/\/www.parkinson.ca\/wp-content\/uploads\/2025\/03\/About-us-who-we-serve-1-150x150.png 150w, https:\/\/www.parkinson.ca\/wp-content\/uploads\/2025\/03\/About-us-who-we-serve-1-768x768.png 768w, https:\/\/www.parkinson.ca\/wp-content\/uploads\/2025\/03\/About-us-who-we-serve-1-426x426.png 426w, https:\/\/www.parkinson.ca\/wp-content\/uploads\/2025\/03\/About-us-who-we-serve-1.png 1080w\" sizes=\"auto, (max-width: 1024px) 100vw, 1024px\" \/><\/figure>\n\n\n\n<div style=\"height:100px\" aria-hidden=\"true\" class=\"wp-block-spacer is-style-responsive-xsmall\"><\/div>\n\n\n\n    <div class='icon-link is-style-default'>\n        <a  href='https:\/\/parkinson.ca\/home\/living-better\/'\n                    >\n            Personnes atteintes de la maladie de Parkinson        <\/a>\n    <\/div>\n\n\n\n<div style=\"height:100px\" aria-hidden=\"true\" class=\"wp-block-spacer is-style-responsive-xsmall\"><\/div>\n\n\n\n    <div class='icon-link is-style-arrow'>\n        <a  href='https:\/\/parkinson.ca\/home\/living-better\/care-partners\/'\n                    >\n            Partenaires de soins et familles        <\/a>\n    <\/div>\n\n\n\n<div style=\"height:100px\" aria-hidden=\"true\" class=\"wp-block-spacer is-style-responsive-xsmall\"><\/div>\n\n\n\n    <div class='icon-link'>\n        <a  href='https:\/\/www.parkinson.ca\/research\/for-researchers\/'\n                    >\n            Professionnels de la sant\u00e9 et chercheurs        <\/a>\n    <\/div>\n<\/div>\n\n\n\n<div class=\"wp-block-column is-vertically-aligned-top is-layout-flow wp-block-column-is-layout-flow\">\n<h2 class=\"wp-block-heading has-text-align-center\">Qui nous sommes<\/h2>\n\n\n\n<figure class=\"wp-block-image alignleft size-large is-resized\"><img loading=\"lazy\" decoding=\"async\" width=\"1024\" height=\"1024\" src=\"https:\/\/www.parkinson.ca\/wp-content\/uploads\/2025\/03\/About-us-who-we-are-1024x1024.png\" alt=\"\" class=\"wp-image-50394\" style=\"width:344px;height:auto\" srcset=\"https:\/\/www.parkinson.ca\/wp-content\/uploads\/2025\/03\/About-us-who-we-are-1024x1024.png 1024w, https:\/\/www.parkinson.ca\/wp-content\/uploads\/2025\/03\/About-us-who-we-are-300x300.png 300w, https:\/\/www.parkinson.ca\/wp-content\/uploads\/2025\/03\/About-us-who-we-are-150x150.png 150w, https:\/\/www.parkinson.ca\/wp-content\/uploads\/2025\/03\/About-us-who-we-are-768x768.png 768w, https:\/\/www.parkinson.ca\/wp-content\/uploads\/2025\/03\/About-us-who-we-are-426x426.png 426w, https:\/\/www.parkinson.ca\/wp-content\/uploads\/2025\/03\/About-us-who-we-are.png 1080w\" sizes=\"auto, (max-width: 1024px) 100vw, 1024px\" \/><\/figure>\n\n\n\n<div style=\"height:100px\" aria-hidden=\"true\" class=\"wp-block-spacer is-style-responsive-xsmall\"><\/div>\n\n\n\n    <div class='icon-link'>\n        <a  href='https:\/\/www.parkinson.ca\/about-us\/leadership-team\/'\n                    >\n            Rencontrez notre \u00e9quipe de direction        <\/a>\n    <\/div>\n\n\n\n<div style=\"height:100px\" aria-hidden=\"true\" class=\"wp-block-spacer is-style-responsive-xsmall\"><\/div>\n\n\n\n    <div class='icon-link is-style-arrow'>\n        <a  href='https:\/\/parkinson.ca\/about-us\/board-of-directors\/'\n                    >\n            Rencontrez notre conseil d&rsquo;administration        <\/a>\n    <\/div>\n\n\n\n<div style=\"height:100px\" aria-hidden=\"true\" class=\"wp-block-spacer is-style-responsive-xsmall\"><\/div>\n\n\n\n    <div class='icon-link'>\n        <a  href='https:\/\/www.parkinson.ca\/about-us\/advisory-council\/'\n                    >\n            Rencontrez notre conseil consultatif sur la maladie de Parkinson        <\/a>\n    <\/div>\n\n\n\n<div style=\"height:100px\" aria-hidden=\"true\" class=\"wp-block-spacer is-style-responsive-xsmall\"><\/div>\n<\/div>\n\n\n\n<div class=\"wp-block-column is-vertically-aligned-top is-layout-flow wp-block-column-is-layout-flow\">\n<h2 class=\"wp-block-heading has-text-align-center\">Ce que nous faisons<\/h2>\n\n\n\n<figure class=\"wp-block-image alignleft size-large is-resized is-style-default\"><img loading=\"lazy\" decoding=\"async\" width=\"1024\" height=\"1024\" src=\"https:\/\/www.parkinson.ca\/wp-content\/uploads\/2025\/03\/About-us-what-we-do-1024x1024.png\" alt=\"\" class=\"wp-image-50398\" style=\"width:344px;height:auto\" srcset=\"https:\/\/www.parkinson.ca\/wp-content\/uploads\/2025\/03\/About-us-what-we-do-1024x1024.png 1024w, https:\/\/www.parkinson.ca\/wp-content\/uploads\/2025\/03\/About-us-what-we-do-300x300.png 300w, https:\/\/www.parkinson.ca\/wp-content\/uploads\/2025\/03\/About-us-what-we-do-150x150.png 150w, https:\/\/www.parkinson.ca\/wp-content\/uploads\/2025\/03\/About-us-what-we-do-768x768.png 768w, https:\/\/www.parkinson.ca\/wp-content\/uploads\/2025\/03\/About-us-what-we-do-426x426.png 426w, https:\/\/www.parkinson.ca\/wp-content\/uploads\/2025\/03\/About-us-what-we-do.png 1080w\" sizes=\"auto, (max-width: 1024px) 100vw, 1024px\" \/><\/figure>\n\n\n\n<div style=\"height:100px\" aria-hidden=\"true\" class=\"wp-block-spacer is-style-responsive-xsmall\"><\/div>\n\n\n\n    <div class='icon-link is-style-arrow'>\n        <a  href='https:\/\/parkinson.ca\/about-us\/mission-vision-values\/'\n                    >\n            Notre mission, notre vision, nos valeurs        <\/a>\n    <\/div>\n\n\n\n<div style=\"height:100px\" aria-hidden=\"true\" class=\"wp-block-spacer is-style-responsive-xsmall\"><\/div>\n\n\n\n    <div class='icon-link is-style-arrow'>\n        <a  href='https:\/\/parkinson.ca\/about-us\/strategic-plan\/'\n                    >\n            Plan strat\u00e9gique        <\/a>\n    <\/div>\n\n\n\n<div style=\"height:100px\" aria-hidden=\"true\" class=\"wp-block-spacer is-style-responsive-xsmall\"><\/div>\n\n\n\n    <div class='icon-link'>\n        <a  href='https:\/\/parkinson.ca\/about-us\/accountabililty\/'\n                    >\n            Notre responsabilit\u00e9 envers vous        <\/a>\n    <\/div>\n<\/div>\n<\/div>\n<\/div>\n\n\n\n<div style=\"height:100px\" aria-hidden=\"true\" class=\"wp-block-spacer no-display-mobile\"><\/div>\n\n\n\n<div class=\"wp-block-media-text is-stacked-on-mobile has-blue-background-color has-background\"><figure class=\"wp-block-media-text__media\"><img loading=\"lazy\" decoding=\"async\" width=\"1024\" height=\"683\" src=\"https:\/\/www.parkinson.ca\/wp-content\/uploads\/2025\/01\/nonresident-nizUHtSIrKM-unsplash-1024x683.jpg\" alt=\"\" class=\"wp-image-45978 size-full\" srcset=\"https:\/\/www.parkinson.ca\/wp-content\/uploads\/2025\/01\/nonresident-nizUHtSIrKM-unsplash-1024x683.jpg 1024w, https:\/\/www.parkinson.ca\/wp-content\/uploads\/2025\/01\/nonresident-nizUHtSIrKM-unsplash-300x200.jpg 300w, https:\/\/www.parkinson.ca\/wp-content\/uploads\/2025\/01\/nonresident-nizUHtSIrKM-unsplash-768x512.jpg 768w, https:\/\/www.parkinson.ca\/wp-content\/uploads\/2025\/01\/nonresident-nizUHtSIrKM-unsplash-426x284.jpg 426w, https:\/\/www.parkinson.ca\/wp-content\/uploads\/2025\/01\/nonresident-nizUHtSIrKM-unsplash-1620x1080.jpg 1620w\" sizes=\"auto, (max-width: 1024px) 100vw, 1024px\" \/><\/figure><div class=\"wp-block-media-text__content\">\n<h2 class=\"wp-block-heading\">Nous rejoindre<\/h2>\n\n\n\n<div class=\"wp-block-columns is-layout-flex wp-container-core-columns-is-layout-9d6595d7 wp-block-columns-is-layout-flex\">\n<div class=\"wp-block-column has-base-color has-text-color has-link-color wp-elements-ecdd60e24b47bef402c7500789d7c68f is-layout-flow wp-block-column-is-layout-flow\">\n\n<div class=\"icon-block wp-elements-376d948e561d7735a8c046de29bae734 text-lefthas-large\" >\n  <div class=\"icon icon-position-before\">\n  \n      <a href=\"https:\/\/www.parkinson.ca\/about-us\/contact-us\/\" \n       target=\"\" \n       class=\"icon-link\">\n  \n    <!-- ICON AFTER \/ BOTTOM -->\n    \n    <!-- SYMBOL -->\n    <div class=\"icon-symbol has-text-color has-base-color\" \n      style=\"font-size: 25px\">\n              <i class=\"fa-classic fa-solid fa-phone\" \n             \n              aria-hidden='true' \n             >\n        <\/i>\n          <\/div>\n\n    <!-- ICON BEFORE \/ TOP -->\n            <div class=\"icon-label\">Contactez nous<\/div>\n    \n            <\/a>\n      <\/div>\n<\/div>\n\n\n\n<div class=\"icon-block wp-elements-aed258a98ce445d0570ff7951561e719 text-lefthas-large\" >\n  <div class=\"icon icon-position-before\">\n  \n      <a href=\"https:\/\/www.parkinson.ca\/about-us\/media\/\" \n       target=\"\" \n       class=\"icon-link\">\n  \n    <!-- ICON AFTER \/ BOTTOM -->\n    \n    <!-- SYMBOL -->\n    <div class=\"icon-symbol has-text-color has-base-color\" \n      style=\"font-size: 25px\">\n              <i class=\"fa-classic fa-solid fa-camera\" \n             \n              aria-hidden='true' \n             >\n        <\/i>\n          <\/div>\n\n    <!-- ICON BEFORE \/ TOP -->\n            <div class=\"icon-label\">Salle de presse<\/div>\n    \n            <\/a>\n      <\/div>\n<\/div>\n\n\n\n<div class=\"icon-block wp-elements-feda4e1e0abac0c267535a9df33e2f55 text-lefthas-large\" >\n  <div class=\"icon icon-position-before\">\n  \n      <a href=\"https:\/\/www.parkinson.ca\/resources\/support-line\/\" \n       target=\"\" \n       class=\"icon-link\">\n  \n    <!-- ICON AFTER \/ BOTTOM -->\n    \n    <!-- SYMBOL -->\n    <div class=\"icon-symbol has-text-color has-base-color\" \n      style=\"font-size: 25px\">\n              <i class=\"fa-classic fa-solid fa-people-arrows\" \n             \n              aria-hidden='true' \n             >\n        <\/i>\n          <\/div>\n\n    <!-- ICON BEFORE \/ TOP -->\n            <div class=\"icon-label\">Ligne d&rsquo;assistance<\/div>\n    \n            <\/a>\n      <\/div>\n<\/div><\/div>\n<\/div>\n<\/div><\/div>\n\n\n\n<div style=\"height:100px\" aria-hidden=\"true\" class=\"wp-block-spacer\"><\/div>\n\n\n\n<div class=\"wp-block-columns alignfull has-blue-background-color has-background is-layout-flex wp-container-core-columns-is-layout-9d6595d7 wp-block-columns-is-layout-flex\">\n<div class=\"wp-block-column is-layout-flow wp-block-column-is-layout-flow\" style=\"flex-basis:25%\"><\/div>\n\n\n\n<div class=\"wp-block-column is-layout-flow wp-block-column-is-layout-flow\" style=\"flex-basis:50%\">\n<div style=\"height:100px\" aria-hidden=\"true\" class=\"wp-block-spacer is-style-responsive-medium\"><\/div>\n\n\n\n<h2 class=\"wp-block-heading has-text-align-center has-ice-blue-color has-text-color\">Participez<\/h2>\n\n\n\n<p class=\"has-text-align-center\">Votre participation fait toute la diff\u00e9rence. Que vous fassiez un don, que vous soyez b\u00e9n\u00e9vole, que vous participiez \u00e0 la recherche ou que vous preniez part \u00e0 nos efforts de sensibilisation, vous contribuez \u00e0 b\u00e2tir un avenir meilleur pour les personnes touch\u00e9es par la maladie de Parkinson. Ensemble, nous pouvons cr\u00e9er un changement significatif.<\/p>\n\n\n\n<div class=\"wp-block-buttons is-content-justification-center is-layout-flex wp-container-core-buttons-is-layout-16018d1d wp-block-buttons-is-layout-flex\">\n<div class=\"wp-block-button\"><a class=\"wp-block-button__link wp-element-button\" href=\"https:\/\/parkinson.ca\/get-involved\/\">Fa\u00e7ons de donner<\/a><\/div>\n<\/div>\n\n\n\n<div style=\"height:100px\" aria-hidden=\"true\" class=\"wp-block-spacer is-style-responsive-medium\"><\/div>\n<\/div>\n\n\n\n<div class=\"wp-block-column is-layout-flow wp-block-column-is-layout-flow\" style=\"flex-basis:25%\"><\/div>\n<\/div>\n\n\n\n<div style=\"height:100px\" aria-hidden=\"true\" class=\"wp-block-spacer\"><\/div>\n\n\n\n<div class=\"wp-block-group alignfull has-grey-background-color has-background is-layout-constrained wp-block-group-is-layout-constrained\">\n<div class=\"wp-block-media-text is-stacked-on-mobile has-grey-background-color has-background\" style=\"grid-template-columns:52% auto\"><figure class=\"wp-block-media-text__media\"><img loading=\"lazy\" decoding=\"async\" width=\"1024\" height=\"768\" src=\"https:\/\/parkinson.ca\/wp-content\/uploads\/2025\/01\/nick-morrison-FHnnjk1Yj7Y-unsplash-1024x768.jpg\" alt=\"\" class=\"wp-image-45840 size-full\" srcset=\"https:\/\/www.parkinson.ca\/wp-content\/uploads\/2025\/01\/nick-morrison-FHnnjk1Yj7Y-unsplash-1024x768.jpg 1024w, https:\/\/www.parkinson.ca\/wp-content\/uploads\/2025\/01\/nick-morrison-FHnnjk1Yj7Y-unsplash-300x225.jpg 300w, https:\/\/www.parkinson.ca\/wp-content\/uploads\/2025\/01\/nick-morrison-FHnnjk1Yj7Y-unsplash-768x576.jpg 768w, https:\/\/www.parkinson.ca\/wp-content\/uploads\/2025\/01\/nick-morrison-FHnnjk1Yj7Y-unsplash-426x320.jpg 426w, https:\/\/www.parkinson.ca\/wp-content\/uploads\/2025\/01\/nick-morrison-FHnnjk1Yj7Y-unsplash-1440x1080.jpg 1440w\" sizes=\"auto, (max-width: 1024px) 100vw, 1024px\" \/><\/figure><div class=\"wp-block-media-text__content\">\n<h2 class=\"wp-block-heading\">Restez inform\u00e9<\/h2>\n\n\n\n<p>Pour mieux vivre avec la maladie de Parkinson, il est essentiel de rester inform\u00e9. Abonnez-vous ici pour recevoir des nouvelles sur nos ressources, nos activit\u00e9s et les occasions de vous impliquer \u00e0 l\u2019\u00e9chelle locale et nationale.<\/p>\n\n\n\n<div class=\"wp-block-buttons is-layout-flex wp-block-buttons-is-layout-flex\">\n<div class=\"wp-block-button\"><a class=\"wp-block-button__link wp-element-button\">Inscrivez-vous pour recevoir nos mises \u00e0 jour<\/a><\/div>\n<\/div>\n<\/div><\/div>\n<\/div>\n","protected":false},"excerpt":{"rendered":"<p>Le Parkinson est plus qu\u2019un diagnostic : c\u2019est une r\u00e9alit\u00e9 qui bouleverse la vie de plus de 110 000 personnes au Canada, un chiffre qui pourrait atteindre 150 000 d\u2019ici 2034. Derri\u00e8re ces statistiques, il y a des familles confront\u00e9es \u00e0 un syst\u00e8me de soins fragment\u00e9, \u00e0 des d\u00e9lais d\u2019attente et \u00e0 un acc\u00e8s limit\u00e9 [&hellip;]<\/p>\n","protected":false},"author":107,"featured_media":44966,"parent":0,"menu_order":0,"comment_status":"closed","ping_status":"closed","template":"","meta":{"_acf_changed":false,"footnotes":""},"class_list":["post-46709","page","type-page","status-publish","has-post-thumbnail","hentry"],"acf":[],"aioseo_notices":[],"_links":{"self":[{"href":"https:\/\/www.parkinson.ca\/fr\/wp-json\/wp\/v2\/pages\/46709","targetHints":{"allow":["GET"]}}],"collection":[{"href":"https:\/\/www.parkinson.ca\/fr\/wp-json\/wp\/v2\/pages"}],"about":[{"href":"https:\/\/www.parkinson.ca\/fr\/wp-json\/wp\/v2\/types\/page"}],"author":[{"embeddable":true,"href":"https:\/\/www.parkinson.ca\/fr\/wp-json\/wp\/v2\/users\/107"}],"replies":[{"embeddable":true,"href":"https:\/\/www.parkinson.ca\/fr\/wp-json\/wp\/v2\/comments?post=46709"}],"version-history":[{"count":21,"href":"https:\/\/www.parkinson.ca\/fr\/wp-json\/wp\/v2\/pages\/46709\/revisions"}],"predecessor-version":[{"id":54429,"href":"https:\/\/www.parkinson.ca\/fr\/wp-json\/wp\/v2\/pages\/46709\/revisions\/54429"}],"wp:featuredmedia":[{"embeddable":true,"href":"https:\/\/www.parkinson.ca\/fr\/wp-json\/wp\/v2\/media\/44966"}],"wp:attachment":[{"href":"https:\/\/www.parkinson.ca\/fr\/wp-json\/wp\/v2\/media?parent=46709"}],"curies":[{"name":"wp","href":"https:\/\/api.w.org\/{rel}","templated":true}]}}