{"id":46217,"date":"2025-01-17T22:52:39","date_gmt":"2025-01-17T22:52:39","guid":{"rendered":"https:\/\/parkinson.ca\/objectifs-de-la-recherche\/"},"modified":"2025-02-07T18:58:49","modified_gmt":"2025-02-07T18:58:49","slug":"objectifs-de-la-recherche","status":"publish","type":"page","link":"https:\/\/www.parkinson.ca\/fr\/recherche\/objectifs-de-la-recherche\/","title":{"rendered":"Objectifs de la recherche"},"content":{"rendered":"\n<p><strong>Focus sur le programme de recherche de Parkinson Canada  <\/strong><\/p>\n\n\n\n<p>Le programme de recherche de Parkinson Canada se concentre sur le financement de chercheurs en d\u00e9but de carri\u00e8re pour les aider \u00e0 lancer une carri\u00e8re dans la recherche sur la maladie de Parkinson, sur les bourses cliniques pour am\u00e9liorer l&rsquo;acc\u00e8s aux soins en augmentant le nombre de sp\u00e9cialistes qualifi\u00e9s et sur les id\u00e9es nouvelles et in\u00e9dites qui, autrement, n&rsquo;auraient pas pu voir le jour. Guid\u00e9 par un processus approfondi d&rsquo;\u00e9valuation par les pairs men\u00e9 par notre Conseil consultatif scientifique, le programme de recherche investit dans la recherche canadienne innovante men\u00e9e par des chercheurs \u00e9tablis et prometteurs.  Depuis 1981, le programme national de recherche Parkinson Canada a investi plus de 31 millions de dollars dans le financement de projets :  <\/p>\n\n\n\n<ul class=\"wp-block-list\">\n<li>Recherche canadienne innovante men\u00e9e par des chercheurs confirm\u00e9s et prometteurs.  <\/li>\n<\/ul>\n\n\n\n<ul class=\"wp-block-list\">\n<li>Recherche au stade de la d\u00e9couverte, o\u00f9 les chercheurs testent de nouvelles th\u00e9ories et explorent de nouvelles pistes prometteuses.  <\/li>\n<\/ul>\n\n\n\n<ul class=\"wp-block-list\">\n<li>Des chercheurs en d\u00e9but de carri\u00e8re afin d&rsquo;encourager la prochaine g\u00e9n\u00e9ration de scientifiques sp\u00e9cialis\u00e9s dans la maladie de Parkinson.  <\/li>\n<\/ul>\n\n\n\n<ul class=\"wp-block-list\">\n<li>Une recherche novatrice pour renforcer les capacit\u00e9s, promouvoir la cr\u00e9ativit\u00e9 et faire participer davantage de chercheurs.  <\/li>\n<\/ul>\n\n\n\n<ul class=\"wp-block-list\">\n<li>Plus de 600 prix, bourses et subventions qui nous permettent d&rsquo;en savoir plus sur le diagnostic et le traitement de la maladie de Parkinson.<\/li>\n<\/ul>\n\n\n\n\n<div class=\"link-group-block horizontal\">\n    <div class=\"acf-innerblocks-container\">\n\n    <div class='icon-link is-style-download'>\n        <a  href='https:\/\/www.parkinson.ca\/wp-content\/uploads\/Programme_Nationale_de_Recherche_2014_FR_final_approved.pdf'\n                    >\n            T\u00e9l\u00e9chargez un aper\u00e7u du programme de recherche        <\/a>\n    <\/div>\n\n<\/div>\n<\/div>\n\n\n<div style=\"height:100px\" aria-hidden=\"true\" class=\"wp-block-spacer\"><\/div>\n\n\n\n<h3 class=\"wp-block-heading\"><strong>Financement de la recherche<\/strong><\/h3>\n\n\n\n<p>Le soutien financier de particuliers, d&rsquo;entreprises et de fondations rend possible le programme de recherche de Parkinson Canada. Le financement du programme de recherche de Parkinson Canada est assur\u00e9 par Parkinson Canada, nos partenaires r\u00e9gionaux et nos partenaires de recherche dans tout le pays. Ensemble, les donateurs et les chercheurs s&rsquo;associent pour alimenter l&rsquo;innovation en mati\u00e8re de recherche, notamment :    <\/p>\n\n\n\n<ul class=\"wp-block-list\">\n<li>Trouver de meilleurs traitements pour en savoir plus sur les causes, l&rsquo;\u00e9volution et les complications de la maladie de Parkinson. Am\u00e9liorer la qualit\u00e9 de vie des personnes atteintes de la maladie de Parkinson et de leurs familles afin qu&rsquo;elles puissent vivre pleinement leur vie, malgr\u00e9 les difficult\u00e9s li\u00e9es \u00e0 cette maladie. Ce domaine de recherche couvre une vari\u00e9t\u00e9 de disciplines telles que les soins infirmiers, l&rsquo;ergoth\u00e9rapie, l&rsquo;orthophonie et le travail social.    <\/li>\n<\/ul>\n\n\n\n<ul class=\"wp-block-list\">\n<li>le renforcement des capacit\u00e9s de la prochaine g\u00e9n\u00e9ration de chercheurs canadiens. Nous finan\u00e7ons \u00e9galement la formation sp\u00e9cialis\u00e9e des m\u00e9decins au diagnostic et \u00e0 la prise en charge de la maladie et d&rsquo;autres troubles du mouvement, afin qu&rsquo;il y ait davantage de sp\u00e9cialistes de la maladie de Parkinson pour fournir des soins de haute qualit\u00e9.   <\/li>\n<\/ul>\n\n\n\n<ul class=\"wp-block-list\">\n<li>Contribuer \u00e0 l&rsquo;\u00e9chelle internationale \u00e0 la compr\u00e9hension collective de cette maladie complexe et \u00e0 la recherche mondiale d&rsquo;un traitement. Les investissements continus dans la recherche permettront de faire d&rsquo;autres d\u00e9couvertes qui changeront des vies et nous rapprocheront d&rsquo;un monde sans maladie de Parkinson.   <\/li>\n<\/ul>\n\n\n\n<ul class=\"wp-block-list\">\n<li>La recherche sur les troubles connexes, tels que l&rsquo;atrophie multisyst\u00e9mique (AMS), la paralysie supranucl\u00e9aire progressive (PSP) et d&rsquo;autres maladies de Parkinson, est \u00e9galement financ\u00e9e par le programme de recherche de Parkinson Canada.  <\/li>\n<\/ul>\n\n\n\n<div style=\"height:100px\" aria-hidden=\"true\" class=\"wp-block-spacer\"><\/div>\n\n\n\n<div class=\"wp-block-group has-grey-background-color has-background is-layout-constrained wp-block-group-is-layout-constrained\">\n<h3 class=\"wp-block-heading\"><strong>Conseil consultatif scientifique (CCS)<\/strong><\/h3>\n\n\n\n<p>Le Conseil consultatif scientifique est un groupe d&rsquo;experts b\u00e9n\u00e9voles qui examine les demandes de financement afin de d\u00e9terminer l&rsquo;excellence scientifique et la pertinence par rapport \u00e0 la maladie de Parkinson, fournissant ainsi une \u00e9valuation objective de la plus haute qualit\u00e9. Chaque ann\u00e9e, le CCS re\u00e7oit environ 100 demandes et consacre plus d&rsquo;un million de dollars \u00e0 de nouveaux financements, ce qui permet \u00e0 de nombreuses id\u00e9es novatrices de voir le jour, mais en laisse d&rsquo;autres, plus int\u00e9ressantes, sans financement. La prochaine perc\u00e9e pourrait se trouver dans l&rsquo;une des demandes non financ\u00e9es.    <\/p>\n\n\n\n<div style=\"height:100px\" aria-hidden=\"true\" class=\"wp-block-spacer is-style-responsive-xsmall\"><\/div>\n\n\n\n<ul class=\"wp-block-list\">\n<li><strong>Louis-\u00c9ric Trudeau<\/strong>, pr\u00e9sident &#8211; Professeur de pharmacologie, de physiologie et de neurosciences, Universit\u00e9 de Montr\u00e9al ; directeur du groupe de recherche sur la signalisation et les circuits neuronaux (NCS)<\/li>\n\n\n\n<li><strong>Silke Appel-Cresswell<\/strong> &#8211; Professeur associ\u00e9 de m\u00e9decine\/neurologie, Universit\u00e9 de la Colombie-Britannique ; clinicienne scientifique, Centre de recherche sur la maladie de Parkinson du Pacifique et Centre Djavad Mowafghian pour la sant\u00e9 c\u00e9r\u00e9brale<\/li>\n\n\n\n<li><strong>Dr. Fang Ba<\/strong> &#8211; Professeur associ\u00e9 de neurologie et directeur du programme sur la maladie de Parkinson et les troubles du mouvement, Universit\u00e9 de l&rsquo;Alberta<\/li>\n\n\n\n<li><strong>Dr. Robert Chen<\/strong> &#8211; Professeur de m\u00e9decine (neurologie), Universit\u00e9 de Toronto ; scientifique principal, Krembil Research Institute<\/li>\n\n\n\n<li><strong>Dr Ziv Gan-Or<\/strong> &#8211; Professeur agr\u00e9g\u00e9 de neurosciences, directeur ex\u00e9cutif de l&rsquo;unit\u00e9 de recherche clinique et chef du groupe de recherche sur les troubles neurod\u00e9g\u00e9n\u00e9ratifs, Institut neurologique de Montr\u00e9al<\/li>\n\n\n\n<li><strong>\u00c9tienne H\u00e9bert-Chatelain<\/strong> &#8211; Professeur agr\u00e9g\u00e9 de biologie, Universit\u00e9 de Moncton ; Chaire de recherche du Canada en signalisation et physiopathologie mitochondriales<\/li>\n\n\n\n<li><strong>Connie Marras <\/strong>&#8211; Professeur de neurologie, Universit\u00e9 de Toronto ; clinicienne scientifique, Krembil Research Institute<\/li>\n\n\n\n<li><strong>Mario Masellis<\/strong> &#8211; Professeur de m\u00e9decine (neurologie), Universit\u00e9 de Toronto ; clinicien-chercheur, Sunnybrook Research Institute<\/li>\n\n\n\n<li><strong>Caroline Paquette<\/strong> &#8211; Professeure agr\u00e9g\u00e9e de kin\u00e9siologie et d&rsquo;\u00e9ducation physique et directrice du laboratoire de contr\u00f4le de la locomotion par le cerveau humain (HBCL), Universit\u00e9 McGill<\/li>\n\n\n\n<li><strong>Jean-Fran\u00e7ois Trempe<\/strong> &#8211; Professeur agr\u00e9g\u00e9 de pharmacologie et de th\u00e9rapeutique et chercheur au programme de r\u00e9paration du cerveau et de neurosciences int\u00e9gratives (BRaIN), Universit\u00e9 McGill<\/li>\n\n\n\n<li><strong>Dr. Joel Watts<\/strong> &#8211; Professeur associ\u00e9 de biochimie et chercheur principal au Tanz Centre for Research in Neurodegenerative Diseases (Centre de recherche sur les maladies neurod\u00e9g\u00e9n\u00e9ratives), Universit\u00e9 de Toronto<\/li>\n<\/ul>\n<\/div>\n\n\n\n<div style=\"height:100px\" aria-hidden=\"true\" class=\"wp-block-spacer\"><\/div>\n","protected":false},"excerpt":{"rendered":"<p>Focus sur le programme de recherche de Parkinson Canada Le programme de recherche de Parkinson Canada se concentre sur le financement de chercheurs en d\u00e9but de carri\u00e8re pour les aider \u00e0 lancer une carri\u00e8re dans la recherche sur la maladie de Parkinson, sur les bourses cliniques pour am\u00e9liorer l&rsquo;acc\u00e8s aux soins en augmentant le nombre [&hellip;]<\/p>\n","protected":false},"author":107,"featured_media":0,"parent":46120,"menu_order":0,"comment_status":"closed","ping_status":"closed","template":"","meta":{"_acf_changed":false,"footnotes":""},"class_list":["post-46217","page","type-page","status-publish","hentry"],"acf":[],"aioseo_notices":[],"_links":{"self":[{"href":"https:\/\/www.parkinson.ca\/fr\/wp-json\/wp\/v2\/pages\/46217","targetHints":{"allow":["GET"]}}],"collection":[{"href":"https:\/\/www.parkinson.ca\/fr\/wp-json\/wp\/v2\/pages"}],"about":[{"href":"https:\/\/www.parkinson.ca\/fr\/wp-json\/wp\/v2\/types\/page"}],"author":[{"embeddable":true,"href":"https:\/\/www.parkinson.ca\/fr\/wp-json\/wp\/v2\/users\/107"}],"replies":[{"embeddable":true,"href":"https:\/\/www.parkinson.ca\/fr\/wp-json\/wp\/v2\/comments?post=46217"}],"version-history":[{"count":4,"href":"https:\/\/www.parkinson.ca\/fr\/wp-json\/wp\/v2\/pages\/46217\/revisions"}],"predecessor-version":[{"id":48392,"href":"https:\/\/www.parkinson.ca\/fr\/wp-json\/wp\/v2\/pages\/46217\/revisions\/48392"}],"up":[{"embeddable":true,"href":"https:\/\/www.parkinson.ca\/fr\/wp-json\/wp\/v2\/pages\/46120"}],"wp:attachment":[{"href":"https:\/\/www.parkinson.ca\/fr\/wp-json\/wp\/v2\/media?parent=46217"}],"curies":[{"name":"wp","href":"https:\/\/api.w.org\/{rel}","templated":true}]}}