{"id":46190,"date":"2024-07-05T16:04:33","date_gmt":"2024-07-05T16:04:33","guid":{"rendered":"https:\/\/parkinson.ca\/conseil-consultatif\/"},"modified":"2026-01-05T18:02:07","modified_gmt":"2026-01-05T18:02:07","slug":"conseil-consultatif","status":"publish","type":"page","link":"https:\/\/www.parkinson.ca\/fr\/a-propos-de-nous\/conseil-consultatif\/","title":{"rendered":"Conseil consultatif de la maladie de Parkinson"},"content":{"rendered":"\n<div class=\"wp-block-group is-layout-constrained wp-block-group-is-layout-constrained\">\n<p>Le Conseil consultatif de la maladie de Parkinson (CCP) contribue \u00e0 <a href=\"https:\/\/www.parkinson.ca\/fr\/a-propos-de-nous\/mission-vision-valeurs\/\">notre mission<\/a> en veillant \u00e0 ce que la voix des personnes touch\u00e9es par la maladie de Parkinson soit int\u00e9gr\u00e9e dans tout ce que nous faisons.  <\/p>\n\n\n\n<p>Le CCP est une repr\u00e9sentation diversifi\u00e9e et inclusive de personnes diagnostiqu\u00e9es avec la maladie de Parkinson, de partenaires de soins, de membres de la famille et d&rsquo;autres personnes ayant une exp\u00e9rience v\u00e9cue, provenant d&rsquo;un large \u00e9ventail de milieux et repr\u00e9sentant divers genres, expertises, niveaux socio-\u00e9conomiques et d\u00e9mographies culturelles.  <\/p>\n\n\n\n<p>Pour prendre contact avec le CCP, envoyez un courriel \u00e0 <a href=\"mailto:pac@parkinson.ca\" target=\"_blank\" rel=\"noreferrer noopener\">pac@parkinson.ca<\/a>.<\/p>\n\n\n\n<div style=\"height:100px\" aria-hidden=\"true\" class=\"wp-block-spacer is-style-responsive-xsmall\"><\/div>\n<\/div>\n\n\n\n<div class=\"wp-block-group is-layout-constrained wp-block-group-is-layout-constrained\">\n<h3 class=\"wp-block-heading\">Objectif<\/h3>\n\n\n\n<ul class=\"wp-block-list\">\n<li>Conseiller et faire des recommandations au directeur g\u00e9n\u00e9ral sur les programmes cl\u00e9s et les d\u00e9cisions strat\u00e9giques qui r\u00e9pondent aux besoins non satisfaits des personnes atteintes de la maladie de Parkinson.  <\/li>\n<\/ul>\n\n\n\n<ul class=\"wp-block-list\">\n<li>Informer la strat\u00e9gie d&rsquo;engagement des patients de Parkinson Canada  <\/li>\n<\/ul>\n\n\n\n<ul class=\"wp-block-list\">\n<li>Promouvoir l&rsquo;int\u00e9gration des perspectives des personnes vivant avec la maladie de Parkinson dans tous les domaines d&rsquo;activit\u00e9 de Parkinson Canada.  <\/li>\n<\/ul>\n\n\n\n<ul class=\"wp-block-list\">\n<li>D\u00e9fendre la vision, la mission et les initiatives de Parkinson Canada aupr\u00e8s de la communaut\u00e9 Parkinson \u00e0 travers le Canada.  <\/li>\n<\/ul>\n\n\n\n<ul class=\"wp-block-list\">\n<li>Repr\u00e9senter le CCP dans d&rsquo;autres comit\u00e9s internes afin de garantir la coh\u00e9rence et de faciliter l&rsquo;\u00e9change de connaissances.  <\/li>\n<\/ul>\n<\/div>\n\n\n\n<div style=\"height:100px\" aria-hidden=\"true\" class=\"wp-block-spacer is-style-responsive-xsmall\"><\/div>\n\n\n\n<h3 class=\"wp-block-heading\">Les membres<\/h3>\n\n\n\n<div class=\"wp-block-columns are-vertically-aligned-center is-layout-flex wp-container-core-columns-is-layout-9d6595d7 wp-block-columns-is-layout-flex\">\n<div class=\"wp-block-column is-vertically-aligned-center is-layout-flow wp-block-column-is-layout-flow\">\n<figure class=\"wp-block-image aligncenter size-large is-resized is-style-rounded\"><img loading=\"lazy\" decoding=\"async\" width=\"700\" height=\"700\" src=\"https:\/\/parkinson.ca\/wp-content\/uploads\/Liz-Lowewen-Peter-Istvan-Photography-3-700x700.jpg\" alt=\"Liz Lowewen souriante sur un clich\u00e9 de t\u00eate\" class=\"wp-image-37077\" style=\"width:340px\" srcset=\"https:\/\/www.parkinson.ca\/wp-content\/uploads\/Liz-Lowewen-Peter-Istvan-Photography-3-700x700.jpg 700w, https:\/\/www.parkinson.ca\/wp-content\/uploads\/Liz-Lowewen-Peter-Istvan-Photography-3-300x300.jpg 300w, https:\/\/www.parkinson.ca\/wp-content\/uploads\/Liz-Lowewen-Peter-Istvan-Photography-3-150x150.jpg 150w, https:\/\/www.parkinson.ca\/wp-content\/uploads\/Liz-Lowewen-Peter-Istvan-Photography-3-768x768.jpg 768w, https:\/\/www.parkinson.ca\/wp-content\/uploads\/Liz-Lowewen-Peter-Istvan-Photography-3-1536x1536.jpg 1536w, https:\/\/www.parkinson.ca\/wp-content\/uploads\/Liz-Lowewen-Peter-Istvan-Photography-3-2048x2048.jpg 2048w, https:\/\/www.parkinson.ca\/wp-content\/uploads\/Liz-Lowewen-Peter-Istvan-Photography-3-100x100.jpg 100w, https:\/\/www.parkinson.ca\/wp-content\/uploads\/Liz-Lowewen-Peter-Istvan-Photography-3-890x890.jpg 890w, https:\/\/www.parkinson.ca\/wp-content\/uploads\/Liz-Lowewen-Peter-Istvan-Photography-3-1264x1264.jpg 1264w\" sizes=\"auto, (max-width: 700px) 100vw, 700px\" \/><\/figure>\n\n\n\n<h4 class=\"wp-block-heading has-text-align-center\"><a data-type=\"link\" data-id=\"https:\/\/parkinson.ca\/profile\/liz-loewen-vice-chair\/\" href=\"https:\/\/parkinson.ca\/profile\/liz-loewen-vice-chair\/\">Liz Loewen (Pr\u00e9sidente)<\/a><\/h4>\n\n\n\n<p class=\"has-text-align-center\">Manitoba  <\/p>\n<\/div>\n\n\n\n<div class=\"wp-block-column is-vertically-aligned-center is-layout-flow wp-block-column-is-layout-flow\">\n<figure class=\"wp-block-image aligncenter size-full is-resized is-style-rounded\"><img loading=\"lazy\" decoding=\"async\" width=\"832\" height=\"1248\" src=\"https:\/\/www.parkinson.ca\/wp-content\/uploads\/2024\/11\/Bob-de-Wit-head-shot.png\" alt=\"\" class=\"wp-image-55973\" style=\"object-fit:cover;width:340px;height:340px\" srcset=\"https:\/\/www.parkinson.ca\/wp-content\/uploads\/2024\/11\/Bob-de-Wit-head-shot.png 832w, https:\/\/www.parkinson.ca\/wp-content\/uploads\/2024\/11\/Bob-de-Wit-head-shot-200x300.png 200w, https:\/\/www.parkinson.ca\/wp-content\/uploads\/2024\/11\/Bob-de-Wit-head-shot-683x1024.png 683w, https:\/\/www.parkinson.ca\/wp-content\/uploads\/2024\/11\/Bob-de-Wit-head-shot-768x1152.png 768w, https:\/\/www.parkinson.ca\/wp-content\/uploads\/2024\/11\/Bob-de-Wit-head-shot-426x639.png 426w, https:\/\/www.parkinson.ca\/wp-content\/uploads\/2024\/11\/Bob-de-Wit-head-shot-720x1080.png 720w, https:\/\/www.parkinson.ca\/wp-content\/uploads\/2024\/11\/Bob-de-Wit-head-shot-33x50.png 33w, https:\/\/www.parkinson.ca\/wp-content\/uploads\/2024\/11\/Bob-de-Wit-head-shot-67x100.png 67w\" sizes=\"auto, (max-width: 832px) 100vw, 832px\" \/><\/figure>\n\n\n\n<h4 class=\"wp-block-heading has-text-align-center\"><a href=\"https:\/\/parkinson.ca\/profile\/bob-de-wit\/\">Bob de Wit<\/a><a data-type=\"link\" data-id=\"https:\/\/parkinson.ca\/profile\/liz-loewen-vice-chair\/\" href=\"https:\/\/parkinson.ca\/profile\/liz-loewen-vice-chair\/\"> (Vice-pr\u00e9sident)<\/a> <\/h4>\n\n\n\n<p class=\"has-text-align-center\">Colombie-Britannique  <\/p>\n<\/div>\n\n\n\n<div class=\"wp-block-column is-vertically-aligned-center is-layout-flow wp-block-column-is-layout-flow\">\n<figure class=\"wp-block-image aligncenter size-large is-resized is-style-rounded\"><img loading=\"lazy\" decoding=\"async\" width=\"700\" height=\"700\" src=\"https:\/\/parkinson.ca\/wp-content\/uploads\/Brendan-McGlynn-Peter-Istvan-Photography-Parry-Sound3-700x700.jpg\" alt=\"Brendan McGlynn\" class=\"wp-image-41147\" style=\"width:340px\" srcset=\"https:\/\/www.parkinson.ca\/wp-content\/uploads\/Brendan-McGlynn-Peter-Istvan-Photography-Parry-Sound3-700x700.jpg 700w, https:\/\/www.parkinson.ca\/wp-content\/uploads\/Brendan-McGlynn-Peter-Istvan-Photography-Parry-Sound3-300x300.jpg 300w, https:\/\/www.parkinson.ca\/wp-content\/uploads\/Brendan-McGlynn-Peter-Istvan-Photography-Parry-Sound3-150x150.jpg 150w, https:\/\/www.parkinson.ca\/wp-content\/uploads\/Brendan-McGlynn-Peter-Istvan-Photography-Parry-Sound3-768x768.jpg 768w, https:\/\/www.parkinson.ca\/wp-content\/uploads\/Brendan-McGlynn-Peter-Istvan-Photography-Parry-Sound3-1536x1536.jpg 1536w, https:\/\/www.parkinson.ca\/wp-content\/uploads\/Brendan-McGlynn-Peter-Istvan-Photography-Parry-Sound3-2048x2048.jpg 2048w, https:\/\/www.parkinson.ca\/wp-content\/uploads\/Brendan-McGlynn-Peter-Istvan-Photography-Parry-Sound3-100x100.jpg 100w, https:\/\/www.parkinson.ca\/wp-content\/uploads\/Brendan-McGlynn-Peter-Istvan-Photography-Parry-Sound3-890x890.jpg 890w, https:\/\/www.parkinson.ca\/wp-content\/uploads\/Brendan-McGlynn-Peter-Istvan-Photography-Parry-Sound3-1264x1264.jpg 1264w\" sizes=\"auto, (max-width: 700px) 100vw, 700px\" \/><\/figure>\n\n\n\n<h4 class=\"wp-block-heading has-text-align-center\"><a href=\"https:\/\/parkinson.ca\/profile\/brendan-mcglynn\/\" target=\"_blank\" rel=\"noreferrer noopener\">Brendan McGlynn<\/a><\/h4>\n\n\n\n<p class=\"has-text-align-center\">Alberta  <\/p>\n<\/div>\n<\/div>\n\n\n\n<div class=\"wp-block-columns are-vertically-aligned-center is-layout-flex wp-container-core-columns-is-layout-9d6595d7 wp-block-columns-is-layout-flex\">\n<div class=\"wp-block-column is-vertically-aligned-center is-layout-flow wp-block-column-is-layout-flow\">\n<figure class=\"wp-block-image aligncenter size-large is-resized is-style-rounded\"><img loading=\"lazy\" decoding=\"async\" width=\"700\" height=\"700\" src=\"https:\/\/parkinson.ca\/wp-content\/uploads\/Caroline-Thonton-Peter-Istvan-Photography-3-700x700.jpg\" alt=\"Caroline Thonton sourit sur un clich\u00e9 de t\u00eate\" class=\"wp-image-37064\" style=\"width:340px\"\/><\/figure>\n\n\n\n<h4 class=\"wp-block-heading has-text-align-center\"><a href=\"https:\/\/parkinson.ca\/profile\/caroline-thornton\/\">Caroline Thornton<\/a><\/h4>\n\n\n\n<p class=\"has-text-align-center\">Ontario  <\/p>\n<\/div>\n\n\n\n<div class=\"wp-block-column is-vertically-aligned-center is-layout-flow wp-block-column-is-layout-flow\">\n<figure class=\"wp-block-image aligncenter size-full is-resized is-style-rounded\"><img loading=\"lazy\" decoding=\"async\" width=\"640\" height=\"640\" src=\"https:\/\/parkinson.ca\/wp-content\/uploads\/chuck-bridge-profile-image.jpg\" alt=\"Chuck Bridge souriant sur un clich\u00e9\" class=\"wp-image-37067\" style=\"width:340px;height:auto\" srcset=\"https:\/\/www.parkinson.ca\/wp-content\/uploads\/chuck-bridge-profile-image.jpg 640w, https:\/\/www.parkinson.ca\/wp-content\/uploads\/chuck-bridge-profile-image-300x300.jpg 300w, https:\/\/www.parkinson.ca\/wp-content\/uploads\/chuck-bridge-profile-image-150x150.jpg 150w, https:\/\/www.parkinson.ca\/wp-content\/uploads\/chuck-bridge-profile-image-100x100.jpg 100w\" sizes=\"auto, (max-width: 640px) 100vw, 640px\" \/><\/figure>\n\n\n\n<h5 class=\"wp-block-heading has-text-align-center\"><a href=\"https:\/\/parkinson.ca\/profile\/chuck-bridges\/\">Chuck Bridges<\/a><\/h5>\n\n\n\n<p class=\"has-text-align-center\">Nouvelle-\u00c9cosse  <\/p>\n<\/div>\n\n\n\n<div class=\"wp-block-column is-vertically-aligned-center is-layout-flow wp-block-column-is-layout-flow\">\n<figure class=\"wp-block-image size-large is-resized is-style-rounded\"><img loading=\"lazy\" decoding=\"async\" width=\"700\" height=\"700\" src=\"https:\/\/parkinson.ca\/wp-content\/uploads\/Doug-Edmond-Peter-Istvan-Photography-Parry-Sound3-700x700.jpg\" alt=\"\" class=\"wp-image-41018\" style=\"width:340px\" srcset=\"https:\/\/www.parkinson.ca\/wp-content\/uploads\/Doug-Edmond-Peter-Istvan-Photography-Parry-Sound3-700x700.jpg 700w, https:\/\/www.parkinson.ca\/wp-content\/uploads\/Doug-Edmond-Peter-Istvan-Photography-Parry-Sound3-300x300.jpg 300w, https:\/\/www.parkinson.ca\/wp-content\/uploads\/Doug-Edmond-Peter-Istvan-Photography-Parry-Sound3-150x150.jpg 150w, https:\/\/www.parkinson.ca\/wp-content\/uploads\/Doug-Edmond-Peter-Istvan-Photography-Parry-Sound3-768x768.jpg 768w, https:\/\/www.parkinson.ca\/wp-content\/uploads\/Doug-Edmond-Peter-Istvan-Photography-Parry-Sound3-1536x1536.jpg 1536w, https:\/\/www.parkinson.ca\/wp-content\/uploads\/Doug-Edmond-Peter-Istvan-Photography-Parry-Sound3-2048x2048.jpg 2048w, https:\/\/www.parkinson.ca\/wp-content\/uploads\/Doug-Edmond-Peter-Istvan-Photography-Parry-Sound3-100x100.jpg 100w, https:\/\/www.parkinson.ca\/wp-content\/uploads\/Doug-Edmond-Peter-Istvan-Photography-Parry-Sound3-890x890.jpg 890w, https:\/\/www.parkinson.ca\/wp-content\/uploads\/Doug-Edmond-Peter-Istvan-Photography-Parry-Sound3-1264x1264.jpg 1264w\" sizes=\"auto, (max-width: 700px) 100vw, 700px\" \/><\/figure>\n\n\n\n<h4 class=\"wp-block-heading has-text-align-center\"><a href=\"https:\/\/parkinson.ca\/profile\/doug-edmond\/\">Doug Edmond  <\/a><\/h4>\n\n\n\n<p class=\"has-text-align-center\">Manitoba  <\/p>\n<\/div>\n<\/div>\n\n\n\n<div class=\"wp-block-columns are-vertically-aligned-center is-layout-flex wp-container-core-columns-is-layout-9d6595d7 wp-block-columns-is-layout-flex\">\n<div class=\"wp-block-column is-vertically-aligned-center is-layout-flow wp-block-column-is-layout-flow\">\n<figure class=\"wp-block-image size-large is-resized is-style-rounded\"><img loading=\"lazy\" decoding=\"async\" width=\"700\" height=\"700\" src=\"https:\/\/parkinson.ca\/wp-content\/uploads\/Glenda-Doucet-Boudreau-headshot-700x700.jpg\" alt=\"Glenda Doucet-Boudreau\" class=\"wp-image-41351\" style=\"width:340px\" srcset=\"https:\/\/www.parkinson.ca\/wp-content\/uploads\/Glenda-Doucet-Boudreau-headshot-700x700.jpg 700w, https:\/\/www.parkinson.ca\/wp-content\/uploads\/Glenda-Doucet-Boudreau-headshot-300x300.jpg 300w, https:\/\/www.parkinson.ca\/wp-content\/uploads\/Glenda-Doucet-Boudreau-headshot-150x150.jpg 150w, https:\/\/www.parkinson.ca\/wp-content\/uploads\/Glenda-Doucet-Boudreau-headshot-768x767.jpg 768w, https:\/\/www.parkinson.ca\/wp-content\/uploads\/Glenda-Doucet-Boudreau-headshot-100x100.jpg 100w, https:\/\/www.parkinson.ca\/wp-content\/uploads\/Glenda-Doucet-Boudreau-headshot-890x889.jpg 890w, https:\/\/www.parkinson.ca\/wp-content\/uploads\/Glenda-Doucet-Boudreau-headshot-1264x1262.jpg 1264w, https:\/\/www.parkinson.ca\/wp-content\/uploads\/Glenda-Doucet-Boudreau-headshot.jpg 1348w\" sizes=\"auto, (max-width: 700px) 100vw, 700px\" \/><\/figure>\n\n\n\n<h4 class=\"wp-block-heading has-text-align-center\"><a href=\"https:\/\/parkinson.ca\/profile\/glenda-doucet-boudreau\/\">Glenda Doucet-Boudreau  <\/a><\/h4>\n\n\n\n<p class=\"has-text-align-center\">Nouvelle-\u00c9cosse  <\/p>\n<\/div>\n\n\n\n<div class=\"wp-block-column is-vertically-aligned-center is-layout-flow wp-block-column-is-layout-flow\">\n<figure class=\"wp-block-image size-large is-resized is-style-rounded\"><img loading=\"lazy\" decoding=\"async\" width=\"700\" height=\"700\" src=\"https:\/\/parkinson.ca\/wp-content\/uploads\/Jon-Affleck-Peter-Istvan-Photography-Parry-Sound3-700x700.jpg\" alt=\"Jon-Affleck\" class=\"wp-image-41145\" style=\"width:340px\" srcset=\"https:\/\/www.parkinson.ca\/wp-content\/uploads\/Jon-Affleck-Peter-Istvan-Photography-Parry-Sound3-700x700.jpg 700w, https:\/\/www.parkinson.ca\/wp-content\/uploads\/Jon-Affleck-Peter-Istvan-Photography-Parry-Sound3-300x300.jpg 300w, https:\/\/www.parkinson.ca\/wp-content\/uploads\/Jon-Affleck-Peter-Istvan-Photography-Parry-Sound3-150x150.jpg 150w, https:\/\/www.parkinson.ca\/wp-content\/uploads\/Jon-Affleck-Peter-Istvan-Photography-Parry-Sound3-768x768.jpg 768w, https:\/\/www.parkinson.ca\/wp-content\/uploads\/Jon-Affleck-Peter-Istvan-Photography-Parry-Sound3-1536x1536.jpg 1536w, https:\/\/www.parkinson.ca\/wp-content\/uploads\/Jon-Affleck-Peter-Istvan-Photography-Parry-Sound3-2048x2048.jpg 2048w, https:\/\/www.parkinson.ca\/wp-content\/uploads\/Jon-Affleck-Peter-Istvan-Photography-Parry-Sound3-100x100.jpg 100w, https:\/\/www.parkinson.ca\/wp-content\/uploads\/Jon-Affleck-Peter-Istvan-Photography-Parry-Sound3-890x890.jpg 890w, https:\/\/www.parkinson.ca\/wp-content\/uploads\/Jon-Affleck-Peter-Istvan-Photography-Parry-Sound3-1264x1264.jpg 1264w\" sizes=\"auto, (max-width: 700px) 100vw, 700px\" \/><\/figure>\n\n\n\n<h4 class=\"wp-block-heading has-text-align-center\"><a href=\"https:\/\/parkinson.ca\/profile\/jon-affleck\/\">Jon Affleck<\/a><\/h4>\n\n\n\n<p class=\"has-text-align-center\">Ontario  <\/p>\n<\/div>\n\n\n\n<div class=\"wp-block-column is-vertically-aligned-center is-layout-flow wp-block-column-is-layout-flow\">\n<figure class=\"wp-block-image size-full is-resized is-style-rounded\"><img loading=\"lazy\" decoding=\"async\" width=\"1707\" height=\"1707\" src=\"https:\/\/www.parkinson.ca\/wp-content\/uploads\/2025\/02\/BEAVER-2023-9-scaled-e1739465840906.jpg\" alt=\"\" class=\"wp-image-48771\" style=\"width:340px\" srcset=\"https:\/\/www.parkinson.ca\/wp-content\/uploads\/2025\/02\/BEAVER-2023-9-scaled-e1739465840906.jpg 1707w, https:\/\/www.parkinson.ca\/wp-content\/uploads\/2025\/02\/BEAVER-2023-9-scaled-e1739465840906-300x300.jpg 300w, https:\/\/www.parkinson.ca\/wp-content\/uploads\/2025\/02\/BEAVER-2023-9-scaled-e1739465840906-1024x1024.jpg 1024w, https:\/\/www.parkinson.ca\/wp-content\/uploads\/2025\/02\/BEAVER-2023-9-scaled-e1739465840906-150x150.jpg 150w, https:\/\/www.parkinson.ca\/wp-content\/uploads\/2025\/02\/BEAVER-2023-9-scaled-e1739465840906-768x768.jpg 768w, https:\/\/www.parkinson.ca\/wp-content\/uploads\/2025\/02\/BEAVER-2023-9-scaled-e1739465840906-426x426.jpg 426w, https:\/\/www.parkinson.ca\/wp-content\/uploads\/2025\/02\/BEAVER-2023-9-scaled-e1739465840906-1080x1080.jpg 1080w\" sizes=\"auto, (max-width: 1707px) 100vw, 1707px\" \/><\/figure>\n\n\n\n<h4 class=\"wp-block-heading has-text-align-center\"><a href=\"https:\/\/parkinson.ca\/profile\/li-jiang\/\">Li Jiang<\/a><\/h4>\n\n\n\n<p class=\"has-text-align-center\">Ontario  <\/p>\n<\/div>\n<\/div>\n\n\n\n<div class=\"wp-block-columns are-vertically-aligned-center is-layout-flex wp-container-core-columns-is-layout-9d6595d7 wp-block-columns-is-layout-flex\">\n<div class=\"wp-block-column is-vertically-aligned-center is-layout-flow wp-block-column-is-layout-flow\">\n<figure class=\"wp-block-image size-large is-resized is-style-rounded\"><img loading=\"lazy\" decoding=\"async\" width=\"700\" height=\"700\" src=\"https:\/\/parkinson.ca\/wp-content\/uploads\/Mona-Baumgarten-e1695918291972-700x700.jpg\" alt=\"Mona Baumgarten sourit sur un clich\u00e9 de t\u00eate\" class=\"wp-image-37087\" style=\"width:340px\" srcset=\"https:\/\/www.parkinson.ca\/wp-content\/uploads\/Mona-Baumgarten-e1695918291972-700x700.jpg 700w, https:\/\/www.parkinson.ca\/wp-content\/uploads\/Mona-Baumgarten-e1695918291972-300x300.jpg 300w, https:\/\/www.parkinson.ca\/wp-content\/uploads\/Mona-Baumgarten-e1695918291972-150x150.jpg 150w, https:\/\/www.parkinson.ca\/wp-content\/uploads\/Mona-Baumgarten-e1695918291972-768x768.jpg 768w, https:\/\/www.parkinson.ca\/wp-content\/uploads\/Mona-Baumgarten-e1695918291972-100x100.jpg 100w, https:\/\/www.parkinson.ca\/wp-content\/uploads\/Mona-Baumgarten-e1695918291972-890x890.jpg 890w, https:\/\/www.parkinson.ca\/wp-content\/uploads\/Mona-Baumgarten-e1695918291972.jpg 999w\" sizes=\"auto, (max-width: 700px) 100vw, 700px\" \/><\/figure>\n\n\n\n<h4 class=\"wp-block-heading has-text-align-center\"><a href=\"https:\/\/parkinson.ca\/profile\/mona-baumgarten\/\" data-type=\"profile\" data-id=\"47696\" target=\"_blank\" rel=\"noreferrer noopener\">Mona Baumgarten<\/a> <\/h4>\n\n\n\n<p class=\"has-text-align-center\">Qu\u00e9bec  <\/p>\n<\/div>\n\n\n\n<div class=\"wp-block-column is-vertically-aligned-center is-layout-flow wp-block-column-is-layout-flow\">\n<figure class=\"wp-block-image aligncenter size-full is-resized is-style-rounded\"><img loading=\"lazy\" decoding=\"async\" width=\"750\" height=\"750\" src=\"https:\/\/www.parkinson.ca\/wp-content\/uploads\/2025\/03\/Brian_Kellys-Wedding-Photo.jpeg\" alt=\"\" class=\"wp-image-50648\" style=\"width:340px\" srcset=\"https:\/\/www.parkinson.ca\/wp-content\/uploads\/2025\/03\/Brian_Kellys-Wedding-Photo.jpeg 750w, https:\/\/www.parkinson.ca\/wp-content\/uploads\/2025\/03\/Brian_Kellys-Wedding-Photo-300x300.jpeg 300w, https:\/\/www.parkinson.ca\/wp-content\/uploads\/2025\/03\/Brian_Kellys-Wedding-Photo-150x150.jpeg 150w, https:\/\/www.parkinson.ca\/wp-content\/uploads\/2025\/03\/Brian_Kellys-Wedding-Photo-426x426.jpeg 426w\" sizes=\"auto, (max-width: 750px) 100vw, 750px\" \/><\/figure>\n\n\n\n<h4 class=\"wp-block-heading has-text-align-center\"><a href=\"https:\/\/www.parkinson.ca\/profile\/brian-campkin\/\" title=\"Brian Campkin\">Brian Campkin<\/a><\/h4>\n\n\n\n<p class=\"has-text-align-center\">Ontario<\/p>\n<\/div>\n\n\n\n<div class=\"wp-block-column is-vertically-aligned-center is-layout-flow wp-block-column-is-layout-flow\">\n<figure class=\"wp-block-image aligncenter size-full is-resized is-style-rounded\"><img loading=\"lazy\" decoding=\"async\" width=\"600\" height=\"600\" src=\"https:\/\/parkinson.ca\/wp-content\/uploads\/Brock-Carlton.png\" alt=\"Brock Carlton\" class=\"wp-image-39782\" style=\"width:340px\" srcset=\"https:\/\/www.parkinson.ca\/wp-content\/uploads\/Brock-Carlton.png 600w, https:\/\/www.parkinson.ca\/wp-content\/uploads\/Brock-Carlton-300x300.png 300w, https:\/\/www.parkinson.ca\/wp-content\/uploads\/Brock-Carlton-150x150.png 150w, https:\/\/www.parkinson.ca\/wp-content\/uploads\/Brock-Carlton-100x100.png 100w\" sizes=\"auto, (max-width: 600px) 100vw, 600px\" \/><\/figure>\n\n\n\n<h4 class=\"wp-block-heading has-text-align-center\"><a href=\"https:\/\/parkinson.ca\/profile\/brock-carlton\/\">Brock Carlton<\/a><\/h4>\n\n\n\n<p class=\"has-text-align-center\">Ontario  <\/p>\n<\/div>\n<\/div>\n\n\n\n<div class=\"wp-block-columns are-vertically-aligned-center is-layout-flex wp-container-core-columns-is-layout-9d6595d7 wp-block-columns-is-layout-flex\">\n<div class=\"wp-block-column is-vertically-aligned-center is-layout-flow wp-block-column-is-layout-flow\">\n<figure class=\"wp-block-image aligncenter size-full is-resized is-style-rounded\"><img loading=\"lazy\" decoding=\"async\" width=\"1080\" height=\"1080\" src=\"https:\/\/www.parkinson.ca\/wp-content\/uploads\/2025\/03\/Kelly-Orban.png\" alt=\"\" class=\"wp-image-50662\" style=\"width:340px\" srcset=\"https:\/\/www.parkinson.ca\/wp-content\/uploads\/2025\/03\/Kelly-Orban.png 1080w, https:\/\/www.parkinson.ca\/wp-content\/uploads\/2025\/03\/Kelly-Orban-300x300.png 300w, https:\/\/www.parkinson.ca\/wp-content\/uploads\/2025\/03\/Kelly-Orban-1024x1024.png 1024w, https:\/\/www.parkinson.ca\/wp-content\/uploads\/2025\/03\/Kelly-Orban-150x150.png 150w, https:\/\/www.parkinson.ca\/wp-content\/uploads\/2025\/03\/Kelly-Orban-768x768.png 768w, https:\/\/www.parkinson.ca\/wp-content\/uploads\/2025\/03\/Kelly-Orban-426x426.png 426w\" sizes=\"auto, (max-width: 1080px) 100vw, 1080px\" \/><\/figure>\n\n\n\n<h5 class=\"wp-block-heading has-text-align-center\"><a href=\"https:\/\/www.parkinson.ca\/profile\/kelly-orban\/\" title=\"Kelly Orban\">Kelly Orban<\/a><\/h5>\n\n\n\n<p class=\"has-text-align-center\">Saskatchewan<\/p>\n<\/div>\n\n\n\n<div class=\"wp-block-column is-vertically-aligned-center is-layout-flow wp-block-column-is-layout-flow\">\n<figure class=\"wp-block-image aligncenter size-full is-resized is-style-rounded\"><img loading=\"lazy\" decoding=\"async\" width=\"1080\" height=\"1080\" src=\"https:\/\/www.parkinson.ca\/wp-content\/uploads\/2025\/03\/Sarah-Hoyles.png\" alt=\"\" class=\"wp-image-50664\" style=\"width:331px;height:auto\" srcset=\"https:\/\/www.parkinson.ca\/wp-content\/uploads\/2025\/03\/Sarah-Hoyles.png 1080w, https:\/\/www.parkinson.ca\/wp-content\/uploads\/2025\/03\/Sarah-Hoyles-300x300.png 300w, https:\/\/www.parkinson.ca\/wp-content\/uploads\/2025\/03\/Sarah-Hoyles-1024x1024.png 1024w, https:\/\/www.parkinson.ca\/wp-content\/uploads\/2025\/03\/Sarah-Hoyles-150x150.png 150w, https:\/\/www.parkinson.ca\/wp-content\/uploads\/2025\/03\/Sarah-Hoyles-768x768.png 768w, https:\/\/www.parkinson.ca\/wp-content\/uploads\/2025\/03\/Sarah-Hoyles-426x426.png 426w\" sizes=\"auto, (max-width: 1080px) 100vw, 1080px\" \/><\/figure>\n\n\n\n<h4 class=\"wp-block-heading has-text-align-center\"><a href=\"https:\/\/www.parkinson.ca\/profile\/sarah-hoyles\/\" title=\"Sarah Hoyles\">Sarah Hoyles<\/a><\/h4>\n\n\n\n<p class=\"has-text-align-center\">Alberta<\/p>\n<\/div>\n\n\n\n<div class=\"wp-block-column is-layout-flow wp-block-column-is-layout-flow\"><\/div>\n<\/div>\n\n\n\n<div style=\"height:100px\" aria-hidden=\"true\" class=\"wp-block-spacer is-style-responsive-large\"><\/div>\n\n\n\n<div class=\"wp-block-group is-layout-constrained wp-block-group-is-layout-constrained\">\n<h2 class=\"wp-block-heading\">Le conseil consultatif 2024 sur la maladie de Parkinson<\/h2>\n\n\n\n<ul class=\"wp-block-list\">\n<li>Jon Affleck<\/li>\n\n\n\n<li>Mona Baumgarten<\/li>\n\n\n\n<li>Chuck Bridges<\/li>\n\n\n\n<li>Brock Carlton<\/li>\n\n\n\n<li>Brian Campkin<\/li>\n\n\n\n<li>Lloyd Cowin<\/li>\n\n\n\n<li>Manon Day<\/li>\n\n\n\n<li>Glenda Doucet-Boudreau<\/li>\n\n\n\n<li>Doug Edmond<\/li>\n\n\n\n<li>Sarah Hoyles<\/li>\n\n\n\n<li>Li Jiang<\/li>\n\n\n\n<li>Steven Iseman<\/li>\n\n\n\n<li>Liz Loewen (Vice-pr\u00e9sidente)<\/li>\n\n\n\n<li>Brendan McGlynn<\/li>\n\n\n\n<li>Kelly Orban<\/li>\n\n\n\n<li>Robert Kuhn (Pr\u00e9sident)<\/li>\n\n\n\n<li>Caroline Thornton<\/li>\n\n\n\n<li>Bob de Wit<\/li>\n<\/ul>\n\n\n\n<div style=\"height:100px\" aria-hidden=\"true\" class=\"wp-block-spacer\"><\/div>\n<\/div>\n","protected":false},"excerpt":{"rendered":"<p>Le Conseil consultatif de la maladie de Parkinson (CCP) contribue \u00e0 notre mission en veillant \u00e0 ce que la voix des personnes touch\u00e9es par la maladie de Parkinson soit int\u00e9gr\u00e9e dans tout ce que nous faisons. Le CCP est une repr\u00e9sentation diversifi\u00e9e et inclusive de personnes diagnostiqu\u00e9es avec la maladie de Parkinson, de partenaires de [&hellip;]<\/p>\n","protected":false},"author":107,"featured_media":49131,"parent":46709,"menu_order":6,"comment_status":"closed","ping_status":"closed","template":"","meta":{"_acf_changed":false,"footnotes":""},"class_list":["post-46190","page","type-page","status-publish","has-post-thumbnail","hentry"],"acf":[],"aioseo_notices":[],"_links":{"self":[{"href":"https:\/\/www.parkinson.ca\/fr\/wp-json\/wp\/v2\/pages\/46190","targetHints":{"allow":["GET"]}}],"collection":[{"href":"https:\/\/www.parkinson.ca\/fr\/wp-json\/wp\/v2\/pages"}],"about":[{"href":"https:\/\/www.parkinson.ca\/fr\/wp-json\/wp\/v2\/types\/page"}],"author":[{"embeddable":true,"href":"https:\/\/www.parkinson.ca\/fr\/wp-json\/wp\/v2\/users\/107"}],"replies":[{"embeddable":true,"href":"https:\/\/www.parkinson.ca\/fr\/wp-json\/wp\/v2\/comments?post=46190"}],"version-history":[{"count":18,"href":"https:\/\/www.parkinson.ca\/fr\/wp-json\/wp\/v2\/pages\/46190\/revisions"}],"predecessor-version":[{"id":55979,"href":"https:\/\/www.parkinson.ca\/fr\/wp-json\/wp\/v2\/pages\/46190\/revisions\/55979"}],"up":[{"embeddable":true,"href":"https:\/\/www.parkinson.ca\/fr\/wp-json\/wp\/v2\/pages\/46709"}],"wp:featuredmedia":[{"embeddable":true,"href":"https:\/\/www.parkinson.ca\/fr\/wp-json\/wp\/v2\/media\/49131"}],"wp:attachment":[{"href":"https:\/\/www.parkinson.ca\/fr\/wp-json\/wp\/v2\/media?parent=46190"}],"curies":[{"name":"wp","href":"https:\/\/api.w.org\/{rel}","templated":true}]}}