{"id":46188,"date":"2024-07-05T16:04:44","date_gmt":"2024-07-05T16:04:44","guid":{"rendered":"https:\/\/parkinson.ca\/les-medias\/"},"modified":"2025-09-24T15:02:04","modified_gmt":"2025-09-24T15:02:04","slug":"salle-des-medias","status":"publish","type":"page","link":"https:\/\/www.parkinson.ca\/fr\/a-propos-de-nous\/salle-des-medias\/","title":{"rendered":"Salle des m\u00e9dias"},"content":{"rendered":"\n<div class='overflow-image-text'>\n    <div class='editor-content'>\n        <div>\n            <div class='overflow-image-text-content has-background has-blue-background-color'>\n                <div class='inner-blocks'>\n                    <div class=\"acf-innerblocks-container\">\n\n<p class=\"has-base-color has-text-color has-link-color has-xlarge-font-size wp-elements-d6d7abd12e7b81ac49004010856be6d9\"><strong>Que vous recherchiez des communiqu\u00e9s de presse, des ressources m\u00e9diatiques, des points de vue d\u2019experts ou des histoires inspirantes, vous trouverez ici des informations fiables et actuelles.<\/strong><\/p>\n\n<\/div>\n                    <img loading=\"lazy\" decoding=\"async\" width=\"2560\" height=\"1538\" src=\"https:\/\/www.parkinson.ca\/wp-content\/uploads\/2025\/02\/ParkinsonsCanada@DundasSquare_-46-1-scaled.jpg\" class=\"overflow-image\" alt=\"Photo of Martha Johnson being interviewed by a journalist with a professional video camera.\" sizes=\"auto, (min-width: 768px) 50vw, 100vw\" srcset=\"https:\/\/www.parkinson.ca\/wp-content\/uploads\/2025\/02\/ParkinsonsCanada@DundasSquare_-46-1-scaled.jpg 2560w, https:\/\/www.parkinson.ca\/wp-content\/uploads\/2025\/02\/ParkinsonsCanada@DundasSquare_-46-1-300x180.jpg 300w, https:\/\/www.parkinson.ca\/wp-content\/uploads\/2025\/02\/ParkinsonsCanada@DundasSquare_-46-1-1024x615.jpg 1024w, https:\/\/www.parkinson.ca\/wp-content\/uploads\/2025\/02\/ParkinsonsCanada@DundasSquare_-46-1-768x461.jpg 768w, https:\/\/www.parkinson.ca\/wp-content\/uploads\/2025\/02\/ParkinsonsCanada@DundasSquare_-46-1-426x256.jpg 426w\" \/>                <\/div>\n            <\/div>\n        <\/div>    \n    <\/div>\n<\/div>\n\n\n<div style=\"height:100px\" aria-hidden=\"true\" class=\"wp-block-spacer is-style-default\"><\/div>\n\n\n\n<div class=\"wp-block-group has-ice-blue-background-color has-background is-layout-constrained wp-block-group-is-layout-constrained\">\n<div class=\"wp-block-columns is-layout-flex wp-container-core-columns-is-layout-9d6595d7 wp-block-columns-is-layout-flex\">\n<div class=\"wp-block-column is-layout-flow wp-block-column-is-layout-flow\" style=\"flex-basis:35%\">\n<h2 class=\"wp-block-heading has-contrast-color has-text-color has-link-color wp-elements-32f56835d640b7fb53277691774f3058\">Contactez notre \u00e9quipe m\u00e9dia<\/h2>\n<\/div>\n\n\n\n<div class=\"wp-block-column is-layout-flow wp-block-column-is-layout-flow\">\n<h3 class=\"wp-block-heading has-text-align-left has-blue-color has-text-color has-link-color wp-elements-f0a42f200a16c07141b6cbc6de9ad953\"><strong>Emma Gostovic  <\/strong><\/h3>\n\n\n\n<p class=\"has-text-align-left has-blue-color has-text-color has-link-color has-regular-font-size wp-elements-d2f6f4e145ce5d5d2c82fa41a34565f2\"><strong>Sp\u00e9cialiste de la communication<\/strong><\/p>\n\n\n\n<p class=\"has-text-align-left has-blue-color has-text-color has-link-color has-regular-font-size wp-elements-e7a94e2afc6af06428b67ef42bad38c3\"><a href=\"tel:1-800-565-3000\" data-type=\"tel\" data-id=\"tel:1-800-565-3000\">1-800-565-3000  <\/a><\/p>\n\n\n\n<p class=\"has-text-align-left has-blue-color has-text-color has-link-color has-regular-font-size wp-elements-098ef01227e1ba6068cebf0f81351c68\"><a href=\"mailto:Emma.gostovic@parkinson.ca\" target=\"_blank\" rel=\"noreferrer noopener\">Emma.gostovic@parkinson.ca<\/a> <\/p>\n\n\n\n<div class=\"wp-block-buttons is-content-justification-left is-layout-flex wp-container-core-buttons-is-layout-fdcfc74e wp-block-buttons-is-layout-flex\">\n<div class=\"wp-block-button has-custom-width wp-block-button__width-50\"><a class=\"wp-block-button__link wp-element-button\" href=\"mailto:Emma.gostovic@parkinson.ca\">Prenez contact avec nous<\/a><\/div>\n<\/div>\n<\/div>\n<\/div>\n<\/div>\n\n\n\n<div style=\"height:100px\" aria-hidden=\"true\" class=\"wp-block-spacer is-style-default\"><\/div>\n\n\n\n<hr class=\"wp-block-separator has-alpha-channel-opacity\"\/>\n\n\n\n<div class=\"wp-block-group is-layout-constrained wp-block-group-is-layout-constrained\">\n<h2 class=\"wp-block-heading has-contrast-color has-text-color has-link-color wp-elements-45c80b6ad98649a85064831049d9867b\">Ressources <strong>m\u00e9diatiques <\/strong><\/h2>\n\n\n\n<div class=\"wp-block-columns is-layout-flex wp-container-core-columns-is-layout-9d6595d7 wp-block-columns-is-layout-flex\">\n<div class=\"wp-block-column is-layout-flow wp-block-column-is-layout-flow\" style=\"flex-basis:25%\">\n<figure class=\"wp-block-image size-full is-style-default wp-container-content-69bc4bdf\"><img loading=\"lazy\" decoding=\"async\" width=\"619\" height=\"792\" src=\"https:\/\/www.parkinson.ca\/wp-content\/uploads\/2025\/02\/PC-Fact-Sheet-Page.png\" alt=\"Fiche d'information de Parkinson Canada pr\u00e9sentant des informations sur la maladie de Parkinson, ses sympt\u00f4mes, son \u00e9volution et la recherche. Le document comprend des statistiques sur la maladie de Parkinson au Canada, des d\u00e9tails sur l'impact \u00e9conomique et les facteurs de risque. Les coordonn\u00e9es des personnes \u00e0 contacter et le site web de Parkinson Canada sont indiqu\u00e9s au bas de la fiche.  \" class=\"wp-image-49060\" style=\"box-shadow:var(--wp--preset--shadow--natural)\" srcset=\"https:\/\/www.parkinson.ca\/wp-content\/uploads\/2025\/02\/PC-Fact-Sheet-Page.png 619w, https:\/\/www.parkinson.ca\/wp-content\/uploads\/2025\/02\/PC-Fact-Sheet-Page-234x300.png 234w, https:\/\/www.parkinson.ca\/wp-content\/uploads\/2025\/02\/PC-Fact-Sheet-Page-426x545.png 426w\" sizes=\"auto, (max-width: 619px) 100vw, 619px\" \/><\/figure>\n\n\n\n<div style=\"height:100px\" aria-hidden=\"true\" class=\"wp-block-spacer is-style-responsive-xsmall\"><\/div>\n\n\n\n\n<div class=\"link-group-block horizontal\">\n    <div class=\"acf-innerblocks-container\">\n\n    <div class='icon-link is-style-download'>\n        <a  href='https:\/\/www.parkinson.ca\/wp-content\/uploads\/2025\/02\/Parkinsons-fact-sheet.pdf'\n            target='_blank' rel='noopener noreferrer'        >\n            Fiche d&rsquo;information sur la maladie de Parkinson          <\/a>\n    <\/div>\n\n<\/div>\n<\/div>\n\n\n<p><em>Ce document n&rsquo;est disponible qu&rsquo;en anglais.<\/em><\/p>\n<\/div>\n\n\n\n<div class=\"wp-block-column is-layout-flow wp-block-column-is-layout-flow\" style=\"flex-basis:25%\">\n<figure class=\"wp-block-image size-full\"><img loading=\"lazy\" decoding=\"async\" width=\"604\" height=\"767\" src=\"https:\/\/www.parkinson.ca\/wp-content\/uploads\/2025\/02\/World-Parkinsons-Day-and-the-Tulip-backgrounder-Preview.png\" alt=\"Un document de Parkinson Canada intitul\u00e9 &quot;World Parkinson's Day &amp; Tulip Backgrounder&quot; (Journ\u00e9e mondiale de la maladie de Parkinson et fiche d'information sur la tulipe) avec un texte expliquant la signification du 11 avril et de la tulipe Parkinson.\" class=\"wp-image-49067\" style=\"box-shadow:var(--wp--preset--shadow--natural)\" srcset=\"https:\/\/www.parkinson.ca\/wp-content\/uploads\/2025\/02\/World-Parkinsons-Day-and-the-Tulip-backgrounder-Preview.png 604w, https:\/\/www.parkinson.ca\/wp-content\/uploads\/2025\/02\/World-Parkinsons-Day-and-the-Tulip-backgrounder-Preview-236x300.png 236w, https:\/\/www.parkinson.ca\/wp-content\/uploads\/2025\/02\/World-Parkinsons-Day-and-the-Tulip-backgrounder-Preview-426x541.png 426w\" sizes=\"auto, (max-width: 604px) 100vw, 604px\" \/><\/figure>\n\n\n\n<div style=\"height:100px\" aria-hidden=\"true\" class=\"wp-block-spacer is-style-responsive-xsmall\"><\/div>\n\n\n\n\n<div class=\"link-group-block horizontal\">\n    <div class=\"acf-innerblocks-container\">\n\n    <div class='icon-link is-style-download'>\n        <a  href='https:\/\/www.parkinson.ca\/wp-content\/uploads\/2025\/02\/World-Parkinsons-Day-Tulip-backgrounder.pdf'\n            target='_blank' rel='noopener noreferrer'        >\n            Journ\u00e9e mondiale de la maladie de Parkinson et fiche d&rsquo;information sur les tulipes          <\/a>\n    <\/div>\n\n<\/div>\n<\/div>\n\n\n<p><em>Ce document n&rsquo;est disponible qu&rsquo;en anglais.<\/em><\/p>\n<\/div>\n\n\n\n<div class=\"wp-block-column is-layout-flow wp-block-column-is-layout-flow\" style=\"flex-basis:25%\">\n<figure class=\"wp-block-image aligncenter size-full is-resized\"><img loading=\"lazy\" decoding=\"async\" width=\"300\" height=\"400\" src=\"https:\/\/www.parkinson.ca\/wp-content\/uploads\/2025\/02\/JAN-1.png\" alt=\"Femme souriante avec des \u00e9couteurs regardant un ordinateur portable dans un environnement domestique.\" class=\"wp-image-49074\" style=\"box-shadow:var(--wp--preset--shadow--natural);width:266px;height:auto\" srcset=\"https:\/\/www.parkinson.ca\/wp-content\/uploads\/2025\/02\/JAN-1.png 300w, https:\/\/www.parkinson.ca\/wp-content\/uploads\/2025\/02\/JAN-1-225x300.png 225w\" sizes=\"auto, (max-width: 300px) 100vw, 300px\" \/><\/figure>\n\n\n\n<div style=\"height:100px\" aria-hidden=\"true\" class=\"wp-block-spacer is-style-responsive-xsmall\"><\/div>\n\n\n\n\n<div class=\"link-group-block horizontal\">\n    <div class=\"acf-innerblocks-container\">\n\n    <div class='icon-link is-style-arrow'>\n        <a  href='https:\/\/www.parkinson.ca\/fr\/home\/mieux-vivre-avec-la-maladie-de-parkinson\/les-femmes-et-la-maladie-de-parkinson\/'\n            target='_blank' rel='noopener noreferrer'        >\n            Page web sur les femmes et la maladie de Parkinson        <\/a>\n    <\/div>\n\n<\/div>\n<\/div><\/div>\n\n\n\n<div class=\"wp-block-column is-layout-flow wp-block-column-is-layout-flow\" style=\"flex-basis:25%\">\n<figure class=\"wp-block-image aligncenter size-full is-resized\"><img loading=\"lazy\" decoding=\"async\" width=\"300\" height=\"400\" src=\"https:\/\/www.parkinson.ca\/wp-content\/uploads\/2025\/03\/Facon-detre-1.png\" alt=\"\" class=\"wp-image-50107\" style=\"box-shadow:var(--wp--preset--shadow--natural);width:256px;height:auto\" srcset=\"https:\/\/www.parkinson.ca\/wp-content\/uploads\/2025\/03\/Facon-detre-1.png 300w, https:\/\/www.parkinson.ca\/wp-content\/uploads\/2025\/03\/Facon-detre-1-225x300.png 225w\" sizes=\"auto, (max-width: 300px) 100vw, 300px\" \/><\/figure>\n\n\n\n<div style=\"height:100px\" aria-hidden=\"true\" class=\"wp-block-spacer is-style-responsive-xsmall\"><\/div>\n\n\n\n\n<div class=\"link-group-block vertical\">\n    <div class=\"acf-innerblocks-container\">\n\n    <div class='icon-link is-style-external'>\n        <a  href='https:\/\/www.youtube.com\/watch?v=bkaQKCyJroA'\n            target='_blank' rel='noopener noreferrer'        >\n            Publicit\u00e9 de 30 secondes \u00ab\u00a0Fa\u00e7on d&rsquo;\u00eatre\u00a0\u00bb        <\/a>\n    <\/div>\n\n\n\n    <div class='icon-link is-style-external'>\n        <a  href='https:\/\/www.youtube.com\/watch?v=cv5tr1_x25E'\n            target='_blank' rel='noopener noreferrer'        >\n            Publicit\u00e9 de 60 secondes \u00ab\u00a0Fa\u00e7on d&rsquo;\u00eatre\u00a0\u00bb        <\/a>\n    <\/div>\n\n<\/div>\n<\/div><\/div>\n\n\n\n<div class=\"wp-block-column is-layout-flow wp-block-column-is-layout-flow\"><\/div>\n<\/div>\n<\/div>\n\n\n\n<div style=\"height:60px\" aria-hidden=\"true\" class=\"wp-block-spacer is-style-responsive-small\"><\/div>\n\n\n\n<hr class=\"wp-block-separator has-alpha-channel-opacity\"\/>\n\n\n\n<div class=\"wp-block-group is-layout-constrained wp-block-group-is-layout-constrained\">\n<h2 class=\"wp-block-heading has-contrast-color has-text-color has-link-color wp-elements-f494eb1c2358349e64e093ab7afc0e70\"><strong>Autres ressources<\/strong><\/h2>\n\n\n\n<ul class=\"wp-block-list\">\n<li><a href=\"https:\/\/www.parkinsonspricetag.ca\/home-fr\" target=\"_blank\" rel=\"noopener\" title=\"\">D\u00e9couvrez l&rsquo;impact \u00e9conomique de la maladie de Parkinson au Canada<\/a>\n<ul class=\"wp-block-list\">\n<li>D\u00e9couvrez les effets sociaux et \u00e9conomiques de la maladie de Parkinson et la fa\u00e7on dont elle influence la vie des personnes vivant au Canada. Explorez les ressources, les statistiques et les informations sur les co\u00fbts associ\u00e9s \u00e0 la maladie de Parkinson.   <\/li>\n<\/ul>\n<\/li>\n<\/ul>\n\n\n\n<ul class=\"wp-block-list\">\n<li><a data-type=\"link\" data-id=\"https:\/\/parkinson.ca\/wp-admin\/upload.php?item=47641\" href=\"https:\/\/parkinson.ca\/wp-admin\/upload.php?item=47641\" target=\"_blank\" rel=\"noreferrer noopener\"><\/a><a href=\"https:\/\/www.facondetre.ca\/\" target=\"_blank\" rel=\"noopener\" title=\"Trouvez votre fa\u00e7on d'\u00eatre\">\u00ab\u00a0<\/a><a href=\"https:\/\/www.facondetre.ca\/\">Trouvez votre fa\u00e7on d&rsquo;\u00eatre<\/a>\u00a0\u00bb\n<ul class=\"wp-block-list\">\n<li>Cette campagne de Parkinson Canada comprend un message d&rsquo;int\u00e9r\u00eat public inspirant et des r\u00e9cits de notre communaut\u00e9. Cette campagne nationale a pour but de souligner la force et la r\u00e9silience de la communaut\u00e9 de la maladie de Parkinson et d&rsquo;encourager les personnes atteintes de la maladie de Parkinson \u00e0 prendre contact avec nous pour obtenir de l&rsquo;aide.   <\/li>\n<\/ul>\n<\/li>\n<\/ul>\n\n\n\n<ul class=\"wp-block-list\">\n<li><a href=\"https:\/\/sante-infobase.canada.ca\/scsmc\/outil-de-donnees\/?G=00&amp;V=1&amp;M=1\" target=\"_blank\" rel=\"noopener\" title=\"\">Syst\u00e8me canadien de surveillance des maladies chroniques<\/a>\n<ul class=\"wp-block-list\">\n<li>Acc\u00e9dez aux donn\u00e9es canadiennes relatives aux conditions de sant\u00e9, y compris la maladie de Parkinson.<\/li>\n<\/ul>\n<\/li>\n<\/ul>\n<\/div>\n\n\n\n<div style=\"height:100px\" aria-hidden=\"true\" class=\"wp-block-spacer\"><\/div>\n\n\n\n<hr class=\"wp-block-separator has-alpha-channel-opacity\"\/>\n\n\n\n<div class=\"wp-block-group has-white-background-color has-background is-layout-constrained wp-block-group-is-layout-constrained\">\n<h2 class=\"wp-block-heading has-contrast-color has-text-color has-link-color wp-elements-3fac45c65480bd09ba32c42899fec903\"><strong>Dans l&rsquo;actualit\u00e9 r\u00e9cente<\/strong> (en Anglais)<\/h2>\n\n\n\n<div class=\"wp-block-columns alignwide is-layout-flex wp-container-core-columns-is-layout-9d6595d7 wp-block-columns-is-layout-flex\">\n<div class=\"wp-block-column is-layout-flow wp-block-column-is-layout-flow\" style=\"flex-basis:25%\">\n<figure class=\"wp-block-image aligncenter size-small\"><img loading=\"lazy\" decoding=\"async\" width=\"426\" height=\"426\" src=\"https:\/\/www.parkinson.ca\/wp-content\/uploads\/2025\/02\/Patient-voice-2-426x426.png\" alt=\"Logo de la voix des patients\" class=\"wp-image-49098\" srcset=\"https:\/\/www.parkinson.ca\/wp-content\/uploads\/2025\/02\/Patient-voice-2-426x426.png 426w, https:\/\/www.parkinson.ca\/wp-content\/uploads\/2025\/02\/Patient-voice-2-300x300.png 300w, https:\/\/www.parkinson.ca\/wp-content\/uploads\/2025\/02\/Patient-voice-2-1024x1024.png 1024w, https:\/\/www.parkinson.ca\/wp-content\/uploads\/2025\/02\/Patient-voice-2-150x150.png 150w, https:\/\/www.parkinson.ca\/wp-content\/uploads\/2025\/02\/Patient-voice-2-768x768.png 768w, https:\/\/www.parkinson.ca\/wp-content\/uploads\/2025\/02\/Patient-voice-2.png 1080w\" sizes=\"auto, (max-width: 426px) 100vw, 426px\" \/><\/figure>\n\n\n\n<p>2025<\/p>\n\n\n\n<div class='custom-link '>\n            <div style='width: 100%; height: 3px; background-color: var(--color--accent);'><\/div>\n    <\/div>\n\n\n<div style=\"height:100px\" aria-hidden=\"true\" class=\"wp-block-spacer is-style-responsive-xsmall\"><\/div>\n\n\n\n\n<div class=\"link-group-block horizontal\">\n    <div class=\"acf-innerblocks-container\">\n\n    <div class='icon-link is-style-external'>\n        <a  href='https:\/\/www.patientvoice.io\/shorts\/living-with-parkinsons-disease-caitlin'\n            target='_blank' rel='noopener noreferrer'        >\n            L&rsquo;histoire de Caitlin        <\/a>\n    <\/div>\n\n<\/div>\n<\/div><\/div>\n\n\n\n<div class=\"wp-block-column is-layout-flow wp-block-column-is-layout-flow\" style=\"flex-basis:25%\">\n<figure class=\"wp-block-image aligncenter size-small\"><img loading=\"lazy\" decoding=\"async\" width=\"426\" height=\"426\" src=\"https:\/\/www.parkinson.ca\/wp-content\/uploads\/2025\/02\/The-social-2-426x426.png\" alt=\"Le logo du CTV social\" class=\"wp-image-49096\" srcset=\"https:\/\/www.parkinson.ca\/wp-content\/uploads\/2025\/02\/The-social-2-426x426.png 426w, https:\/\/www.parkinson.ca\/wp-content\/uploads\/2025\/02\/The-social-2-300x300.png 300w, https:\/\/www.parkinson.ca\/wp-content\/uploads\/2025\/02\/The-social-2-1024x1024.png 1024w, https:\/\/www.parkinson.ca\/wp-content\/uploads\/2025\/02\/The-social-2-150x150.png 150w, https:\/\/www.parkinson.ca\/wp-content\/uploads\/2025\/02\/The-social-2-768x768.png 768w, https:\/\/www.parkinson.ca\/wp-content\/uploads\/2025\/02\/The-social-2.png 1080w\" sizes=\"auto, (max-width: 426px) 100vw, 426px\" \/><\/figure>\n\n\n\n<p>2024<\/p>\n\n\n\n<div class='custom-link '>\n            <div style='width: 100%; height: 3px; background-color: var(--color--accent);'><\/div>\n    <\/div>\n\n\n<div style=\"height:100px\" aria-hidden=\"true\" class=\"wp-block-spacer is-style-responsive-xsmall\"><\/div>\n\n\n\n\n<div class=\"link-group-block horizontal\">\n    <div class=\"acf-innerblocks-container\">\n\n    <div class='icon-link is-style-external'>\n        <a  href='https:\/\/www.bing.com\/videos\/riverview\/relatedvideo?q=the+social+parkinsons&#038;mid=7E06E49A974603400A7B7E06E49A974603400A7B&#038;FORM=VIRE'\n            target='_blank' rel='noopener noreferrer'        >\n              La maladie de Parkinson chez les femmes        <\/a>\n    <\/div>\n\n<\/div>\n<\/div><\/div>\n\n\n\n<div class=\"wp-block-column is-layout-flow wp-block-column-is-layout-flow\" style=\"flex-basis:25%\">\n<figure class=\"wp-block-image aligncenter size-small\"><img loading=\"lazy\" decoding=\"async\" width=\"426\" height=\"426\" src=\"https:\/\/www.parkinson.ca\/wp-content\/uploads\/2025\/02\/Azure-426x426.png\" alt=\"Logo Azure\" class=\"wp-image-49100\" srcset=\"https:\/\/www.parkinson.ca\/wp-content\/uploads\/2025\/02\/Azure-426x426.png 426w, https:\/\/www.parkinson.ca\/wp-content\/uploads\/2025\/02\/Azure-300x300.png 300w, https:\/\/www.parkinson.ca\/wp-content\/uploads\/2025\/02\/Azure-1024x1024.png 1024w, https:\/\/www.parkinson.ca\/wp-content\/uploads\/2025\/02\/Azure-150x150.png 150w, https:\/\/www.parkinson.ca\/wp-content\/uploads\/2025\/02\/Azure-768x768.png 768w, https:\/\/www.parkinson.ca\/wp-content\/uploads\/2025\/02\/Azure.png 1080w\" sizes=\"auto, (max-width: 426px) 100vw, 426px\" \/><\/figure>\n\n\n\n<p>2024<\/p>\n\n\n\n<div class='custom-link '>\n            <div style='width: 100%; height: 3px; background-color: var(--color--accent);'><\/div>\n    <\/div>\n\n\n<div style=\"height:100px\" aria-hidden=\"true\" class=\"wp-block-spacer is-style-responsive-xsmall\"><\/div>\n\n\n\n\n<div class=\"link-group-block horizontal\">\n    <div class=\"acf-innerblocks-container\">\n\n    <div class='icon-link is-style-external'>\n        <a  href='https:\/\/www.azuremagazine.com\/article\/robert-kastelic-architecture-parkinsons-disease\/'\n            target='_blank' rel='noopener noreferrer'        >\n            \u00ab\u00a0Nous allons de l&rsquo;avant\u00a0\u00bb : Robert Kastelic sur l&rsquo;architecture, la maladie de Parkinson et la vie quotidienne        <\/a>\n    <\/div>\n\n<\/div>\n<\/div><\/div>\n\n\n\n<div class=\"wp-block-column is-layout-flow wp-block-column-is-layout-flow\" style=\"flex-basis:25%\">\n<figure class=\"wp-block-image aligncenter size-small\"><img loading=\"lazy\" decoding=\"async\" width=\"426\" height=\"426\" src=\"https:\/\/www.parkinson.ca\/wp-content\/uploads\/2025\/02\/Global-news-426x426.png\" alt=\"Logo de l'actualit\u00e9 mondiale\" class=\"wp-image-49102\" srcset=\"https:\/\/www.parkinson.ca\/wp-content\/uploads\/2025\/02\/Global-news-426x426.png 426w, https:\/\/www.parkinson.ca\/wp-content\/uploads\/2025\/02\/Global-news-300x300.png 300w, https:\/\/www.parkinson.ca\/wp-content\/uploads\/2025\/02\/Global-news-1024x1024.png 1024w, https:\/\/www.parkinson.ca\/wp-content\/uploads\/2025\/02\/Global-news-150x150.png 150w, https:\/\/www.parkinson.ca\/wp-content\/uploads\/2025\/02\/Global-news-768x768.png 768w, https:\/\/www.parkinson.ca\/wp-content\/uploads\/2025\/02\/Global-news.png 1080w\" sizes=\"auto, (max-width: 426px) 100vw, 426px\" \/><\/figure>\n\n\n\n<p>2024<\/p>\n\n\n\n<div class='custom-link '>\n            <div style='width: 100%; height: 3px; background-color: var(--color--accent);'><\/div>\n    <\/div>\n\n\n<div style=\"height:100px\" aria-hidden=\"true\" class=\"wp-block-spacer is-style-responsive-xsmall\"><\/div>\n\n\n\n\n<div class=\"link-group-block horizontal\">\n    <div class=\"acf-innerblocks-container\">\n\n    <div class='icon-link is-style-external'>\n        <a  href='https:\/\/globalnews.ca\/news\/10894044\/parkinsons-disease-stress-inflammation-study\/'\n            target='_blank' rel='noopener noreferrer'        >\n            Le stress et l&rsquo;inflammation peuvent contribuer \u00e0 d\u00e9clencher la maladie de Parkinson : \u00e9tude        <\/a>\n    <\/div>\n\n<\/div>\n<\/div><\/div>\n<\/div>\n<\/div>\n\n\n\n<div style=\"height:100px\" aria-hidden=\"true\" class=\"wp-block-spacer is-style-default\"><\/div>\n","protected":false},"excerpt":{"rendered":"<p>Contactez notre \u00e9quipe m\u00e9dia Emma Gostovic Sp\u00e9cialiste de la communication 1-800-565-3000 Emma.gostovic@parkinson.ca Ressources m\u00e9diatiques Ce document n&rsquo;est disponible qu&rsquo;en anglais. Ce document n&rsquo;est disponible qu&rsquo;en anglais. Autres ressources Dans l&rsquo;actualit\u00e9 r\u00e9cente (en Anglais) 2025 2024 2024 2024<\/p>\n","protected":false},"author":71,"featured_media":49119,"parent":46709,"menu_order":7,"comment_status":"closed","ping_status":"closed","template":"","meta":{"_acf_changed":false,"footnotes":""},"class_list":["post-46188","page","type-page","status-publish","has-post-thumbnail","hentry"],"acf":[],"aioseo_notices":[],"_links":{"self":[{"href":"https:\/\/www.parkinson.ca\/fr\/wp-json\/wp\/v2\/pages\/46188","targetHints":{"allow":["GET"]}}],"collection":[{"href":"https:\/\/www.parkinson.ca\/fr\/wp-json\/wp\/v2\/pages"}],"about":[{"href":"https:\/\/www.parkinson.ca\/fr\/wp-json\/wp\/v2\/types\/page"}],"author":[{"embeddable":true,"href":"https:\/\/www.parkinson.ca\/fr\/wp-json\/wp\/v2\/users\/71"}],"replies":[{"embeddable":true,"href":"https:\/\/www.parkinson.ca\/fr\/wp-json\/wp\/v2\/comments?post=46188"}],"version-history":[{"count":22,"href":"https:\/\/www.parkinson.ca\/fr\/wp-json\/wp\/v2\/pages\/46188\/revisions"}],"predecessor-version":[{"id":54517,"href":"https:\/\/www.parkinson.ca\/fr\/wp-json\/wp\/v2\/pages\/46188\/revisions\/54517"}],"up":[{"embeddable":true,"href":"https:\/\/www.parkinson.ca\/fr\/wp-json\/wp\/v2\/pages\/46709"}],"wp:featuredmedia":[{"embeddable":true,"href":"https:\/\/www.parkinson.ca\/fr\/wp-json\/wp\/v2\/media\/49119"}],"wp:attachment":[{"href":"https:\/\/www.parkinson.ca\/fr\/wp-json\/wp\/v2\/media?parent=46188"}],"curies":[{"name":"wp","href":"https:\/\/api.w.org\/{rel}","templated":true}]}}