{"id":46185,"date":"2024-07-05T16:04:53","date_gmt":"2024-07-05T16:04:53","guid":{"rendered":"https:\/\/parkinson.ca\/contactez-nous\/"},"modified":"2026-04-16T16:11:02","modified_gmt":"2026-04-16T16:11:02","slug":"nous-rejoindre","status":"publish","type":"page","link":"https:\/\/www.parkinson.ca\/fr\/a-propos-de-nous\/nous-rejoindre\/","title":{"rendered":"Nous rejoindre"},"content":{"rendered":"\n<div class=\"wp-block-group is-layout-constrained wp-container-core-group-is-layout-990f8f10 wp-block-group-is-layout-constrained\">\n<p class=\"has-text-align-left has-contrast-color has-text-color has-link-color has-large-font-size wp-elements-3bb01bd7539c5764cb8cd689f33a34be\">Que vous ayez des questions sur la maladie de Parkinson, besoin de ressources ou le d\u00e9sir de rejoindre notre communaut\u00e9, nous sommes toujours l\u00e0 pour vous, \u00e0 un message ou \u00e0 un appel pr\u00e8s.<\/p>\n\n\n\n<div style=\"height:100px\" aria-hidden=\"true\" class=\"wp-block-spacer is-style-responsive-xsmall\"><\/div>\n<\/div>\n\n\n\n<div class=\"wp-block-group has-ice-blue-background-color has-background is-vertical is-content-justification-center is-layout-flex wp-container-core-group-is-layout-4b2eccd6 wp-block-group-is-layout-flex\">\n<p class=\"has-text-align-center has-medium-font-size\">Notre \u00e9quipe est \u00e0 votre \u00e9coute du lundi au vendredi, de 9 h \u00e0 16 h (HE)<\/p>\n\n\n\n<div class=\"wp-block-columns alignwide are-vertically-aligned-center has-ice-blue-background-color has-background wp-container-content-9cfa9a5a is-layout-flex wp-container-core-columns-is-layout-9d6595d7 wp-block-columns-is-layout-flex\">\n<div class=\"wp-block-column is-vertically-aligned-center is-layout-flow wp-block-column-is-layout-flow\">\n<h2 class=\"wp-block-heading has-text-align-center has-regular-font-size\"><strong>Pour en savoir plus sur la maladie de Parkinson<\/strong><\/h2>\n\n\n\n<p class=\"has-text-align-center\"> <a href=\"tel:+18886641974\">1-888-664-1974<\/a><\/p>\n\n\n\n<p class=\"has-text-align-center\"><a href=\"mailto:support@parkinson.ca\">support@parkinson.ca<\/a><\/p>\n<\/div>\n\n\n\n<div class=\"wp-block-column is-vertically-aligned-center is-layout-flow wp-block-column-is-layout-flow\">\n<h2 class=\"wp-block-heading has-text-align-center has-regular-font-size\"><strong>Pour les services aux donateurs<\/strong><br><\/h2>\n\n\n\n<p class=\"has-text-align-center\"><a href=\"tel:18886641973\" target=\"_blank\" rel=\"noreferrer noopener\">1-888-664-1973<\/a><\/p>\n\n\n\n<p class=\"has-text-align-center\"><a href=\"mailto:donate@parkinson.ca\">donate@parkinson.ca  <\/a><\/p>\n<\/div>\n\n\n\n<div class=\"wp-block-column is-vertically-aligned-center is-layout-flow wp-block-column-is-layout-flow\">\n<h2 class=\"wp-block-heading has-text-align-center has-regular-font-size\"><strong>Pour toute autre question<\/strong><br><\/h2>\n\n\n\n<p class=\"has-text-align-center\"><a href=\"tel:18886641973\" target=\"_blank\" rel=\"noreferrer noopener\">1-800-565-3000<\/a><\/p>\n\n\n\n<p class=\"has-text-align-center\"><a href=\"mailto:info@parkinson.ca\">info@parkinson.ca<\/a><\/p>\n<\/div>\n\n\n\n<div class=\"wp-block-column is-vertically-aligned-center is-layout-flow wp-block-column-is-layout-flow\">\n<h2 class=\"wp-block-heading has-text-align-center has-regular-font-size\"><strong>Adresse postale<\/strong><br><\/h2>\n\n\n\n<p class=\"has-text-align-center\">4211 Yonge Street, <br>Suite 316 <br>Toronto, ON M2P 2A9  <\/p>\n<\/div>\n<\/div>\n<\/div>\n\n\n\n<div style=\"height:100px\" aria-hidden=\"true\" class=\"wp-block-spacer is-style-responsive-small\"><\/div>\n\n\n\n<hr class=\"wp-block-separator has-alpha-channel-opacity\"\/>\n\n\n\n<div style=\"height:100px\" aria-hidden=\"true\" class=\"wp-block-spacer is-style-responsive-small\"><\/div>\n\n\n\n<div class=\"wp-block-group has-grey-background-color has-background is-layout-constrained wp-block-group-is-layout-constrained\">\n<h2 class=\"wp-block-heading has-text-align-left\"><strong>Contactez-nous<\/strong><\/h2>\n\n\n\n<p class=\"has-medium-font-size\"><strong>Nous serions ravis de vous entendre.  <\/strong><\/p>\n\n\n\n<p>Veuillez nous envoyer un message en remplissant le formulaire ci-dessous et nous vous r\u00e9pondrons dans les plus brefs d\u00e9lais.  <\/p>\n\n\n\n<div style=\"height:100px\" aria-hidden=\"true\" class=\"wp-block-spacer is-style-responsive-xsmall\"><\/div>\n\n\n\n<div class=\"wp-block-columns is-layout-flex wp-container-core-columns-is-layout-9d6595d7 wp-block-columns-is-layout-flex\">\n<div class=\"wp-block-column has-base-color has-text-color has-link-color wp-elements-6182caac309a56dcbe6d8a8082c8153a is-layout-flow wp-block-column-is-layout-flow\"><div class=\"frm_forms  with_frm_style frm_style_formidable-style-4\" id=\"frm_form_1_container\" >\n<form enctype=\"multipart\/form-data\" method=\"post\" class=\"frm-show-form  frm_pro_form \" id=\"form_contact-form\" >\n<div class=\"frm_form_fields \">\n<fieldset>\n<legend class=\"frm_screen_reader\">Nous contacter<\/legend>\r\n\r\n<div class=\"frm_fields_container\">\n<input type=\"hidden\" name=\"frm_action\" value=\"create\" \/>\n<input type=\"hidden\" name=\"form_id\" value=\"1\" \/>\n<input type=\"hidden\" name=\"frm_hide_fields_1\" id=\"frm_hide_fields_1\" value=\"\" \/>\n<input type=\"hidden\" name=\"form_key\" value=\"contact-form\" \/>\n<input type=\"hidden\" name=\"item_meta[0]\" value=\"\" \/>\n<input type=\"hidden\" id=\"frm_submit_entry_1\" name=\"frm_submit_entry_1\" value=\"20ad9f4408\" \/><input type=\"hidden\" name=\"_wp_http_referer\" value=\"\/fr\/wp-json\/wp\/v2\/pages\/46185\" \/><div id=\"frm_field_1_container\" class=\"frm_form_field form-field  frm_required_field frm_top_container frm_first frm_half\">\r\n\t<label for=\"field_qh4icy\" id=\"field_qh4icy_label\" class=\"frm_primary_label\">Pr\u00e9nom\r\n\t\t<span class=\"frm_required\" aria-hidden=\"true\">*<\/span>\r\n\t<\/label>\r\n\t<input  type=\"text\" id=\"field_qh4icy\" name=\"item_meta[1]\" value=\"\"  data-reqmsg=\"Le pr\u00e9nom ne peut pas \u00eatre vide.\" aria-required=\"true\" data-invmsg=\"Pr\u00e9nom n&#039;est pas valide\" aria-invalid=\"false\"   \/>\r\n\t\r\n\t\r\n<\/div>\n<div id=\"frm_field_2_container\" class=\"frm_form_field form-field  frm_required_field frm_hidden_container frm_half\">\r\n\t<label for=\"field_ocfup1\" id=\"field_ocfup1_label\" class=\"frm_primary_label\">Nom de famille\r\n\t\t<span class=\"frm_required\" aria-hidden=\"true\">*<\/span>\r\n\t<\/label>\r\n\t<input  type=\"text\" id=\"field_ocfup1\" name=\"item_meta[2]\" value=\"\"  data-reqmsg=\"Le nom de familler ne peut pas \u00eatre vide.\" aria-required=\"true\" data-invmsg=\"Nom de famille n&#039;est pas valide\" aria-invalid=\"false\"   \/>\r\n\t\r\n\t\r\n<\/div>\n<div id=\"frm_field_3_container\" class=\"frm_form_field form-field  frm_required_field frm_top_container frm_full\">\r\n\t<label for=\"field_29yf4d\" id=\"field_29yf4d_label\" class=\"frm_primary_label\">Courriel\r\n\t\t<span class=\"frm_required\" aria-hidden=\"true\">*<\/span>\r\n\t<\/label>\r\n\t<input type=\"email\" id=\"field_29yf4d\" name=\"item_meta[3]\" value=\"\"  data-reqmsg=\"Le courriel ne peut pas \u00eatre vide.\" aria-required=\"true\" data-invmsg=\"Veuillez saisir une adresse \u00e9lectronique valide\" aria-invalid=\"false\"  \/>\r\n\t\r\n\t\r\n<\/div>\n<div id=\"frm_field_4_container\" class=\"frm_form_field form-field  frm_required_field frm_top_container frm_full\">\r\n\t<label for=\"field_e6lis6\" id=\"field_e6lis6_label\" class=\"frm_primary_label\">Sujet\r\n\t\t<span class=\"frm_required\" aria-hidden=\"true\">*<\/span>\r\n\t<\/label>\r\n\t<input  type=\"text\" id=\"field_e6lis6\" name=\"item_meta[4]\" value=\"\"  data-reqmsg=\"Le sujet ne peut pas \u00eatre vide.\" aria-required=\"true\" data-invmsg=\"Sujet n&#039;est pas valide\" aria-invalid=\"false\"   \/>\r\n\t\r\n\t\r\n<\/div>\n<div id=\"frm_field_5_container\" class=\"frm_form_field form-field  frm_required_field frm_top_container frm_full\">\r\n\t<label for=\"field_9jv0r1\" id=\"field_9jv0r1_label\" class=\"frm_primary_label\">Message\r\n\t\t<span class=\"frm_required\" aria-hidden=\"true\">*<\/span>\r\n\t<\/label>\r\n\t<textarea name=\"item_meta[5]\" id=\"field_9jv0r1\" rows=\"5\"  data-reqmsg=\"Le message ne peut pas \u00eatre vide.\" aria-required=\"true\" data-invmsg=\"Message n&#039;est pas valide\" aria-invalid=\"false\"  ><\/textarea>\r\n\t\r\n\t\r\n<\/div>\n<div id=\"frm_field_160_container\" class=\"frm_form_field form-field  frm_none_container\">\r\n\t<label for=\"g-recaptcha-response\" id=\"field_jbj1t_label\" class=\"frm_primary_label\">CAPTCHA\r\n\t\t<span class=\"frm_required\" aria-hidden=\"true\"><\/span>\r\n\t<\/label>\r\n\t<div  id=\"field_jbj1t\" class=\"g-recaptcha\" data-sitekey=\"6LeCFcgqAAAAAEaYGhQIfqGVFeasFjA5QbGeG40Z\" data-size=\"invisible\" data-theme=\"light\" data-callback=\"frmAfterRecaptcha\"><\/div>\r\n\t\r\n\t\r\n<\/div>\n<div id=\"frm_field_149_container\" class=\"frm_form_field form-field  frm_required_field frm_top_container frm12 frm_first vertical_radio\">\r\n\t<div  id=\"field_eszag_label\" class=\"frm_primary_label\">\r\n\t\t<span class=\"frm_required\" aria-hidden=\"true\">*<\/span>\r\n\t<\/div>\r\n\t<div class=\"frm_opt_container\" aria-labelledby=\"field_eszag_label\" role=\"group\">\t\t<div class=\"frm_checkbox\" id=\"frm_checkbox_149-0\">\t\t\t<label  for=\"field_eszag-0\">\n\t\t\t<input type=\"checkbox\" name=\"item_meta[149][]\" id=\"field_eszag-0\" value=\"YES, By checking this box and providing my contact information, I agree to be contacted and to receive news, updates, and information from Parkinson Canada.\"  data-reqmsg=\"Ce champ ne peut pas \u00eatre vide.\" data-invmsg=\"Ce champ is invalid\"   aria-required=\"true\"  \/> OUI, en cochant cette case et en fournissant mes coordonn\u00e9es, j&rsquo;accepte d&rsquo;\u00eatre contact\u00e9 et de recevoir des nouvelles, des mises \u00e0 jour et des informations de la part de Parkinson Canada.<\/label><\/div>\n<\/div>\r\n\t\r\n\t\r\n<\/div>\n<div id=\"frm_field_83_container\" class=\"frm_form_field form-field \">\r\n\t<div class=\"frm_submit frm_flex\">\r\n<button class=\"frm_button_submit frm_final_submit\" type=\"submit\"   formnovalidate=\"formnovalidate\">Soumettre<\/button>\r\n\r\n\r\n\r\n<\/div>\r\n<\/div>\n\t<input type=\"hidden\" name=\"item_key\" value=\"\" \/>\n\t\t\t<div id=\"frm_field_194_container\">\n\t\t\t<label for=\"field_6xndn\" >\n\t\t\t\tSi vous \u00eates un humain, ne remplissez pas ce champ.\t\t\t<\/label>\n\t\t\t<input  id=\"field_6xndn\" type=\"text\" class=\"frm_form_field form-field frm_verify\" name=\"item_meta[194]\" value=\"\"  \/>\n\t\t<\/div>\n\t\t<input name=\"frm_state\" type=\"hidden\" value=\"uKLBx+w75n7DKGhAUmIG1SPoyMKPIPZC7QGnYLL7kAmBHJ2mCKbGXr5yHeInX\/Tt\" \/><\/div>\n<\/fieldset>\n<\/div>\n\n<\/form>\n<\/div>\n<\/div>\n\n\n\n<div class=\"wp-block-column is-layout-flow wp-block-column-is-layout-flow\"><\/div>\n<\/div>\n<\/div>\n\n\n\n<div style=\"height:100px\" aria-hidden=\"true\" class=\"wp-block-spacer is-style-default\"><\/div>\n","protected":false},"excerpt":{"rendered":"<p>Que vous ayez des questions sur la maladie de Parkinson, besoin de ressources ou le d\u00e9sir de rejoindre notre communaut\u00e9, nous sommes toujours l\u00e0 pour vous, \u00e0 un message ou \u00e0 un appel pr\u00e8s. Notre \u00e9quipe est \u00e0 votre \u00e9coute du lundi au vendredi, de 9 h \u00e0 16 h (HE) Pour en savoir plus [&hellip;]<\/p>\n","protected":false},"author":107,"featured_media":49131,"parent":46709,"menu_order":8,"comment_status":"closed","ping_status":"closed","template":"","meta":{"_acf_changed":false,"footnotes":""},"class_list":["post-46185","page","type-page","status-publish","has-post-thumbnail","hentry"],"acf":[],"aioseo_notices":[],"_links":{"self":[{"href":"https:\/\/www.parkinson.ca\/fr\/wp-json\/wp\/v2\/pages\/46185","targetHints":{"allow":["GET"]}}],"collection":[{"href":"https:\/\/www.parkinson.ca\/fr\/wp-json\/wp\/v2\/pages"}],"about":[{"href":"https:\/\/www.parkinson.ca\/fr\/wp-json\/wp\/v2\/types\/page"}],"author":[{"embeddable":true,"href":"https:\/\/www.parkinson.ca\/fr\/wp-json\/wp\/v2\/users\/107"}],"replies":[{"embeddable":true,"href":"https:\/\/www.parkinson.ca\/fr\/wp-json\/wp\/v2\/comments?post=46185"}],"version-history":[{"count":12,"href":"https:\/\/www.parkinson.ca\/fr\/wp-json\/wp\/v2\/pages\/46185\/revisions"}],"predecessor-version":[{"id":58832,"href":"https:\/\/www.parkinson.ca\/fr\/wp-json\/wp\/v2\/pages\/46185\/revisions\/58832"}],"up":[{"embeddable":true,"href":"https:\/\/www.parkinson.ca\/fr\/wp-json\/wp\/v2\/pages\/46709"}],"wp:featuredmedia":[{"embeddable":true,"href":"https:\/\/www.parkinson.ca\/fr\/wp-json\/wp\/v2\/media\/49131"}],"wp:attachment":[{"href":"https:\/\/www.parkinson.ca\/fr\/wp-json\/wp\/v2\/media?parent=46185"}],"curies":[{"name":"wp","href":"https:\/\/api.w.org\/{rel}","templated":true}]}}