{"id":46182,"date":"2024-07-05T16:06:32","date_gmt":"2024-07-05T16:06:32","guid":{"rendered":"https:\/\/parkinson.ca\/ressources\/"},"modified":"2025-02-04T19:38:49","modified_gmt":"2025-02-04T19:38:49","slug":"publications-educatives","status":"publish","type":"page","link":"https:\/\/www.parkinson.ca\/fr\/publications-educatives\/","title":{"rendered":"Publications \u00e9ducatives"},"content":{"rendered":"\n<div class=\"wp-block-group is-layout-constrained wp-block-group-is-layout-constrained\">\n<h2 class=\"wp-block-heading\"><strong>Publications \u00e9ducatives<\/strong><\/h2>\n\n\n\n<p><\/p>\n\n\n\n<div class=\"wp-block-columns is-layout-flex wp-container-core-columns-is-layout-9d6595d7 wp-block-columns-is-layout-flex\">\n<div class=\"wp-block-column is-layout-flow wp-block-column-is-layout-flow\" style=\"flex-basis:30%\">\n<figure class=\"wp-block-image size-large is-resized\"><img loading=\"lazy\" decoding=\"async\" width=\"791\" height=\"1024\" src=\"https:\/\/parkinson.ca\/wp-content\/uploads\/2024\/10\/Services-Flyer-pdf-791x1024.jpg\" alt=\"\" class=\"wp-image-45168\" style=\"width:293px;height:auto\"\/><\/figure>\n<\/div>\n\n\n\n<div class=\"wp-block-column is-layout-flow wp-block-column-is-layout-flow\">\n<p><\/p>\n\n\n\n<p>Les ressources suivantes sont disponibles gratuitement aupr\u00e8s de Parkinson Canada. Vous pouvez \u00e9galement en demander des exemplaires en envoyant un courriel \u00e0 <a href=\"mailto:support@Parkinson.ca\">support@Parkinson.ca<\/a> ou en appelant le 1-888-664-1974. <br\/><br\/>Parkinson Canada offre une vaste gamme de documents pour aider les personnes, les familles et les professionnels de la sant\u00e9 \u00e0 se renseigner sur la maladie de Parkinson, une maladie neurod\u00e9g\u00e9n\u00e9rative complexe. Que vous veniez de recevoir un diagnostic ou que vous viviez avec la maladie de Parkinson depuis un certain temps, nous esp\u00e9rons que notre page \u00a0\u00bb Ressources \u00a0\u00bb vous facilitera la t\u00e2che. Nous avons organis\u00e9 une multitude de ressources en segments plus petits et plus faciles \u00e0 dig\u00e9rer, qui sont expliqu\u00e9s ci-dessous. Si vous ne trouvez pas ce que vous cherchez, contactez <a href=\"mailto:support@Parkinson.ca\">support@Parkinson.ca.<\/a>   <\/p>\n<\/div>\n<\/div>\n\n\n\n<hr class=\"wp-block-separator has-alpha-channel-opacity\"\/>\n\n\n\n<div style=\"height:100px\" aria-hidden=\"true\" class=\"wp-block-spacer is-style-responsive-xsmall\"><\/div>\n<\/div>\n\n<div class=\"wp-block-group has-white-background-color has-background is-layout-constrained wp-block-group-is-layout-constrained\">\n<h2 class=\"wp-block-heading has-text-align-center has-grey-background-color has-background\">R\u00e9cemment ajout\u00e9<\/h2>\n\n\n\n<div class=\"wp-block-group is-layout-constrained wp-block-group-is-layout-constrained\">\n<div class=\"wp-block-columns alignwide has-blue-background-color has-background is-layout-flex wp-container-core-columns-is-layout-9d6595d7 wp-block-columns-is-layout-flex\">\n<div class=\"wp-block-column is-layout-flow wp-block-column-is-layout-flow\" style=\"flex-basis:75%\">\n<div style=\"height:100px\" aria-hidden=\"true\" class=\"wp-block-spacer is-style-responsive-large\"><\/div>\n\n\n\n<h2 class=\"wp-block-heading\">Chaque victoire compte\u00ae \u00c9dition canadienne<\/h2>\n\n\n\n<p class=\"has-regular-font-size\"><br\/>Dans cette \u00e9dition canadienne nouvellement mise \u00e0 jour, vous trouverez :<\/p>\n\n\n\n<p>Des informations essentielles sur la maladie de Parkinson et des douzaines de sujets souvent n\u00e9glig\u00e9s mais essentiels pour vous aider \u00e0 bien vivre.<br\/>Les points de vue de plus de 50 guides de la maladie de Parkinson, m\u00e9decins, th\u00e9rapeutes et scientifiques qui partagent des recherches de pointe, des strat\u00e9gies et des id\u00e9es pour bien vivre avec la maladie de Parkinson.<\/p>\n\n\n\n<p><br\/>Des informations approfondies sur l&rsquo;exercice, la nutrition, la sant\u00e9 \u00e9motionnelle, les m\u00e9dicaments, les th\u00e9rapies, etc.<\/p>\n<\/div>\n\n\n\n<div class=\"wp-block-column has-blue-background-color has-background is-layout-flow wp-block-column-is-layout-flow\" style=\"flex-basis:66.66%\">\n<figure class=\"wp-block-image alignright size-large is-resized is-style-default\"><img loading=\"lazy\" decoding=\"async\" width=\"787\" height=\"1024\" src=\"https:\/\/parkinson.ca\/wp-content\/uploads\/2024\/10\/EVC-Canada-Cover-787x1024.png\" alt=\"\" class=\"wp-image-45170\" style=\"width:473px;height:auto\" srcset=\"https:\/\/www.parkinson.ca\/wp-content\/uploads\/2024\/10\/EVC-Canada-Cover-787x1024.png 787w, https:\/\/www.parkinson.ca\/wp-content\/uploads\/2024\/10\/EVC-Canada-Cover-230x300.png 230w, https:\/\/www.parkinson.ca\/wp-content\/uploads\/2024\/10\/EVC-Canada-Cover-768x1000.png 768w, https:\/\/www.parkinson.ca\/wp-content\/uploads\/2024\/10\/EVC-Canada-Cover-426x554.png 426w, https:\/\/www.parkinson.ca\/wp-content\/uploads\/2024\/10\/EVC-Canada-Cover-830x1080.png 830w, https:\/\/www.parkinson.ca\/wp-content\/uploads\/2024\/10\/EVC-Canada-Cover.png 1038w\" sizes=\"auto, (max-width: 787px) 100vw, 787px\" \/><\/figure>\n<\/div>\n<\/div>\n<\/div>\n<\/div>\n\n<hr class=\"wp-block-separator has-alpha-channel-opacity\"\/>\n\n<div style=\"height:100px\" aria-hidden=\"true\" class=\"wp-block-spacer is-style-responsive-small\"><\/div>\n\n<div class=\"wp-block-group is-layout-constrained wp-block-group-is-layout-constrained\">\n<h2 class=\"wp-block-heading\">Pour les personnes atteintes de la maladie de Parkinson<\/h2>\n\n\n\n<ul class=\"wp-block-list\">\n<li><a href=\"https:\/\/parkinson.ca\/wp-content\/uploads\/Building-your-healthcare-team.pdf\" data-type=\"attachment\" data-id=\"39305\">Constituer votre \u00e9quipe de soins de sant\u00e9<\/a><\/li>\n\n\n\n<li><a href=\"https:\/\/www.parkinson.ca\/wp-content\/uploads\/Parkinson%E2%80%99s-Disease-and-Driving.pdf\" target=\"_blank\" rel=\"noreferrer noopener\">La maladie de Parkinson et la conduite automobile<\/a><\/li>\n\n\n\n<li><a href=\"https:\/\/www.parkinson.ca\/gated\/parkinsons-disease-an-introductory-guide\/\">La maladie de Parkinson : Guide d&rsquo;introduction<\/a><\/li>\n\n\n\n<li><a href=\"https:\/\/www.parkinson.ca\/gated\/preventing-falls-a-guide-for-people-living-with-parkinsons\">Pr\u00e9venir les chutes chez les personnes atteintes de la maladie de Parkinson<\/a><\/li>\n\n\n\n<li><a href=\"https:\/\/www.parkinson.ca\/wp-content\/uploads\/10_Steps_eng_PC.pdf\" target=\"_blank\" rel=\"noreferrer noopener\">10 \u00e9tapes pour vous aider \u00e0 faire face \u00e0 un diagnostic de maladie de Parkinson<\/a><\/li>\n\n\n\n<li><a href=\"https:\/\/www.parkinson.ca\/wp-content\/uploads\/Exercises_for_people_with_Parkinsons.pdf\" target=\"_blank\" rel=\"noreferrer noopener\">Exercices pour les personnes atteintes de la maladie de Parkinson<\/a><\/li>\n\n\n\n<li><a href=\"https:\/\/www.parkinson.ca\/wp-content\/uploads\/Progression_eng_PC.pdf\" target=\"_blank\" rel=\"noreferrer noopener\">\u00c9volution de la maladie de Parkinson<\/a><\/li>\n<\/ul>\n\n\n\n<h2 class=\"wp-block-heading\">M\u00e9dicaments et maladie de Parkinson<\/h2>\n\n\n\n<ul class=\"wp-block-list\">\n<li><a href=\"https:\/\/www.parkinson.ca\/gated\/medications-to-treat-parkinsons-disease\/\">M\u00e9dicaments pour traiter la maladie de Parkinson<\/a><\/li>\n\n\n\n<li><a href=\"https:\/\/www.parkinson.ca\/wp-content\/uploads\/Parkinsons-Medications-what-you-need-to-know.pdf\" target=\"_blank\" rel=\"noreferrer noopener\">M\u00e9dicaments contre la maladie de Parkinson &#8211; Ce que vous devez savoir<\/a><\/li>\n<\/ul>\n\n\n\n<h2 class=\"wp-block-heading\">Fiches d&rsquo;information<\/h2>\n\n\n\n<ul class=\"wp-block-list\">\n<li><a href=\"https:\/\/www.parkinson.ca\/wp-content\/uploads\/Apathy-and-Parkinsons-disease.pdf\" target=\"_blank\" rel=\"noreferrer noopener\">Apathie et maladie de Parkinson<\/a><\/li>\n\n\n\n<li><a href=\"https:\/\/www.parkinson.ca\/wp-content\/uploads\/Bowel-Management.pdf\" target=\"_blank\" rel=\"noreferrer noopener\">Programme de gestion des intestins<\/a><\/li>\n\n\n\n<li><a href=\"https:\/\/www.parkinson.ca\/wp-content\/uploads\/Parkinsons-Dementia-and-Reactive-Behaviour.pdf\" target=\"_blank\" rel=\"noreferrer noopener\">D\u00e9mence et comportement r\u00e9actif<\/a><\/li>\n\n\n\n<li><a href=\"https:\/\/www.parkinson.ca\/wp-content\/uploads\/Parkinsons-Dementia-and-Special-Communication-Challenges.pdf\" target=\"_blank\" rel=\"noreferrer noopener\">D\u00e9mence et difficult\u00e9s particuli\u00e8res de communication<\/a><\/li>\n\n\n\n<li><a href=\"https:\/\/www.parkinson.ca\/wp-content\/uploads\/Dental-Care.pdf\" target=\"_blank\" rel=\"noreferrer noopener\">Soins dentaires<\/a><\/li>\n\n\n\n<li><a href=\"https:\/\/www.parkinson.ca\/wp-content\/uploads\/Parkinson%E2%80%99s-Disease-Depression-and-Anxiety.pdf?v1\" target=\"_blank\" rel=\"noreferrer noopener\">D\u00e9pression et anxi\u00e9t\u00e9<\/a><\/li>\n\n\n\n<li><a href=\"https:\/\/www.parkinson.ca\/wp-content\/uploads\/Hallucinations-and-delusions-in-Parkinsons-1.pdf\" target=\"_blank\" rel=\"noreferrer noopener\">Hallucinations et d\u00e9lires dans la maladie de Parkinson<\/a><\/li>\n\n\n\n<li><a href=\"https:\/\/www.parkinson.ca\/wp-content\/uploads\/Levodopa-and-Protein-Medication-Absorption-Concerns.pdf\" target=\"_blank\" rel=\"noreferrer noopener\">L\u00e9vodopa et prot\u00e9ines : Probl\u00e8mes d&rsquo;absorption des m\u00e9dicaments<\/a><\/li>\n\n\n\n<li><a href=\"https:\/\/www.parkinson.ca\/wp-content\/uploads\/Lewy-Body-Dementia.pdf\" target=\"_blank\" rel=\"noreferrer noopener\">D\u00e9mence \u00e0 corps de Lewy<\/a><\/li>\n\n\n\n<li><a href=\"https:\/\/www.parkinson.ca\/wp-content\/uploads\/Low-Blood-pressure-and-Parkinsons-orthostatic-hypotension.pdf\" target=\"_blank\" rel=\"noreferrer noopener\">Hypotension orthostatique et maladie de Parkinson<\/a><\/li>\n\n\n\n<li><a href=\"https:\/\/www.parkinson.ca\/wp-content\/uploads\/Management-of-Saliva-and-Drooling.pdf\" target=\"_blank\" rel=\"noreferrer noopener\">Prise en charge de la salive et du bavage<\/a><\/li>\n\n\n\n<li><a href=\"https:\/\/www.parkinson.ca\/wp-content\/uploads\/Nutrition-and-Parkinsons-Disease.pdf\" target=\"_blank\" rel=\"noreferrer noopener\">Nutrition et maladie de Parkinson<\/a><\/li>\n\n\n\n<li><a href=\"https:\/\/www.parkinson.ca\/wp-content\/uploads\/Parkinsons-disease-and-Sleep-issues-fact-sheet.pdf\">Probl\u00e8mes de sommeil<\/a><\/li>\n\n\n\n<li><a href=\"https:\/\/www.parkinson.ca\/wp-content\/uploads\/Speech-Problems.pdf\" target=\"_blank\" rel=\"noreferrer noopener\">Probl\u00e8mes d&rsquo;\u00e9locution<\/a><\/li>\n\n\n\n<li><a href=\"https:\/\/www.parkinson.ca\/wp-content\/uploads\/Swallowing.pdf\" target=\"_blank\" rel=\"noreferrer noopener\">Probl\u00e8mes de d\u00e9glutition<\/a><\/li>\n\n\n\n<li><a href=\"https:\/\/www.parkinson.ca\/wp-content\/uploads\/Pd-and-Travelling.pdf\" target=\"_blank\" rel=\"noreferrer noopener\">Voyages<\/a><\/li>\n\n\n\n<li><a href=\"https:\/\/www.parkinson.ca\/wp-content\/uploads\/Voice-and-PD.pdf\" target=\"_blank\" rel=\"noreferrer noopener\">La voix et la maladie de Parkinson<\/a><\/li>\n\n\n\n<li><a href=\"https:\/\/www.parkinson.ca\/wp-content\/uploads\/Your-Health-Care-Team-and-how-to-access-it.pdf\" target=\"_blank\" rel=\"noreferrer noopener\">Votre \u00e9quipe de soins de sant\u00e9 et comment y acc\u00e9der<\/a><\/li>\n<\/ul>\n\n\n\n<h2 class=\"wp-block-heading\">Pour les soignants<\/h2>\n\n\n\n<ul class=\"wp-block-list\">\n<li><a href=\"https:\/\/www.parkinson.ca\/gated\/care-partnering-managing-parkinsons-disease-together\/\" target=\"_blank\" rel=\"noreferrer noopener\">Partenariat de soins : G\u00e9rer ensemble la maladie de Parkinson<\/a><\/li>\n\n\n\n<li><a href=\"https:\/\/www.parkinson.ca\/wp-content\/uploads\/Enhancing-Communication.pdf\" target=\"_blank\" rel=\"noreferrer noopener\">Am\u00e9liorer la communication avec une personne atteinte de la maladie de Parkinson &#8211; Conseils pour les soignants, les amis et la famille<\/a><\/li>\n\n\n\n<li><a href=\"https:\/\/www.parkinson.ca\/wp-content\/uploads\/Caregiver_Self-Assessment_Questionnaire.pdf\" target=\"_blank\" rel=\"noreferrer noopener\">Questionnaire d&rsquo;auto-\u00e9valuation de l&rsquo;aidant<\/a><\/li>\n\n\n\n<li><a href=\"https:\/\/www.parkinson.ca\/wp-content\/uploads\/Effective-Communication_2017.pdf\" target=\"_blank\" rel=\"noreferrer noopener\">Communication avec une personne souffrant de troubles cognitifs<\/a><\/li>\n<\/ul>\n\n\n\n<h2 class=\"wp-block-heading\" id=\"educational-professionals\">Pour les professionnels de la sant\u00e9<\/h2>\n\n\n\n<ul class=\"wp-block-list\">\n<li><a href=\"http:\/\/www.parkinsonclinicalguidelines.ca\/\" target=\"_blank\" rel=\"noreferrer noopener\">Lignes directrices canadiennes sur la maladie de Parkinson<\/a><\/li>\n<\/ul>\n<\/div>\n\n<div style=\"height:100px\" aria-hidden=\"true\" class=\"wp-block-spacer is-style-responsive-large\"><\/div>\n","protected":false},"excerpt":{"rendered":"<p>Publications \u00e9ducatives Les ressources suivantes sont disponibles gratuitement aupr\u00e8s de Parkinson Canada. Vous pouvez \u00e9galement en demander des exemplaires en envoyant un courriel \u00e0 support@Parkinson.ca ou en appelant le 1-888-664-1974. Parkinson Canada offre une vaste gamme de documents pour aider les personnes, les familles et les professionnels de la sant\u00e9 \u00e0 se renseigner sur la [&hellip;]<\/p>\n","protected":false},"author":96,"featured_media":0,"parent":0,"menu_order":0,"comment_status":"closed","ping_status":"closed","template":"","meta":{"_acf_changed":false,"footnotes":""},"class_list":["post-46182","page","type-page","status-publish","hentry"],"acf":[],"aioseo_notices":[],"_links":{"self":[{"href":"https:\/\/www.parkinson.ca\/fr\/wp-json\/wp\/v2\/pages\/46182","targetHints":{"allow":["GET"]}}],"collection":[{"href":"https:\/\/www.parkinson.ca\/fr\/wp-json\/wp\/v2\/pages"}],"about":[{"href":"https:\/\/www.parkinson.ca\/fr\/wp-json\/wp\/v2\/types\/page"}],"author":[{"embeddable":true,"href":"https:\/\/www.parkinson.ca\/fr\/wp-json\/wp\/v2\/users\/96"}],"replies":[{"embeddable":true,"href":"https:\/\/www.parkinson.ca\/fr\/wp-json\/wp\/v2\/comments?post=46182"}],"version-history":[{"count":3,"href":"https:\/\/www.parkinson.ca\/fr\/wp-json\/wp\/v2\/pages\/46182\/revisions"}],"predecessor-version":[{"id":48527,"href":"https:\/\/www.parkinson.ca\/fr\/wp-json\/wp\/v2\/pages\/46182\/revisions\/48527"}],"wp:attachment":[{"href":"https:\/\/www.parkinson.ca\/fr\/wp-json\/wp\/v2\/media?parent=46182"}],"curies":[{"name":"wp","href":"https:\/\/api.w.org\/{rel}","templated":true}]}}