{"id":46179,"date":"2024-07-05T16:03:54","date_gmt":"2024-07-05T16:03:54","guid":{"rendered":"https:\/\/parkinson.ca\/responsabilite\/"},"modified":"2025-09-23T19:22:19","modified_gmt":"2025-09-23T19:22:19","slug":"responsabilite","status":"publish","type":"page","link":"https:\/\/www.parkinson.ca\/fr\/a-propos-de-nous\/responsabilite\/","title":{"rendered":"Responsabilit\u00e9"},"content":{"rendered":"\n<div class=\"wp-block-group is-layout-constrained wp-block-group-is-layout-constrained\">\n<p class=\"has-large-font-size\"><strong>La responsabilit\u00e9 guide chacune de nos actions. Nous nous engageons \u00e0 pr\u00e9server la confiance de notre communaut\u00e9 et \u00e0 faire une diff\u00e9rence concr\u00e8te.<\/strong><\/p>\n\n\n\n<p>Chez Parkinson Canada, les personnes vivant avec Parkinson passent toujours en premier. <strong>Toujours.<\/strong><\/p>\n\n\n\n<p>Nous mettons en \u0153uvre des pratiques de collecte de fonds claires et honn\u00eates. Nous travaillons chaque jour pour m\u00e9riter votre confiance et votre soutien afin d\u2019am\u00e9liorer la vie de celles et ceux touch\u00e9s par Parkinson. Honorer votre confiance, c\u2019est une promesse que nous prenons au s\u00e9rieux.<\/p>\n\n\n\n<p>Nous voulons que vous puissiez croire en notre int\u00e9grit\u00e9. C\u2019est pourquoi nous allons au-del\u00e0 des exigences l\u00e9gales, y compris celles de l\u2019Agence du revenu du Canada, et que nous avons obtenu l\u2019accr\u00e9ditation d\u2019Imagine Canada.<\/p>\n\n\n\n<p>En tant que membre du Programme de normes d\u2019Imagine Canada, Parkinson Canada respecte des crit\u00e8res tr\u00e8s \u00e9lev\u00e9s dans les domaines de la gouvernance, de la transparence financi\u00e8re, des proc\u00e9dures de collecte de fonds et de la gestion responsable.<\/p>\n\n\n\n<p>Nous tenons profond\u00e9ment \u00e0 vous, nos donateurs, b\u00e9n\u00e9voles, partenaires et b\u00e9n\u00e9ficiaires. Nous prot\u00e9geons la r\u00e9putation de Parkinson Canada en respectant vos droits, votre dignit\u00e9 et votre vie priv\u00e9e. Vous pouvez \u00eatre assur\u00e9s que vos dons seront utilis\u00e9s efficacement, selon vos souhaits.<\/p>\n<\/div>\n\n\n\n<div style=\"height:100px\" aria-hidden=\"true\" class=\"wp-block-spacer\"><\/div>\n\n\n\n<div class=\"wp-block-columns is-layout-flex wp-container-core-columns-is-layout-9d6595d7 wp-block-columns-is-layout-flex\">\n<div class=\"wp-block-column has-ice-blue-background-color has-background is-layout-flow wp-block-column-is-layout-flow\">\n<h2 class=\"wp-block-heading has-text-align-center has-blue-color has-text-color has-link-color has-medium-font-size wp-elements-6fe31a03e007250dd97cf4cf21c13a66\"><strong>Accessibilit\u00e9<\/strong><\/h2>\n\n\n\n<p class=\"has-text-align-center\">Veiller \u00e0 ce que les services, les installations et les communications soient inclusifs et accessibles \u00e0 toutes et \u00e0 tous.<\/p>\n\n\n\n<div class=\"wp-block-buttons is-content-justification-center is-layout-flex wp-container-core-buttons-is-layout-16018d1d wp-block-buttons-is-layout-flex\">\n<div class=\"wp-block-button\"><a class=\"wp-block-button__link wp-element-button\" href=\"https:\/\/www.parkinson.ca\/fr\/a-propos-de-nous\/responsabilite\/accessibilite\/\">En savoir plus<\/a><\/div>\n<\/div>\n<\/div>\n\n\n\n<div class=\"wp-block-column has-ice-blue-background-color has-background is-layout-flow wp-block-column-is-layout-flow\">\n<h2 class=\"wp-block-heading has-text-align-center has-blue-color has-text-color has-link-color has-medium-font-size wp-elements-cdde227de7d401a208086db92a24f393\"><strong>Politique et proc\u00e9dure de traitement des plaintes<\/strong><\/h2>\n\n\n\n<p class=\"has-text-align-center\">D\u00e9crit comment formuler officiellement une pr\u00e9occupation concernant un service ou un comportement, en garantissant une r\u00e9solution \u00e9quitable, transparente et rapide.<\/p>\n\n\n\n<div class=\"wp-block-buttons is-content-justification-center is-layout-flex wp-container-core-buttons-is-layout-16018d1d wp-block-buttons-is-layout-flex\">\n<div class=\"wp-block-button\"><a class=\"wp-block-button__link wp-element-button\" href=\"https:\/\/www.parkinson.ca\/fr\/a-propos-de-nous\/responsabilite\/politique-et-procedure-de-traitement-des-plaintes\/\">En savoir plus<\/a><\/div>\n<\/div>\n<\/div>\n\n\n\n<div class=\"wp-block-column has-ice-blue-background-color has-background is-layout-flow wp-block-column-is-layout-flow\">\n<h2 class=\"wp-block-heading has-text-align-center has-blue-color has-text-color has-link-color has-medium-font-size wp-elements-569b68ac22b0eb9c25945e0289160e8b\"><strong>Politique de d\u00e9nonciation<\/strong><\/h2>\n\n\n\n<p class=\"has-text-align-center\">Assure la confidentialit\u00e9, prot\u00e8ge contre les repr\u00e9sailles et \u00e9tablit une proc\u00e9dure d\u2019enqu\u00eate claire.<\/p>\n\n\n\n<div class=\"wp-block-buttons is-content-justification-center is-layout-flex wp-container-core-buttons-is-layout-16018d1d wp-block-buttons-is-layout-flex\">\n<div class=\"wp-block-button\"><a class=\"wp-block-button__link wp-element-button\" href=\"https:\/\/www.parkinson.ca\/fr\/a-propos-de-nous\/responsabilite\/politique-de-denonciation\/\">En savoir plus<\/a><\/div>\n<\/div>\n<\/div>\n<\/div>\n\n\n\n<div style=\"height:100px\" aria-hidden=\"true\" class=\"wp-block-spacer\"><\/div>\n\n\n\n<h2 class=\"wp-block-heading\">Accr\u00e9ditation d&rsquo;Imagine Canada<\/h2>\n\n\n\n<div class=\"wp-block-columns is-layout-flex wp-container-core-columns-is-layout-9d6595d7 wp-block-columns-is-layout-flex\">\n<div class=\"wp-block-column is-vertically-aligned-center is-layout-flow wp-block-column-is-layout-flow\" style=\"flex-basis:50%\">\n<p class=\"has-medium-font-size\">Parkinson Canada est accr\u00e9dit\u00e9 par Imagine Canada dans le cadre de son programme national de normes, en reconnaissance de l\u2019excellence d\u00e9montr\u00e9e dans cinq domaines d\u2019activit\u00e9. Cette accr\u00e9ditation ind\u00e9pendante confirme que nos pratiques de gouvernance et de gestion r\u00e9pondent aux plus hauts standards de transparence et de responsabilit\u00e9. Les donateurs peuvent avoir l\u2019assurance que leur g\u00e9n\u00e9rosit\u00e9 est entre de bonnes mains.<\/p>\n<\/div>\n\n\n\n<div class=\"wp-block-column is-layout-flow wp-block-column-is-layout-flow\"><\/div>\n\n\n\n<div class=\"wp-block-column is-vertically-aligned-center is-layout-flow wp-block-column-is-layout-flow\" style=\"flex-basis:33.33%\">\n<figure class=\"wp-block-image size-full is-resized\"><img loading=\"lazy\" decoding=\"async\" width=\"818\" height=\"643\" src=\"https:\/\/www.parkinson.ca\/wp-content\/uploads\/2025\/02\/IC-Standards_Trustmark_Stacked_A_Colour_French-1_5.png\" alt=\"\" class=\"wp-image-48681\" style=\"width:234px;height:auto\" srcset=\"https:\/\/www.parkinson.ca\/wp-content\/uploads\/2025\/02\/IC-Standards_Trustmark_Stacked_A_Colour_French-1_5.png 818w, https:\/\/www.parkinson.ca\/wp-content\/uploads\/2025\/02\/IC-Standards_Trustmark_Stacked_A_Colour_French-1_5-300x236.png 300w, https:\/\/www.parkinson.ca\/wp-content\/uploads\/2025\/02\/IC-Standards_Trustmark_Stacked_A_Colour_French-1_5-768x604.png 768w, https:\/\/www.parkinson.ca\/wp-content\/uploads\/2025\/02\/IC-Standards_Trustmark_Stacked_A_Colour_French-1_5-426x335.png 426w\" sizes=\"auto, (max-width: 818px) 100vw, 818px\" \/><\/figure>\n<\/div>\n<\/div>\n\n\n\n<div style=\"height:100px\" aria-hidden=\"true\" class=\"wp-block-spacer is-style-default\"><\/div>\n\n\n\n<div class=\"wp-block-group alignfull has-ice-blue-background-color has-background is-layout-constrained wp-block-group-is-layout-constrained\">\n<div class=\"wp-block-columns has-ice-blue-background-color has-background is-layout-flex wp-container-core-columns-is-layout-9d6595d7 wp-block-columns-is-layout-flex\">\n<div class=\"wp-block-column is-vertically-aligned-center is-layout-flow wp-block-column-is-layout-flow\">\n<h3 class=\"wp-block-heading\">Avez-vous besoin d&rsquo;aide ?<\/h3>\n\n\n\n<p>Nous sommes l\u00e0 pour vous aider.<\/p>\n\n\n\n<p>Peu importe o\u00f9 vous en \u00eates dans votre cheminement avec la maladie de Parkinson, vous n&rsquo;\u00eates pas seul. Notre \u00e9quipe est pr\u00eate \u00e0 vous fournir des conseils, des ressources et une oreille attentive. Que vous ayez des questions, que vous ayez besoin d&rsquo;aide ou que vous souhaitiez simplement entrer en contact, nous sommes l\u00e0 pour vous aider.<\/p>\n\n\n\n<p>Vous n&rsquo;avez pas \u00e0 faire face seul \u00e0 cette situation &#8211; tendez la main d\u00e8s aujourd&rsquo;hui.<\/p>\n\n\n\n<div class=\"wp-block-buttons is-horizontal is-layout-flex wp-block-buttons-is-layout-flex\">\n<div class=\"wp-block-button\"><a class=\"wp-block-button__link has-ice-blue-background-color has-background wp-element-button\" href=\"tel:1 (888) 664-1974\">Appelez-nous : 1 (888) 664-1974<\/a><\/div>\n\n\n\n<div class=\"wp-block-button\"><a class=\"wp-block-button__link has-ice-blue-background-color has-background wp-element-button\" href=\"mailto:support@parkinson.ca\">Envoyez-nous un courriel<\/a><\/div>\n<\/div>\n<\/div>\n<\/div>\n<\/div>\n","protected":false},"excerpt":{"rendered":"<p>La responsabilit\u00e9 guide chacune de nos actions. Nous nous engageons \u00e0 pr\u00e9server la confiance de notre communaut\u00e9 et \u00e0 faire une diff\u00e9rence concr\u00e8te. Chez Parkinson Canada, les personnes vivant avec Parkinson passent toujours en premier. Toujours. Nous mettons en \u0153uvre des pratiques de collecte de fonds claires et honn\u00eates. Nous travaillons chaque jour pour m\u00e9riter [&hellip;]<\/p>\n","protected":false},"author":107,"featured_media":49131,"parent":46709,"menu_order":3,"comment_status":"closed","ping_status":"closed","template":"","meta":{"_acf_changed":false,"footnotes":""},"class_list":["post-46179","page","type-page","status-publish","has-post-thumbnail","hentry"],"acf":[],"aioseo_notices":[],"_links":{"self":[{"href":"https:\/\/www.parkinson.ca\/fr\/wp-json\/wp\/v2\/pages\/46179","targetHints":{"allow":["GET"]}}],"collection":[{"href":"https:\/\/www.parkinson.ca\/fr\/wp-json\/wp\/v2\/pages"}],"about":[{"href":"https:\/\/www.parkinson.ca\/fr\/wp-json\/wp\/v2\/types\/page"}],"author":[{"embeddable":true,"href":"https:\/\/www.parkinson.ca\/fr\/wp-json\/wp\/v2\/users\/107"}],"replies":[{"embeddable":true,"href":"https:\/\/www.parkinson.ca\/fr\/wp-json\/wp\/v2\/comments?post=46179"}],"version-history":[{"count":10,"href":"https:\/\/www.parkinson.ca\/fr\/wp-json\/wp\/v2\/pages\/46179\/revisions"}],"predecessor-version":[{"id":54503,"href":"https:\/\/www.parkinson.ca\/fr\/wp-json\/wp\/v2\/pages\/46179\/revisions\/54503"}],"up":[{"embeddable":true,"href":"https:\/\/www.parkinson.ca\/fr\/wp-json\/wp\/v2\/pages\/46709"}],"wp:featuredmedia":[{"embeddable":true,"href":"https:\/\/www.parkinson.ca\/fr\/wp-json\/wp\/v2\/media\/49131"}],"wp:attachment":[{"href":"https:\/\/www.parkinson.ca\/fr\/wp-json\/wp\/v2\/media?parent=46179"}],"curies":[{"name":"wp","href":"https:\/\/api.w.org\/{rel}","templated":true}]}}