{"id":46177,"date":"2024-07-05T16:04:04","date_gmt":"2024-07-05T16:04:04","guid":{"rendered":"https:\/\/parkinson.ca\/equipe-de-direction\/"},"modified":"2026-04-27T14:26:51","modified_gmt":"2026-04-27T14:26:51","slug":"equipe-de-direction","status":"publish","type":"page","link":"https:\/\/www.parkinson.ca\/fr\/a-propos-de-nous\/equipe-de-direction\/","title":{"rendered":"L&rsquo;\u00e9quipe dirigeante"},"content":{"rendered":"\n<div class=\"wp-block-cover alignfull is-light\"><img loading=\"lazy\" decoding=\"async\" width=\"1707\" height=\"2560\" class=\"wp-block-cover__image-background wp-image-50418\" alt=\"\" src=\"https:\/\/parkinson.ca\/wp-content\/uploads\/2025\/03\/toa-heftiba-4xe-yVFJCvw-unsplash-scaled.jpg\" style=\"object-position:48% 39%\" data-object-fit=\"cover\" data-object-position=\"48% 39%\" srcset=\"https:\/\/www.parkinson.ca\/wp-content\/uploads\/2025\/03\/toa-heftiba-4xe-yVFJCvw-unsplash-scaled.jpg 1707w, https:\/\/www.parkinson.ca\/wp-content\/uploads\/2025\/03\/toa-heftiba-4xe-yVFJCvw-unsplash-200x300.jpg 200w, https:\/\/www.parkinson.ca\/wp-content\/uploads\/2025\/03\/toa-heftiba-4xe-yVFJCvw-unsplash-683x1024.jpg 683w, https:\/\/www.parkinson.ca\/wp-content\/uploads\/2025\/03\/toa-heftiba-4xe-yVFJCvw-unsplash-768x1152.jpg 768w, https:\/\/www.parkinson.ca\/wp-content\/uploads\/2025\/03\/toa-heftiba-4xe-yVFJCvw-unsplash-426x639.jpg 426w, https:\/\/www.parkinson.ca\/wp-content\/uploads\/2025\/03\/toa-heftiba-4xe-yVFJCvw-unsplash-720x1080.jpg 720w, https:\/\/www.parkinson.ca\/wp-content\/uploads\/2025\/03\/toa-heftiba-4xe-yVFJCvw-unsplash-1667x2500.jpg 1667w\" sizes=\"auto, (max-width: 1707px) 100vw, 1707px\" \/><span aria-hidden=\"true\" class=\"wp-block-cover__background has-background-dim-60 has-background-dim\" style=\"background-color:#a3a9a9\"><\/span><div class=\"wp-block-cover__inner-container is-layout-constrained wp-block-cover-is-layout-constrained\">\n<p class=\"has-text-align-center has-base-color has-text-color has-link-color has-xxlarge-font-size wp-elements-729df81044488064c5d6a9478ba35d9d\">Unis par un m\u00eame objectif : am\u00e9liorer la vie des personnes touch\u00e9es par la maladie de Parkinson.<\/p>\n<\/div><\/div>\n\n\n\n<div style=\"height:100px\" aria-hidden=\"true\" class=\"wp-block-spacer is-style-responsive-small\"><\/div>\n\n\n\n<div class=\"wp-block-group is-content-justification-center is-layout-constrained wp-container-core-group-is-layout-83756ea7 wp-block-group-is-layout-constrained\">\n<blockquote class=\"wp-block-quote has-text-align-center is-layout-flow wp-block-quote-is-layout-flow\">\n<p class=\"has-text-align-center has-large-font-size\">Notre \u00e9quipe de direction rassemble des professionnels exp\u00e9riment\u00e9s et engag\u00e9s, d\u00e9termin\u00e9s \u00e0 faire avancer notre mission, encourager l\u2019innovation et g\u00e9n\u00e9rer un impact durable.<\/p>\n<\/blockquote>\n<\/div>\n\n\n\n<div style=\"height:100px\" aria-hidden=\"true\" class=\"wp-block-spacer is-style-responsive-small\"><\/div>\n\n\n\n<h2 class=\"wp-block-heading\">Rencontrez notre \u00e9quipe de direction :<\/h2>\n\n\n\n<div style=\"height:100px\" aria-hidden=\"true\" class=\"wp-block-spacer is-style-responsive-xsmall\"><\/div>\n\n\n\n<div class=\"wp-block-columns is-layout-flex wp-container-core-columns-is-layout-9d6595d7 wp-block-columns-is-layout-flex\">\n<div class=\"wp-block-column is-vertically-aligned-top is-layout-flow wp-block-column-is-layout-flow\">\n<figure class=\"wp-block-image aligncenter size-large is-resized is-style-rounded\"><img decoding=\"async\" src=\"https:\/\/parkinson.ca\/wp-content\/uploads\/\/Karen-BOD-new-photo-467x700.jpg\" alt=\"Karen Lee sourit sur un clich\u00e9\" class=\"wp-image-41160\" style=\"box-shadow:var(--wp--preset--shadow--natural);object-fit:cover;width:235px;height:235px\"\/><\/figure>\n\n\n\n<h3 class=\"wp-block-heading alignfull has-text-align-center has-blue-color has-text-color has-link-color wp-elements-b4ebdebab6de05695e60e28fcb32c6bf\"><a href=\"https:\/\/parkinson.ca\/profile\/karen-lee\/\" title=\"Karen Lee, Ph.D.\">Karen Lee, Ph.D.<\/a><\/h3>\n\n\n\n<p class=\"has-text-align-center\">Pr\u00e9sidente et chef de la direction<\/p>\n<\/div>\n\n\n\n<div class=\"wp-block-column is-layout-flow wp-block-column-is-layout-flow\">\n<figure class=\"wp-block-image aligncenter size-full is-resized is-style-rounded\"><img loading=\"lazy\" decoding=\"async\" width=\"539\" height=\"500\" src=\"https:\/\/parkinson.ca\/wp-content\/uploads\/2026\/01\/Sathy-Profile-Photo-Crop.jpg\" alt=\"\" class=\"wp-image-56284\" style=\"box-shadow:var(--wp--preset--shadow--natural);object-fit:cover;width:235px;height:235px\" srcset=\"https:\/\/www.parkinson.ca\/wp-content\/uploads\/2026\/01\/Sathy-Profile-Photo-Crop.jpg 539w, https:\/\/www.parkinson.ca\/wp-content\/uploads\/2026\/01\/Sathy-Profile-Photo-Crop-300x278.jpg 300w, https:\/\/www.parkinson.ca\/wp-content\/uploads\/2026\/01\/Sathy-Profile-Photo-Crop-426x395.jpg 426w, https:\/\/www.parkinson.ca\/wp-content\/uploads\/2026\/01\/Sathy-Profile-Photo-Crop-50x46.jpg 50w, https:\/\/www.parkinson.ca\/wp-content\/uploads\/2026\/01\/Sathy-Profile-Photo-Crop-100x93.jpg 100w\" sizes=\"auto, (max-width: 539px) 100vw, 539px\" \/><\/figure>\n\n\n\n<h3 class=\"wp-block-heading has-text-align-center has-blue-color has-text-color has-link-color wp-elements-de250997bec4932efff74282afc81fdc\"><a href=\"https:\/\/parkinson.ca\/profile\/sathy-rajasekharan\/\" title=\"Sathy Rajasekharan\">Sathy Rajasekharan<\/a><\/h3>\n\n\n\n<p class=\"has-text-align-center\">Vice-pr\u00e9sident, Programmes de transformation et soutien<br><\/p>\n<\/div>\n\n\n\n<div class=\"wp-block-column is-vertically-aligned-center is-layout-flow wp-block-column-is-layout-flow\">\n<figure class=\"wp-block-image size-full is-resized is-style-rounded\"><img loading=\"lazy\" decoding=\"async\" width=\"284\" height=\"284\" src=\"https:\/\/parkinson.ca\/wp-content\/uploads\/2024\/10\/Scott-Townsend.jpg\" alt=\"Scott Townsend en photo\" class=\"wp-image-45160\" style=\"box-shadow:var(--wp--preset--shadow--natural);object-fit:cover;width:235px;height:235px\" srcset=\"https:\/\/www.parkinson.ca\/wp-content\/uploads\/2024\/10\/Scott-Townsend.jpg 284w, https:\/\/www.parkinson.ca\/wp-content\/uploads\/2024\/10\/Scott-Townsend-150x150.jpg 150w\" sizes=\"auto, (max-width: 284px) 100vw, 284px\" \/><\/figure>\n\n\n\n<h3 class=\"wp-block-heading has-text-align-center has-blue-color has-text-color has-link-color wp-elements-e16602bec42691f23382b294795b1d26\"><a href=\"https:\/\/parkinson.ca\/profile\/scott-townsend\/\" title=\"Scott Townsend\">Scott Townsend<\/a><\/h3>\n\n\n\n<p class=\"has-text-align-center\">Vice-pr\u00e9sident, strat\u00e9gie de marque, marketing et communication  <\/p>\n<\/div>\n<\/div>\n\n\n\n<div class=\"wp-block-columns is-layout-flex wp-container-core-columns-is-layout-9d6595d7 wp-block-columns-is-layout-flex\">\n<div class=\"wp-block-column is-vertically-aligned-top is-layout-flow wp-block-column-is-layout-flow\">\n<div class=\"wp-block-group is-content-justification-center is-nowrap is-layout-flex wp-container-core-group-is-layout-94bc23d7 wp-block-group-is-layout-flex\">\n\n<div class=\"icon-block text-left\" >\n  <div class=\"icon icon-position-avant\">\n  \n  \n    <!-- ICON AFTER \/ BOTTOM -->\n    \n    <!-- SYMBOL -->\n    <div class=\"icon-symbol\" \n      style=\"font-size: 25px\">\n              <i class=\"fa-classic fa-solid fa-paper-plane\" \n                          aria-label='fa-classic fa-solid fa-paper-plane' \n             >\n        <\/i>\n          <\/div>\n\n    <!-- ICON BEFORE \/ TOP -->\n    \n      <\/div>\n<\/div>\n\n\n<p><a href=\"mailto:ceo@parkinson.ca\" target=\"_blank\" rel=\"noreferrer noopener\">Envoyez un courriel \u00e0 Karen<\/a> <\/p>\n<\/div>\n<\/div>\n\n\n\n<div class=\"wp-block-column is-vertically-aligned-top is-layout-flow wp-block-column-is-layout-flow\">\n<div class=\"wp-block-group is-content-justification-center is-nowrap is-layout-flex wp-container-core-group-is-layout-94bc23d7 wp-block-group-is-layout-flex\">\n\n<div class=\"icon-block text-left\" >\n  <div class=\"icon icon-position-before\">\n  \n  \n    <!-- ICON AFTER \/ BOTTOM -->\n    \n    <!-- SYMBOL -->\n    <div class=\"icon-symbol\" \n      style=\"font-size: 25px\">\n              <i class=\"fa-classic fa-solid fa-paper-plane\" \n                          aria-label='fa-classic fa-solid fa-paper-plane' \n             >\n        <\/i>\n          <\/div>\n\n    <!-- ICON BEFORE \/ TOP -->\n            <div class=\"icon-label\"><\/div>\n    \n      <\/div>\n<\/div>\n\n\n<p class=\"has-text-align-center\"><a href=\"mailto:Sathy.Rajan@Parkinson.ca\" title=\"Email Sathy&nbsp;\">Envoyer un courriel \u00e0 Sathy&nbsp;<\/a><\/p>\n<\/div>\n<\/div>\n\n\n\n<div class=\"wp-block-column is-vertically-aligned-center is-layout-flow wp-block-column-is-layout-flow\">\n<div class=\"wp-block-group is-content-justification-center is-nowrap is-layout-flex wp-container-core-group-is-layout-94bc23d7 wp-block-group-is-layout-flex\">\n\n<div class=\"icon-block text-left\" >\n  <div class=\"icon icon-position-avant\">\n  \n  \n    <!-- ICON AFTER \/ BOTTOM -->\n    \n    <!-- SYMBOL -->\n    <div class=\"icon-symbol\" \n      style=\"font-size: 25px\">\n              <i class=\"fa-classic fa-solid fa-paper-plane\" \n                          aria-label='fa-classic fa-solid fa-paper-plane' \n             >\n        <\/i>\n          <\/div>\n\n    <!-- ICON BEFORE \/ TOP -->\n    \n      <\/div>\n<\/div>\n\n\n<p><a href=\"mailto:scott.townsend@parkinson.ca\" target=\"_blank\" rel=\"noreferrer noopener\">Envoyez un courriel \u00e0 Scott<\/a> <\/p>\n<\/div>\n<\/div>\n<\/div>\n\n\n\n<div class=\"wp-block-columns is-layout-flex wp-container-core-columns-is-layout-9d6595d7 wp-block-columns-is-layout-flex\">\n\n\n<div class=\"wp-block-column is-layout-flow wp-block-column-is-layout-flow\">\n<figure class=\"wp-block-image size-full is-resized is-style-rounded\"><img loading=\"lazy\" decoding=\"async\" width=\"1707\" height=\"2560\" src=\"https:\/\/www.parkinson.ca\/wp-content\/uploads\/2026\/02\/Small-Pic-scaled.jpg\" alt=\"\" class=\"wp-image-56960\" style=\"box-shadow:var(--wp--preset--shadow--natural);object-fit:cover;width:235px;height:235px\" srcset=\"https:\/\/www.parkinson.ca\/wp-content\/uploads\/2026\/02\/Small-Pic-scaled.jpg 1707w, https:\/\/www.parkinson.ca\/wp-content\/uploads\/2026\/02\/Small-Pic-200x300.jpg 200w, https:\/\/www.parkinson.ca\/wp-content\/uploads\/2026\/02\/Small-Pic-683x1024.jpg 683w, https:\/\/www.parkinson.ca\/wp-content\/uploads\/2026\/02\/Small-Pic-768x1152.jpg 768w, https:\/\/www.parkinson.ca\/wp-content\/uploads\/2026\/02\/Small-Pic-426x639.jpg 426w, https:\/\/www.parkinson.ca\/wp-content\/uploads\/2026\/02\/Small-Pic-720x1080.jpg 720w, https:\/\/www.parkinson.ca\/wp-content\/uploads\/2026\/02\/Small-Pic-1667x2500.jpg 1667w, https:\/\/www.parkinson.ca\/wp-content\/uploads\/2026\/02\/Small-Pic-33x50.jpg 33w, https:\/\/www.parkinson.ca\/wp-content\/uploads\/2026\/02\/Small-Pic-67x100.jpg 67w\" sizes=\"auto, (max-width: 1707px) 100vw, 1707px\" \/><\/figure>\n\n\n\n<h3 class=\"wp-block-heading has-text-align-center has-blue-color has-text-color has-link-color wp-elements-62d62acb3edb5e0bec76488f2db01616\"><a href=\"https:\/\/www.parkinson.ca\/profile\/jennifer-doherty\/\" title=\"Jennifer Doherty\">Jennifer Doherty<\/a><\/h3>\n\n\n\n<p class=\"has-text-align-center\">Personnes et culture<\/p>\n<\/div>\n\n\n\n<div class=\"wp-block-column is-layout-flow wp-block-column-is-layout-flow\">\n<figure class=\"wp-block-image size-full is-resized is-style-rounded\"><img loading=\"lazy\" decoding=\"async\" width=\"400\" height=\"400\" src=\"https:\/\/www.parkinson.ca\/wp-content\/uploads\/2026\/04\/Vijay-photo.jpg\" alt=\"Vijay Venkatesan photo\" class=\"wp-image-58913\" style=\"box-shadow:var(--wp--preset--shadow--natural);object-fit:cover;width:235px;height:235px\" srcset=\"https:\/\/www.parkinson.ca\/wp-content\/uploads\/2026\/04\/Vijay-photo.jpg 400w, https:\/\/www.parkinson.ca\/wp-content\/uploads\/2026\/04\/Vijay-photo-300x300.jpg 300w, https:\/\/www.parkinson.ca\/wp-content\/uploads\/2026\/04\/Vijay-photo-150x150.jpg 150w, https:\/\/www.parkinson.ca\/wp-content\/uploads\/2026\/04\/Vijay-photo-50x50.jpg 50w, https:\/\/www.parkinson.ca\/wp-content\/uploads\/2026\/04\/Vijay-photo-100x100.jpg 100w\" sizes=\"auto, (max-width: 400px) 100vw, 400px\" \/><\/figure>\n\n\n\n<h3 class=\"wp-block-heading has-text-align-center has-blue-color has-text-color has-link-color wp-elements-5a58478c0d962dea08f0788d4d2d9b54\">Vijay Venkatesan<\/h3>\n\n\n\n<p class=\"has-text-align-center\">Finances et op\u00e9rations<\/p>\n<\/div>\n<\/div>\n\n\n\n<div class=\"wp-block-columns is-layout-flex wp-container-core-columns-is-layout-9d6595d7 wp-block-columns-is-layout-flex\">\n\n\n<div class=\"wp-block-column is-vertically-aligned-center is-layout-flow wp-block-column-is-layout-flow\">\n<div class=\"wp-block-group is-content-justification-center is-nowrap is-layout-flex wp-container-core-group-is-layout-94bc23d7 wp-block-group-is-layout-flex\">\n\n<div class=\"icon-block text-left\" >\n  <div class=\"icon icon-position-avant\">\n  \n  \n    <!-- ICON AFTER \/ BOTTOM -->\n    \n    <!-- SYMBOL -->\n    <div class=\"icon-symbol\" \n      style=\"font-size: 25px\">\n              <i class=\"fa-classic fa-solid fa-paper-plane\" \n                          aria-label='fa-classic fa-solid fa-paper-plane' \n             >\n        <\/i>\n          <\/div>\n\n    <!-- ICON BEFORE \/ TOP -->\n    \n      <\/div>\n<\/div>\n\n\n<p><a href=\"mailto:scott.townsend@parkinson.ca\" target=\"_blank\" rel=\"noreferrer noopener\">Envoyez un courriel \u00e0 <\/a><a href=\"mailto:Jennifer.Doherty@parkinson.ca\" target=\"_blank\" rel=\"noopener\" title=\"\">Jennifer<\/a><\/p>\n<\/div>\n<\/div>\n\n\n\n<div class=\"wp-block-column is-vertically-aligned-top is-layout-flow wp-block-column-is-layout-flow\">\n<div class=\"wp-block-group is-content-justification-center is-nowrap is-layout-flex wp-container-core-group-is-layout-94bc23d7 wp-block-group-is-layout-flex\">\n\n<div class=\"icon-block text-left\" >\n  <div class=\"icon icon-position-avant\">\n  \n  \n    <!-- ICON AFTER \/ BOTTOM -->\n    \n    <!-- SYMBOL -->\n    <div class=\"icon-symbol\" \n      style=\"font-size: 25px\">\n              <i class=\"fa-classic fa-solid fa-paper-plane\" \n                          aria-label='fa-classic fa-solid fa-paper-plane' \n             >\n        <\/i>\n          <\/div>\n\n    <!-- ICON BEFORE \/ TOP -->\n    \n      <\/div>\n<\/div>\n\n\n<p><a href=\"mailto:scott.townsend@parkinson.ca\" target=\"_blank\" rel=\"noreferrer noopener\">Envoyez un courriel \u00e0 Vijay<\/a><\/p>\n<\/div>\n<\/div>\n<\/div>\n\n\n\n<div style=\"height:100px\" aria-hidden=\"true\" class=\"wp-block-spacer is-style-responsive-small\"><\/div>\n\n\n\n<hr class=\"wp-block-separator has-alpha-channel-opacity\"\/>\n\n\n\n<div class=\"wp-block-group is-content-justification-center is-layout-constrained wp-container-core-group-is-layout-d19d6b68 wp-block-group-is-layout-constrained\">\n<div style=\"height:100px\" aria-hidden=\"true\" class=\"wp-block-spacer is-style-responsive-xsmall\"><\/div>\n\n\n\n<h2 class=\"wp-block-heading\">D\u00e9couvrez les \u00e9quipes qui fa\u00e7onnent notre vision :<\/h2>\n\n\n\n<div style=\"height:100px\" aria-hidden=\"true\" class=\"wp-block-spacer is-style-responsive-xsmall\"><\/div>\n\n\n\n<div class=\"wp-block-columns are-vertically-aligned-center is-style-default is-layout-flex wp-container-core-columns-is-layout-9d6595d7 wp-block-columns-is-layout-flex\">\n<div class=\"wp-block-column is-vertically-aligned-center is-layout-flow wp-block-column-is-layout-flow\" style=\"flex-basis:25%\">\n<h3 class=\"wp-block-heading has-text-align-center has-sky-blue-color has-text-color has-link-color wp-elements-d1123d365f44c780fe79b4abb0031273\">Conseil d&rsquo;administration<\/h3>\n\n\n\n<p class=\"has-text-align-center\">Supervise la strat\u00e9gie et la gouvernance pour assurer l\u2019impact et la p\u00e9rennit\u00e9 de notre organisation.<\/p>\n\n\n\n<div class=\"wp-block-buttons alignwide is-content-justification-center is-layout-flex wp-container-core-buttons-is-layout-16018d1d wp-block-buttons-is-layout-flex\">\n<div class=\"wp-block-button has-custom-width wp-block-button__width-100\"><a class=\"wp-block-button__link wp-element-button\" href=\"https:\/\/www.parkinson.ca\/fr\/a-propos-de-nous\/rencontrez-notre-conseil-dadministration\/\">Rencontrez le conseil d&rsquo;administration<\/a><\/div>\n<\/div>\n<\/div>\n\n\n\n<div class=\"wp-block-column is-vertically-aligned-center is-layout-flow wp-block-column-is-layout-flow\" style=\"flex-basis:25%\">\n<h3 class=\"wp-block-heading has-text-align-center has-sky-blue-color has-text-color has-link-color wp-elements-7711a243922a35e9b837b81d16e8d8c8\">Conseil consultatif<\/h3>\n\n\n\n<p class=\"has-text-align-center\">Repr\u00e9sente la voix des personnes vivant avec la maladie de Parkinson et de leurs partenaires de soins, en orientant nos programmes et initiatives.<\/p>\n\n\n\n<div class=\"wp-block-buttons alignwide is-content-justification-center is-layout-flex wp-container-core-buttons-is-layout-16018d1d wp-block-buttons-is-layout-flex\">\n<div class=\"wp-block-button has-custom-width wp-block-button__width-100\"><a class=\"wp-block-button__link wp-element-button\" href=\"https:\/\/www.parkinson.ca\/fr\/a-propos-de-nous\/conseil-consultatif\/\">Rencontrez le conseil<\/a><\/div>\n<\/div>\n<\/div>\n\n\n\n<div class=\"wp-block-column is-vertically-aligned-center is-layout-flow wp-block-column-is-layout-flow\" style=\"flex-basis:25%\">\n<h3 class=\"wp-block-heading has-text-align-center has-sky-blue-color has-text-color has-link-color wp-elements-e157c6709e642d65d8441718767987a8\">Comit\u00e9 consultatif de la recherche et des services cliniques (CCRSC)<\/h3>\n\n\n\n<p class=\"has-text-align-center\">Fournit des conseils sur les plus r\u00e9cents progr\u00e8s de la recherche sur la maladie de Parkinson, les soins cliniques et les nouvelles tendances..<\/p>\n\n\n\n<div class=\"wp-block-buttons alignwide is-content-justification-center is-layout-flex wp-container-core-buttons-is-layout-16018d1d wp-block-buttons-is-layout-flex\">\n<div class=\"wp-block-button has-custom-width wp-block-button__width-100\"><a class=\"wp-block-button__link wp-element-button\" href=\"https:\/\/www.parkinson.ca\/fr\/a-propos-de-nous\/comite-consultatif-sur-la-recherche-et-la-pratique-clinique\/\">Rencontrez le CCR<\/a><\/div>\n<\/div>\n<\/div>\n<\/div>\n\n\n\n<div style=\"height:100px\" aria-hidden=\"true\" class=\"wp-block-spacer is-style-responsive-small\"><\/div>\n<\/div>\n\n\n\n<hr class=\"wp-block-separator has-alpha-channel-opacity\"\/>\n\n\n\n<div style=\"height:100px\" aria-hidden=\"true\" class=\"wp-block-spacer is-style-default\"><\/div>\n\n\n\n<div class=\"wp-block-group alignfull has-ice-blue-background-color has-background is-layout-constrained wp-block-group-is-layout-constrained\">\n<div class=\"wp-block-columns has-ice-blue-background-color has-background is-layout-flex wp-container-core-columns-is-layout-9d6595d7 wp-block-columns-is-layout-flex\">\n<div class=\"wp-block-column is-vertically-aligned-center is-layout-flow wp-block-column-is-layout-flow\">\n<h3 class=\"wp-block-heading\">Avez-vous besoin d&rsquo;aide ?<\/h3>\n\n\n\n<p>Nous sommes l\u00e0 pour vous aider.<\/p>\n\n\n\n<p>Peu importe o\u00f9 vous en \u00eates dans votre cheminement avec la maladie de Parkinson, vous n&rsquo;\u00eates pas seul. Notre \u00e9quipe est pr\u00eate \u00e0 vous fournir des conseils, des ressources et une oreille attentive. Que vous ayez des questions, que vous ayez besoin d&rsquo;aide ou que vous souhaitiez simplement entrer en contact, nous sommes l\u00e0 pour vous aider.<\/p>\n\n\n\n<p>Vous n&rsquo;avez pas \u00e0 faire face seul \u00e0 cette situation &#8211; tendez la main d\u00e8s aujourd&rsquo;hui.<\/p>\n\n\n\n<div class=\"wp-block-buttons is-horizontal is-layout-flex wp-block-buttons-is-layout-flex\">\n<div class=\"wp-block-button\"><a class=\"wp-block-button__link has-ice-blue-background-color has-background wp-element-button\" href=\"tel:1 (888) 664-1974\">Appelez-nous : 1 (888) 664-1974<\/a><\/div>\n\n\n\n<div class=\"wp-block-button\"><a class=\"wp-block-button__link has-ice-blue-background-color has-background wp-element-button\" href=\"mailto:support@parkinson.ca\">Envoyez-nous un courriel<\/a><\/div>\n<\/div>\n<\/div>\n<\/div>\n<\/div>\n","protected":false},"excerpt":{"rendered":"<p>Notre \u00e9quipe de direction rassemble des professionnels exp\u00e9riment\u00e9s et engag\u00e9s, d\u00e9termin\u00e9s \u00e0 faire avancer notre mission, encourager l\u2019innovation et g\u00e9n\u00e9rer un impact durable. Rencontrez notre \u00e9quipe de direction : Karen Lee, Ph.D. Pr\u00e9sidente et chef de la direction Sathy Rajasekharan Vice-pr\u00e9sident, Programmes de transformation et soutien Scott Townsend Vice-pr\u00e9sident, strat\u00e9gie de marque, marketing et communication [&hellip;]<\/p>\n","protected":false},"author":107,"featured_media":50419,"parent":46709,"menu_order":4,"comment_status":"closed","ping_status":"closed","template":"","meta":{"_acf_changed":false,"footnotes":""},"class_list":["post-46177","page","type-page","status-publish","has-post-thumbnail","hentry"],"acf":[],"aioseo_notices":[],"_links":{"self":[{"href":"https:\/\/www.parkinson.ca\/fr\/wp-json\/wp\/v2\/pages\/46177","targetHints":{"allow":["GET"]}}],"collection":[{"href":"https:\/\/www.parkinson.ca\/fr\/wp-json\/wp\/v2\/pages"}],"about":[{"href":"https:\/\/www.parkinson.ca\/fr\/wp-json\/wp\/v2\/types\/page"}],"author":[{"embeddable":true,"href":"https:\/\/www.parkinson.ca\/fr\/wp-json\/wp\/v2\/users\/107"}],"replies":[{"embeddable":true,"href":"https:\/\/www.parkinson.ca\/fr\/wp-json\/wp\/v2\/comments?post=46177"}],"version-history":[{"count":25,"href":"https:\/\/www.parkinson.ca\/fr\/wp-json\/wp\/v2\/pages\/46177\/revisions"}],"predecessor-version":[{"id":58930,"href":"https:\/\/www.parkinson.ca\/fr\/wp-json\/wp\/v2\/pages\/46177\/revisions\/58930"}],"up":[{"embeddable":true,"href":"https:\/\/www.parkinson.ca\/fr\/wp-json\/wp\/v2\/pages\/46709"}],"wp:featuredmedia":[{"embeddable":true,"href":"https:\/\/www.parkinson.ca\/fr\/wp-json\/wp\/v2\/media\/50419"}],"wp:attachment":[{"href":"https:\/\/www.parkinson.ca\/fr\/wp-json\/wp\/v2\/media?parent=46177"}],"curies":[{"name":"wp","href":"https:\/\/api.w.org\/{rel}","templated":true}]}}