{"id":46127,"date":"2024-07-05T15:37:47","date_gmt":"2024-07-05T15:37:47","guid":{"rendered":"https:\/\/parkinson.ca\/facons-de-donner\/"},"modified":"2025-10-16T15:32:26","modified_gmt":"2025-10-16T15:32:26","slug":"facons-de-donner","status":"publish","type":"page","link":"https:\/\/www.parkinson.ca\/fr\/facons-de-donner\/","title":{"rendered":"Fa\u00e7ons de donner"},"content":{"rendered":"\n<div class=\"wp-block-cover alignfull\"><img loading=\"lazy\" decoding=\"async\" width=\"1733\" height=\"1155\" class=\"wp-block-cover__image-background wp-image-44670 size-full\" alt=\"Happy Family\" src=\"https:\/\/www.parkinson.ca\/wp-content\/uploads\/2024\/07\/shutterstock_1994716634.png\" data-object-fit=\"cover\" srcset=\"https:\/\/www.parkinson.ca\/wp-content\/uploads\/2024\/07\/shutterstock_1994716634.png 1733w, https:\/\/www.parkinson.ca\/wp-content\/uploads\/2024\/07\/shutterstock_1994716634-300x200.png 300w, https:\/\/www.parkinson.ca\/wp-content\/uploads\/2024\/07\/shutterstock_1994716634-1024x682.png 1024w, https:\/\/www.parkinson.ca\/wp-content\/uploads\/2024\/07\/shutterstock_1994716634-768x512.png 768w, https:\/\/www.parkinson.ca\/wp-content\/uploads\/2024\/07\/shutterstock_1994716634-426x284.png 426w, https:\/\/www.parkinson.ca\/wp-content\/uploads\/2024\/07\/shutterstock_1994716634-1620x1080.png 1620w\" sizes=\"auto, (max-width: 1733px) 100vw, 1733px\" \/><span aria-hidden=\"true\" class=\"wp-block-cover__background has-blue-background-color has-background-dim-30 has-background-dim\"><\/span><div class=\"wp-block-cover__inner-container is-layout-constrained wp-block-cover-is-layout-constrained\">\n<p class=\"has-text-align-center has-base-color has-text-color has-link-color has-xlarge-font-size wp-elements-750760e164a945db55f24eeb4bd46ebc\"><strong>Rejoignez notre mission pour cr\u00e9er un monde o\u00f9 personne n&rsquo;est limit\u00e9 par la maladie de Parkinson.<\/strong><\/p>\n<\/div><\/div>\n\n\n\n<div style=\"height:100px\" aria-hidden=\"true\" class=\"wp-block-spacer\"><\/div>\n\n\n\n<h2 class=\"wp-block-heading\"><strong>Chaque jour est une occasion d&rsquo;agir<\/strong><\/h2>\n\n\n\n<p>\u00c0 Parkinson Canada, il existe de nombreuses fa\u00e7ons de s&rsquo;impliquer et de faire une diff\u00e9rence. Votre soutien a un impact direct sur la vie des personnes atteintes de la maladie de Parkinson. Qu&rsquo;il s&rsquo;agisse de faire du b\u00e9n\u00e9volat, de faire un don ou de sensibiliser l&rsquo;opinion publique, il existe d&rsquo;innombrables fa\u00e7ons d&rsquo;avoir un impact. Ensemble, nous pouvons cr\u00e9er un avenir o\u00f9 toutes les personnes touch\u00e9es par la maladie de Parkinson disposeront des outils et du soutien dont elles ont besoin pour bien vivre.<\/p>\n\n\n\n<div style=\"height:100px\" aria-hidden=\"true\" class=\"wp-block-spacer is-style-responsive-medium\"><\/div>\n\n\n\n<div class='overflow-image-text'>\n    <div class='editor-content'>\n        <div>\n            <div class='overflow-image-text-content has-background has-base-background-color'>\n                <div class='inner-blocks'>\n                    <div class=\"acf-innerblocks-container\">\n\n<h2 class=\"wp-block-heading\">Ayez un impact personnel<\/h2>\n\n\n\n<div style=\"height:100px\" aria-hidden=\"true\" class=\"wp-block-spacer is-style-responsive-xsmall\"><\/div>\n\n\n\n<p>Votre g\u00e9n\u00e9rosit\u00e9 alimente des programmes vitaux, la recherche et le soutien \u00e0 la communaut\u00e9. Qu&rsquo;il s&rsquo;agisse d&rsquo;un don unique ou d&rsquo;une contribution mensuelle, chaque don aide les personnes vivant avec la maladie de Parkinson \u00e0 acc\u00e9der aux soins et aux ressources dont elles ont besoin. Les dons personnels vous permettent de d\u00e9fendre la cause d&rsquo;une mani\u00e8re qui vous est propre.  <\/p>\n\n\n\n<div style=\"height:100px\" aria-hidden=\"true\" class=\"wp-block-spacer is-style-responsive-xsmall\"><\/div>\n\n\n\n<div class=\"wp-block-buttons is-layout-flex wp-block-buttons-is-layout-flex\">\n<div class=\"wp-block-button\"><a class=\"wp-block-button__link wp-element-button\" href=\"https:\/\/www.parkinson.ca\/fr\/facons-de-donner\/don-personnel\/\">D\u00e9couvrez toutes les fa\u00e7ons de donner<\/a><\/div>\n<\/div>\n\n<\/div>\n                    <img loading=\"lazy\" decoding=\"async\" width=\"1920\" height=\"1080\" src=\"https:\/\/www.parkinson.ca\/wp-content\/uploads\/2024-Parkinson-Canada-CARE-Fund-Request-for-Application-2.png\" class=\"overflow-image\" alt=\"\" sizes=\"auto, (min-width: 768px) 50vw, 100vw\" srcset=\"https:\/\/www.parkinson.ca\/wp-content\/uploads\/2024-Parkinson-Canada-CARE-Fund-Request-for-Application-2.png 1920w, https:\/\/www.parkinson.ca\/wp-content\/uploads\/2024-Parkinson-Canada-CARE-Fund-Request-for-Application-2-300x169.png 300w, https:\/\/www.parkinson.ca\/wp-content\/uploads\/2024-Parkinson-Canada-CARE-Fund-Request-for-Application-2-700x394.png 700w, https:\/\/www.parkinson.ca\/wp-content\/uploads\/2024-Parkinson-Canada-CARE-Fund-Request-for-Application-2-150x84.png 150w, https:\/\/www.parkinson.ca\/wp-content\/uploads\/2024-Parkinson-Canada-CARE-Fund-Request-for-Application-2-768x432.png 768w, https:\/\/www.parkinson.ca\/wp-content\/uploads\/2024-Parkinson-Canada-CARE-Fund-Request-for-Application-2-1536x864.png 1536w, https:\/\/www.parkinson.ca\/wp-content\/uploads\/2024-Parkinson-Canada-CARE-Fund-Request-for-Application-2-100x56.png 100w, https:\/\/www.parkinson.ca\/wp-content\/uploads\/2024-Parkinson-Canada-CARE-Fund-Request-for-Application-2-890x501.png 890w, https:\/\/www.parkinson.ca\/wp-content\/uploads\/2024-Parkinson-Canada-CARE-Fund-Request-for-Application-2-1264x711.png 1264w\" \/>                <\/div>\n            <\/div>\n        <\/div>    \n    <\/div>\n<\/div>\n\n\n<div style=\"height:100px\" aria-hidden=\"true\" class=\"wp-block-spacer is-style-default\"><\/div>\n\n\n<div class='donation-wrapper has-background has-blue-background-color'>\n    <div class='donation-content'>\n        <h2>Il n&rsquo;y a pas de progr\u00e8s sans vous.<\/h2>\n        <p>Chaque don soutient la recherche vitale, l&rsquo;\u00e9ducation et les programmes qui apportent de l&rsquo;espoir et permettent \u00e0 notre communaut\u00e9 de bien vivre avec la maladie de Parkinson.<\/p>\n    <\/div>\n    <form action=\"https:\/\/donate.parkinson.ca\/site\/Donation2\" method=\"get\" id=\"donation-form\">\n        <div class='donation-input'>\n                            <div class='donate-type'>\n                    <input name='type' type='radio' value='5682' id='Chaquemois' onchange=\"updateLink('5682')\"\/>\n                    <label for='Chaquemois'>Chaque mois<\/label>\n                <\/div>\n                            <div class='donate-type'>\n                    <input name='type' type='radio' value='5800' id='Uneseulefois' onchange=\"updateLink('5800')\"\/>\n                    <label for='Uneseulefois'>Une seule fois<\/label>\n                <\/div>\n                            <div class='donate-type'>\n                    <input name='type' type='radio' value='5680' id='Enhonneur' onchange=\"updateLink('5680')\"\/>\n                    <label for='Enhonneur'>En honneur<\/label>\n                <\/div>\n                            <div class='donate-type'>\n                    <input name='type' type='radio' value='5681' id='Enm\u00e9moire' onchange=\"updateLink('5681')\"\/>\n                    <label for='Enm\u00e9moire'>En m\u00e9moire<\/label>\n                <\/div>\n            \n            <div class='donation-cta'>\n            <!-- TODO: New Button Code -->\n                <div class=\"wp-block-button\">\n                <a class=\"wp-block-button__link wp-element-button\" id=\"donate-button\" href='https:\/\/donate.parkinson.ca\/site\/Donation2?5800.donation=form1&#038;df_id=5800&#038;mfc_pref=T' target=''>\n                    Faire un don                <\/a>\n                <\/div>\n            <\/div>\n        <\/div>\n    <\/form>\n\n    <script>\n        function updateLink(df_id) {\n            var donateButton = document.getElementById('donate-button');\n            var formAction = \"https:\/\/donate.parkinson.ca\/site\/Donation2?df_id=\" + df_id;\n            donateButton.href = formAction;\n        }\n    <\/script>\n    <img src='https:\/\/www.parkinson.ca\/wp-content\/themes\/parkinson-canada\/assets\/svg\/home-hero-left-graphic.svg' alt='' class='donation-left-graphic' \/>\n    <img src='https:\/\/www.parkinson.ca\/wp-content\/themes\/parkinson-canada\/assets\/svg\/Footer-Right-Graphic.svg' alt='' class='donation-right-graphic' \/>\n<\/div>\n\n\n<div style=\"height:100px\" aria-hidden=\"true\" class=\"wp-block-spacer is-style-default\"><\/div>\n\n\n\n<div class=\"wp-block-cover alignfull working-hard-cover is-style-default\" style=\"padding-top:var(--wp--preset--spacing--40);padding-bottom:var(--wp--preset--spacing--30)\"><img loading=\"lazy\" decoding=\"async\" width=\"1024\" height=\"683\" class=\"wp-block-cover__image-background wp-image-54687 size-large\" alt=\"\" src=\"https:\/\/www.parkinson.ca\/wp-content\/uploads\/2025\/10\/Toronto-Superwalk-by-Papr-Mache-763-1-1024x683.jpg\" style=\"object-position:47% 23%\" data-object-fit=\"cover\" data-object-position=\"47% 23%\" srcset=\"https:\/\/www.parkinson.ca\/wp-content\/uploads\/2025\/10\/Toronto-Superwalk-by-Papr-Mache-763-1-1024x683.jpg 1024w, https:\/\/www.parkinson.ca\/wp-content\/uploads\/2025\/10\/Toronto-Superwalk-by-Papr-Mache-763-1-300x200.jpg 300w, https:\/\/www.parkinson.ca\/wp-content\/uploads\/2025\/10\/Toronto-Superwalk-by-Papr-Mache-763-1-768x512.jpg 768w, https:\/\/www.parkinson.ca\/wp-content\/uploads\/2025\/10\/Toronto-Superwalk-by-Papr-Mache-763-1-426x284.jpg 426w\" sizes=\"auto, (max-width: 1024px) 100vw, 1024px\" \/><span aria-hidden=\"true\" class=\"wp-block-cover__background has-contrast-background-color has-background-dim-60 has-background-dim\"><\/span><div class=\"wp-block-cover__inner-container is-layout-flow wp-block-cover-is-layout-flow\">\n<div class=\"wp-block-columns is-not-stacked-on-mobile is-layout-flex wp-container-core-columns-is-layout-9d6595d7 wp-block-columns-is-layout-flex\">\n<div class=\"wp-block-column is-layout-flow wp-block-column-is-layout-flow\" style=\"padding-top:var(--wp--preset--spacing--30);padding-bottom:var(--wp--preset--spacing--30)\">\n<div style=\"height:60px\" aria-hidden=\"true\" class=\"wp-block-spacer no-display-mobile\"><\/div>\n\n\n\n<h2 class=\"wp-block-heading has-text-align-center has-base-color has-text-color has-link-color has-xlarge-font-size wp-elements-523b65700e937dfe90d9f346d7e660db\">Participer \u00e0 des \u00e9v\u00e9nements de collecte de fonds<\/h2>\n\n\n\n<div style=\"height:15px\" aria-hidden=\"true\" class=\"wp-block-spacer\"><\/div>\n\n\n\n<div class=\"wp-block-columns no-gap-mobile is-layout-flex wp-container-core-columns-is-layout-9d6595d7 wp-block-columns-is-layout-flex\">\n<div class=\"wp-block-column is-layout-flow wp-block-column-is-layout-flow\" style=\"padding-top:var(--wp--preset--spacing--40);padding-bottom:var(--wp--preset--spacing--40)\">\n<figure class=\"wp-block-image size-full\"><a href=\"https:\/\/donate.parkinson.ca\/site\/SPageServer?pagename=SW_2025_home&amp;s_locale=fr_CA\" target=\"_blank\" rel=\" noreferrer noopener\"><img loading=\"lazy\" decoding=\"async\" width=\"750\" height=\"750\" src=\"https:\/\/www.parkinson.ca\/wp-content\/uploads\/2025\/10\/superwalk-red.png\" alt=\"\" class=\"wp-image-54697\" srcset=\"https:\/\/www.parkinson.ca\/wp-content\/uploads\/2025\/10\/superwalk-red.png 750w, https:\/\/www.parkinson.ca\/wp-content\/uploads\/2025\/10\/superwalk-red-300x300.png 300w, https:\/\/www.parkinson.ca\/wp-content\/uploads\/2025\/10\/superwalk-red-150x150.png 150w, https:\/\/www.parkinson.ca\/wp-content\/uploads\/2025\/10\/superwalk-red-426x426.png 426w\" sizes=\"auto, (max-width: 750px) 100vw, 750px\" \/><\/a><\/figure>\n<\/div>\n\n\n\n<div class=\"wp-block-column is-layout-flow wp-block-column-is-layout-flow\" style=\"padding-top:var(--wp--preset--spacing--40);padding-bottom:var(--wp--preset--spacing--40)\">\n<figure class=\"wp-block-image size-full\"><a href=\"https:\/\/donate.parkinson.ca\/site\/TR?fr_id=3111&amp;pg=entry\" target=\"_blank\" rel=\" noreferrer noopener\"><img loading=\"lazy\" decoding=\"async\" width=\"750\" height=\"750\" src=\"https:\/\/www.parkinson.ca\/wp-content\/uploads\/2025\/10\/supermom-pink.png\" alt=\"\" class=\"wp-image-54695\" srcset=\"https:\/\/www.parkinson.ca\/wp-content\/uploads\/2025\/10\/supermom-pink.png 750w, https:\/\/www.parkinson.ca\/wp-content\/uploads\/2025\/10\/supermom-pink-300x300.png 300w, https:\/\/www.parkinson.ca\/wp-content\/uploads\/2025\/10\/supermom-pink-150x150.png 150w, https:\/\/www.parkinson.ca\/wp-content\/uploads\/2025\/10\/supermom-pink-426x426.png 426w\" sizes=\"auto, (max-width: 750px) 100vw, 750px\" \/><\/a><\/figure>\n<\/div>\n\n\n\n<div class=\"wp-block-column is-layout-flow wp-block-column-is-layout-flow\" style=\"padding-top:var(--wp--preset--spacing--40);padding-bottom:var(--wp--preset--spacing--40)\">\n<figure class=\"wp-block-image size-full\"><a href=\"https:\/\/donate.parkinson.ca\/site\/SPageServer?pagename=P4P_2025_home\" target=\"_blank\" rel=\" noreferrer noopener\"><img loading=\"lazy\" decoding=\"async\" width=\"750\" height=\"750\" src=\"https:\/\/www.parkinson.ca\/wp-content\/uploads\/2025\/10\/pedaling-green.png\" alt=\"\" class=\"wp-image-54699\" srcset=\"https:\/\/www.parkinson.ca\/wp-content\/uploads\/2025\/10\/pedaling-green.png 750w, https:\/\/www.parkinson.ca\/wp-content\/uploads\/2025\/10\/pedaling-green-300x300.png 300w, https:\/\/www.parkinson.ca\/wp-content\/uploads\/2025\/10\/pedaling-green-150x150.png 150w, https:\/\/www.parkinson.ca\/wp-content\/uploads\/2025\/10\/pedaling-green-426x426.png 426w\" sizes=\"auto, (max-width: 750px) 100vw, 750px\" \/><\/a><\/figure>\n<\/div>\n\n\n\n<div class=\"wp-block-column is-layout-flow wp-block-column-is-layout-flow\">\n<h3 class=\"wp-block-heading\">Rassemblez votre communaut\u00e9<\/h3>\n\n\n\n<p>Les \u00e9v\u00e9nements de collecte de fonds sont une fa\u00e7on amusante et engageante de soutenir Parkinson Canada tout en rassemblant les gens.<\/p>\n\n\n\n    <div class='icon-link is-style-arrow'>\n        <a  href='https:\/\/www.parkinson.ca\/fr\/facons-de-donner\/evenements-de-collecte-de-fonds\/'\n                    >\n            D\u00e9couvrez tous les \u00e9v\u00e9nements de collecte de fonds        <\/a>\n    <\/div>\n<\/div>\n<\/div>\n<\/div>\n<\/div>\n<\/div><\/div>\n\n\n\n<div style=\"height:100px\" aria-hidden=\"true\" class=\"wp-block-spacer is-style-default\"><\/div>\n\n\n\n<div class=\"wp-block-group has-white-background-color has-background is-layout-constrained wp-block-group-is-layout-constrained\">\n<div class=\"wp-block-columns is-layout-flex wp-container-core-columns-is-layout-9d6595d7 wp-block-columns-is-layout-flex\">\n<div class=\"wp-block-column is-layout-flow wp-block-column-is-layout-flow\" style=\"flex-basis:35%\">\n<h2 class=\"wp-block-heading has-blue-color has-text-color has-link-color wp-elements-ad6749bf26073107f189f11441f7a860\">Donnez de votre temps et de votre talent<\/h2>\n\n\n\n<div class='custom-link '>\n            <div style='width: 25%; height: 3px; background-color: var(--color--accent);'><\/div>\n    <\/div>\n\n\n<div style=\"height:13px\" aria-hidden=\"true\" class=\"wp-block-spacer is-style-responsive-xsmall\"><\/div>\n\n\n\n<p>Partagez vos comp\u00e9tences, votre \u00e9nergie et votre enthousiasme lors d&rsquo;\u00e9v\u00e9nements, dans le cadre de programmes ou d&rsquo;initiatives communautaires.<\/p>\n<\/div>\n\n\n\n<div class=\"wp-block-column is-layout-flow wp-block-column-is-layout-flow\">\n<h3 class=\"wp-block-heading\">Devenez b\u00e9n\u00e9vole<\/h3>\n\n\n\n<p>Le b\u00e9n\u00e9volat est un moyen puissant de faire une diff\u00e9rence tangible. Chaque r\u00f4le de b\u00e9n\u00e9vole renforce notre r\u00e9seau de soutien et rapproche les personnes atteintes de la maladie de Parkinson de l&rsquo;aide dont elles ont besoin. <\/p>\n\n\n\n<div class=\"wp-block-buttons is-layout-flex wp-block-buttons-is-layout-flex\">\n<div class=\"wp-block-button\"><a class=\"wp-block-button__link wp-element-button\" href=\"https:\/\/www.parkinson.ca\/fr\/facons-de-donner\/benevole\/\">En savoir plus sur le b\u00e9n\u00e9volat<\/a><\/div>\n<\/div>\n\n\n\n<div style=\"height:100px\" aria-hidden=\"true\" class=\"wp-block-spacer is-style-responsive-xsmall\"><\/div>\n\n\n\n<h3 class=\"wp-block-heading\">Rejoignez notre \u00e9quipe<\/h3>\n\n\n\n<p>Explorez les possibilit\u00e9s de carri\u00e8re \u00e0 Parkinson Canada et faites partie d&rsquo;une \u00e9quipe qui se consacre \u00e0 l&rsquo;am\u00e9lioration des vies, \u00e0 l&rsquo;avancement de la recherche et \u00e0 la promotion de l&rsquo;espoir pour la communaut\u00e9 de la maladie de Parkinson.<\/p>\n\n\n\n<div class=\"wp-block-buttons is-layout-flex wp-block-buttons-is-layout-flex\">\n<div class=\"wp-block-button\"><a class=\"wp-block-button__link wp-element-button\" href=\"https:\/\/www.parkinson.ca\/fr\/facons-de-donner\/opportunites-de-carriere\/\">Voir les opportunit\u00e9s de carri\u00e8re<\/a><\/div>\n<\/div>\n<\/div>\n<\/div>\n<\/div>\n\n\n\n<div style=\"height:100px\" aria-hidden=\"true\" class=\"wp-block-spacer is-style-default\"><\/div>\n\n\n\n<div class='alignfull image-text-wrapper has-background has-blue-background-color'>\n    <div class='image-text-section'>\n        <div class='editor-content'>\n           <div class=\"adjust-left\">\n                                    <div class='empty-left-div'><\/div>\n                \n                <div class='image-text-section-content'>\n                    <div class=\"acf-innerblocks-container\">\n\n<h2 class=\"wp-block-heading\">Devenez partenaire d&rsquo;entrepise<\/h2>\n\n\n\n<p>Les partenariats d&rsquo;entreprise offrent l&rsquo;occasion de cr\u00e9er un impact durable dans votre communaut\u00e9 tout en renfor\u00e7ant la responsabilit\u00e9 sociale de votre marque. Que ce soit par l&rsquo;entremise de commandites, de programmes de dons des employ\u00e9s ou d&rsquo;initiatives de collaboration, les entreprises peuvent jouer un r\u00f4le essentiel dans l&rsquo;avancement de la mission de Parkinson Canada. <\/p>\n\n\n\n<div class=\"wp-block-buttons is-layout-flex wp-block-buttons-is-layout-flex\">\n<div class=\"wp-block-button\"><a class=\"wp-block-button__link wp-element-button\" href=\"https:\/\/www.parkinson.ca\/get-involved\/corporate-partnerships\/\">En savoir plus sur les partenariats avec les entreprises<\/a><\/div>\n<\/div>\n\n<\/div>\n                <\/div>\n           <\/div>\n        <\/div>\n    <\/div>\n    <img loading=\"lazy\" decoding=\"async\" width=\"1000\" height=\"600\" src=\"https:\/\/www.parkinson.ca\/wp-content\/uploads\/2024-Annual-General-Meeting.png\" class=\"image-section left\" alt=\"\" sizes=\"auto, (min-width: 768px) 50vw, 100vw\" srcset=\"https:\/\/www.parkinson.ca\/wp-content\/uploads\/2024-Annual-General-Meeting.png 1000w, https:\/\/www.parkinson.ca\/wp-content\/uploads\/2024-Annual-General-Meeting-300x180.png 300w, https:\/\/www.parkinson.ca\/wp-content\/uploads\/2024-Annual-General-Meeting-700x420.png 700w, https:\/\/www.parkinson.ca\/wp-content\/uploads\/2024-Annual-General-Meeting-150x90.png 150w, https:\/\/www.parkinson.ca\/wp-content\/uploads\/2024-Annual-General-Meeting-768x461.png 768w, https:\/\/www.parkinson.ca\/wp-content\/uploads\/2024-Annual-General-Meeting-100x60.png 100w, https:\/\/www.parkinson.ca\/wp-content\/uploads\/2024-Annual-General-Meeting-890x534.png 890w\" \/><\/div>\n\n\n<div style=\"height:100px\" aria-hidden=\"true\" class=\"wp-block-spacer is-style-default\"><\/div>\n\n\n\n<div class='overflow-image-text'>\n    <div class='editor-content'>\n        <div>\n            <div class='overflow-image-text-content has-background has-grey-background-color'>\n                <div class='inner-blocks'>\n                    <div class=\"acf-innerblocks-container\">\n\n<div style=\"height:100px\" aria-hidden=\"true\" class=\"wp-block-spacer\"><\/div>\n\n\n\n<h2 class=\"wp-block-heading\">Voyez l&rsquo;impact de votre soutien<\/h2>\n\n\n\n<p>D\u00e9couvrez comment vos dons financent les avanc\u00e9es de la recherche, soutiennent les programmes et donnent de l&rsquo;espoir aux personnes et aux familles touch\u00e9es par la maladie de Parkinson.<\/p>\n\n\n\n<div class='custom-link '>\n            <div style='width: 30%; height: 3px; background-color: var(--color--accent);'><\/div>\n    <\/div>\n\n\n<div style=\"height:30px\" aria-hidden=\"true\" class=\"wp-block-spacer is-style-responsive-xsmall\"><\/div>\n\n\n\n<div class=\"wp-block-buttons is-layout-flex wp-block-buttons-is-layout-flex\">\n<div class=\"wp-block-button\"><a class=\"wp-block-button__link wp-element-button\" href=\"https:\/\/www.impact.parkinson.ca\/fr\" target=\"_blank\" rel=\"noreferrer noopener\">D\u00e9couvrez comment vos dons nous aident<\/a><\/div>\n<\/div>\n\n\n\n<div style=\"height:100px\" aria-hidden=\"true\" class=\"wp-block-spacer is-style-responsive-medium\"><\/div>\n\n<\/div>\n                    <img loading=\"lazy\" decoding=\"async\" width=\"1920\" height=\"1080\" src=\"https:\/\/www.parkinson.ca\/wp-content\/uploads\/Stand-up-to-Parkinsons-this-World-Parkinson-Day-1.png\" class=\"overflow-image\" alt=\"\" sizes=\"auto, (min-width: 768px) 50vw, 100vw\" srcset=\"https:\/\/www.parkinson.ca\/wp-content\/uploads\/Stand-up-to-Parkinsons-this-World-Parkinson-Day-1.png 1920w, https:\/\/www.parkinson.ca\/wp-content\/uploads\/Stand-up-to-Parkinsons-this-World-Parkinson-Day-1-300x169.png 300w, https:\/\/www.parkinson.ca\/wp-content\/uploads\/Stand-up-to-Parkinsons-this-World-Parkinson-Day-1-700x394.png 700w, https:\/\/www.parkinson.ca\/wp-content\/uploads\/Stand-up-to-Parkinsons-this-World-Parkinson-Day-1-150x84.png 150w, https:\/\/www.parkinson.ca\/wp-content\/uploads\/Stand-up-to-Parkinsons-this-World-Parkinson-Day-1-768x432.png 768w, https:\/\/www.parkinson.ca\/wp-content\/uploads\/Stand-up-to-Parkinsons-this-World-Parkinson-Day-1-1536x864.png 1536w, https:\/\/www.parkinson.ca\/wp-content\/uploads\/Stand-up-to-Parkinsons-this-World-Parkinson-Day-1-100x56.png 100w, https:\/\/www.parkinson.ca\/wp-content\/uploads\/Stand-up-to-Parkinsons-this-World-Parkinson-Day-1-890x501.png 890w, https:\/\/www.parkinson.ca\/wp-content\/uploads\/Stand-up-to-Parkinsons-this-World-Parkinson-Day-1-1264x711.png 1264w\" \/>                <\/div>\n            <\/div>\n        <\/div>    \n    <\/div>\n<\/div>\n\n\n<div style=\"height:100px\" aria-hidden=\"true\" class=\"wp-block-spacer\"><\/div>\n","protected":false},"excerpt":{"rendered":"<p>Chaque jour est une occasion d&rsquo;agir \u00c0 Parkinson Canada, il existe de nombreuses fa\u00e7ons de s&rsquo;impliquer et de faire une diff\u00e9rence. Votre soutien a un impact direct sur la vie des personnes atteintes de la maladie de Parkinson. Qu&rsquo;il s&rsquo;agisse de faire du b\u00e9n\u00e9volat, de faire un don ou de sensibiliser l&rsquo;opinion publique, il existe [&hellip;]<\/p>\n","protected":false},"author":107,"featured_media":44671,"parent":0,"menu_order":0,"comment_status":"closed","ping_status":"closed","template":"","meta":{"_acf_changed":false,"footnotes":""},"class_list":["post-46127","page","type-page","status-publish","has-post-thumbnail","hentry"],"acf":[],"aioseo_notices":[],"_links":{"self":[{"href":"https:\/\/www.parkinson.ca\/fr\/wp-json\/wp\/v2\/pages\/46127","targetHints":{"allow":["GET"]}}],"collection":[{"href":"https:\/\/www.parkinson.ca\/fr\/wp-json\/wp\/v2\/pages"}],"about":[{"href":"https:\/\/www.parkinson.ca\/fr\/wp-json\/wp\/v2\/types\/page"}],"author":[{"embeddable":true,"href":"https:\/\/www.parkinson.ca\/fr\/wp-json\/wp\/v2\/users\/107"}],"replies":[{"embeddable":true,"href":"https:\/\/www.parkinson.ca\/fr\/wp-json\/wp\/v2\/comments?post=46127"}],"version-history":[{"count":20,"href":"https:\/\/www.parkinson.ca\/fr\/wp-json\/wp\/v2\/pages\/46127\/revisions"}],"predecessor-version":[{"id":55065,"href":"https:\/\/www.parkinson.ca\/fr\/wp-json\/wp\/v2\/pages\/46127\/revisions\/55065"}],"wp:featuredmedia":[{"embeddable":true,"href":"https:\/\/www.parkinson.ca\/fr\/wp-json\/wp\/v2\/media\/44671"}],"wp:attachment":[{"href":"https:\/\/www.parkinson.ca\/fr\/wp-json\/wp\/v2\/media?parent=46127"}],"curies":[{"name":"wp","href":"https:\/\/api.w.org\/{rel}","templated":true}]}}