{"id":46120,"date":"2024-07-05T15:38:25","date_gmt":"2024-07-05T15:38:25","guid":{"rendered":"https:\/\/parkinson.ca\/recherche\/"},"modified":"2026-04-10T18:14:19","modified_gmt":"2026-04-10T18:14:19","slug":"recherche","status":"publish","type":"page","link":"https:\/\/www.parkinson.ca\/fr\/recherche\/","title":{"rendered":"Recherche"},"content":{"rendered":"\n<div class='alignfull image-text-wrapper has-background has-blue-background-color'>\n    <div class='image-text-section'>\n        <div class='editor-content'>\n           <div class=\"\">\n                \n                <div class='image-text-section-content'>\n                    <div class=\"acf-innerblocks-container\">\n\n<h1 class=\"wp-block-heading has-ice-blue-color has-text-color has-link-color wp-elements-70b2b1224c6276dc06f4789f3b80b29d\" style=\"font-size:35px\">Rapprocher les communaut\u00e9s. Faire progresser la science. Am\u00e9liorer la vie des personnes atteintes du Parkinson, aujourd\u2019hui et demain.<\/h1>\n\n\n\n<p>Chez Parkinson Canada, nous avons pour objectif de soutenir, de mettre en relation et de dynamiser l\u2019\u00e9cosyst\u00e8me de la recherche sur la maladie de Parkinson au Canada gr\u00e2ce \u00e0 des partenariats globaux, \u00e0 des financements efficaces, \u00e0 la diffusion des connaissances et \u00e0 l\u2019engagement communautaire.<\/p>\n\n\n\n<p>En finan\u00e7ant des recherches innovantes sur les causes, l\u2019\u00e9volution et le traitement de la maladie de Parkinson, nous contribuons \u00e0 am\u00e9liorer la qualit\u00e9 de vie des personnes atteintes de la maladie de Parkinson, de leurs aidants, de leurs familles et de leurs communaut\u00e9s.<br><\/p>\n\n<\/div>\n                <\/div>\n           <\/div>\n        <\/div>\n    <\/div>\n    <img loading=\"lazy\" decoding=\"async\" width=\"2240\" height=\"1260\" src=\"https:\/\/www.parkinson.ca\/wp-content\/uploads\/2024\/10\/Research.png\" class=\"image-section right\" alt=\"\" sizes=\"auto, (min-width: 768px) 50vw, 100vw\" srcset=\"https:\/\/www.parkinson.ca\/wp-content\/uploads\/2024\/10\/Research.png 2240w, https:\/\/www.parkinson.ca\/wp-content\/uploads\/2024\/10\/Research-300x169.png 300w, https:\/\/www.parkinson.ca\/wp-content\/uploads\/2024\/10\/Research-1024x576.png 1024w, https:\/\/www.parkinson.ca\/wp-content\/uploads\/2024\/10\/Research-768x432.png 768w, https:\/\/www.parkinson.ca\/wp-content\/uploads\/2024\/10\/Research-426x240.png 426w, https:\/\/www.parkinson.ca\/wp-content\/uploads\/2024\/10\/Research-1920x1080.png 1920w\" \/><\/div>\n\n\n<div style=\"height:100px\" aria-hidden=\"true\" class=\"wp-block-spacer is-style-default\"><\/div>\n\n\n\n<div class=\"wp-block-group is-layout-constrained wp-block-group-is-layout-constrained\">\n<div style=\"height:100px\" aria-hidden=\"true\" class=\"wp-block-spacer is-style-default\"><\/div>\n\n\n\n<h2 class=\"wp-block-heading has-text-align-center\">Our impact since 1981<\/h2>\n\n\n\n<div style=\"height:100px\" aria-hidden=\"true\" class=\"wp-block-spacer is-style-responsive-xsmall\"><\/div>\n\n\n\n<div class=\"wp-block-columns is-layout-flex wp-container-core-columns-is-layout-9d6595d7 wp-block-columns-is-layout-flex\">\n<div class=\"wp-block-column is-layout-flow wp-block-column-is-layout-flow\">\n<figure class=\"wp-block-image size-full is-resized\"><img loading=\"lazy\" decoding=\"async\" width=\"1366\" height=\"768\" src=\"https:\/\/www.parkinson.ca\/wp-content\/uploads\/2026\/04\/3.png\" alt=\"\" class=\"wp-image-58747\" style=\"width:400px\" srcset=\"https:\/\/www.parkinson.ca\/wp-content\/uploads\/2026\/04\/3.png 1366w, https:\/\/www.parkinson.ca\/wp-content\/uploads\/2026\/04\/3-300x169.png 300w, https:\/\/www.parkinson.ca\/wp-content\/uploads\/2026\/04\/3-1024x576.png 1024w, https:\/\/www.parkinson.ca\/wp-content\/uploads\/2026\/04\/3-768x432.png 768w, https:\/\/www.parkinson.ca\/wp-content\/uploads\/2026\/04\/3-426x240.png 426w, https:\/\/www.parkinson.ca\/wp-content\/uploads\/2026\/04\/3-50x28.png 50w, https:\/\/www.parkinson.ca\/wp-content\/uploads\/2026\/04\/3-100x56.png 100w\" sizes=\"auto, (max-width: 1366px) 100vw, 1366px\" \/><\/figure>\n\n\n\n<p class=\"has-text-align-center has-blue-color has-text-color has-link-color has-large-font-size wp-elements-7fbd9869967c86715091410f80047474\"><strong>+ 40 millions de dollars<\/strong><\/p>\n\n\n\n<p class=\"has-text-align-center has-large-font-size\">investi dans la recherche de pointe sur le Parkinson.<\/p>\n<\/div>\n\n\n\n<div class=\"wp-block-column is-layout-flow wp-block-column-is-layout-flow\">\n<figure class=\"wp-block-image size-full is-resized\"><img loading=\"lazy\" decoding=\"async\" width=\"1366\" height=\"768\" src=\"https:\/\/www.parkinson.ca\/wp-content\/uploads\/2026\/04\/4.png\" alt=\"\" class=\"wp-image-58749\" style=\"width:400px\" srcset=\"https:\/\/www.parkinson.ca\/wp-content\/uploads\/2026\/04\/4.png 1366w, https:\/\/www.parkinson.ca\/wp-content\/uploads\/2026\/04\/4-300x169.png 300w, https:\/\/www.parkinson.ca\/wp-content\/uploads\/2026\/04\/4-1024x576.png 1024w, https:\/\/www.parkinson.ca\/wp-content\/uploads\/2026\/04\/4-768x432.png 768w, https:\/\/www.parkinson.ca\/wp-content\/uploads\/2026\/04\/4-426x240.png 426w, https:\/\/www.parkinson.ca\/wp-content\/uploads\/2026\/04\/4-50x28.png 50w, https:\/\/www.parkinson.ca\/wp-content\/uploads\/2026\/04\/4-100x56.png 100w\" sizes=\"auto, (max-width: 1366px) 100vw, 1366px\" \/><\/figure>\n\n\n\n<p class=\"has-text-align-center has-blue-color has-text-color has-link-color has-large-font-size wp-elements-93a43629060291e5f78ecd5d9374a37e\"><strong>600 +<\/strong><\/p>\n\n\n\n<p class=\"has-text-align-center has-large-font-size\">bourses et subventions accord\u00e9es aux chercheurs.<\/p>\n<\/div>\n\n\n\n<div class=\"wp-block-column is-layout-flow wp-block-column-is-layout-flow\">\n<figure class=\"wp-block-image size-full is-resized\"><img loading=\"lazy\" decoding=\"async\" width=\"1366\" height=\"768\" src=\"https:\/\/www.parkinson.ca\/wp-content\/uploads\/2026\/04\/5.png\" alt=\"\" class=\"wp-image-58751\" style=\"width:600px\" srcset=\"https:\/\/www.parkinson.ca\/wp-content\/uploads\/2026\/04\/5.png 1366w, https:\/\/www.parkinson.ca\/wp-content\/uploads\/2026\/04\/5-300x169.png 300w, https:\/\/www.parkinson.ca\/wp-content\/uploads\/2026\/04\/5-1024x576.png 1024w, https:\/\/www.parkinson.ca\/wp-content\/uploads\/2026\/04\/5-768x432.png 768w, https:\/\/www.parkinson.ca\/wp-content\/uploads\/2026\/04\/5-426x240.png 426w, https:\/\/www.parkinson.ca\/wp-content\/uploads\/2026\/04\/5-50x28.png 50w, https:\/\/www.parkinson.ca\/wp-content\/uploads\/2026\/04\/5-100x56.png 100w\" sizes=\"auto, (max-width: 1366px) 100vw, 1366px\" \/><\/figure>\n\n\n\n<p class=\"has-text-align-center has-blue-color has-text-color has-link-color has-large-font-size wp-elements-23c5c89b53c56d8c04f9a950910f0783\"><strong>60 \u00e9tablissements<\/strong><\/p>\n\n\n\n<p class=\"has-text-align-center has-large-font-size\">pris en charge \u00e0 travers toutes les provinces canadiennes.<\/p>\n<\/div>\n<\/div>\n\n\n\n<div class=\"wp-block-buttons is-content-justification-center is-layout-flex wp-container-core-buttons-is-layout-16018d1d wp-block-buttons-is-layout-flex\">\n<div class=\"wp-block-button\"><a class=\"wp-block-button__link wp-element-button\" href=\"https:\/\/www.parkinson.ca\/fr\/recherche\/recherche-financee\/\">D\u00e9couvrez nos projets de recherche financ\u00e9s<\/a><\/div>\n<\/div>\n<\/div>\n\n\n\n<div style=\"height:100px\" aria-hidden=\"true\" class=\"wp-block-spacer is-style-default\"><\/div>\n\n\n\n<div class=\"wp-block-group alignfull has-grey-background-color has-background is-layout-constrained wp-block-group-is-layout-constrained\">\n<div class='recent-posts'>\n    <div class='title-wrapper'>\n        <h2 class='has-blue-color has-text-color'>Du nouveau dans la recherche de Parkinson<\/h2>\n        <div class=\"icon-link is-style-arrow desktop-only\">\n            <a href=\"https:\/\/www.parkinson.ca\/fr\/ressources\/blogue\/?category%5B0%5D=339\">\n                Voir plus d\u2019articles            <\/a>\n        <\/div>\n    <\/div>\n    <div class='blogs-list'>\n                    \n<div class='post-card-wrapper order-wrapper'>\n    <a class='order-4 stretched-link' aria-labelledby=\"title-58965\" aria-hidden='true' href='https:\/\/www.parkinson.ca\/fr\/modifications-du-credit-dimpot-pour-personnes-handicapees-qui-touchent-la-communaute-parkinson\/'>\n        <h3 id=\"title-58965\" class='has-medium-font-size'>Modifications du cr\u00e9dit d&rsquo;imp\u00f4t pour personnes handicap\u00e9es qui touchent la communaut\u00e9 Parkinson<\/h3>\n    <\/a>\n    <time class='order-2 date'>30 avr. 2026<\/time>\n    <div class='order-3 divider'><\/div>\n    <img loading=\"lazy\" decoding=\"async\" width=\"300\" height=\"169\" src=\"https:\/\/www.parkinson.ca\/wp-content\/uploads\/2026\/04\/Updates-to-the-Disability-Tax-Credit-FR--300x169.jpg\" class=\"post-featured-image order-1 wp-post-image\" alt=\"\" sizes=\"auto, (min-width: 768px) 33vw, 100vw\" srcset=\"https:\/\/www.parkinson.ca\/wp-content\/uploads\/2026\/04\/Updates-to-the-Disability-Tax-Credit-FR--300x169.jpg 300w, https:\/\/www.parkinson.ca\/wp-content\/uploads\/2026\/04\/Updates-to-the-Disability-Tax-Credit-FR--1024x576.jpg 1024w, https:\/\/www.parkinson.ca\/wp-content\/uploads\/2026\/04\/Updates-to-the-Disability-Tax-Credit-FR--768x432.jpg 768w, https:\/\/www.parkinson.ca\/wp-content\/uploads\/2026\/04\/Updates-to-the-Disability-Tax-Credit-FR--426x240.jpg 426w, https:\/\/www.parkinson.ca\/wp-content\/uploads\/2026\/04\/Updates-to-the-Disability-Tax-Credit-FR--50x28.jpg 50w, https:\/\/www.parkinson.ca\/wp-content\/uploads\/2026\/04\/Updates-to-the-Disability-Tax-Credit-FR--100x56.jpg 100w, https:\/\/www.parkinson.ca\/wp-content\/uploads\/2026\/04\/Updates-to-the-Disability-Tax-Credit-FR-.jpg 1920w\" \/><\/div>                    \n<div class='post-card-wrapper order-wrapper'>\n    <a class='order-4 stretched-link' aria-labelledby=\"title-58531\" aria-hidden='true' href='https:\/\/www.parkinson.ca\/fr\/des-organisations-canadiennes-dediees-aux-troubles-du-mouvement-sunissent-pour-former-la-prochaine-generation-de-specialistes\/'>\n        <h3 id=\"title-58531\" class='has-medium-font-size'>Des organisations canadiennes d\u00e9di\u00e9es aux troubles du mouvement s\u2019unissent pour former la prochaine g\u00e9n\u00e9ration de sp\u00e9cialistes<\/h3>\n    <\/a>\n    <time class='order-2 date'>3 avr. 2026<\/time>\n    <div class='order-3 divider'><\/div>\n    <img loading=\"lazy\" decoding=\"async\" width=\"300\" height=\"169\" src=\"https:\/\/www.parkinson.ca\/wp-content\/uploads\/2026\/03\/Weve-earned-reaccreditation-by-Imagine-Canada-4-300x169.png\" class=\"post-featured-image order-1 wp-post-image\" alt=\"\" sizes=\"auto, (min-width: 768px) 33vw, 100vw\" srcset=\"https:\/\/www.parkinson.ca\/wp-content\/uploads\/2026\/03\/Weve-earned-reaccreditation-by-Imagine-Canada-4-300x169.png 300w, https:\/\/www.parkinson.ca\/wp-content\/uploads\/2026\/03\/Weve-earned-reaccreditation-by-Imagine-Canada-4-1024x576.png 1024w, https:\/\/www.parkinson.ca\/wp-content\/uploads\/2026\/03\/Weve-earned-reaccreditation-by-Imagine-Canada-4-768x432.png 768w, https:\/\/www.parkinson.ca\/wp-content\/uploads\/2026\/03\/Weve-earned-reaccreditation-by-Imagine-Canada-4-426x240.png 426w, https:\/\/www.parkinson.ca\/wp-content\/uploads\/2026\/03\/Weve-earned-reaccreditation-by-Imagine-Canada-4-50x28.png 50w, https:\/\/www.parkinson.ca\/wp-content\/uploads\/2026\/03\/Weve-earned-reaccreditation-by-Imagine-Canada-4-100x56.png 100w, https:\/\/www.parkinson.ca\/wp-content\/uploads\/2026\/03\/Weve-earned-reaccreditation-by-Imagine-Canada-4.png 1920w\" \/><\/div>                    \n<div class='post-card-wrapper order-wrapper'>\n    <a class='order-4 stretched-link' aria-labelledby=\"title-57714\" aria-hidden='true' href='https:\/\/www.parkinson.ca\/fr\/les-femmes-dans-la-recherche-dre-veronica-bruno\/'>\n        <h3 id=\"title-57714\" class='has-medium-font-size'>Les femmes dans la recherche : Dre Veronica Bruno<\/h3>\n    <\/a>\n    <time class='order-2 date'>18 mars 2026<\/time>\n    <div class='order-3 divider'><\/div>\n    <img loading=\"lazy\" decoding=\"async\" width=\"300\" height=\"169\" src=\"https:\/\/www.parkinson.ca\/wp-content\/uploads\/2026\/03\/Weve-earned-reaccreditation-by-Imagine-Canada-1-300x169.png\" class=\"post-featured-image order-1 wp-post-image\" alt=\"\" sizes=\"auto, (min-width: 768px) 33vw, 100vw\" srcset=\"https:\/\/www.parkinson.ca\/wp-content\/uploads\/2026\/03\/Weve-earned-reaccreditation-by-Imagine-Canada-1-300x169.png 300w, https:\/\/www.parkinson.ca\/wp-content\/uploads\/2026\/03\/Weve-earned-reaccreditation-by-Imagine-Canada-1-1024x576.png 1024w, https:\/\/www.parkinson.ca\/wp-content\/uploads\/2026\/03\/Weve-earned-reaccreditation-by-Imagine-Canada-1-768x432.png 768w, https:\/\/www.parkinson.ca\/wp-content\/uploads\/2026\/03\/Weve-earned-reaccreditation-by-Imagine-Canada-1-426x240.png 426w, https:\/\/www.parkinson.ca\/wp-content\/uploads\/2026\/03\/Weve-earned-reaccreditation-by-Imagine-Canada-1-50x28.png 50w, https:\/\/www.parkinson.ca\/wp-content\/uploads\/2026\/03\/Weve-earned-reaccreditation-by-Imagine-Canada-1-100x56.png 100w, https:\/\/www.parkinson.ca\/wp-content\/uploads\/2026\/03\/Weve-earned-reaccreditation-by-Imagine-Canada-1.png 1920w\" \/><\/div>            <\/div>\n    <div class=\"icon-link is-style-arrow mobile-only\">\n            <a href=\"https:\/\/www.parkinson.ca\/fr\/ressources\/blogue\/?category%5B0%5D=339\">\n                Voir plus d\u2019articles            <\/a>\n    <\/div>\n<\/div><\/div>\n\n\n\n<h2 class=\"wp-block-heading has-text-align-center has-contrast-color has-base-background-color has-text-color has-background has-link-color wp-elements-35640a24a5a6c4066913bb16b87af85a\">Votre r\u00f4le dans la recherche sur la maladie de Parkinson<\/h2>\n\n\n\n<h3 class=\"wp-block-heading has-text-align-center has-blue-color has-text-color has-link-color has-xlarge-font-size wp-elements-450676a6ab96da24704fbe2f215ae03b\">En tant que chercheur<\/h3>\n\n\n\n<div class=\"wp-block-cover alignwide working-hard-cover\" style=\"padding-top:var(--wp--preset--spacing--40);padding-bottom:var(--wp--preset--spacing--30)\"><img loading=\"lazy\" decoding=\"async\" width=\"2560\" height=\"1440\" class=\"wp-block-cover__image-background wp-image-45947\" alt=\"\" src=\"https:\/\/parkinson.ca\/wp-content\/uploads\/2025\/01\/dan-dimmock-3mt71MKGjQ0-unsplash-scaled.jpg\" data-object-fit=\"cover\" srcset=\"https:\/\/www.parkinson.ca\/wp-content\/uploads\/2025\/01\/dan-dimmock-3mt71MKGjQ0-unsplash-scaled.jpg 2560w, https:\/\/www.parkinson.ca\/wp-content\/uploads\/2025\/01\/dan-dimmock-3mt71MKGjQ0-unsplash-300x169.jpg 300w, https:\/\/www.parkinson.ca\/wp-content\/uploads\/2025\/01\/dan-dimmock-3mt71MKGjQ0-unsplash-1024x576.jpg 1024w, https:\/\/www.parkinson.ca\/wp-content\/uploads\/2025\/01\/dan-dimmock-3mt71MKGjQ0-unsplash-768x432.jpg 768w, https:\/\/www.parkinson.ca\/wp-content\/uploads\/2025\/01\/dan-dimmock-3mt71MKGjQ0-unsplash-426x240.jpg 426w, https:\/\/www.parkinson.ca\/wp-content\/uploads\/2025\/01\/dan-dimmock-3mt71MKGjQ0-unsplash-1920x1080.jpg 1920w\" sizes=\"auto, (max-width: 2560px) 100vw, 2560px\" \/><span aria-hidden=\"true\" class=\"wp-block-cover__background has-contrast-background-color has-background-dim-70 has-background-dim\"><\/span><div class=\"wp-block-cover__inner-container is-layout-flow wp-block-cover-is-layout-flow\">\n<div class=\"wp-block-group is-nowrap is-layout-flex wp-container-core-group-is-layout-ad2f72ca wp-block-group-is-layout-flex\">\n<div class=\"wp-block-columns is-style-default is-layout-flex wp-container-core-columns-is-layout-9d6595d7 wp-block-columns-is-layout-flex\">\n<div class=\"wp-block-column is-layout-flow wp-block-column-is-layout-flow\" style=\"padding-right:var(--wp--preset--spacing--80);padding-left:var(--wp--preset--spacing--80)\">\n<h3 class=\"wp-block-heading\">Obtenir un financement pour votre projet de recherche<\/h3>\n\n\n\n<p>Des opportunit\u00e9s de financement sont disponibles pour les chercheurs en d\u00e9but de carri\u00e8re afin de les aider \u00e0 d\u00e9marrer leur carri\u00e8re, et pour les chercheurs confirm\u00e9s afin de les aider \u00e0 poursuivre leurs travaux. Nos subventions sont con\u00e7ues pour soutenir les id\u00e9es novatrices et contribuer \u00e0 l&rsquo;avenir des connaissances et des soins relatifs \u00e0 la maladie de Parkinson.<\/p>\n\n\n\n<div class=\"wp-block-buttons is-layout-flex wp-block-buttons-is-layout-flex\">\n<div class=\"wp-block-button\"><a class=\"wp-block-button__link wp-element-button\" href=\"https:\/\/parkinson.ca\/research\/apply-for-funding\/\">Demande de financement<\/a><\/div>\n<\/div>\n<\/div>\n\n\n\n<div class=\"wp-block-column is-layout-flow wp-block-column-is-layout-flow\" style=\"padding-right:var(--wp--preset--spacing--80);padding-left:var(--wp--preset--spacing--80)\">\n<h3 class=\"wp-block-heading\">Recruter des participants :<\/h3>\n\n\n\n<p>Vous menez des recherches sur la maladie de Parkinson et vous avez besoin de recruter des participants ? Faites-nous part des d\u00e9tails de votre \u00e9tude ! Si votre \u00e9tude remplit les conditions requises, nous la pr\u00e9senterons sur notre site web et mentionnerons l&rsquo;opportunit\u00e9 dans notre lettre d&rsquo;information mensuelle afin de vous aider \u00e0 entrer en contact avec des participants potentiels.<\/p>\n\n\n\n<div class=\"wp-block-buttons is-layout-flex wp-block-buttons-is-layout-flex\">\n<div class=\"wp-block-button\"><a class=\"wp-block-button__link wp-element-button\" href=\"https:\/\/www.parkinson.ca\/wp-content\/uploads\/2025\/08\/Study-Recruitment-Intake-Form_FR.docx\">Envoyez le formulaire \u00e0 research@parkinson.ca<\/a><\/div>\n<\/div>\n<\/div>\n<\/div>\n<\/div>\n<\/div><\/div>\n\n\n\n<div style=\"height:100px\" aria-hidden=\"true\" class=\"wp-block-spacer is-style-default\"><\/div>\n\n\n\n<div class=\"wp-block-group alignfull has-grey-background-color has-background is-layout-constrained wp-block-group-is-layout-constrained\">\n<h3 class=\"wp-block-heading has-text-align-center has-blue-color has-text-color has-link-color has-xlarge-font-size wp-elements-25a71a46f98acf527778536b8a1e8d0f\">En tant que participant<\/h3>\n\n\n\n<div style=\"height:100px\" aria-hidden=\"true\" class=\"wp-block-spacer is-style-responsive-xsmall\"><\/div>\n\n\n\n<div class=\"wp-block-columns is-layout-flex wp-container-core-columns-is-layout-9d6595d7 wp-block-columns-is-layout-flex\">\n<div class=\"wp-block-column is-vertically-aligned-top has-grey-background-color has-background is-layout-flow wp-block-column-is-layout-flow\">\n<div class='block-link'>\n\n            <a href='https:\/\/www.parkinson.ca\/fr\/recherche\/participez-a-la-recherche\/' target=''>    \n            <span class='block-link-content'>Participer \u00e0 une \u00e9tude de recherche<\/span>\n        <\/a>\n    \n    <img loading=\"lazy\" decoding=\"async\" width=\"2560\" height=\"1707\" src=\"https:\/\/www.parkinson.ca\/wp-content\/uploads\/2024\/10\/jason-goodman-vbxyFxlgpjM-unsplash-scaled.jpg\" class=\"block-link-bg-image\" alt=\"\" srcset=\"https:\/\/www.parkinson.ca\/wp-content\/uploads\/2024\/10\/jason-goodman-vbxyFxlgpjM-unsplash-scaled.jpg 2560w, https:\/\/www.parkinson.ca\/wp-content\/uploads\/2024\/10\/jason-goodman-vbxyFxlgpjM-unsplash-300x200.jpg 300w, https:\/\/www.parkinson.ca\/wp-content\/uploads\/2024\/10\/jason-goodman-vbxyFxlgpjM-unsplash-1024x683.jpg 1024w, https:\/\/www.parkinson.ca\/wp-content\/uploads\/2024\/10\/jason-goodman-vbxyFxlgpjM-unsplash-768x512.jpg 768w, https:\/\/www.parkinson.ca\/wp-content\/uploads\/2024\/10\/jason-goodman-vbxyFxlgpjM-unsplash-426x284.jpg 426w, https:\/\/www.parkinson.ca\/wp-content\/uploads\/2024\/10\/jason-goodman-vbxyFxlgpjM-unsplash-1620x1080.jpg 1620w\" sizes=\"auto, (max-width: 2560px) 100vw, 2560px\" \/><\/div>\n\n\n<h4 class=\"wp-block-heading\">Participer \u00e0 une \u00e9tude de recherche<\/h4>\n\n\n\n<p class=\"has-text-align-left\">De nombreuses \u00e9tudes portant sur la maladie de Parkinson ont besoin de volontaires humains pour r\u00e9pondre \u00e0 des questions de sant\u00e9 sp\u00e9cifiques et s&rsquo;assurer que les r\u00e9sultats de la recherche sont applicables aux personnes vivant avec la maladie de Parkinson. Votre participation \u00e0 ces \u00e9tudes vous permet de contribuer \u00e0 la recherche m\u00e9dicale et de vous assurer que vous avez votre mot \u00e0 dire dans la science qui vous concerne directement.<\/p>\n\n\n\n<p>Pour en savoir plus sur les avantages de la participation \u00e0 une \u00e9tude de recherche ou \u00e0 un essai clinique, consultez notre <a href=\"https:\/\/www.parkinson.ca\/fr\/recherche\/foire-aux-questions-sur-les-essais-cliniques\/\" title=\"Foire aux questions sur les essais cliniques\">foire aux questions sur les essais cliniques<\/a>.<\/p>\n<\/div>\n\n\n\n<div class=\"wp-block-column has-grey-background-color has-background is-layout-flow wp-block-column-is-layout-flow\">\n<div class='block-link'>\n\n    \n    <\/div>\n\n\n<h4 class=\"wp-block-heading\">Become a research partner<\/h4>\n\n\n\n<p>L&rsquo;engagement des patients dans la recherche est un \u00e9l\u00e9ment cl\u00e9 de notre mission. En r\u00e9unissant les chercheurs et les personnes touch\u00e9es par la maladie de Parkinson et en proposant des formations, des ressources et des possibilit\u00e9s de collaboration plus approfondie, nous contribuons \u00e0 faire en sorte que vous ayez votre mot \u00e0 dire dans le d\u00e9veloppement de la recherche elle-m\u00eame et que la science r\u00e9ponde en fin de compte aux besoins de la communaut\u00e9.<\/p>\n<\/div>\n<\/div>\n<\/div>\n\n\n\n<div style=\"height:100px\" aria-hidden=\"true\" class=\"wp-block-spacer is-style-default\"><\/div>\n\n\n\n<h3 class=\"wp-block-heading has-text-align-center has-blue-color has-text-color has-link-color has-xlarge-font-size wp-elements-0e78dd4bae31ab0c536232b0a97a334e\">En tant que donateur<\/h3>\n\n\n\n<div style=\"height:60px\" aria-hidden=\"true\" class=\"wp-block-spacer is-style-responsive-xsmall\"><\/div>\n\n\n\n<div class='overflow-image-text'>\n    <div class='editor-content'>\n        <div>\n            <div class='overflow-image-text-content has-background has-blue-background-color'>\n                <div class='inner-blocks'>\n                    <div class=\"acf-innerblocks-container\">\n\n<div style=\"height:100px\" aria-hidden=\"true\" class=\"wp-block-spacer is-style-responsive-xsmall\"><\/div>\n\n\n\n<h4 class=\"wp-block-heading has-xlarge-font-size\">Comment faire un don \u00e0 la recherche<\/h4>\n\n\n\n<p>Aidez \u00e0 d\u00e9velopper des traitements prometteurs et soutenez la prochaine g\u00e9n\u00e9ration de chercheurs sur la maladie de Parkinson. Des donateurs comme vous rendent possibles de nouvelles perc\u00e9es dans la recherche sur la maladie de Parkinson. Votre don au programme de recherche de Parkinson Canada augmente notre r\u00e9serve de financement de la recherche et permet une science de pointe sur tous les aspects de la maladie de Parkinson, de la biologie \u00e0 la gestion des sympt\u00f4mes, \u00e0 la mise au point de traitements et \u00e0 l&rsquo;am\u00e9lioration de la qualit\u00e9 de vie.<\/p>\n\n\n\n<div style=\"height:100px\" aria-hidden=\"true\" class=\"wp-block-spacer is-style-responsive-xsmall\"><\/div>\n\n\n\n<div class=\"wp-block-buttons is-layout-flex wp-block-buttons-is-layout-flex\">\n<div class=\"wp-block-button\"><a class=\"wp-block-button__link wp-element-button\" href=\"https:\/\/donate.parkinson.ca\/site\/Donation2?idb=1736969118&amp;5800.donation=form1&amp;DONATION_LEVEL_ID_SELECTED=1541&amp;df_id=5800&amp;mfc_pref=T&amp;idb=0&amp;s_locale=fr_CA\">Faites un don pour la recherche sur la maladie de Parkinson<\/a><\/div>\n<\/div>\n\n<\/div>\n                    <img loading=\"lazy\" decoding=\"async\" width=\"900\" height=\"450\" src=\"https:\/\/www.parkinson.ca\/wp-content\/uploads\/2024\/10\/Research-donate-4-1.png\" class=\"overflow-image\" alt=\"\" sizes=\"auto, (min-width: 768px) 50vw, 100vw\" srcset=\"https:\/\/www.parkinson.ca\/wp-content\/uploads\/2024\/10\/Research-donate-4-1.png 900w, https:\/\/www.parkinson.ca\/wp-content\/uploads\/2024\/10\/Research-donate-4-1-300x150.png 300w, https:\/\/www.parkinson.ca\/wp-content\/uploads\/2024\/10\/Research-donate-4-1-768x384.png 768w, https:\/\/www.parkinson.ca\/wp-content\/uploads\/2024\/10\/Research-donate-4-1-426x213.png 426w\" \/>                <\/div>\n            <\/div>\n        <\/div>    \n    <\/div>\n<\/div>\n\n\n<div style=\"height:100px\" aria-hidden=\"true\" class=\"wp-block-spacer is-style-default\"><\/div>\n\n\n\n<p><\/p>\n","protected":false},"excerpt":{"rendered":"<p>Our impact since 1981 + 40 millions de dollars investi dans la recherche de pointe sur le Parkinson. 600 + bourses et subventions accord\u00e9es aux chercheurs. 60 \u00e9tablissements pris en charge \u00e0 travers toutes les provinces canadiennes. Votre r\u00f4le dans la recherche sur la maladie de Parkinson En tant que chercheur En tant que participant [&hellip;]<\/p>\n","protected":false},"author":107,"featured_media":44935,"parent":0,"menu_order":0,"comment_status":"closed","ping_status":"closed","template":"","meta":{"_acf_changed":false,"footnotes":""},"class_list":["post-46120","page","type-page","status-publish","has-post-thumbnail","hentry"],"acf":[],"aioseo_notices":[],"_links":{"self":[{"href":"https:\/\/www.parkinson.ca\/fr\/wp-json\/wp\/v2\/pages\/46120","targetHints":{"allow":["GET"]}}],"collection":[{"href":"https:\/\/www.parkinson.ca\/fr\/wp-json\/wp\/v2\/pages"}],"about":[{"href":"https:\/\/www.parkinson.ca\/fr\/wp-json\/wp\/v2\/types\/page"}],"author":[{"embeddable":true,"href":"https:\/\/www.parkinson.ca\/fr\/wp-json\/wp\/v2\/users\/107"}],"replies":[{"embeddable":true,"href":"https:\/\/www.parkinson.ca\/fr\/wp-json\/wp\/v2\/comments?post=46120"}],"version-history":[{"count":18,"href":"https:\/\/www.parkinson.ca\/fr\/wp-json\/wp\/v2\/pages\/46120\/revisions"}],"predecessor-version":[{"id":58793,"href":"https:\/\/www.parkinson.ca\/fr\/wp-json\/wp\/v2\/pages\/46120\/revisions\/58793"}],"wp:featuredmedia":[{"embeddable":true,"href":"https:\/\/www.parkinson.ca\/fr\/wp-json\/wp\/v2\/media\/44935"}],"wp:attachment":[{"href":"https:\/\/www.parkinson.ca\/fr\/wp-json\/wp\/v2\/media?parent=46120"}],"curies":[{"name":"wp","href":"https:\/\/api.w.org\/{rel}","templated":true}]}}