{"id":46115,"date":"2024-07-05T15:36:09","date_gmt":"2024-07-05T15:36:09","guid":{"rendered":"https:\/\/parkinson.ca\/home\/mieux-vivre-avec-la-maladie-de-parkinson\/"},"modified":"2025-06-24T20:55:14","modified_gmt":"2025-06-24T20:55:14","slug":"mieux-vivre-avec-la-maladie-de-parkinson","status":"publish","type":"page","link":"https:\/\/www.parkinson.ca\/fr\/home\/mieux-vivre-avec-la-maladie-de-parkinson\/","title":{"rendered":"Mieux vivre avec la maladie de Parkinson"},"content":{"rendered":"\n<div style=\"height:100px\" aria-hidden=\"true\" class=\"wp-block-spacer is-style-responsive-xsmall\"><\/div>\n\n\n\n<div class='overflow-image-text'>\n    <div class='editor-content'>\n        <div>\n            <div class='overflow-image-text-content has-background has-blue-background-color'>\n                <div class='inner-blocks'>\n                    <div class=\"acf-innerblocks-container\">\n\n<h2 class=\"wp-block-heading\">Chaque personne vit la maladie de Parkinson diff\u00e9remment. Mais vous n&rsquo;\u00eates pas seul. Acc\u00e9dez aux ressources, au soutien, \u00e0 l&rsquo;information et aux liens avec la communaut\u00e9 pour bien vivre.<\/h2>\n\n<\/div>\n                    <img loading=\"lazy\" decoding=\"async\" width=\"2560\" height=\"1698\" src=\"https:\/\/www.parkinson.ca\/wp-content\/uploads\/2025\/01\/jaddy-liu-nk-xUZwSjR4-unsplash-scaled.jpg\" class=\"overflow-image\" alt=\"\" sizes=\"auto, (min-width: 768px) 50vw, 100vw\" srcset=\"https:\/\/www.parkinson.ca\/wp-content\/uploads\/2025\/01\/jaddy-liu-nk-xUZwSjR4-unsplash-scaled.jpg 2560w, https:\/\/www.parkinson.ca\/wp-content\/uploads\/2025\/01\/jaddy-liu-nk-xUZwSjR4-unsplash-300x199.jpg 300w, https:\/\/www.parkinson.ca\/wp-content\/uploads\/2025\/01\/jaddy-liu-nk-xUZwSjR4-unsplash-1024x679.jpg 1024w, https:\/\/www.parkinson.ca\/wp-content\/uploads\/2025\/01\/jaddy-liu-nk-xUZwSjR4-unsplash-768x509.jpg 768w, https:\/\/www.parkinson.ca\/wp-content\/uploads\/2025\/01\/jaddy-liu-nk-xUZwSjR4-unsplash-426x282.jpg 426w, https:\/\/www.parkinson.ca\/wp-content\/uploads\/2025\/01\/jaddy-liu-nk-xUZwSjR4-unsplash-1629x1080.jpg 1629w\" \/>                <\/div>\n            <\/div>\n        <\/div>    \n    <\/div>\n<\/div>\n\n\n<div style=\"height:100px\" aria-hidden=\"true\" class=\"wp-block-spacer\"><\/div>\n\n\n\n<div class=\"wp-block-group alignfull has-ice-blue-background-color has-background has-medium-font-size is-layout-flow wp-block-group-is-layout-flow\">\n<div class=\"wp-block-columns has-ice-blue-background-color has-background has-regular-font-size is-layout-flex wp-container-core-columns-is-layout-9d6595d7 wp-block-columns-is-layout-flex\">\n<div class=\"wp-block-column is-vertically-aligned-center is-layout-flow wp-block-column-is-layout-flow\">\n<h2 class=\"wp-block-heading has-xlarge-font-size\">La maladie de Parkinson se manifeste de mani\u00e8re unique pour chaque individu, mais en comprendre les bases peut vous aider \u00e0 naviguer dans votre parcours. D\u00e9couvrez les sympt\u00f4mes, les traitements et les moyens de g\u00e9rer efficacement votre sant\u00e9.<\/h2>\n<\/div>\n\n\n\n<div class=\"wp-block-column is-layout-flow wp-block-column-is-layout-flow\" style=\"padding-top:0;padding-bottom:0\">\n<div class=\"wp-block-columns is-style-default home-row no-gap-mobile is-layout-flex wp-container-core-columns-is-layout-9d6595d7 wp-block-columns-is-layout-flex\">\n<div class=\"wp-block-column is-vertically-aligned-center number-copy is-layout-flow wp-block-column-is-layout-flow\">\n<h5 class=\"wp-block-heading has-text-align-left\">Votre r\u00e9seau de soutien<\/h5>\n\n\n\n<p class=\"has-text-align-left has-regular-font-size\">Personne ne doit affronter la maladie de Parkinson seul. Entrez en contact avec une communaut\u00e9 bienveillante gr\u00e2ce \u00e0 des groupes de soutien, des forums en ligne et des \u00e9v\u00e9nements adapt\u00e9s \u00e0 vos besoins.<\/p>\n<\/div>\n\n\n\n<div class=\"wp-block-column is-vertically-aligned-top is-layout-flow wp-block-column-is-layout-flow\">\n<div style=\"height:35px\" aria-hidden=\"true\" class=\"wp-block-spacer\"><\/div>\n\n\n\n    <div class='icon-link'>\n        <a  href='https:\/\/www.parkinson.ca\/fr\/ressources\/groupes-de-soutien\/'\n                    >\n            Entrez en contact avec d&rsquo;autres personnes        <\/a>\n    <\/div>\n<\/div>\n<\/div>\n\n\n\n<div class='custom-link '>\n            <div style='width: 100%; height: 3px; background-color: var(--color--accent);'><\/div>\n    <\/div>\n\n\n<div class=\"wp-block-columns is-layout-flex wp-container-core-columns-is-layout-9d6595d7 wp-block-columns-is-layout-flex\">\n<div class=\"wp-block-column is-layout-flow wp-block-column-is-layout-flow\">\n<h5 class=\"wp-block-heading has-text-align-left\">Des outils pour bien vivre<\/h5>\n\n\n\n<p class=\"has-text-align-left has-regular-font-size\">D\u00e9couvrez des outils pratiques, des conseils et des ressources con\u00e7us pour vous aider \u00e0 g\u00e9rer les d\u00e9fis quotidiens, \u00e0 rester actif et \u00e0 pr\u00e9server votre bien-\u00eatre.<\/p>\n<\/div>\n\n\n\n<div class=\"wp-block-column is-layout-flow wp-block-column-is-layout-flow\">\n<div style=\"height:35px\" aria-hidden=\"true\" class=\"wp-block-spacer\"><\/div>\n\n\n\n    <div class='icon-link'>\n        <a  href='https:\/\/www.parkinson.ca\/fr\/ressources\/publications-educatives\/'\n                    >\n            Trouver des ressources pour prosp\u00e9rer        <\/a>\n    <\/div>\n<\/div>\n<\/div>\n\n\n\n<div class='custom-link '>\n            <div style='width: 100%; height: 3px; background-color: var(--color--accent);'><\/div>\n    <\/div>\n\n\n<div class=\"wp-block-columns is-layout-flex wp-container-core-columns-is-layout-9d6595d7 wp-block-columns-is-layout-flex\">\n<div class=\"wp-block-column is-layout-flow wp-block-column-is-layout-flow\">\n<h5 class=\"wp-block-heading has-text-align-left\">La connaissance, c&rsquo;est le pouvoir<\/h5>\n\n\n\n<p class=\"has-text-align-left has-regular-font-size\">Restez inform\u00e9 gr\u00e2ce \u00e0 des webinaires, des livres et des articles qui fournissent des informations actualis\u00e9es et de l&rsquo;inspiration de la part d&rsquo;experts et de personnes vivant avec la maladie de Parkinson.<\/p>\n<\/div>\n\n\n\n<div class=\"wp-block-column is-layout-flow wp-block-column-is-layout-flow\">\n<div style=\"height:35px\" aria-hidden=\"true\" class=\"wp-block-spacer\"><\/div>\n\n\n\n    <div class='icon-link'>\n        <a  href='https:\/\/www.parkinson.ca\/fr\/ressources\/'\n                    >\n            Explorer les ressources        <\/a>\n    <\/div>\n<\/div>\n<\/div>\n<\/div>\n<\/div>\n<\/div>\n\n\n\n<div style=\"height:100px\" aria-hidden=\"true\" class=\"wp-block-spacer\"><\/div>\n\n\n\n<section class=\"wp-block-group alignfull has-white-background-color has-background is-layout-constrained wp-block-group-is-layout-constrained\">\n<h2 class=\"wp-block-heading has-text-align-center has-blue-color has-text-color has-link-color wp-elements-354a057ff41726045c56349a81def214\">Faites le premier pas<\/h2>\n\n\n\n<p><\/p>\n\n\n\n<p class=\"has-text-align-center\">Que vous soyez nouvellement diagnostiqu\u00e9 ou que vous naviguiez dans la maladie de Parkinson depuis des ann\u00e9es, il y a toujours quelque chose de nouveau \u00e0 apprendre ou \u00e0 essayer.  <\/p>\n\n\n\n<p class=\"has-text-align-center\">Commencez d\u00e8s aujourd&rsquo;hui \u00e0 \u00e9laborer votre plan personnalis\u00e9 pour bien vivre.<\/p>\n\n\n\n<p><\/p>\n\n\n\n<div class=\"wp-block-columns alignwide is-layout-flex wp-container-core-columns-is-layout-9d6595d7 wp-block-columns-is-layout-flex\">\n<div class=\"wp-block-column is-vertically-aligned-center has-ice-blue-background-color has-background is-layout-flow wp-block-column-is-layout-flow\">\n<h2 class=\"wp-block-heading has-text-align-center has-large-font-size\">Vie quotidienne<\/h2>\n\n\n\n\n<div class=\"link-group-block vertical\">\n    <div class=\"acf-innerblocks-container\">\n\n    <div class='icon-link is-style-default'>\n        <a  href='https:\/\/www.parkinson.ca\/fr\/home\/mieux-vivre-avec-la-maladie-de-parkinson\/rester-actif\/'\n                    >\n            Rester actif        <\/a>\n    <\/div>\n\n\n\n    <div class='icon-link'>\n        <a  href='https:\/\/www.parkinson.ca\/fr\/ressources\/ligne-de-soutien-pour-la-maladie-de-parkinson\/'\n                    >\n            Acc\u00e9dez \u00e0 notre ligne de soutien        <\/a>\n    <\/div>\n\n\n\n    <div class='icon-link'>\n        <a  href='https:\/\/www.parkinson.ca\/fr\/ressources\/publications-educatives\/'\n                    >\n            Voir le contenu \u00e9ducatif        <\/a>\n    <\/div>\n\n<\/div>\n<\/div><\/div>\n\n\n\n<div class=\"wp-block-column is-vertically-aligned-center has-ice-blue-background-color has-background is-layout-flow wp-block-column-is-layout-flow\">\n<h2 class=\"wp-block-heading has-text-align-center has-large-font-size\">Soutien communautaire<\/h2>\n\n\n\n\n<div class=\"link-group-block vertical\">\n    <div class=\"acf-innerblocks-container\">\n\n    <div class='icon-link'>\n        <a  href='https:\/\/www.parkinson.ca\/fr\/ressources\/groupes-de-soutien\/'\n                    >\n            Rejoignez des groupes de soutien        <\/a>\n    <\/div>\n\n\n\n    <div class='icon-link'>\n        <a  href='https:\/\/www.parkinson.ca\/fr\/home\/mieux-vivre-avec-la-maladie-de-parkinson\/constituez-votre-equipe\/'\n                    >\n            Constituez votre \u00e9quipe de soutien        <\/a>\n    <\/div>\n\n\n\n    <div class='icon-link'>\n        <a  href='https:\/\/www.parkinson.ca\/fr\/ressources\/ligne-de-soutien-pour-la-maladie-de-parkinson\/'\n                    >\n            Contactez notre \u00e9quipe        <\/a>\n    <\/div>\n\n<\/div>\n<\/div><\/div>\n\n\n\n<div class=\"wp-block-column is-vertically-aligned-center has-ice-blue-background-color has-background is-layout-flow wp-block-column-is-layout-flow\">\n<h2 class=\"wp-block-heading has-text-align-center has-large-font-size\">Soins<\/h2>\n\n\n\n\n<div class=\"link-group-block vertical\">\n    <div class=\"acf-innerblocks-container\">\n\n    <div class='icon-link is-style-arrow'>\n        <a  href='https:\/\/www.parkinson.ca\/fr\/home\/mieux-vivre-avec-la-maladie-de-parkinson\/fournir-des-soins\/'\n                    >\n            Pour les partenaires de soins        <\/a>\n    <\/div>\n\n\n\n    <div class='icon-link'>\n        <a  href='https:\/\/www.parkinson.ca\/fr\/home\/mieux-vivre-avec-la-maladie-de-parkinson\/diagnostic-recent-de-la-maladie-de-parkinson\/'\n                    >\n            Pour ceux nouvellement diagnostiqu\u00e9es        <\/a>\n    <\/div>\n\n\n\n    <div class='icon-link'>\n        <a  href='https:\/\/www.parkinson.ca\/wp-content\/uploads\/2025\/04\/Mental-health-and-Parkinsons-Fact-Sheet_2025_FR.pdf'\n                    >\n            Sant\u00e9 mentale        <\/a>\n    <\/div>\n\n<\/div>\n<\/div><\/div>\n<\/div>\n<\/section>\n\n\n\n<div style=\"height:35px\" aria-hidden=\"true\" class=\"wp-block-spacer\"><\/div>\n\n\n\n<p class=\"has-text-align-center\"><br><\/p>\n\n\n\n<div class=\"wp-block-group alignfull has-grey-background-color has-background is-layout-constrained wp-block-group-is-layout-constrained\">\n<div class=\"wp-block-media-text is-stacked-on-mobile has-grey-background-color has-background\" style=\"grid-template-columns:52% auto\"><figure class=\"wp-block-media-text__media\"><img loading=\"lazy\" decoding=\"async\" width=\"1024\" height=\"768\" src=\"https:\/\/parkinson.ca\/wp-content\/uploads\/2025\/01\/nick-morrison-FHnnjk1Yj7Y-unsplash-1024x768.jpg\" alt=\"\" class=\"wp-image-45840 size-full\" srcset=\"https:\/\/www.parkinson.ca\/wp-content\/uploads\/2025\/01\/nick-morrison-FHnnjk1Yj7Y-unsplash-1024x768.jpg 1024w, https:\/\/www.parkinson.ca\/wp-content\/uploads\/2025\/01\/nick-morrison-FHnnjk1Yj7Y-unsplash-300x225.jpg 300w, https:\/\/www.parkinson.ca\/wp-content\/uploads\/2025\/01\/nick-morrison-FHnnjk1Yj7Y-unsplash-768x576.jpg 768w, https:\/\/www.parkinson.ca\/wp-content\/uploads\/2025\/01\/nick-morrison-FHnnjk1Yj7Y-unsplash-426x320.jpg 426w, https:\/\/www.parkinson.ca\/wp-content\/uploads\/2025\/01\/nick-morrison-FHnnjk1Yj7Y-unsplash-1440x1080.jpg 1440w\" sizes=\"auto, (max-width: 1024px) 100vw, 1024px\" \/><\/figure><div class=\"wp-block-media-text__content\">\n<h2 class=\"wp-block-heading\">Restez inform\u00e9<\/h2>\n\n\n\n<p>Pour bien vivre, il est important de rester inform\u00e9. Inscrivez-vous ici pour recevoir des informations sur les nouvelles ressources et les possibilit\u00e9s d&rsquo;implication au niveau local et national.<\/p>\n\n\n\n<div class=\"wp-block-buttons is-layout-flex wp-block-buttons-is-layout-flex\">\n<div class=\"wp-block-button\"><a class=\"wp-block-button__link wp-element-button\" href=\"https:\/\/donate.parkinson.ca\/site\/SSurvey?ACTION_REQUIRED=URI_ACTION_USER_REQUESTS&amp;SURVEY_ID=7044&amp;NONCE_TOKEN=A625B187508604138B182B38AD43FB3E\/&amp;s_locale=fr_CA\" target=\"_blank\" rel=\"noreferrer noopener\">Inscrivez-vous pour recevoir les mises \u00e0 jour<\/a><\/div>\n<\/div>\n<\/div><\/div>\n<\/div>\n","protected":false},"excerpt":{"rendered":"<p>La maladie de Parkinson se manifeste de mani\u00e8re unique pour chaque individu, mais en comprendre les bases peut vous aider \u00e0 naviguer dans votre parcours. D\u00e9couvrez les sympt\u00f4mes, les traitements et les moyens de g\u00e9rer efficacement votre sant\u00e9. Votre r\u00e9seau de soutien Personne ne doit affronter la maladie de Parkinson seul. Entrez en contact avec [&hellip;]<\/p>\n","protected":false},"author":96,"featured_media":51381,"parent":44756,"menu_order":0,"comment_status":"closed","ping_status":"closed","template":"","meta":{"_acf_changed":false,"footnotes":""},"class_list":["post-46115","page","type-page","status-publish","has-post-thumbnail","hentry"],"acf":[],"aioseo_notices":[],"_links":{"self":[{"href":"https:\/\/www.parkinson.ca\/fr\/wp-json\/wp\/v2\/pages\/46115","targetHints":{"allow":["GET"]}}],"collection":[{"href":"https:\/\/www.parkinson.ca\/fr\/wp-json\/wp\/v2\/pages"}],"about":[{"href":"https:\/\/www.parkinson.ca\/fr\/wp-json\/wp\/v2\/types\/page"}],"author":[{"embeddable":true,"href":"https:\/\/www.parkinson.ca\/fr\/wp-json\/wp\/v2\/users\/96"}],"replies":[{"embeddable":true,"href":"https:\/\/www.parkinson.ca\/fr\/wp-json\/wp\/v2\/comments?post=46115"}],"version-history":[{"count":16,"href":"https:\/\/www.parkinson.ca\/fr\/wp-json\/wp\/v2\/pages\/46115\/revisions"}],"predecessor-version":[{"id":52929,"href":"https:\/\/www.parkinson.ca\/fr\/wp-json\/wp\/v2\/pages\/46115\/revisions\/52929"}],"up":[{"embeddable":true,"href":"https:\/\/www.parkinson.ca\/fr\/wp-json\/wp\/v2\/pages\/44756"}],"wp:featuredmedia":[{"embeddable":true,"href":"https:\/\/www.parkinson.ca\/fr\/wp-json\/wp\/v2\/media\/51381"}],"wp:attachment":[{"href":"https:\/\/www.parkinson.ca\/fr\/wp-json\/wp\/v2\/media?parent=46115"}],"curies":[{"name":"wp","href":"https:\/\/api.w.org\/{rel}","templated":true}]}}