{"id":46111,"date":"2024-07-05T15:36:37","date_gmt":"2024-07-05T15:36:37","guid":{"rendered":"https:\/\/parkinson.ca\/quest-ce-que-la-maladie-de-parkinson\/"},"modified":"2025-07-03T17:43:51","modified_gmt":"2025-07-03T17:43:51","slug":"quest-ce-que-la-maladie-de-parkinson","status":"publish","type":"page","link":"https:\/\/www.parkinson.ca\/fr\/quest-ce-que-la-maladie-de-parkinson\/","title":{"rendered":"Qu&rsquo;est-ce que la maladie de Parkinson ?"},"content":{"rendered":"\n<div class=\"wp-block-group is-layout-constrained wp-block-group-is-layout-constrained\">\n<blockquote class=\"wp-block-quote is-layout-flow wp-block-quote-is-layout-flow\">\n<p>La maladie de Parkinson est une affection c\u00e9r\u00e9brale complexe et le parcours de chacun est diff\u00e9rent. Plus de 100 000 Canadiens vivent avec la maladie de Parkinson, et plus de 30 autres sont diagnostiqu\u00e9s chaque jour.<\/p>\n<\/blockquote>\n<\/div>\n\n\n\n<div style=\"height:100px\" aria-hidden=\"true\" class=\"wp-block-spacer\"><\/div>\n\n\n\n<div class='alignfull image-text-wrapper has-background has-blue-background-color'>\n    <div class='image-text-section'>\n        <div class='editor-content'>\n           <div class=\"\">\n                \n                <div class='image-text-section-content'>\n                    <div class=\"acf-innerblocks-container\">\n\n<h2 class=\"wp-block-heading\">Comprendre la maladie de Parkinson<\/h2>\n\n\n\n<p>En vous informant sur la maladie de Parkinson et sur ce \u00e0 quoi vous pouvez vous attendre, vous pouvez rendre votre parcours plus facile \u00e0 g\u00e9rer et vous aider, vous et votre famille, \u00e0 bien vivre. Bien que la maladie de Parkinson modifie de nombreux aspects de la vie, vous pouvez trouver de l&rsquo;aide, du soutien et des ressources aupr\u00e8s de Parkinson Canada. Que vous veniez d&rsquo;apprendre que vous ou un membre de votre famille \u00eates atteint de la maladie de Parkinson, ou que vous viviez avec cette maladie depuis des ann\u00e9es, lisez ce qui suit pour obtenir des informations pr\u00e9cieuses.<\/p>\n\n\n\n<p class=\"has-text-align-left has-regular-font-size\">L&rsquo;exp\u00e9rience de la maladie de Parkinson est unique pour chacun. Les sympt\u00f4mes, leur \u00e9volution et la mani\u00e8re dont ils affectent la vie quotidienne varient d&rsquo;une personne \u00e0 l&rsquo;autre. Certains peuvent ressentir des tremblements ou des raideurs, tandis que d&rsquo;autres peuvent remarquer des changements dans l&rsquo;\u00e9locution, la marche ou le niveau d&rsquo;\u00e9nergie. Au-del\u00e0 des d\u00e9fis physiques, la maladie de Parkinson peut entra\u00eener des probl\u00e8mes \u00e9motionnels et de sant\u00e9 mentale qu&rsquo;il est tout aussi important de prendre en compte.<\/p>\n\n\n\n<p class=\"has-text-align-left has-regular-font-size\">Plus de 100 000 Canadiens vivent avec la maladie de Parkinson et, chaque jour, 30 autres re\u00e7oivent un diagnostic. Ces chiffres soulignent l&rsquo;importance de la sensibilisation, de l&rsquo;\u00e9ducation et du soutien de la communaut\u00e9 pour aider les individus et les familles \u00e0 traverser cette \u00e9preuve en toute confiance.<\/p>\n\n<\/div>\n                <\/div>\n           <\/div>\n        <\/div>\n    <\/div>\n    <img loading=\"lazy\" decoding=\"async\" width=\"2560\" height=\"1707\" src=\"https:\/\/www.parkinson.ca\/wp-content\/uploads\/2025\/01\/nappy-sh9BCdxNyKQ-unsplash-scaled.jpg\" class=\"image-section right\" alt=\"\" sizes=\"auto, (min-width: 768px) 50vw, 100vw\" srcset=\"https:\/\/www.parkinson.ca\/wp-content\/uploads\/2025\/01\/nappy-sh9BCdxNyKQ-unsplash-scaled.jpg 2560w, https:\/\/www.parkinson.ca\/wp-content\/uploads\/2025\/01\/nappy-sh9BCdxNyKQ-unsplash-300x200.jpg 300w, https:\/\/www.parkinson.ca\/wp-content\/uploads\/2025\/01\/nappy-sh9BCdxNyKQ-unsplash-1024x683.jpg 1024w, https:\/\/www.parkinson.ca\/wp-content\/uploads\/2025\/01\/nappy-sh9BCdxNyKQ-unsplash-768x512.jpg 768w, https:\/\/www.parkinson.ca\/wp-content\/uploads\/2025\/01\/nappy-sh9BCdxNyKQ-unsplash-426x284.jpg 426w, https:\/\/www.parkinson.ca\/wp-content\/uploads\/2025\/01\/nappy-sh9BCdxNyKQ-unsplash-1620x1080.jpg 1620w\" \/><\/div>\n\n\n<div style=\"height:100px\" aria-hidden=\"true\" class=\"wp-block-spacer\"><\/div>\n\n\n\n<div class=\"wp-block-group alignfull has-grey-background-color has-background is-layout-constrained wp-block-group-is-layout-constrained\">\n<h2 class=\"wp-block-heading has-text-align-left has-blue-color has-text-color has-link-color wp-elements-b561e3cc5e14f43325104ba1dcf00812\">Un parcours de r\u00e9silience tout au long de la vie<\/h2>\n\n\n\n<p class=\"has-text-align-left\"><br>Que vous veniez d&rsquo;\u00eatre diagnostiqu\u00e9 ou que vous viviez avec la maladie de Parkinson depuis des ann\u00e9es, nous vous encourageons \u00e0 jouer un r\u00f4le actif dans votre bien-\u00eatre. Avec le soutien ad\u00e9quat, votre capacit\u00e9 \u00e0 g\u00e9rer votre vie avec la maladie de Parkinson peut s&rsquo;am\u00e9liorer consid\u00e9rablement. Il est essentiel de vous consid\u00e9rer comme un membre actif de votre propre \u00e9quipe de soins. Lorsque vous \u00eates impliqu\u00e9 dans votre propre parcours de sant\u00e9, les r\u00e9sultats sont nettement meilleurs. Rester inform\u00e9, mettre en place un syst\u00e8me de soutien solide et utiliser des outils et des ressources peut faire une grande diff\u00e9rence. Vous n&rsquo;avez pas \u00e0 affronter la maladie de Parkinson seul &#8211; nous sommes l\u00e0 pour vous soutenir, vous et les personnes de votre entourage. En savoir plus sur :<\/p>\n\n\n\n<div style=\"height:100px\" aria-hidden=\"true\" class=\"wp-block-spacer is-style-responsive-xsmall\"><\/div>\n\n\n\n<div class=\"wp-block-columns is-layout-flex wp-container-core-columns-is-layout-9d6595d7 wp-block-columns-is-layout-flex\">\n<div class=\"wp-block-column is-layout-flow wp-block-column-is-layout-flow\">\n<div class='block-link'>\n\n            <a href='https:\/\/www.parkinson.ca\/fr\/quest-ce-que-la-maladie-de-parkinson\/symptomes-moteurs\/' target=''>    \n            <span class='block-link-content'>Sympt\u00f4mes moteurs<\/span>\n        <\/a>\n    \n    <img loading=\"lazy\" decoding=\"async\" width=\"1707\" height=\"2560\" src=\"https:\/\/www.parkinson.ca\/wp-content\/uploads\/2025\/06\/mak-RpYXq6DVKnU-unsplash-scaled.jpg\" class=\"block-link-bg-image\" alt=\"\" srcset=\"https:\/\/www.parkinson.ca\/wp-content\/uploads\/2025\/06\/mak-RpYXq6DVKnU-unsplash-scaled.jpg 1707w, https:\/\/www.parkinson.ca\/wp-content\/uploads\/2025\/06\/mak-RpYXq6DVKnU-unsplash-200x300.jpg 200w, https:\/\/www.parkinson.ca\/wp-content\/uploads\/2025\/06\/mak-RpYXq6DVKnU-unsplash-683x1024.jpg 683w, https:\/\/www.parkinson.ca\/wp-content\/uploads\/2025\/06\/mak-RpYXq6DVKnU-unsplash-768x1152.jpg 768w, https:\/\/www.parkinson.ca\/wp-content\/uploads\/2025\/06\/mak-RpYXq6DVKnU-unsplash-426x639.jpg 426w, https:\/\/www.parkinson.ca\/wp-content\/uploads\/2025\/06\/mak-RpYXq6DVKnU-unsplash-720x1080.jpg 720w, https:\/\/www.parkinson.ca\/wp-content\/uploads\/2025\/06\/mak-RpYXq6DVKnU-unsplash-1667x2500.jpg 1667w\" sizes=\"auto, (max-width: 1707px) 100vw, 1707px\" \/><\/div><\/div>\n\n\n\n<div class=\"wp-block-column is-layout-flow wp-block-column-is-layout-flow\">\n<div class='block-link'>\n\n            <a href='https:\/\/www.parkinson.ca\/fr\/quest-ce-que-la-maladie-de-parkinson\/symptomes-non-moteurs\/' target=''>    \n            <span class='block-link-content'>Sympt\u00f4mes non moteurs<\/span>\n        <\/a>\n    \n    <img loading=\"lazy\" decoding=\"async\" width=\"1707\" height=\"2560\" src=\"https:\/\/www.parkinson.ca\/wp-content\/uploads\/2025\/01\/matteo-vistocco-CYN6x1FyPWs-unsplash-scaled.jpg\" class=\"block-link-bg-image\" alt=\"\" srcset=\"https:\/\/www.parkinson.ca\/wp-content\/uploads\/2025\/01\/matteo-vistocco-CYN6x1FyPWs-unsplash-scaled.jpg 1707w, https:\/\/www.parkinson.ca\/wp-content\/uploads\/2025\/01\/matteo-vistocco-CYN6x1FyPWs-unsplash-200x300.jpg 200w, https:\/\/www.parkinson.ca\/wp-content\/uploads\/2025\/01\/matteo-vistocco-CYN6x1FyPWs-unsplash-683x1024.jpg 683w, https:\/\/www.parkinson.ca\/wp-content\/uploads\/2025\/01\/matteo-vistocco-CYN6x1FyPWs-unsplash-768x1152.jpg 768w, https:\/\/www.parkinson.ca\/wp-content\/uploads\/2025\/01\/matteo-vistocco-CYN6x1FyPWs-unsplash-426x639.jpg 426w, https:\/\/www.parkinson.ca\/wp-content\/uploads\/2025\/01\/matteo-vistocco-CYN6x1FyPWs-unsplash-720x1080.jpg 720w, https:\/\/www.parkinson.ca\/wp-content\/uploads\/2025\/01\/matteo-vistocco-CYN6x1FyPWs-unsplash-1667x2500.jpg 1667w\" sizes=\"auto, (max-width: 1707px) 100vw, 1707px\" \/><\/div><\/div>\n\n\n\n<div class=\"wp-block-column is-layout-flow wp-block-column-is-layout-flow\">\n<div class='block-link'>\n\n            <a href='https:\/\/www.parkinson.ca\/fr\/quest-ce-que-la-maladie-de-parkinson\/progression\/' target=''>    \n            <span class='block-link-content'>Progression<\/span>\n        <\/a>\n    \n    <img loading=\"lazy\" decoding=\"async\" width=\"2560\" height=\"1437\" src=\"https:\/\/www.parkinson.ca\/wp-content\/uploads\/2025\/01\/arnel-hasanovic-vsQN5fBD66g-unsplash-scaled.jpg\" class=\"block-link-bg-image\" alt=\"\" srcset=\"https:\/\/www.parkinson.ca\/wp-content\/uploads\/2025\/01\/arnel-hasanovic-vsQN5fBD66g-unsplash-scaled.jpg 2560w, https:\/\/www.parkinson.ca\/wp-content\/uploads\/2025\/01\/arnel-hasanovic-vsQN5fBD66g-unsplash-300x168.jpg 300w, https:\/\/www.parkinson.ca\/wp-content\/uploads\/2025\/01\/arnel-hasanovic-vsQN5fBD66g-unsplash-1024x575.jpg 1024w, https:\/\/www.parkinson.ca\/wp-content\/uploads\/2025\/01\/arnel-hasanovic-vsQN5fBD66g-unsplash-768x431.jpg 768w, https:\/\/www.parkinson.ca\/wp-content\/uploads\/2025\/01\/arnel-hasanovic-vsQN5fBD66g-unsplash-426x239.jpg 426w, https:\/\/www.parkinson.ca\/wp-content\/uploads\/2025\/01\/arnel-hasanovic-vsQN5fBD66g-unsplash-1920x1077.jpg 1920w\" sizes=\"auto, (max-width: 2560px) 100vw, 2560px\" \/><\/div><\/div>\n\n\n\n<div class=\"wp-block-column is-layout-flow wp-block-column-is-layout-flow\">\n<div class='block-link'>\n\n            <a href='https:\/\/www.parkinson.ca\/fr\/quest-ce-que-la-maladie-de-parkinson\/traitements-de-la-maladie-de-parkinson\/' target=''>    \n            <span class='block-link-content'>Traitements<\/span>\n        <\/a>\n    \n    <img loading=\"lazy\" decoding=\"async\" width=\"2560\" height=\"1707\" src=\"https:\/\/www.parkinson.ca\/wp-content\/uploads\/2025\/01\/national-cancer-institute-NFvdKIhxYlU-unsplash-scaled.jpg\" class=\"block-link-bg-image\" alt=\"\" srcset=\"https:\/\/www.parkinson.ca\/wp-content\/uploads\/2025\/01\/national-cancer-institute-NFvdKIhxYlU-unsplash-scaled.jpg 2560w, https:\/\/www.parkinson.ca\/wp-content\/uploads\/2025\/01\/national-cancer-institute-NFvdKIhxYlU-unsplash-300x200.jpg 300w, https:\/\/www.parkinson.ca\/wp-content\/uploads\/2025\/01\/national-cancer-institute-NFvdKIhxYlU-unsplash-1024x683.jpg 1024w, https:\/\/www.parkinson.ca\/wp-content\/uploads\/2025\/01\/national-cancer-institute-NFvdKIhxYlU-unsplash-768x512.jpg 768w, https:\/\/www.parkinson.ca\/wp-content\/uploads\/2025\/01\/national-cancer-institute-NFvdKIhxYlU-unsplash-426x284.jpg 426w, https:\/\/www.parkinson.ca\/wp-content\/uploads\/2025\/01\/national-cancer-institute-NFvdKIhxYlU-unsplash-1620x1080.jpg 1620w\" sizes=\"auto, (max-width: 2560px) 100vw, 2560px\" \/><\/div><\/div>\n<\/div>\n<\/div>\n\n\n\n<div style=\"height:100px\" aria-hidden=\"true\" class=\"wp-block-spacer\"><\/div>\n\n\n\n<div class=\"wp-block-group is-layout-constrained wp-block-group-is-layout-constrained\">\n<h2 class=\"wp-block-heading\">La prise en charge de la maladie de Parkinson<\/h2>\n\n\n\n<p><\/p>\n\n\n\n<p>Bien qu&rsquo;il n&rsquo;existe actuellement aucun traitement curatif de la maladie de Parkinson, la compr\u00e9hension de la maladie peut vous permettre de prendre des d\u00e9cisions \u00e9clair\u00e9es en mati\u00e8re de traitement et de soins. Les m\u00e9dicaments peuvent aider \u00e0 g\u00e9rer les sympt\u00f4mes, et les th\u00e9rapies comme la physioth\u00e9rapie, l&rsquo;orthophonie et l&rsquo;exercice peuvent jouer un r\u00f4le essentiel dans l&rsquo;am\u00e9lioration de votre qualit\u00e9 de vie.<\/p>\n\n\n\n<p>\u00c0 Parkinson Canada, nous croyons que la connaissance est un pouvoir qui vous permet de prendre des d\u00e9cisions \u00e9clair\u00e9es, de relever les d\u00e9fis et de saisir les occasions qui contribuent \u00e0 votre meilleure qualit\u00e9 de vie. Nous offrons des ressources, des conseils et une communaut\u00e9 compatissante pour vous aider \u00e0 bien vivre avec la maladie de Parkinson. Des webinaires aux articles en passant par un soutien personnalis\u00e9, nous sommes l\u00e0 pour vous accompagner \u00e0 chaque \u00e9tape de votre parcours.<\/p>\n\n\n\n<div style=\"height:100px\" aria-hidden=\"true\" class=\"wp-block-spacer is-style-responsive-xsmall\"><\/div>\n\n\n\n<div class=\"wp-block-columns is-layout-flex wp-container-core-columns-is-layout-9d6595d7 wp-block-columns-is-layout-flex\">\n<div class=\"wp-block-column is-layout-flow wp-block-column-is-layout-flow\">\n<div class=\"wp-block-cover\" style=\"padding-top:var(--wp--preset--spacing--30);padding-right:var(--wp--preset--spacing--30);padding-bottom:var(--wp--preset--spacing--30);padding-left:var(--wp--preset--spacing--30)\"><span aria-hidden=\"true\" class=\"wp-block-cover__background has-sky-blue-background-color has-background-dim-100 has-background-dim\"><\/span><div class=\"wp-block-cover__inner-container is-layout-constrained wp-container-core-cover-is-layout-651e6f64 wp-block-cover-is-layout-constrained\">\n<p class=\"has-text-align-center has-large-font-size\"><strong>Vous venez d&rsquo;\u00eatre diagnostiqu\u00e9 ?<\/strong><\/p>\n\n\n\n<p class=\"has-text-align-center has-large-font-size\">Nous sommes l\u00e0 pour vous aider \u00e0 entamer votre parcours dans la maladie de Parkinson.<\/p>\n\n\n\n<div class=\"wp-block-buttons is-content-justification-center is-layout-flex wp-container-core-buttons-is-layout-16018d1d wp-block-buttons-is-layout-flex\">\n<div class=\"wp-block-button\"><a class=\"wp-block-button__link wp-element-button\" href=\"https:\/\/www.parkinson.ca\/fr\/home\/mieux-vivre-avec-la-maladie-de-parkinson\/\">Commencez ici<\/a><\/div>\n<\/div>\n<\/div><\/div>\n<\/div>\n\n\n\n<div class=\"wp-block-column is-layout-flow wp-block-column-is-layout-flow\">\n<div class=\"wp-block-cover\" style=\"padding-top:var(--wp--preset--spacing--30);padding-right:var(--wp--preset--spacing--30);padding-bottom:var(--wp--preset--spacing--30);padding-left:var(--wp--preset--spacing--30)\"><span aria-hidden=\"true\" class=\"wp-block-cover__background has-sky-blue-background-color has-background-dim-100 has-background-dim\"><\/span><div class=\"wp-block-cover__inner-container is-layout-constrained wp-container-core-cover-is-layout-651e6f64 wp-block-cover-is-layout-constrained\">\n<p class=\"has-text-align-center has-large-font-size\"><strong>  Moins de 50 ans ?<\/strong><\/p>\n\n\n\n<p class=\"has-text-align-center has-large-font-size\">En savoir plus sur l&rsquo;apparition pr\u00e9coce de la maladie de Parkinson.<\/p>\n\n\n\n<div class=\"wp-block-buttons is-content-justification-center is-layout-flex wp-container-core-buttons-is-layout-16018d1d wp-block-buttons-is-layout-flex\">\n<div class=\"wp-block-button\"><a class=\"wp-block-button__link wp-element-button\" href=\"https:\/\/www.parkinson.ca\/fr\/quest-ce-que-la-maladie-de-parkinson\/debut-de-la-maladie\/\">En savoir plus<\/a><\/div>\n<\/div>\n<\/div><\/div>\n<\/div>\n\n\n\n<div class=\"wp-block-column is-layout-flow wp-block-column-is-layout-flow\">\n<div class=\"wp-block-cover\" style=\"padding-top:var(--wp--preset--spacing--30);padding-right:var(--wp--preset--spacing--30);padding-bottom:var(--wp--preset--spacing--30);padding-left:var(--wp--preset--spacing--30)\"><span aria-hidden=\"true\" class=\"wp-block-cover__background has-sky-blue-background-color has-background-dim-100 has-background-dim\"><\/span><div class=\"wp-block-cover__inner-container is-layout-constrained wp-container-core-cover-is-layout-651e6f64 wp-block-cover-is-layout-constrained\">\n<p class=\"has-text-align-center has-large-font-size\"><strong>Apporter des soins \u00e0 quelqu&rsquo;un?<\/strong><\/p>\n\n\n\n<p class=\"has-text-align-center has-large-font-size\">Apprenez-en plus sur les soins \u00e0 apporter \u00e0 un membre de votre famille et \u00e0 vous-m\u00eame.<\/p>\n\n\n\n<div class=\"wp-block-buttons is-content-justification-center is-layout-flex wp-container-core-buttons-is-layout-16018d1d wp-block-buttons-is-layout-flex\">\n<div class=\"wp-block-button\"><a class=\"wp-block-button__link wp-element-button\" href=\"https:\/\/www.parkinson.ca\/fr\/home\/mieux-vivre-avec-la-maladie-de-parkinson\/fournir-des-soins\/\">Plonger plus profond\u00e9ment<\/a><\/div>\n<\/div>\n<\/div><\/div>\n<\/div>\n<\/div>\n<\/div>\n\n\n\n<div style=\"height:100px\" aria-hidden=\"true\" class=\"wp-block-spacer\"><\/div>\n\n\n\n<div class='overflow-image-text'>\n    <div class='editor-content'>\n        <div>\n            <div class='overflow-image-text-content has-background has-blue-background-color'>\n                <div class='inner-blocks'>\n                    <div class=\"acf-innerblocks-container\">\n\n<h2 class=\"wp-block-heading\">Parkinsonisme et maladie de Parkinson<\/h2>\n\n\n\n<p>Le parkinsonisme est un terme g\u00e9n\u00e9rique utilis\u00e9 pour d\u00e9crire un groupe d&rsquo;affections qui provoquent des sympt\u00f4mes de mouvements similaires \u00e0 ceux de la maladie de Parkinson : tremblements, lenteur et raideur.<\/p>\n\n\n\n<div class=\"wp-block-buttons is-layout-flex wp-block-buttons-is-layout-flex\">\n<div class=\"wp-block-button\"><a class=\"wp-block-button__link wp-element-button\" href=\"https:\/\/www.parkinson.ca\/fr\/quest-ce-que-la-maladie-de-parkinson\/parkinsonismes-atypiques\/\"><strong>En savoir plus sur le parkinsonisme<\/strong><\/a><\/div>\n<\/div>\n\n<\/div>\n                    <img loading=\"lazy\" decoding=\"async\" width=\"2560\" height=\"1707\" src=\"https:\/\/www.parkinson.ca\/wp-content\/uploads\/2025\/06\/fred-kloet-mLDP1uPNUHI-unsplash-scaled.jpg\" class=\"overflow-image\" alt=\"\" sizes=\"auto, (min-width: 768px) 50vw, 100vw\" srcset=\"https:\/\/www.parkinson.ca\/wp-content\/uploads\/2025\/06\/fred-kloet-mLDP1uPNUHI-unsplash-scaled.jpg 2560w, https:\/\/www.parkinson.ca\/wp-content\/uploads\/2025\/06\/fred-kloet-mLDP1uPNUHI-unsplash-300x200.jpg 300w, https:\/\/www.parkinson.ca\/wp-content\/uploads\/2025\/06\/fred-kloet-mLDP1uPNUHI-unsplash-1024x683.jpg 1024w, https:\/\/www.parkinson.ca\/wp-content\/uploads\/2025\/06\/fred-kloet-mLDP1uPNUHI-unsplash-768x512.jpg 768w, https:\/\/www.parkinson.ca\/wp-content\/uploads\/2025\/06\/fred-kloet-mLDP1uPNUHI-unsplash-426x284.jpg 426w, https:\/\/www.parkinson.ca\/wp-content\/uploads\/2025\/06\/fred-kloet-mLDP1uPNUHI-unsplash-1620x1080.jpg 1620w\" \/>                <\/div>\n            <\/div>\n        <\/div>    \n    <\/div>\n<\/div>\n\n\n<div style=\"height:100px\" aria-hidden=\"true\" class=\"wp-block-spacer\"><\/div>\n\n\n\n<div class=\"wp-block-group alignwide has-ice-blue-background-color has-background is-layout-constrained wp-block-group-is-layout-constrained\">\n<div class=\"wp-block-columns has-ice-blue-background-color has-background is-layout-flex wp-container-core-columns-is-layout-9d6595d7 wp-block-columns-is-layout-flex\">\n<div class=\"wp-block-column is-vertically-aligned-center is-layout-flow wp-block-column-is-layout-flow\">\n<h3 class=\"wp-block-heading\">Avez-vous besoin d&rsquo;aide ?<\/h3>\n\n\n\n<p>Nous sommes l\u00e0 pour vous aider.<\/p>\n\n\n\n<p>Peu importe o\u00f9 vous en \u00eates dans votre cheminement avec la maladie de Parkinson, vous n&rsquo;\u00eates pas seul. Notre \u00e9quipe est pr\u00eate \u00e0 vous fournir des conseils, des ressources et une oreille attentive. Que vous ayez des questions, que vous ayez besoin d&rsquo;aide ou que vous souhaitiez simplement entrer en contact, nous sommes l\u00e0 pour vous aider.<\/p>\n\n\n\n<p>Vous n&rsquo;avez pas \u00e0 faire face seul \u00e0 cette situation &#8211; tendez la main d\u00e8s aujourd&rsquo;hui.<\/p>\n\n\n\n<div class=\"wp-block-buttons is-horizontal is-layout-flex wp-block-buttons-is-layout-flex\">\n<div class=\"wp-block-button\"><a class=\"wp-block-button__link has-ice-blue-background-color has-background wp-element-button\" href=\"tel:1 (888) 664-1974\">Appelez-nous : 1 (888) 664-1974<\/a><\/div>\n\n\n\n<div class=\"wp-block-button\"><a class=\"wp-block-button__link has-ice-blue-background-color has-background wp-element-button\" href=\"mailto:support@parkinson.ca\">Envoyez-nous un courriel<\/a><\/div>\n<\/div>\n<\/div>\n<\/div>\n<\/div>\n","protected":false},"excerpt":{"rendered":"<p>La maladie de Parkinson est une affection c\u00e9r\u00e9brale complexe et le parcours de chacun est diff\u00e9rent. Plus de 100 000 Canadiens vivent avec la maladie de Parkinson, et plus de 30 autres sont diagnostiqu\u00e9s chaque jour. Un parcours de r\u00e9silience tout au long de la vie Que vous veniez d&rsquo;\u00eatre diagnostiqu\u00e9 ou que vous viviez [&hellip;]<\/p>\n","protected":false},"author":107,"featured_media":0,"parent":0,"menu_order":0,"comment_status":"closed","ping_status":"closed","template":"","meta":{"_acf_changed":false,"footnotes":""},"class_list":["post-46111","page","type-page","status-publish","hentry"],"acf":[],"aioseo_notices":[],"_links":{"self":[{"href":"https:\/\/www.parkinson.ca\/fr\/wp-json\/wp\/v2\/pages\/46111","targetHints":{"allow":["GET"]}}],"collection":[{"href":"https:\/\/www.parkinson.ca\/fr\/wp-json\/wp\/v2\/pages"}],"about":[{"href":"https:\/\/www.parkinson.ca\/fr\/wp-json\/wp\/v2\/types\/page"}],"author":[{"embeddable":true,"href":"https:\/\/www.parkinson.ca\/fr\/wp-json\/wp\/v2\/users\/107"}],"replies":[{"embeddable":true,"href":"https:\/\/www.parkinson.ca\/fr\/wp-json\/wp\/v2\/comments?post=46111"}],"version-history":[{"count":10,"href":"https:\/\/www.parkinson.ca\/fr\/wp-json\/wp\/v2\/pages\/46111\/revisions"}],"predecessor-version":[{"id":53140,"href":"https:\/\/www.parkinson.ca\/fr\/wp-json\/wp\/v2\/pages\/46111\/revisions\/53140"}],"wp:attachment":[{"href":"https:\/\/www.parkinson.ca\/fr\/wp-json\/wp\/v2\/media?parent=46111"}],"curies":[{"name":"wp","href":"https:\/\/api.w.org\/{rel}","templated":true}]}}