{"id":46108,"date":"2025-01-17T22:34:55","date_gmt":"2025-01-17T22:34:55","guid":{"rendered":"https:\/\/parkinson.ca\/diagnostic-recent-de-la-maladie-de-parkinson\/faire-face-a-lapparition-precoce-de-la-maladie-de-parkinson\/"},"modified":"2025-01-17T22:34:55","modified_gmt":"2025-01-17T22:34:55","slug":"faire-face-a-lapparition-precoce-de-la-maladie-de-parkinson","status":"publish","type":"page","link":"https:\/\/www.parkinson.ca\/fr\/home\/mieux-vivre-avec-la-maladie-de-parkinson\/diagnostic-recent-de-la-maladie-de-parkinson\/faire-face-a-lapparition-precoce-de-la-maladie-de-parkinson\/","title":{"rendered":"Faire face \u00e0 l&rsquo;apparition pr\u00e9coce de la maladie de Parkinson"},"content":{"rendered":"\n<h2 class=\"wp-block-heading\">La maladie de Parkinson \u00e0 d\u00e9but pr\u00e9coce : Introduction<\/h2>\n\n<p>Bien que l&rsquo;\u00e2ge moyen de d\u00e9veloppement de la maladie de Parkinson soit d&rsquo;environ 60 ans, la maladie de Parkinson \u00e0 d\u00e9but pr\u00e9coce (avant 40 ans) touche 5 \u00e0 10 % des personnes diagnostiqu\u00e9es. 20 % ont moins de 50 ans. Certains probl\u00e8mes li\u00e9s \u00e0 la maladie de Parkinson sont universels, quel que soit l&rsquo;\u00e2ge, mais il existe un certain nombre de probl\u00e8mes sp\u00e9cifiques aux personnes plus jeunes.    <\/p>\n\n<p>En g\u00e9n\u00e9ral, la maladie de Parkinson progresse plus lentement chez les jeunes. Bien qu&rsquo;il n&rsquo;y ait pas deux personnes identiques, une personne dont l&rsquo;\u00e2ge d&rsquo;apparition est de 40 ans peut s&rsquo;attendre \u00e0 travailler encore 15 \u00e0 20 ans en moyenne. Pour une personne dont l&rsquo;\u00e2ge d&rsquo;apparition de la maladie est de 60 ans, le chiffre moyen est deux fois moins \u00e9lev\u00e9. Ces chiffres sont bas\u00e9s sur les types de traitement disponibles aujourd&rsquo;hui. Les traitements futurs seront encore plus efficaces pour prolonger la vie productive des personnes atteintes de la maladie de Parkinson.      <\/p>\n\n<p>Les caract\u00e9ristiques suivantes tendent \u00e0 \u00eatre pr\u00e9sentes dans les cas de maladie de Parkinson \u00e0 d\u00e9but pr\u00e9coce :  <\/p>\n\n<ul class=\"wp-block-list\">\n<li>La maladie de Parkinson \u00e0 d\u00e9but pr\u00e9coce est moins susceptible d&rsquo;entra\u00eener une d\u00e9mence et des troubles de l&rsquo;\u00e9quilibre  <\/li>\n<\/ul>\n\n<ul class=\"wp-block-list\">\n<li>Il est plus probable qu&rsquo;il s&rsquo;agisse d&rsquo;une dystonie focale, qui se traduit par des crampes ou une posture anormale d&rsquo;une partie du corps.  <\/li>\n<\/ul>\n\n<ul class=\"wp-block-list\">\n<li>Les jeunes sont plus sensibles aux bienfaits des m\u00e9dicaments contre la maladie de Parkinson, mais ils ont tendance \u00e0 ressentir les effets secondaires dyskin\u00e9tiques de la l\u00e9vodopa plus t\u00f4t que les personnes plus \u00e2g\u00e9es.  <\/li>\n<\/ul>\n\n<ul class=\"wp-block-list\">\n<li>Ils ont \u00e9galement tendance \u00e0 subir des fluctuations li\u00e9es \u00e0 la dose \u00e0 un stade plus pr\u00e9coce de la maladie, y compris l&rsquo;usure* et l&rsquo;effet on-off. Voir le feuillet d&rsquo;information de Parkinson Canada, <a href=\"http:\/\/chrome-extension\/\/efaidnbmnnnibpcajpcglclefindmkaj\/https:\/www.parkinson.ca\/wp-content\/uploads\/Parkinsons-Medications-what-you-need-to-know.pdf\" target=\"_blank\" rel=\"noreferrer noopener\">M\u00e9dicaments pour la maladie de Parkinson : Ce que vous devez savoir !<\/a>  <\/li>\n<\/ul>\n\n<p>Outre les d\u00e9fis physiques li\u00e9s \u00e0 la maladie, les personnes atteintes d&rsquo;une maladie de Parkinson \u00e0 d\u00e9but pr\u00e9coce (parfois d\u00e9sign\u00e9e par l&rsquo;acronyme YOPD) sont confront\u00e9es \u00e0 des probl\u00e8mes uniques li\u00e9s \u00e0 la famille, \u00e0 la carri\u00e8re, aux finances et \u00e0 la vie \u00e0 long terme avec une maladie potentiellement invalidante. Parler avec d&rsquo;autres personnes du m\u00eame \u00e2ge, atteintes de la m\u00eame maladie, peut s&rsquo;av\u00e9rer tr\u00e8s utile.   <\/p>\n\n<p><strong>Nouvelles ressources disponibles<\/strong> pour la maladie de Parkinson \u00e0 d\u00e9but pr\u00e9coce, \u00e9labor\u00e9es par Mike Ravenek, PhD, gr\u00e2ce \u00e0 une subvention de recherche de Parkinson Canada :<\/p>\n\n<div class=\"wp-block-buttons is-layout-flex wp-block-buttons-is-layout-flex\">\n<div class=\"wp-block-button\"><a class=\"wp-block-button__link wp-element-button\" href=\"https:\/\/www.parkinson.ca\/wp-content\/uploads\/YOPD_PATIENT_ADVICE_TO_NEWLY_DIAGNOSED.pdf\">Maladie de Parkinson \u00e0 d\u00e9but pr\u00e9coce &#8211; Conseils pour les personnes nouvellement diagnostiqu\u00e9es  <\/a><\/div>\n<\/div>\n\n<div class=\"wp-block-buttons is-layout-flex wp-block-buttons-is-layout-flex\">\n<div class=\"wp-block-button\"><a class=\"wp-block-button__link wp-element-button\" href=\"https:\/\/www.parkinson.ca\/wp-content\/uploads\/YOPD_ADVICE_TO_PHYSICIANS.pdf\">Conseils aux m\u00e9decins par des personnes atteintes de la maladie de Parkinson \u00e0 d\u00e9but pr\u00e9coce<\/a><\/div>\n<\/div>\n\n<h3 class=\"wp-block-heading\">M\u00e9dicaments<\/h3>\n\n<p>Les principales questions que doivent se poser les personnes atteintes de la maladie de Parkinson \u00e0 un stade pr\u00e9coce sont de savoir quand commencer \u00e0 prendre des m\u00e9dicaments pour soulager les sympt\u00f4mes et quels m\u00e9dicaments utiliser au d\u00e9but du traitement. Chaque personne atteinte de la maladie de Parkinson est unique et il n&rsquo;existe pas de strat\u00e9gie unique applicable \u00e0 tous.   <\/p>\n\n<p>La d\u00e9cision de retarder la prise de m\u00e9dicaments doit \u00eatre suivie de pr\u00e8s. Chaque personne doit se demander si elle peut faire ce qui lui est demand\u00e9 au travail et \u00e0 la maison en apportant des changements pour s&rsquo;adapter \u00e0 la maladie de Parkinson, par exemple en utilisant un ordinateur au lieu d&rsquo;\u00e9crire avec un stylo.   <\/p>\n\n<p>Le moment o\u00f9 vous commencerez \u00e0 prendre des m\u00e9dicaments peut \u00eatre d\u00e9cid\u00e9 en consultation avec votre neurologue ou votre sp\u00e9cialiste des troubles du mouvement.  <\/p>\n\n<p>Voici quelques questions que vous pouvez poser :  <\/p>\n\n<ul class=\"wp-block-list\">\n<li>Les m\u00e9dicaments perdent-ils leur efficacit\u00e9 au fil du temps si je commence le traitement t\u00f4t ?  <\/li>\n<\/ul>\n\n<ul class=\"wp-block-list\">\n<li>Quels sont les avantages de chaque type de m\u00e9dicament ?  <\/li>\n<\/ul>\n\n<ul class=\"wp-block-list\">\n<li>Dois-je m&rsquo;inqui\u00e9ter des comportements li\u00e9s \u00e0 la prise de drogues, tels que la confusion ou les activit\u00e9s compulsives (par exemple, les achats ou les jeux d&rsquo;argent) ?  <\/li>\n<\/ul>\n\n<ul class=\"wp-block-list\">\n<li>Les m\u00e9dicaments sont-ils couverts par le r\u00e9gime provincial d&rsquo;assurance-m\u00e9dicaments ?  <\/li>\n<\/ul>\n\n<ul class=\"wp-block-list\">\n<li>Un essai clinique me conviendrait-il ? Pouvez-vous m&rsquo;aider \u00e0 en trouver un ?   <\/li>\n<\/ul>\n\n<p>\u00c9tant donn\u00e9 que l&rsquo;incidence des fluctuations motrices et des dyskin\u00e9sies est plus \u00e9lev\u00e9e chez les jeunes, l&rsquo;un des objectifs du traitement, outre le soulagement des sympt\u00f4mes, pourrait \u00eatre de r\u00e9duire au minimum les fluctuations motrices.  <\/p>\n\n<p>Il n&rsquo;existe actuellement aucun m\u00e9dicament capable de ralentir la progression de la maladie de Parkinson.  <\/p>\n\n<p>Il est important de se rappeler qu&rsquo;il existe de nombreux m\u00e9dicaments dans la bo\u00eete \u00e0 outils de la maladie de Parkinson et qu&rsquo;il y en a de plus en plus chaque ann\u00e9e. Une personne atteinte de la maladie de Parkinson peut s&rsquo;attendre \u00e0 ce que les m\u00e9dicaments lui permettent de fonctionner correctement pendant tr\u00e8s longtemps.   <\/p>\n\n<h3 class=\"wp-block-heading\">Emploi<\/h3>\n\n<p>On estime que 25 \u00e0 35 % des personnes diagnostiqu\u00e9es avec la maladie de Parkinson sont encore sur le march\u00e9 du travail. Certaines continuent \u00e0 travailler \u00e0 temps plein ou \u00e0 temps partiel pendant de nombreuses ann\u00e9es. Bien que le diagnostic de la maladie de Parkinson n&rsquo;appelle pas n\u00e9cessairement \u00e0 une retraite anticip\u00e9e, il exige que vous examiniez comment vous pouvez faire au mieux votre travail et minimiser le stress li\u00e9 au travail.    <\/p>\n\n<p>En examinant la fa\u00e7on dont vous faites votre travail, tenez compte des \u00e9l\u00e9ments suivants :  <\/p>\n\n<ul class=\"wp-block-list\">\n<li>D\u00e9finissez les grandes lignes de vos responsabilit\u00e9s  <\/li>\n<\/ul>\n\n<ul class=\"wp-block-list\">\n<li>D\u00e9composer chaque domaine en t\u00e2ches sp\u00e9cifiques  <\/li>\n<\/ul>\n\n<ul class=\"wp-block-list\">\n<li>Demandez-vous si vos sympt\u00f4mes vous emp\u00eacheront de mener \u00e0 bien chaque t\u00e2che.  <\/li>\n<\/ul>\n\n<ul class=\"wp-block-list\">\n<li>Cherchez d&rsquo;autres fa\u00e7ons de faire les choses  <\/li>\n<\/ul>\n\n<ul class=\"wp-block-list\">\n<li>Cr\u00e9ez un calendrier qui vous permette d&rsquo;aborder les t\u00e2ches difficiles ou exigeantes pendant vos p\u00e9riodes de performance maximale.  <\/li>\n<\/ul>\n\n<ul class=\"wp-block-list\">\n<li>R\u00e9servez des heures sp\u00e9cifiques pour les t\u00e2ches fastidieuses telles que la r\u00e9daction de rapports.  <\/li>\n<\/ul>\n\n<p>La question de savoir quand et quoi dire \u00e0 votre employeur est une d\u00e9cision tr\u00e8s personnelle qui d\u00e9pend de votre \u00e9tat et de votre personnalit\u00e9, ainsi que de votre situation professionnelle. Dans de nombreuses provinces, les employeurs sont l\u00e9galement tenus de prendre des mesures d&rsquo;adaptation pour les personnes handicap\u00e9es.   <\/p>\n\n<div class=\"wp-block-buttons is-layout-flex wp-block-buttons-is-layout-flex\">\n<div class=\"wp-block-button\"><a class=\"wp-block-button__link wp-element-button\" href=\"https:\/\/www.parkinson.ca\/living-better\/newly-diagnosed\/telling-people\">En savoir plus sur la communication de votre diagnostic<\/a><\/div>\n<\/div>\n\n<h3 class=\"wp-block-heading\">Gestion de la famille<\/h3>\n\n<p>Le diagnostic de la maladie de Parkinson affecte les autres membres de la famille ainsi que la personne atteinte de la maladie &#8211; le conjoint, les enfants, les adolescents et les parents plus \u00e2g\u00e9s auront tous des \u00e9motions \u00e0 g\u00e9rer. Le conjoint, d\u00e9sormais d\u00e9sign\u00e9 comme partenaire de soins, peut \u00eatre amen\u00e9 \u00e0 porter plusieurs chapeaux en tant que co-responsable de famille et parent. Chacun devra faire preuve de patience, de compr\u00e9hension, d&rsquo;endurance et de cr\u00e9ativit\u00e9.    <\/p>\n\n<p>Le partenaire de soins d&rsquo;une personne jeune ou d&rsquo;\u00e2ge moyen atteinte de la maladie de Parkinson est confront\u00e9 \u00e0 des d\u00e9fis particuliers. Il est important que les couples maintiennent un dialogue ouvert sur les sentiments et les exp\u00e9riences de la vie avec une personne atteinte de la maladie de Parkinson. Il se peut que le partenaire de soins doive un jour assumer certaines des t\u00e2ches et certains des r\u00f4les que la personne atteinte de la maladie de Parkinson assumait auparavant au sein de la famille. Il s&rsquo;agit l\u00e0 d&rsquo;une n\u00e9gociation permanente qui n\u00e9cessite un dialogue constant sur le moment o\u00f9 il convient de refuser de l&rsquo;aide et celui o\u00f9 il convient d&rsquo;en offrir.     <\/p>\n\n<p>Les couples qui s&rsquo;en sortent le mieux face \u00e0 une maladie chronique commencent \u00e0 parler ensemble d\u00e8s le premier jour de la fa\u00e7on dont la maladie affecte les activit\u00e9s quotidiennes de la famille et de ce qui peut \u00eatre fait pour faciliter les choses. Les partenaires de soins qui s&rsquo;en sortent le mieux sont ceux qui apprennent tr\u00e8s t\u00f4t \u00e0 \u00eatre flexibles, \u00e0 exprimer clairement leurs besoins changeants et \u00e0 se r\u00e9server r\u00e9guli\u00e8rement du temps pour r\u00e9pondre \u00e0 ces besoins au fil des ans. Ce n&rsquo;est pas de l&rsquo;\u00e9go\u00efsme ; il est crucial pour le bien-\u00eatre de la personne atteinte de la maladie de Parkinson et de sa famille que l&rsquo;aidant principal fasse tout ce qu&rsquo;il faut pour pr\u00e9server sa propre sant\u00e9 physique, mentale et \u00e9motionnelle.    <\/p>\n\n<p class=\"has-medium-font-size\"><strong>Enfants et adolescents<\/strong> <\/p>\n\n<p>Les jeunes familles doivent faire face aux probl\u00e8mes particuliers que posent la communication du diagnostic et le partage des hauts et des bas quotidiens de la vie avec la maladie de Parkinson avec les jeunes enfants et les adolescents.  <\/p>\n\n<p>Les enfants assimileront la r\u00e9alit\u00e9 de la maladie de Parkinson dans la famille par osmose et en assimilant ce qu&rsquo;on leur dit directement. Les enfants semblent ressentir intuitivement la frustration d&rsquo;un parent face aux tremblements ou aux difficult\u00e9s \u00e0 marcher et sont capables d&#8217;empathie et d&rsquo;offres d&rsquo;aide sympathiques. Tenter de cacher un diagnostic aux enfants n&rsquo;est peut-\u00eatre pas la meilleure d\u00e9cision \u00e0 prendre. Ils savent instinctivement que quelque chose ne va pas dans une famille. Il est pr\u00e9f\u00e9rable de consacrer l&rsquo;\u00e9nergie utilis\u00e9e pour garder le secret \u00e0 faire face aux exigences du mariage, \u00e0 gagner sa vie et \u00e0 \u00e9lever une famille.      <\/p>\n\n<p>Les jeunes enfants peuvent avoir besoin d&rsquo;\u00eatre rassur\u00e9s sur le fait que leur maman ou leur papa va s&rsquo;en sortir. Ils peuvent avoir besoin d&rsquo;entendre que leurs deux parents seront l\u00e0 pour eux, que la maladie de Parkinson n&rsquo;est pas une maladie mortelle comme certains cancers, et qu&rsquo;elle n&rsquo;est pas contagieuse comme la varicelle. Des r\u00e9ponses factuelles \u00e0 des questions sp\u00e9cifiques sur la base du besoin de savoir peuvent aider les enfants \u00e0 faire face \u00e0 un parent qui a des besoins particuliers.    <\/p>\n\n<p>Et les adolescents ? Les parents qui n&rsquo;ont pas la maladie de Parkinson peuvent les mettre dans un grand embarras ! Il est important de conserver votre r\u00f4le de parent, de mod\u00e8le ou de mentor et d&rsquo;\u00e9viter de vous confier \u00e0 votre adolescent. Les adolescents plus \u00e2g\u00e9s peuvent avoir besoin d&rsquo;\u00eatre rassur\u00e9s sur le fait que leur vie se d\u00e9roulera comme pr\u00e9vu et que maman ou papa n&rsquo;attend pas d&rsquo;eux qu&rsquo;ils soient des soignants de substitution. D&rsquo;un autre c\u00f4t\u00e9, un adolescent mature peut \u00e9prouver une grande satisfaction \u00e0 aider aux t\u00e2ches m\u00e9nag\u00e8res ou \u00e0 faire le chauffeur, t\u00e2ches qui incombaient autrefois au parent atteint de la maladie de Parkinson. Parfois, les adolescents peuvent b\u00e9n\u00e9ficier de conseils professionnels pour les aider \u00e0 surmonter les difficult\u00e9s li\u00e9es \u00e0 la pr\u00e9sence d&rsquo;un parent souffrant de troubles physiques.       <\/p>\n\n<p class=\"has-medium-font-size\"><strong>Parents plus \u00e2g\u00e9s<\/strong> <\/p>\n\n<p>Les parents \u00e2g\u00e9s sont souvent choqu\u00e9s d&rsquo;apprendre que leur enfant d&rsquo;\u00e2ge moyen (ou plus jeune) est atteint d&rsquo;une maladie g\u00e9n\u00e9ralement associ\u00e9e aux personnes \u00e2g\u00e9es. Leur inqui\u00e9tude peut s&rsquo;accro\u00eetre s&rsquo;il s&rsquo;agit d&rsquo;une personne dont ils d\u00e9pendent \u00e9galement sur le plan affectif ou financier.   <\/p>\n\n<p><em>Source : Parkinson Canada, Manuel \u00e0 l&rsquo;intention des personnes vivant avec la maladie de Parkinson, section 16 : Parkinson Canada, Manuel \u00e0 l&rsquo;intention des personnes atteintes de la maladie de Parkinson, section 16. \u00a9 2010   <\/em><\/p>\n","protected":false},"excerpt":{"rendered":"<p>La maladie de Parkinson \u00e0 d\u00e9but pr\u00e9coce : Introduction Bien que l&rsquo;\u00e2ge moyen de d\u00e9veloppement de la maladie de Parkinson soit d&rsquo;environ 60 ans, la maladie de Parkinson \u00e0 d\u00e9but pr\u00e9coce (avant 40 ans) touche 5 \u00e0 10 % des personnes diagnostiqu\u00e9es. 20 % ont moins de 50 ans. Certains probl\u00e8mes li\u00e9s \u00e0 la maladie [&hellip;]<\/p>\n","protected":false},"author":96,"featured_media":0,"parent":46103,"menu_order":4,"comment_status":"closed","ping_status":"closed","template":"","meta":{"_acf_changed":false,"footnotes":""},"class_list":["post-46108","page","type-page","status-publish","hentry"],"acf":[],"aioseo_notices":[],"_links":{"self":[{"href":"https:\/\/www.parkinson.ca\/fr\/wp-json\/wp\/v2\/pages\/46108","targetHints":{"allow":["GET"]}}],"collection":[{"href":"https:\/\/www.parkinson.ca\/fr\/wp-json\/wp\/v2\/pages"}],"about":[{"href":"https:\/\/www.parkinson.ca\/fr\/wp-json\/wp\/v2\/types\/page"}],"author":[{"embeddable":true,"href":"https:\/\/www.parkinson.ca\/fr\/wp-json\/wp\/v2\/users\/96"}],"replies":[{"embeddable":true,"href":"https:\/\/www.parkinson.ca\/fr\/wp-json\/wp\/v2\/comments?post=46108"}],"version-history":[{"count":1,"href":"https:\/\/www.parkinson.ca\/fr\/wp-json\/wp\/v2\/pages\/46108\/revisions"}],"predecessor-version":[{"id":46109,"href":"https:\/\/www.parkinson.ca\/fr\/wp-json\/wp\/v2\/pages\/46108\/revisions\/46109"}],"up":[{"embeddable":true,"href":"https:\/\/www.parkinson.ca\/fr\/wp-json\/wp\/v2\/pages\/46103"}],"wp:attachment":[{"href":"https:\/\/www.parkinson.ca\/fr\/wp-json\/wp\/v2\/media?parent=46108"}],"curies":[{"name":"wp","href":"https:\/\/api.w.org\/{rel}","templated":true}]}}