{"id":46103,"date":"2024-07-05T15:43:23","date_gmt":"2024-07-05T15:43:23","guid":{"rendered":"https:\/\/parkinson.ca\/diagnostic-recent-de-la-maladie-de-parkinson\/"},"modified":"2025-02-13T22:47:01","modified_gmt":"2025-02-13T22:47:01","slug":"diagnostic-recent-de-la-maladie-de-parkinson","status":"publish","type":"page","link":"https:\/\/www.parkinson.ca\/fr\/home\/mieux-vivre-avec-la-maladie-de-parkinson\/diagnostic-recent-de-la-maladie-de-parkinson\/","title":{"rendered":"Diagnostic r\u00e9cent de la maladie de Parkinson"},"content":{"rendered":"\n<div class=\"wp-block-cover\"><span aria-hidden=\"true\" class=\"wp-block-cover__background has-background-dim\" style=\"background-color:#3d3b38\"><\/span><img loading=\"lazy\" decoding=\"async\" width=\"1696\" height=\"2560\" class=\"wp-block-cover__image-background wp-image-47293\" alt=\"\" src=\"https:\/\/www.parkinson.ca\/wp-content\/uploads\/2025\/01\/mihai-lazar-gPShMkwc-fQ-unsplash-scaled.jpg\" style=\"object-position:82% 34%\" data-object-fit=\"cover\" data-object-position=\"82% 34%\" srcset=\"https:\/\/www.parkinson.ca\/wp-content\/uploads\/2025\/01\/mihai-lazar-gPShMkwc-fQ-unsplash-scaled.jpg 1696w, https:\/\/www.parkinson.ca\/wp-content\/uploads\/2025\/01\/mihai-lazar-gPShMkwc-fQ-unsplash-199x300.jpg 199w, https:\/\/www.parkinson.ca\/wp-content\/uploads\/2025\/01\/mihai-lazar-gPShMkwc-fQ-unsplash-678x1024.jpg 678w, https:\/\/www.parkinson.ca\/wp-content\/uploads\/2025\/01\/mihai-lazar-gPShMkwc-fQ-unsplash-768x1160.jpg 768w, https:\/\/www.parkinson.ca\/wp-content\/uploads\/2025\/01\/mihai-lazar-gPShMkwc-fQ-unsplash-426x643.jpg 426w, https:\/\/www.parkinson.ca\/wp-content\/uploads\/2025\/01\/mihai-lazar-gPShMkwc-fQ-unsplash-715x1080.jpg 715w, https:\/\/www.parkinson.ca\/wp-content\/uploads\/2025\/01\/mihai-lazar-gPShMkwc-fQ-unsplash-1656x2500.jpg 1656w\" sizes=\"auto, (max-width: 1696px) 100vw, 1696px\" \/><div class=\"wp-block-cover__inner-container is-layout-constrained wp-block-cover-is-layout-constrained\">\n<h2 class=\"wp-block-heading has-text-align-center has-xxlarge-font-size\">Recevoir un diagnostic de maladie de Parkinson peut sembler accablant, mais vous n&rsquo;\u00eates pas seul.<\/h2>\n<\/div><\/div>\n\n\n\n<div style=\"height:52px\" aria-hidden=\"true\" class=\"wp-block-spacer\"><\/div>\n\n\n\n<div class=\"wp-block-group alignfull has-blue-background-color has-background is-layout-constrained wp-block-group-is-layout-constrained\">\n<h2 class=\"wp-block-heading\">Comprendre la maladie de Parkinson<\/h2>\n\n\n\n<p>La maladie de Parkinson est une affection c\u00e9r\u00e9brale progressive qui affecte les mouvements, l&rsquo;humeur et d&rsquo;autres aspects de la vie. Elle survient lorsque les cellules c\u00e9r\u00e9brales productrices de dopamine cessent de fonctionner ou meurent, entra\u00eenant des sympt\u00f4mes tels que tremblements, raideur, lenteur, etc. <\/p>\n\n\n\n<p>Le parcours d&rsquo;une personne atteinte de la maladie de Parkinson n&rsquo;est pas le m\u00eame et les sympt\u00f4mes peuvent varier consid\u00e9rablement d&rsquo;une personne \u00e0 l&rsquo;autre. Bien qu&rsquo;il n&rsquo;existe pas encore de traitement curatif, les traitements, les th\u00e9rapies et le soutien peuvent vous aider \u00e0 g\u00e9rer les sympt\u00f4mes et \u00e0 maintenir votre qualit\u00e9 de vie. <\/p>\n\n\n\n\n<div class=\"link-group-block horizontal\">\n    <div class=\"acf-innerblocks-container\">\n\n    <div class='icon-link is-style-arrow'>\n        <a  href='https:\/\/www.parkinson.ca\/fr\/quest-ce-que-la-maladie-de-parkinson\/'\n                    >\n            Qu&rsquo;est-ce que la maladie de Parkinson ?        <\/a>\n    <\/div>\n\n<\/div>\n<\/div>\n\n\n<div style=\"height:99px\" aria-hidden=\"true\" class=\"wp-block-spacer is-style-responsive-xsmall\"><\/div>\n<\/div>\n\n\n\n<div style=\"height:99px\" aria-hidden=\"true\" class=\"wp-block-spacer is-style-default\"><\/div>\n\n\n\n<div class=\"wp-block-group has-medium-font-size is-layout-flow wp-block-group-is-layout-flow\">\n<div class=\"wp-block-columns has-regular-font-size is-layout-flex wp-container-core-columns-is-layout-9d6595d7 wp-block-columns-is-layout-flex\">\n<div class=\"wp-block-column is-vertically-aligned-top is-layout-flow wp-block-column-is-layout-flow\" style=\"flex-basis:35%\">\n<h2 class=\"wp-block-heading has-blue-color has-text-color has-link-color has-xlarge-font-size wp-elements-156c73cee91d6934c8ac361fe78ee959\">Vos premiers pas<\/h2>\n\n\n\n<p>Il est naturel de se sentir incertain quant \u00e0 la marche \u00e0 suivre, mais les \u00e9tapes suivantes peuvent vous mettre sur la bonne voie.<\/p>\n<\/div>\n\n\n\n<div class=\"wp-block-column is-layout-flow wp-block-column-is-layout-flow\" style=\"padding-top:0;padding-bottom:0\">\n<div class=\"wp-block-columns is-style-default home-row no-gap-mobile is-layout-flex wp-container-core-columns-is-layout-9d6595d7 wp-block-columns-is-layout-flex\">\n<div class=\"wp-block-column is-vertically-aligned-center number-copy is-layout-flow wp-block-column-is-layout-flow\">\n<h5 class=\"wp-block-heading has-text-align-left\">Parlez \u00e0 un sp\u00e9cialiste<\/h5>\n\n\n\n<p class=\"has-text-align-left has-regular-font-size\">Travaillez avec un neurologue ou un sp\u00e9cialiste des troubles du mouvement qui peut adapter un plan de traitement \u00e0 vos besoins.<\/p>\n<\/div>\n\n\n\n<div class=\"wp-block-column is-vertically-aligned-top is-layout-flow wp-block-column-is-layout-flow\">\n<div style=\"height:35px\" aria-hidden=\"true\" class=\"wp-block-spacer\"><\/div>\n\n\n\n    <div class='icon-link'>\n        <a  href='https:\/\/parkinson.ca\/care-finder\/'\n                    >\n            CareFinder        <\/a>\n    <\/div>\n<\/div>\n<\/div>\n\n\n\n<div class='custom-link '>\n            <div style='width: 100%; height: 3px; background-color: var(--color--accent);'><\/div>\n    <\/div>\n\n\n<div class=\"wp-block-columns is-layout-flex wp-container-core-columns-is-layout-9d6595d7 wp-block-columns-is-layout-flex\">\n<div class=\"wp-block-column is-layout-flow wp-block-column-is-layout-flow\">\n<h5 class=\"wp-block-heading has-text-align-left\">Formez-vous<\/h5>\n\n\n\n<p class=\"has-text-align-left has-regular-font-size\">Comprendre la maladie de Parkinson peut vous permettre de prendre le contr\u00f4le de votre parcours. Explorez nos ressources de confiance pour en savoir plus sur la maladie et ce \u00e0 quoi vous pouvez vous attendre. <\/p>\n<\/div>\n\n\n\n<div class=\"wp-block-column is-layout-flow wp-block-column-is-layout-flow\">\n<div style=\"height:35px\" aria-hidden=\"true\" class=\"wp-block-spacer\"><\/div>\n\n\n\n    <div class='icon-link'>\n        <a  href='https:\/\/www.parkinson.ca\/fr\/ressources\/'\n                    >\n            Explorer les ressources        <\/a>\n    <\/div>\n<\/div>\n<\/div>\n\n\n\n<div class='custom-link '>\n            <div style='width: 100%; height: 3px; background-color: var(--color--accent);'><\/div>\n    <\/div>\n\n\n<div class=\"wp-block-columns is-layout-flex wp-container-core-columns-is-layout-9d6595d7 wp-block-columns-is-layout-flex\">\n<div class=\"wp-block-column is-layout-flow wp-block-column-is-layout-flow\">\n<h5 class=\"wp-block-heading has-text-align-left\">Cr\u00e9ez un r\u00e9seau de soutien<\/h5>\n\n\n\n<p class=\"has-text-align-left has-regular-font-size\">Faites part de votre diagnostic \u00e0 votre famille proche et \u00e0 vos amis. Envisagez de vous joindre \u00e0 un groupe de soutien pour la maladie de Parkinson afin d&rsquo;entrer en contact avec d&rsquo;autres personnes qui comprennent ce que vous vivez. <\/p>\n<\/div>\n\n\n\n<div class=\"wp-block-column is-layout-flow wp-block-column-is-layout-flow\">\n<div style=\"height:35px\" aria-hidden=\"true\" class=\"wp-block-spacer\"><\/div>\n\n\n\n    <div class='icon-link'>\n        <a  href='https:\/\/www.parkinson.ca\/fr\/ressources\/groupes-de-soutien\/'\n                    >\n            Trouvez votre communaut\u00e9        <\/a>\n    <\/div>\n<\/div>\n<\/div>\n<\/div>\n<\/div>\n<\/div>\n\n\n\n<div style=\"height:100px\" aria-hidden=\"true\" class=\"wp-block-spacer\"><\/div>\n\n\n\n<div class=\"wp-block-group has-ice-blue-background-color has-background is-layout-constrained wp-block-group-is-layout-constrained\">\n<h2 class=\"wp-block-heading has-blue-color has-text-color has-link-color has-xlarge-font-size wp-elements-d353fceee5072a59f6afbff58466238c\" style=\"padding-top:0;padding-right:0px;padding-bottom:0;padding-left:0px\">Ressources pour bien vivre avec la maladie de Parkinson<\/h2>\n\n\n\n<p>Lorsque vous \u00eates pr\u00eat, Parkinson Canada offre de l&rsquo;information et des outils pour vous aider \u00e0 g\u00e9rer votre diagnostic et peut \u00e9tablir des liens locaux avec des personnes qui savent ce que vous ressentez.<\/p>\n\n\n\n<div class=\"wp-block-columns is-layout-flex wp-container-core-columns-is-layout-9d6595d7 wp-block-columns-is-layout-flex\">\n<div class=\"wp-block-column has-ice-blue-background-color has-background is-layout-flow wp-block-column-is-layout-flow\">\n<h3 class=\"wp-block-heading has-text-align-left has-medium-font-size\">Ligne de soutien<\/h3>\n\n\n\n<p class=\"has-text-align-left\">Obtenez des conseils d&rsquo;experts et des ressources avec compassion pour vous aider \u00e0 naviguer dans votre parcours avec la maladie de Parkinson.<\/p>\n\n\n\n    <div class='icon-link'>\n        <a  href='https:\/\/www.parkinson.ca\/fr\/ressources\/ligne-de-soutien-pour-la-maladie-de-parkinson\/'\n                    >\n            Prenez contact avec nous        <\/a>\n    <\/div>\n<\/div>\n\n\n\n<div class=\"wp-block-column has-ice-blue-background-color has-background is-layout-flow wp-block-column-is-layout-flow\">\n<h3 class=\"wp-block-heading has-text-align-left has-medium-font-size\">\u00c0 Chaque Victoire \u00ae<\/h3>\n\n\n\n<p class=\"has-text-align-left\">Acc\u00e9dez au guide complet con\u00e7u pour les Canadiens vivant avec la maladie de Parkinson.<\/p>\n\n\n\n    <div class='icon-link'>\n        <a  href='https:\/\/www.parkinson.ca\/fr\/ressources\/publications-educatives\/chaque-victoire-compte-edition-canadienne\/'\n                    >\n            Acc\u00e9der \u00e0 la ressource        <\/a>\n    <\/div>\n<\/div>\n\n\n\n<div class=\"wp-block-column has-ice-blue-background-color has-background is-layout-flow wp-block-column-is-layout-flow\">\n<h3 class=\"wp-block-heading has-text-align-left has-medium-font-size\">\u00c9v\u00e9nements et webinaires<\/h3>\n\n\n\n<p class=\"has-text-align-left has-regular-font-size\">Apprenez aupr\u00e8s d&rsquo;experts \u00e0 g\u00e9rer la maladie de Parkinson et \u00e0 bien vivre.<\/p>\n\n\n\n    <div class='icon-link'>\n        <a  href='https:\/\/www.parkinson.ca\/fr\/ressources\/evenements-communautaires-et-webinaires\/'\n                    >\n            \u00c9v\u00e9nements et webinaires        <\/a>\n    <\/div>\n<\/div>\n<\/div>\n<\/div>\n\n\n\n<div style=\"height:100px\" aria-hidden=\"true\" class=\"wp-block-spacer\"><\/div>\n\n\n\n<div class=\"wp-block-group is-layout-constrained wp-block-group-is-layout-constrained\">\n<h3 class=\"wp-block-heading\"><strong>Blake Bell savait vers qui se tourner lorsqu&rsquo;il a \u00e9t\u00e9 diagnostiqu\u00e9 \u00e0 l&rsquo;\u00e2ge de 50 ans. Vous aussi.  <\/strong><\/h3>\n\n\n\n<div class=\"wp-block-columns is-layout-flex wp-container-core-columns-is-layout-9d6595d7 wp-block-columns-is-layout-flex\">\n<div class=\"wp-block-column is-vertically-aligned-center is-layout-flow wp-block-column-is-layout-flow\">\n<figure class=\"wp-block-embed is-type-video is-provider-youtube wp-block-embed-youtube wp-embed-aspect-16-9 wp-has-aspect-ratio\"><div class=\"wp-block-embed__wrapper\">\n<iframe loading=\"lazy\" title=\"Blake Bell, Parkinson Superwalk National Hero 2016\" width=\"500\" height=\"281\" src=\"https:\/\/www.youtube.com\/embed\/yGCiG1jlYBE?feature=oembed\" frameborder=\"0\" allow=\"accelerometer; autoplay; clipboard-write; encrypted-media; gyroscope; picture-in-picture; web-share\" referrerpolicy=\"strict-origin-when-cross-origin\" allowfullscreen><\/iframe>\n<\/div><\/figure>\n<\/div>\n\n\n\n<div class=\"wp-block-column is-layout-flow wp-block-column-is-layout-flow\">\n<p>La vid\u00e9o est disponible en anglais.<\/p>\n\n\n\n<p style=\"padding-right:0;padding-left:0\">Le diagnostic officiel de la maladie de Parkinson peut \u00eatre pos\u00e9 apr\u00e8s des mois, voire des ann\u00e9es, de recherche de r\u00e9ponses \u00e0 des sympt\u00f4mes apparemment inexplicables. Pour certains, le diagnostic de la maladie de Parkinson apporte un sentiment de soulagement &#8211; enfin une explication et un nom \u00e0 ce qu&rsquo;ils ont v\u00e9cu. Pour d&rsquo;autres, ce diagnostic peut susciter plus de questions que de r\u00e9ponses. Quel que soit votre sentiment face \u00e0 votre nouveau diagnostic, il est important de savoir que vous n&rsquo;\u00eates pas seul.  <\/p>\n\n\n\n<p>Le premier rendez-vous que vous avez eu lorsque vous avez re\u00e7u votre diagnostic peut vous sembler flou. C&rsquo;est normal. Recevoir un diagnostic de maladie de Parkinson peut \u00eatre difficile \u00e0 accepter. La maladie de Parkinson est une maladie chronique, progressive et incurable MAIS cela ne signifie pas que vous ne pouvez pas vivre bien tout en g\u00e9rant votre maladie de Parkinson. Vous le pouvez, et Parkinson Canada est l\u00e0 pour vous aider.  <\/p>\n<\/div>\n<\/div>\n<\/div>\n\n\n\n<div style=\"height:100px\" aria-hidden=\"true\" class=\"wp-block-spacer\"><\/div>\n\n\n\n<div class=\"wp-block-group alignfull has-ice-blue-background-color has-background is-layout-constrained wp-block-group-is-layout-constrained\">\n<div class=\"wp-block-columns has-ice-blue-background-color has-background is-layout-flex wp-container-core-columns-is-layout-9d6595d7 wp-block-columns-is-layout-flex\">\n<div class=\"wp-block-column is-vertically-aligned-center is-layout-flow wp-block-column-is-layout-flow\">\n<h3 class=\"wp-block-heading\">Avez-vous besoin d&rsquo;aide ?<\/h3>\n\n\n\n<p>Nous sommes l\u00e0 pour vous aider.<\/p>\n\n\n\n<p>Peu importe o\u00f9 vous en \u00eates dans votre cheminement avec la maladie de Parkinson, vous n&rsquo;\u00eates pas seul. Notre \u00e9quipe est pr\u00eate \u00e0 vous fournir des conseils, des ressources et une oreille attentive. Que vous ayez des questions, que vous ayez besoin d&rsquo;aide ou que vous souhaitiez simplement entrer en contact, nous sommes l\u00e0 pour vous aider.<\/p>\n\n\n\n<p>Vous n&rsquo;avez pas \u00e0 faire face seul \u00e0 cette situation &#8211; tendez la main d\u00e8s aujourd&rsquo;hui.<\/p>\n\n\n\n<div class=\"wp-block-buttons is-horizontal is-layout-flex wp-block-buttons-is-layout-flex\">\n<div class=\"wp-block-button\"><a class=\"wp-block-button__link has-ice-blue-background-color has-background wp-element-button\" href=\"tel:1 (888) 664-1974\">Appelez-nous : 1 (888) 664-1974<\/a><\/div>\n\n\n\n<div class=\"wp-block-button\"><a class=\"wp-block-button__link has-ice-blue-background-color has-background wp-element-button\" href=\"mailto:support@parkinson.ca\">Envoyez-nous un courriel<\/a><\/div>\n<\/div>\n<\/div>\n<\/div>\n<\/div>\n","protected":false},"excerpt":{"rendered":"<p>Comprendre la maladie de Parkinson La maladie de Parkinson est une affection c\u00e9r\u00e9brale progressive qui affecte les mouvements, l&rsquo;humeur et d&rsquo;autres aspects de la vie. Elle survient lorsque les cellules c\u00e9r\u00e9brales productrices de dopamine cessent de fonctionner ou meurent, entra\u00eenant des sympt\u00f4mes tels que tremblements, raideur, lenteur, etc. Le parcours d&rsquo;une personne atteinte de la [&hellip;]<\/p>\n","protected":false},"author":96,"featured_media":0,"parent":46115,"menu_order":0,"comment_status":"closed","ping_status":"closed","template":"","meta":{"_acf_changed":false,"footnotes":""},"class_list":["post-46103","page","type-page","status-publish","hentry"],"acf":[],"aioseo_notices":[],"_links":{"self":[{"href":"https:\/\/www.parkinson.ca\/fr\/wp-json\/wp\/v2\/pages\/46103","targetHints":{"allow":["GET"]}}],"collection":[{"href":"https:\/\/www.parkinson.ca\/fr\/wp-json\/wp\/v2\/pages"}],"about":[{"href":"https:\/\/www.parkinson.ca\/fr\/wp-json\/wp\/v2\/types\/page"}],"author":[{"embeddable":true,"href":"https:\/\/www.parkinson.ca\/fr\/wp-json\/wp\/v2\/users\/96"}],"replies":[{"embeddable":true,"href":"https:\/\/www.parkinson.ca\/fr\/wp-json\/wp\/v2\/comments?post=46103"}],"version-history":[{"count":11,"href":"https:\/\/www.parkinson.ca\/fr\/wp-json\/wp\/v2\/pages\/46103\/revisions"}],"predecessor-version":[{"id":48913,"href":"https:\/\/www.parkinson.ca\/fr\/wp-json\/wp\/v2\/pages\/46103\/revisions\/48913"}],"up":[{"embeddable":true,"href":"https:\/\/www.parkinson.ca\/fr\/wp-json\/wp\/v2\/pages\/46115"}],"wp:attachment":[{"href":"https:\/\/www.parkinson.ca\/fr\/wp-json\/wp\/v2\/media?parent=46103"}],"curies":[{"name":"wp","href":"https:\/\/api.w.org\/{rel}","templated":true}]}}