{"id":46100,"date":"2024-07-05T15:43:57","date_gmt":"2024-07-05T15:43:57","guid":{"rendered":"https:\/\/parkinson.ca\/fournir-des-soins-aux-partenaires\/"},"modified":"2026-01-20T22:08:25","modified_gmt":"2026-01-20T22:08:25","slug":"proches-aidants","status":"publish","type":"page","link":"https:\/\/www.parkinson.ca\/fr\/home\/mieux-vivre-avec-la-maladie-de-parkinson\/proches-aidants\/","title":{"rendered":"Pour les proches aidants"},"content":{"rendered":"\n<div class=\"wp-block-cover alignfull is-light\"><img loading=\"lazy\" decoding=\"async\" width=\"1366\" height=\"768\" class=\"wp-block-cover__image-background wp-image-54865 size-full\" alt=\"\" src=\"https:\/\/www.parkinson.ca\/wp-content\/uploads\/2025\/10\/Travel-Website-in-Blue-White-Green-Photocentric-Travel-Style.png\" style=\"object-position:53% 35%\" data-object-fit=\"cover\" data-object-position=\"53% 35%\" srcset=\"https:\/\/www.parkinson.ca\/wp-content\/uploads\/2025\/10\/Travel-Website-in-Blue-White-Green-Photocentric-Travel-Style.png 1366w, https:\/\/www.parkinson.ca\/wp-content\/uploads\/2025\/10\/Travel-Website-in-Blue-White-Green-Photocentric-Travel-Style-300x169.png 300w, https:\/\/www.parkinson.ca\/wp-content\/uploads\/2025\/10\/Travel-Website-in-Blue-White-Green-Photocentric-Travel-Style-1024x576.png 1024w, https:\/\/www.parkinson.ca\/wp-content\/uploads\/2025\/10\/Travel-Website-in-Blue-White-Green-Photocentric-Travel-Style-768x432.png 768w, https:\/\/www.parkinson.ca\/wp-content\/uploads\/2025\/10\/Travel-Website-in-Blue-White-Green-Photocentric-Travel-Style-426x240.png 426w\" sizes=\"auto, (max-width: 1366px) 100vw, 1366px\" \/><span aria-hidden=\"true\" class=\"wp-block-cover__background has-background-dim-0 has-background-dim\"><\/span><div class=\"wp-block-cover__inner-container is-layout-constrained wp-block-cover-is-layout-constrained\">\n<div class=\"wp-block-columns is-layout-flex wp-container-core-columns-is-layout-9d6595d7 wp-block-columns-is-layout-flex\">\n<div class=\"wp-block-column is-layout-flow wp-block-column-is-layout-flow\">\n<div style=\"height:100px\" aria-hidden=\"true\" class=\"wp-block-spacer\"><\/div>\n<\/div>\n<\/div>\n<\/div><\/div>\n\n\n\n<div class=\"wp-block-columns overlay-block is-style-default is-layout-flex wp-container-core-columns-is-layout-9d6595d7 wp-block-columns-is-layout-flex\">\n<div class=\"wp-block-column overlay-col has-base-background-color has-background is-layout-flow wp-block-column-is-layout-flow\" style=\"padding-top:var(--wp--preset--spacing--40);padding-right:var(--wp--preset--spacing--60);padding-bottom:var(--wp--preset--spacing--40);padding-left:var(--wp--preset--spacing--60)\">\n<h1 class=\"wp-block-heading has-blue-color has-text-color has-link-color has-large-font-size wp-elements-9fa2ed4add4517d68ad3821d3813a04f\"><strong>Soutenir ou prendre soin d&rsquo;une personne atteinte de la maladie de Parkinson peut \u00eatre profond\u00e9ment significatif<\/strong>, mais cela s&rsquo;accompagne aussi de d\u00e9fis qui \u00e9voluent au fil du temps.<\/h1>\n\n\n\n<p class=\"has-contrast-color has-text-color has-link-color has-medium-font-size wp-elements-c3a76471f66ee507142c1eafca8d2387\">Que vous soyez un conjoint, un membre de la famille ou un ami, votre r\u00f4le est important, tout comme votre bien-\u00eatre. <\/p>\n<\/div>\n\n\n\n<div class=\"wp-block-column no-display-mobile is-layout-flow wp-block-column-is-layout-flow\"><\/div>\n<\/div>\n\n\n\n<div style=\"height:100px\" aria-hidden=\"true\" class=\"wp-block-spacer\"><\/div>\n\n\n\n<div class=\"wp-block-columns alignwide are-vertically-aligned-center has-blue-background-color has-background is-layout-flex wp-container-core-columns-is-layout-9d6595d7 wp-block-columns-is-layout-flex\">\n<div class=\"wp-block-column is-vertically-aligned-center is-layout-flow wp-block-column-is-layout-flow\" style=\"flex-basis:50%\">\n<h2 class=\"wp-block-heading\">Un outil pratique pour les partenaires de soins<\/h2>\n\n\n\n<p>Ce livre pratique et perspicace est une ressource inestimable. Il fournit des informations pr\u00e9cises et de soutien aux partenaires de soins, ainsi que des r\u00e9f\u00e9rences \u00e0 d&rsquo;autres ressources qui sont d&rsquo;une grande aide pour naviguer dans le parcours de la maladie de Parkinson. <\/p>\n\n\n\n<div class=\"wp-block-buttons is-layout-flex wp-block-buttons-is-layout-flex\">\n<div class=\"wp-block-button\"><a class=\"wp-block-button__link wp-element-button\" href=\"https:\/\/www.parkinson.ca\/download\/52365\/?tmstv=1768946769\" target=\"_blank\" rel=\"noreferrer noopener\">T\u00e9l\u00e9chargez la ressource<\/a><\/div>\n<\/div>\n\n\n\n<div style=\"height:100px\" aria-hidden=\"true\" class=\"wp-block-spacer is-style-responsive-xsmall\"><\/div>\n\n\n\n<p>Soutenu par le r\u00e9seau de soins Rexall.<\/p>\n\n\n\n<figure class=\"wp-block-image alignleft size-large is-resized\"><img loading=\"lazy\" decoding=\"async\" width=\"1024\" height=\"317\" src=\"https:\/\/www.parkinson.ca\/wp-content\/uploads\/2025\/10\/eyJwYXRoIjoiZnJvbnRpZnlcL2ZpbGVcL3pYQ3dRczh4MVl5YlhicVBWbWhTLmVwcyJ9_frontify_eMTPVAd2IFmMbqi-pgZQZzhG-wuZ8nlrENOMkHTcDZA-1024x317.png\" alt=\"\" class=\"wp-image-54892\" style=\"width:312px;height:auto\" srcset=\"https:\/\/www.parkinson.ca\/wp-content\/uploads\/2025\/10\/eyJwYXRoIjoiZnJvbnRpZnlcL2ZpbGVcL3pYQ3dRczh4MVl5YlhicVBWbWhTLmVwcyJ9_frontify_eMTPVAd2IFmMbqi-pgZQZzhG-wuZ8nlrENOMkHTcDZA-1024x317.png 1024w, https:\/\/www.parkinson.ca\/wp-content\/uploads\/2025\/10\/eyJwYXRoIjoiZnJvbnRpZnlcL2ZpbGVcL3pYQ3dRczh4MVl5YlhicVBWbWhTLmVwcyJ9_frontify_eMTPVAd2IFmMbqi-pgZQZzhG-wuZ8nlrENOMkHTcDZA-300x93.png 300w, https:\/\/www.parkinson.ca\/wp-content\/uploads\/2025\/10\/eyJwYXRoIjoiZnJvbnRpZnlcL2ZpbGVcL3pYQ3dRczh4MVl5YlhicVBWbWhTLmVwcyJ9_frontify_eMTPVAd2IFmMbqi-pgZQZzhG-wuZ8nlrENOMkHTcDZA-768x237.png 768w, https:\/\/www.parkinson.ca\/wp-content\/uploads\/2025\/10\/eyJwYXRoIjoiZnJvbnRpZnlcL2ZpbGVcL3pYQ3dRczh4MVl5YlhicVBWbWhTLmVwcyJ9_frontify_eMTPVAd2IFmMbqi-pgZQZzhG-wuZ8nlrENOMkHTcDZA-426x132.png 426w, https:\/\/www.parkinson.ca\/wp-content\/uploads\/2025\/10\/eyJwYXRoIjoiZnJvbnRpZnlcL2ZpbGVcL3pYQ3dRczh4MVl5YlhicVBWbWhTLmVwcyJ9_frontify_eMTPVAd2IFmMbqi-pgZQZzhG-wuZ8nlrENOMkHTcDZA.png 1840w\" sizes=\"auto, (max-width: 1024px) 100vw, 1024px\" \/><\/figure>\n<\/div>\n\n\n\n<div class=\"wp-block-column is-vertically-aligned-center is-layout-flow wp-block-column-is-layout-flow\" style=\"flex-basis:50%\">\n<figure class=\"wp-block-image size-full is-resized\"><img loading=\"lazy\" decoding=\"async\" width=\"928\" height=\"1204\" src=\"https:\/\/www.parkinson.ca\/wp-content\/uploads\/2026\/01\/Care-Partnering-image-preview-2025_FR-1.png\" alt=\"\" class=\"wp-image-56361\" style=\"width:424px;height:auto\" srcset=\"https:\/\/www.parkinson.ca\/wp-content\/uploads\/2026\/01\/Care-Partnering-image-preview-2025_FR-1.png 928w, https:\/\/www.parkinson.ca\/wp-content\/uploads\/2026\/01\/Care-Partnering-image-preview-2025_FR-1-231x300.png 231w, https:\/\/www.parkinson.ca\/wp-content\/uploads\/2026\/01\/Care-Partnering-image-preview-2025_FR-1-789x1024.png 789w, https:\/\/www.parkinson.ca\/wp-content\/uploads\/2026\/01\/Care-Partnering-image-preview-2025_FR-1-768x996.png 768w, https:\/\/www.parkinson.ca\/wp-content\/uploads\/2026\/01\/Care-Partnering-image-preview-2025_FR-1-426x553.png 426w, https:\/\/www.parkinson.ca\/wp-content\/uploads\/2026\/01\/Care-Partnering-image-preview-2025_FR-1-832x1080.png 832w, https:\/\/www.parkinson.ca\/wp-content\/uploads\/2026\/01\/Care-Partnering-image-preview-2025_FR-1-39x50.png 39w, https:\/\/www.parkinson.ca\/wp-content\/uploads\/2026\/01\/Care-Partnering-image-preview-2025_FR-1-77x100.png 77w\" sizes=\"auto, (max-width: 928px) 100vw, 928px\" \/><\/figure>\n<\/div>\n<\/div>\n\n\n\n<div style=\"height:100px\" aria-hidden=\"true\" class=\"wp-block-spacer\"><\/div>\n\n\n\n<h2 class=\"wp-block-heading\"><strong><strong><strong><strong><strong><strong>Votre guide pour le soutien et l&rsquo;apprentissage<\/strong><\/strong><\/strong><\/strong><\/strong><\/strong><\/h2>\n\n\n\n<div class=\"wp-block-columns are-vertically-aligned-top is-layout-flex wp-container-core-columns-is-layout-9d6595d7 wp-block-columns-is-layout-flex\">\n<div class=\"wp-block-column is-vertically-aligned-top is-layout-flow wp-block-column-is-layout-flow\" style=\"flex-basis:90%\">\n<div style=\"height:30px\" aria-hidden=\"true\" class=\"wp-block-spacer is-style-responsive-xsmall\"><\/div>\n\n\n\n<div class=\"wp-block-columns are-vertically-aligned-top is-layout-flex wp-container-core-columns-is-layout-9d6595d7 wp-block-columns-is-layout-flex\">\n<div class=\"wp-block-column is-vertically-aligned-top is-layout-flow wp-block-column-is-layout-flow\">\n<figure class=\"wp-block-image aligncenter size-large\"><img loading=\"lazy\" decoding=\"async\" width=\"1024\" height=\"1024\" src=\"https:\/\/www.parkinson.ca\/wp-content\/uploads\/2025\/10\/Rely-on-us-frame-1024x1024.png\" alt=\"\" class=\"wp-image-54902\" srcset=\"https:\/\/www.parkinson.ca\/wp-content\/uploads\/2025\/10\/Rely-on-us-frame-1024x1024.png 1024w, https:\/\/www.parkinson.ca\/wp-content\/uploads\/2025\/10\/Rely-on-us-frame-300x300.png 300w, https:\/\/www.parkinson.ca\/wp-content\/uploads\/2025\/10\/Rely-on-us-frame-150x150.png 150w, https:\/\/www.parkinson.ca\/wp-content\/uploads\/2025\/10\/Rely-on-us-frame-768x768.png 768w, https:\/\/www.parkinson.ca\/wp-content\/uploads\/2025\/10\/Rely-on-us-frame-426x426.png 426w, https:\/\/www.parkinson.ca\/wp-content\/uploads\/2025\/10\/Rely-on-us-frame.png 1080w\" sizes=\"auto, (max-width: 1024px) 100vw, 1024px\" \/><\/figure>\n\n\n\n<h3 class=\"wp-block-heading has-text-align-center\"><strong><strong><strong><strong><strong>Comptez sur nous<\/strong><\/strong><\/strong><\/strong><\/strong><br><strong><strong><strong><strong><strong> <\/strong><\/strong><\/strong><\/strong><\/strong><\/h3>\n\n\n\n<p class=\"has-text-align-center has-regular-font-size\">Notre \u00e9quipe de soutien et d&rsquo;information est pr\u00eate \u00e0 vous fournir des conseils, des ressources et une oreille attentive.<br><\/p>\n\n\n\n<div class=\"wp-block-buttons is-content-justification-center is-layout-flex wp-container-core-buttons-is-layout-16018d1d wp-block-buttons-is-layout-flex\">\n<div class=\"wp-block-button\"><a class=\"wp-block-button__link has-white-background-color has-background wp-element-button\" href=\"https:\/\/www.parkinson.ca\/fr\/ressources\/ligne-de-soutien-pour-la-maladie-de-parkinson\/\">Contactez-nous<\/a><\/div>\n<\/div>\n<\/div>\n\n\n\n<div class=\"wp-block-column is-vertically-aligned-top is-layout-flow wp-block-column-is-layout-flow\">\n<figure class=\"wp-block-image aligncenter size-large\"><img loading=\"lazy\" decoding=\"async\" width=\"1024\" height=\"1024\" src=\"https:\/\/www.parkinson.ca\/wp-content\/uploads\/2025\/10\/Resources-frame-1024x1024.png\" alt=\"\" class=\"wp-image-54904\" srcset=\"https:\/\/www.parkinson.ca\/wp-content\/uploads\/2025\/10\/Resources-frame-1024x1024.png 1024w, https:\/\/www.parkinson.ca\/wp-content\/uploads\/2025\/10\/Resources-frame-300x300.png 300w, https:\/\/www.parkinson.ca\/wp-content\/uploads\/2025\/10\/Resources-frame-150x150.png 150w, https:\/\/www.parkinson.ca\/wp-content\/uploads\/2025\/10\/Resources-frame-768x768.png 768w, https:\/\/www.parkinson.ca\/wp-content\/uploads\/2025\/10\/Resources-frame-426x426.png 426w, https:\/\/www.parkinson.ca\/wp-content\/uploads\/2025\/10\/Resources-frame.png 1080w\" sizes=\"auto, (max-width: 1024px) 100vw, 1024px\" \/><\/figure>\n\n\n\n<h3 class=\"wp-block-heading has-text-align-center\">D\u00e9couvrez les ressources<br><\/h3>\n\n\n\n<p class=\"has-text-align-center has-regular-font-size\">Restez inform\u00e9 et obtenez des conseils pratiques pour bien vivre avec la maladie de Parkinson et prendre soin de vous-m\u00eame.<br><\/p>\n\n\n\n<div class=\"wp-block-buttons is-content-justification-center is-layout-flex wp-container-core-buttons-is-layout-16018d1d wp-block-buttons-is-layout-flex\">\n<div class=\"wp-block-button\"><a class=\"wp-block-button__link wp-element-button\" href=\"https:\/\/www.parkinson.ca\/fr\/ressources\/publications-educatives\/\">Explorez<\/a><\/div>\n<\/div>\n<\/div>\n\n\n\n<div class=\"wp-block-column is-vertically-aligned-top is-layout-flow wp-block-column-is-layout-flow\">\n<figure class=\"wp-block-image aligncenter size-large\"><img loading=\"lazy\" decoding=\"async\" width=\"1024\" height=\"1024\" src=\"https:\/\/www.parkinson.ca\/wp-content\/uploads\/2025\/10\/carefinder-in-frame-1024x1024.png\" alt=\"\" class=\"wp-image-54906\" srcset=\"https:\/\/www.parkinson.ca\/wp-content\/uploads\/2025\/10\/carefinder-in-frame-1024x1024.png 1024w, https:\/\/www.parkinson.ca\/wp-content\/uploads\/2025\/10\/carefinder-in-frame-300x300.png 300w, https:\/\/www.parkinson.ca\/wp-content\/uploads\/2025\/10\/carefinder-in-frame-150x150.png 150w, https:\/\/www.parkinson.ca\/wp-content\/uploads\/2025\/10\/carefinder-in-frame-768x768.png 768w, https:\/\/www.parkinson.ca\/wp-content\/uploads\/2025\/10\/carefinder-in-frame-426x426.png 426w, https:\/\/www.parkinson.ca\/wp-content\/uploads\/2025\/10\/carefinder-in-frame.png 1080w\" sizes=\"auto, (max-width: 1024px) 100vw, 1024px\" \/><\/figure>\n\n\n\n<h3 class=\"wp-block-heading has-text-align-center\">Trouvez un soutien local<br><\/h3>\n\n\n\n<p class=\"has-text-align-center has-regular-font-size\">CareFinder peut vous aider \u00e0 trouver des groupes, services et activit\u00e9s locaux, en personne et en ligne, pour vous et la personne dont vous prenez soin.<\/p>\n\n\n\n<div class=\"wp-block-buttons is-content-justification-center is-layout-flex wp-container-core-buttons-is-layout-16018d1d wp-block-buttons-is-layout-flex\">\n<div class=\"wp-block-button\"><a class=\"wp-block-button__link wp-element-button\" href=\"https:\/\/www.parkinson.ca\/fr\/care-finder\/\">Visitez CareFinder<\/a><\/div>\n<\/div>\n<\/div>\n<\/div>\n<\/div>\n<\/div>\n\n\n\n<div style=\"height:100px\" aria-hidden=\"true\" class=\"wp-block-spacer\"><\/div>\n\n\n\n<div class=\"wp-block-cover is-style-full-size-cover\"><img loading=\"lazy\" decoding=\"async\" width=\"1080\" height=\"1080\" class=\"wp-block-cover__image-background wp-image-52037 size-full\" alt=\"\" src=\"https:\/\/www.parkinson.ca\/wp-content\/uploads\/2025\/05\/Educational-publications-1.png\" style=\"object-position:41% 15%\" data-object-fit=\"cover\" data-object-position=\"41% 15%\" srcset=\"https:\/\/www.parkinson.ca\/wp-content\/uploads\/2025\/05\/Educational-publications-1.png 1080w, https:\/\/www.parkinson.ca\/wp-content\/uploads\/2025\/05\/Educational-publications-1-300x300.png 300w, https:\/\/www.parkinson.ca\/wp-content\/uploads\/2025\/05\/Educational-publications-1-1024x1024.png 1024w, https:\/\/www.parkinson.ca\/wp-content\/uploads\/2025\/05\/Educational-publications-1-150x150.png 150w, https:\/\/www.parkinson.ca\/wp-content\/uploads\/2025\/05\/Educational-publications-1-768x768.png 768w, https:\/\/www.parkinson.ca\/wp-content\/uploads\/2025\/05\/Educational-publications-1-426x426.png 426w\" sizes=\"auto, (max-width: 1080px) 100vw, 1080px\" \/><span aria-hidden=\"true\" class=\"wp-block-cover__background has-blue-background-color has-background-dim-0 has-background-dim\"><\/span><div class=\"wp-block-cover__inner-container is-layout-flow wp-block-cover-is-layout-flow\">\n<div class=\"wp-block-columns is-layout-flex wp-container-core-columns-is-layout-9d6595d7 wp-block-columns-is-layout-flex\">\n<div class=\"wp-block-column is-layout-flow wp-block-column-is-layout-flow\" style=\"flex-basis:10%\"><\/div>\n\n\n\n<div class=\"wp-block-column is-layout-flow wp-block-column-is-layout-flow\" style=\"flex-basis:80%\">\n<h2 class=\"wp-block-heading has-text-align-center has-ice-blue-color has-text-color has-link-color wp-elements-0bde79fb9e79ce348166ed4b932f6e68\">Rester connect\u00e9 et soutenu<\/h2>\n\n\n\n<p class=\"has-text-align-center has-medium-font-size\">Inscrivez-vous pour recevoir des informations utiles, des \u00e9v\u00e9nements \u00e0 venir et des histoires d&rsquo;espoir et de connexion.<\/p>\n\n\n\n<div class=\"wp-block-buttons is-content-justification-center is-layout-flex wp-container-core-buttons-is-layout-16018d1d wp-block-buttons-is-layout-flex\">\n<div class=\"wp-block-button\"><a class=\"wp-block-button__link wp-element-button\" href=\"https:\/\/donate.parkinson.ca\/site\/SSurvey?ACTION_REQUIRED=URI_ACTION_USER_REQUESTS&amp;SURVEY_ID=7044&amp;NONCE_TOKEN=A625B187508604138B182B38AD43FB3E\/&amp;s_locale=fr_CA\"><strong>Rejoignez notre i<\/strong>nfolettre<\/a><\/div>\n<\/div>\n<\/div>\n\n\n\n<div class=\"wp-block-column is-layout-flow wp-block-column-is-layout-flow\" style=\"flex-basis:10%\"><\/div>\n<\/div>\n<\/div><\/div>\n\n\n\n<div style=\"height:100px\" aria-hidden=\"true\" class=\"wp-block-spacer\"><\/div>\n","protected":false},"excerpt":{"rendered":"<p>Soutenir ou prendre soin d&rsquo;une personne atteinte de la maladie de Parkinson peut \u00eatre profond\u00e9ment significatif, mais cela s&rsquo;accompagne aussi de d\u00e9fis qui \u00e9voluent au fil du temps. Que vous soyez un conjoint, un membre de la famille ou un ami, votre r\u00f4le est important, tout comme votre bien-\u00eatre. Un outil pratique pour les partenaires [&hellip;]<\/p>\n","protected":false},"author":96,"featured_media":56361,"parent":46115,"menu_order":0,"comment_status":"closed","ping_status":"closed","template":"","meta":{"_acf_changed":false,"footnotes":""},"class_list":["post-46100","page","type-page","status-publish","has-post-thumbnail","hentry"],"acf":[],"aioseo_notices":[],"_links":{"self":[{"href":"https:\/\/www.parkinson.ca\/fr\/wp-json\/wp\/v2\/pages\/46100","targetHints":{"allow":["GET"]}}],"collection":[{"href":"https:\/\/www.parkinson.ca\/fr\/wp-json\/wp\/v2\/pages"}],"about":[{"href":"https:\/\/www.parkinson.ca\/fr\/wp-json\/wp\/v2\/types\/page"}],"author":[{"embeddable":true,"href":"https:\/\/www.parkinson.ca\/fr\/wp-json\/wp\/v2\/users\/96"}],"replies":[{"embeddable":true,"href":"https:\/\/www.parkinson.ca\/fr\/wp-json\/wp\/v2\/comments?post=46100"}],"version-history":[{"count":19,"href":"https:\/\/www.parkinson.ca\/fr\/wp-json\/wp\/v2\/pages\/46100\/revisions"}],"predecessor-version":[{"id":56366,"href":"https:\/\/www.parkinson.ca\/fr\/wp-json\/wp\/v2\/pages\/46100\/revisions\/56366"}],"up":[{"embeddable":true,"href":"https:\/\/www.parkinson.ca\/fr\/wp-json\/wp\/v2\/pages\/46115"}],"wp:featuredmedia":[{"embeddable":true,"href":"https:\/\/www.parkinson.ca\/fr\/wp-json\/wp\/v2\/media\/56361"}],"wp:attachment":[{"href":"https:\/\/www.parkinson.ca\/fr\/wp-json\/wp\/v2\/media?parent=46100"}],"curies":[{"name":"wp","href":"https:\/\/api.w.org\/{rel}","templated":true}]}}