{"id":46096,"date":"2025-01-17T22:34:53","date_gmt":"2025-01-17T22:34:53","guid":{"rendered":"https:\/\/parkinson.ca\/progression\/"},"modified":"2025-02-13T22:08:19","modified_gmt":"2025-02-13T22:08:19","slug":"progression","status":"publish","type":"page","link":"https:\/\/www.parkinson.ca\/fr\/quest-ce-que-la-maladie-de-parkinson\/progression\/","title":{"rendered":"Progression"},"content":{"rendered":"\n<div class=\"wp-block-cover is-light\"><span aria-hidden=\"true\" class=\"wp-block-cover__background has-background-dim\" style=\"background-color:#99a4b2\"><\/span><img loading=\"lazy\" decoding=\"async\" width=\"1647\" height=\"2560\" class=\"wp-block-cover__image-background wp-image-45992\" alt=\"\" src=\"https:\/\/parkinson.ca\/wp-content\/uploads\/2025\/01\/de-an-sun-aC9B6XDcUjM-unsplash-scaled.jpg\" data-object-fit=\"cover\" srcset=\"https:\/\/www.parkinson.ca\/wp-content\/uploads\/2025\/01\/de-an-sun-aC9B6XDcUjM-unsplash-scaled.jpg 1647w, https:\/\/www.parkinson.ca\/wp-content\/uploads\/2025\/01\/de-an-sun-aC9B6XDcUjM-unsplash-193x300.jpg 193w, https:\/\/www.parkinson.ca\/wp-content\/uploads\/2025\/01\/de-an-sun-aC9B6XDcUjM-unsplash-659x1024.jpg 659w, https:\/\/www.parkinson.ca\/wp-content\/uploads\/2025\/01\/de-an-sun-aC9B6XDcUjM-unsplash-768x1194.jpg 768w, https:\/\/www.parkinson.ca\/wp-content\/uploads\/2025\/01\/de-an-sun-aC9B6XDcUjM-unsplash-426x662.jpg 426w, https:\/\/www.parkinson.ca\/wp-content\/uploads\/2025\/01\/de-an-sun-aC9B6XDcUjM-unsplash-695x1080.jpg 695w, https:\/\/www.parkinson.ca\/wp-content\/uploads\/2025\/01\/de-an-sun-aC9B6XDcUjM-unsplash-1608x2500.jpg 1608w\" sizes=\"auto, (max-width: 1647px) 100vw, 1647px\" \/><div class=\"wp-block-cover__inner-container is-layout-constrained wp-block-cover-is-layout-constrained\">\n<h1 class=\"wp-block-heading has-text-align-center has-base-color has-text-color has-link-color has-xxlarge-font-size wp-elements-6ed863e110e8efd4e2ffe3411cc37394\"><strong>Comprendre la maladie de Parkinson : Progression, planification et soutien.<\/strong><\/h1>\n<\/div><\/div>\n\n\n\n<div style=\"height:100px\" aria-hidden=\"true\" class=\"wp-block-spacer is-style-responsive-small\"><\/div>\n\n\n\n<p>Il est difficile d&rsquo;\u00e9valuer la rapidit\u00e9 ou la lenteur de l&rsquo;\u00e9volution de la maladie de Parkinson chez chaque personne. Chaque personne atteinte de la maladie de Parkinson est unique et peut pr\u00e9senter des sympt\u00f4mes diff\u00e9rents. Toutefois, la maladie de Parkinson \u00e9tant une affection progressive, les sympt\u00f4mes s&rsquo;aggravent avec le temps et de nouveaux peuvent appara\u00eetre. L&rsquo;\u00e9volution peut \u00eatre plus rapide chez les personnes plus \u00e2g\u00e9es lorsque les sympt\u00f4mes apparaissent pour la premi\u00e8re fois et moins rapide lorsque le principal sympt\u00f4me est un tremblement, en particulier lorsqu&rsquo;il appara\u00eet d&rsquo;un seul c\u00f4t\u00e9.     <\/p>\n\n\n\n<p>Si les m\u00e9dicaments peuvent att\u00e9nuer les sympt\u00f4mes, ils ne ralentissent pas la progression de la maladie de Parkinson. Au fur et \u00e0 mesure que les sympt\u00f4mes \u00e9voluent, les m\u00e9dicaments doivent \u00eatre adapt\u00e9s. Au fur et \u00e0 mesure que la maladie progresse, des sympt\u00f4mes non moteurs peuvent \u00e9galement appara\u00eetre, tels que la d\u00e9pression, des difficult\u00e9s \u00e0 avaler, des probl\u00e8mes sexuels ou des changements cognitifs. Si vous avez des questions, n&rsquo;h\u00e9sitez pas \u00e0 consulter la page de notre bureau local pour trouver de l&rsquo;aide pr\u00e8s de chez vous d\u00e8s aujourd&rsquo;hui.     <\/p>\n\n\n\n<div class=\"wp-block-buttons is-layout-flex wp-block-buttons-is-layout-flex\">\n<div class=\"wp-block-button\"><a class=\"wp-block-button__link wp-element-button\" href=\"https:\/\/parkinson.ca\/wp-content\/uploads\/Progression-de-la-Maladie-de-Parkinson.pdf\" target=\"_blank\" rel=\"noreferrer noopener\">Acc\u00e9dez \u00e0 la fiche d&rsquo;information sur l&rsquo;\u00e9volution de la maladie de Parkinson  <\/a><\/div>\n<\/div>\n\n\n\n<div style=\"height:100px\" aria-hidden=\"true\" class=\"wp-block-spacer\"><\/div>\n\n\n\n<div class=\"wp-block-group alignwide has-grey-background-color has-background is-layout-constrained wp-block-group-is-layout-constrained\">\n<h3 class=\"wp-block-heading\">Signes indiquant que la maladie de Parkinson a progress\u00e9<\/h3>\n\n\n\n<p>Bien que chaque personne soit diff\u00e9rente, certains signes indiquent que la maladie de Parkinson progresse. Vous pouvez constater qu&rsquo;il vous faut plus de temps ou d&rsquo;efforts pour effectuer des activit\u00e9s quotidiennes telles que vous habiller. Les tremblements d&rsquo;un c\u00f4t\u00e9 de votre corps peuvent maintenant appara\u00eetre des deux c\u00f4t\u00e9s. Vous pouvez remarquer des changements significatifs dans votre fa\u00e7on de marcher, de la lenteur au tra\u00eenage. Les sympt\u00f4mes peuvent \u00eatre plus marqu\u00e9s un jour et moins le lendemain. Vous pouvez remarquer que vous devez prendre vos m\u00e9dicaments plus fr\u00e9quemment. Des doses plus \u00e9lev\u00e9es ou une combinaison de m\u00e9dicaments peuvent \u00eatre n\u00e9cessaires pour contr\u00f4ler les sympt\u00f4mes.        <\/p>\n\n\n\n<p>Il est important d&rsquo;\u00eatre conscient des changements et de les signaler \u00e0 votre m\u00e9decin. Demandez \u00e0 votre partenaire de soins ou \u00e0 votre famille s&rsquo;ils ont remarqu\u00e9 des changements, tels que des difficult\u00e9s \u00e0 vous entendre parler. Faites appel \u00e0 des professionnels de la sant\u00e9, tels que des orthophonistes ou des aides \u00e0 domicile, pour vous aider \u00e0 g\u00e9rer les difficult\u00e9s quotidiennes li\u00e9es \u00e0 la maladie de Parkinson.    <\/p>\n<\/div>\n\n\n\n<div style=\"height:100px\" aria-hidden=\"true\" class=\"wp-block-spacer is-style-responsive-small\"><\/div>\n\n\n\n<h3 class=\"wp-block-heading\">Esp\u00e9rance de vie<\/h3>\n\n\n\n<p>En fonction de l&rsquo;\u00e2ge d&rsquo;apparition de la maladie, de la fa\u00e7on dont vous g\u00e9rez les sympt\u00f4mes et de votre \u00e9tat de sant\u00e9 g\u00e9n\u00e9ral, vous pouvez mener une vie active avec la maladie de Parkinson. Dans la plupart des cas, la vie n&rsquo;est pas raccourcie. Cependant, \u00e0 mesure que vous vieillissez et que la maladie progresse, les risques augmentent. Par exemple, les troubles de l&rsquo;\u00e9quilibre peuvent entra\u00eener des chutes ; les probl\u00e8mes de d\u00e9glutition, s&rsquo;ils ne sont pas pris en charge, peuvent entra\u00eener une pneumonie. La maladie de Parkinson est consid\u00e9r\u00e9e comme une affection chronique (\u00e0 long terme) qui n\u00e9cessite un suivi et une prise en charge continus pour maintenir la qualit\u00e9 de vie.      <\/p>\n\n\n\n<h3 class=\"wp-block-heading\">Autres probl\u00e8mes de sant\u00e9  <\/h3>\n\n\n\n<p>La maladie de Parkinson ne vous exclut pas de la possibilit\u00e9 de d\u00e9velopper d&rsquo;autres probl\u00e8mes de sant\u00e9. Il peut \u00eatre difficile de faire la distinction entre le vieillissement normal, les sympt\u00f4mes de la maladie de Parkinson et ceux d&rsquo;une autre affection. Par exemple, les troubles de la m\u00e9moire ou de la concentration peuvent \u00eatre un effet secondaire de m\u00e9dicaments, un sympt\u00f4me non moteur de la maladie de Parkinson ou une affection distincte. Veillez \u00e0 travailler avec des professionnels de la sant\u00e9 qui connaissent bien la maladie de Parkinson, notamment en ce qui concerne la n\u00e9cessit\u00e9 de suivre votre traitement m\u00e9dicamenteux. Il est important de maintenir un mode de vie sain (par exemple, une bonne alimentation, de l&rsquo;exercice, rester actif et engag\u00e9 socialement).      <\/p>\n\n\n\n<div style=\"height:100px\" aria-hidden=\"true\" class=\"wp-block-spacer\"><\/div>\n\n\n\n<div class='overflow-image-text'>\n    <div class='editor-content'>\n        <div>\n            <div class='overflow-image-text-content has-background has-blue-background-color'>\n                <div class='inner-blocks'>\n                    <div class=\"acf-innerblocks-container\">\n\n<h3 class=\"wp-block-heading has-xxlarge-font-size\">Planifier l&rsquo;avenir<\/h3>\n\n\n\n<p>Faites le point sur votre vie et communiquez avec vos proches (partenaire de soins, famille, amis).  <\/p>\n\n\n\n<div class='custom-link '>\n            <div style='width: 30%; height: 3px; background-color: var(--color--accent);'><\/div>\n    <\/div>\n\n\n<h4 class=\"wp-block-heading has-ice-blue-color has-text-color has-link-color wp-elements-8db7884dd04069a129994473e5086861\"><strong>Options de travail<\/strong><\/h4>\n\n\n\n<p>Discutez des options avec votre employeur, telles que la technologie d&rsquo;adaptation ou la r\u00e9duction de la charge de travail. Si cela s&rsquo;av\u00e8re n\u00e9cessaire, renseignez-vous sur la possibilit\u00e9 de prendre une retraite anticip\u00e9e. De nombreuses personnes qui r\u00e9duisent leur charge de travail constatent qu&rsquo;elles peuvent se concentrer sur la gestion de leur maladie de Parkinson (c&rsquo;est-\u00e0-dire qu&rsquo;elles ont plus de temps pour se maintenir en forme).    <\/p>\n\n\n\n<div class='custom-link '>\n            <div style='width: 30%; height: 3px; background-color: var(--color--accent);'><\/div>\n    <\/div>\n\n\n<h4 class=\"wp-block-heading has-ice-blue-color has-text-color has-link-color wp-elements-d162e0f5a3163926542030fb8bba7cda\"><strong>Finances<\/strong> <\/h4>\n\n\n\n<p>Votre r\u00e9gime d&rsquo;assurance-maladie couvre-t-il les m\u00e9dicaments et autres d\u00e9penses, telles que l&rsquo;orthophonie ? Disposez-vous d&rsquo;un r\u00e9gime de retraite et\/ou de pension ? Avez-vous droit \u00e0 une assurance invalidit\u00e9 ou au cr\u00e9dit d&rsquo;imp\u00f4t pour personnes handicap\u00e9es ? Contactez des professionnels de l&rsquo;invalidit\u00e9 avant de r\u00e9duire vos heures de travail, afin de d\u00e9terminer si cela aura une incidence sur le montant de l&rsquo;aide financi\u00e8re admissible.     <\/p>\n\n\n\n<div class='custom-link '>\n            <div style='width: 30%; height: 3px; background-color: var(--color--accent);'><\/div>\n    <\/div>\n\n\n<h4 class=\"wp-block-heading has-ice-blue-color has-text-color has-link-color wp-elements-83737037cc389e44682fab57eb83ceeb\"><strong>Planification juridique et sanitaire<\/strong> <\/h4>\n\n\n\n<p>Discutez d\u00e8s maintenant avec votre famille de la procuration et de la planification pr\u00e9alable des soins. Discutez de ce que signifie pour vous la qualit\u00e9 de vie. En abordant ces questions maintenant, vous pouvez influencer les soins que vous recevrez \u00e0 l&rsquo;avenir. (*Les informations sur la planification pr\u00e9alable des soins varient d&rsquo;une province \u00e0 l&rsquo;autre. Contactez la soci\u00e9t\u00e9 Parkinson de votre r\u00e9gion pour obtenir les ressources appropri\u00e9es).     <\/p>\n\n\n\n<div class='custom-link '>\n            <div style='width: 30%; height: 3px; background-color: var(--color--accent);'><\/div>\n    <\/div>\n\n\n<h4 class=\"wp-block-heading has-ice-blue-color has-text-color has-link-color wp-elements-554cd608b4854f9875e58f9695f8affb\"><strong>Soins<\/strong> <\/h4>\n\n\n\n<p>Consultez un neurologue ou un sp\u00e9cialiste des troubles du mouvement. Ensemble, vous pourrez \u00e9laborer un plan de soins qui r\u00e9pondra \u00e0 vos besoins. Surveillez vos sympt\u00f4mes et signalez tout changement afin que les m\u00e9dicaments puissent \u00eatre adapt\u00e9s.    <\/p>\n\n\n\n<div class='custom-link '>\n            <div style='width: 30%; height: 3px; background-color: var(--color--accent);'><\/div>\n    <\/div>\n\n\n<h4 class=\"wp-block-heading has-ice-blue-color has-text-color has-link-color wp-elements-3e38a3f6fc5e941ffe71678be976805a\"><strong>Choix personnels<\/strong> <\/h4>\n\n\n\n<p>Au fur et \u00e0 mesure de l&rsquo;\u00e9volution de la maladie de Parkinson, vous devrez faire des choix concernant votre vie. Par exemple, les sympt\u00f4mes et les m\u00e9dicaments peuvent affecter votre capacit\u00e9 \u00e0 conduire en toute s\u00e9curit\u00e9. Le fait de savoir que cela peut arriver et de s&rsquo;y pr\u00e9parer peut faciliter la prise de d\u00e9cision. Vous pouvez choisir d&rsquo;arr\u00eater de conduire.     <\/p>\n\n<\/div>\n                    <img loading=\"lazy\" decoding=\"async\" width=\"2298\" height=\"2560\" src=\"https:\/\/www.parkinson.ca\/wp-content\/uploads\/2025\/01\/jonathan-ansel-moy-de-vitry-IPHruhbJimk-unsplash-scaled.jpg\" class=\"overflow-image\" alt=\"\" sizes=\"auto, (min-width: 768px) 50vw, 100vw\" srcset=\"https:\/\/www.parkinson.ca\/wp-content\/uploads\/2025\/01\/jonathan-ansel-moy-de-vitry-IPHruhbJimk-unsplash-scaled.jpg 2298w, https:\/\/www.parkinson.ca\/wp-content\/uploads\/2025\/01\/jonathan-ansel-moy-de-vitry-IPHruhbJimk-unsplash-269x300.jpg 269w, https:\/\/www.parkinson.ca\/wp-content\/uploads\/2025\/01\/jonathan-ansel-moy-de-vitry-IPHruhbJimk-unsplash-919x1024.jpg 919w, https:\/\/www.parkinson.ca\/wp-content\/uploads\/2025\/01\/jonathan-ansel-moy-de-vitry-IPHruhbJimk-unsplash-768x856.jpg 768w, https:\/\/www.parkinson.ca\/wp-content\/uploads\/2025\/01\/jonathan-ansel-moy-de-vitry-IPHruhbJimk-unsplash-426x475.jpg 426w, https:\/\/www.parkinson.ca\/wp-content\/uploads\/2025\/01\/jonathan-ansel-moy-de-vitry-IPHruhbJimk-unsplash-969x1080.jpg 969w\" \/>                <\/div>\n            <\/div>\n        <\/div>    \n    <\/div>\n<\/div>\n\n\n<div style=\"height:100px\" aria-hidden=\"true\" class=\"wp-block-spacer\"><\/div>\n\n\n\n<blockquote class=\"wp-block-quote is-layout-flow wp-block-quote-is-layout-flow\">\n<p class=\"has-medium-font-size\">N&rsquo;oubliez pas que la r\u00e9duction du stress dans votre vie fera une diff\u00e9rence. Rejoignez un groupe de soutien pour la maladie de Parkinson. Certaines personnes trouvent le yoga et le tai chi utiles. L&rsquo;humour peut \u00e9galement \u00eatre un excellent moyen de r\u00e9duire le stress. Il est important de rester aussi actif que possible et de conserver une attitude positive. De nombreuses personnes trouvent qu&rsquo;une activit\u00e9 cr\u00e9ative telle que la peinture, le chant, la pratique d&rsquo;un instrument, la danse ou l&rsquo;\u00e9criture de po\u00e8mes les aide. M\u00eame si la maladie de Parkinson affecte votre \u00e9quilibre, vous pouvez toujours avoir une vie \u00e9quilibr\u00e9e.      <\/p>\n<\/blockquote>\n\n\n\n<div style=\"height:100px\" aria-hidden=\"true\" class=\"wp-block-spacer\"><\/div>\n\n\n\n<div class=\"wp-block-group alignfull has-ice-blue-background-color has-background is-layout-constrained wp-block-group-is-layout-constrained\">\n<div class=\"wp-block-columns has-ice-blue-background-color has-background is-layout-flex wp-container-core-columns-is-layout-9d6595d7 wp-block-columns-is-layout-flex\">\n<div class=\"wp-block-column is-vertically-aligned-center is-layout-flow wp-block-column-is-layout-flow\">\n<h3 class=\"wp-block-heading\">Avez-vous besoin d&rsquo;aide ?<\/h3>\n\n\n\n<p>Nous sommes l\u00e0 pour vous aider.<\/p>\n\n\n\n<p>Peu importe o\u00f9 vous en \u00eates dans votre cheminement avec la maladie de Parkinson, vous n&rsquo;\u00eates pas seul. Notre \u00e9quipe est pr\u00eate \u00e0 vous fournir des conseils, des ressources et une oreille attentive. Que vous ayez des questions, que vous ayez besoin d&rsquo;aide ou que vous souhaitiez simplement entrer en contact, nous sommes l\u00e0 pour vous aider.<\/p>\n\n\n\n<p>Vous n&rsquo;avez pas \u00e0 faire face seul \u00e0 cette situation &#8211; tendez la main d\u00e8s aujourd&rsquo;hui.<\/p>\n\n\n\n<div class=\"wp-block-buttons is-horizontal is-layout-flex wp-block-buttons-is-layout-flex\">\n<div class=\"wp-block-button\"><a class=\"wp-block-button__link has-ice-blue-background-color has-background wp-element-button\" href=\"tel:1 (888) 664-1974\">Appelez-nous : 1 (888) 664-1974<\/a><\/div>\n\n\n\n<div class=\"wp-block-button\"><a class=\"wp-block-button__link has-ice-blue-background-color has-background wp-element-button\" href=\"mailto:support@parkinson.ca\">Envoyez-nous un courriel<\/a><\/div>\n<\/div>\n<\/div>\n<\/div>\n<\/div>\n","protected":false},"excerpt":{"rendered":"<p>Il est difficile d&rsquo;\u00e9valuer la rapidit\u00e9 ou la lenteur de l&rsquo;\u00e9volution de la maladie de Parkinson chez chaque personne. Chaque personne atteinte de la maladie de Parkinson est unique et peut pr\u00e9senter des sympt\u00f4mes diff\u00e9rents. Toutefois, la maladie de Parkinson \u00e9tant une affection progressive, les sympt\u00f4mes s&rsquo;aggravent avec le temps et de nouveaux peuvent appara\u00eetre. [&hellip;]<\/p>\n","protected":false},"author":107,"featured_media":45993,"parent":46111,"menu_order":1,"comment_status":"closed","ping_status":"closed","template":"","meta":{"_acf_changed":false,"footnotes":""},"class_list":["post-46096","page","type-page","status-publish","has-post-thumbnail","hentry"],"acf":[],"aioseo_notices":[],"_links":{"self":[{"href":"https:\/\/www.parkinson.ca\/fr\/wp-json\/wp\/v2\/pages\/46096","targetHints":{"allow":["GET"]}}],"collection":[{"href":"https:\/\/www.parkinson.ca\/fr\/wp-json\/wp\/v2\/pages"}],"about":[{"href":"https:\/\/www.parkinson.ca\/fr\/wp-json\/wp\/v2\/types\/page"}],"author":[{"embeddable":true,"href":"https:\/\/www.parkinson.ca\/fr\/wp-json\/wp\/v2\/users\/107"}],"replies":[{"embeddable":true,"href":"https:\/\/www.parkinson.ca\/fr\/wp-json\/wp\/v2\/comments?post=46096"}],"version-history":[{"count":4,"href":"https:\/\/www.parkinson.ca\/fr\/wp-json\/wp\/v2\/pages\/46096\/revisions"}],"predecessor-version":[{"id":48858,"href":"https:\/\/www.parkinson.ca\/fr\/wp-json\/wp\/v2\/pages\/46096\/revisions\/48858"}],"up":[{"embeddable":true,"href":"https:\/\/www.parkinson.ca\/fr\/wp-json\/wp\/v2\/pages\/46111"}],"wp:featuredmedia":[{"embeddable":true,"href":"https:\/\/www.parkinson.ca\/fr\/wp-json\/wp\/v2\/media\/45993"}],"wp:attachment":[{"href":"https:\/\/www.parkinson.ca\/fr\/wp-json\/wp\/v2\/media?parent=46096"}],"curies":[{"name":"wp","href":"https:\/\/api.w.org\/{rel}","templated":true}]}}