{"id":46094,"date":"2025-01-17T22:34:53","date_gmt":"2025-01-17T22:34:53","guid":{"rendered":"https:\/\/parkinson.ca\/comment-le-dire-aux-gens\/"},"modified":"2025-02-13T22:40:40","modified_gmt":"2025-02-13T22:40:40","slug":"comment-le-dire-aux-gens","status":"publish","type":"page","link":"https:\/\/www.parkinson.ca\/fr\/home\/mieux-vivre-avec-la-maladie-de-parkinson\/diagnostic-recent-de-la-maladie-de-parkinson\/comment-le-dire-aux-gens\/","title":{"rendered":"Comment le dire aux gens"},"content":{"rendered":"\n<div class='overflow-image-text'>\n    <div class='editor-content'>\n        <div>\n            <div class='overflow-image-text-content has-background has-blue-background-color'>\n                <div class='inner-blocks'>\n                    <div class=\"acf-innerblocks-container\">\n\n<div style=\"height:100px\" aria-hidden=\"true\" class=\"wp-block-spacer is-style-responsive-small\"><\/div>\n\n\n\n<h2 class=\"wp-block-heading\">Partager la nouvelle : parler du diagnostic de la maladie de Parkinson<\/h2>\n\n\n\n<div style=\"height:100px\" aria-hidden=\"true\" class=\"wp-block-spacer is-style-responsive-small\"><\/div>\n\n<\/div>\n                    <img loading=\"lazy\" decoding=\"async\" width=\"1707\" height=\"2560\" src=\"https:\/\/www.parkinson.ca\/wp-content\/uploads\/2025\/01\/priscilla-du-preez-3gAiajAfjXI-unsplash-scaled.jpg\" class=\"overflow-image\" alt=\"\" sizes=\"auto, (min-width: 768px) 50vw, 100vw\" srcset=\"https:\/\/www.parkinson.ca\/wp-content\/uploads\/2025\/01\/priscilla-du-preez-3gAiajAfjXI-unsplash-scaled.jpg 1707w, https:\/\/www.parkinson.ca\/wp-content\/uploads\/2025\/01\/priscilla-du-preez-3gAiajAfjXI-unsplash-200x300.jpg 200w, https:\/\/www.parkinson.ca\/wp-content\/uploads\/2025\/01\/priscilla-du-preez-3gAiajAfjXI-unsplash-683x1024.jpg 683w, https:\/\/www.parkinson.ca\/wp-content\/uploads\/2025\/01\/priscilla-du-preez-3gAiajAfjXI-unsplash-768x1152.jpg 768w, https:\/\/www.parkinson.ca\/wp-content\/uploads\/2025\/01\/priscilla-du-preez-3gAiajAfjXI-unsplash-426x639.jpg 426w, https:\/\/www.parkinson.ca\/wp-content\/uploads\/2025\/01\/priscilla-du-preez-3gAiajAfjXI-unsplash-720x1080.jpg 720w, https:\/\/www.parkinson.ca\/wp-content\/uploads\/2025\/01\/priscilla-du-preez-3gAiajAfjXI-unsplash-1667x2500.jpg 1667w\" \/>                <\/div>\n            <\/div>\n        <\/div>    \n    <\/div>\n<\/div>\n\n\n<div style=\"height:100px\" aria-hidden=\"true\" class=\"wp-block-spacer\"><\/div>\n\n\n\n<div class=\"wp-block-group alignwide has-grey-background-color has-background is-layout-constrained wp-block-group-is-layout-constrained\">\n<h3 class=\"wp-block-heading\">Partager avec la famille<\/h3>\n\n\n\n<p><strong>Partenaire\/conjoint  <\/strong><\/p>\n\n\n\n<p>De nombreuses personnes re\u00e7oivent le diagnostic de la maladie de Parkinson alors que leur partenaire est assis \u00e0 c\u00f4t\u00e9 d&rsquo;elles. Cependant, pour celles dont le partenaire n&rsquo;est pas l\u00e0, il est important de l&rsquo;informer en temps voulu afin que vous puissiez planifier la suite de votre parcours ensemble. M\u00eame si vous voulez les prot\u00e9ger de la v\u00e9rit\u00e9 ou si vous vous inqui\u00e9tez de la fa\u00e7on dont les choses pourraient changer, il est essentiel d&rsquo;\u00eatre ouvert avec eux. Vous et votre partenaire pouvez mieux comprendre la maladie de Parkinson en posant des questions et en recherchant des informations ensemble. Votre partenaire ou votre conjoint peut \u00e9galement avoir des questions pertinentes auxquelles vous n&rsquo;avez pas pens\u00e9 ou offrir un point de vue diff\u00e9rent qui peut vous aider \u00e0 voir votre diagnostic sous un nouvel angle.  <\/p>\n\n\n\n<p><strong>Les enfants<\/strong> <\/p>\n\n\n\n<p>Pour les personnes atteintes de la maladie de Parkinson qui ont des enfants, l&rsquo;une des difficult\u00e9s les plus courantes est de d\u00e9cider quand et comment annoncer le diagnostic. La fa\u00e7on dont vous partagez votre diagnostic avec vos enfants varie en fonction de leur \u00e2ge et de leur degr\u00e9 de maturit\u00e9. Personne ne conna\u00eet mieux vos enfants que vous ; vous savez donc probablement ce qu&rsquo;ils peuvent et ne peuvent pas supporter. Avec les enfants de tous \u00e2ges, prenez le temps de v\u00e9rifier avec eux ce qu&rsquo;ils pensent et ce qu&rsquo;ils ressentent. En leur donnant la possibilit\u00e9 de formuler leurs pr\u00e9occupations, vous les aiderez \u00e0 donner un sens \u00e0 leurs sentiments et vous permettrez un dialogue plus ouvert et plus honn\u00eate.  <\/p>\n\n\n\n<div class=\"wp-block-buttons is-layout-flex wp-block-buttons-is-layout-flex\">\n<div class=\"wp-block-button\"><a class=\"wp-block-button__link wp-element-button\" href=\"https:\/\/www.parkinson.ca\/fr\/ressources\/publications-educatives\/chaque-victoire-compte-edition-canadienne\/\">En savoir plus sur la fa\u00e7on d&rsquo;informer votre famille<\/a><\/div>\n<\/div>\n<\/div>\n\n\n\n<div style=\"height:100px\" aria-hidden=\"true\" class=\"wp-block-spacer\"><\/div>\n\n\n\n<div class=\"wp-block-group alignwide has-grey-background-color has-background is-layout-constrained wp-block-group-is-layout-constrained\">\n<h3 class=\"wp-block-heading\">Parler \u00e0 ses amis<\/h3>\n\n\n\n<p>Apr\u00e8s un diagnostic de maladie de Parkinson, de nombreuses personnes se demandent quand elles doivent en parler \u00e0 leurs amis et comment cela peut modifier leurs relations. Si certaines personnes peuvent \u00eatre tent\u00e9es de se replier sur elles-m\u00eames plut\u00f4t que de se confier \u00e0 des amis, l&rsquo;isolement social n&rsquo;est pas la solution. S&rsquo;il est important de vous donner du temps avant de dire \u00e0 vos amis que la maladie de Parkinson fait d\u00e9sormais partie de votre vie, n&rsquo;oubliez pas et rappelez-leur que ce n&rsquo;est qu&rsquo;une partie de votre vie. Continuez \u00e0 participer aux activit\u00e9s et aux rencontres que vous aimiez avant le diagnostic. Soyez patient lorsque vos amis posent des questions et d\u00e9signez des \u00ab\u00a0zones sans Parkinson\u00a0\u00bb si cela vous permet de vous sentir plus \u00e0 l&rsquo;aise avec vos amis.  <\/p>\n\n\n\n<div class=\"wp-block-buttons is-layout-flex wp-block-buttons-is-layout-flex\">\n<div class=\"wp-block-button\"><a class=\"wp-block-button__link wp-element-button\" href=\"https:\/\/www.parkinson.ca\/fr\/ressources\/publications-educatives\/chaque-victoire-compte-edition-canadienne\/\">En savoir plus sur la communication de votre diagnostic<\/a><\/div>\n<\/div>\n<\/div>\n\n\n\n<div style=\"height:100px\" aria-hidden=\"true\" class=\"wp-block-spacer\"><\/div>\n\n\n\n<div class=\"wp-block-group alignfull has-blue-background-color has-background is-layout-constrained wp-block-group-is-layout-constrained\">\n<div class=\"wp-block-columns is-layout-flex wp-container-core-columns-is-layout-9d6595d7 wp-block-columns-is-layout-flex\">\n<div class=\"wp-block-column is-layout-flow wp-block-column-is-layout-flow\">\n<h3 class=\"wp-block-heading\">L&rsquo;histoire de Blake  <\/h3>\n\n\n\n<p>\u00ab\u00a0Je suis all\u00e9e voir mon m\u00e9decin et je tremblais. Il m&rsquo;a dit : \u00ab\u00a0<em>Vous devez voir un neurologue.\u00a0\u00bb<\/em>J&rsquo;ai<em>donc<\/em>pris rendez-vous avec un neurologue qui m&rsquo;a dit que j&rsquo;avais la maladie de Parkinson.  <\/p>\n\n\n\n<p>Au d\u00e9but, j&rsquo;ai pens\u00e9<em>que cela ne pouvait pas m&rsquo;arriver. Cela arrive \u00e0 d&rsquo;autres personnes\u00a0\u00bb.C<\/em>&lsquo;est ainsi que j&rsquo;ai pass\u00e9 les premi\u00e8res ann\u00e9es, dans le d\u00e9ni.  <\/p>\n\n\n\n<p>Ensuite, j&rsquo;ai commenc\u00e9 \u00e0 mener une vie plus active et \u00e0 faire de l&rsquo;exercice. J&rsquo;ai \u00e9galement commenc\u00e9 \u00e0 aller vers les autres. Le fait de partager et de parler avec d&rsquo;autres personnes qui vivaient la m\u00eame chose que moi m&rsquo;a aid\u00e9. J&rsquo;ai contact\u00e9 Parkinson Canada et je me suis inscrite \u00e0 la SuperMarche Parkinson Canada. J&rsquo;ai publi\u00e9 un message sur Facebook pour demander des dons et j&rsquo;ai inform\u00e9 les gens de mon diagnostic. La participation et le partage sont devenus une partie de ma gu\u00e9rison.  <\/p>\n\n\n\n<p>Vid\u00e9o disponible en anglais<\/p>\n<\/div>\n\n\n\n<div class=\"wp-block-column is-layout-flow wp-block-column-is-layout-flow\">\n<figure class=\"wp-block-embed is-type-video is-provider-youtube wp-block-embed-youtube wp-embed-aspect-16-9 wp-has-aspect-ratio\"><div class=\"wp-block-embed__wrapper\">\n<iframe loading=\"lazy\" title=\"Blake Bell, Parkinson Superwalk National Hero 2016\" width=\"500\" height=\"281\" src=\"https:\/\/www.youtube.com\/embed\/yGCiG1jlYBE?feature=oembed\" frameborder=\"0\" allow=\"accelerometer; autoplay; clipboard-write; encrypted-media; gyroscope; picture-in-picture; web-share\" referrerpolicy=\"strict-origin-when-cross-origin\" allowfullscreen><\/iframe>\n<\/div><\/figure>\n<\/div>\n<\/div>\n<\/div>\n\n\n\n<div style=\"height:100px\" aria-hidden=\"true\" class=\"wp-block-spacer\"><\/div>\n\n\n\n<div class=\"wp-block-columns has-ice-blue-background-color has-background is-layout-flex wp-container-core-columns-is-layout-9d6595d7 wp-block-columns-is-layout-flex\">\n<div class=\"wp-block-column is-vertically-aligned-center is-layout-flow wp-block-column-is-layout-flow\">\n<h3 class=\"wp-block-heading\">Avez-vous besoin d&rsquo;aide ?<\/h3>\n\n\n\n<p>Nous sommes l\u00e0 pour vous aider.<\/p>\n\n\n\n<p>Peu importe o\u00f9 vous en \u00eates dans votre parcours avec la maladie de Parkinson, vous n&rsquo;\u00eates pas seul. Notre \u00e9quipe est pr\u00eate \u00e0 vous fournir des conseils, des ressources et une \u00e9coute attentive. Que vous ayez des questions, que vous ayez besoin de soutien ou que vous souhaitiez simplement \u00e9tablir un contact, nous sommes l\u00e0 pour vous aider.  <\/p>\n\n\n\n<p>Vous n&rsquo;avez pas \u00e0 faire face \u00e0 cette situation seul &#8211; contactez-nous d\u00e8s aujourd&rsquo;hui.<\/p>\n\n\n\n<div class=\"wp-block-buttons is-horizontal is-layout-flex wp-block-buttons-is-layout-flex\">\n<div class=\"wp-block-button\"><a class=\"wp-block-button__link has-ice-blue-background-color has-background wp-element-button\" href=\"tel:1 (888) 664-1974\">Appelez-nous : 1 (888) 664-1974<\/a><\/div>\n\n\n\n<div class=\"wp-block-button\"><a class=\"wp-block-button__link has-ice-blue-background-color has-background wp-element-button\" href=\"mailto:suport@parkinson.ca\">Envoyez-nous un courriel : support@parkinson.ca<\/a><\/div>\n<\/div>\n<\/div>\n<\/div>\n","protected":false},"excerpt":{"rendered":"<p>Partager avec la famille Partenaire\/conjoint De nombreuses personnes re\u00e7oivent le diagnostic de la maladie de Parkinson alors que leur partenaire est assis \u00e0 c\u00f4t\u00e9 d&rsquo;elles. Cependant, pour celles dont le partenaire n&rsquo;est pas l\u00e0, il est important de l&rsquo;informer en temps voulu afin que vous puissiez planifier la suite de votre parcours ensemble. M\u00eame si [&hellip;]<\/p>\n","protected":false},"author":96,"featured_media":0,"parent":46103,"menu_order":1,"comment_status":"closed","ping_status":"closed","template":"","meta":{"_acf_changed":false,"footnotes":""},"class_list":["post-46094","page","type-page","status-publish","hentry"],"acf":[],"aioseo_notices":[],"_links":{"self":[{"href":"https:\/\/www.parkinson.ca\/fr\/wp-json\/wp\/v2\/pages\/46094","targetHints":{"allow":["GET"]}}],"collection":[{"href":"https:\/\/www.parkinson.ca\/fr\/wp-json\/wp\/v2\/pages"}],"about":[{"href":"https:\/\/www.parkinson.ca\/fr\/wp-json\/wp\/v2\/types\/page"}],"author":[{"embeddable":true,"href":"https:\/\/www.parkinson.ca\/fr\/wp-json\/wp\/v2\/users\/96"}],"replies":[{"embeddable":true,"href":"https:\/\/www.parkinson.ca\/fr\/wp-json\/wp\/v2\/comments?post=46094"}],"version-history":[{"count":4,"href":"https:\/\/www.parkinson.ca\/fr\/wp-json\/wp\/v2\/pages\/46094\/revisions"}],"predecessor-version":[{"id":48899,"href":"https:\/\/www.parkinson.ca\/fr\/wp-json\/wp\/v2\/pages\/46094\/revisions\/48899"}],"up":[{"embeddable":true,"href":"https:\/\/www.parkinson.ca\/fr\/wp-json\/wp\/v2\/pages\/46103"}],"wp:attachment":[{"href":"https:\/\/www.parkinson.ca\/fr\/wp-json\/wp\/v2\/media?parent=46094"}],"curies":[{"name":"wp","href":"https:\/\/api.w.org\/{rel}","templated":true}]}}