{"id":46091,"date":"2024-07-05T15:49:05","date_gmt":"2024-07-05T15:49:05","guid":{"rendered":"https:\/\/parkinson.ca\/traitements-de-la-maladie-de-parkinson\/"},"modified":"2026-04-09T15:30:05","modified_gmt":"2026-04-09T15:30:05","slug":"traitements-et-therapies","status":"publish","type":"page","link":"https:\/\/www.parkinson.ca\/fr\/quest-ce-que-la-maladie-de-parkinson\/traitements-et-therapies\/","title":{"rendered":"Traitements et th\u00e9rapies"},"content":{"rendered":"\n<p>Vivre avec la maladie de Parkinson signifie trouver une approche de soins qui vous convient. Il n&rsquo;existe pas de plan de traitement universel, et les traitements et soutiens peuvent \u00e9voluer au fil du temps \u00e0 mesure que les sympt\u00f4mes et les besoins changent. <\/p>\n\n\n\n<p>Un large \u00e9ventail de traitements et de th\u00e9rapies est disponible pour aider \u00e0 g\u00e9rer les sympt\u00f4mes de la maladie de Parkinson, am\u00e9liorer la qualit\u00e9 de vie et soutenir le bien-\u00eatre g\u00e9n\u00e9ral. Ceux-ci comprennent des m\u00e9dicaments, des interventions chirurgicales et diverses th\u00e9rapies adapt\u00e9es aux besoins individuels. Les d\u00e9cisions concernant le traitement sont personnelles et sont prises en partenariat avec votre \u00e9quipe de soins de sant\u00e9.  <\/p>\n\n\n\n<div style=\"height:100px\" aria-hidden=\"true\" class=\"wp-block-spacer is-style-responsive-xsmall\"><\/div>\n\n\n\n<div class=\"wp-block-group has-grey-background-color has-background is-layout-constrained wp-block-group-is-layout-constrained\">\n<h4 class=\"wp-block-heading has-blue-color has-text-color has-link-color wp-elements-3133b48e4c82614f3c92e5e4279f4797\"><strong><strong>M\u00e9dicaments pour la gestion des sympt\u00f4mes<\/strong><\/strong> <\/h4>\n\n\n\n<p>Les m\u00e9dicaments jouent un r\u00f4le important dans la gestion des sympt\u00f4mes de la maladie de Parkinson et le soutien du fonctionnement quotidien. La plupart des m\u00e9dicaments agissent en aidant \u00e0 traiter les changements dans les niveaux de dopamine dans le cerveau, qui contribuent \u00e0 de nombreux sympt\u00f4mes moteurs et non moteurs. <\/p>\n\n\n\n<p>Bien que les m\u00e9dicaments puissent \u00eatre tr\u00e8s efficaces, ils ne constituent pas un rem\u00e8de, et leurs bienfaits peuvent \u00e9voluer au fil du temps \u00e0 mesure que la maladie progresse. Le plan de traitement de chaque personne est adapt\u00e9 par un professionnel de la sant\u00e9 \u2014 g\u00e9n\u00e9ralement un neurologue ou un sp\u00e9cialiste des troubles du mouvement \u2014 en fonction de la gravit\u00e9 des sympt\u00f4mes, de l&rsquo;\u00e2ge, du mode de vie et d&rsquo;autres probl\u00e8mes de sant\u00e9. Les m\u00e9dicaments peuvent entra\u00eener des effets secondaires, il est donc essentiel de maintenir une communication continue avec votre \u00e9quipe de soins pour surveiller l&rsquo;efficacit\u00e9 des m\u00e9dicaments et ajuster le traitement au besoin.  <\/p>\n\n\n\n<p><strong>Consultez notre <a href=\"https:\/\/www.parkinson.ca\/fr\/quest-ce-que-la-maladie-de-parkinson\/traitements-et-therapies\/medicaments\/\" title=\"\">page Web sur les m\u00e9dicaments<\/a> pour en savoir plus sur les m\u00e9dicaments pour la maladie de Parkinson.<\/strong><\/p>\n<\/div>\n\n\n\n<hr class=\"wp-block-separator has-alpha-channel-opacity is-style-dots\"\/>\n\n\n\n<div class=\"wp-block-group has-grey-background-color has-background is-layout-constrained wp-block-group-is-layout-constrained\">\n<h4 class=\"wp-block-heading has-text-align-left has-blue-color has-text-color has-link-color wp-elements-3bca5998029a895ba8ef89f571cc3e73\"><strong><strong>Exercice et activit\u00e9 physique<\/strong> <\/strong> <\/h4>\n\n\n\n<p class=\"has-text-align-left\" style=\"padding-right:0;padding-left:0\">L&rsquo;exercice fait partie int\u00e9grante de la gestion de la maladie de Parkinson et est consid\u00e9r\u00e9 comme l&rsquo;une des strat\u00e9gies non m\u00e9dicamenteuses les plus efficaces pour g\u00e9rer les sympt\u00f4mes et am\u00e9liorer le bien-\u00eatre g\u00e9n\u00e9ral. Une activit\u00e9 physique r\u00e9guli\u00e8re peut aider \u00e0 maintenir la mobilit\u00e9, l&rsquo;\u00e9quilibre, la flexibilit\u00e9 et la force, et peut m\u00eame ralentir la progression de la maladie de Parkinson. <\/p>\n\n\n\n<p class=\"has-text-align-left\" style=\"padding-right:0;padding-left:0\">L&rsquo;activit\u00e9 physique soutient \u00e9galement la sant\u00e9 mentale, r\u00e9duisant des sympt\u00f4mes tels que la d\u00e9pression, l&rsquo;anxi\u00e9t\u00e9 et la fatigue, et am\u00e9liorant le sommeil et la fonction cognitive. Fait important, l&rsquo;exercice peut avoir des effets neuroprotecteurs, aidant \u00e0 pr\u00e9server la fonction c\u00e9r\u00e9brale et potentiellement \u00e0 renforcer l&rsquo;impact des m\u00e9dicaments. <\/p>\n\n\n\n<p class=\"has-text-align-left\" style=\"padding-right:0;padding-left:0\"><strong>Consultez notre <a href=\"https:\/\/www.parkinson.ca\/fr\/home\/mieux-vivre-avec-la-maladie-de-parkinson\/rester-actif\/\" title=\"\">page Web sur le maintien de l&rsquo;activit\u00e9<\/a> pour en savoir plus sur l&rsquo;activit\u00e9 physique pour la maladie de Parkinson.<\/strong><\/p>\n<\/div>\n\n\n\n<hr class=\"wp-block-separator has-alpha-channel-opacity is-style-dots\"\/>\n\n\n\n<div class=\"wp-block-group is-horizontal is-content-justification-center is-nowrap is-layout-flex wp-container-core-group-is-layout-7c17ba18 wp-block-group-is-layout-flex\">\n<div class=\"wp-block-group has-grey-background-color has-background is-layout-constrained wp-block-group-is-layout-constrained\">\n<h4 class=\"wp-block-heading has-text-align-left has-blue-color has-text-color has-link-color wp-elements-d4c0e9cb8c1ac91267921632ef016caa\"><strong><strong>Th\u00e9rapies compl\u00e9mentaires<\/strong><\/strong> <\/h4>\n\n\n\n<p class=\"has-text-align-left\" style=\"padding-right:0;padding-left:0\">Les th\u00e9rapies compl\u00e9mentaires sont des approches non m\u00e9dicamenteuses utilis\u00e9es en compl\u00e9ment des traitements conventionnels pour aider \u00e0 g\u00e9rer les sympt\u00f4mes et am\u00e9liorer le bien-\u00eatre g\u00e9n\u00e9ral des personnes atteintes de la maladie de Parkinson. Certaines th\u00e9rapies compl\u00e9mentaires comprennent la physioth\u00e9rapie, l&rsquo;ergoth\u00e9rapie, l&rsquo;orthophonie, la nutrition et les pratiques corps-esprit. <\/p>\n\n\n\n<p class=\"has-text-align-left\" style=\"padding-right:0;padding-left:0\">Les th\u00e9rapies compl\u00e9mentaires visent \u00e0 r\u00e9duire le stress, \u00e0 soulager l&rsquo;inconfort et \u00e0 am\u00e9liorer la qualit\u00e9 de vie, en traitant \u00e0 la fois les sympt\u00f4mes moteurs et non moteurs. Bien qu&rsquo;elles ne remplacent pas les soins m\u00e9dicaux, les th\u00e9rapies compl\u00e9mentaires peuvent jouer un r\u00f4le de soutien dans un plan de traitement holistique. Elles peuvent inclure des pratiques qui favorisent la relaxation, le mouvement ou l&rsquo;expression \u00e9motionnelle. Leur efficacit\u00e9 varie d&rsquo;une personne \u00e0 l&rsquo;autre, et il est important de consulter votre professionnel de la sant\u00e9 avant de commencer toute th\u00e9rapie compl\u00e9mentaire.   <\/p>\n\n\n\n<p class=\"has-text-align-left\" style=\"padding-right:0;padding-left:0\"><strong>Consultez notre <a href=\"https:\/\/www.parkinson.ca\/fr\/home\/mieux-vivre-avec-la-maladie-de-parkinson\/constituez-votre-equipe\/\" title=\"\">page Web Constituez votre \u00e9quipe<\/a> pour en savoir plus sur les fournisseurs de th\u00e9rapies compl\u00e9mentaires et les soutiens.<\/strong><\/p>\n<\/div>\n<\/div>\n\n\n\n<hr class=\"wp-block-separator has-alpha-channel-opacity is-style-dots\"\/>\n\n\n\n<div class=\"wp-block-group has-grey-background-color has-background is-layout-constrained wp-block-group-is-layout-constrained\">\n<h4 class=\"wp-block-heading has-blue-color has-text-color has-link-color wp-elements-622f5eb7cf3570368191b2d5a948039b\"><strong>Th\u00e9rapies avanc\u00e9es<\/strong> <\/h4>\n\n\n\n<p>Les th\u00e9rapies avanc\u00e9es peuvent \u00eatre envisag\u00e9es lorsque les sympt\u00f4mes de la maladie de Parkinson ne sont plus ad\u00e9quatement contr\u00f4l\u00e9s par des m\u00e9dicaments oraux optimis\u00e9s. Ces traitements offrent diff\u00e9rentes fa\u00e7ons de g\u00e9rer les sympt\u00f4mes lorsque les m\u00e9dicaments seuls ne procurent plus de bienfaits constants. <\/p>\n\n\n\n<p>Tous les sympt\u00f4mes ne r\u00e9pondent pas de la m\u00eame mani\u00e8re aux th\u00e9rapies avanc\u00e9es, et tout le monde ne sera pas un candidat appropri\u00e9. Les d\u00e9cisions sont bas\u00e9es sur les sch\u00e9mas de sympt\u00f4mes, la r\u00e9ponse aux m\u00e9dicaments, l&rsquo;\u00e9tat de sant\u00e9 g\u00e9n\u00e9ral et les objectifs personnels. <\/p>\n\n\n\n<ul style=\"padding-top:var(--wp--preset--spacing--20);padding-bottom:var(--wp--preset--spacing--20)\" class=\"wp-block-list\">\n<li><strong>La stimulation c\u00e9r\u00e9brale profonde (SCP)<\/strong> est un traitement chirurgical qui consiste \u00e0 implanter des \u00e9lectrodes dans des zones sp\u00e9cifiques du cerveau qui r\u00e9gulent le mouvement. Ces \u00e9lectrodes d\u00e9livrent des impulsions \u00e9lectriques contr\u00f4l\u00e9es qui aident \u00e0 r\u00e9duire les sympt\u00f4mes moteurs tels que les tremblements, la raideur et le ralentissement des mouvements.<br>La SCP est g\u00e9n\u00e9ralement envisag\u00e9e plusieurs ann\u00e9es apr\u00e8s l&rsquo;apparition des sympt\u00f4mes de la maladie de Parkinson, une fois le diagnostic \u00e9tabli et lorsque les m\u00e9dicaments ne procurent plus un contr\u00f4le constant des sympt\u00f4mes. Bien que la SCP ne gu\u00e9risse pas la maladie de Parkinson, elle peut am\u00e9liorer consid\u00e9rablement la qualit\u00e9 de vie de certaines personnes.<br>La SCP ne traite pas directement les sympt\u00f4mes non moteurs. Cependant, certaines personnes signalent des am\u00e9liorations dans des domaines tels que l&rsquo;humeur, la fatigue ou la douleur, peut-\u00eatre parce qu&rsquo;un meilleur contr\u00f4le moteur permet une plus grande activit\u00e9 et participation sociale. Les d\u00e9cisions concernant la SCP sont prises en collaboration entre vous, votre partenaire de soins (le cas \u00e9ch\u00e9ant) et un neurologue ou un sp\u00e9cialiste des troubles du mouvement, qui \u00e9valuera si vous \u00eates un candidat appropri\u00e9 en fonction de vos sympt\u00f4mes, de votre \u00e9tat de sant\u00e9 g\u00e9n\u00e9ral et de vos ant\u00e9c\u00e9dents de traitement.    <\/li>\n<\/ul>\n\n\n\n<ul style=\"padding-top:var(--wp--preset--spacing--20);padding-bottom:var(--wp--preset--spacing--20)\" class=\"wp-block-list\">\n<li><strong>Les th\u00e9rapies par perfusion<\/strong> administrent des m\u00e9dicaments pour la maladie de Parkinson en continu \u00e0 l&rsquo;aide d&rsquo;un syst\u00e8me de pompe, soit sous la peau, soit directement dans l&rsquo;intestin gr\u00eale. L&rsquo;administration continue peut aider \u00e0 maintenir des niveaux de m\u00e9dicaments plus stables et \u00e0 r\u00e9duire les p\u00e9riodes \u00ab off \u00bb, les fluctuations motrices et les dyskin\u00e9sies.<br>Les th\u00e9rapies par perfusion n\u00e9cessitent une \u00e9valuation minutieuse et une gestion continue par une \u00e9quipe de soins de sant\u00e9 sp\u00e9cialis\u00e9e. Toutes les personnes ne seront pas candidates.  <\/li>\n<\/ul>\n\n\n\n<ul style=\"padding-top:var(--wp--preset--spacing--20);padding-bottom:var(--wp--preset--spacing--20)\" class=\"wp-block-list\">\n<li><strong>Les ultrasons focalis\u00e9s (UF)<\/strong> utilise des ondes ultrasonores cibl\u00e9es pour cr\u00e9er une petite l\u00e9sion dans une zone sp\u00e9cifique du cerveau impliqu\u00e9e dans le mouvement. L&rsquo;intervention ne n\u00e9cessite aucune incision. Le traitement n&rsquo;est ni ajustable ni r\u00e9versible. Le FUS ne convient qu&rsquo;\u00e0 certaines personnes atteintes de la maladie de Parkinson, et l&rsquo;\u00e9ligibilit\u00e9 est \u00e9valu\u00e9e par une \u00e9quipe multidisciplinaire sp\u00e9cialis\u00e9e au sein d&rsquo;une clinique sp\u00e9cialis\u00e9e dans les troubles du mouvement.<\/li>\n<\/ul>\n<\/div>\n\n\n\n<hr class=\"wp-block-separator has-alpha-channel-opacity is-style-dots\"\/>\n\n\n\n<div class=\"wp-block-columns has-grey-background-color has-background is-layout-flex wp-container-core-columns-is-layout-9d6595d7 wp-block-columns-is-layout-flex\">\n<div class=\"wp-block-column is-layout-flow wp-block-column-is-layout-flow\" style=\"flex-basis:25%\">\n<h3 class=\"wp-block-heading has-blue-color has-text-color has-link-color wp-elements-4222e07fbd0d45b8733e999c4065040c\"><strong><strong>Soutien pour la personne dans son ensemble<\/strong><\/strong> <\/h3>\n<\/div>\n\n\n\n<div class=\"wp-block-column is-layout-flow wp-block-column-is-layout-flow\" style=\"flex-basis:75%\">\n<p>Vivre avec la maladie de Parkinson va au-del\u00e0 des sympt\u00f4mes physiques. Le soutien \u00e9motionnel, social et communautaire joue un r\u00f4le important dans le bien-\u00eatre \u2014 tant pour les personnes vivant avec la maladie de Parkinson que pour leurs partenaires de soins. <\/p>\n\n\n\n<p>Le soutien peut inclure le counseling, le soutien par les pairs, les programmes d&rsquo;\u00e9ducation, l&rsquo;orientation financi\u00e8re ou professionnelle et l&rsquo;aide \u00e0 la navigation dans les services de sant\u00e9 et communautaires. Les soutiens appropri\u00e9s peuvent \u00e9voluer au fil du temps \u00e0 mesure que les besoins changent. <\/p>\n\n\n\n<p><strong>Notre outil <a href=\"https:\/\/www.parkinson.ca\/fr\/care-finder\/\" title=\"\">CareFinder<\/a> peut vous aider \u00e0 explorer les programmes, services et soutiens disponibles dans votre communaut\u00e9 et partout au Canada.<\/strong><\/p>\n\n\n\n<p><strong>Notre <a href=\"https:\/\/www.parkinson.ca\/fr\/ressources\/ligne-de-soutien-pour-la-maladie-de-parkinson\/\" title=\"\">\u00e9quipe de soutien et d&rsquo;information<\/a> peut vous aider \u00e0 r\u00e9pondre \u00e0 vos questions, \u00e0 discuter des options et \u00e0 vous mettre en contact avec des ressources qui r\u00e9pondent \u00e0 vos besoins.<\/strong><\/p>\n<\/div>\n<\/div>\n\n\n\n<div style=\"height:100px\" aria-hidden=\"true\" class=\"wp-block-spacer\"><\/div>\n\n\n\n<div class=\"wp-block-columns has-ice-blue-background-color has-background is-layout-flex wp-container-core-columns-is-layout-9d6595d7 wp-block-columns-is-layout-flex\">\n<div class=\"wp-block-column is-vertically-aligned-center is-layout-flow wp-block-column-is-layout-flow\">\n<h3 class=\"wp-block-heading\">Avez-vous besoin d&rsquo;aide ?<\/h3>\n\n\n\n<p>Nous sommes l\u00e0 pour vous aider.<\/p>\n\n\n\n<p>Peu importe o\u00f9 vous en \u00eates dans votre cheminement avec la maladie de Parkinson, vous n&rsquo;\u00eates pas seul. Notre \u00e9quipe est pr\u00eate \u00e0 vous fournir des conseils, des ressources et une oreille attentive. Que vous ayez des questions, que vous ayez besoin d&rsquo;aide ou que vous souhaitiez simplement entrer en contact, nous sommes l\u00e0 pour vous aider.<\/p>\n\n\n\n<p>Vous n&rsquo;avez pas \u00e0 faire face seul \u00e0 cette situation &#8211; tendez la main d\u00e8s aujourd&rsquo;hui.<\/p>\n\n\n\n<div class=\"wp-block-buttons is-horizontal is-layout-flex wp-block-buttons-is-layout-flex\">\n<div class=\"wp-block-button\"><a class=\"wp-block-button__link has-ice-blue-background-color has-background wp-element-button\" href=\"tel:1 (888) 664-1974\">Appelez-nous : 1 (888) 664-1974<\/a><\/div>\n\n\n\n<div class=\"wp-block-button\"><a class=\"wp-block-button__link has-ice-blue-background-color has-background wp-element-button\" href=\"mailto:support@parkinson.ca\">Envoyez-nous un courriel<\/a><\/div>\n<\/div>\n<\/div>\n<\/div>\n","protected":false},"excerpt":{"rendered":"<p>Vivre avec la maladie de Parkinson signifie trouver une approche de soins qui vous convient. Il n&rsquo;existe pas de plan de traitement universel, et les traitements et soutiens peuvent \u00e9voluer au fil du temps \u00e0 mesure que les sympt\u00f4mes et les besoins changent. Un large \u00e9ventail de traitements et de th\u00e9rapies est disponible pour aider [&hellip;]<\/p>\n","protected":false},"author":107,"featured_media":0,"parent":46111,"menu_order":2,"comment_status":"closed","ping_status":"closed","template":"","meta":{"_acf_changed":false,"footnotes":""},"class_list":["post-46091","page","type-page","status-publish","hentry"],"acf":[],"aioseo_notices":[],"_links":{"self":[{"href":"https:\/\/www.parkinson.ca\/fr\/wp-json\/wp\/v2\/pages\/46091","targetHints":{"allow":["GET"]}}],"collection":[{"href":"https:\/\/www.parkinson.ca\/fr\/wp-json\/wp\/v2\/pages"}],"about":[{"href":"https:\/\/www.parkinson.ca\/fr\/wp-json\/wp\/v2\/types\/page"}],"author":[{"embeddable":true,"href":"https:\/\/www.parkinson.ca\/fr\/wp-json\/wp\/v2\/users\/107"}],"replies":[{"embeddable":true,"href":"https:\/\/www.parkinson.ca\/fr\/wp-json\/wp\/v2\/comments?post=46091"}],"version-history":[{"count":9,"href":"https:\/\/www.parkinson.ca\/fr\/wp-json\/wp\/v2\/pages\/46091\/revisions"}],"predecessor-version":[{"id":58729,"href":"https:\/\/www.parkinson.ca\/fr\/wp-json\/wp\/v2\/pages\/46091\/revisions\/58729"}],"up":[{"embeddable":true,"href":"https:\/\/www.parkinson.ca\/fr\/wp-json\/wp\/v2\/pages\/46111"}],"wp:attachment":[{"href":"https:\/\/www.parkinson.ca\/fr\/wp-json\/wp\/v2\/media?parent=46091"}],"curies":[{"name":"wp","href":"https:\/\/api.w.org\/{rel}","templated":true}]}}