{"id":46090,"date":"2024-07-05T15:46:01","date_gmt":"2024-07-05T15:46:01","guid":{"rendered":"https:\/\/parkinson.ca\/rester-actif\/"},"modified":"2026-02-18T16:37:55","modified_gmt":"2026-02-18T16:37:55","slug":"rester-actif","status":"publish","type":"page","link":"https:\/\/www.parkinson.ca\/fr\/home\/mieux-vivre-avec-la-maladie-de-parkinson\/rester-actif\/","title":{"rendered":"Rester actif"},"content":{"rendered":"\n<div id=\"Print\" class=\"wp-block-group print is-layout-constrained wp-block-group-is-layout-constrained\">\r\n<div \r\n\tclass=\"noPrint align wp-block-ppb-print-page\"\tid='ppbPrintPage-1' \r\n\tdata-attributes='{&quot;cId&quot;:&quot;a3b0a602-d&quot;,&quot;isPrintSection&quot;:true,&quot;sectionSelector&quot;:&quot;#content&quot;,&quot;isText&quot;:false,&quot;btnColors&quot;:{&quot;color&quot;:&quot;hsl(0, 0%, 100%)&quot;,&quot;bg&quot;:&quot;hsl(0, 0%, 92%)&quot;},&quot;align&quot;:&quot;&quot;,&quot;alignment&quot;:&quot;center&quot;,&quot;buttonVariant&quot;:&quot;default&quot;,&quot;isModal&quot;:false,&quot;isHeaderFooter&quot;:true,&quot;isBackground&quot;:false,&quot;isLayout&quot;:false,&quot;removeSelectors&quot;:&quot;&quot;,&quot;isIcon&quot;:true,&quot;icon&quot;:{&quot;type&quot;:&quot;default&quot;,&quot;default&quot;:&quot;fcPrinter&quot;,&quot;url&quot;:&quot;&quot;},&quot;btnText&quot;:&quot;Print&quot;,&quot;btnTypo&quot;:{&quot;fontSize&quot;:{&quot;desktop&quot;:22,&quot;tablet&quot;:20,&quot;mobile&quot;:18}},&quot;btnHoverColors&quot;:{&quot;color&quot;:&quot;#4527a4&quot;,&quot;bg&quot;:&quot;#4527a433&quot;},&quot;btnPadding&quot;:{&quot;vertical&quot;:&quot;5px&quot;,&quot;horizontal&quot;:&quot;15px&quot;},&quot;btnBorder&quot;:{&quot;radius&quot;:&quot;5px&quot;},&quot;btnShadow&quot;:[],&quot;hoverBtnShadow&quot;:[]}'\r\n>\r\n<\/div>\r\n\n\n\n<p>L&rsquo;exercice et l&rsquo;activit\u00e9 physique sont b\u00e9n\u00e9fiques pour tout le monde. Pour les personnes atteintes de la maladie de Parkinson, c&rsquo;est l&rsquo;un des outils les plus importants pour bien vivre.   <\/p>\n\n\n\n<p>La recherche montre qu&rsquo;une activit\u00e9 physique r\u00e9guli\u00e8re peut :  <\/p>\n\n\n\n<ul class=\"wp-block-list\">\n<li>Aider \u00e0 g\u00e9rer les sympt\u00f4mes moteurs et non moteurs  <\/li>\n\n\n\n<li>Am\u00e9liorer la force, l&rsquo;\u00e9quilibre, l&rsquo;humeur et la mobilit\u00e9  <\/li>\n\n\n\n<li>Ralentir potentiellement la progression de la maladie de Parkinson1<sup>,2,3,4<\/sup> <\/li>\n<\/ul>\n\n\n\n<div style=\"height:100px\" aria-hidden=\"true\" class=\"wp-block-spacer is-style-responsive-small\"><\/div>\n\n\n\n<div class=\"wp-block-group has-ice-blue-background-color has-background is-layout-constrained wp-block-group-is-layout-constrained\">\n<h3 class=\"wp-block-heading\"><strong>Exercice ou activit\u00e9 physique<\/strong> <\/h3>\n\n\n\n<p>L&rsquo;<strong>exercice<\/strong> est un mouvement planifi\u00e9 et structur\u00e9, comme un cours de fitness ou de musculation.  <\/p>\n\n\n\n<p>L&rsquo;<strong>activit\u00e9 physique<\/strong> est tout mouvement qui fait bouger votre corps, comme jardiner, promener le chien ou danser dans la cuisine.  <\/p>\n\n\n\n<p>Les deux sont importants. Essayez d&rsquo;inclure un m\u00e9lange des deux dans votre routine.   <\/p>\n<\/div>\n\n\n\n<div style=\"height:100px\" aria-hidden=\"true\" class=\"wp-block-spacer is-style-responsive-small\"><\/div>\n\n\n\n<div class=\"wp-block-group is-layout-constrained wp-block-group-is-layout-constrained\">\n<h2 class=\"wp-block-heading\">Types d&rsquo;exercices pour la maladie de Parkinson<\/h2>\n\n\n\n<p>Il existe quatre principaux types d&rsquo;exercices qui sont importants pour les personnes atteintes de la maladie de Parkinson :  <\/p>\n\n\n\n<ul class=\"wp-block-list\">\n<li>L&rsquo;<strong>a\u00e9robic\/cardio<\/strong> &#8211; Renforce la sant\u00e9 cardiaque, l&rsquo;endurance et les fonctions c\u00e9r\u00e9brales.\n<ul class=\"wp-block-list\">\n<li><em>Quelques exemples : La marche, la course \u00e0 pied, le v\u00e9lo, la danse, la natation, la boxe  <\/em><\/li>\n<\/ul>\n<\/li>\n<\/ul>\n\n\n\n<div style=\"height:100px\" aria-hidden=\"true\" class=\"wp-block-spacer is-style-responsive-xsmall\"><\/div>\n\n\n\n<ul class=\"wp-block-list\">\n<li>L&rsquo;<strong>\u00e9quilibre et la coordination<\/strong> &#8211; R\u00e9duisent le risque de chute et am\u00e9liorent la conscience du corps.\n<ul class=\"wp-block-list\">\n<li>Quelques exemples : Tai Chi, yoga, Qigong  <\/li>\n<\/ul>\n<\/li>\n<\/ul>\n\n\n\n<div style=\"height:30px\" aria-hidden=\"true\" class=\"wp-block-spacer is-style-responsive-xsmall\"><\/div>\n\n\n\n<ul class=\"wp-block-list\">\n<li>La <strong>flexibilit\u00e9<\/strong> &#8211; Permet de maintenir l&rsquo;amplitude des mouvements et de r\u00e9duire les raideurs.\n<ul class=\"wp-block-list\">\n<li>Quelques exemples : Etirements, yoga, Pilates, travail sur la mobilit\u00e9  <\/li>\n<\/ul>\n<\/li>\n<\/ul>\n\n\n\n<div style=\"height:30px\" aria-hidden=\"true\" class=\"wp-block-spacer is-style-responsive-xsmall\"><\/div>\n\n\n\n<ul class=\"wp-block-list\">\n<li>La <strong>force\/r\u00e9sistance<\/strong> &#8211; Am\u00e9liore la force musculaire, la posture et la mobilit\u00e9.\n<ul class=\"wp-block-list\">\n<li>Quelques exemples : Poids, bandes de r\u00e9sistance, exercices au poids du corps  <\/li>\n<\/ul>\n<\/li>\n<\/ul>\n<\/div>\n\n\n\n<div style=\"height:100px\" aria-hidden=\"true\" class=\"wp-block-spacer is-style-responsive-small\"><\/div>\n\n\n\n<div class=\"wp-block-group has-grey-background-color has-background is-layout-constrained wp-block-group-is-layout-constrained\">\n<h2 class=\"wp-block-heading\">Recommandations d&rsquo;exercices pour la maladie de Parkinson<\/h2>\n\n\n\n<div class=\"wp-block-columns is-layout-flex wp-container-core-columns-is-layout-9d6595d7 wp-block-columns-is-layout-flex\">\n<div class=\"wp-block-column is-layout-flow wp-block-column-is-layout-flow\" style=\"flex-basis:40%\">\n<figure class=\"wp-block-image aligncenter size-full is-resized\"><a href=\"https:\/\/www.parkinson.org\/sites\/default\/files\/documents\/exercise-infographic-french.pdf\"><img loading=\"lazy\" decoding=\"async\" width=\"651\" height=\"841\" src=\"https:\/\/www.parkinson.ca\/wp-content\/uploads\/2025\/06\/restez-actif.png\" alt=\"\" class=\"wp-image-52920\" style=\"width:401px;height:auto\" srcset=\"https:\/\/www.parkinson.ca\/wp-content\/uploads\/2025\/06\/restez-actif.png 651w, https:\/\/www.parkinson.ca\/wp-content\/uploads\/2025\/06\/restez-actif-232x300.png 232w, https:\/\/www.parkinson.ca\/wp-content\/uploads\/2025\/06\/restez-actif-426x550.png 426w\" sizes=\"auto, (max-width: 651px) 100vw, 651px\" \/><\/a><\/figure>\n<\/div>\n\n\n\n<div class=\"wp-block-column is-layout-flow wp-block-column-is-layout-flow\">\n<p>La Parkinson&rsquo;s Foundation, en collaboration avec l&rsquo;American College of Sports Medicine, a \u00e9labor\u00e9 des recommandations en mati\u00e8re d&rsquo;exercice physique sp\u00e9cialement con\u00e7ues pour les personnes atteintes de la maladie de Parkinson. Ces recommandations visent \u00e0 favoriser des programmes d&rsquo;exercices s\u00fbrs, efficaces et structur\u00e9s.   <\/p>\n\n\n\n<p>Les recommandations pr\u00e9cisent la fr\u00e9quence et l&rsquo;intensit\u00e9 de l&rsquo;exercice, ainsi que des conseils sur la dur\u00e9e, les types de mouvements et la mani\u00e8re de progresser en toute s\u00e9curit\u00e9 au fil du temps. Les recommandations sont disponibles en plusieurs langues.   <\/p>\n\n\n\n<p>Il est important de noter que tout mouvement est pr\u00e9f\u00e9rable \u00e0 l&rsquo;absence de mouvement. L&rsquo;objectif est d&rsquo;\u00e9laborer un programme adapt\u00e9 \u00e0 votre corps, \u00e0 votre mode de vie et \u00e0 vos capacit\u00e9s.   <\/p>\n\n\n\n<div style=\"height:100px\" aria-hidden=\"true\" class=\"wp-block-spacer is-style-responsive-xsmall\"><\/div>\n\n\n\n<div class=\"wp-block-buttons is-layout-flex wp-block-buttons-is-layout-flex\">\n<div class=\"wp-block-button\"><a class=\"wp-block-button__link wp-element-button\" href=\"https:\/\/www.parkinson.org\/sites\/default\/files\/documents\/exercise-infographic-french.pdf\" target=\"_blank\" rel=\"noreferrer noopener\">Trouvez des recommandations d&rsquo;exercices  <\/a><\/div>\n<\/div>\n<\/div>\n<\/div>\n<\/div>\n\n\n\n<div style=\"height:100px\" aria-hidden=\"true\" class=\"wp-block-spacer is-style-responsive-small\"><\/div>\n\n\n\n<div class=\"wp-block-group is-layout-constrained wp-block-group-is-layout-constrained\">\n<h2 class=\"wp-block-heading\"><strong>Commencer en toute s\u00e9curit\u00e9<\/strong><\/h2>\n\n\n\n<p>Avant de commencer ou de modifier votre programme d&rsquo;exercices :  <\/p>\n\n\n\n<ul class=\"wp-block-list\">\n<li>Discutez avec votre \u00e9quipe soignante pour vous assurer que le programme d&rsquo;exercices que vous entreprenez vous convient.  <\/li>\n\n\n\n<li>Envisagez de travailler avec un physioth\u00e9rapeute, un ergoth\u00e9rapeute ou un autre professionnel de l&rsquo;exercice exp\u00e9riment\u00e9 dans le domaine de la maladie de Parkinson, qui pourra vous fournir une \u00e9valuation personnalis\u00e9e et vous aider \u00e0 \u00e9laborer un programme d&rsquo;exercices.  <\/li>\n\n\n\n<li>Commencez lentement et augmentez progressivement  <\/li>\n\n\n\n<li>Privil\u00e9giez la r\u00e9gularit\u00e9 plut\u00f4t que l&rsquo;intensit\u00e9 dans un premier temps  <\/li>\n\n\n\n<li>Essayez de programmer vos exercices pendant les p\u00e9riodes d&rsquo;activit\u00e9, lorsque vos m\u00e9dicaments agissent le mieux.  <\/li>\n<\/ul>\n<\/div>\n\n\n\n<div style=\"height:100px\" aria-hidden=\"true\" class=\"wp-block-spacer is-style-responsive-small\"><\/div>\n\n\n\n<div class=\"wp-block-columns alignwide has-blue-background-color has-background is-layout-flex wp-container-core-columns-is-layout-9d6595d7 wp-block-columns-is-layout-flex\">\n<div class=\"wp-block-column is-vertically-aligned-center is-layout-flow wp-block-column-is-layout-flow\">\n<figure class=\"wp-block-image aligncenter size-full\"><a href=\"https:\/\/www.parkinson.ca\/care-finder\/\"><img loading=\"lazy\" decoding=\"async\" width=\"600\" height=\"300\" src=\"https:\/\/parkinson.ca\/wp-content\/uploads\/CareFinder-Button.png\" alt=\"\" class=\"wp-image-42682\" srcset=\"https:\/\/www.parkinson.ca\/wp-content\/uploads\/CareFinder-Button.png 600w, https:\/\/www.parkinson.ca\/wp-content\/uploads\/CareFinder-Button-300x150.png 300w, https:\/\/www.parkinson.ca\/wp-content\/uploads\/CareFinder-Button-150x75.png 150w, https:\/\/www.parkinson.ca\/wp-content\/uploads\/CareFinder-Button-100x50.png 100w\" sizes=\"auto, (max-width: 600px) 100vw, 600px\" \/><\/a><\/figure>\n<\/div>\n\n\n\n<div class=\"wp-block-column is-layout-flow wp-block-column-is-layout-flow\">\n<h2 class=\"wp-block-heading\">Trouvez un programme pr\u00e8s de chez vous avec CareFinder<\/h2>\n\n\n\n<p>CareFinder est un outil unique qui vous met en relation avec les programmes et les services offerts pr\u00e8s de chez vous. C&rsquo;est un excellent moyen pour vous de trouver des programmes et des cours de remise en forme dans votre r\u00e9gion qui vous aideront \u00e0 mener une vie active.   <\/p>\n\n\n\n<div class=\"wp-block-buttons is-layout-flex wp-block-buttons-is-layout-flex\">\n<div class=\"wp-block-button\"><a class=\"wp-block-button__link wp-element-button\" href=\"https:\/\/www.parkinson.ca\/fr\/care-finder\/\">Trouver un programme dans votre r\u00e9gion<\/a><\/div>\n<\/div>\n<\/div>\n<\/div>\n\n\n\n<div style=\"height:100px\" aria-hidden=\"true\" class=\"wp-block-spacer is-style-responsive-small\"><\/div>\n\n\n\n<div class=\"wp-block-group is-layout-constrained wp-block-group-is-layout-constrained\">\n<h2 class=\"wp-block-heading\">S&rsquo;y tenir  <\/h2>\n\n\n\n<p>Il faut du temps pour prendre l&rsquo;habitude de faire de l&rsquo;exercice. Voici quelques conseils :   <\/p>\n\n\n\n<ul class=\"wp-block-list\">\n<li>Fixez des objectifs r\u00e9alistes et sp\u00e9cifiques  <\/li>\n\n\n\n<li>Suivez vos progr\u00e8s  <\/li>\n\n\n\n<li>Planifiez-le dans votre semaine comme un rendez-vous m\u00e9dical  <\/li>\n\n\n\n<li>Exercice \u00e0 l&rsquo;int\u00e9rieur et \u00e0 l&rsquo;ext\u00e9rieur  <\/li>\n\n\n\n<li>Rejoignez un cours ou un groupe pour vous motiver et vous responsabiliser  <\/li>\n\n\n\n<li>Trouvez des activit\u00e9s qui vous plaisent  <\/li>\n\n\n\n<li>Incorporez diff\u00e9rents types d&rsquo;activit\u00e9s dans votre routine afin de b\u00e9n\u00e9ficier \u00e0 diff\u00e9rentes parties de votre corps et de maintenir l&rsquo;int\u00e9r\u00eat.  <\/li>\n<\/ul>\n<\/div>\n\n\n\n<div style=\"height:100px\" aria-hidden=\"true\" class=\"wp-block-spacer is-style-responsive-small\"><\/div>\n\n\n\n<div class=\"wp-block-group is-layout-constrained wp-block-group-is-layout-constrained\">\n<h2 class=\"wp-block-heading\">Surmonter les obstacles  <\/h2>\n\n\n\n<p>Des probl\u00e8mes courants, comme la fatigue, les probl\u00e8mes de mobilit\u00e9 ou l&rsquo;apathie, peuvent rendre difficile le fait de rester actif. Essayez :   <\/p>\n\n\n\n<ul class=\"wp-block-list\">\n<li>Diviser les activit\u00e9s en tranches plus courtes tout au long de la journ\u00e9e  <\/li>\n\n\n\n<li>Choix d&rsquo;options assises ou modifi\u00e9es  <\/li>\n\n\n\n<li>Demander \u00e0 un ami ou \u00e0 un partenaire de soins de se joindre \u00e0 vous  <\/li>\n\n\n\n<li>Profitez des vid\u00e9os en ligne sur l&rsquo;exercice pour la maladie de Parkinson et faites de l&rsquo;exercice \u00e0 la maison  <\/li>\n\n\n\n<li>Vous rappeler \u00e0 quel point vous vous sentez bien apr\u00e8s l&rsquo;effort.  <\/li>\n<\/ul>\n\n\n\n<p><\/p>\n\n\n\n<p>Et n&rsquo;oubliez pas : il n&rsquo;y a pas de mal \u00e0 avoir des journ\u00e9es creuses. L&rsquo;essentiel est de continuer \u00e0 avancer.   <\/p>\n<\/div>\n\n\n\n<div style=\"height:100px\" aria-hidden=\"true\" class=\"wp-block-spacer is-style-responsive-small\"><\/div>\n\n\n\n<div class=\"wp-block-group alignfull has-blue-background-color has-background is-layout-constrained wp-block-group-is-layout-constrained\">\n<blockquote class=\"wp-block-quote is-layout-flow wp-block-quote-is-layout-flow\">\n<p class=\"has-base-color has-text-color has-link-color has-medium-font-size wp-elements-42c9b4bf489e351b48e7c983451f8697\"><em>Le mouvement est puissant. Qu&rsquo;il s&rsquo;agisse d&rsquo;une marche rapide, d&rsquo;un cours de danse ou d&rsquo;\u00e9tirements en douceur, rester actif est l&rsquo;une des meilleures choses que vous puissiez faire pour bien vivre avec la maladie de Parkinson. Commencez l\u00e0 o\u00f9 vous \u00eates. Faites ce que vous pouvez. Continuez \u00e0 bouger.    <\/em> <\/p>\n<\/blockquote>\n<\/div>\n\n\n\n<div style=\"height:100px\" aria-hidden=\"true\" class=\"wp-block-spacer is-style-responsive-small\"><\/div>\n\n\n\n<div class=\"wp-block-group is-layout-constrained wp-block-group-is-layout-constrained\">\n<h2 class=\"wp-block-heading\">Trouver un soutien et des activit\u00e9s au niveau local  <\/h2>\n\n\n\n<p>De nombreuses communaut\u00e9s proposent des programmes sp\u00e9cifiques \u00e0 la maladie de Parkinson, des cours collectifs et un entra\u00eenement personnel avec des instructeurs qui comprennent vos besoins.  <\/p>\n\n\n\n<ul class=\"wp-block-list\">\n<li>Utilisez le <a href=\"https:\/\/www.parkinson.ca\/care-finder\/\" title=\"\">CareFinder<\/a> Parkinson Canada pour trouver les programmes d&rsquo;exercice et de bien-\u00eatre offerts dans votre r\u00e9gion.<\/li>\n\n\n\n<li>Contactez l&rsquo;organisation provinciale de lutte contre la maladie de Parkinson ou demandez \u00e0 votre \u00e9quipe soignante de vous renseigner sur les programmes locaux.  <\/li>\n\n\n\n<li>Renseignez-vous sur les centres communautaires, les YMCA et les studios de fitness qui proposent des offres accessibles.  <\/li>\n<\/ul>\n<\/div>\n\n\n\n<div style=\"height:100px\" aria-hidden=\"true\" class=\"wp-block-spacer is-style-responsive-small\"><\/div>\n\n\n\n<div class=\"wp-block-group is-layout-constrained wp-block-group-is-layout-constrained\">\n<h2 class=\"wp-block-heading\">Ressources connexes<\/h2>\n\n\n\n<div class=\"wp-block-columns is-layout-flex wp-container-core-columns-is-layout-9d6595d7 wp-block-columns-is-layout-flex\">\n<div class=\"wp-block-column is-layout-flow wp-block-column-is-layout-flow\">\n<div class='block-link'>\n\n            <a href='https:\/\/www.parkinson.ca\/fr\/ressources\/publications-educatives\/prevention-des-chutes-chez-les-personnes-atteintes-de-la-maladie-de-parkinson\/' target=''>    \n            <span class='block-link-content'>Pr\u00e9vention des chutes chez les personnes atteintes de la maladie de Parkinson<\/span>\n        <\/a>\n    \n    <img loading=\"lazy\" decoding=\"async\" width=\"2560\" height=\"1708\" src=\"https:\/\/www.parkinson.ca\/wp-content\/uploads\/2025\/06\/toomas-tartes-Yizrl9N_eDA-unsplash-scaled.jpg\" class=\"block-link-bg-image\" alt=\"\" srcset=\"https:\/\/www.parkinson.ca\/wp-content\/uploads\/2025\/06\/toomas-tartes-Yizrl9N_eDA-unsplash-scaled.jpg 2560w, https:\/\/www.parkinson.ca\/wp-content\/uploads\/2025\/06\/toomas-tartes-Yizrl9N_eDA-unsplash-300x200.jpg 300w, https:\/\/www.parkinson.ca\/wp-content\/uploads\/2025\/06\/toomas-tartes-Yizrl9N_eDA-unsplash-1024x683.jpg 1024w, https:\/\/www.parkinson.ca\/wp-content\/uploads\/2025\/06\/toomas-tartes-Yizrl9N_eDA-unsplash-768x512.jpg 768w, https:\/\/www.parkinson.ca\/wp-content\/uploads\/2025\/06\/toomas-tartes-Yizrl9N_eDA-unsplash-426x284.jpg 426w, https:\/\/www.parkinson.ca\/wp-content\/uploads\/2025\/06\/toomas-tartes-Yizrl9N_eDA-unsplash-1619x1080.jpg 1619w\" sizes=\"auto, (max-width: 2560px) 100vw, 2560px\" \/><\/div><\/div>\n\n\n\n<div class=\"wp-block-column is-layout-flow wp-block-column-is-layout-flow\">\n<div class='block-link'>\n\n            <a href='https:\/\/parkinsonquebec.ca\/services\/en-ligne\/activites-physiques\/entrainement-autonome\/?_gl=1*1kog3so*_up*MQ..*_ga*MTI0Nzc5MDk3NC4xNzUwMDkxODI4*_ga_1KY7PMQMCX*czE3NTAwOTY4MTMkbzIkZzAkdDE3NTAwOTY4MTMkajYwJGwwJGgw' target='_blank'>    \n            <span class='block-link-content'>Entra\u00eenement autonome &#8211; Parkinson Qu\u00e9bec<\/span>\n        <\/a>\n    \n    <img decoding=\"async\" src=\"https:\/\/www.parkinson.ca\/wp-content\/uploads\/2025\/06\/joseph-corl-KkdKZdXKvao-unsplash-scaled.jpg\" class=\"block-link-bg-image\" alt=\"\" \/><\/div><\/div>\n\n\n\n<div class=\"wp-block-column is-layout-flow wp-block-column-is-layout-flow\">\n<div class='block-link'>\n\n            <a href='https:\/\/www.parkinson.ca\/home\/living-better\/build-your-team\/' target=''>    \n            <span class='block-link-content'>Constituez votre \u00e9quipe<\/span>\n        <\/a>\n    \n    <img loading=\"lazy\" decoding=\"async\" width=\"2560\" height=\"1706\" src=\"https:\/\/www.parkinson.ca\/wp-content\/uploads\/2025\/06\/pexels-kampus-7551622-scaled.jpg\" class=\"block-link-bg-image\" alt=\"\" srcset=\"https:\/\/www.parkinson.ca\/wp-content\/uploads\/2025\/06\/pexels-kampus-7551622-scaled.jpg 2560w, https:\/\/www.parkinson.ca\/wp-content\/uploads\/2025\/06\/pexels-kampus-7551622-300x200.jpg 300w, https:\/\/www.parkinson.ca\/wp-content\/uploads\/2025\/06\/pexels-kampus-7551622-1024x683.jpg 1024w, https:\/\/www.parkinson.ca\/wp-content\/uploads\/2025\/06\/pexels-kampus-7551622-768x512.jpg 768w, https:\/\/www.parkinson.ca\/wp-content\/uploads\/2025\/06\/pexels-kampus-7551622-426x284.jpg 426w, https:\/\/www.parkinson.ca\/wp-content\/uploads\/2025\/06\/pexels-kampus-7551622-1620x1080.jpg 1620w\" sizes=\"auto, (max-width: 2560px) 100vw, 2560px\" \/><\/div><\/div>\n<\/div>\n<\/div>\n\n\n\n<div style=\"height:100px\" aria-hidden=\"true\" class=\"wp-block-spacer is-style-default\"><\/div>\n\n\n\r\n<div \r\n\tclass=\"noPrint align wp-block-ppb-print-page\"\tid='ppbPrintPage-2' \r\n\tdata-attributes='{&quot;cId&quot;:&quot;a3b0a602-d&quot;,&quot;isPrintSection&quot;:true,&quot;sectionSelector&quot;:&quot;#content&quot;,&quot;isText&quot;:false,&quot;btnColors&quot;:{&quot;color&quot;:&quot;hsl(0, 0%, 100%)&quot;,&quot;bg&quot;:&quot;hsl(0, 0%, 92%)&quot;},&quot;align&quot;:&quot;&quot;,&quot;alignment&quot;:&quot;center&quot;,&quot;buttonVariant&quot;:&quot;default&quot;,&quot;isModal&quot;:false,&quot;isHeaderFooter&quot;:true,&quot;isBackground&quot;:false,&quot;isLayout&quot;:false,&quot;removeSelectors&quot;:&quot;&quot;,&quot;isIcon&quot;:true,&quot;icon&quot;:{&quot;type&quot;:&quot;default&quot;,&quot;default&quot;:&quot;fcPrinter&quot;,&quot;url&quot;:&quot;&quot;},&quot;btnText&quot;:&quot;Print&quot;,&quot;btnTypo&quot;:{&quot;fontSize&quot;:{&quot;desktop&quot;:22,&quot;tablet&quot;:20,&quot;mobile&quot;:18}},&quot;btnHoverColors&quot;:{&quot;color&quot;:&quot;#4527a4&quot;,&quot;bg&quot;:&quot;#4527a433&quot;},&quot;btnPadding&quot;:{&quot;vertical&quot;:&quot;5px&quot;,&quot;horizontal&quot;:&quot;15px&quot;},&quot;btnBorder&quot;:{&quot;radius&quot;:&quot;5px&quot;},&quot;btnShadow&quot;:[],&quot;hoverBtnShadow&quot;:[]}'\r\n>\r\n<\/div>\r\n\n\n\n<div style=\"height:100px\" aria-hidden=\"true\" class=\"wp-block-spacer is-style-responsive-xsmall\"><\/div>\n\n\n\n<details class=\"wp-block-details is-layout-flow wp-block-details-is-layout-flow\" open><summary>R\u00e9f\u00e9rences<\/summary>\n<ol class=\"wp-block-list\">\n<li>Seo, D. Y., Heo, J. W., Ko, J. R. et Kwak, H. B. (2019). Exercice et neuroinflammation dans la sant\u00e9 et la maladie.<em>International neurourology journal<\/em>,<em>23<\/em>(Suppl 2), S82.  <\/li>\n\n\n\n<li>Hu, J., Huang, B. et Chen, K. (2024). L&rsquo;impact de l&rsquo;exercice physique sur le m\u00e9canisme de neuroinflammation dans la maladie d&rsquo;Alzheimer.<em>Frontiers in Aging Neuroscience<\/em>,<em>16<\/em>, 1444716.  <\/li>\n\n\n\n<li>Tomlinson, C. L., Herd, C. P., Clarke, C. E., Meek, C., Patel, S., Stowe, R., &#8230; &amp; Ives, N. (2014). Physioth\u00e9rapie pour la maladie de Parkinson : une comparaison des techniques.<em>Base de donn\u00e9es Cochrane des revues syst\u00e9matiques<\/em>, (6).  <\/li>\n\n\n\n<li>de Laat, B., Hoye, J., Stanley, G., Hespeler, M., Ligi, J., Mohan, V., &#8230; &amp; Tinaz, S. (2024). Intense exercise increases dopamine transporter and neuromelanin concentrations in the substantia nigra in Parkinson&rsquo;s disease.<em>npj Parkinson&rsquo;s Disease<\/em>,<em>10<\/em>(1), 34.  <\/li>\n<\/ol>\n<\/details>\n<\/div>\n\n\n\n<div style=\"height:100px\" aria-hidden=\"true\" class=\"wp-block-spacer is-style-default\"><\/div>\n","protected":false},"excerpt":{"rendered":"<p>L&rsquo;exercice et l&rsquo;activit\u00e9 physique sont b\u00e9n\u00e9fiques pour tout le monde. Pour les personnes atteintes de la maladie de Parkinson, c&rsquo;est l&rsquo;un des outils les plus importants pour bien vivre. La recherche montre qu&rsquo;une activit\u00e9 physique r\u00e9guli\u00e8re peut : Exercice ou activit\u00e9 physique L&rsquo;exercice est un mouvement planifi\u00e9 et structur\u00e9, comme un cours de fitness ou [&hellip;]<\/p>\n","protected":false},"author":96,"featured_media":52739,"parent":46115,"menu_order":2,"comment_status":"closed","ping_status":"closed","template":"","meta":{"_acf_changed":false,"footnotes":""},"class_list":["post-46090","page","type-page","status-publish","has-post-thumbnail","hentry"],"acf":[],"aioseo_notices":[],"_links":{"self":[{"href":"https:\/\/www.parkinson.ca\/fr\/wp-json\/wp\/v2\/pages\/46090","targetHints":{"allow":["GET"]}}],"collection":[{"href":"https:\/\/www.parkinson.ca\/fr\/wp-json\/wp\/v2\/pages"}],"about":[{"href":"https:\/\/www.parkinson.ca\/fr\/wp-json\/wp\/v2\/types\/page"}],"author":[{"embeddable":true,"href":"https:\/\/www.parkinson.ca\/fr\/wp-json\/wp\/v2\/users\/96"}],"replies":[{"embeddable":true,"href":"https:\/\/www.parkinson.ca\/fr\/wp-json\/wp\/v2\/comments?post=46090"}],"version-history":[{"count":11,"href":"https:\/\/www.parkinson.ca\/fr\/wp-json\/wp\/v2\/pages\/46090\/revisions"}],"predecessor-version":[{"id":55645,"href":"https:\/\/www.parkinson.ca\/fr\/wp-json\/wp\/v2\/pages\/46090\/revisions\/55645"}],"up":[{"embeddable":true,"href":"https:\/\/www.parkinson.ca\/fr\/wp-json\/wp\/v2\/pages\/46115"}],"wp:featuredmedia":[{"embeddable":true,"href":"https:\/\/www.parkinson.ca\/fr\/wp-json\/wp\/v2\/media\/52739"}],"wp:attachment":[{"href":"https:\/\/www.parkinson.ca\/fr\/wp-json\/wp\/v2\/media?parent=46090"}],"curies":[{"name":"wp","href":"https:\/\/api.w.org\/{rel}","templated":true}]}}