{"id":46088,"date":"2024-07-05T15:49:58","date_gmt":"2024-07-05T15:49:58","guid":{"rendered":"https:\/\/parkinson.ca\/debut-de-la-maladie\/"},"modified":"2025-03-06T19:03:24","modified_gmt":"2025-03-06T19:03:24","slug":"debut-de-la-maladie","status":"publish","type":"page","link":"https:\/\/www.parkinson.ca\/fr\/quest-ce-que-la-maladie-de-parkinson\/debut-de-la-maladie\/","title":{"rendered":"Parkinson pr\u00e9coce"},"content":{"rendered":"\n<p class=\"has-large-font-size\">Bien que les d\u00e9fis soient in\u00e9vitables, les ressources, la communaut\u00e9 et les progr\u00e8s m\u00e9dicaux offrent de l&rsquo;espoir et du soutien pour bien vivre avec la maladie de Parkinson \u00e0 d\u00e9but pr\u00e9coce.<\/p>\n\n\n\n<div style=\"height:100px\" aria-hidden=\"true\" class=\"wp-block-spacer is-style-responsive-small\"><\/div>\n\n\n\n<div class=\"wp-block-columns has-blue-background-color has-background is-layout-flex wp-container-core-columns-is-layout-9d6595d7 wp-block-columns-is-layout-flex\">\n<div class=\"wp-block-column is-layout-flow wp-block-column-is-layout-flow\">\n<h2 class=\"wp-block-heading\"><strong>Comprendre l&rsquo;apparition pr\u00e9coce de la maladie de Parkinson<\/strong><\/h2>\n\n\n\n<p>La maladie de Parkinson se d\u00e9veloppe g\u00e9n\u00e9ralement vers l&rsquo;\u00e2ge de 60 ans, mais on estime que 5 \u00e0 20 % des personnes diagnostiqu\u00e9es sont atteintes de la maladie de Parkinson \u00e0 d\u00e9but pr\u00e9coce, c&rsquo;est-\u00e0-dire avant l&rsquo;\u00e2ge de 50 ans. Si certains d\u00e9fis sont universels, les jeunes sont confront\u00e9s \u00e0 des probl\u00e8mes sp\u00e9cifiques li\u00e9s \u00e0 la famille, \u00e0 la carri\u00e8re et \u00e0 la gestion \u00e0 long terme.<\/p>\n<\/div>\n\n\n\n<div class=\"wp-block-column is-layout-flow wp-block-column-is-layout-flow\">\n<figure class=\"wp-block-embed is-type-video is-provider-youtube wp-block-embed-youtube wp-embed-aspect-16-9 wp-has-aspect-ratio\"><div class=\"wp-block-embed__wrapper\">\n<iframe loading=\"lazy\" title=\"Young Onset Parkinson\u2019s: A conversation on our unique needs\" width=\"500\" height=\"281\" src=\"https:\/\/www.youtube.com\/embed\/QJXCvwCrKCk?feature=oembed\" frameborder=\"0\" allow=\"accelerometer; autoplay; clipboard-write; encrypted-media; gyroscope; picture-in-picture; web-share\" referrerpolicy=\"strict-origin-when-cross-origin\" allowfullscreen><\/iframe>\n<\/div><figcaption class=\"wp-element-caption\">Video disponible en anglais seulement<br><em>Larry Gifford (du podcast When Life Gives you Parkinson&rsquo;s Podcast) anime une table ronde sur le th\u00e8me \u00ab\u00a0Bien vivre avec la maladie de Parkinson \u00e0 d\u00e9but jeune\u00a0\u00bb en mai 2020.<\/em><\/figcaption><\/figure>\n<\/div>\n<\/div>\n\n\n\n<div style=\"height:100px\" aria-hidden=\"true\" class=\"wp-block-spacer is-style-responsive-small\"><\/div>\n\n\n\n<hr class=\"wp-block-separator has-alpha-channel-opacity\"\/>\n\n\n\n<h3 class=\"wp-block-heading\"><strong>Progression dans les premiers stades de la maladie de Parkinson<\/strong><\/h3>\n\n\n\n<p>La maladie de Parkinson progresse souvent plus lentement chez les personnes plus jeunes. Par exemple, une personne diagnostiqu\u00e9e \u00e0 40 ans peut g\u00e9n\u00e9ralement continuer \u00e0 travailler pendant 15 \u00e0 20 ans, contre environ la moiti\u00e9 pour les personnes diagnostiqu\u00e9es \u00e0 60 ans. Les progr\u00e8s en mati\u00e8re de traitement permettent d&rsquo;esp\u00e9rer une prolongation des ann\u00e9es productives.  <\/p>\n\n\n\n<h4 class=\"wp-block-heading has-sky-blue-color has-text-color has-link-color has-medium-font-size wp-elements-8183c80b48a27697190ae705a1a25116\"><strong>Principales caract\u00e9ristiques de l&rsquo;apparition pr\u00e9coce de la maladie de Parkinson :<\/strong><\/h4>\n\n\n\n<ul class=\"wp-block-list\">\n<li>Moins de risques de d\u00e9mence et de troubles de l&rsquo;\u00e9quilibre.<\/li>\n\n\n\n<li>Il est plus probable qu&rsquo;il s&rsquo;agisse d&rsquo;une dystonie focale (crampes ou posture anormale dans une zone).<\/li>\n\n\n\n<li>Plus grande sensibilit\u00e9 aux m\u00e9dicaments contre la maladie de Parkinson, mais apparition plus pr\u00e9coce des effets secondaires, notamment des dyskin\u00e9sies et des fluctuations motrices (c.-\u00e0-d. \u00ab\u00a0disparition\u00a0\u00bb).<\/li>\n<\/ul>\n\n\n\n<div style=\"height:100px\" aria-hidden=\"true\" class=\"wp-block-spacer is-style-responsive-small\"><\/div>\n\n\n\n<hr class=\"wp-block-separator has-alpha-channel-opacity\"\/>\n\n\n\n<h3 class=\"wp-block-heading\"><strong>Prendre des d\u00e9cisions en mati\u00e8re de m\u00e9dicaments<\/strong><\/h3>\n\n\n\n<p>Le d\u00e9but du traitement implique des d\u00e9cisions personnalis\u00e9es en consultation avec un neurologue ou un sp\u00e9cialiste des troubles du mouvement. Les \u00e9l\u00e9ments cl\u00e9s \u00e0 prendre en compte sont les suivants : <\/p>\n\n\n\n<ul class=\"wp-block-list\">\n<li>Quand commencer \u00e0 prendre des m\u00e9dicaments pour soulager les sympt\u00f4mes.<\/li>\n\n\n\n<li>Trouver un \u00e9quilibre entre la gestion des sympt\u00f4mes et la r\u00e9duction des fluctuations motrices.<\/li>\n\n\n\n<li>Effets secondaires potentiels, tels que confusion ou comportements compulsifs (par exemple, jeux d&rsquo;argent ou achats).<\/li>\n\n\n\n<li>Explorer les possibilit\u00e9s d&rsquo;essais cliniques.<\/li>\n<\/ul>\n\n\n\n<p>Bien qu&rsquo;aucun m\u00e9dicament ne ralentisse actuellement la progression de la maladie de Parkinson, une gamme croissante de traitements permet de maintenir les fonctions et la qualit\u00e9 de vie pendant de nombreuses ann\u00e9es.<\/p>\n\n\n\n<h4 class=\"wp-block-heading has-sky-blue-color has-text-color has-link-color has-medium-font-size wp-elements-42f2e760d85e7b0cc8c0abaef96c2238\"><strong>Questions \u00e0 poser \u00e0 votre sp\u00e9cialiste :<\/strong><\/h4>\n\n\n\n<ul class=\"wp-block-list\">\n<li>Quel est le moment id\u00e9al pour commencer le traitement ?<\/li>\n\n\n\n<li>Quels sont les avantages des diff\u00e9rents traitements ?<\/li>\n\n\n\n<li>Les m\u00e9dicaments sont-ils pris en charge par les r\u00e9gimes de sant\u00e9 provinciaux ?<\/li>\n<\/ul>\n\n\n\n<div style=\"height:100px\" aria-hidden=\"true\" class=\"wp-block-spacer is-style-responsive-small\"><\/div>\n\n\n\n<hr class=\"wp-block-separator has-alpha-channel-opacity\"\/>\n\n\n\n<h3 class=\"wp-block-heading\"><strong>Emploi et apparition pr\u00e9coce de la maladie de Parkinson<\/strong><\/h3>\n\n\n\n<p>De nombreuses personnes atteintes de la maladie de Parkinson \u00e0 un stade pr\u00e9coce restent sur le march\u00e9 du travail et continuent souvent \u00e0 travailler \u00e0 temps plein ou \u00e0 temps partiel pendant des ann\u00e9es. Le diagnostic ne signifie pas automatiquement une retraite anticip\u00e9e, mais il peut n\u00e9cessiter des ajustements pour r\u00e9duire le stress et s&rsquo;adapter aux sympt\u00f4mes.<\/p>\n\n\n\n<h4 class=\"wp-block-heading has-sky-blue-color has-text-color has-link-color has-medium-font-size wp-elements-bcd6421fc6b956f80c9aab06f33bb6a3\"><strong>Conseils pour la gestion du travail :<\/strong><\/h4>\n\n\n\n<ul class=\"wp-block-list\">\n<li>D\u00e9finissez les responsabilit\u00e9s et identifiez les t\u00e2ches affect\u00e9es par les sympt\u00f4mes.<\/li>\n\n\n\n<li>Adaptez les flux de travail en fonction des p\u00e9riodes de pointe.<\/li>\n\n\n\n<li>Communiquer avec les employeurs au sujet des am\u00e9nagements, qui peuvent \u00eatre l\u00e9galement requis dans certaines r\u00e9gions.<\/li>\n<\/ul>\n\n\n\n<p>La d\u00e9cision de divulguer votre diagnostic \u00e0 un employeur est personnelle. Prenez en compte des facteurs tels que la nature de votre travail, vos sympt\u00f4mes et les droits l\u00e9gaux en vigueur dans votre r\u00e9gion. <\/p>\n\n\n\n<div style=\"height:100px\" aria-hidden=\"true\" class=\"wp-block-spacer is-style-responsive-small\"><\/div>\n\n\n\n<hr class=\"wp-block-separator has-alpha-channel-opacity\"\/>\n\n\n\n<h3 class=\"wp-block-heading\"><strong>Dynamique familiale et soutien<\/strong><\/h3>\n\n\n\n<p>L&rsquo;apparition pr\u00e9coce de la maladie de Parkinson a des r\u00e9percussions sur l&rsquo;ensemble de la famille. La communication ouverte, la flexibilit\u00e9 et la r\u00e9solution commune des probl\u00e8mes sont essentielles.<\/p>\n\n\n\n<h4 class=\"wp-block-heading has-sky-blue-color has-text-color has-link-color has-medium-font-size wp-elements-6db2a5df69027a2bd57e37248e22ec18\"><strong>Conjoints et partenaires :<\/strong><\/h4>\n\n\n\n<ul class=\"wp-block-list\">\n<li>Maintenez un dialogue permanent sur les d\u00e9fis quotidiens.<\/li>\n\n\n\n<li>\u00c9quilibrer les r\u00f4les de soutien pour pr\u00e9venir l&rsquo;\u00e9puisement des soignants.<\/li>\n\n\n\n<li>Prot\u00e9gez votre temps personnel pour prendre soin de vous.<\/li>\n<\/ul>\n\n\n\n<h4 class=\"wp-block-heading has-sky-blue-color has-text-color has-link-color has-medium-font-size wp-elements-06bb0c7c62ade41479ad03345498295e\"><strong>Enfants et adolescents :<\/strong><\/h4>\n\n\n\n<ul class=\"wp-block-list\">\n<li>Partagez l&rsquo;information honn\u00eatement et en fonction de l&rsquo;\u00e2ge.<\/li>\n\n\n\n<li>Rassurez les jeunes enfants en leur disant que la maladie de Parkinson n&rsquo;est ni mortelle ni contagieuse.<\/li>\n\n\n\n<li>Encadrer les adolescents tout en maintenir le r\u00f4le et les limites des parents.<\/li>\n<\/ul>\n\n\n\n<h4 class=\"wp-block-heading has-sky-blue-color has-text-color has-link-color has-medium-font-size wp-elements-cdfeed57c67a73df9a2f0023d67e88a7\"><strong>Parents plus \u00e2g\u00e9s :<\/strong><\/h4>\n\n\n\n<p>L&rsquo;apparition pr\u00e9coce de la maladie de Parkinson peut \u00eatre particuli\u00e8rement p\u00e9nible pour les parents \u00e2g\u00e9s. Des conversations ouvertes sur les r\u00f4les de soins et le soutien \u00e9motionnel peuvent aider \u00e0 r\u00e9pondre \u00e0 leurs pr\u00e9occupations.<\/p>\n\n\n\n<div style=\"height:100px\" aria-hidden=\"true\" class=\"wp-block-spacer\"><\/div>\n\n\n\n<p><\/p>\n","protected":false},"excerpt":{"rendered":"<p>Bien que les d\u00e9fis soient in\u00e9vitables, les ressources, la communaut\u00e9 et les progr\u00e8s m\u00e9dicaux offrent de l&rsquo;espoir et du soutien pour bien vivre avec la maladie de Parkinson \u00e0 d\u00e9but pr\u00e9coce. Comprendre l&rsquo;apparition pr\u00e9coce de la maladie de Parkinson La maladie de Parkinson se d\u00e9veloppe g\u00e9n\u00e9ralement vers l&rsquo;\u00e2ge de 60 ans, mais on estime que [&hellip;]<\/p>\n","protected":false},"author":107,"featured_media":0,"parent":46111,"menu_order":5,"comment_status":"closed","ping_status":"closed","template":"","meta":{"_acf_changed":false,"footnotes":""},"class_list":["post-46088","page","type-page","status-publish","hentry"],"acf":[],"aioseo_notices":[],"_links":{"self":[{"href":"https:\/\/www.parkinson.ca\/fr\/wp-json\/wp\/v2\/pages\/46088","targetHints":{"allow":["GET"]}}],"collection":[{"href":"https:\/\/www.parkinson.ca\/fr\/wp-json\/wp\/v2\/pages"}],"about":[{"href":"https:\/\/www.parkinson.ca\/fr\/wp-json\/wp\/v2\/types\/page"}],"author":[{"embeddable":true,"href":"https:\/\/www.parkinson.ca\/fr\/wp-json\/wp\/v2\/users\/107"}],"replies":[{"embeddable":true,"href":"https:\/\/www.parkinson.ca\/fr\/wp-json\/wp\/v2\/comments?post=46088"}],"version-history":[{"count":8,"href":"https:\/\/www.parkinson.ca\/fr\/wp-json\/wp\/v2\/pages\/46088\/revisions"}],"predecessor-version":[{"id":50309,"href":"https:\/\/www.parkinson.ca\/fr\/wp-json\/wp\/v2\/pages\/46088\/revisions\/50309"}],"up":[{"embeddable":true,"href":"https:\/\/www.parkinson.ca\/fr\/wp-json\/wp\/v2\/pages\/46111"}],"wp:attachment":[{"href":"https:\/\/www.parkinson.ca\/fr\/wp-json\/wp\/v2\/media?parent=46088"}],"curies":[{"name":"wp","href":"https:\/\/api.w.org\/{rel}","templated":true}]}}